{"id":35037,"date":"2022-09-01T13:46:17","date_gmt":"2022-09-01T10:46:17","guid":{"rendered":"https:\/\/www.enka.k12.tr\/istanbul\/akademik-faaliyetler\/academic-programs\/"},"modified":"2025-02-24T15:55:13","modified_gmt":"2025-02-24T12:55:13","slug":"akademik-programlar","status":"publish","type":"page","link":"https:\/\/www.enka.k12.tr\/istanbul\/tr\/akademik-faaliyetler\/akademik-programlar\/","title":{"rendered":"AKADEM\u0130K PROGRAMI"},"content":{"rendered":"<div class=\"wpb-content-wrapper\"><p>[vc_row_inner][vc_column_inner width=&#8221;1\/6&#8243;][\/vc_column_inner][vc_column_inner width=&#8221;2\/3&#8243;]<div id=\"ultimate-heading-343369e44cad52b6a\" class=\"uvc-heading ult-adjust-bottom-margin ultimate-heading-343369e44cad52b6a uvc-1010 \" data-hspacer=\"line_with_icon\" data-hline_width=\"auto\" data-hicon_type=\"custom\" data-hborder_style=\"solid\" data-hborder_height=\"3\" data-hborder_color=\"#69b3e7\" data-icon_width=\"200\" data-hfixer=\"30\"  data-halign=\"center\" style=\"text-align:center\"><div class=\"uvc-heading-spacer line_with_icon\" style=\"top\"><div class=\"ult-just-icon-wrapper  \"><div class=\"align-icon\" style=\"text-align:center;\">\n<div class=\"aio-icon-img \" style=\"font-size:200px;display:inline-block;\" >\n\t<img decoding=\"async\" class=\"img-icon\" alt=\"null\" src=\"https:\/\/www.enka.k12.tr\/istanbul\/wp-content\/uploads\/2021\/01\/enka_schools_log_new.jpg\"\/>\n<\/div><\/div><\/div><\/div><div class=\"uvc-sub-heading ult-responsive\"  data-ultimate-target='.uvc-heading.ultimate-heading-343369e44cad52b6a .uvc-sub-heading '  data-responsive-json-new='{\"font-size\":\"\",\"line-height\":\"\"}'  style=\"font-weight:normal;\"><br \/>\n<\/div><\/div>[\/vc_column_inner][vc_column_inner width=&#8221;1\/6&#8243;][\/vc_column_inner][\/vc_row_inner][vc_row bg_type=&#8221;bg_color&#8221; bg_color_value=&#8221;#ffffff&#8221;][vc_column]<div class=\"ult-spacer spacer-69e44cad52bd2\" data-id=\"69e44cad52bd2\" data-height=\"30\" data-height-mobile=\"10\" data-height-tab=\"20\" data-height-tab-portrait=\"\" data-height-mobile-landscape=\"\" style=\"clear:both;display:block;\"><\/div><div id=\"ultimate-heading-293569e44cad52c23\" class=\"uvc-heading ult-adjust-bottom-margin ultimate-heading-293569e44cad52c23 uvc-3214 \" data-hspacer=\"line_only\"  data-halign=\"center\" style=\"text-align:center\"><div class=\"uvc-sub-heading ult-responsive\"  data-ultimate-target='.uvc-heading.ultimate-heading-293569e44cad52c23 .uvc-sub-heading '  data-responsive-json-new='{\"font-size\":\"desktop:26px;tablet:24px;tablet_portrait:22px;mobile_landscape:20px;mobile:18px;\",\"line-height\":\"desktop:50px;tablet:48px;tablet_portrait:46px;mobile_landscape:44px;mobile:42px;\"}'  style=\"font-weight:bold;color:#000000;\">AKADEM\u0130K PROGRAM<\/div><div class=\"uvc-heading-spacer line_only\" style=\"margin-top:10px;height:3px;\"><span class=\"uvc-headings-line\" style=\"border-style:solid;border-bottom-width:3px;border-color:#69b3e7;width:1024px;\"><\/span><\/div><\/div><div class=\"ult-spacer spacer-69e44cad52c67\" data-id=\"69e44cad52c67\" data-height=\"30\" data-height-mobile=\"10\" data-height-tab=\"20\" data-height-tab-portrait=\"\" data-height-mobile-landscape=\"\" style=\"clear:both;display:block;\"><\/div>[\/vc_column][\/vc_row][vc_row][vc_column width=&#8221;1\/2&#8243;]<div id=\"ultimate-heading-112369e44cad52c9a\" class=\"uvc-heading ult-adjust-bottom-margin ultimate-heading-112369e44cad52c9a uvc-1194 \" data-hspacer=\"no_spacer\"  data-halign=\"center\" style=\"text-align:center\"><div class=\"uvc-heading-spacer no_spacer\" style=\"top\"><\/div><div class=\"uvc-main-heading ult-responsive\"  data-ultimate-target='.uvc-heading.ultimate-heading-112369e44cad52c9a h2'  data-responsive-json-new='{\"font-size\":\"\",\"line-height\":\"\"}' ><h2 style=\"font-weight:normal;\">Advanced Placement<\/h2><\/div><div class=\"uvc-sub-heading ult-responsive\"  data-ultimate-target='.uvc-heading.ultimate-heading-112369e44cad52c9a .uvc-sub-heading '  data-responsive-json-new='{\"font-size\":\"\",\"line-height\":\"\"}'  style=\"font-weight:normal;\"><\/p>\n<p style=\"text-align: left;\"><strong>11-12. S\u0131n\u0131f<\/strong><\/p>\n<p><\/div><\/div><div class=\"ult-spacer spacer-69e44cad52cf9\" data-id=\"69e44cad52cf9\" data-height=\"10\" data-height-mobile=\"15\" data-height-tab=\"30\" data-height-tab-portrait=\"30\" data-height-mobile-landscape=\"30\" style=\"clear:both;display:block;\"><\/div>[vc_single_image image=&#8221;34924&#8243; img_size=&#8221;203&#215;262&#8243;]<div class=\"ult-spacer spacer-69e44cad52d2b\" data-id=\"69e44cad52d2b\" data-height=\"10\" data-height-mobile=\"30\" data-height-tab=\"50\" data-height-tab-portrait=\"50\" data-height-mobile-landscape=\"50\" style=\"clear:both;display:block;\"><\/div>[\/vc_column][vc_column width=&#8221;1\/2&#8243;]<div class=\"ult-spacer spacer-69e44cad52d59\" data-id=\"69e44cad52d59\" data-height=\"30\" data-height-mobile=\"10\" data-height-tab=\"20\" data-height-tab-portrait=\"\" data-height-mobile-landscape=\"\" style=\"clear:both;display:block;\"><\/div>[vc_column_text]ENKA \u0130stanbul Lisesi, MEB m\u00fcfredat\u0131na ek olarak \u00f6\u011frencilerine AP (Advanced Placement) program\u0131 sunmaktad\u0131r. 11. ve 12. s\u0131n\u0131f \u00f6\u011frencileri, hedeflerine ula\u015fmalar\u0131 ve se\u00e7tikleri programda ba\u015far\u0131l\u0131 olmalar\u0131 y\u00f6n\u00fcnde te\u015fvik edilir. Asgari kriterleri kar\u015f\u0131layan \u00f6\u011frenciler, a\u00e7\u0131k kay\u0131t politikam\u0131z kapsam\u0131nda AP derslerine kat\u0131labilir.<\/p>\n<p><span style=\"font-weight: 400;\">ENKA&#8217;daki Advanced Placement (AP) Program\u0131, \u00f6\u011frencilere hen\u00fcz lisedeyken \u00fcniversite d\u00fczeyinde derslere ve s\u0131navlara girme f\u0131rsat\u0131 veren mod\u00fcler bir programd\u0131r. AP kurslar\u0131n\u0131n ba\u015far\u0131yla tamamlanmas\u0131, \u00f6\u011frencilere bir\u00e7ok \u00fcniversitede kredi ve\/veya ileri d\u00fczey yerle\u015ftirme f\u0131rsat\u0131 sunar. <\/span>[\/vc_column_text]<div class=\"ult-spacer spacer-69e44cad52d85\" data-id=\"69e44cad52d85\" data-height=\"30\" data-height-mobile=\"10\" data-height-tab=\"20\" data-height-tab-portrait=\"\" data-height-mobile-landscape=\"\" style=\"clear:both;display:block;\"><\/div>[\/vc_column][\/vc_row][vc_row][vc_column width=&#8221;1\/2&#8243;]<div id=\"ultimate-heading-539169e44cad52db5\" class=\"uvc-heading ult-adjust-bottom-margin ultimate-heading-539169e44cad52db5 uvc-1474 \" data-hspacer=\"no_spacer\"  data-halign=\"center\" style=\"text-align:center\"><div class=\"uvc-heading-spacer no_spacer\" style=\"top\"><\/div><div class=\"uvc-main-heading ult-responsive\"  data-ultimate-target='.uvc-heading.ultimate-heading-539169e44cad52db5 h2'  data-responsive-json-new='{\"font-size\":\"\",\"line-height\":\"\"}' ><h2 style=\"font-weight:normal;\">Advanced Placement Program\u0131<\/h2><\/div><div class=\"uvc-sub-heading ult-responsive\"  data-ultimate-target='.uvc-heading.ultimate-heading-539169e44cad52db5 .uvc-sub-heading '  data-responsive-json-new='{\"font-size\":\"\",\"line-height\":\"\"}'  style=\"font-weight:normal;\"><\/p>\n<p style=\"text-align: left;\"><strong>A\u00e7\u0131klamas\u0131<\/strong><\/p>\n<p><\/div><\/div><div class=\"ult-spacer spacer-69e44cad52e05\" data-id=\"69e44cad52e05\" data-height=\"10\" data-height-mobile=\"15\" data-height-tab=\"30\" data-height-tab-portrait=\"30\" data-height-mobile-landscape=\"30\" style=\"clear:both;display:block;\"><\/div>[vc_single_image image=&#8221;34922&#8243; img_size=&#8221;203&#215;262&#8243;]<div class=\"ult-spacer spacer-69e44cad52e42\" data-id=\"69e44cad52e42\" data-height=\"10\" data-height-mobile=\"30\" data-height-tab=\"50\" data-height-tab-portrait=\"50\" data-height-mobile-landscape=\"50\" style=\"clear:both;display:block;\"><\/div>[\/vc_column][vc_column width=&#8221;1\/2&#8243;]<div class=\"ult-spacer spacer-69e44cad52e70\" data-id=\"69e44cad52e70\" data-height=\"30\" data-height-mobile=\"10\" data-height-tab=\"20\" data-height-tab-portrait=\"\" data-height-mobile-landscape=\"\" style=\"clear:both;display:block;\"><\/div>[vc_column_text]<span style=\"font-weight: 400;\">Advanced Placement (AP), Amerika Birle\u015fik Devletleri ve Kanada&#8217;da College Board taraf\u0131ndan kurulan ve lise \u00f6\u011frencilerine \u00fcniversite d\u00fczeyinde m\u00fcfredat ve s\u0131navlar sunan bir programd\u0131r.<\/span><\/p>\n<p><b>AP, d\u00fcnya \u00e7ap\u0131nda 60&#8217;tan fazla \u00fclkedeki \u00fcniversiteler taraf\u0131ndan bir akademik m\u00fckemmellik standard\u0131 olarak tan\u0131nmaktad\u0131r.<\/b><\/p>\n<p><span style=\"font-weight: 400;\">Kar amac\u0131 g\u00fctmeyen bir kurulu\u015f olan College Board, AP program\u0131n\u0131 1955&#8217;ten beri y\u00fcr\u00fctmektedir. Okulumuzda 11 ve 12. s\u0131n\u0131flar i\u00e7in sunulan Advanced Placement sayesinde \u00f6\u011frenciler, tamamlad\u0131klar\u0131 AP derslerini, \u00f6zellikle ABD&#8217;deki bir\u00e7ok \u00fcniversitede kredi olarak kullanabilirler. Ba\u015far\u0131l\u0131 AP s\u0131nav puanlar\u0131na sahip \u00f6\u011frenciler, vak\u0131flar\u0131n ve vak\u0131f \u00fcniversitelerinin burs olanaklar\u0131ndan yararlanabilir; hatta baz\u0131 \u00fcniversite derslerinden muafiyet kazanabilirler. T\u00fcrkiye&#8217;de giderek daha fazla \u00fcniversite bu dersleri m\u00fcfredat\u0131na eklemekte ve \u00f6\u011frencilere kredi vermenin yan\u0131 s\u0131ra burs vermektedir.<\/span><\/p>\n<p><span style=\"font-weight: 400;\">2019 y\u0131l\u0131nda 60&#8217;tan fazla \u00fclkede yakla\u015f\u0131k 5 milyon AP testi yap\u0131ld\u0131.<\/span><\/p>\n<p><span style=\"font-weight: 400;\">Advanced Placement (AP), lise diplomas\u0131 ile sonu\u00e7lanan bir program de\u011fildir. Ancak program, \u00f6\u011frencilerin belirledikleri konularda daha zorlay\u0131c\u0131 dersler almalar\u0131n\u0131 sa\u011flar.\u00a0 Ayr\u0131ca AP dersleri MEB diploma program\u0131nda da yer almaktad\u0131r.<\/span><\/p>\n<p><span style=\"font-weight: 400;\">AP dersleri, \u00f6\u011frencilerin belirli bir konuda ba\u015far\u0131l\u0131 olabilmeleri i\u00e7in \u00fcniversite d\u00fczeyinde e\u011fitim alacaklar\u0131 \u015fekilde tasarlanm\u0131\u015ft\u0131r. Bu, \u00f6\u011frencilerin \u00fcniversitede okumak istedikleri b\u00f6l\u00fcm\u00fc bildiklerinde \u00f6zellikle yararlanacaklar\u0131 bir f\u0131rsatt\u0131r. \u00d6nemli miktarda okuma ve bireyin ba\u011f\u0131ms\u0131z \u00f6\u011frenmesine odaklanan AP dersleri \u00fcniversite derslerine benzerdir.\u00a0<\/span><\/p>\n<p><span style=\"font-weight: 400;\">AP dersleri; akademik olarak ba\u015far\u0131l\u0131 olanlar veya se\u00e7tikleri dersin konusunu \u00fcniversitede okumay\u0131 planlayanlar, \u00fcniversitede hangi b\u00f6l\u00fcm\u00fc okuyacaklar\u0131n\u0131 bilenler ve o \u00fcniversitenin lisans program\u0131na girebilmek i\u00e7in \u00f6nemli AP dersleri ile transkriptlerini olu\u015fturmak isteyenler; s\u0131navlarda s\u0131n\u0131f \u00e7al\u0131\u015fmas\u0131ndan daha g\u00fc\u00e7l\u00fc performans g\u00f6steren \u00f6\u011frenciler i\u00e7in \u00e7ok uygundur.<\/span>[\/vc_column_text]<div class=\"ult-spacer spacer-69e44cad52e98\" data-id=\"69e44cad52e98\" data-height=\"30\" data-height-mobile=\"10\" data-height-tab=\"20\" data-height-tab-portrait=\"\" data-height-mobile-landscape=\"\" style=\"clear:both;display:block;\"><\/div>[\/vc_column][\/vc_row][vc_row][vc_column width=&#8221;1\/2&#8243;]<div id=\"ultimate-heading-732169e44cad52ec7\" class=\"uvc-heading ult-adjust-bottom-margin ultimate-heading-732169e44cad52ec7 uvc-3440 \" data-hspacer=\"no_spacer\"  data-halign=\"center\" style=\"text-align:center\"><div class=\"uvc-heading-spacer no_spacer\" style=\"top\"><\/div><div class=\"uvc-main-heading ult-responsive\"  data-ultimate-target='.uvc-heading.ultimate-heading-732169e44cad52ec7 h2'  data-responsive-json-new='{\"font-size\":\"\",\"line-height\":\"\"}' ><h2 style=\"font-weight:normal;\">Advanced Placement Program\u0131<\/h2><\/div><div class=\"uvc-sub-heading ult-responsive\"  data-ultimate-target='.uvc-heading.ultimate-heading-732169e44cad52ec7 .uvc-sub-heading '  data-responsive-json-new='{\"font-size\":\"\",\"line-height\":\"\"}'  style=\"font-weight:normal;\"><\/p>\n<p style=\"text-align: left;\"><strong>S\u0131navlar\u0131 ve<br \/>\nDe\u011ferlendirmeleri<\/strong><\/p>\n<p><\/div><\/div>[\/vc_column][vc_column width=&#8221;1\/2&#8243;]<div class=\"ult-spacer spacer-69e44cad52f14\" data-id=\"69e44cad52f14\" data-height=\"30\" data-height-mobile=\"10\" data-height-tab=\"20\" data-height-tab-portrait=\"\" data-height-mobile-landscape=\"\" style=\"clear:both;display:block;\"><\/div>[vc_column_text]AP program\u0131, m\u00fcfredat\u0131n i\u00e7eri\u011fi hakk\u0131nda uzmanla\u015fmaya odaklan\u0131r. AP dersleri, daha az disiplinleraras\u0131 olup, \u00e7o\u011funlukla geleneksel bir yap\u0131ya sahiptir ve belirli bir \u00e7al\u0131\u015fma alan\u0131n\u0131n i\u00e7eri\u011fini derinlemesine ara\u015ft\u0131r\u0131r. De\u011ferlendirme s\u00fcreci gelenekseldir ve final s\u0131navlar\u0131 zorlay\u0131c\u0131d\u0131r.<\/p>\n<p><span style=\"font-weight: 400;\">-Her bir AP Dersi bir AP S\u0131nav\u0131 ile sona ermektedir. Bu de\u011ferlendirmeler, dersi tasarlayan ayn\u0131 uzman komite taraf\u0131ndan haz\u0131rlanm\u0131\u015ft\u0131r.<br \/>\n<\/span><span style=\"font-weight: 400;\">-S\u0131navlar, \u00fcniversite profes\u00f6rleri ve deneyimli AP \u00f6\u011fretmenleri taraf\u0131ndan 1 ile 5 aras\u0131nda bir \u00f6l\u00e7ekte puanland\u0131r\u0131l\u0131r.<br \/>\n<\/span><span style=\"font-weight: 400;\">-Bir\u00e7ok ABD \u00fcniversitesi 3 veya daha y\u00fcksek olan AP S\u0131nav\u0131 puanlar\u0131 i\u00e7in kredi sunmaktad\u0131r.<br \/>\n<\/span><span style=\"font-weight: 400;\">-AP s\u0131navlar\u0131, yetkili okullarda ve test merkezlerinde uygulan\u0131r.<br \/>\n<\/span><span style=\"font-weight: 400;\">-AP dersleri sunan \u00e7o\u011fu lise, kendi \u00f6\u011frencilerinin yan\u0131 s\u0131ra di\u011fer okullar\u0131n \u00f6\u011frencileri i\u00e7in de AP s\u0131navlar\u0131 yapar.<\/span>[\/vc_column_text]<div class=\"ult-spacer spacer-69e44cad52f3d\" data-id=\"69e44cad52f3d\" data-height=\"30\" data-height-mobile=\"10\" data-height-tab=\"20\" data-height-tab-portrait=\"\" data-height-mobile-landscape=\"\" style=\"clear:both;display:block;\"><\/div>[\/vc_column][\/vc_row][vc_row][vc_column width=&#8221;1\/2&#8243;]<div id=\"ultimate-heading-472669e44cad52f76\" class=\"uvc-heading ult-adjust-bottom-margin ultimate-heading-472669e44cad52f76 uvc-5183 \" data-hspacer=\"no_spacer\"  data-halign=\"center\" style=\"text-align:center\"><div class=\"uvc-heading-spacer no_spacer\" style=\"top\"><\/div><div class=\"uvc-main-heading ult-responsive\"  data-ultimate-target='.uvc-heading.ultimate-heading-472669e44cad52f76 h2'  data-responsive-json-new='{\"font-size\":\"\",\"line-height\":\"\"}' ><h2 style=\"font-weight:normal;\">Advanced Placement Program\u0131<\/h2><\/div><div class=\"uvc-sub-heading ult-responsive\"  data-ultimate-target='.uvc-heading.ultimate-heading-472669e44cad52f76 .uvc-sub-heading '  data-responsive-json-new='{\"font-size\":\"\",\"line-height\":\"\"}'  style=\"font-weight:normal;\"><\/p>\n<p style=\"text-align: left;\"><strong>\u00d6\u011frencilere Sa\u011flar<\/strong><\/p>\n<p><\/div><\/div>[\/vc_column][vc_column width=&#8221;1\/2&#8243;]<div class=\"ult-spacer spacer-69e44cad52fbe\" data-id=\"69e44cad52fbe\" data-height=\"30\" data-height-mobile=\"10\" data-height-tab=\"20\" data-height-tab-portrait=\"\" data-height-mobile-landscape=\"\" style=\"clear:both;display:block;\"><\/div>[vc_column_text]<span style=\"font-weight: 400;\">AP Program\u0131 \u00f6\u011frencilerin;\u00a0<\/span><\/p>\n<p><span style=\"font-weight: 400;\">-\u0130lgi alanlar\u0131na g\u00f6re potansiyel b\u00f6l\u00fcmlerini ke\u015ffetmelerini,<br \/>\n<\/span><span style=\"font-weight: 400;\">-\u00dcniversite becerilerini ve \u00f6zg\u00fcvenlerini geli\u015ftirmelerini,<br \/>\n<\/span><span style=\"font-weight: 400;\">-\u00dcniversite kabul s\u00fcrecinde \u00f6ne \u00e7\u0131kmalar\u0131n\u0131,<br \/>\n<\/span><span style=\"font-weight: 400;\">-\u00dcniversitede ge\u00e7erli olacak ders kredilerini kazanmalar\u0131n\u0131,<br \/>\n<\/span><span style=\"font-weight: 400;\">-\u00dcniversitedeki giri\u015f derslerinden muaf olmalar\u0131n\u0131,<br \/>\n<\/span><span style=\"font-weight: 400;\">-Sevdikleri dersleri, tatmin edici kariyer yollar\u0131na d\u00f6n\u00fc\u015ft\u00fcrmelerini <\/span><span style=\"font-weight: 400;\">sa\u011flar.<\/span>[\/vc_column_text]<div class=\"ult-spacer spacer-69e44cad52fe5\" data-id=\"69e44cad52fe5\" data-height=\"30\" data-height-mobile=\"10\" data-height-tab=\"20\" data-height-tab-portrait=\"\" data-height-mobile-landscape=\"\" style=\"clear:both;display:block;\"><\/div>[\/vc_column][\/vc_row][vc_row][vc_column width=&#8221;1\/2&#8243;]<div id=\"ultimate-heading-105969e44cad53012\" class=\"uvc-heading ult-adjust-bottom-margin ultimate-heading-105969e44cad53012 uvc-1806 \" data-hspacer=\"no_spacer\"  data-halign=\"center\" style=\"text-align:center\"><div class=\"uvc-heading-spacer no_spacer\" style=\"top\"><\/div><div class=\"uvc-main-heading ult-responsive\"  data-ultimate-target='.uvc-heading.ultimate-heading-105969e44cad53012 h2'  data-responsive-json-new='{\"font-size\":\"\",\"line-height\":\"\"}' ><h2 style=\"font-weight:normal;\">ENKA'da<\/h2><\/div><div class=\"uvc-sub-heading ult-responsive\"  data-ultimate-target='.uvc-heading.ultimate-heading-105969e44cad53012 .uvc-sub-heading '  data-responsive-json-new='{\"font-size\":\"\",\"line-height\":\"\"}'  style=\"font-weight:normal;\"><\/p>\n<p style=\"text-align: left;\"><strong>A\u00e7\u0131lan AP Dersleri<\/strong><\/p>\n<p><\/div><\/div>[\/vc_column][vc_column width=&#8221;1\/2&#8243;]<div class=\"ult-spacer spacer-69e44cad53057\" data-id=\"69e44cad53057\" data-height=\"30\" data-height-mobile=\"10\" data-height-tab=\"20\" data-height-tab-portrait=\"\" data-height-mobile-landscape=\"\" style=\"clear:both;display:block;\"><\/div>[vc_column_text]<span style=\"font-weight: 400;\">Okulumuzda, kay\u0131t durumuna ba\u011fl\u0131 olarak 12 adede kadar AP kursu sunulmaktad\u0131r.<\/span><\/p>\n<p><span style=\"font-weight: 400;\">Sunulan mevcut AP kurslar\u0131 \u015funlar\u0131 i\u00e7erir:<\/span><\/p>\n<p><span style=\"font-weight: 400;\">AP Calculus AB<br \/>\n<\/span><span style=\"font-weight: 400;\"> AP Calculus BC<br \/>\n<\/span><span style=\"font-weight: 400;\"> AP Fizik 1<br \/>\n<\/span><span style=\"font-weight: 400;\"> AP Fizik C Mekanik<br \/>\n<\/span><span style=\"font-weight: 400;\"> AP Biyoloji<br \/>\n<\/span><span style=\"font-weight: 400;\"> AP Kimya<br \/>\n<\/span><span style=\"font-weight: 400;\"> AP Mikroekonomi<br \/>\n<\/span><span style=\"font-weight: 400;\"> AP Makroekonomi<br \/>\n<\/span><span style=\"font-weight: 400;\"> AP Psikolojisi<br \/>\n<\/span><span style=\"font-weight: 400;\"> AP 2-D Art<\/span>[\/vc_column_text]<div class=\"ult-spacer spacer-69e44cad5307d\" data-id=\"69e44cad5307d\" data-height=\"30\" data-height-mobile=\"10\" data-height-tab=\"20\" data-height-tab-portrait=\"\" data-height-mobile-landscape=\"\" style=\"clear:both;display:block;\"><\/div>[\/vc_column][\/vc_row]<\/p>\n<\/div>","protected":false},"excerpt":{"rendered":"<p>[vc_row_inner][vc_column_inner width=&#8221;1\/6&#8243;][\/vc_column_inner][vc_column_inner width=&#8221;2\/3&#8243;][\/vc_column_inner][vc_column_inner width=&#8221;1\/6&#8243;][\/vc_column_inner][\/vc_row_inner][vc_row bg_type=&#8221;bg_color&#8221; bg_color_value=&#8221;#ffffff&#8221;][vc_column][\/vc_column][\/vc_row][vc_row][vc_column width=&#8221;1\/2&#8243;][vc_single_image image=&#8221;34924&#8243; img_size=&#8221;203&#215;262&#8243;][\/vc_column][vc_column width=&#8221;1\/2&#8243;][vc_column_text]ENKA \u0130stanbul Lisesi, MEB m\u00fcfredat\u0131na ek olarak \u00f6\u011frencilerine AP (Advanced Placement) program\u0131 sunmaktad\u0131r. 11. ve 12. s\u0131n\u0131f \u00f6\u011frencileri, hedeflerine ula\u015fmalar\u0131 ve se\u00e7tikleri programda ba\u015far\u0131l\u0131 olmalar\u0131 y\u00f6n\u00fcnde te\u015fvik edilir. Asgari kriterleri kar\u015f\u0131layan \u00f6\u011frenciler, a\u00e7\u0131k kay\u0131t politikam\u0131z kapsam\u0131nda AP derslerine kat\u0131labilir. ENKA&#8217;daki Advanced Placement (AP) Program\u0131, \u00f6\u011frencilere hen\u00fcz lisedeyken \u00fcniversite d\u00fczeyinde derslere ve s\u0131navlara girme f\u0131rsat\u0131 veren mod\u00fcler&#8230;<\/p>\n","protected":false},"author":1,"featured_media":7316,"parent":5534,"menu_order":0,"comment_status":"closed","ping_status":"closed","template":"","meta":{"_acf_changed":false,"inline_featured_image":false,"footnotes":""},"class_list":["post-35037","page","type-page","status-publish","has-post-thumbnail","hentry","custom-post-type-entry"],"aioseo_notices":[],"acf":[],"_links":{"self":[{"href":"https:\/\/www.enka.k12.tr\/istanbul\/tr\/wp-json\/wp\/v2\/pages\/35037","targetHints":{"allow":["GET"]}}],"collection":[{"href":"https:\/\/www.enka.k12.tr\/istanbul\/tr\/wp-json\/wp\/v2\/pages"}],"about":[{"href":"https:\/\/www.enka.k12.tr\/istanbul\/tr\/wp-json\/wp\/v2\/types\/page"}],"author":[{"embeddable":true,"href":"https:\/\/www.enka.k12.tr\/istanbul\/tr\/wp-json\/wp\/v2\/users\/1"}],"replies":[{"embeddable":true,"href":"https:\/\/www.enka.k12.tr\/istanbul\/tr\/wp-json\/wp\/v2\/comments?post=35037"}],"version-history":[{"count":0,"href":"https:\/\/www.enka.k12.tr\/istanbul\/tr\/wp-json\/wp\/v2\/pages\/35037\/revisions"}],"up":[{"embeddable":true,"href":"https:\/\/www.enka.k12.tr\/istanbul\/tr\/wp-json\/wp\/v2\/pages\/5534"}],"wp:featuredmedia":[{"embeddable":true,"href":"https:\/\/www.enka.k12.tr\/istanbul\/tr\/wp-json\/wp\/v2\/media\/7316"}],"wp:attachment":[{"href":"https:\/\/www.enka.k12.tr\/istanbul\/tr\/wp-json\/wp\/v2\/media?parent=35037"}],"curies":[{"name":"wp","href":"https:\/\/api.w.org\/{rel}","templated":true}]}}