{"id":39318,"date":"2026-05-05T16:01:39","date_gmt":"2026-05-05T13:01:39","guid":{"rendered":"https:\/\/www.enka.k12.tr\/istanbul\/okullarimiz\/ftl\/"},"modified":"2026-05-06T15:39:09","modified_gmt":"2026-05-06T12:39:09","slug":"ftl","status":"publish","type":"page","link":"https:\/\/www.enka.k12.tr\/istanbul\/tr\/okullarimiz\/ftl\/","title":{"rendered":"FTL"},"content":{"rendered":"<div class=\"wpb-content-wrapper\"><p>[vc_row_inner][vc_column_inner width=&#8221;1\/6&#8243;][\/vc_column_inner][vc_column_inner width=&#8221;2\/3&#8243;]<div id=\"ultimate-heading-560969fb658a3dcc1\" class=\"uvc-heading ult-adjust-bottom-margin ultimate-heading-560969fb658a3dcc1 uvc-1986 \" data-hspacer=\"line_with_icon\" data-hline_width=\"auto\" data-hicon_type=\"custom\" data-hborder_style=\"solid\" data-hborder_height=\"3\" data-hborder_color=\"#69b3e7\" data-icon_width=\"200\" data-hfixer=\"30\"  data-halign=\"center\" style=\"text-align:center\"><div class=\"uvc-heading-spacer line_with_icon\" style=\"top\"><div class=\"ult-just-icon-wrapper  \"><div class=\"align-icon\" style=\"text-align:center;\">\n<div class=\"aio-icon-img \" style=\"font-size:200px;display:inline-block;\" >\n\t<img decoding=\"async\" class=\"img-icon\" alt=\"null\" src=\"https:\/\/www.enka.k12.tr\/istanbul\/wp-content\/uploads\/2021\/01\/enka_schools_log_new.jpg\"\/>\n<\/div><\/div><\/div><\/div><div class=\"uvc-sub-heading ult-responsive\"  data-ultimate-target='.uvc-heading.ultimate-heading-560969fb658a3dcc1 .uvc-sub-heading '  data-responsive-json-new='{\"font-size\":\"\",\"line-height\":\"\"}'  style=\"font-weight:normal;\"><br \/>\n<\/div><\/div><div id=\"ultimate-heading-208369fb658a3dd5e\" class=\"uvc-heading ult-adjust-bottom-margin ultimate-heading-208369fb658a3dd5e uvc-2202 \" data-hspacer=\"no_spacer\"  data-halign=\"left\" style=\"text-align:left\"><div class=\"uvc-heading-spacer no_spacer\" style=\"top\"><\/div><div class=\"uvc-sub-heading ult-responsive\"  data-ultimate-target='.uvc-heading.ultimate-heading-208369fb658a3dd5e .uvc-sub-heading '  data-responsive-json-new='{\"font-size\":\"desktop:35px;tablet_portrait:50px;mobile_landscape:50px;mobile:50px;\",\"line-height\":\"desktop:60px;tablet_portrait:50px;mobile_landscape:50px;mobile:50px;\"}'  style=\"font-family:&#039;Roboto Condensed&#039;;font-weight:bold;color:#000000;\"><\/p>\n<p style=\"text-align: center;\"><span style=\"font-family: 'Roboto Condensed';\">\u00a0<span style=\"color: #69b3e7;\">2026-2027 <\/span>E\u011fitim \u00d6\u011fretim Y\u0131l\u0131nda E\u011fitime Ba\u015fl\u0131yor<\/span><\/p>\n<p><\/div><\/div>[\/vc_column_inner][vc_column_inner width=&#8221;1\/6&#8243;][\/vc_column_inner][\/vc_row_inner][vc_row center_row=&#8221;no&#8221; padding_top=&#8221;50px&#8221; bg_type=&#8221;bg_color&#8221; bg_color_value=&#8221;#00000000&#8243;][vc_column width=&#8221;1\/3&#8243;]<div id=\"ultimate-heading-752769fb658a3dde1\" class=\"uvc-heading ult-adjust-bottom-margin ultimate-heading-752769fb658a3dde1 uvc-5758 \" data-hspacer=\"line_only\"  data-halign=\"left\" style=\"text-align:left\"><div class=\"uvc-sub-heading ult-responsive\"  data-ultimate-target='.uvc-heading.ultimate-heading-752769fb658a3dde1 .uvc-sub-heading '  data-responsive-json-new='{\"font-size\":\"desktop:50px;tablet_portrait:50px;mobile_landscape:50px;mobile:50px;\",\"line-height\":\"desktop:60px;tablet_portrait:50px;mobile_landscape:50px;mobile:50px;\"}'  style=\"font-family:&#039;Roboto Condensed&#039;;font-weight:bold;color:#000000;\"><span style=\"font-family: 'Roboto Condensed';\">Fen ve Teknoloji <span style=\"color: #69b3e7;\">Lisesi<\/span><\/span><\/div><div class=\"uvc-heading-spacer line_only\" style=\"margin-top:10px;height:3px;\"><span class=\"uvc-headings-line\" style=\"border-style:solid;border-bottom-width:3px;border-color:#69b3e7;width:100px;\"><\/span><\/div><\/div>[\/vc_column][vc_column width=&#8221;2\/3&#8243;]<div class=\"ult-spacer spacer-69fb658a3de38\" data-id=\"69fb658a3de38\" data-height=\"24\" data-height-mobile=\"24\" data-height-tab=\"24\" data-height-tab-portrait=\"\" data-height-mobile-landscape=\"\" style=\"clear:both;display:block;\"><\/div>[vc_column_text]<\/p>\n<p class=\"first:mt-1.5!\">Yetkin \u00f6\u011fretmen kadromuz, sundu\u011fumuz e\u011fitim olanaklar\u0131 ve ENKA kalitesiyle hedefimiz, \u0130stanbul ENKA Okullar\u0131m\u0131z\u0131n her alanda d\u00fcnyan\u0131n en ba\u015far\u0131l\u0131 okullar\u0131 aras\u0131nda yer almas\u0131d\u0131r.<\/p>\n<p class=\"first:mt-1.5!\">ENKA Vakf\u0131m\u0131z\u0131n bilim, teknoloji, m\u00fchendislik ve yenilik\u00e7ilik alanlar\u0131nda nitelikli bireyler yeti\u015ftirme vizyonu do\u011frultusunda ve \u00f6nc\u00fc bir kurum olma misyonuyla, \u0130stanbul \u00d6zel ENKA Fen ve Teknoloji Lisesi, mevcut Anadolu Lisemizle ayn\u0131 kamp\u00fcste, fen grubu derslerine a\u011f\u0131rl\u0131k verilerek ve bilim olimpiyatlar\u0131 \u00e7al\u0131\u015fmalar\u0131n\u0131n yo\u011fun bi\u00e7imde y\u00fcr\u00fct\u00fclece\u011fi bir yap\u0131yla 2026-2027 e\u011fitim \u00f6\u011fretim y\u0131l\u0131nda e\u011fitime ba\u015flayacakt\u0131r.<\/p>\n<p class=\"first:mt-1.5!\"><strong>ENKA Fen ve Teknoloji Lisesi&#8217;ndeki t\u00fcm \u00f6\u011frenciler tam burslu olarak \u00f6\u011frenim g\u00f6recektir.<\/strong><\/p>\n<p class=\"first:mt-1.5!\">\u00d6\u011frenci se\u00e7me s\u0131nav\u0131n\u0131n tarihi ve di\u011fer bilgiler okulumuzun web sitesinden takip edilebilir.<\/p>\n<p class=\"first:mt-1.5!\">ENKA Okullar\u0131nda ba\u015far\u0131 bir tesad\u00fcf de\u011fil, bir gelenektir.<\/p>\n<p>[\/vc_column_text]<div class=\"ult-spacer spacer-69fb658a3de70\" data-id=\"69fb658a3de70\" data-height=\"24\" data-height-mobile=\"24\" data-height-tab=\"24\" data-height-tab-portrait=\"\" data-height-mobile-landscape=\"\" style=\"clear:both;display:block;\"><\/div>[\/vc_column][\/vc_row][vc_row equal_height=&#8221;yes&#8221; center_row=&#8221;no&#8221; padding_top=&#8221;50px&#8221; bg_type=&#8221;bg_color&#8221; bg_color_value=&#8221;#00000000&#8243;][vc_column width=&#8221;2\/3&#8243;]<div id=\"ultimate-heading-870669fb658a3debd\" class=\"uvc-heading ult-adjust-bottom-margin ultimate-heading-870669fb658a3debd uvc-8692 \" data-hspacer=\"line_only\"  data-halign=\"left\" style=\"text-align:left\"><div class=\"uvc-sub-heading ult-responsive\"  data-ultimate-target='.uvc-heading.ultimate-heading-870669fb658a3debd .uvc-sub-heading '  data-responsive-json-new='{\"font-size\":\"desktop:35px;tablet_portrait:50px;mobile_landscape:50px;mobile:50px;\",\"line-height\":\"desktop:35px;tablet_portrait:50px;mobile_landscape:50px;mobile:50px;\"}'  style=\"font-family:&#039;Roboto Condensed&#039;;font-weight:bold;color:#000000;\"><span style=\"font-family: 'Roboto Condensed';\">Program &amp; <span style=\"color: #69b3e7;\">Hedefler<\/span><\/span><\/div><div class=\"uvc-heading-spacer line_only\" style=\"margin-top:10px;height:3px;\"><span class=\"uvc-headings-line\" style=\"border-style:solid;border-bottom-width:3px;border-color:#FE5252;width:autopx;\"><\/span><\/div><\/div><div class=\"ult-spacer spacer-69fb658a3df0a\" data-id=\"69fb658a3df0a\" data-height=\"24\" data-height-mobile=\"24\" data-height-tab=\"24\" data-height-tab-portrait=\"\" data-height-mobile-landscape=\"\" style=\"clear:both;display:block;\"><\/div>[vc_column_text]<\/p>\n<p class=\"first:mt-1.5!\">ENKA Fen ve Teknoloji Lisesi, fen bilimleri ve matemati\u011fe g\u00fc\u00e7l\u00fc bir a\u011f\u0131rl\u0131k vererek 5 y\u0131ll\u0131k bir program sunmaktad\u0131r (1 haz\u0131rl\u0131k y\u0131l\u0131 + 4 y\u0131l). Haftal\u0131k ders program\u0131 Milli E\u011fitim Bakanl\u0131\u011f\u0131 m\u00fcfredat\u0131n\u0131 takip ederken, Cumartesi g\u00fcnleri bilim olimpiyatlar\u0131na haz\u0131rl\u0131k, proje \u00e7al\u0131\u015fmalar\u0131 ve \u00f6\u011frenci kul\u00fcb\u00fc etkinliklerine ayr\u0131lmaktad\u0131r.<\/p>\n<p class=\"first:mt-1.5!\">Haz\u0131rl\u0131k y\u0131l\u0131nda birinci yabanc\u0131 dil olarak \u0130ngilizce, ikinci yabanc\u0131 dil olarak ise Almanca \u00f6\u011fretilmektedir.<\/p>\n<p class=\"first:mt-1.5!\">Temel hedeflerimiz \u015funlard\u0131r:<\/p>\n<ol class=\"list-disc\">\n<li class=\"ml-4\">\u00d6\u011frencilerin sosyal yetkinliklerini geli\u015ftirmek<\/li>\n<li class=\"ml-4\">\u00d6\u011frencilerin T\u00fcrkiye&#8217;nin \u00f6nde gelen \u00fcniversitelerinin tercih edilen b\u00f6l\u00fcmlerine yerle\u015febilmeleri i\u00e7in gerekli akademik haz\u0131rl\u0131\u011f\u0131 sa\u011flamak<\/li>\n<li class=\"ml-4\">\u0130leri d\u00fczey dil e\u011fitimi vermek<\/li>\n<li class=\"ml-4\">\u00d6\u011frencileri modern d\u00fcnyan\u0131n gerektirdi\u011fi teknoloji becerileriyle donatmak<\/li>\n<\/ol>\n<p>[\/vc_column_text][\/vc_column][vc_column width=&#8221;1\/3&#8243;][vc_single_image image=&#8221;39317&#8243; img_size=&#8221;full&#8221;]<div class=\"ult-spacer spacer-69fb658a3df3b\" data-id=\"69fb658a3df3b\" data-height=\"24\" data-height-mobile=\"24\" data-height-tab=\"24\" data-height-tab-portrait=\"\" data-height-mobile-landscape=\"\" style=\"clear:both;display:block;\"><\/div>[\/vc_column][\/vc_row][vc_row center_row=&#8221;no&#8221; padding_top=&#8221;50px&#8221; bg_type=&#8221;bg_color&#8221; bg_color_value=&#8221;#00000000&#8243;][vc_column width=&#8221;1\/3&#8243;][vc_single_image image=&#8221;39319&#8243; img_size=&#8221;full&#8221;][\/vc_column][vc_column width=&#8221;2\/3&#8243;]<div id=\"ultimate-heading-175969fb658a3df91\" class=\"uvc-heading ult-adjust-bottom-margin ultimate-heading-175969fb658a3df91 uvc-3650 \" data-hspacer=\"line_only\"  data-halign=\"left\" style=\"text-align:left\"><div class=\"uvc-sub-heading ult-responsive\"  data-ultimate-target='.uvc-heading.ultimate-heading-175969fb658a3df91 .uvc-sub-heading '  data-responsive-json-new='{\"font-size\":\"desktop:35px;tablet_portrait:50px;mobile_landscape:50px;mobile:50px;\",\"line-height\":\"desktop:35px;tablet_portrait:50px;mobile_landscape:50px;mobile:50px;\"}'  style=\"font-family:&#039;Roboto Condensed&#039;;font-weight:bold;color:#000000;\"><span style=\"font-family: 'Roboto Condensed';\"><span style=\"color: #69b3e7;\">T\u00dcB\u0130TAK <\/span>Bilim Olimpiyatlar\u0131<\/span><\/div><div class=\"uvc-heading-spacer line_only\" style=\"margin-top:10px;height:3px;\"><span class=\"uvc-headings-line\" style=\"border-style:solid;border-bottom-width:3px;border-color:#FE5252;width:autopx;\"><\/span><\/div><\/div><div class=\"ult-spacer spacer-69fb658a3dfdc\" data-id=\"69fb658a3dfdc\" data-height=\"24\" data-height-mobile=\"24\" data-height-tab=\"24\" data-height-tab-portrait=\"\" data-height-mobile-landscape=\"\" style=\"clear:both;display:block;\"><\/div>[vc_column_text]<\/p>\n<p class=\"first:mt-1.5!\">T\u00fcm \u00f6\u011frenciler, ilgi ve yeteneklerine en uygun bran\u015fta olimpiyat haz\u0131rl\u0131k derslerine kat\u0131lmaktad\u0131r. Alt\u0131 olimpiyat bran\u015f\u0131 \u015funlard\u0131r: Matematik, Fizik, Kimya, Biyoloji, Bilgisayar Bilimleri ve Co\u011frafya.<\/p>\n<p class=\"first:mt-1.5!\">Olimpiyat ba\u015far\u0131lar\u0131na g\u00f6re \u00f6\u011frenciler, YKS \u00fcniversite giri\u015f s\u0131nav\u0131nda ek puan ve burs deste\u011finden yararlanabilmektedir \u2014 t\u0131p fak\u00fcltesi tercihlerinde Kimya ve Biyoloji, m\u00fchendislik ve fen bilimleri fak\u00fclteleri i\u00e7in ise Bilgisayar Bilimleri, Fizik ve Matematik bran\u015flar\u0131nda elde edilen ba\u015far\u0131lar de\u011ferlendirilmektedir.<\/p>\n<p>[\/vc_column_text]<div class=\"ult-spacer spacer-69fb658a3e009\" data-id=\"69fb658a3e009\" data-height=\"24\" data-height-mobile=\"24\" data-height-tab=\"24\" data-height-tab-portrait=\"\" data-height-mobile-landscape=\"\" style=\"clear:both;display:block;\"><\/div>[\/vc_column][\/vc_row][vc_row center_row=&#8221;no&#8221; padding_top=&#8221;50px&#8221; bg_type=&#8221;bg_color&#8221; bg_color_value=&#8221;#00000000&#8243;][vc_column width=&#8221;2\/3&#8243;]<div id=\"ultimate-heading-275669fb658a3e051\" class=\"uvc-heading ult-adjust-bottom-margin ultimate-heading-275669fb658a3e051 uvc-8077 \" data-hspacer=\"line_only\"  data-halign=\"left\" style=\"text-align:left\"><div class=\"uvc-sub-heading ult-responsive\"  data-ultimate-target='.uvc-heading.ultimate-heading-275669fb658a3e051 .uvc-sub-heading '  data-responsive-json-new='{\"font-size\":\"desktop:35px;tablet_portrait:50px;mobile_landscape:50px;mobile:50px;\",\"line-height\":\"desktop:35px;tablet_portrait:50px;mobile_landscape:50px;mobile:50px;\"}'  style=\"font-family:&#039;Roboto Condensed&#039;;font-weight:bold;color:#000000;\"><span style=\"font-family: 'Roboto Condensed';\">FTL&#8217;ye Kabul \u015eartlar\u0131<\/span><\/div><div class=\"uvc-heading-spacer line_only\" style=\"margin-top:10px;height:3px;\"><span class=\"uvc-headings-line\" style=\"border-style:solid;border-bottom-width:3px;border-color:#FE5252;width:autopx;\"><\/span><\/div><\/div><div class=\"ult-spacer spacer-69fb658a3e098\" data-id=\"69fb658a3e098\" data-height=\"24\" data-height-mobile=\"24\" data-height-tab=\"24\" data-height-tab-portrait=\"\" data-height-mobile-landscape=\"\" style=\"clear:both;display:block;\"><\/div>[vc_column_text]<\/p>\n<p class=\"first:mt-1.5!\">LGS (Liselere Ge\u00e7i\u015f S\u0131nav\u0131) sonu\u00e7lar\u0131nda belirlenen y\u00fczdelik dilim i\u00e7inde yer alan \u00f6\u011frenciler, ENKA&#8217;n\u0131n kendi Fen ve Teknoloji Lisesi se\u00e7me s\u0131nav\u0131na girme hakk\u0131 kazanmaktad\u0131r.<\/p>\n<p class=\"first:mt-1.5!\">Se\u00e7me s\u0131nav\u0131 puan\u0131 ile LGS puan\u0131 birle\u015ftirilerek nihai s\u0131ralama olu\u015fturulmaktad\u0131r. As\u0131l ve yedek kay\u0131t listeleri bu birle\u015fik puana g\u00f6re belirlenmektedir.<\/p>\n<p class=\"first:mt-1.5!\">LGS sonu\u00e7lar\u0131n\u0131n a\u00e7\u0131klanmas\u0131yla birlikte ba\u015fvuru formu okulumuzun web sitesinde yay\u0131mlanacakt\u0131r.<\/p>\n<p>[\/vc_column_text][\/vc_column][vc_column width=&#8221;1\/3&#8243;][vc_single_image image=&#8221;39320&#8243; img_size=&#8221;full&#8221;]<div class=\"ult-spacer spacer-69fb658a3e0c3\" data-id=\"69fb658a3e0c3\" data-height=\"40\" data-height-mobile=\"40\" data-height-tab=\"40\" data-height-tab-portrait=\"\" data-height-mobile-landscape=\"\" style=\"clear:both;display:block;\"><\/div>[\/vc_column][\/vc_row][vc_row][vc_column width=&#8221;1\/6&#8243;][\/vc_column][vc_column width=&#8221;2\/3&#8243;]<div class=\"ult-spacer spacer-69fb658a3e0eb\" data-id=\"69fb658a3e0eb\" data-height=\"40\" data-height-mobile=\"40\" data-height-tab=\"40\" data-height-tab-portrait=\"\" data-height-mobile-landscape=\"\" style=\"clear:both;display:block;\"><\/div>[vc_btn title=&#8221;Tan\u0131t\u0131m Rehberi i\u00e7in t\u0131klay\u0131n\u0131z&#8221; shape=&#8221;square&#8221; color=&#8221;primary&#8221; size=&#8221;lg&#8221; align=&#8221;center&#8221; i_icon_fontawesome=&#8221;fa fa-solid fa-download&#8221; css=&#8221;&#8221; button_block=&#8221;true&#8221; add_icon=&#8221;true&#8221; link=&#8221;url:https%3A%2F%2Fwww.enka.k12.tr%2Fistanbul%2Fwp-content%2Fuploads%2F2026%2F05%2FFTL_Tanitim_rehberi_2026-2027.pdf&#8221;]<div class=\"ult-spacer spacer-69fb658a3e114\" data-id=\"69fb658a3e114\" data-height=\"24\" data-height-mobile=\"24\" data-height-tab=\"24\" data-height-tab-portrait=\"\" data-height-mobile-landscape=\"\" style=\"clear:both;display:block;\"><\/div><div id=\"ultimate-heading-306769fb658a3e15d\" class=\"uvc-heading ult-adjust-bottom-margin ultimate-heading-306769fb658a3e15d uvc-6178 \" data-hspacer=\"line_only\"  data-halign=\"left\" style=\"text-align:left\"><div class=\"uvc-main-heading ult-responsive\"  data-ultimate-target='.uvc-heading.ultimate-heading-306769fb658a3e15d h2'  data-responsive-json-new='{\"font-size\":\"desktop:20px;\",\"line-height\":\"desktop:20px;\"}' ><h2 style=\"font-family:&#039;Roboto Condensed&#039;;font-weight:normal;color:#000000;\">Tan\u0131t\u0131m Videosu i\u00e7in<\/h2><\/div><div class=\"uvc-sub-heading ult-responsive\"  data-ultimate-target='.uvc-heading.ultimate-heading-306769fb658a3e15d .uvc-sub-heading '  data-responsive-json-new='{\"font-size\":\"desktop:35px;tablet_portrait:50px;mobile_landscape:50px;mobile:50px;\",\"line-height\":\"desktop:35px;tablet_portrait:50px;mobile_landscape:50px;mobile:50px;\"}'  style=\"font-family:&#039;Roboto Condensed&#039;;font-weight:bold;color:#000000;\"><span style=\"font-family: Roboto Condensed;\"><b>T\u0131klay\u0131n\u0131z<\/b><\/span><\/div><div class=\"uvc-heading-spacer line_only\" style=\"margin-top:10px;height:3px;\"><span class=\"uvc-headings-line\" style=\"border-style:solid;border-bottom-width:3px;border-color:#FE5252;width:autopx;\"><\/span><\/div><\/div><div class=\"ult-spacer spacer-69fb658a3e1dc\" data-id=\"69fb658a3e1dc\" data-height=\"24\" data-height-mobile=\"24\" data-height-tab=\"24\" data-height-tab-portrait=\"\" data-height-mobile-landscape=\"\" style=\"clear:both;display:block;\"><\/div>[vc_column_text]<\/p>\n<div style=\"width: 1280px;\" class=\"wp-video\"><video class=\"wp-video-shortcode\" id=\"video-39318-1\" width=\"1280\" height=\"720\" preload=\"metadata\" controls=\"controls\"><source type=\"video\/webm\" src=\"https:\/\/www.enka.k12.tr\/istanbul\/wp-content\/uploads\/2026\/05\/ENKA-Fen-ve-Teknoloji-Lisesi.webm?_=1\" \/><a href=\"https:\/\/www.enka.k12.tr\/istanbul\/wp-content\/uploads\/2026\/05\/ENKA-Fen-ve-Teknoloji-Lisesi.webm\">https:\/\/www.enka.k12.tr\/istanbul\/wp-content\/uploads\/2026\/05\/ENKA-Fen-ve-Teknoloji-Lisesi.webm<\/a><\/video><\/div>\n<p>[\/vc_column_text][\/vc_column][vc_column width=&#8221;1\/6&#8243;][\/vc_column][\/vc_row]<\/p>\n<\/div>","protected":false},"excerpt":{"rendered":"<p>[vc_row_inner][vc_column_inner width=&#8221;1\/6&#8243;][\/vc_column_inner][vc_column_inner width=&#8221;2\/3&#8243;][\/vc_column_inner][vc_column_inner width=&#8221;1\/6&#8243;][\/vc_column_inner][\/vc_row_inner][vc_row center_row=&#8221;no&#8221; padding_top=&#8221;50px&#8221; bg_type=&#8221;bg_color&#8221; bg_color_value=&#8221;#00000000&#8243;][vc_column width=&#8221;1\/3&#8243;][\/vc_column][vc_column width=&#8221;2\/3&#8243;][vc_column_text] Yetkin \u00f6\u011fretmen kadromuz, sundu\u011fumuz e\u011fitim olanaklar\u0131 ve ENKA kalitesiyle hedefimiz, \u0130stanbul ENKA Okullar\u0131m\u0131z\u0131n her alanda d\u00fcnyan\u0131n en ba\u015far\u0131l\u0131 okullar\u0131 aras\u0131nda yer almas\u0131d\u0131r. ENKA Vakf\u0131m\u0131z\u0131n bilim, teknoloji, m\u00fchendislik ve yenilik\u00e7ilik alanlar\u0131nda nitelikli bireyler yeti\u015ftirme vizyonu do\u011frultusunda ve \u00f6nc\u00fc bir kurum olma misyonuyla, \u0130stanbul \u00d6zel ENKA Fen ve Teknoloji Lisesi, mevcut Anadolu Lisemizle ayn\u0131 kamp\u00fcste, fen grubu&#8230;<\/p>\n","protected":false},"author":1,"featured_media":5841,"parent":5548,"menu_order":0,"comment_status":"closed","ping_status":"closed","template":"","meta":{"_acf_changed":false,"inline_featured_image":false,"footnotes":""},"class_list":["post-39318","page","type-page","status-publish","has-post-thumbnail","hentry","custom-post-type-entry"],"aioseo_notices":[],"acf":[],"_links":{"self":[{"href":"https:\/\/www.enka.k12.tr\/istanbul\/tr\/wp-json\/wp\/v2\/pages\/39318","targetHints":{"allow":["GET"]}}],"collection":[{"href":"https:\/\/www.enka.k12.tr\/istanbul\/tr\/wp-json\/wp\/v2\/pages"}],"about":[{"href":"https:\/\/www.enka.k12.tr\/istanbul\/tr\/wp-json\/wp\/v2\/types\/page"}],"author":[{"embeddable":true,"href":"https:\/\/www.enka.k12.tr\/istanbul\/tr\/wp-json\/wp\/v2\/users\/1"}],"replies":[{"embeddable":true,"href":"https:\/\/www.enka.k12.tr\/istanbul\/tr\/wp-json\/wp\/v2\/comments?post=39318"}],"version-history":[{"count":5,"href":"https:\/\/www.enka.k12.tr\/istanbul\/tr\/wp-json\/wp\/v2\/pages\/39318\/revisions"}],"predecessor-version":[{"id":39376,"href":"https:\/\/www.enka.k12.tr\/istanbul\/tr\/wp-json\/wp\/v2\/pages\/39318\/revisions\/39376"}],"up":[{"embeddable":true,"href":"https:\/\/www.enka.k12.tr\/istanbul\/tr\/wp-json\/wp\/v2\/pages\/5548"}],"wp:featuredmedia":[{"embeddable":true,"href":"https:\/\/www.enka.k12.tr\/istanbul\/tr\/wp-json\/wp\/v2\/media\/5841"}],"wp:attachment":[{"href":"https:\/\/www.enka.k12.tr\/istanbul\/tr\/wp-json\/wp\/v2\/media?parent=39318"}],"curies":[{"name":"wp","href":"https:\/\/api.w.org\/{rel}","templated":true}]}}