{"id":5548,"date":"2017-02-16T11:16:31","date_gmt":"2017-02-16T08:16:31","guid":{"rendered":"https:\/\/www.enka.com\/foundation\/schools\/istanbul\/our-schools\/"},"modified":"2022-06-13T16:46:01","modified_gmt":"2022-06-13T13:46:01","slug":"okullarimiz","status":"publish","type":"page","link":"https:\/\/www.enka.k12.tr\/istanbul\/tr\/okullarimiz\/","title":{"rendered":"OKULLARIMIZ"},"content":{"rendered":"<div class=\"wpb-content-wrapper\"><p>[vc_row padding_top=&#8221;10px&#8221; padding_bottom=&#8221;50px&#8221;][vc_column width=&#8221;1\/2&#8243;][vc_custom_heading text=&#8221;ANA OKULU&#8221; font_container=&#8221;tag:h2|text_align:center|color:%2369b3e7&#8243; google_fonts=&#8221;font_family:Roboto%20Condensed%3A300%2C300italic%2Cregular%2Citalic%2C700%2C700italic|font_style:700%20bold%20regular%3A700%3Anormal&#8221; link=&#8221;|||&#8221;]<div tabindex=\"0\" class=\"ult-new-ib ult-ib-effect-style5  ult-ib-resp  \" data-min-width=\"768\" data-max-width=\"900\" style=\"background:#69b3e7;\" data-opacity=\"1\" data-hover-opacity=\"0.3\" ><img decoding=\"async\" class=\"ult-new-ib-img\" style=\"opacity:1;\" alt=\"null\" src=\"https:\/\/www.enka.k12.tr\/istanbul\/wp-content\/uploads\/2016\/12\/anaokulu1_web.jpg\"   \/><div id=\"interactive-banner-wrap-4366\" class=\"ult-new-ib-desc\" style=\"background:#69b3e7;\"><h2 class=\"ult-new-ib-title ult-responsive\"  data-ultimate-target='#interactive-banner-wrap-4366 .ult-new-ib-title'  data-responsive-json-new='{\"font-size\":\"\",\"line-height\":\"\"}'  style=\"font-weight:normal;color:#ffffff;\">ANA OKULU<\/h2><\/div><a class=\"ult-new-ib-link\" href=\"https:\/\/www.enka.k12.tr\/istanbul\/tr\/okullarimiz\/anaokulu\/\"  ><\/a><\/div>[\/vc_column][vc_column width=&#8221;1\/2&#8243;][vc_custom_heading text=&#8221;\u0130LKOKUL&#8221; font_container=&#8221;tag:h2|text_align:center|color:%2369b3e7&#8243; google_fonts=&#8221;font_family:Roboto%20Condensed%3A300%2C300italic%2Cregular%2Citalic%2C700%2C700italic|font_style:700%20bold%20regular%3A700%3Anormal&#8221;]<div tabindex=\"0\" class=\"ult-new-ib ult-ib-effect-style5  ult-ib-resp  \" data-min-width=\"768\" data-max-width=\"900\" style=\"background:#69b3e7;\" data-opacity=\"1\" data-hover-opacity=\"0.3\" ><img decoding=\"async\" class=\"ult-new-ib-img\" style=\"opacity:1;\" alt=\"null\" src=\"https:\/\/www.enka.k12.tr\/istanbul\/wp-content\/uploads\/2017\/02\/Anaokulu_003.jpg\"   \/><div id=\"interactive-banner-wrap-4581\" class=\"ult-new-ib-desc\" style=\"background:#69b3e7;\"><h2 class=\"ult-new-ib-title ult-responsive\"  data-ultimate-target='#interactive-banner-wrap-4581 .ult-new-ib-title'  data-responsive-json-new='{\"font-size\":\"\",\"line-height\":\"\"}'  style=\"font-weight:normal;color:#ffffff;\">\u0130LKOKUL<\/h2><\/div><a class=\"ult-new-ib-link\" href=\"https:\/\/www.enka.k12.tr\/istanbul\/tr\/okullarimiz\/ilkokul\/\"  ><\/a><\/div>[\/vc_column][\/vc_row][vc_row padding_top=&#8221;10px&#8221; padding_bottom=&#8221;50px&#8221;][vc_column width=&#8221;1\/2&#8243;][vc_custom_heading text=&#8221;ORTAOKUL&#8221; font_container=&#8221;tag:h2|text_align:center|color:%2369b3e7&#8243; google_fonts=&#8221;font_family:Roboto%20Condensed%3A300%2C300italic%2Cregular%2Citalic%2C700%2C700italic|font_style:700%20bold%20regular%3A700%3Anormal&#8221;]<div tabindex=\"0\" class=\"ult-new-ib ult-ib-effect-style5  ult-ib-resp  \" data-min-width=\"768\" data-max-width=\"900\" style=\"background:#69b3e7;\" data-opacity=\"1\" data-hover-opacity=\"0.3\" ><img decoding=\"async\" class=\"ult-new-ib-img\" style=\"opacity:1;\" alt=\"null\" src=\"https:\/\/www.enka.k12.tr\/istanbul\/wp-content\/uploads\/2018\/01\/middle_school.jpg\"   \/><div id=\"interactive-banner-wrap-9839\" class=\"ult-new-ib-desc\" style=\"background:#69b3e7;\"><h2 class=\"ult-new-ib-title ult-responsive\"  data-ultimate-target='#interactive-banner-wrap-9839 .ult-new-ib-title'  data-responsive-json-new='{\"font-size\":\"\",\"line-height\":\"\"}'  style=\"font-weight:normal;color:#ffffff;\">ORTAOKUL<\/h2><div class=\"ult-new-ib-content ult-responsive\"  data-ultimate-target='#interactive-banner-wrap-9839 .ult-new-ib-content'  data-responsive-json-new='{\"font-size\":\"\",\"line-height\":\"\"}'  style=\"font-weight:normal;color:#ffffff;\"><p>ENKA Ortaokulu, geli\u015fim \u00e7a\u011f\u0131ndaki \u00f6\u011frencilerinin bili\u015fsel, duygusal ve bedensel \u00f6zelliklerini dikkate alarak, onlar\u0131n sa\u011fl\u0131kl\u0131 geli\u015fmeleri i\u00e7in gerekli t\u00fcm e\u011fitim \u00f6\u011fretim ve dan\u0131\u015fmanl\u0131k \u00e7al\u0131\u015fmalar\u0131n\u0131 planlar ve uygular.<\/p><\/div><\/div><a class=\"ult-new-ib-link\" href=\"https:\/\/www.enka.k12.tr\/istanbul\/tr\/okullarimiz\/ortaokul\/\"  ><\/a><\/div>[\/vc_column][vc_column width=&#8221;1\/2&#8243;][vc_custom_heading text=&#8221;L\u0130SE&#8221; font_container=&#8221;tag:h2|text_align:center|color:%2369b3e7&#8243; google_fonts=&#8221;font_family:Roboto%20Condensed%3A300%2C300italic%2Cregular%2Citalic%2C700%2C700italic|font_style:700%20bold%20regular%3A700%3Anormal&#8221;]<div tabindex=\"0\" class=\"ult-new-ib ult-ib-effect-style5  ult-ib-resp  \" data-min-width=\"768\" data-max-width=\"900\" style=\"background:#69b3e7;\" data-opacity=\"1\" data-hover-opacity=\"0.3\" ><img decoding=\"async\" class=\"ult-new-ib-img\" style=\"opacity:1;\" alt=\"null\" src=\"https:\/\/www.enka.k12.tr\/istanbul\/wp-content\/uploads\/2018\/01\/high_school.jpg\"   \/><div id=\"interactive-banner-wrap-8646\" class=\"ult-new-ib-desc\" style=\"background:#69b3e7;\"><h2 class=\"ult-new-ib-title ult-responsive\"  data-ultimate-target='#interactive-banner-wrap-8646 .ult-new-ib-title'  data-responsive-json-new='{\"font-size\":\"\",\"line-height\":\"\"}'  style=\"font-weight:normal;color:#ffffff;\">L\u0130SE<\/h2><\/div><a class=\"ult-new-ib-link\" href=\"https:\/\/www.enka.k12.tr\/istanbul\/tr\/okullarimiz\/lise\/\"  ><\/a><\/div>[\/vc_column][\/vc_row]<\/p>\n<\/div>","protected":false},"excerpt":{"rendered":"<p>[vc_row padding_top=&#8221;10px&#8221; padding_bottom=&#8221;50px&#8221;][vc_column width=&#8221;1\/2&#8243;][vc_custom_heading text=&#8221;ANA OKULU&#8221; font_container=&#8221;tag:h2|text_align:center|color:%2369b3e7&#8243; google_fonts=&#8221;font_family:Roboto%20Condensed%3A300%2C300italic%2Cregular%2Citalic%2C700%2C700italic|font_style:700%20bold%20regular%3A700%3Anormal&#8221; link=&#8221;|||&#8221;][\/vc_column][vc_column width=&#8221;1\/2&#8243;][vc_custom_heading text=&#8221;\u0130LKOKUL&#8221; font_container=&#8221;tag:h2|text_align:center|color:%2369b3e7&#8243; google_fonts=&#8221;font_family:Roboto%20Condensed%3A300%2C300italic%2Cregular%2Citalic%2C700%2C700italic|font_style:700%20bold%20regular%3A700%3Anormal&#8221;][\/vc_column][\/vc_row][vc_row padding_top=&#8221;10px&#8221; padding_bottom=&#8221;50px&#8221;][vc_column width=&#8221;1\/2&#8243;][vc_custom_heading text=&#8221;ORTAOKUL&#8221; font_container=&#8221;tag:h2|text_align:center|color:%2369b3e7&#8243; google_fonts=&#8221;font_family:Roboto%20Condensed%3A300%2C300italic%2Cregular%2Citalic%2C700%2C700italic|font_style:700%20bold%20regular%3A700%3Anormal&#8221;][\/vc_column][vc_column width=&#8221;1\/2&#8243;][vc_custom_heading text=&#8221;L\u0130SE&#8221; font_container=&#8221;tag:h2|text_align:center|color:%2369b3e7&#8243; google_fonts=&#8221;font_family:Roboto%20Condensed%3A300%2C300italic%2Cregular%2Citalic%2C700%2C700italic|font_style:700%20bold%20regular%3A700%3Anormal&#8221;][\/vc_column][\/vc_row]<\/p>\n","protected":false},"author":1,"featured_media":5549,"parent":0,"menu_order":0,"comment_status":"closed","ping_status":"closed","template":"","meta":{"_acf_changed":false,"inline_featured_image":false,"footnotes":""},"class_list":["post-5548","page","type-page","status-publish","has-post-thumbnail","hentry","custom-post-type-entry"],"aioseo_notices":[],"acf":[],"_links":{"self":[{"href":"https:\/\/www.enka.k12.tr\/istanbul\/tr\/wp-json\/wp\/v2\/pages\/5548","targetHints":{"allow":["GET"]}}],"collection":[{"href":"https:\/\/www.enka.k12.tr\/istanbul\/tr\/wp-json\/wp\/v2\/pages"}],"about":[{"href":"https:\/\/www.enka.k12.tr\/istanbul\/tr\/wp-json\/wp\/v2\/types\/page"}],"author":[{"embeddable":true,"href":"https:\/\/www.enka.k12.tr\/istanbul\/tr\/wp-json\/wp\/v2\/users\/1"}],"replies":[{"embeddable":true,"href":"https:\/\/www.enka.k12.tr\/istanbul\/tr\/wp-json\/wp\/v2\/comments?post=5548"}],"version-history":[{"count":0,"href":"https:\/\/www.enka.k12.tr\/istanbul\/tr\/wp-json\/wp\/v2\/pages\/5548\/revisions"}],"wp:featuredmedia":[{"embeddable":true,"href":"https:\/\/www.enka.k12.tr\/istanbul\/tr\/wp-json\/wp\/v2\/media\/5549"}],"wp:attachment":[{"href":"https:\/\/www.enka.k12.tr\/istanbul\/tr\/wp-json\/wp\/v2\/media?parent=5548"}],"curies":[{"name":"wp","href":"https:\/\/api.w.org\/{rel}","templated":true}]}}