{"id":5551,"date":"2017-02-16T11:17:18","date_gmt":"2017-02-16T08:17:18","guid":{"rendered":"https:\/\/www.enka.com\/foundation\/schools\/istanbul\/community-engagement\/"},"modified":"2021-12-02T17:37:26","modified_gmt":"2021-12-02T14:37:26","slug":"sosyal-sorumluluk","status":"publish","type":"page","link":"https:\/\/www.enka.k12.tr\/istanbul\/tr\/sosyal-sorumluluk\/","title":{"rendered":"SOSYAL SORUMLULUK"},"content":{"rendered":"<div class=\"wpb-content-wrapper\"><p>[vc_row padding_left=&#8221;20px&#8221; padding_right=&#8221;20px&#8221; bg_type=&#8221;bg_color&#8221; enable_overlay=&#8221;off&#8221; bg_color_value=&#8221;rgba(247,247,247,0.8)&#8221;][vc_column]<div class=\"ult-spacer spacer-69e44acb6f4ed\" data-id=\"69e44acb6f4ed\" data-height=\"30\" data-height-mobile=\"10\" data-height-tab=\"20\" data-height-tab-portrait=\"\" data-height-mobile-landscape=\"\" style=\"clear:both;display:block;\"><\/div>[vc_row_inner][vc_column_inner width=&#8221;1\/6&#8243;][\/vc_column_inner][vc_column_inner width=&#8221;2\/3&#8243;]<div id=\"ultimate-heading-171569e44acb6f761\" class=\"uvc-heading ult-adjust-bottom-margin ultimate-heading-171569e44acb6f761 uvc-1303 \" data-hspacer=\"line_with_icon\" data-hline_width=\"auto\" data-hicon_type=\"custom\" data-hborder_style=\"solid\" data-hborder_height=\"3\" data-hborder_color=\"#69b3e7\" data-icon_width=\"200\" data-hfixer=\"30\"  data-halign=\"center\" style=\"text-align:center\"><div class=\"uvc-heading-spacer line_with_icon\" style=\"top\"><div class=\"ult-just-icon-wrapper  \"><div class=\"align-icon\" style=\"text-align:center;\">\n<div class=\"aio-icon-img \" style=\"font-size:200px;display:inline-block;\" >\n\t<img decoding=\"async\" class=\"img-icon\" alt=\"null\" src=\"https:\/\/www.enka.k12.tr\/istanbul\/wp-content\/uploads\/2021\/01\/enka_schools_log_newtr.jpg\"\/>\n<\/div><\/div><\/div><\/div><div class=\"uvc-sub-heading ult-responsive\"  data-ultimate-target='.uvc-heading.ultimate-heading-171569e44acb6f761 .uvc-sub-heading '  data-responsive-json-new='{\"font-size\":\"\",\"line-height\":\"\"}'  style=\"font-weight:normal;\"><br \/>\n<\/div><\/div>[\/vc_column_inner][vc_column_inner width=&#8221;1\/6&#8243;][\/vc_column_inner][\/vc_row_inner][\/vc_column][\/vc_row][vc_row full_width=&#8221;stretch_row_content_no_spaces&#8221; gap=&#8221;30&#8243; padding_top=&#8221;40px&#8221; padding_bottom=&#8221;40px&#8221; padding_left=&#8221;10px&#8221; padding_right=&#8221;10px&#8221; bg_type=&#8221;bg_color&#8221; bg_color_value=&#8221;rgba(247,247,247,0.8)&#8221;][vc_column]<div class=\"ult-spacer spacer-69e44acb6f7c0\" data-id=\"69e44acb6f7c0\" data-height=\"30\" data-height-mobile=\"10\" data-height-tab=\"20\" data-height-tab-portrait=\"\" data-height-mobile-landscape=\"\" style=\"clear:both;display:block;\"><\/div>[vc_column_text]ENKA, k\u00fcresel bir bak\u0131\u015f a\u00e7\u0131s\u0131 ile duyarl\u0131 bir toplum olma yolunda ilerliyor. \u00d6\u011frencilerin bir d\u00fcnya vatanda\u015f\u0131 bilinci geli\u015ftirmeleri ve her birinin kendilerinde, evlerinde, ya\u015fad\u0131klar\u0131 \u015fehirde veya ba\u015fka \u00fclkelerde, k\u0131saca d\u00fcnyada olumlu de\u011fi\u015fiklik yaratmak i\u00e7in sorumluluk almalar\u0131 \u00f6nemlidir. \u00c7e\u015fitli okul projelerinde yer alan ve ilham verici konu\u015fmac\u0131lar\u0131 dinleyen ENKA \u00f6\u011frencileri, k\u00fc\u00e7\u00fck ad\u0131mlar\u0131n d\u00fcnyay\u0131 de\u011fi\u015ftirmek i\u00e7in ne kadar \u00f6nemli oldu\u011funu \u00f6\u011freniyor.[\/vc_column_text][\/vc_column][\/vc_row][vc_row full_width=&#8221;stretch_row_content_no_spaces&#8221; gap=&#8221;30&#8243; padding_bottom=&#8221;40px&#8221; padding_left=&#8221;10px&#8221; padding_right=&#8221;10px&#8221; bg_type=&#8221;bg_color&#8221; bg_color_value=&#8221;rgba(247,247,247,0.8)&#8221;][vc_column width=&#8221;1\/2&#8243; padding_right=&#8221;10px&#8221;][vc_column_text]\u00d6\u011frencilerimiz, okulda ge\u00e7irdikleri y\u0131llar boyunca topluma hizmet \u00e7al\u0131\u015fmalar\u0131na kat\u0131lmaktad\u0131r. K\u00fc\u00e7\u00fck ya\u015flardan itibaren hem yurt i\u00e7indeki hem de ba\u015fka \u00fclkelerdeki sosyal sorumluluk projelerinde yer almaktad\u0131r.<\/p>\n<p>10., 11. ve 12. s\u0131n\u0131flarda \u00f6\u011frencilerden bekledi\u011fimiz yarat\u0131c\u0131l\u0131k, aktivite ve hizmet (CAS) \u00e7al\u0131\u015fmalar\u0131na kat\u0131l\u0131m \u00f6nemli \u00f6l\u00e7\u00fcde artmaktad\u0131r. B\u00f6ylece, \u00f6\u011frencilerimiz kendi geli\u015fimleri i\u00e7in sorumluluk almay\u0131 \u00f6\u011frenmektedir. \u00d6\u011frencilerimiz, yeti\u015fkin bireyler olduklar\u0131nda kendilerini ve d\u00fcnyay\u0131 geli\u015ftirmeleri i\u00e7in tutkular\u0131 onlara yol g\u00f6sterecektir. Bu nedenle de, topluma hizmet \u00e7al\u0131\u015fmalar\u0131n\u0131 \u00f6\u011frencilerin hayat\u0131n\u0131n \u00f6nemli bir par\u00e7as\u0131 haline getirmek, onlar i\u00e7in g\u00fc\u00e7l\u00fc bir zemin olu\u015fturmaktad\u0131r.<\/p>\n<p>Topluma hizmet sadece bizim okulumuzun de\u011fil; uygulad\u0131\u011f\u0131m\u0131z Uluslararas\u0131 Bakalorya m\u00fcfredat\u0131n\u0131n da vazge\u00e7ilmez bir unsurudur.[\/vc_column_text]<div class=\"ult-spacer spacer-69e44acb6f7f3\" data-id=\"69e44acb6f7f3\" data-height=\"30\" data-height-mobile=\"10\" data-height-tab=\"20\" data-height-tab-portrait=\"\" data-height-mobile-landscape=\"\" style=\"clear:both;display:block;\"><\/div>[\/vc_column][vc_column width=&#8221;1\/2&#8243;]<div class=\"ult-spacer spacer-69e44acb6f825\" data-id=\"69e44acb6f825\" data-height=\"30\" data-height-mobile=\"10\" data-height-tab=\"20\" data-height-tab-portrait=\"\" data-height-mobile-landscape=\"\" style=\"clear:both;display:block;\"><\/div>[vc_single_image image=&#8221;33996&#8243; img_size=&#8221;full&#8221; alignment=&#8221;center&#8221;][\/vc_column][\/vc_row][vc_row full_width=&#8221;stretch_row_content_no_spaces&#8221; gap=&#8221;30&#8243; padding_bottom=&#8221;40px&#8221; padding_left=&#8221;10px&#8221; padding_right=&#8221;10px&#8221; bg_type=&#8221;bg_color&#8221; bg_color_value=&#8221;rgba(247,247,247,0.8)&#8221;][vc_column width=&#8221;1\/2&#8243; padding_right=&#8221;10px&#8221;]<div class=\"ult-spacer spacer-69e44acb6f84f\" data-id=\"69e44acb6f84f\" data-height=\"30\" data-height-mobile=\"10\" data-height-tab=\"20\" data-height-tab-portrait=\"\" data-height-mobile-landscape=\"\" style=\"clear:both;display:block;\"><\/div>[vc_single_image image=&#8221;33994&#8243; img_size=&#8221;full&#8221; alignment=&#8221;center&#8221;]<div class=\"ult-spacer spacer-69e44acb6f884\" data-id=\"69e44acb6f884\" data-height=\"30\" data-height-mobile=\"10\" data-height-tab=\"20\" data-height-tab-portrait=\"\" data-height-mobile-landscape=\"\" style=\"clear:both;display:block;\"><\/div>[\/vc_column][vc_column width=&#8221;1\/2&#8243;][vc_column_text]\u00d6\u011frencilerin mezun olabilmeleri i\u00e7in dan\u0131\u015fmanlar\u0131 taraf\u0131ndan y\u00f6nlendirilen yarat\u0131c\u0131l\u0131k, aktivite ve hizmet projelerine kat\u0131lmalar\u0131 zorunludur. Ancak projelerini se\u00e7en ve y\u00fcr\u00fcten, \u00f6\u011frencilerin kendileridir. \u00d6\u011frencilerin CAS projelerine yapt\u0131\u011f\u0131 duygusal yat\u0131r\u0131m, gelecekleri i\u00e7in iyi al\u0131\u015fkanl\u0131klar edinmelerini sa\u011flayarak, kendilerini \u00f6zg\u00fcn ve anlaml\u0131 bir bi\u00e7imde geli\u015ftirmelerine yard\u0131m eder.<\/p>\n<p>\u0130ster bireysel, ister kul\u00fcp i\u00e7inde olsun, \u00f6\u011frencilerin kat\u0131ld\u0131\u011f\u0131 projeler aras\u0131nda T\u00fcrk k\u00f6y okullar\u0131n\u0131n k\u00fct\u00fcphanelerini kitaplarla desteklemek, Duke of Edinburgh Uluslararas\u0131 \u00d6d\u00fcl i\u00e7in s\u0131n\u0131rlar\u0131 zorlamak, Bandipur ve Nargakot\u2019un k\u0131rsal kesimindeki ilkokul \u00f6\u011frencilerine \u0130ngilizce, resim ve di\u011fer derslerde \u00f6\u011fretmenlik yapt\u0131klar\u0131 Nepal Topluma Hizmet Projesi yer almaktad\u0131r.[\/vc_column_text][\/vc_column][\/vc_row][vc_row full_width=&#8221;stretch_row_content_no_spaces&#8221; gap=&#8221;30&#8243; padding_bottom=&#8221;40px&#8221; padding_left=&#8221;10px&#8221; padding_right=&#8221;10px&#8221; bg_type=&#8221;bg_color&#8221; bg_color_value=&#8221;rgba(247,247,247,0.8)&#8221;][vc_column width=&#8221;1\/2&#8243; padding_right=&#8221;10px&#8221;][vc_column_text]Okulumuz ge\u00e7ti\u011fimiz birka\u00e7 y\u0131l boyunca, okul genelinde ger\u00e7ekle\u015ftirdi\u011fimiz s\u00fcrd\u00fcr\u00fclebilirlik \u00e7al\u0131\u015fmalar\u0131n\u0131 koordine etmek, takibini yapmak ve artt\u0131rmak i\u00e7in daha ciddi ad\u0131mlar atm\u0131\u015ft\u0131r. 2018 y\u0131l\u0131nda, S\u00fcrd\u00fcr\u00fclebilir Kamp\u00fcs Program\u0131m\u0131z, T\u00fcrkiye Kurumsal Sosyal Sorumluluk Derne\u011fi taraf\u0131ndan S\u00fcrd\u00fcr\u00fclebilir Geli\u015fim Hedefi \u00d6d\u00fcl\u00fc\u2019ne lay\u0131k g\u00f6r\u00fclm\u00fc\u015ft\u00fcr. Okulumuzda, di\u011fer iki karde\u015f okulumuzla birlikte y\u00fcr\u00fctt\u00fc\u011f\u00fcm\u00fcz projelerden baz\u0131lar\u0131 \u015fu \u015fekildedir:<\/p>\n<p>Birle\u015fmi\u015f Milletler S\u00fcrd\u00fcr\u00fclebilir Kalk\u0131nma Hedefleri\u2019ni Destekleyen ENKA Okullar\u0131 Projeleri<\/p>\n<p><strong>HEDEF 3- Sa\u011fl\u0131kl\u0131 Bireyler<\/strong><br \/>\n-\u0130la\u00e7 Toplama Kampanyas\u0131<br \/>\n-iy\u0130L\u0130K Projesi<br \/>\n-Psikoloji Konferans\u0131<br \/>\n-De\u011ferler E\u011fitimi<\/p>\n<p><strong>HEDEF 4- Nitelikli E\u011fitim<\/strong><br \/>\n-Sosyal Ben Akademi Kul\u00fcb\u00fc \u00d6zel Sevgi \u00c7i\u00e7e\u011fi Rehabilitasyon Merkezi<br \/>\n-Giri\u015fimcilik Zirvesi Uzay Meki\u011fim Etkinli\u011fi<br \/>\n-Bir Varm\u0131\u015f Bir Yokmu\u015f Toplumsal Cinsiyet At\u00f6lyesi<br \/>\n-\u00c7O\u00c7A Akran Zorbal\u0131\u011f\u0131<br \/>\n-\u00c7evre G\u00fcn\u00fc<br \/>\n-Sesli Kitap Projesi<br \/>\n-K\u00fcresel Hede\ufb02er E\u011fitimi<br \/>\n-K\u00fcresel Hede\ufb02er odakl\u0131 &#8220;D\u00fcnyam ile Tan\u0131\u015f&#8221; Projesi<br \/>\n-\u00c7ocuk Koruma E\u011fitimi (t\u00fcm personnel)<br \/>\n-\u0130lkbahar \u00d6\u011fretmenler Konferans\u0131 (devlet okulu \u00f6\u011fretmenlerine \u00fccretsiz)<br \/>\n-Yabanc\u0131 Dil Projesi (karde\u015f okul projesi)<br \/>\n-Model United Nations (devlet okulu \u00f6\u011frencilerine \u00fccretsiz)<\/p>\n<p><strong>HEDEF 5- Toplumsal Cinsiyet E\u015fitli\u011fi<\/strong><br \/>\n-Suriyeli M\u00fclteci \u00c7ocuklar Projesi<br \/>\n-Koridor K\u00fct\u00fcphanesi<br \/>\n-Sessiz Okuma Eylemi Etkinlikleri<br \/>\n-\u00c7EK\u00dcL S\u00fcrd\u00fcr\u00fclebilirlik E\u011fitimleri<\/p>\n<p><strong>HEDEF 7- Eri\u015filebilir ve Temiz Enerji<\/strong><br \/>\n-Organ ve Doku Ba\u011f\u0131\u015f\u0131 Haftas\u0131<br \/>\n-G\u00fcne\u015f Enerjisi Erasmus Projesi<\/p>\n<p><strong>HEDEF 8- \u0130nsana Yak\u0131\u015f\u0131r \u0130\u015f ve Ekonomik B\u00fcy\u00fcme<\/strong><br \/>\n-Lise Biyoteknoloji Kul\u00fcb\u00fc<br \/>\n-Yerel Yard\u0131mc\u0131 Personel<\/p>\n<p><strong>HEDEF 9-Sanayi, Yenilik\u00e7ilik ve Altyap\u0131<\/strong><br \/>\n-T\u00dcB\u0130TAK Su Filtresi Projeleri<\/p>\n<p><strong>HEDEF 10-E\u015fitsizliklerin Azalt\u0131lmas\u0131<\/strong><br \/>\n-Sesli Kitap Projesi<br \/>\n-Nepal Projesi (ziyaret, g\u00f6n\u00fcll\u00fcl\u00fck ve yard\u0131m)<br \/>\n-Sosyal Ben Akademi Kul\u00fcb\u00fc \u00d6zel Sevgi \u00c7i\u00e7e\u011fi Rehabilitasyon Merkezi<br \/>\n-Gaziantep Yaz Okulu SSP<br \/>\n-Aziz Nesin Vakf\u0131 23 Nisan Kutlamalar\u0131<br \/>\n-Suriyeli M\u00fclteci \u00c7ocuklar Projesi<br \/>\n-Koridor K\u00fct\u00fcphanesi<br \/>\n-Sessiz Okuma Eylemi Etkinlikleri<br \/>\n-Mavi Kapak Kampanyas\u0131<br \/>\n-Ayakkab\u0131 Kampanyas\u0131<br \/>\n-ENKA RUN Projesi<br \/>\n-G\u00f6rme Engelliler Futbol Ma\u00e7\u0131<br \/>\n-\u0130lkbahar \u00d6\u011fretmenler Konferans\u0131 (devlet okulu \u00f6\u011fretmenlerine \u00fccretsiz)<br \/>\n-Yabanc\u0131 Dil Projesi (karde\u015f okul projesi)<br \/>\n-Model United Nations (devlet okulu \u00f6\u011frencilerine \u00fccretsiz)<\/p>\n<p><strong>HEDEF 11-S\u00fcrd\u00fcr\u00fclebilir \u015eehir ve Ya\u015fam Alanlar\u0131<\/strong><br \/>\n-Permak\u00fclt\u00fcr Kul\u00fcb\u00fc ve Bostan<br \/>\n-Sinema Kul\u00fcb\u00fc Sokak Hayvanlar\u0131 Projesi<br \/>\n-Hayat Tamircisi Hasan K\u0131z\u0131l ile Ortak Proje<\/p>\n<p><strong>HEDEF 12-Sorumlu \u00dcretim ve T\u00fcketim<\/strong><br \/>\n-\u00c7evre G\u00fcn\u00fc<br \/>\n-\u00c7evre Dostu Su Mataralar\u0131<br \/>\n-\u00c7evre Dostu K\u0131rtasiye Malzemeleri<\/p>\n<p><strong>HEDEF 13-\u0130klim Eylemi<\/strong><br \/>\n-TEGV Atma Ba\u011f\u0131\u015fla Projesi<br \/>\n-At\u0131k Ka\u011f\u0131t Toplama Kampanyas\u0131<br \/>\n-At\u0131k Y\u00f6netimi<br \/>\n-Google Classroom ve iTunes University ile ka\u011f\u0131t tasarrufu<br \/>\n-Karbon Ayak \u0130zimiz<\/p>\n<p><strong>HEDEF 14-Sudaki Ya\u015fam<\/strong><br \/>\n-Sorumlu T\u00fcketim ve \u00dcretim Projesi<\/p>\n<p><strong>HEDEF 15-Karasal Ya\u015fam<\/strong><br \/>\n-WWF Hayvan Evlat Edinme Kampanyas\u0131<br \/>\n-Sokak Hayvanlar\u0131 Mama Kampanyas\u0131<\/p>\n<p><strong>HEDEF 16-Bar\u0131\u015f ve Adalet<\/strong><br \/>\n-Demokrasi ve \u0130nsan Haklar\u0131 At\u00f6lyeleri<\/p>\n<p><strong>HEDEF 17-Hedefler i\u00e7in Ortakl\u0131klar<\/strong><br \/>\n-ENKA Okullar\u0131 S\u00fcrd\u00fcr\u00fclebilirlik Bulu\u015fmas\u0131<br \/>\n-Model United Nations<br \/>\n-European Youth Parliament<br \/>\n-STK\u2019larla Ortak Proje[\/vc_column_text][\/vc_column][vc_column width=&#8221;1\/2&#8243;][vc_single_image image=&#8221;34004&#8243; img_size=&#8221;full&#8221; alignment=&#8221;center&#8221;]<div class=\"ult-spacer spacer-69e44acb6f8ab\" data-id=\"69e44acb6f8ab\" data-height=\"30\" data-height-mobile=\"10\" data-height-tab=\"20\" data-height-tab-portrait=\"\" data-height-mobile-landscape=\"\" style=\"clear:both;display:block;\"><\/div>[vc_single_image image=&#8221;33998&#8243; img_size=&#8221;full&#8221; alignment=&#8221;center&#8221;]<div class=\"ult-spacer spacer-69e44acb6f8d3\" data-id=\"69e44acb6f8d3\" data-height=\"30\" data-height-mobile=\"10\" data-height-tab=\"20\" data-height-tab-portrait=\"\" data-height-mobile-landscape=\"\" style=\"clear:both;display:block;\"><\/div>[vc_single_image image=&#8221;33992&#8243; img_size=&#8221;full&#8221; alignment=&#8221;center&#8221;][\/vc_column][\/vc_row]<\/p>\n<\/div>","protected":false},"excerpt":{"rendered":"<p>[vc_row padding_left=&#8221;20px&#8221; padding_right=&#8221;20px&#8221; bg_type=&#8221;bg_color&#8221; enable_overlay=&#8221;off&#8221; bg_color_value=&#8221;rgba(247,247,247,0.8)&#8221;][vc_column][vc_row_inner][vc_column_inner width=&#8221;1\/6&#8243;][\/vc_column_inner][vc_column_inner width=&#8221;2\/3&#8243;][\/vc_column_inner][vc_column_inner width=&#8221;1\/6&#8243;][\/vc_column_inner][\/vc_row_inner][\/vc_column][\/vc_row][vc_row full_width=&#8221;stretch_row_content_no_spaces&#8221; gap=&#8221;30&#8243; padding_top=&#8221;40px&#8221; padding_bottom=&#8221;40px&#8221; padding_left=&#8221;10px&#8221; padding_right=&#8221;10px&#8221; bg_type=&#8221;bg_color&#8221; bg_color_value=&#8221;rgba(247,247,247,0.8)&#8221;][vc_column][vc_column_text]ENKA, k\u00fcresel bir bak\u0131\u015f a\u00e7\u0131s\u0131 ile duyarl\u0131 bir toplum olma yolunda ilerliyor. \u00d6\u011frencilerin bir d\u00fcnya vatanda\u015f\u0131 bilinci geli\u015ftirmeleri ve her birinin kendilerinde, evlerinde, ya\u015fad\u0131klar\u0131 \u015fehirde veya ba\u015fka \u00fclkelerde, k\u0131saca d\u00fcnyada olumlu de\u011fi\u015fiklik yaratmak i\u00e7in sorumluluk almalar\u0131 \u00f6nemlidir. \u00c7e\u015fitli okul projelerinde yer alan ve ilham verici konu\u015fmac\u0131lar\u0131 dinleyen ENKA \u00f6\u011frencileri,&#8230;<\/p>\n","protected":false},"author":1,"featured_media":5552,"parent":0,"menu_order":0,"comment_status":"closed","ping_status":"closed","template":"","meta":{"_acf_changed":false,"inline_featured_image":false,"footnotes":""},"class_list":["post-5551","page","type-page","status-publish","has-post-thumbnail","hentry","custom-post-type-entry"],"aioseo_notices":[],"acf":[],"_links":{"self":[{"href":"https:\/\/www.enka.k12.tr\/istanbul\/tr\/wp-json\/wp\/v2\/pages\/5551","targetHints":{"allow":["GET"]}}],"collection":[{"href":"https:\/\/www.enka.k12.tr\/istanbul\/tr\/wp-json\/wp\/v2\/pages"}],"about":[{"href":"https:\/\/www.enka.k12.tr\/istanbul\/tr\/wp-json\/wp\/v2\/types\/page"}],"author":[{"embeddable":true,"href":"https:\/\/www.enka.k12.tr\/istanbul\/tr\/wp-json\/wp\/v2\/users\/1"}],"replies":[{"embeddable":true,"href":"https:\/\/www.enka.k12.tr\/istanbul\/tr\/wp-json\/wp\/v2\/comments?post=5551"}],"version-history":[{"count":0,"href":"https:\/\/www.enka.k12.tr\/istanbul\/tr\/wp-json\/wp\/v2\/pages\/5551\/revisions"}],"wp:featuredmedia":[{"embeddable":true,"href":"https:\/\/www.enka.k12.tr\/istanbul\/tr\/wp-json\/wp\/v2\/media\/5552"}],"wp:attachment":[{"href":"https:\/\/www.enka.k12.tr\/istanbul\/tr\/wp-json\/wp\/v2\/media?parent=5551"}],"curies":[{"name":"wp","href":"https:\/\/api.w.org\/{rel}","templated":true}]}}