{"id":5725,"date":"2017-02-16T11:35:54","date_gmt":"2017-02-16T08:35:54","guid":{"rendered":"https:\/\/www.enka.com\/foundation\/schools\/istanbul\/kayit-kabul\/financial-aid\/"},"modified":"2026-01-05T09:58:40","modified_gmt":"2026-01-05T06:58:40","slug":"mali-yardim","status":"publish","type":"page","link":"https:\/\/www.enka.k12.tr\/istanbul\/tr\/kayit-kabul\/mali-yardim\/","title":{"rendered":"MAL\u0130 YARDIM"},"content":{"rendered":"<div class=\"wpb-content-wrapper\"><p>[vc_row padding_left=&#8221;20px&#8221; padding_right=&#8221;20px&#8221; bg_type=&#8221;bg_color&#8221; enable_overlay=&#8221;off&#8221;][vc_column]<div class=\"ult-spacer spacer-69e45a739be89\" data-id=\"69e45a739be89\" data-height=\"30\" data-height-mobile=\"10\" data-height-tab=\"20\" data-height-tab-portrait=\"\" data-height-mobile-landscape=\"\" style=\"clear:both;display:block;\"><\/div>[vc_row_inner][vc_column_inner width=&#8221;1\/6&#8243;][\/vc_column_inner][vc_column_inner width=&#8221;2\/3&#8243;]<div id=\"ultimate-heading-490469e45a739c0f5\" class=\"uvc-heading ult-adjust-bottom-margin ultimate-heading-490469e45a739c0f5 uvc-4891 \" data-hspacer=\"line_with_icon\" data-hline_width=\"auto\" data-hicon_type=\"custom\" data-hborder_style=\"solid\" data-hborder_height=\"3\" data-hborder_color=\"#69b3e7\" data-icon_width=\"200\" data-hfixer=\"30\"  data-halign=\"center\" style=\"text-align:center\"><div class=\"uvc-heading-spacer line_with_icon\" style=\"top\"><div class=\"ult-just-icon-wrapper  \"><div class=\"align-icon\" style=\"text-align:center;\">\n<div class=\"aio-icon-img \" style=\"font-size:200px;display:inline-block;\" >\n\t<img decoding=\"async\" class=\"img-icon\" alt=\"null\" src=\"https:\/\/www.enka.k12.tr\/istanbul\/wp-content\/uploads\/2021\/01\/enka_schools_log_newtr.jpg\"\/>\n<\/div><\/div><\/div><\/div><div class=\"uvc-sub-heading ult-responsive\"  data-ultimate-target='.uvc-heading.ultimate-heading-490469e45a739c0f5 .uvc-sub-heading '  data-responsive-json-new='{\"font-size\":\"\",\"line-height\":\"\"}'  style=\"font-weight:normal;\"><br \/>\n<\/div><\/div>[\/vc_column_inner][vc_column_inner width=&#8221;1\/6&#8243;][\/vc_column_inner][\/vc_row_inner][\/vc_column][\/vc_row][vc_row padding_top=&#8221;10px&#8221; padding_bottom=&#8221;40px&#8221; bg_type=&#8221;bg_color&#8221;][vc_column]<div class=\"ult-spacer spacer-69e45a739c151\" data-id=\"69e45a739c151\" data-height=\"30\" data-height-mobile=\"20\" data-height-tab=\"20\" data-height-tab-portrait=\"20\" data-height-mobile-landscape=\"20\" style=\"clear:both;display:block;\"><\/div>[vc_column_text]<\/p>\n<p style=\"text-align: center;\"><span style=\"font-size: 14pt;\"><strong>MAL\u0130 YARDIM BA\u015eVURUSU<\/strong><\/span><\/p>\n<p style=\"text-align: center;\"><span style=\"font-size: 14pt;\">ENKA \u0130stanbul Okullar\u0131, kendi kay\u0131tl\u0131 \u00f6\u011frencileri aras\u0131nda ihtiya\u00e7 sahibi olanlara mali yard\u0131m sa\u011flayabilmektedir.<\/span><\/p>\n<p style=\"text-align: center;\"><span style=\"font-size: 14pt;\">Mali yard\u0131m ba\u015fvurusu i\u00e7in t\u00fcm belgelerin eksiksiz tamamlanmas\u0131 gerekmektedir.<\/span><\/p>\n<p style=\"text-align: center;\"><strong><span style=\"font-size: 14pt;\">MY de\u011ferlendirme s\u00fcreci 17 Nisan 2026 tarihinde sona erecektir.<\/span><\/strong><\/p>\n<p style=\"text-align: center;\"><span style=\"font-size: 14pt;\"><strong>2026-2027<\/strong> E\u011fitim y\u0131l\u0131 i\u00e7in Mali yard\u0131m ba\u015fvurular\u0131 5<strong> Ocak \u2013 6 \u015eubat 2026<\/strong> tarihleri aras\u0131nda\u00a0yap\u0131lacakt\u0131r.<\/span><\/p>\n<p>[\/vc_column_text]<div class=\"ult-spacer spacer-69e45a739c184\" data-id=\"69e45a739c184\" data-height=\"30\" data-height-mobile=\"10\" data-height-tab=\"20\" data-height-tab-portrait=\"\" data-height-mobile-landscape=\"\" style=\"clear:both;display:block;\"><\/div>[\/vc_column][\/vc_row][vc_row][vc_column width=&#8221;1\/4&#8243;][\/vc_column][vc_column width=&#8221;1\/2&#8243;]<div id=\"ultimate-heading-704669e45a739c1c8\" class=\"uvc-heading ult-adjust-bottom-margin ultimate-heading-704669e45a739c1c8 uvc-7552 \" data-hspacer=\"line_only\"  data-halign=\"center\" style=\"text-align:center\"><div class=\"uvc-main-heading ult-responsive\"  data-ultimate-target='.uvc-heading.ultimate-heading-704669e45a739c1c8 h2'  data-responsive-json-new='{\"font-size\":\"\",\"line-height\":\"\"}' ><h2 style=\"font-weight:normal;\">KAYITLI \u00d6\u011eRENC\u0130LER \u0130\u00c7\u0130N;<\/h2><\/div><div class=\"uvc-heading-spacer line_only\" style=\"margin-top:5px;margin-bottom:5px;height:3px;\"><span class=\"uvc-headings-line\" style=\"border-style:solid;border-bottom-width:3px;border-color:#012169;width:50px;\"><\/span><\/div><\/div><div class=\"ult-spacer spacer-69e45a739c225\" data-id=\"69e45a739c225\" data-height=\"20\" data-height-mobile=\"10\" data-height-tab=\"15\" data-height-tab-portrait=\"\" data-height-mobile-landscape=\"\" style=\"clear:both;display:block;\"><\/div>[vc_btn title=&#8221;1.MAL\u0130 YARDIM &#8211; KVKK MUVAFAKATNAME FORMU&#8221; style=&#8221;flat&#8221; shape=&#8221;square&#8221; color=&#8221;primary&#8221; size=&#8221;lg&#8221; align=&#8221;center&#8221; i_icon_fontawesome=&#8221;fas fa-sign-in-alt&#8221; add_icon=&#8221;true&#8221; link=&#8221;url:https%3A%2F%2Fwww.enka.k12.tr%2Fistanbul%2Ftr%2Fkvkk-muvafakatname-mali-yardim%2F&#8221;]<div class=\"ult-spacer spacer-69e45a739c250\" data-id=\"69e45a739c250\" data-height=\"20\" data-height-mobile=\"10\" data-height-tab=\"15\" data-height-tab-portrait=\"\" data-height-mobile-landscape=\"\" style=\"clear:both;display:block;\"><\/div>[vc_btn title=&#8221;2. MAL\u0130 YARDIM BA\u015eVURU FORMU&#8221; style=&#8221;flat&#8221; shape=&#8221;square&#8221; color=&#8221;primary&#8221; size=&#8221;lg&#8221; align=&#8221;center&#8221; i_icon_fontawesome=&#8221;fas fa-sign-in-alt&#8221; css=&#8221;&#8221; add_icon=&#8221;true&#8221; link=&#8221;url:https%3A%2F%2Fwww.enka.k12.tr%2Fistanbul%2Ftr%2Fmy-login%2F&#8221;]<div id=\"ultimate-heading-833869e45a739c28a\" class=\"uvc-heading ult-adjust-bottom-margin ultimate-heading-833869e45a739c28a uvc-4803 \" data-hspacer=\"line_only\"  data-halign=\"center\" style=\"text-align:center\"><div class=\"uvc-main-heading ult-responsive\"  data-ultimate-target='.uvc-heading.ultimate-heading-833869e45a739c28a h2'  data-responsive-json-new='{\"font-size\":\"\",\"line-height\":\"\"}' ><h2 style=\"font-weight:normal;\">YEN\u0130 \u00d6\u011eRENC\u0130LER \u0130\u00c7\u0130N;<\/h2><\/div><div class=\"uvc-heading-spacer line_only\" style=\"margin-top:5px;margin-bottom:5px;height:3px;\"><span class=\"uvc-headings-line\" style=\"border-style:solid;border-bottom-width:3px;border-color:#012169;width:50px;\"><\/span><\/div><\/div><div class=\"ult-spacer spacer-69e45a739c2d6\" data-id=\"69e45a739c2d6\" data-height=\"20\" data-height-mobile=\"10\" data-height-tab=\"15\" data-height-tab-portrait=\"\" data-height-mobile-landscape=\"\" style=\"clear:both;display:block;\"><\/div>[vc_btn title=&#8221;1.MAL\u0130 YARDIM &#8211; KVKK MUVAFAKATNAME FORMU&#8221; style=&#8221;flat&#8221; shape=&#8221;square&#8221; color=&#8221;primary&#8221; size=&#8221;lg&#8221; align=&#8221;center&#8221; i_icon_fontawesome=&#8221;fas fa-sign-in-alt&#8221; add_icon=&#8221;true&#8221; link=&#8221;url:https%3A%2F%2Fwww.enka.k12.tr%2Fistanbul%2Ftr%2Fkvkk-muvafakatname-mali-yardim%2F&#8221;]<div class=\"ult-spacer spacer-69e45a739c2ff\" data-id=\"69e45a739c2ff\" data-height=\"20\" data-height-mobile=\"10\" data-height-tab=\"15\" data-height-tab-portrait=\"\" data-height-mobile-landscape=\"\" style=\"clear:both;display:block;\"><\/div>[vc_btn title=&#8221;2. MAL\u0130 YARDIM BA\u015eVURU FORMU (YEN\u0130 \u00d6\u011eRENC\u0130LER \u0130\u00c7\u0130N)&#8221; style=&#8221;flat&#8221; shape=&#8221;square&#8221; color=&#8221;primary&#8221; size=&#8221;lg&#8221; align=&#8221;center&#8221; i_icon_fontawesome=&#8221;&#8221; css=&#8221;&#8221; add_icon=&#8221;true&#8221; link=&#8221;url:https%3A%2F%2Fwww.enka.k12.tr%2Fistanbul%2Ftr%2Fkayit-kabul%2Faday-kayit-basvuru-yontemi%2Fmali-yardim-basvuru-formu-yeni-ogrenciler%2F&#8221;][\/vc_column][vc_column width=&#8221;1\/4&#8243;][\/vc_column][\/vc_row][vc_row][vc_column width=&#8221;1\/4&#8243;][\/vc_column][vc_column width=&#8221;2\/4&#8243;]<div class=\"ult-spacer spacer-69e45a739c327\" data-id=\"69e45a739c327\" data-height=\"30\" data-height-mobile=\"10\" data-height-tab=\"20\" data-height-tab-portrait=\"\" data-height-mobile-landscape=\"\" style=\"clear:both;display:block;\"><\/div>[vc_column_text]<\/p>\n<p>Herhangi bir sorunuz olmas\u0131 durumunda l\u00fctfen Kay\u0131t Kabul Koordinat\u00f6rl\u00fc\u011f\u00fc ile ileti\u015fime ge\u00e7iniz.[\/vc_column_text]<div class=\"ult-spacer spacer-69e45a739c359\" data-id=\"69e45a739c359\" data-height=\"30\" data-height-mobile=\"10\" data-height-tab=\"20\" data-height-tab-portrait=\"\" data-height-mobile-landscape=\"\" style=\"clear:both;display:block;\"><\/div>[vc_column_text]<\/p>\n<p>Hilal Meliko\u011flu<br \/>\n\u00d6zel ENKA Okullar\u0131<br \/>\nKay\u0131t &amp; Kabul Koordinat\u00f6r\u00fc<br \/>\nTelefon: +90 (212) 705 6713 \/ 6714<br \/>\nFaks: +90 (212) 286 5937<\/p>\n<p>[\/vc_column_text]<span id=\"creative-link-wrap-1575\" class=\"ult_main_cl ult-adjust-bottom-margin  \" >\n\t \t\t\t<span class=\"ult_cl_link_4  ult_crlink\" >\n\t\t\t\t\t<a  data-ultimate-target='#creative-link-wrap-1575 .ult_colorlink'  data-responsive-json-new='{\"font-size\":\"\",\"line-height\":\"\"}'  href=\"mailto:admissions@enka.k12.tr\" target=\"_blank\" rel=\"noopener\"  class=\"ult_colorlink ult-responsive \" style=\"float:left;font-weight:normal; \"  data-textcolor=\"#012169\" data-texthover=\"#69b3e7\"data-style=\"Style_4\">\n\t\t\t\t\t\t\n\t\t\t\t\t\t<span data-hover=\"admissions@enka.k12.tr\" style=\"color:#012169;;;\" class=\"ult_btn10_span   \">admissions@enka.k12.tr<\/span>\n\t\t\t\t\t\t<span class=\"ult_link_btm4 \" style=\"border-color:#333333;border-bottom-width:1px;border-style:solid;\"><\/span>\n\t\t\t\t\t<\/a>\n\t\t\t\t<\/span>\n\t\t\t<\/span>[\/vc_column][vc_column width=&#8221;1\/4&#8243;][\/vc_column][\/vc_row]<\/p>\n<\/div>","protected":false},"excerpt":{"rendered":"<p>[vc_row padding_left=&#8221;20px&#8221; padding_right=&#8221;20px&#8221; bg_type=&#8221;bg_color&#8221; enable_overlay=&#8221;off&#8221;][vc_column][vc_row_inner][vc_column_inner width=&#8221;1\/6&#8243;][\/vc_column_inner][vc_column_inner width=&#8221;2\/3&#8243;][\/vc_column_inner][vc_column_inner width=&#8221;1\/6&#8243;][\/vc_column_inner][\/vc_row_inner][\/vc_column][\/vc_row][vc_row padding_top=&#8221;10px&#8221; padding_bottom=&#8221;40px&#8221; bg_type=&#8221;bg_color&#8221;][vc_column][vc_column_text] MAL\u0130 YARDIM BA\u015eVURUSU ENKA \u0130stanbul Okullar\u0131, kendi kay\u0131tl\u0131 \u00f6\u011frencileri aras\u0131nda ihtiya\u00e7 sahibi olanlara mali yard\u0131m sa\u011flayabilmektedir. Mali yard\u0131m ba\u015fvurusu i\u00e7in t\u00fcm belgelerin eksiksiz tamamlanmas\u0131 gerekmektedir. MY de\u011ferlendirme s\u00fcreci 17 Nisan 2026 tarihinde sona erecektir. 2026-2027 E\u011fitim y\u0131l\u0131 i\u00e7in Mali yard\u0131m ba\u015fvurular\u0131 5 Ocak \u2013 6 \u015eubat 2026 tarihleri aras\u0131nda\u00a0yap\u0131lacakt\u0131r. [\/vc_column_text][\/vc_column][\/vc_row][vc_row][vc_column width=&#8221;1\/4&#8243;][\/vc_column][vc_column width=&#8221;1\/2&#8243;][vc_btn title=&#8221;1.MAL\u0130 YARDIM&#8230;<\/p>\n","protected":false},"author":1,"featured_media":12075,"parent":5545,"menu_order":0,"comment_status":"closed","ping_status":"closed","template":"","meta":{"_acf_changed":false,"inline_featured_image":false,"footnotes":""},"class_list":["post-5725","page","type-page","status-publish","has-post-thumbnail","hentry","custom-post-type-entry"],"aioseo_notices":[],"acf":[],"_links":{"self":[{"href":"https:\/\/www.enka.k12.tr\/istanbul\/tr\/wp-json\/wp\/v2\/pages\/5725","targetHints":{"allow":["GET"]}}],"collection":[{"href":"https:\/\/www.enka.k12.tr\/istanbul\/tr\/wp-json\/wp\/v2\/pages"}],"about":[{"href":"https:\/\/www.enka.k12.tr\/istanbul\/tr\/wp-json\/wp\/v2\/types\/page"}],"author":[{"embeddable":true,"href":"https:\/\/www.enka.k12.tr\/istanbul\/tr\/wp-json\/wp\/v2\/users\/1"}],"replies":[{"embeddable":true,"href":"https:\/\/www.enka.k12.tr\/istanbul\/tr\/wp-json\/wp\/v2\/comments?post=5725"}],"version-history":[{"count":2,"href":"https:\/\/www.enka.k12.tr\/istanbul\/tr\/wp-json\/wp\/v2\/pages\/5725\/revisions"}],"predecessor-version":[{"id":38995,"href":"https:\/\/www.enka.k12.tr\/istanbul\/tr\/wp-json\/wp\/v2\/pages\/5725\/revisions\/38995"}],"up":[{"embeddable":true,"href":"https:\/\/www.enka.k12.tr\/istanbul\/tr\/wp-json\/wp\/v2\/pages\/5545"}],"wp:featuredmedia":[{"embeddable":true,"href":"https:\/\/www.enka.k12.tr\/istanbul\/tr\/wp-json\/wp\/v2\/media\/12075"}],"wp:attachment":[{"href":"https:\/\/www.enka.k12.tr\/istanbul\/tr\/wp-json\/wp\/v2\/media?parent=5725"}],"curies":[{"name":"wp","href":"https:\/\/api.w.org\/{rel}","templated":true}]}}