{"id":5737,"date":"2017-02-16T11:32:24","date_gmt":"2017-02-16T08:32:24","guid":{"rendered":"https:\/\/www.enka.com\/foundation\/schools\/istanbul\/kayit-kabul\/application-process\/"},"modified":"2026-03-06T14:37:56","modified_gmt":"2026-03-06T11:37:56","slug":"aday-kayit-basvuru-yontemi","status":"publish","type":"page","link":"https:\/\/www.enka.k12.tr\/istanbul\/tr\/kayit-kabul\/aday-kayit-basvuru-yontemi\/","title":{"rendered":"ADAY KAYIT BA\u015eVURU Y\u00d6NTEM\u0130"},"content":{"rendered":"<div class=\"wpb-content-wrapper\"><p>[vc_row equal_height=&#8221;yes&#8221; margin_left=&#8221;10px&#8221; margin_right=&#8221;10px&#8221;][vc_column width=&#8221;1\/4&#8243; bg_color=&#8221;#f7f7f7&#8243; border_style=&#8221;solid&#8221; border_color=&#8221;rgba(71,118,135,0.27)&#8221; border_width=&#8221;5px&#8221; padding_top=&#8221;10px&#8221; padding_bottom=&#8221;10px&#8221; padding_left=&#8221;10px&#8221; padding_right=&#8221;10px&#8221;]<div id=\"ultimate-heading-222369e44b6639a1f\" class=\"uvc-heading ult-adjust-bottom-margin ultimate-heading-222369e44b6639a1f uvc-8871 \" data-hspacer=\"line_only\"  data-halign=\"center\" style=\"text-align:center\"><div class=\"uvc-sub-heading ult-responsive\"  data-ultimate-target='.uvc-heading.ultimate-heading-222369e44b6639a1f .uvc-sub-heading '  data-responsive-json-new='{\"font-size\":\"desktop:22px;tablet:18px;tablet_portrait:16px;\",\"line-height\":\"\"}'  style=\"font-weight:bold;color:#012169;\"><a href=\"https:\/\/www.enka.k12.tr\/istanbul\/tr\/kayit-kabul\/aday-kayit-basvuru-yontemi\/anaokul-basvuru\/\">ANAOKULU BA\u015eVURU<\/a><\/div><div class=\"uvc-heading-spacer line_only\" style=\"margin-top:10px;margin-bottom:20px;height:3px;\"><span class=\"uvc-headings-line\" style=\"border-style:solid;border-bottom-width:3px;border-color:#dd3333;width:autopx;\"><\/span><\/div><\/div>[vc_single_image image=&#8221;24610&#8243; img_size=&#8221;full&#8221; onclick=&#8221;custom_link&#8221; css_animation=&#8221;none&#8221; img_hover=&#8221;blurr&#8221; link=&#8221;https:\/\/www.enka.k12.tr\/istanbul\/tr\/kayit-kabul\/aday-kayit-basvuru-yontemi\/anaokul-basvuru\/&#8221;][\/vc_column][vc_column width=&#8221;1\/4&#8243; bg_color=&#8221;#f7f7f7&#8243; border_style=&#8221;solid&#8221; border_color=&#8221;#ffeac0&#8243; border_width=&#8221;5px&#8221; padding_top=&#8221;10px&#8221; padding_bottom=&#8221;10px&#8221; padding_left=&#8221;10px&#8221; padding_right=&#8221;10px&#8221;]<div id=\"ultimate-heading-607969e44b6639a9b\" class=\"uvc-heading ult-adjust-bottom-margin ultimate-heading-607969e44b6639a9b uvc-5843 \" data-hspacer=\"line_only\"  data-halign=\"center\" style=\"text-align:center\"><div class=\"uvc-sub-heading ult-responsive\"  data-ultimate-target='.uvc-heading.ultimate-heading-607969e44b6639a9b .uvc-sub-heading '  data-responsive-json-new='{\"font-size\":\"desktop:22px;tablet:18px;tablet_portrait:16px;\",\"line-height\":\"\"}'  style=\"font-weight:bold;color:#012169;\"><a href=\"https:\/\/www.enka.k12.tr\/istanbul\/tr\/kayit-kabul\/aday-kayit-basvuru-yontemi\/ilkokul-basvuru\/\">\u0130LKOKUL BA\u015eVURU<\/a><\/div><div class=\"uvc-heading-spacer line_only\" style=\"margin-top:10px;margin-bottom:20px;height:3px;\"><span class=\"uvc-headings-line\" style=\"border-style:solid;border-bottom-width:3px;border-color:#dd3333;width:autopx;\"><\/span><\/div><\/div>[vc_single_image image=&#8221;24612&#8243; img_size=&#8221;full&#8221; onclick=&#8221;custom_link&#8221; img_hover=&#8221;blurr&#8221; link=&#8221;https:\/\/www.enka.k12.tr\/istanbul\/tr\/kayit-kabul\/aday-kayit-basvuru-yontemi\/ilkokul-basvuru\/&#8221;][\/vc_column][vc_column width=&#8221;1\/4&#8243; bg_color=&#8221;#f7f7f7&#8243; border_style=&#8221;solid&#8221; border_color=&#8221;#f9d8ba&#8221; border_width=&#8221;5px&#8221; padding_top=&#8221;10px&#8221; padding_bottom=&#8221;10px&#8221; padding_left=&#8221;10px&#8221; padding_right=&#8221;10px&#8221;]<div id=\"ultimate-heading-810469e44b6639afb\" class=\"uvc-heading ult-adjust-bottom-margin ultimate-heading-810469e44b6639afb uvc-9786 \" data-hspacer=\"line_only\"  data-halign=\"center\" style=\"text-align:center\"><div class=\"uvc-sub-heading ult-responsive\"  data-ultimate-target='.uvc-heading.ultimate-heading-810469e44b6639afb .uvc-sub-heading '  data-responsive-json-new='{\"font-size\":\"desktop:22px;tablet:18px;tablet_portrait:16px;\",\"line-height\":\"\"}'  style=\"font-weight:bold;color:#012169;\"><a href=\"https:\/\/www.enka.k12.tr\/istanbul\/tr\/kayit-kabul\/aday-kayit-basvuru-yontemi\/ortaokul-basvuru\/\">ORTAOKUL BA\u015eVURU<\/a><\/div><div class=\"uvc-heading-spacer line_only\" style=\"margin-top:10px;margin-bottom:20px;height:3px;\"><span class=\"uvc-headings-line\" style=\"border-style:solid;border-bottom-width:3px;border-color:#dd3333;width:autopx;\"><\/span><\/div><\/div>[vc_single_image image=&#8221;24606&#8243; img_size=&#8221;full&#8221; onclick=&#8221;custom_link&#8221; img_hover=&#8221;blurr&#8221; link=&#8221;https:\/\/www.enka.k12.tr\/istanbul\/tr\/kayit-kabul\/aday-kayit-basvuru-yontemi\/ortaokul-basvuru\/&#8221;][\/vc_column][vc_column width=&#8221;1\/4&#8243; bg_color=&#8221;#f7f7f7&#8243; border_style=&#8221;solid&#8221; border_color=&#8221;#dbe6d5&#8243; border_width=&#8221;5px&#8221; padding_top=&#8221;10px&#8221; padding_bottom=&#8221;10px&#8221; padding_left=&#8221;10px&#8221; padding_right=&#8221;10px&#8221;]<div id=\"ultimate-heading-495269e44b6639b55\" class=\"uvc-heading ult-adjust-bottom-margin ultimate-heading-495269e44b6639b55 uvc-9570 \" data-hspacer=\"line_only\"  data-halign=\"center\" style=\"text-align:center\"><div class=\"uvc-sub-heading ult-responsive\"  data-ultimate-target='.uvc-heading.ultimate-heading-495269e44b6639b55 .uvc-sub-heading '  data-responsive-json-new='{\"font-size\":\"desktop:22px;tablet:18px;tablet_portrait:16px;\",\"line-height\":\"\"}'  style=\"font-weight:bold;color:#012169;\"><a href=\"https:\/\/www.enka.k12.tr\/istanbul\/tr\/kayit-kabul\/aday-kayit-basvuru-yontemi\/lise-basvuru\/\">L\u0130SE BA\u015eVURU<\/a><\/div><div class=\"uvc-heading-spacer line_only\" style=\"margin-top:10px;margin-bottom:20px;height:3px;\"><span class=\"uvc-headings-line\" style=\"border-style:solid;border-bottom-width:3px;border-color:#dd3333;width:autopx;\"><\/span><\/div><\/div>[vc_single_image image=&#8221;23745&#8243; img_size=&#8221;full&#8221; onclick=&#8221;custom_link&#8221; img_hover=&#8221;blurr&#8221; link=&#8221;https:\/\/www.enka.k12.tr\/istanbul\/tr\/kayit-kabul\/aday-kayit-basvuru-yontemi\/lise-basvuru\/&#8221;][\/vc_column][\/vc_row][vc_row][vc_column]<div class=\"ult-spacer spacer-69e44b6639b97\" data-id=\"69e44b6639b97\" data-height=\"32\" data-height-mobile=\"32\" data-height-tab=\"32\" data-height-tab-portrait=\"\" data-height-mobile-landscape=\"\" style=\"clear:both;display:block;\"><\/div>[\/vc_column][\/vc_row][vc_row gap=&#8221;30&#8243; padding_top=&#8221;20px&#8221; padding_bottom=&#8221;40px&#8221; padding_left=&#8221;10px&#8221; padding_right=&#8221;10px&#8221; bg_type=&#8221;bg_color&#8221;][vc_column padding_right=&#8221;10px&#8221;][vc_tta_accordion style=&#8221;flat&#8221; shape=&#8221;square&#8221; color=&#8221;sky&#8221; spacing=&#8221;3&#8243; active_section=&#8221;0&#8243; no_fill=&#8221;true&#8221; collapsible_all=&#8221;true&#8221;][vc_tta_section title=&#8221;RANDEVU TALEB\u0130&#8221; tab_id=&#8221;randevu-talebi&#8221;][vc_column_text]ENKA Okullar\u0131 hakk\u0131nda bilgi sahibi olmak isteyen aday veliler Kay\u0131t Kabul B\u00f6l\u00fcm\u00fcn\u00fc arayarak randevu alabilirler. Ayr\u0131ca kabul ofisinden al\u0131nacak randevu ile okul y\u00f6neticileri ile g\u00f6r\u00fc\u015fme sa\u011flanabilir.[\/vc_column_text][\/vc_tta_section][\/vc_tta_accordion][vc_tta_accordion style=&#8221;flat&#8221; shape=&#8221;square&#8221; color=&#8221;sky&#8221; spacing=&#8221;3&#8243; active_section=&#8221;0&#8243; no_fill=&#8221;true&#8221; collapsible_all=&#8221;true&#8221;][vc_tta_section title=&#8221;K\u0130\u015e\u0130SEL VER\u0130LER\u0130N \u0130\u015eLENMES\u0130 \u0130LE \u0130LG\u0130L\u0130 ADAY VEL\u0130 AYDINLATMA METN\u0130&#8221; tab_id=&#8221;1526450493769-3432e410-150f&#8221;][vc_column_text]<\/p>\n<p><strong>ENKA SPOR E\u011e\u0130T\u0130M VE SOSYAL YARDIM VAKFI \u0130\u015eLETMES\u0130<\/strong> (ENKA) Veri Sorumlusu olarak; siz okulumuzdan hizmet almak isteyen veli adaylar\u0131n\u0131n kay\u0131t ba\u015fvuru s\u00fcrecinde \u0130\u015fletmemiz ile payla\u015ft\u0131\u011f\u0131 bilgilerinize ili\u015fkin ki\u015fisel verilerinizi korumada en y\u00fcksek seviyede hassasiyet g\u00f6stermekte ve ki\u015fisel verilerin 6698 say\u0131l\u0131 Ki\u015fisel Verilerin Korunmas\u0131 Kanunu\u2019na (Kanun) uygun olarak i\u015flenerek, muhafaza edilmesine b\u00fcy\u00fck \u00f6nem vermekteyiz.<\/p>\n<p>\u0130\u015fletmemize; Veli Aday\u0131 olarak kay\u0131t ba\u015fvurusu yaparken iletmi\u015f oldu\u011funuz Kanunun ki\u015fisel veri olarak belirledi\u011fi kimlik bilgilerinizi, ileti\u015fim bilgilerinizi, ya\u015f, cinsiyet, sa\u011fl\u0131k bilgilerinizi, medeni hal, \u00fclke gibi demografik verilerinizin yan\u0131 s\u0131ra, e\u011fitim durumunuz, \u00e7al\u0131\u015fma deneyiminize ili\u015fkin bilgiler, v.b. verileri hukuka uygun olarak i\u015flenmekte ve \u00f6\u011frencinizin okula kay\u0131t yapt\u0131rmas\u0131 halinde yasal mevzuat\u0131n belirledi\u011fi s\u00fcrelerle, \u00f6\u011frencinizin okula kayd\u0131n\u0131n ger\u00e7ekle\u015fmemesi halinde ise kay\u0131t ba\u015fvuru i\u015flemlerinin tamamlanmas\u0131ndan itibaren 6 ay s\u00fcreyle saklanmakta ve sonras\u0131nda silinmektedir.<\/p>\n<p>Okulumuza kay\u0131t ba\u015fvurusunda bulunman\u0131z s\u0131ras\u0131nda, \u00e7ocu\u011funuzun okula kay\u0131t \u015fartlar\u0131n\u0131n incelenebilmesi amac\u0131yla sizinle ve okulumuzdan e\u011fitim hizmeti alacak \u00e7ocu\u011funuzla ilgili olarak ad, soyad, adres bilgileri, telefon numaras\u0131, e-posta bilgileri, medeni ve aile durumuna ili\u015fkin bilgiler, uyruk, din, velayete ili\u015fkin kararlar, \u00e7ocu\u011funuzun e\u011fitimi ile ilgili ders notlar\u0131, kay\u0131t \u00f6ncesi Rehberlik birimimizin test ve g\u00f6zlemlerle elde etti\u011fi veriler, meslek ve e\u011fitim durumu bilgileriniz, \u00e7al\u0131\u015ft\u0131\u011f\u0131n\u0131z yer, n\u00fcfus bilgileriniz, kimlik fotokopileri, \u00f6\u011frencinin karde\u015flerine ili\u015fkin bilgiler gibi bilgiler \u0130\u015fletmemizce toplanmaktad\u0131r.<\/p>\n<p>Okulumuza Mali Yard\u0131m\/Burs m\u00fcracaat\u0131nda bulunman\u0131z halinde, oturdu\u011funuz evin tapu, kira bilgi ve belgeleri, ara\u00e7 ve gayrimenkul bilgileriniz, t\u00fcm malvarl\u0131\u011f\u0131 bilgileriniz, anne ve baban\u0131n i\u015f bilgileri, maa\u015f, ayl\u0131k gelir bilgileri, di\u011fer \u00e7ocuklar\u0131n\u0131za ili\u015fkin bilgiler, \u00e7ocu\u011funuzun ve sizin sa\u011fl\u0131k bilgileri, \u00f6dedi\u011finiz vergiye ili\u015fkin bilgileriniz mali yard\u0131m\/burs ba\u015fvurunuzun de\u011ferlendirilmesi i\u00e7in toplanacak ve sadece bu ama\u00e7 i\u00e7in yetkili birim ve makamlarla payla\u015f\u0131labilecektir. S\u00f6z konusu veriler \u00f6\u011frencinizin okula kay\u0131t i\u015flemlerinin ger\u00e7ekle\u015fmesi durumunda \u00e7ocu\u011funuz Kurumumuzda e\u011fitim g\u00f6rd\u00fc\u011f\u00fc s\u00fcrece ve \u00e7ocu\u011funuzun Kurumumuzdaki e\u011fitimi sona erdikten sonra tabi olunan yasal mevzuat\u0131n \u00f6ng\u00f6rd\u00fc\u011f\u00fc s\u00fcrece saklanacak ve i\u015flenecektir. \u00c7ocu\u011funuzun okula kay\u0131t olmamas\u0131 halinde ise, ilgili veriler kay\u0131t ba\u015fvuru i\u015flemlerinizin tamamlanmas\u0131ndan itibaren 6 ay s\u00fcreyle saklanacak ve sonras\u0131nda silinecektir.<\/p>\n<p>Okula kay\u0131t ba\u015fvurunuz sebebi ile ki\u015fisel verilerinizin hukuka ayk\u0131r\u0131 olarak i\u015flenmemesi ve eri\u015filmemesi i\u00e7in gerekli g\u00fcvenlik \u00f6nlemleri tan\u0131mlanm\u0131\u015f ve bu verilere eri\u015fimi olan personelin kanuna ayk\u0131r\u0131 olarak ba\u015fkas\u0131na a\u00e7\u0131klamamas\u0131 ve i\u015fleme amac\u0131 d\u0131\u015f\u0131nda kullanmamas\u0131n\u0131 teminen yetki s\u0131n\u0131rland\u0131rmas\u0131, gizlilik s\u00f6zle\u015fmesi imzalanmas\u0131 gibi gerekli idari ve teknik tedbirler al\u0131nm\u0131\u015ft\u0131r.<\/p>\n<p>Ki\u015fisel veri sahibi s\u0131fat\u0131 ile kendinizin ve velisi bulundu\u011funuz \u00e7ocuklar\u0131n\u0131z\u0131n ki\u015fisel verilerine y\u00f6nelik olarak her zaman;<\/p>\n<ul>\n<li>Ki\u015fisel veri i\u015flenip i\u015flenmedi\u011fini \u00f6\u011frenme,<\/li>\n<li>Ki\u015fisel verileri i\u015flenmi\u015fse buna ili\u015fkin bilgi talep etme,<\/li>\n<li>Ki\u015fisel verilerin i\u015flenme amac\u0131n\u0131 ve bunlar\u0131n amac\u0131na uygun kullan\u0131l\u0131p kullan\u0131lmad\u0131\u011f\u0131n\u0131 \u00f6\u011frenme,<\/li>\n<li>Yurt i\u00e7inde veya yurt d\u0131\u015f\u0131nda ki\u015fisel verilerin aktar\u0131ld\u0131\u011f\u0131 \u00fc\u00e7\u00fcnc\u00fc ki\u015fileri bilme,<\/li>\n<li>Ki\u015fisel verilerin eksik veya yanl\u0131\u015f i\u015flenmi\u015f olmas\u0131 h\u00e2linde bunlar\u0131n d\u00fczeltilmesini isteme ve bu kapsamda yap\u0131lan i\u015flemin ki\u015fisel verilerin aktar\u0131ld\u0131\u011f\u0131 \u00fc\u00e7\u00fcnc\u00fc ki\u015filere bildirilmesini isteme,<\/li>\n<li>KVK Kanunu\u2019nun ve ilgili di\u011fer kanun h\u00fck\u00fcmlerine uygun olarak i\u015flenmi\u015f olmas\u0131na ra\u011fmen, i\u015flenmesini gerektiren sebeplerin ortadan kalkmas\u0131 h\u00e2linde ki\u015fisel verilerin silinmesini veya yok edilmesini isteme ve bu kapsamda yap\u0131lan i\u015flemin ki\u015fisel verilerin aktar\u0131ld\u0131\u011f\u0131 \u00fc\u00e7\u00fcnc\u00fc ki\u015filere bildirilmesini isteme,<\/li>\n<li>\u0130\u015flenen verilerin m\u00fcnhas\u0131ran otomatik sistemler vas\u0131tas\u0131yla analiz edilmesi suretiyle ki\u015finin kendisi aleyhine bir sonucun ortaya \u00e7\u0131kmas\u0131na itiraz etme,<\/li>\n<li>Ki\u015fisel verilerin kanuna ayk\u0131r\u0131 olarak i\u015flenmesi sebebiyle zarara u\u011framas\u0131 h\u00e2linde zarar\u0131n giderilmesini talep etme,<\/li>\n<li style=\"text-align: justify;\">hakk\u0131na sahipsiniz.<\/li>\n<\/ul>\n<p>Yukar\u0131da yer verilen haklar\u0131n\u0131za ili\u015fkin taleplerinizi, a\u015fa\u011f\u0131da d\u00fczenlenen y\u00f6ntemlerle Kurumumuza iletmeniz durumunda Kurumumuz talebin niteli\u011fine g\u00f6re talebi en ge\u00e7 otuz g\u00fcn i\u00e7inde \u00fccretsiz olarak sonu\u00e7land\u0131racakt\u0131r.<\/p>\n<p>Ki\u015fisel veri sahipleri, yukar\u0131da yer verilen haklar\u0131na ili\u015fkin taleplerini; kimliklerini tespit edecek bilgi ve belgelerle birlikte formda belirtilen y\u00f6ntemlerle \u201c<a href=\"https:\/\/www.enka.k12.tr\/istanbul\/wp-content\/uploads\/2018\/05\/ENKA-Okullari-KVK-Basvuru-Formu_TR-1.pdf\" target=\"_blank\" rel=\"noopener noreferrer\">Veri Sahibi Ki\u015fisel Bilgi Formu&#8217;nu<\/a>\u201d doldurup imzalayarak Kurumumuza iletebileceklerdir. Ki\u015fisel veri sahipleri ad\u0131na \u00fc\u00e7\u00fcnc\u00fc ki\u015filerin ba\u015fvuru talebinde bulunabilmesi i\u00e7in veri sahibi taraf\u0131ndan ba\u015fvuruda bulunacak ki\u015fi ad\u0131na, noter kanal\u0131yla d\u00fczenlenmi\u015f \u00f6zel vek\u00e2letname bulunmal\u0131d\u0131r.<\/p>\n<p>[\/vc_column_text][\/vc_tta_section][\/vc_tta_accordion][\/vc_column][\/vc_row][vc_row][vc_column]<div id=\"modal-trg-txt-wrap-8489\" class=\"ult-modal-input-wrapper ult-adjust-bottom-margin    \" data-keypress-control=\"keypress-control-enable\" data-overlay-control=\"overlay-control-enable\"><div data-class-id=\"content-69e44b6639bef1-44049021\" class=\"ult-onload overlay-show \" data-overlay-class=\"overlay-fade\" data-onload-delay=\"2\"><\/div><\/div>\n<div class=\"ult-overlay content-69e44b6639bef1-44049021 \" data-class=\"content-69e44b6639bef1-44049021\" id=\"button-click-overlay\" style=\"background:#1E73BE00; display:none;\">\n\t<div class=\"ult_modal ult-fade ult-block\">\n\t\t<div id=\"ult-modal-wrap-3584\" class=\"ult_modal-content ult-hide\" style=\"border-style:solid;border-width:2px;border-radius:0px;border-color:#333333;\">\n\t\t\t<div  data-ultimate-target='#ult-modal-wrap-3584 .ult_modal-body'  data-responsive-json-new='{\"font-size\":\"\",\"line-height\":\"\"}'  class=\"ult_modal-body ult-responsive ult-html\" style=\"\">\n\t\t\t<a href=\"https:\/\/www.enka.k12.tr\/istanbul\/tr\/kayit-kabul\/aday-kayit-basvuru-yontemi\/lise-basvuru\/\"><img loading=\"lazy\" decoding=\"async\" class=\"aligncenter wp-image-39224 size-large\" src=\"https:\/\/www.enka.k12.tr\/istanbul\/wp-content\/uploads\/2026\/03\/Lise-Tanitim-Gunu_10_30-1-819x1024.jpg\" alt=\"\" width=\"819\" height=\"1024\" srcset=\"https:\/\/www.enka.k12.tr\/istanbul\/wp-content\/uploads\/2026\/03\/Lise-Tanitim-Gunu_10_30-1-819x1024.jpg 819w, https:\/\/www.enka.k12.tr\/istanbul\/wp-content\/uploads\/2026\/03\/Lise-Tanitim-Gunu_10_30-1-240x300.jpg 240w, https:\/\/www.enka.k12.tr\/istanbul\/wp-content\/uploads\/2026\/03\/Lise-Tanitim-Gunu_10_30-1-768x960.jpg 768w, https:\/\/www.enka.k12.tr\/istanbul\/wp-content\/uploads\/2026\/03\/Lise-Tanitim-Gunu_10_30-1-1229x1536.jpg 1229w, https:\/\/www.enka.k12.tr\/istanbul\/wp-content\/uploads\/2026\/03\/Lise-Tanitim-Gunu_10_30-1-1639x2048.jpg 1639w, https:\/\/www.enka.k12.tr\/istanbul\/wp-content\/uploads\/2026\/03\/Lise-Tanitim-Gunu_10_30-1-scaled.jpg 2048w\" sizes=\"auto, (max-width: 819px) 100vw, 819px\" \/><\/a>\n\t\t\t<\/div>\n\t<\/div>\n\t<\/div>\n\t<div class=\"ult-overlay-close top-right\" style=\"width:80px;height:80px; \"><div class=\"ult-overlay-close-inside\">Close<\/div><\/div>\n<\/div>[\/vc_column][\/vc_row]<\/p>\n<\/div>","protected":false},"excerpt":{"rendered":"<p>[vc_row equal_height=&#8221;yes&#8221; margin_left=&#8221;10px&#8221; margin_right=&#8221;10px&#8221;][vc_column width=&#8221;1\/4&#8243; bg_color=&#8221;#f7f7f7&#8243; border_style=&#8221;solid&#8221; border_color=&#8221;rgba(71,118,135,0.27)&#8221; border_width=&#8221;5px&#8221; padding_top=&#8221;10px&#8221; padding_bottom=&#8221;10px&#8221; padding_left=&#8221;10px&#8221; padding_right=&#8221;10px&#8221;][vc_single_image image=&#8221;24610&#8243; img_size=&#8221;full&#8221; onclick=&#8221;custom_link&#8221; css_animation=&#8221;none&#8221; img_hover=&#8221;blurr&#8221; link=&#8221;https:\/\/www.enka.k12.tr\/istanbul\/tr\/kayit-kabul\/aday-kayit-basvuru-yontemi\/anaokul-basvuru\/&#8221;][\/vc_column][vc_column width=&#8221;1\/4&#8243; bg_color=&#8221;#f7f7f7&#8243; border_style=&#8221;solid&#8221; border_color=&#8221;#ffeac0&#8243; border_width=&#8221;5px&#8221; padding_top=&#8221;10px&#8221; padding_bottom=&#8221;10px&#8221; padding_left=&#8221;10px&#8221; padding_right=&#8221;10px&#8221;][vc_single_image image=&#8221;24612&#8243; img_size=&#8221;full&#8221; onclick=&#8221;custom_link&#8221; img_hover=&#8221;blurr&#8221; link=&#8221;https:\/\/www.enka.k12.tr\/istanbul\/tr\/kayit-kabul\/aday-kayit-basvuru-yontemi\/ilkokul-basvuru\/&#8221;][\/vc_column][vc_column width=&#8221;1\/4&#8243; bg_color=&#8221;#f7f7f7&#8243; border_style=&#8221;solid&#8221; border_color=&#8221;#f9d8ba&#8221; border_width=&#8221;5px&#8221; padding_top=&#8221;10px&#8221; padding_bottom=&#8221;10px&#8221; padding_left=&#8221;10px&#8221; padding_right=&#8221;10px&#8221;][vc_single_image image=&#8221;24606&#8243; img_size=&#8221;full&#8221; onclick=&#8221;custom_link&#8221; img_hover=&#8221;blurr&#8221; link=&#8221;https:\/\/www.enka.k12.tr\/istanbul\/tr\/kayit-kabul\/aday-kayit-basvuru-yontemi\/ortaokul-basvuru\/&#8221;][\/vc_column][vc_column width=&#8221;1\/4&#8243; bg_color=&#8221;#f7f7f7&#8243; border_style=&#8221;solid&#8221; border_color=&#8221;#dbe6d5&#8243; border_width=&#8221;5px&#8221; padding_top=&#8221;10px&#8221; padding_bottom=&#8221;10px&#8221; padding_left=&#8221;10px&#8221; padding_right=&#8221;10px&#8221;][vc_single_image image=&#8221;23745&#8243; img_size=&#8221;full&#8221; onclick=&#8221;custom_link&#8221; img_hover=&#8221;blurr&#8221; link=&#8221;https:\/\/www.enka.k12.tr\/istanbul\/tr\/kayit-kabul\/aday-kayit-basvuru-yontemi\/lise-basvuru\/&#8221;][\/vc_column][\/vc_row][vc_row][vc_column][\/vc_column][\/vc_row][vc_row gap=&#8221;30&#8243; padding_top=&#8221;20px&#8221; padding_bottom=&#8221;40px&#8221; padding_left=&#8221;10px&#8221;&#8230;<\/p>\n","protected":false},"author":1,"featured_media":7217,"parent":5545,"menu_order":0,"comment_status":"closed","ping_status":"closed","template":"","meta":{"_acf_changed":false,"inline_featured_image":false,"footnotes":""},"class_list":["post-5737","page","type-page","status-publish","has-post-thumbnail","hentry","custom-post-type-entry"],"aioseo_notices":[],"acf":[],"_links":{"self":[{"href":"https:\/\/www.enka.k12.tr\/istanbul\/tr\/wp-json\/wp\/v2\/pages\/5737","targetHints":{"allow":["GET"]}}],"collection":[{"href":"https:\/\/www.enka.k12.tr\/istanbul\/tr\/wp-json\/wp\/v2\/pages"}],"about":[{"href":"https:\/\/www.enka.k12.tr\/istanbul\/tr\/wp-json\/wp\/v2\/types\/page"}],"author":[{"embeddable":true,"href":"https:\/\/www.enka.k12.tr\/istanbul\/tr\/wp-json\/wp\/v2\/users\/1"}],"replies":[{"embeddable":true,"href":"https:\/\/www.enka.k12.tr\/istanbul\/tr\/wp-json\/wp\/v2\/comments?post=5737"}],"version-history":[{"count":13,"href":"https:\/\/www.enka.k12.tr\/istanbul\/tr\/wp-json\/wp\/v2\/pages\/5737\/revisions"}],"predecessor-version":[{"id":39240,"href":"https:\/\/www.enka.k12.tr\/istanbul\/tr\/wp-json\/wp\/v2\/pages\/5737\/revisions\/39240"}],"up":[{"embeddable":true,"href":"https:\/\/www.enka.k12.tr\/istanbul\/tr\/wp-json\/wp\/v2\/pages\/5545"}],"wp:featuredmedia":[{"embeddable":true,"href":"https:\/\/www.enka.k12.tr\/istanbul\/tr\/wp-json\/wp\/v2\/media\/7217"}],"wp:attachment":[{"href":"https:\/\/www.enka.k12.tr\/istanbul\/tr\/wp-json\/wp\/v2\/media?parent=5737"}],"curies":[{"name":"wp","href":"https:\/\/api.w.org\/{rel}","templated":true}]}}