{"id":5770,"date":"2017-03-21T13:28:10","date_gmt":"2017-03-21T10:28:10","guid":{"rendered":"https:\/\/www.enka.com\/foundation\/schools\/istanbul\/research-projects\/"},"modified":"2021-03-26T14:09:10","modified_gmt":"2021-03-26T11:09:10","slug":"arastirma-projeleri","status":"publish","type":"page","link":"https:\/\/www.enka.k12.tr\/istanbul\/tr\/okullarimiz\/lise\/arastirma-projeleri\/","title":{"rendered":"ARA\u015eTIRMA PROJELER\u0130"},"content":{"rendered":"<div class=\"wpb-content-wrapper\"><p>[vc_row padding_left=&#8221;20px&#8221; padding_right=&#8221;20px&#8221; bg_type=&#8221;bg_color&#8221; enable_overlay=&#8221;off&#8221; bg_color_value=&#8221;rgba(247,247,247,0.8)&#8221;][vc_column]<div class=\"ult-spacer spacer-69eba02a5a29f\" data-id=\"69eba02a5a29f\" data-height=\"30\" data-height-mobile=\"10\" data-height-tab=\"20\" data-height-tab-portrait=\"\" data-height-mobile-landscape=\"\" style=\"clear:both;display:block;\"><\/div>[vc_row_inner][vc_column_inner width=&#8221;1\/6&#8243;][\/vc_column_inner][vc_column_inner width=&#8221;2\/3&#8243;]<div id=\"ultimate-heading-586369eba02a5a518\" class=\"uvc-heading ult-adjust-bottom-margin ultimate-heading-586369eba02a5a518 uvc-7257 \" data-hspacer=\"line_with_icon\" data-hline_width=\"auto\" data-hicon_type=\"custom\" data-hborder_style=\"solid\" data-hborder_height=\"3\" data-hborder_color=\"#69b3e7\" data-icon_width=\"200\" data-hfixer=\"30\"  data-halign=\"center\" style=\"text-align:center\"><div class=\"uvc-heading-spacer line_with_icon\" style=\"top\"><div class=\"ult-just-icon-wrapper  \"><div class=\"align-icon\" style=\"text-align:center;\">\n<div class=\"aio-icon-img \" style=\"font-size:200px;display:inline-block;\" >\n\t<img decoding=\"async\" class=\"img-icon\" alt=\"null\" src=\"https:\/\/www.enka.k12.tr\/istanbul\/wp-content\/uploads\/2021\/01\/enka_schools_log_newtr.jpg\"\/>\n<\/div><\/div><\/div><\/div><div class=\"uvc-sub-heading ult-responsive\"  data-ultimate-target='.uvc-heading.ultimate-heading-586369eba02a5a518 .uvc-sub-heading '  data-responsive-json-new='{\"font-size\":\"\",\"line-height\":\"\"}'  style=\"font-weight:normal;\"><br \/><\/div><\/div>[\/vc_column_inner][vc_column_inner width=&#8221;1\/6&#8243;][\/vc_column_inner][\/vc_row_inner]<div class=\"ult-spacer spacer-69eba02a5a571\" data-id=\"69eba02a5a571\" data-height=\"30\" data-height-mobile=\"10\" data-height-tab=\"20\" data-height-tab-portrait=\"\" data-height-mobile-landscape=\"\" style=\"clear:both;display:block;\"><\/div>[\/vc_column][\/vc_row][vc_row full_width=&#8221;stretch_row_content_no_spaces&#8221; gap=&#8221;30&#8243; padding_top=&#8221;10px&#8221; padding_bottom=&#8221;40px&#8221; padding_left=&#8221;10px&#8221; padding_right=&#8221;10px&#8221; bg_type=&#8221;bg_color&#8221; bg_color_value=&#8221;rgba(247,247,247,0.8)&#8221;][vc_column padding_right=&#8221;10px&#8221;][vc_tta_accordion style=&#8221;flat&#8221; shape=&#8221;square&#8221; color=&#8221;sky&#8221; spacing=&#8221;3&#8243; active_section=&#8221;0&#8243; no_fill=&#8221;true&#8221; collapsible_all=&#8221;true&#8221;][vc_tta_section title=&#8221;ARA\u015eTIRMA PROJELER\u0130&#8221; tab_id=&#8221;arastirma-projeleri&#8221;][vc_row_inner][vc_column_inner][vc_column_text]Ara\u015ft\u0131rma Projesi Haz\u0131rl\u0131k, 9.s\u0131n\u0131f ve 10. s\u0131n\u0131ftaki her \u00f6\u011frencinin y\u0131l boyunca tamamlamas\u0131 gereken bir projedir. \u00d6\u011frencilerin \u00e7al\u0131\u015fmalar\u0131 dan\u0131\u015fman \u00f6\u011fretmenleri taraf\u0131ndan ManageBac \u00fczerinden takip edilir ve geri bildirim verilir. Konular belirlendikten sonra, \u00f6\u011frenciler dan\u0131\u015fman \u00f6\u011fretmenleriyle y\u0131l i\u00e7inde belli aral\u0131klarla toplan\u0131rlar. S\u00fcrecin sonunda bir sergi d\u00fczenlenir ve \u00f6\u011frenciler ara\u015ft\u0131rma projelerini okulla payla\u015f\u0131rlar. Ara\u015ft\u0131rma projesi de\u011ferlendirme kriterleri IB \u00f6\u011frenen profili ve IB okul i\u00e7i de\u011ferlendirme kriterleri baz al\u0131narak olu\u015fturulmu\u015ftur.[\/vc_column_text][\/vc_column_inner][\/vc_row_inner][\/vc_tta_section][vc_tta_section title=&#8221;B\u0130T\u0130RME TEZ\u0130&#8221; tab_id=&#8221;bitirme-tezi&#8221;][vc_row_inner][vc_column_inner width=&#8221;2\/3&#8243;][vc_column_text]Bitirme tezi, ba\u011f\u0131ms\u0131z, kendi i\u00e7inde \u00f6zerk bir ara\u015ft\u0131rmaya dayanan ve 4000 kelimelik bir \u00e7al\u0131\u015fmad\u0131r.<\/p>\n<p><span style=\"color: #fe5252; font-size: 18pt;\">Bitirme Tezinin \u00d6nemi Nedir?<\/span><\/p>\n<p>Bitirme tezi, \u015funlar\u0131 sa\u011flar:<\/p>\n<ul>\n<li style=\"text-align: justify;\">\u00dcniversiteden \u00f6nce ara\u015ft\u0131rma yapmaya haz\u0131rlar<\/li>\n<li style=\"text-align: justify;\">\u00d6\u011frencilere ilgilendikleri ve ayn\u0131 zamanda alt\u0131 IB dersinden biriyle ilgili bir konuda ara\u015ft\u0131rma yapma f\u0131rsat\u0131 sunar.<\/li>\n<\/ul>\n<p>Bitirme tezi s\u00fcreci boyunca \u00f6\u011frenciler a\u015fa\u011f\u0131daki becerileri geli\u015ftirir:<\/p>\n<ul style=\"list-style-type: square;\">\n<li>Uygun bir ara\u015ft\u0131rma sorusu belirlemek<\/li>\n<li>Konuyu kendi ba\u015f\u0131na inceleyebilmek<\/li>\n<li>Fikirleri belirtmek<\/li>\n<li>Bir tart\u0131\u015fma geli\u015ftirmek.<\/li>\n<\/ul>\n<p>Bu s\u00fcrece kat\u0131lmak, bilgiyi analiz etme, sentezleme ve de\u011ferlendirme kapasitesini geli\u015ftirir.<\/p>\n<p>Bitirme tezi, ayn\u0131 zamanda \u00f6\u011frencilerin d\u00fcnya \u00e7ap\u0131nda \u00f6nemli g\u00fcncel bir konuyu, iki IB dersinde kar\u015f\u0131l\u0131kl\u0131 ve disiplinleraras\u0131 olarak derinlemesine \u00e7al\u0131\u015ft\u0131\u011f\u0131 d\u00fcnya \u00e7al\u0131\u015fmalar\u0131 \u015feklinde y\u00fcr\u00fct\u00fclebilir.[\/vc_column_text]<div class=\"ult-spacer spacer-69eba02a5a5a0\" data-id=\"69eba02a5a5a0\" data-height=\"30\" data-height-mobile=\"10\" data-height-tab=\"20\" data-height-tab-portrait=\"\" data-height-mobile-landscape=\"\" style=\"clear:both;display:block;\"><\/div>[\/vc_column_inner][vc_column_inner width=&#8221;1\/3&#8243;][vc_column_text]<\/p>\n<p style=\"text-align: center;\">Daha fazla bilgi i\u00e7in <a href=\"http:\/\/www.ibo.org\/programmes\/diploma-programme\/curriculum\/extended-essay\/what-is-the-extended-essay\/\">l\u00fctfen t\u0131klay\u0131n<\/a>\u2026<\/p>\n<p>[\/vc_column_text]<div class=\"ult-spacer spacer-69eba02a5a5cb\" data-id=\"69eba02a5a5cb\" data-height=\"30\" data-height-mobile=\"10\" data-height-tab=\"20\" data-height-tab-portrait=\"\" data-height-mobile-landscape=\"\" style=\"clear:both;display:block;\"><\/div><div class=\"ult-spacer spacer-69eba02a5a5f2\" data-id=\"69eba02a5a5f2\" data-height=\"30\" data-height-mobile=\"10\" data-height-tab=\"20\" data-height-tab-portrait=\"\" data-height-mobile-landscape=\"\" style=\"clear:both;display:block;\"><\/div>[\/vc_column_inner][\/vc_row_inner][\/vc_tta_section][\/vc_tta_accordion][\/vc_column][\/vc_row]<\/p>\n<\/div>","protected":false},"excerpt":{"rendered":"<p>[vc_row padding_left=&#8221;20px&#8221; padding_right=&#8221;20px&#8221; bg_type=&#8221;bg_color&#8221; enable_overlay=&#8221;off&#8221; bg_color_value=&#8221;rgba(247,247,247,0.8)&#8221;][vc_column][vc_row_inner][vc_column_inner width=&#8221;1\/6&#8243;][\/vc_column_inner][vc_column_inner width=&#8221;2\/3&#8243;][\/vc_column_inner][vc_column_inner width=&#8221;1\/6&#8243;][\/vc_column_inner][\/vc_row_inner][\/vc_column][\/vc_row][vc_row full_width=&#8221;stretch_row_content_no_spaces&#8221; gap=&#8221;30&#8243; padding_top=&#8221;10px&#8221; padding_bottom=&#8221;40px&#8221; padding_left=&#8221;10px&#8221; padding_right=&#8221;10px&#8221; bg_type=&#8221;bg_color&#8221; bg_color_value=&#8221;rgba(247,247,247,0.8)&#8221;][vc_column padding_right=&#8221;10px&#8221;][vc_tta_accordion style=&#8221;flat&#8221; shape=&#8221;square&#8221; color=&#8221;sky&#8221; spacing=&#8221;3&#8243; active_section=&#8221;0&#8243; no_fill=&#8221;true&#8221; collapsible_all=&#8221;true&#8221;][vc_tta_section title=&#8221;ARA\u015eTIRMA PROJELER\u0130&#8221; tab_id=&#8221;arastirma-projeleri&#8221;][vc_row_inner][vc_column_inner][vc_column_text]Ara\u015ft\u0131rma Projesi Haz\u0131rl\u0131k, 9.s\u0131n\u0131f ve 10. s\u0131n\u0131ftaki her \u00f6\u011frencinin y\u0131l boyunca tamamlamas\u0131 gereken bir projedir. \u00d6\u011frencilerin \u00e7al\u0131\u015fmalar\u0131 dan\u0131\u015fman \u00f6\u011fretmenleri taraf\u0131ndan ManageBac \u00fczerinden takip edilir ve geri bildirim verilir. Konular belirlendikten sonra, \u00f6\u011frenciler dan\u0131\u015fman \u00f6\u011fretmenleriyle y\u0131l i\u00e7inde belli aral\u0131klarla&#8230;<\/p>\n","protected":false},"author":1,"featured_media":5772,"parent":5840,"menu_order":0,"comment_status":"closed","ping_status":"closed","template":"","meta":{"_acf_changed":false,"om_disable_all_campaigns":false,"inline_featured_image":false,"_monsterinsights_skip_tracking":false,"_monsterinsights_sitenote_active":false,"_monsterinsights_sitenote_note":"","_monsterinsights_sitenote_category":0,"footnotes":""},"class_list":["post-5770","page","type-page","status-publish","has-post-thumbnail","hentry","custom-post-type-entry"],"aioseo_notices":[],"acf":[],"_links":{"self":[{"href":"https:\/\/www.enka.k12.tr\/istanbul\/tr\/wp-json\/wp\/v2\/pages\/5770","targetHints":{"allow":["GET"]}}],"collection":[{"href":"https:\/\/www.enka.k12.tr\/istanbul\/tr\/wp-json\/wp\/v2\/pages"}],"about":[{"href":"https:\/\/www.enka.k12.tr\/istanbul\/tr\/wp-json\/wp\/v2\/types\/page"}],"author":[{"embeddable":true,"href":"https:\/\/www.enka.k12.tr\/istanbul\/tr\/wp-json\/wp\/v2\/users\/1"}],"replies":[{"embeddable":true,"href":"https:\/\/www.enka.k12.tr\/istanbul\/tr\/wp-json\/wp\/v2\/comments?post=5770"}],"version-history":[{"count":0,"href":"https:\/\/www.enka.k12.tr\/istanbul\/tr\/wp-json\/wp\/v2\/pages\/5770\/revisions"}],"up":[{"embeddable":true,"href":"https:\/\/www.enka.k12.tr\/istanbul\/tr\/wp-json\/wp\/v2\/pages\/5840"}],"wp:featuredmedia":[{"embeddable":true,"href":"https:\/\/www.enka.k12.tr\/istanbul\/tr\/wp-json\/wp\/v2\/media\/5772"}],"wp:attachment":[{"href":"https:\/\/www.enka.k12.tr\/istanbul\/tr\/wp-json\/wp\/v2\/media?parent=5770"}],"curies":[{"name":"wp","href":"https:\/\/api.w.org\/{rel}","templated":true}]}}