{"id":5782,"date":"2017-02-16T11:38:06","date_gmt":"2017-02-16T08:38:06","guid":{"rendered":"https:\/\/www.enka.com\/foundation\/schools\/istanbul\/kampusumuz\/transportation\/"},"modified":"2025-11-28T09:38:23","modified_gmt":"2025-11-28T06:38:23","slug":"ulasim","status":"publish","type":"page","link":"https:\/\/www.enka.k12.tr\/istanbul\/tr\/kampusumuz\/ulasim\/","title":{"rendered":"ULA\u015eIM"},"content":{"rendered":"<div class=\"wpb-content-wrapper\"><p>[vc_row padding_left=&#8221;20px&#8221; padding_right=&#8221;20px&#8221; bg_type=&#8221;bg_color&#8221; enable_overlay=&#8221;off&#8221; bg_color_value=&#8221;rgba(247,247,247,0.8)&#8221;][vc_column]<div class=\"ult-spacer spacer-69e449029a365\" data-id=\"69e449029a365\" data-height=\"30\" data-height-mobile=\"10\" data-height-tab=\"20\" data-height-tab-portrait=\"\" data-height-mobile-landscape=\"\" style=\"clear:both;display:block;\"><\/div>[vc_row_inner][vc_column_inner width=&#8221;1\/6&#8243;][\/vc_column_inner][vc_column_inner width=&#8221;2\/3&#8243;]<div id=\"ultimate-heading-843369e449029a66a\" class=\"uvc-heading ult-adjust-bottom-margin ultimate-heading-843369e449029a66a uvc-777 \" data-hspacer=\"line_with_icon\" data-hline_width=\"auto\" data-hicon_type=\"custom\" data-hborder_style=\"solid\" data-hborder_height=\"3\" data-hborder_color=\"#69b3e7\" data-icon_width=\"200\" data-hfixer=\"30\"  data-halign=\"center\" style=\"text-align:center\"><div class=\"uvc-heading-spacer line_with_icon\" style=\"top\"><div class=\"ult-just-icon-wrapper  \"><div class=\"align-icon\" style=\"text-align:center;\">\n<div class=\"aio-icon-img \" style=\"font-size:200px;display:inline-block;\" >\n\t<img decoding=\"async\" class=\"img-icon\" alt=\"null\" src=\"https:\/\/www.enka.k12.tr\/istanbul\/wp-content\/uploads\/2021\/01\/enka_schools_log_newtr.jpg\"\/>\n<\/div><\/div><\/div><\/div><div class=\"uvc-sub-heading ult-responsive\"  data-ultimate-target='.uvc-heading.ultimate-heading-843369e449029a66a .uvc-sub-heading '  data-responsive-json-new='{\"font-size\":\"\",\"line-height\":\"\"}'  style=\"font-weight:normal;\"><br \/>\n<\/div><\/div>[\/vc_column_inner][vc_column_inner width=&#8221;1\/6&#8243;][\/vc_column_inner][\/vc_row_inner][\/vc_column][\/vc_row][vc_row gap=&#8221;30&#8243; padding_top=&#8221;40px&#8221; padding_bottom=&#8221;40px&#8221; padding_left=&#8221;10px&#8221; padding_right=&#8221;10px&#8221; bg_type=&#8221;bg_color&#8221; bg_color_value=&#8221;rgba(247,247,247,0.8)&#8221;][vc_column padding_right=&#8221;10px&#8221;][vc_column_text]<\/p>\n<p class=\"x_MsoNormal\"><span data-olk-copy-source=\"MessageBody\">Okul Servis Ara\u00e7lar\u0131 Hizmet Y\u00f6netmeli\u011fi\u2019nin 7. maddesi do\u011frultusunda Okul Aile Birli\u011fi Servis Komisyonu, 2025-2026 E\u011fitim-\u00d6\u011fretim Y\u0131l\u0131 i\u00e7in G\u00fcrsel Turizm ile anla\u015fma yapm\u0131\u015ft\u0131r.<\/span><\/p>\n<p class=\"x_MsoNormal\">Servis hizmeti, 32 servis arac\u0131 ve \u015fof\u00f6r\u00fc, 31 hostes ve 32 farkl\u0131 g\u00fczergahta sa\u011flanmaktad\u0131r. Servis s\u00fcr\u00fcc\u00fcleri ve hostesler, psikoteknik testinden ge\u00e7mekte, etkili ileti\u015fim, stresle ba\u015fa \u00e7\u0131kabilme, ilk yard\u0131m, 5N 1K, g\u00fcvenli s\u00fcr\u00fc\u015f gibi e\u011fitimleri almaktad\u0131rlar. Ara\u00e7larda, her \u00f6\u011frenci i\u00e7in ya\u015f\u0131na uygun emniyet kemerli bir koltuk bulunmaktad\u0131r.<\/p>\n<p class=\"x_MsoNormal\">Servis ara\u00e7lar\u0131, ISO 9001 Kalite G\u00fcvence Sistemi standartlar\u0131na ve Ula\u015ft\u0131rma Bakanl\u0131\u011f\u0131 Okul Servisi Hizmet Y\u00f6netmeli\u011fine g\u00f6re ekipman ve evraklar\u0131 bulundurmakta ve servis hizmeti d\u00fczenli olarak kontrol edilmektedir. Ara\u00e7larda, acil durumlar i\u00e7in su ve yiyecek bulundurulmaktad\u0131r. T\u00fcm servis ara\u00e7lar\u0131m\u0131zda, GPRS donan\u0131m\u0131 mevcut olup, bu sayede servis ara\u00e7lar\u0131m\u0131z s\u00fcrekli olarak takip edilebilmektedir.<\/p>\n<p>[\/vc_column_text][\/vc_column][\/vc_row][vc_row padding_top=&#8221;20px&#8221; padding_bottom=&#8221;40px&#8221; padding_left=&#8221;10px&#8221; padding_right=&#8221;10px&#8221; bg_type=&#8221;bg_color&#8221; bg_color_value=&#8221;#f7f7f7&#8243;][vc_column]<div class=\"ult-spacer spacer-69e449029a6c6\" data-id=\"69e449029a6c6\" data-height=\"30\" data-height-mobile=\"10\" data-height-tab=\"20\" data-height-tab-portrait=\"\" data-height-mobile-landscape=\"\" style=\"clear:both;display:block;\"><\/div><div id=\"ultimate-heading-552369e449029a731\" class=\"uvc-heading ult-adjust-bottom-margin ultimate-heading-552369e449029a731 uvc-8255 \" data-hspacer=\"line_only\"  data-halign=\"left\" style=\"text-align:left\"><div class=\"uvc-sub-heading ult-responsive\"  data-ultimate-target='.uvc-heading.ultimate-heading-552369e449029a731 .uvc-sub-heading '  data-responsive-json-new='{\"font-size\":\"desktop:30px;tablet_portrait:30px;mobile_landscape:30px;mobile:30px;\",\"line-height\":\"desktop:50px;tablet_portrait:50px;mobile_landscape:50px;mobile:50px;\"}'  style=\"font-weight:bold;color:#000000;\">Sertifikalar<\/div><div class=\"uvc-heading-spacer line_only\" style=\"margin-top:10px;height:3px;\"><span class=\"uvc-headings-line\" style=\"border-style:solid;border-bottom-width:3px;border-color:#69b3e7;width:100px;\"><\/span><\/div><\/div>[vc_row_inner][vc_column_inner width=&#8221;1\/6&#8243; alignment=&#8221;center&#8221;]<div class=\"ult-spacer spacer-69e449029a778\" data-id=\"69e449029a778\" data-height=\"30\" data-height-mobile=\"20\" data-height-tab=\"20\" data-height-tab-portrait=\"20\" data-height-mobile-landscape=\"20\" style=\"clear:both;display:block;\"><\/div>[vc_single_image image=&#8221;34552&#8243; img_size=&#8221;full&#8221; add_caption=&#8221;yes&#8221; onclick=&#8221;custom_link&#8221; img_link_target=&#8221;_blank&#8221; alignment=&#8221;center&#8221; link=&#8221;https:\/\/www.enka.k12.tr\/istanbul\/wp-content\/uploads\/2022\/05\/GURSEL-ISO9001.pdf&#8221;]<div class=\"ult-spacer spacer-69e449029a7a7\" data-id=\"69e449029a7a7\" data-height=\"10\" data-height-mobile=\"3\" data-height-tab=\"7\" data-height-tab-portrait=\"\" data-height-mobile-landscape=\"\" style=\"clear:both;display:block;\"><\/div>[vc_column_text]<\/p>\n<p style=\"text-align: center;\"><span style=\"font-size: 14pt;\"><strong>ISO 9001<\/strong><\/span><\/p>\n<p>[\/vc_column_text]<div class=\"ult-spacer spacer-69e449029a7d3\" data-id=\"69e449029a7d3\" data-height=\"30\" data-height-mobile=\"10\" data-height-tab=\"20\" data-height-tab-portrait=\"\" data-height-mobile-landscape=\"\" style=\"clear:both;display:block;\"><\/div>[\/vc_column_inner][vc_column_inner width=&#8221;1\/6&#8243;]<div class=\"ult-spacer spacer-69e449029a811\" data-id=\"69e449029a811\" data-height=\"30\" data-height-mobile=\"10\" data-height-tab=\"20\" data-height-tab-portrait=\"\" data-height-mobile-landscape=\"\" style=\"clear:both;display:block;\"><\/div>[vc_single_image image=&#8221;16724&#8243; img_size=&#8221;full&#8221; add_caption=&#8221;yes&#8221; onclick=&#8221;custom_link&#8221; img_link_target=&#8221;_blank&#8221; alignment=&#8221;center&#8221; link=&#8221;https:\/\/www.enka.k12.tr\/istanbul\/wp-content\/uploads\/2018\/09\/ISO-10002.pdf&#8221;]<div class=\"ult-spacer spacer-69e449029a83a\" data-id=\"69e449029a83a\" data-height=\"10\" data-height-mobile=\"3\" data-height-tab=\"7\" data-height-tab-portrait=\"\" data-height-mobile-landscape=\"\" style=\"clear:both;display:block;\"><\/div>[vc_column_text]<\/p>\n<p style=\"text-align: center;\"><span style=\"font-size: 14pt;\"><strong>ISO 10002<\/strong><\/span><\/p>\n<p>[\/vc_column_text]<div class=\"ult-spacer spacer-69e449029a863\" data-id=\"69e449029a863\" data-height=\"30\" data-height-mobile=\"10\" data-height-tab=\"20\" data-height-tab-portrait=\"\" data-height-mobile-landscape=\"\" style=\"clear:both;display:block;\"><\/div>[\/vc_column_inner][vc_column_inner width=&#8221;1\/6&#8243;]<div class=\"ult-spacer spacer-69e449029a88b\" data-id=\"69e449029a88b\" data-height=\"30\" data-height-mobile=\"10\" data-height-tab=\"20\" data-height-tab-portrait=\"\" data-height-mobile-landscape=\"\" style=\"clear:both;display:block;\"><\/div>[vc_single_image image=&#8221;34550&#8243; img_size=&#8221;full&#8221; add_caption=&#8221;yes&#8221; onclick=&#8221;custom_link&#8221; img_link_target=&#8221;_blank&#8221; alignment=&#8221;center&#8221; link=&#8221;https:\/\/www.enka.k12.tr\/istanbul\/wp-content\/uploads\/2022\/05\/GURSEL-ISO14001-2022.pdf&#8221;]<div class=\"ult-spacer spacer-69e449029a8b2\" data-id=\"69e449029a8b2\" data-height=\"10\" data-height-mobile=\"3\" data-height-tab=\"7\" data-height-tab-portrait=\"\" data-height-mobile-landscape=\"\" style=\"clear:both;display:block;\"><\/div>[vc_column_text]<\/p>\n<p style=\"text-align: center;\"><span style=\"font-size: 14pt;\"><strong>ISO 14001<\/strong><\/span><\/p>\n<p>[\/vc_column_text]<div class=\"ult-spacer spacer-69e449029a8da\" data-id=\"69e449029a8da\" data-height=\"30\" data-height-mobile=\"10\" data-height-tab=\"20\" data-height-tab-portrait=\"\" data-height-mobile-landscape=\"\" style=\"clear:both;display:block;\"><\/div>[\/vc_column_inner][vc_column_inner width=&#8221;1\/6&#8243;]<div class=\"ult-spacer spacer-69e449029a900\" data-id=\"69e449029a900\" data-height=\"30\" data-height-mobile=\"10\" data-height-tab=\"20\" data-height-tab-portrait=\"\" data-height-mobile-landscape=\"\" style=\"clear:both;display:block;\"><\/div>[vc_single_image image=&#8221;34558&#8243; img_size=&#8221;full&#8221; add_caption=&#8221;yes&#8221; onclick=&#8221;custom_link&#8221; img_link_target=&#8221;_blank&#8221; alignment=&#8221;center&#8221; link=&#8221;https:\/\/www.enka.k12.tr\/istanbul\/wp-content\/uploads\/2022\/05\/GURSEL-ISO-27001-2013.pdf&#8221;]<div class=\"ult-spacer spacer-69e449029a926\" data-id=\"69e449029a926\" data-height=\"10\" data-height-mobile=\"3\" data-height-tab=\"7\" data-height-tab-portrait=\"\" data-height-mobile-landscape=\"\" style=\"clear:both;display:block;\"><\/div>[vc_column_text]<\/p>\n<p style=\"text-align: center;\"><span style=\"font-size: 14pt;\"><strong>ISO 27001<\/strong><\/span><\/p>\n<p>[\/vc_column_text]<div class=\"ult-spacer spacer-69e449029a94c\" data-id=\"69e449029a94c\" data-height=\"30\" data-height-mobile=\"10\" data-height-tab=\"20\" data-height-tab-portrait=\"\" data-height-mobile-landscape=\"\" style=\"clear:both;display:block;\"><\/div>[\/vc_column_inner][vc_column_inner width=&#8221;1\/6&#8243;]<div class=\"ult-spacer spacer-69e449029a972\" data-id=\"69e449029a972\" data-height=\"30\" data-height-mobile=\"10\" data-height-tab=\"20\" data-height-tab-portrait=\"\" data-height-mobile-landscape=\"\" style=\"clear:both;display:block;\"><\/div>[vc_single_image image=&#8221;16720&#8243; img_size=&#8221;full&#8221; add_caption=&#8221;yes&#8221; onclick=&#8221;custom_link&#8221; img_link_target=&#8221;_blank&#8221; alignment=&#8221;center&#8221; link=&#8221;https:\/\/www.enka.k12.tr\/istanbul\/wp-content\/uploads\/2018\/09\/OHSAS-18001.pdf&#8221;]<div class=\"ult-spacer spacer-69e449029a999\" data-id=\"69e449029a999\" data-height=\"10\" data-height-mobile=\"3\" data-height-tab=\"7\" data-height-tab-portrait=\"\" data-height-mobile-landscape=\"\" style=\"clear:both;display:block;\"><\/div>[vc_column_text]<\/p>\n<p style=\"text-align: center;\"><span style=\"font-size: 14pt;\"><strong>OHSAS 18001<\/strong><\/span><\/p>\n<p>[\/vc_column_text]<div class=\"ult-spacer spacer-69e449029a9be\" data-id=\"69e449029a9be\" data-height=\"30\" data-height-mobile=\"10\" data-height-tab=\"20\" data-height-tab-portrait=\"\" data-height-mobile-landscape=\"\" style=\"clear:both;display:block;\"><\/div>[\/vc_column_inner][vc_column_inner width=&#8221;1\/6&#8243;]<div class=\"ult-spacer spacer-69e449029a9e4\" data-id=\"69e449029a9e4\" data-height=\"30\" data-height-mobile=\"10\" data-height-tab=\"20\" data-height-tab-portrait=\"\" data-height-mobile-landscape=\"\" style=\"clear:both;display:block;\"><\/div>[vc_single_image image=&#8221;34556&#8243; img_size=&#8221;full&#8221; add_caption=&#8221;yes&#8221; onclick=&#8221;custom_link&#8221; img_link_target=&#8221;_blank&#8221; alignment=&#8221;center&#8221; link=&#8221;https:\/\/www.enka.k12.tr\/istanbul\/wp-content\/uploads\/2022\/05\/GURSEL-TSE-2022.pdf&#8221;]<div class=\"ult-spacer spacer-69e449029aa09\" data-id=\"69e449029aa09\" data-height=\"10\" data-height-mobile=\"3\" data-height-tab=\"7\" data-height-tab-portrait=\"\" data-height-mobile-landscape=\"\" style=\"clear:both;display:block;\"><\/div>[vc_column_text]<\/p>\n<p style=\"text-align: center;\"><span style=\"font-size: 14pt;\"><strong>TSE<\/strong><\/span><\/p>\n<p>[\/vc_column_text]<div class=\"ult-spacer spacer-69e449029aa2f\" data-id=\"69e449029aa2f\" data-height=\"30\" data-height-mobile=\"10\" data-height-tab=\"20\" data-height-tab-portrait=\"\" data-height-mobile-landscape=\"\" style=\"clear:both;display:block;\"><\/div>[\/vc_column_inner][\/vc_row_inner]<div class=\"ult-spacer spacer-69e449029aa55\" data-id=\"69e449029aa55\" data-height=\"50\" data-height-mobile=\"30\" data-height-tab=\"50\" data-height-tab-portrait=\"50\" data-height-mobile-landscape=\"40\" style=\"clear:both;display:block;\"><\/div>[\/vc_column][\/vc_row][vc_row gap=&#8221;30&#8243; padding_top=&#8221;40px&#8221; padding_bottom=&#8221;40px&#8221; padding_left=&#8221;10px&#8221; padding_right=&#8221;10px&#8221; bg_type=&#8221;bg_color&#8221; bg_color_value=&#8221;rgba(247,247,247,0.8)&#8221;][vc_column width=&#8221;1\/3&#8243;][vc_custom_heading text=&#8221;G\u00dcRSEL TUR\u0130ZM F\u0130RMA YETK\u0130L\u0130S\u0130&#8221; font_container=&#8221;tag:h1|font_size:20|text_align:center|color:%2369b3e7&#8243; use_theme_fonts=&#8221;yes&#8221;][vc_column_text]<\/p>\n<p class=\"x_MsoNormal\" style=\"text-align: center;\"><b>Samet Sar\u0131er<br \/>\n<\/b>Okul Hizmetleri Avrupa B\u00f6lge Operasyon Y\u00f6neticisi<\/p>\n<p class=\"x_MsoNormal\" style=\"text-align: center;\">Telefon: +90 (533) 506 5039<br \/>\nE-mail:\u00a0<u><a title=\"mailto:samet.sarier@gurseltur.com.tr\" href=\"mailto:samet.sarier@gurseltur.com.tr\" data-linkindex=\"1\">samet.sarier@gurseltur.com.tr<\/a><\/u><\/p>\n<p>[\/vc_column_text]<div class=\"ult-spacer spacer-69e449029aa7b\" data-id=\"69e449029aa7b\" data-height=\"30\" data-height-mobile=\"10\" data-height-tab=\"20\" data-height-tab-portrait=\"\" data-height-mobile-landscape=\"\" style=\"clear:both;display:block;\"><\/div>[\/vc_column][vc_column width=&#8221;1\/3&#8243;][vc_custom_heading text=&#8221;G\u00dcRSEL TUR\u0130ZM F\u0130RMA YETK\u0130L\u0130S\u0130&#8221; font_container=&#8221;tag:h1|font_size:20|text_align:center|color:%2369b3e7&#8243; use_theme_fonts=&#8221;yes&#8221;][vc_column_text]<\/p>\n<p style=\"text-align: center;\"><strong>Zeynep D\u00fczg\u00fcn<br \/>\n<\/strong>Operasyon Sorumlusu<\/p>\n<p style=\"text-align: center;\">Telefon: +90 (533) 355 7852<br \/>\nE-mail: <a href=\"mailto:zeynep.duzgun@gurseltur.com.tr\">zeynep.duzgun@gurseltur.com.tr<\/a><\/p>\n<p>[\/vc_column_text]<div class=\"ult-spacer spacer-69e449029aa9f\" data-id=\"69e449029aa9f\" data-height=\"30\" data-height-mobile=\"10\" data-height-tab=\"20\" data-height-tab-portrait=\"\" data-height-mobile-landscape=\"\" style=\"clear:both;display:block;\"><\/div>[\/vc_column][vc_column width=&#8221;1\/3&#8243;][vc_custom_heading text=&#8221;G\u00dcRSEL TUR\u0130ZM F\u0130RMA YETK\u0130L\u0130S\u0130&#8221; font_container=&#8221;tag:h1|font_size:20|text_align:center|color:%2369b3e7&#8243; use_theme_fonts=&#8221;yes&#8221;][vc_column_text]<\/p>\n<p class=\"x_MsoNormal\" style=\"text-align: center;\"><b><span data-olk-copy-source=\"MessageBody\">Muratcan B\u0131y\u0131k<br \/>\n<\/span><\/b>Operasyon Sorumlusu<\/p>\n<p class=\"x_MsoNormal\" style=\"text-align: center;\">Telefon: +90 (537) 256 2925<br \/>\nE-mail:\u00a0<a title=\"mailto:murat.biyik@gurseltur.com.tr\" href=\"mailto:murat.biyik@gurseltur.com.tr\" data-linkindex=\"3\">murat.biyik@gurseltur.com.tr<\/a><\/p>\n<p>[\/vc_column_text]<div class=\"ult-spacer spacer-69e449029aac3\" data-id=\"69e449029aac3\" data-height=\"30\" data-height-mobile=\"10\" data-height-tab=\"20\" data-height-tab-portrait=\"\" data-height-mobile-landscape=\"\" style=\"clear:both;display:block;\"><\/div>[\/vc_column][\/vc_row]<\/p>\n<\/div>","protected":false},"excerpt":{"rendered":"<p>[vc_row padding_left=&#8221;20px&#8221; padding_right=&#8221;20px&#8221; bg_type=&#8221;bg_color&#8221; enable_overlay=&#8221;off&#8221; bg_color_value=&#8221;rgba(247,247,247,0.8)&#8221;][vc_column][vc_row_inner][vc_column_inner width=&#8221;1\/6&#8243;][\/vc_column_inner][vc_column_inner width=&#8221;2\/3&#8243;][\/vc_column_inner][vc_column_inner width=&#8221;1\/6&#8243;][\/vc_column_inner][\/vc_row_inner][\/vc_column][\/vc_row][vc_row gap=&#8221;30&#8243; padding_top=&#8221;40px&#8221; padding_bottom=&#8221;40px&#8221; padding_left=&#8221;10px&#8221; padding_right=&#8221;10px&#8221; bg_type=&#8221;bg_color&#8221; bg_color_value=&#8221;rgba(247,247,247,0.8)&#8221;][vc_column padding_right=&#8221;10px&#8221;][vc_column_text] Okul Servis Ara\u00e7lar\u0131 Hizmet Y\u00f6netmeli\u011fi\u2019nin 7. maddesi do\u011frultusunda Okul Aile Birli\u011fi Servis Komisyonu, 2025-2026 E\u011fitim-\u00d6\u011fretim Y\u0131l\u0131 i\u00e7in G\u00fcrsel Turizm ile anla\u015fma yapm\u0131\u015ft\u0131r. Servis hizmeti, 32 servis arac\u0131 ve \u015fof\u00f6r\u00fc, 31 hostes ve 32 farkl\u0131 g\u00fczergahta sa\u011flanmaktad\u0131r. Servis s\u00fcr\u00fcc\u00fcleri ve hostesler, psikoteknik testinden ge\u00e7mekte, etkili ileti\u015fim, stresle ba\u015fa \u00e7\u0131kabilme,&#8230;<\/p>\n","protected":false},"author":1,"featured_media":5783,"parent":5553,"menu_order":0,"comment_status":"closed","ping_status":"closed","template":"","meta":{"_acf_changed":false,"inline_featured_image":false,"footnotes":""},"class_list":["post-5782","page","type-page","status-publish","has-post-thumbnail","hentry","custom-post-type-entry"],"aioseo_notices":[],"acf":[],"_links":{"self":[{"href":"https:\/\/www.enka.k12.tr\/istanbul\/tr\/wp-json\/wp\/v2\/pages\/5782","targetHints":{"allow":["GET"]}}],"collection":[{"href":"https:\/\/www.enka.k12.tr\/istanbul\/tr\/wp-json\/wp\/v2\/pages"}],"about":[{"href":"https:\/\/www.enka.k12.tr\/istanbul\/tr\/wp-json\/wp\/v2\/types\/page"}],"author":[{"embeddable":true,"href":"https:\/\/www.enka.k12.tr\/istanbul\/tr\/wp-json\/wp\/v2\/users\/1"}],"replies":[{"embeddable":true,"href":"https:\/\/www.enka.k12.tr\/istanbul\/tr\/wp-json\/wp\/v2\/comments?post=5782"}],"version-history":[{"count":1,"href":"https:\/\/www.enka.k12.tr\/istanbul\/tr\/wp-json\/wp\/v2\/pages\/5782\/revisions"}],"predecessor-version":[{"id":38905,"href":"https:\/\/www.enka.k12.tr\/istanbul\/tr\/wp-json\/wp\/v2\/pages\/5782\/revisions\/38905"}],"up":[{"embeddable":true,"href":"https:\/\/www.enka.k12.tr\/istanbul\/tr\/wp-json\/wp\/v2\/pages\/5553"}],"wp:featuredmedia":[{"embeddable":true,"href":"https:\/\/www.enka.k12.tr\/istanbul\/tr\/wp-json\/wp\/v2\/media\/5783"}],"wp:attachment":[{"href":"https:\/\/www.enka.k12.tr\/istanbul\/tr\/wp-json\/wp\/v2\/media?parent=5782"}],"curies":[{"name":"wp","href":"https:\/\/api.w.org\/{rel}","templated":true}]}}