{"id":5840,"date":"2016-12-19T13:49:00","date_gmt":"2016-12-19T10:49:00","guid":{"rendered":"https:\/\/www.enka.com\/foundation\/schools\/istanbul\/high-school\/"},"modified":"2025-04-30T13:31:39","modified_gmt":"2025-04-30T10:31:39","slug":"lise","status":"publish","type":"page","link":"https:\/\/www.enka.k12.tr\/istanbul\/tr\/okullarimiz\/lise\/","title":{"rendered":"L\u0130SE"},"content":{"rendered":"<div class=\"wpb-content-wrapper\"><p>[vc_row_inner][vc_column_inner width=&#8221;1\/6&#8243;][\/vc_column_inner][vc_column_inner width=&#8221;2\/3&#8243;]<div id=\"ultimate-heading-344669e448cde418b\" class=\"uvc-heading ult-adjust-bottom-margin ultimate-heading-344669e448cde418b uvc-5471 \" data-hspacer=\"line_with_icon\" data-hline_width=\"auto\" data-hicon_type=\"custom\" data-hborder_style=\"solid\" data-hborder_height=\"3\" data-hborder_color=\"#69b3e7\" data-icon_width=\"200\" data-hfixer=\"30\"  data-halign=\"center\" style=\"text-align:center\"><div class=\"uvc-heading-spacer line_with_icon\" style=\"top\"><div class=\"ult-just-icon-wrapper  \"><div class=\"align-icon\" style=\"text-align:center;\">\n<div class=\"aio-icon-img \" style=\"font-size:200px;display:inline-block;\" >\n\t<img decoding=\"async\" class=\"img-icon\" alt=\"null\" src=\"https:\/\/www.enka.k12.tr\/istanbul\/wp-content\/uploads\/2021\/01\/enka_schools_log_newtr.jpg\"\/>\n<\/div><\/div><\/div><\/div><div class=\"uvc-sub-heading ult-responsive\"  data-ultimate-target='.uvc-heading.ultimate-heading-344669e448cde418b .uvc-sub-heading '  data-responsive-json-new='{\"font-size\":\"\",\"line-height\":\"\"}'  style=\"font-weight:normal;\"><br \/>\n<\/div><\/div><div class=\"ult-spacer spacer-69e448cde41e7\" data-id=\"69e448cde41e7\" data-height=\"24\" data-height-mobile=\"24\" data-height-tab=\"24\" data-height-tab-portrait=\"\" data-height-mobile-landscape=\"\" style=\"clear:both;display:block;\"><\/div>[\/vc_column_inner][vc_column_inner width=&#8221;1\/6&#8243;][\/vc_column_inner][\/vc_row_inner][vc_row center_row=&#8221;no&#8221; padding_top=&#8221;50px&#8221; bg_type=&#8221;bg_color&#8221; bg_color_value=&#8221;#00000000&#8243;][vc_column width=&#8221;1\/3&#8243;]<div id=\"ultimate-heading-896769e448cde4244\" class=\"uvc-heading ult-adjust-bottom-margin ultimate-heading-896769e448cde4244 uvc-181 \" data-hspacer=\"line_only\"  data-halign=\"left\" style=\"text-align:left\"><div class=\"uvc-main-heading ult-responsive\"  data-ultimate-target='.uvc-heading.ultimate-heading-896769e448cde4244 h2'  data-responsive-json-new='{\"font-size\":\"desktop:20px;\",\"line-height\":\"desktop:20px;\"}' ><h2 style=\"font-family:&#039;Roboto Condensed&#039;;font-weight:normal;color:#000000;\">L\u0130SEM\u0130ZE<\/h2><\/div><div class=\"uvc-sub-heading ult-responsive\"  data-ultimate-target='.uvc-heading.ultimate-heading-896769e448cde4244 .uvc-sub-heading '  data-responsive-json-new='{\"font-size\":\"desktop:44px;tablet:42px;tablet_portrait:40px;mobile_landscape:38px;mobile:36px;\",\"line-height\":\"desktop:60px;tablet_portrait:50px;mobile_landscape:50px;mobile:50px;\"}'  style=\"font-family:&#039;Roboto Condensed&#039;;font-weight:bold;color:#000000;\"><span style=\"font-family: 'Roboto Condensed'; color: #69b3e7;\">Ho\u015f geldiniz<\/span><\/div><div class=\"uvc-heading-spacer line_only\" style=\"margin-top:10px;height:3px;\"><span class=\"uvc-headings-line\" style=\"border-style:solid;border-bottom-width:3px;border-color:#69b3e7;width:100px;\"><\/span><\/div><\/div>[\/vc_column][vc_column width=&#8221;2\/3&#8243;]<div class=\"ult-spacer spacer-69e448cde42c2\" data-id=\"69e448cde42c2\" data-height=\"24\" data-height-mobile=\"24\" data-height-tab=\"24\" data-height-tab-portrait=\"\" data-height-mobile-landscape=\"\" style=\"clear:both;display:block;\"><\/div>[vc_column_text]<\/p>\n<p data-start=\"0\" data-end=\"32\">Sevgili veliler ve \u00f6\u011frenciler,<\/p>\n<p data-start=\"34\" data-end=\"100\">ENKA \u0130stanbul Lisesi\u2019ne ve okulumuzun web sitesine ho\u015f geldiniz!<\/p>\n<p data-start=\"102\" data-end=\"448\">ENKA \u0130stanbul Lisesi, \u00e7ift dilli e\u011fitim veren ve y\u00fcksek akademik standartlar\u0131 hedefleyen bir okuldur. Milli E\u011fitim Bakanl\u0131\u011f\u0131&#8217;na ba\u011fl\u0131 bir lise olarak, Bakanl\u0131k m\u00fcfredat\u0131n\u0131n t\u00fcm gerekliliklerini yerine getirmekte ve bunu, uluslararas\u0131 d\u00fczeyde \u00fcniversite seviyesindeki dersler olarak kabul edilen Advanced Placement program\u0131 ile desteklemektedir.<\/p>\n<p data-start=\"450\" data-end=\"729\" data-is-last-node=\"\" data-is-only-node=\"\">Akademik programlar\u0131m\u0131z, k\u00fcresel fark\u0131ndal\u0131\u011f\u0131 te\u015fvik eder ve akademik m\u00fckemmeliyeti esas al\u0131r. ENKA \u0130stanbul Lisesi, liderlik ve sorumluluk bilinci geli\u015fmi\u015f, k\u00fcresel d\u00fc\u015f\u00fcnebilen bir \u00f6\u011frenci profili olu\u015fturmay\u0131 hedefleyen, titizlikle haz\u0131rlanm\u0131\u015f \u00e7ok y\u00f6nl\u00fc m\u00fcfredatlar sunmaktad\u0131r.<\/p>\n<p>[\/vc_column_text][\/vc_column][\/vc_row]<\/p>\n<\/div>","protected":false},"excerpt":{"rendered":"<p>[vc_row_inner][vc_column_inner width=&#8221;1\/6&#8243;][\/vc_column_inner][vc_column_inner width=&#8221;2\/3&#8243;][\/vc_column_inner][vc_column_inner width=&#8221;1\/6&#8243;][\/vc_column_inner][\/vc_row_inner][vc_row center_row=&#8221;no&#8221; padding_top=&#8221;50px&#8221; bg_type=&#8221;bg_color&#8221; bg_color_value=&#8221;#00000000&#8243;][vc_column width=&#8221;1\/3&#8243;][\/vc_column][vc_column width=&#8221;2\/3&#8243;][vc_column_text] Sevgili veliler ve \u00f6\u011frenciler, ENKA \u0130stanbul Lisesi\u2019ne ve okulumuzun web sitesine ho\u015f geldiniz! ENKA \u0130stanbul Lisesi, \u00e7ift dilli e\u011fitim veren ve y\u00fcksek akademik standartlar\u0131 hedefleyen bir okuldur. Milli E\u011fitim Bakanl\u0131\u011f\u0131&#8217;na ba\u011fl\u0131 bir lise olarak, Bakanl\u0131k m\u00fcfredat\u0131n\u0131n t\u00fcm gerekliliklerini yerine getirmekte ve bunu, uluslararas\u0131 d\u00fczeyde \u00fcniversite seviyesindeki dersler olarak kabul edilen Advanced Placement program\u0131 ile desteklemektedir&#8230;.<\/p>\n","protected":false},"author":1,"featured_media":5841,"parent":5548,"menu_order":0,"comment_status":"closed","ping_status":"closed","template":"","meta":{"_acf_changed":false,"inline_featured_image":false,"footnotes":""},"class_list":["post-5840","page","type-page","status-publish","has-post-thumbnail","hentry","custom-post-type-entry"],"aioseo_notices":[],"acf":[],"_links":{"self":[{"href":"https:\/\/www.enka.k12.tr\/istanbul\/tr\/wp-json\/wp\/v2\/pages\/5840","targetHints":{"allow":["GET"]}}],"collection":[{"href":"https:\/\/www.enka.k12.tr\/istanbul\/tr\/wp-json\/wp\/v2\/pages"}],"about":[{"href":"https:\/\/www.enka.k12.tr\/istanbul\/tr\/wp-json\/wp\/v2\/types\/page"}],"author":[{"embeddable":true,"href":"https:\/\/www.enka.k12.tr\/istanbul\/tr\/wp-json\/wp\/v2\/users\/1"}],"replies":[{"embeddable":true,"href":"https:\/\/www.enka.k12.tr\/istanbul\/tr\/wp-json\/wp\/v2\/comments?post=5840"}],"version-history":[{"count":0,"href":"https:\/\/www.enka.k12.tr\/istanbul\/tr\/wp-json\/wp\/v2\/pages\/5840\/revisions"}],"up":[{"embeddable":true,"href":"https:\/\/www.enka.k12.tr\/istanbul\/tr\/wp-json\/wp\/v2\/pages\/5548"}],"wp:featuredmedia":[{"embeddable":true,"href":"https:\/\/www.enka.k12.tr\/istanbul\/tr\/wp-json\/wp\/v2\/media\/5841"}],"wp:attachment":[{"href":"https:\/\/www.enka.k12.tr\/istanbul\/tr\/wp-json\/wp\/v2\/media?parent=5840"}],"curies":[{"name":"wp","href":"https:\/\/api.w.org\/{rel}","templated":true}]}}