{"id":5843,"date":"2016-12-19T13:48:22","date_gmt":"2016-12-19T10:48:22","guid":{"rendered":"https:\/\/www.enka.com\/foundation\/schools\/istanbul\/middle-school\/"},"modified":"2022-09-01T08:52:39","modified_gmt":"2022-09-01T05:52:39","slug":"ortaokul","status":"publish","type":"page","link":"https:\/\/www.enka.k12.tr\/istanbul\/tr\/okullarimiz\/ortaokul\/","title":{"rendered":"ORTAOKUL"},"content":{"rendered":"<div class=\"wpb-content-wrapper\"><p>[vc_row_inner][vc_column_inner width=&#8221;1\/6&#8243;][\/vc_column_inner][vc_column_inner width=&#8221;2\/3&#8243;]<div id=\"ultimate-heading-500569eb9ff88a870\" class=\"uvc-heading ult-adjust-bottom-margin ultimate-heading-500569eb9ff88a870 uvc-4330 \" data-hspacer=\"line_with_icon\" data-hline_width=\"auto\" data-hicon_type=\"custom\" data-hborder_style=\"solid\" data-hborder_height=\"3\" data-hborder_color=\"#69b3e7\" data-icon_width=\"200\" data-hfixer=\"30\"  data-halign=\"center\" style=\"text-align:center\"><div class=\"uvc-heading-spacer line_with_icon\" style=\"top\"><div class=\"ult-just-icon-wrapper  \"><div class=\"align-icon\" style=\"text-align:center;\">\n<div class=\"aio-icon-img \" style=\"font-size:200px;display:inline-block;\" >\n\t<img decoding=\"async\" class=\"img-icon\" alt=\"null\" src=\"https:\/\/www.enka.k12.tr\/istanbul\/wp-content\/uploads\/2021\/01\/enka_schools_log_newtr.jpg\"\/>\n<\/div><\/div><\/div><\/div><div class=\"uvc-sub-heading ult-responsive\"  data-ultimate-target='.uvc-heading.ultimate-heading-500569eb9ff88a870 .uvc-sub-heading '  data-responsive-json-new='{\"font-size\":\"\",\"line-height\":\"\"}'  style=\"font-weight:normal;\"><br \/>\n<\/div><\/div><div class=\"ult-spacer spacer-69eb9ff88a936\" data-id=\"69eb9ff88a936\" data-height=\"24\" data-height-mobile=\"24\" data-height-tab=\"24\" data-height-tab-portrait=\"\" data-height-mobile-landscape=\"\" style=\"clear:both;display:block;\"><\/div>[\/vc_column_inner][vc_column_inner width=&#8221;1\/6&#8243;][\/vc_column_inner][\/vc_row_inner][vc_row center_row=&#8221;no&#8221; padding_top=&#8221;50px&#8221; bg_type=&#8221;bg_color&#8221; bg_color_value=&#8221;#f5f5f5&#8243;][vc_column width=&#8221;1\/3&#8243;]<div id=\"ultimate-heading-577869eb9ff88aa46\" class=\"uvc-heading ult-adjust-bottom-margin ultimate-heading-577869eb9ff88aa46 uvc-82 \" data-hspacer=\"line_only\"  data-halign=\"left\" style=\"text-align:left\"><div class=\"uvc-main-heading ult-responsive\"  data-ultimate-target='.uvc-heading.ultimate-heading-577869eb9ff88aa46 h2'  data-responsive-json-new='{\"font-size\":\"desktop:20px;\",\"line-height\":\"desktop:20px;\"}' ><h2 style=\"font-family:&#039;Roboto Condensed&#039;;font-weight:normal;color:#000000;\">ORTAOKULUMUZA<\/h2><\/div><div class=\"uvc-sub-heading ult-responsive\"  data-ultimate-target='.uvc-heading.ultimate-heading-577869eb9ff88aa46 .uvc-sub-heading '  data-responsive-json-new='{\"font-size\":\"desktop:44px;tablet:42px;tablet_portrait:40px;mobile_landscape:38px;mobile:36px;\",\"line-height\":\"desktop:60px;tablet_portrait:50px;mobile_landscape:50px;mobile:50px;\"}'  style=\"font-family:&#039;Roboto Condensed&#039;;font-weight:bold;color:#000000;\"><span style=\"font-family: 'Roboto Condensed'; color: #69b3e7;\">Ho\u015f geldiniz<\/span><\/div><div class=\"uvc-heading-spacer line_only\" style=\"margin-top:10px;height:3px;\"><span class=\"uvc-headings-line\" style=\"border-style:solid;border-bottom-width:3px;border-color:#69b3e7;width:100px;\"><\/span><\/div><\/div>[vc_single_image image=&#8221;35015&#8243; img_size=&#8221;medium&#8221;][\/vc_column][vc_column width=&#8221;2\/3&#8243;]<div class=\"ult-spacer spacer-69eb9ff88ab1b\" data-id=\"69eb9ff88ab1b\" data-height=\"24\" data-height-mobile=\"24\" data-height-tab=\"24\" data-height-tab-portrait=\"\" data-height-mobile-landscape=\"\" style=\"clear:both;display:block;\"><\/div>[vc_column_text]<\/p>\n<p style=\"text-align: justify;\">Ortaokul \u00e7a\u011flar\u0131nda \u00e7ocuklar\u0131m\u0131z, zihinsel geli\u015fimlerinin en verimli zamanlar\u0131n\u0131 ya\u015farlar. Bir\u00e7ok beceri, etik de\u011ferler ve fiziksel yetkinlikler bu \u00e7a\u011flarda olgunla\u015f\u0131r. ENKA Ortaokulu, geli\u015fim \u00e7a\u011f\u0131ndaki \u00f6\u011frencilerinin bili\u015fsel, duygusal ve bedensel \u00f6zelliklerini dikkate alarak, onlar\u0131n sa\u011fl\u0131kl\u0131 geli\u015fmeleri i\u00e7in gerekli t\u00fcm e\u011fitim \u00f6\u011fretim ve dan\u0131\u015fmanl\u0131k \u00e7al\u0131\u015fmalar\u0131n\u0131 planlar ve uygular. Ortaokul seviyelerinde deneyimli ve e\u011fitimli \u00f6\u011fretmenlerimizin y\u00f6nlendiricili\u011finde, her \u00f6\u011frencimizin kendi performans\u0131n\u0131n en \u00fcst seviyesini yakalamas\u0131n\u0131 hedefliyoruz.<\/p>\n<p>[\/vc_column_text][\/vc_column][\/vc_row][vc_row center_row=&#8221;no&#8221; padding_top=&#8221;40px&#8221; padding_bottom=&#8221;40px&#8221; bg_type=&#8221;bg_color&#8221; seperator_enable=&#8221;off&#8221; bg_color_value=&#8221;#f5f5f5&#8243;][vc_column width=&#8221;3\/3&#8243;][vc_column_text]<\/p>\n<p style=\"text-align: justify;\">\u00c7ok y\u00f6nl\u00fc, \u00fclke ve d\u00fcnya sorunlar\u0131na duyarl\u0131, ana dilini ve en az iki yabanc\u0131 dili en etkin \u015fekilde kullanabilen, ki\u015fi haklar\u0131na ve akademik de\u011ferlere sayg\u0131l\u0131, sanat ve spora hayat\u0131nda yer ay\u0131rabilen bireyler olmalar\u0131n\u0131 hedefledi\u011fimiz \u00f6\u011frencilerimiz, e\u011fitim hayatlar\u0131n\u0131n \u00fcst basamaklar\u0131na haz\u0131rlan\u0131rken ENKA Ortaokulu onlar\u0131n en b\u00fcy\u00fck destek\u00e7isidir.<\/p>\n<p style=\"text-align: justify;\">ENKA Ortaokulu, \u00f6\u011frenmeyi bilen ve seven, ba\u011f\u0131ms\u0131z d\u00fc\u015f\u00fcn\u00fcp, problem \u00e7\u00f6zebilen bireyler yeti\u015ftirmek i\u00e7in hem MEB m\u00fcfredat\u0131n\u0131n gerekliliklerini, hem de ba\u015fta IB (Uluslaras\u0131 Bakalorya \u00d6rg\u00fct\u00fc) olmak \u00fczere uluslararas\u0131 e\u011fitim organizasyonlar\u0131n\u0131n e\u011fitim felsefesini benimsemi\u015ftir.<\/p>\n<p style=\"text-align: justify;\">\u00d6\u011frencilerimiz, \u00f6\u011fretmen ve \u00e7al\u0131\u015fanlar\u0131m\u0131z ve velilerimizle b\u00fcy\u00fck bir aile oldu\u011fumuz ger\u00e7e\u011fiyle, T\u00fcrkiye\u2019nin ve d\u00fcnyan\u0131n \u00f6nde gelen e\u011fitim kurumlar\u0131ndan biri olma sorumlulu\u011fumuzu y\u00fcre\u011fimizde hissediyoruz. Okulumuz hakk\u0131nda daha fazla bilgi almak i\u00e7in bizlere e-posta ve telefonla ula\u015fabilirsiniz.<\/p>\n<p style=\"text-align: justify;\">Sa\u011fl\u0131kl\u0131 ve ba\u015far\u0131l\u0131 bir e\u011fitim \u00f6\u011fretim y\u0131l\u0131 dileklerimle.<\/p>\n<p><strong>H\u00fcsn\u00fc Y\u0131lmaz<\/strong><br \/>\n<strong>Ortaokul M\u00fcd\u00fcr\u00fc<\/strong>[\/vc_column_text][\/vc_column][\/vc_row]<\/p>\n<\/div>","protected":false},"excerpt":{"rendered":"<p>[vc_row_inner][vc_column_inner width=&#8221;1\/6&#8243;][\/vc_column_inner][vc_column_inner width=&#8221;2\/3&#8243;][\/vc_column_inner][vc_column_inner width=&#8221;1\/6&#8243;][\/vc_column_inner][\/vc_row_inner][vc_row center_row=&#8221;no&#8221; padding_top=&#8221;50px&#8221; bg_type=&#8221;bg_color&#8221; bg_color_value=&#8221;#f5f5f5&#8243;][vc_column width=&#8221;1\/3&#8243;][vc_single_image image=&#8221;35015&#8243; img_size=&#8221;medium&#8221;][\/vc_column][vc_column width=&#8221;2\/3&#8243;][vc_column_text] Ortaokul \u00e7a\u011flar\u0131nda \u00e7ocuklar\u0131m\u0131z, zihinsel geli\u015fimlerinin en verimli zamanlar\u0131n\u0131 ya\u015farlar. Bir\u00e7ok beceri, etik de\u011ferler ve fiziksel yetkinlikler bu \u00e7a\u011flarda olgunla\u015f\u0131r. ENKA Ortaokulu, geli\u015fim \u00e7a\u011f\u0131ndaki \u00f6\u011frencilerinin bili\u015fsel, duygusal ve bedensel \u00f6zelliklerini dikkate alarak, onlar\u0131n sa\u011fl\u0131kl\u0131 geli\u015fmeleri i\u00e7in gerekli t\u00fcm e\u011fitim \u00f6\u011fretim ve dan\u0131\u015fmanl\u0131k \u00e7al\u0131\u015fmalar\u0131n\u0131 planlar ve uygular. Ortaokul seviyelerinde deneyimli ve e\u011fitimli \u00f6\u011fretmenlerimizin y\u00f6nlendiricili\u011finde, her&#8230;<\/p>\n","protected":false},"author":1,"featured_media":5844,"parent":5548,"menu_order":0,"comment_status":"closed","ping_status":"closed","template":"","meta":{"_acf_changed":false,"om_disable_all_campaigns":false,"inline_featured_image":false,"_monsterinsights_skip_tracking":false,"_monsterinsights_sitenote_active":false,"_monsterinsights_sitenote_note":"","_monsterinsights_sitenote_category":0,"footnotes":""},"class_list":["post-5843","page","type-page","status-publish","has-post-thumbnail","hentry","custom-post-type-entry"],"aioseo_notices":[],"acf":[],"_links":{"self":[{"href":"https:\/\/www.enka.k12.tr\/istanbul\/tr\/wp-json\/wp\/v2\/pages\/5843","targetHints":{"allow":["GET"]}}],"collection":[{"href":"https:\/\/www.enka.k12.tr\/istanbul\/tr\/wp-json\/wp\/v2\/pages"}],"about":[{"href":"https:\/\/www.enka.k12.tr\/istanbul\/tr\/wp-json\/wp\/v2\/types\/page"}],"author":[{"embeddable":true,"href":"https:\/\/www.enka.k12.tr\/istanbul\/tr\/wp-json\/wp\/v2\/users\/1"}],"replies":[{"embeddable":true,"href":"https:\/\/www.enka.k12.tr\/istanbul\/tr\/wp-json\/wp\/v2\/comments?post=5843"}],"version-history":[{"count":0,"href":"https:\/\/www.enka.k12.tr\/istanbul\/tr\/wp-json\/wp\/v2\/pages\/5843\/revisions"}],"up":[{"embeddable":true,"href":"https:\/\/www.enka.k12.tr\/istanbul\/tr\/wp-json\/wp\/v2\/pages\/5548"}],"wp:featuredmedia":[{"embeddable":true,"href":"https:\/\/www.enka.k12.tr\/istanbul\/tr\/wp-json\/wp\/v2\/media\/5844"}],"wp:attachment":[{"href":"https:\/\/www.enka.k12.tr\/istanbul\/tr\/wp-json\/wp\/v2\/media?parent=5843"}],"curies":[{"name":"wp","href":"https:\/\/api.w.org\/{rel}","templated":true}]}}