{"id":5862,"date":"2016-12-19T13:28:18","date_gmt":"2016-12-19T10:28:18","guid":{"rendered":"https:\/\/www.enka.com\/foundation\/schools\/istanbul\/pre-school\/"},"modified":"2024-05-28T08:00:02","modified_gmt":"2024-05-28T05:00:02","slug":"anaokulu","status":"publish","type":"page","link":"https:\/\/www.enka.k12.tr\/istanbul\/tr\/okullarimiz\/anaokulu\/","title":{"rendered":"ANAOKULU"},"content":{"rendered":"<div class=\"wpb-content-wrapper\"><p>[vc_row_inner][vc_column_inner width=&#8221;1\/6&#8243;][\/vc_column_inner][vc_column_inner width=&#8221;2\/3&#8243;]<div id=\"ultimate-heading-737969f33bfc68a10\" class=\"uvc-heading ult-adjust-bottom-margin ultimate-heading-737969f33bfc68a10 uvc-3512 \" data-hspacer=\"line_with_icon\" data-hline_width=\"auto\" data-hicon_type=\"custom\" data-hborder_style=\"solid\" data-hborder_height=\"3\" data-hborder_color=\"#69b3e7\" data-icon_width=\"200\" data-hfixer=\"30\"  data-halign=\"center\" style=\"text-align:center\"><div class=\"uvc-heading-spacer line_with_icon\" style=\"top\"><div class=\"ult-just-icon-wrapper  \"><div class=\"align-icon\" style=\"text-align:center;\">\n<div class=\"aio-icon-img \" style=\"font-size:200px;display:inline-block;\" >\n\t<img decoding=\"async\" class=\"img-icon\" alt=\"null\" src=\"https:\/\/www.enka.k12.tr\/istanbul\/wp-content\/uploads\/2021\/01\/enka_schools_log_newtr.jpg\"\/>\n<\/div><\/div><\/div><\/div><div class=\"uvc-sub-heading ult-responsive\"  data-ultimate-target='.uvc-heading.ultimate-heading-737969f33bfc68a10 .uvc-sub-heading '  data-responsive-json-new='{\"font-size\":\"\",\"line-height\":\"\"}'  style=\"font-weight:normal;\"><br \/>\n<\/div><\/div><div class=\"ult-spacer spacer-69f33bfc68a73\" data-id=\"69f33bfc68a73\" data-height=\"24\" data-height-mobile=\"24\" data-height-tab=\"24\" data-height-tab-portrait=\"\" data-height-mobile-landscape=\"\" style=\"clear:both;display:block;\"><\/div>[\/vc_column_inner][vc_column_inner width=&#8221;1\/6&#8243;][\/vc_column_inner][\/vc_row_inner][vc_row center_row=&#8221;no&#8221; padding_top=&#8221;50px&#8221; bg_type=&#8221;bg_color&#8221; bg_color_value=&#8221;#f5f5f5&#8243;][vc_column width=&#8221;1\/3&#8243;]<div id=\"ultimate-heading-867769f33bfc68ad5\" class=\"uvc-heading ult-adjust-bottom-margin ultimate-heading-867769f33bfc68ad5 uvc-9645 \" data-hspacer=\"line_only\"  data-halign=\"left\" style=\"text-align:left\"><div class=\"uvc-main-heading ult-responsive\"  data-ultimate-target='.uvc-heading.ultimate-heading-867769f33bfc68ad5 h2'  data-responsive-json-new='{\"font-size\":\"desktop:20px;\",\"line-height\":\"desktop:20px;\"}' ><h2 style=\"font-weight:normal;color:#000000;\">ANAOKULUMUZA<\/h2><\/div><div class=\"uvc-sub-heading ult-responsive\"  data-ultimate-target='.uvc-heading.ultimate-heading-867769f33bfc68ad5 .uvc-sub-heading '  data-responsive-json-new='{\"font-size\":\"desktop:44px;tablet:42px;tablet_portrait:40px;mobile_landscape:38px;mobile:36px;\",\"line-height\":\"desktop:60px;tablet_portrait:50px;mobile_landscape:50px;mobile:50px;\"}'  style=\"font-weight:bold;color:#000000;\"><span style=\"font-family: enka_font; color: #69b3e7;\">Ho\u015f geldiniz<\/span><\/div><div class=\"uvc-heading-spacer line_only\" style=\"margin-top:10px;height:3px;\"><span class=\"uvc-headings-line\" style=\"border-style:solid;border-bottom-width:3px;border-color:#69b3e7;width:100px;\"><\/span><\/div><\/div><div class=\"ult-spacer spacer-69f33bfc68b59\" data-id=\"69f33bfc68b59\" data-height=\"30\" data-height-mobile=\"10\" data-height-tab=\"20\" data-height-tab-portrait=\"\" data-height-mobile-landscape=\"\" style=\"clear:both;display:block;\"><\/div>[vc_single_image image=&#8221;37300&#8243; img_size=&#8221;full&#8221;][\/vc_column][vc_column width=&#8221;2\/3&#8243;][vc_column_text]ENKA Anaokulu, bir \u00e7ocu\u011fun hayat\u0131ndaki ilk e\u011fitim dura\u011f\u0131 olman\u0131n \u00f6nemini bilerek \u00f6\u011frencinin mutlu bir e\u011fitim ortam\u0131nda bulunmas\u0131 i\u00e7in kendini ENKA \u0130stanbul Okullar\u0131 misyon \/vizyonuna ve ilkelerine g\u00f6re d\u00fczenlemi\u015f bir okuldur.<\/p>\n<p>1996 y\u0131l\u0131nda \u00f6\u011frencilerine kap\u0131lar\u0131n\u0131 a\u00e7an ENKA Anaokulu, ENKA\u2019l\u0131 olmak bilincini \u00f6\u011frencilerine 3 ya\u015f\u0131ndan itibaren vermeyi kendine hedef edinmi\u015ftir.<\/p>\n<p>G\u00fcn\u00fcm\u00fcz d\u00fcnyas\u0131nda e\u011fitimin de\u011fi\u015fmesi ve geli\u015fmesi ile beraber ENKA Anaokulu da kendisini bu bak\u0131\u015f a\u00e7\u0131lar\u0131n\u0131 benimsemeye ve \u00e7ocu\u011fun y\u00fcksek yarar\u0131n\u0131 g\u00f6zeterek , \u00a0\u00f6\u011fretmen kadrosunun d\u00fczenli mesleki geli\u015fimini destekleyerek \u00f6\u011frencileri i\u00e7in kendisini g\u00fcncel tutmaya devam etmektedir.<\/p>\n<p>\u0130\u00e7inde bulundu\u011fumuz kamp\u00fcs\u00fcn do\u011faya yak\u0131nl\u0131\u011f\u0131n\u0131 f\u0131rsat bilerek \u00f6\u011frencilerimiz i\u00e7in geli\u015ftirdi\u011fimiz ve hayata ge\u00e7irdi\u011fimiz A\u00e7\u0131k Havada \u00f6\u011frenme dersleri ve ilkokula haz\u0131rl\u0131k erken okur yazarl\u0131k temel program\u0131m\u0131z ile ENKA Anaokulu olarak \u00f6\u011frencilerimizin hayat boyu okul ile ili\u015fkilerini g\u00fc\u00e7lendirmek ad\u0131na temelleri at\u0131yoruz.<\/p>\n<p>Okul \u00f6ncesi seviyesinde rehberlik \u00e7al\u0131\u015fmalar\u0131 ve aile kat\u0131l\u0131m\u0131n\u0131n\u00a0 i\u015f birli\u011fi i\u00e7inde s\u00fcrmesi ile birlikte, sosyal sorumluluk projeleri ve akademik program\u0131 destekleyici okul gezileri ile ENKA Anaokulu \u00f6\u011frencileri global d\u00fc\u015f\u00fcnmenin ilk ad\u0131m\u0131n\u0131n yerel olmaktan ge\u00e7ti\u011fini bilir ve \u00f6\u011frenir.<\/p>\n<p>ENKA Anaokulu, velilerimizin ve \u00f6\u011frencilerimizin hem okulumuza hem de e\u011fitim hayat\u0131na ilk ad\u0131m att\u0131\u011f\u0131 yer olmas\u0131ndan dolay\u0131 okul toplulu\u011fumuzda \u00f6zel bir yere sahiptir.\u00a0Sosyal duygusal geli\u015fimin d\u00fczenli olarak desteklendi\u011fi, \u00e7ocu\u011fun oyunla hayat prati\u011fini yapabildi\u011fi, merak ve sorgulama becerisinin \u00e7ocu\u011fun hayat boyu \u00f6\u011frenme yolculu\u011funda ba\u015flang\u0131\u00e7 noktas\u0131 olabildi\u011fi bir okul hayalini ENKA Anaokulu ger\u00e7e\u011fe d\u00f6n\u00fc\u015ft\u00fcrm\u00fc\u015ft\u00fcr.<\/p>\n<p><strong>G\u00f6zde Olcay Ko\u00e7ak<\/strong><br \/>\n<strong>Anaokulu M\u00fcd\u00fcr\u00fc<\/strong>[\/vc_column_text][\/vc_column][\/vc_row]<\/p>\n<\/div>","protected":false},"excerpt":{"rendered":"<p>[vc_row_inner][vc_column_inner width=&#8221;1\/6&#8243;][\/vc_column_inner][vc_column_inner width=&#8221;2\/3&#8243;][\/vc_column_inner][vc_column_inner width=&#8221;1\/6&#8243;][\/vc_column_inner][\/vc_row_inner][vc_row center_row=&#8221;no&#8221; padding_top=&#8221;50px&#8221; bg_type=&#8221;bg_color&#8221; bg_color_value=&#8221;#f5f5f5&#8243;][vc_column width=&#8221;1\/3&#8243;][vc_single_image image=&#8221;37300&#8243; img_size=&#8221;full&#8221;][\/vc_column][vc_column width=&#8221;2\/3&#8243;][vc_column_text]ENKA Anaokulu, bir \u00e7ocu\u011fun hayat\u0131ndaki ilk e\u011fitim dura\u011f\u0131 olman\u0131n \u00f6nemini bilerek \u00f6\u011frencinin mutlu bir e\u011fitim ortam\u0131nda bulunmas\u0131 i\u00e7in kendini ENKA \u0130stanbul Okullar\u0131 misyon \/vizyonuna ve ilkelerine g\u00f6re d\u00fczenlemi\u015f bir okuldur. 1996 y\u0131l\u0131nda \u00f6\u011frencilerine kap\u0131lar\u0131n\u0131 a\u00e7an ENKA Anaokulu, ENKA\u2019l\u0131 olmak bilincini \u00f6\u011frencilerine 3 ya\u015f\u0131ndan itibaren vermeyi kendine hedef edinmi\u015ftir. G\u00fcn\u00fcm\u00fcz d\u00fcnyas\u0131nda e\u011fitimin de\u011fi\u015fmesi ve geli\u015fmesi&#8230;<\/p>\n","protected":false},"author":1,"featured_media":5864,"parent":5548,"menu_order":0,"comment_status":"closed","ping_status":"closed","template":"","meta":{"_acf_changed":false,"om_disable_all_campaigns":false,"inline_featured_image":false,"_monsterinsights_skip_tracking":false,"_monsterinsights_sitenote_active":false,"_monsterinsights_sitenote_note":"","_monsterinsights_sitenote_category":0,"footnotes":""},"class_list":["post-5862","page","type-page","status-publish","has-post-thumbnail","hentry","custom-post-type-entry"],"aioseo_notices":[],"acf":[],"_links":{"self":[{"href":"https:\/\/www.enka.k12.tr\/istanbul\/tr\/wp-json\/wp\/v2\/pages\/5862","targetHints":{"allow":["GET"]}}],"collection":[{"href":"https:\/\/www.enka.k12.tr\/istanbul\/tr\/wp-json\/wp\/v2\/pages"}],"about":[{"href":"https:\/\/www.enka.k12.tr\/istanbul\/tr\/wp-json\/wp\/v2\/types\/page"}],"author":[{"embeddable":true,"href":"https:\/\/www.enka.k12.tr\/istanbul\/tr\/wp-json\/wp\/v2\/users\/1"}],"replies":[{"embeddable":true,"href":"https:\/\/www.enka.k12.tr\/istanbul\/tr\/wp-json\/wp\/v2\/comments?post=5862"}],"version-history":[{"count":0,"href":"https:\/\/www.enka.k12.tr\/istanbul\/tr\/wp-json\/wp\/v2\/pages\/5862\/revisions"}],"up":[{"embeddable":true,"href":"https:\/\/www.enka.k12.tr\/istanbul\/tr\/wp-json\/wp\/v2\/pages\/5548"}],"wp:featuredmedia":[{"embeddable":true,"href":"https:\/\/www.enka.k12.tr\/istanbul\/tr\/wp-json\/wp\/v2\/media\/5864"}],"wp:attachment":[{"href":"https:\/\/www.enka.k12.tr\/istanbul\/tr\/wp-json\/wp\/v2\/media?parent=5862"}],"curies":[{"name":"wp","href":"https:\/\/api.w.org\/{rel}","templated":true}]}}