{"id":5868,"date":"2016-12-19T13:30:22","date_gmt":"2016-12-19T10:30:22","guid":{"rendered":"https:\/\/www.enka.com\/foundation\/schools\/istanbul\/primary-school\/"},"modified":"2022-06-13T17:03:13","modified_gmt":"2022-06-13T14:03:13","slug":"ilkokul","status":"publish","type":"page","link":"https:\/\/www.enka.k12.tr\/istanbul\/tr\/okullarimiz\/ilkokul\/","title":{"rendered":"\u0130LKOKUL"},"content":{"rendered":"<div class=\"wpb-content-wrapper\"><p>[vc_row_inner][vc_column_inner width=&#8221;1\/6&#8243;][\/vc_column_inner][vc_column_inner width=&#8221;2\/3&#8243;]<div id=\"ultimate-heading-516069e44bd5b818f\" class=\"uvc-heading ult-adjust-bottom-margin ultimate-heading-516069e44bd5b818f uvc-2397 \" data-hspacer=\"line_with_icon\" data-hline_width=\"auto\" data-hicon_type=\"custom\" data-hborder_style=\"solid\" data-hborder_height=\"3\" data-hborder_color=\"#69b3e7\" data-icon_width=\"200\" data-hfixer=\"30\"  data-halign=\"center\" style=\"text-align:center\"><div class=\"uvc-heading-spacer line_with_icon\" style=\"top\"><div class=\"ult-just-icon-wrapper  \"><div class=\"align-icon\" style=\"text-align:center;\">\n<div class=\"aio-icon-img \" style=\"font-size:200px;display:inline-block;\" >\n\t<img decoding=\"async\" class=\"img-icon\" alt=\"null\" src=\"https:\/\/www.enka.k12.tr\/istanbul\/wp-content\/uploads\/2021\/01\/enka_schools_log_newtr.jpg\"\/>\n<\/div><\/div><\/div><\/div><\/div><div class=\"ult-spacer spacer-69e44bd5b81e8\" data-id=\"69e44bd5b81e8\" data-height=\"24\" data-height-mobile=\"24\" data-height-tab=\"24\" data-height-tab-portrait=\"\" data-height-mobile-landscape=\"\" style=\"clear:both;display:block;\"><\/div>[\/vc_column_inner][vc_column_inner width=&#8221;1\/6&#8243;][\/vc_column_inner][\/vc_row_inner][vc_row center_row=&#8221;no&#8221; padding_top=&#8221;50px&#8221; bg_type=&#8221;bg_color&#8221; bg_color_value=&#8221;#f5f5f5&#8243;][vc_column width=&#8221;1\/3&#8243;]<div id=\"ultimate-heading-562369e44bd5b825a\" class=\"uvc-heading ult-adjust-bottom-margin ultimate-heading-562369e44bd5b825a uvc-728 \" data-hspacer=\"line_only\"  data-halign=\"left\" style=\"text-align:left\"><div class=\"uvc-main-heading ult-responsive\"  data-ultimate-target='.uvc-heading.ultimate-heading-562369e44bd5b825a h2'  data-responsive-json-new='{\"font-size\":\"desktop:20px;\",\"line-height\":\"desktop:20px;\"}' ><h2 style=\"font-family:&#039;Roboto Condensed&#039;;font-weight:normal;color:#000000;\">\u0130LKOKULUMUZA<\/h2><\/div><div class=\"uvc-sub-heading ult-responsive\"  data-ultimate-target='.uvc-heading.ultimate-heading-562369e44bd5b825a .uvc-sub-heading '  data-responsive-json-new='{\"font-size\":\"desktop:44px;tablet:42px;tablet_portrait:40px;mobile_landscape:38px;mobile:36px;\",\"line-height\":\"desktop:60px;tablet_portrait:50px;mobile_landscape:50px;mobile:50px;\"}'  style=\"font-weight:bold;color:#000000;\"><span style=\"font-family: 'Roboto Condensed'; color: #69b3e7;\">Ho\u015f geldiniz<\/span><\/div><div class=\"uvc-heading-spacer line_only\" style=\"margin-top:10px;height:3px;\"><span class=\"uvc-headings-line\" style=\"border-style:solid;border-bottom-width:3px;border-color:#69b3e7;width:100px;\"><\/span><\/div><\/div>[vc_single_image image=&#8221;29125&#8243; img_size=&#8221;medium&#8221;][\/vc_column][vc_column width=&#8221;2\/3&#8243;]<div class=\"ult-spacer spacer-69e44bd5b82d0\" data-id=\"69e44bd5b82d0\" data-height=\"24\" data-height-mobile=\"24\" data-height-tab=\"24\" data-height-tab-portrait=\"\" data-height-mobile-landscape=\"\" style=\"clear:both;display:block;\"><\/div>[vc_column_text]ENKA \u0130lkokulu sayfas\u0131na ho\u015f geldiniz. Okulumuz; \u00f6\u011frencilerin kendilerini ve \u00e7evrelerindeki d\u00fcnyay\u0131 sorular sorarak, ba\u011flant\u0131lar kurarak, varsay\u0131mlarda bulunarak ve varsay\u0131mlar\u0131n\u0131 test ederek, denemeler yaparak, riskler alarak, hatalardan ders \u00e7\u0131kartarak, birlikte \u00f6\u011frenerek ke\u015ffettikleri ve severek geldikleri bir \u00f6\u011frenme ortam\u0131d\u0131r. Okulumuz, g\u00fc\u00e7l\u00fc bir akademik program ile zengin bir ders d\u0131\u015f\u0131 etkinlikler program\u0131 sunarak \u00f6\u011frencilerimize kendilerini akademik, sosyal, fiziksel ve duygusal olarak geli\u015ftirebilecekleri f\u0131rsatlar ve deneyimler sunar. Ayr\u0131ca, merak etmeyi ve ke\u015ffetmeyi te\u015fvik eden \u00f6\u011frenme ortamlar\u0131 ve kaynaklar\u0131 sa\u011flar.<\/p>\n<p>Milli E\u011fitim Bakanl\u0131\u011f\u0131 m\u00fcfredat\u0131n\u0131 Uluslararas\u0131 Bakalorya Organizasyonunun (IB) \u0130lk Y\u0131llar Program\u0131 (PYP) \u00e7er\u00e7evesinde sunmaktay\u0131z. 2005 y\u0131l\u0131nda IB PYP uygulama yetkisi alan okulumuzda planlamaya, \u00f6\u011fretime ve \u00f6l\u00e7me de\u011ferlendirmeye okulumuzun misyonu ve \u00f6\u011frenme ilkeleri ile birlikte, PYP felsefesi ve pedagojisi y\u00f6n verir.[\/vc_column_text][\/vc_column][\/vc_row][vc_row center_row=&#8221;no&#8221; padding_top=&#8221;40px&#8221; padding_bottom=&#8221;40px&#8221; bg_type=&#8221;bg_color&#8221; seperator_enable=&#8221;off&#8221; bg_color_value=&#8221;#f5f5f5&#8243;][vc_column][vc_column_text]Okulumuzun en g\u00fc\u00e7l\u00fc yanlar\u0131ndan biri, ders d\u0131\u015f\u0131 etkinlikler program\u0131m\u0131zd\u0131r. Sanat, bilim ve spor alanlar\u0131nda onlarca etkinlik sunan bu program, \u00f6\u011frencilerimizin kendi yeteneklerini tan\u0131malar\u0131na, dengeli ve sa\u011fl\u0131k bir ya\u015fam tarz\u0131 geli\u015ftirmelerine ve etkili \u00f6z y\u00f6netim becerileri edinmelerine yard\u0131mc\u0131 olmay\u0131 ama\u00e7lar.<\/p>\n<p>Okulumuzda \u00f6\u011frencilerimizi \u00f6\u011frenmelerinin sorumlulu\u011funu \u00fcstlenmeye, davran\u0131\u015flar\u0131n\u0131n sorumlulu\u011funu almaya, do\u011fay\u0131 korumaya ve topluma hizmet etmeye te\u015fvik ederiz. Onlardan, \u00f6\u011frenmelerinin sonucunda anlaml\u0131 ve sorumlu eylemler ba\u015flatmalar\u0131n\u0131 bekleriz. Topluma hizmet \u00e7al\u0131\u015fmalar\u0131na kat\u0131l\u0131m, \u00f6\u011frencilerimize i\u015f birli\u011fi, problem \u00e7\u00f6zme, \u00e7at\u0131\u015fma \u00e7\u00f6z\u00fcm\u00fc, yarat\u0131c\u0131 ve ele\u015ftirel d\u00fc\u015f\u00fcnme becerileri kazand\u0131r\u0131r.<\/p>\n<p>ENKA \u0130lkokulu; \u00f6\u011frenmenin zaman\u0131n\u0131n, yerinin, ya\u015f\u0131n\u0131n ve s\u0131n\u0131rlar\u0131n\u0131n olmad\u0131\u011f\u0131 bir \u00f6\u011frenme ortam\u0131d\u0131r.<\/p>\n<p><strong>Nilay Y\u0131ld\u0131r\u0131m<\/strong><br \/>\n<strong>\u0130lkokul M\u00fcd\u00fcr\u00fc<\/strong>[\/vc_column_text][\/vc_column][\/vc_row]<\/p>\n<\/div>","protected":false},"excerpt":{"rendered":"<p>[vc_row_inner][vc_column_inner width=&#8221;1\/6&#8243;][\/vc_column_inner][vc_column_inner width=&#8221;2\/3&#8243;][\/vc_column_inner][vc_column_inner width=&#8221;1\/6&#8243;][\/vc_column_inner][\/vc_row_inner][vc_row center_row=&#8221;no&#8221; padding_top=&#8221;50px&#8221; bg_type=&#8221;bg_color&#8221; bg_color_value=&#8221;#f5f5f5&#8243;][vc_column width=&#8221;1\/3&#8243;][vc_single_image image=&#8221;29125&#8243; img_size=&#8221;medium&#8221;][\/vc_column][vc_column width=&#8221;2\/3&#8243;][vc_column_text]ENKA \u0130lkokulu sayfas\u0131na ho\u015f geldiniz. Okulumuz; \u00f6\u011frencilerin kendilerini ve \u00e7evrelerindeki d\u00fcnyay\u0131 sorular sorarak, ba\u011flant\u0131lar kurarak, varsay\u0131mlarda bulunarak ve varsay\u0131mlar\u0131n\u0131 test ederek, denemeler yaparak, riskler alarak, hatalardan ders \u00e7\u0131kartarak, birlikte \u00f6\u011frenerek ke\u015ffettikleri ve severek geldikleri bir \u00f6\u011frenme ortam\u0131d\u0131r. Okulumuz, g\u00fc\u00e7l\u00fc bir akademik program ile zengin bir ders d\u0131\u015f\u0131 etkinlikler program\u0131 sunarak \u00f6\u011frencilerimize kendilerini akademik, sosyal,&#8230;<\/p>\n","protected":false},"author":1,"featured_media":5495,"parent":5548,"menu_order":0,"comment_status":"closed","ping_status":"closed","template":"","meta":{"_acf_changed":false,"inline_featured_image":false,"footnotes":""},"class_list":["post-5868","page","type-page","status-publish","has-post-thumbnail","hentry","custom-post-type-entry"],"aioseo_notices":[],"acf":[],"_links":{"self":[{"href":"https:\/\/www.enka.k12.tr\/istanbul\/tr\/wp-json\/wp\/v2\/pages\/5868","targetHints":{"allow":["GET"]}}],"collection":[{"href":"https:\/\/www.enka.k12.tr\/istanbul\/tr\/wp-json\/wp\/v2\/pages"}],"about":[{"href":"https:\/\/www.enka.k12.tr\/istanbul\/tr\/wp-json\/wp\/v2\/types\/page"}],"author":[{"embeddable":true,"href":"https:\/\/www.enka.k12.tr\/istanbul\/tr\/wp-json\/wp\/v2\/users\/1"}],"replies":[{"embeddable":true,"href":"https:\/\/www.enka.k12.tr\/istanbul\/tr\/wp-json\/wp\/v2\/comments?post=5868"}],"version-history":[{"count":0,"href":"https:\/\/www.enka.k12.tr\/istanbul\/tr\/wp-json\/wp\/v2\/pages\/5868\/revisions"}],"up":[{"embeddable":true,"href":"https:\/\/www.enka.k12.tr\/istanbul\/tr\/wp-json\/wp\/v2\/pages\/5548"}],"wp:featuredmedia":[{"embeddable":true,"href":"https:\/\/www.enka.k12.tr\/istanbul\/tr\/wp-json\/wp\/v2\/media\/5495"}],"wp:attachment":[{"href":"https:\/\/www.enka.k12.tr\/istanbul\/tr\/wp-json\/wp\/v2\/media?parent=5868"}],"curies":[{"name":"wp","href":"https:\/\/api.w.org\/{rel}","templated":true}]}}