{"id":5880,"date":"2017-02-16T11:44:31","date_gmt":"2017-02-16T08:44:31","guid":{"rendered":"https:\/\/www.enka.com\/foundation\/schools\/istanbul\/ilkokul\/general-introduction-ib-primary-years-program\/"},"modified":"2023-03-09T10:55:31","modified_gmt":"2023-03-09T07:55:31","slug":"genel-bilgilendirme-ib-pyp","status":"publish","type":"page","link":"https:\/\/www.enka.k12.tr\/istanbul\/tr\/okullarimiz\/ilkokul\/genel-bilgilendirme-ib-pyp\/","title":{"rendered":"GENEL B\u0130LG\u0130LEND\u0130RME &#8211; IB PYP"},"content":{"rendered":"<div class=\"wpb-content-wrapper\"><p>[vc_row padding_left=&#8221;20px&#8221; padding_right=&#8221;20px&#8221; bg_type=&#8221;bg_color&#8221; enable_overlay=&#8221;off&#8221; bg_color_value=&#8221;rgba(247,247,247,0.8)&#8221;][vc_column]<div class=\"ult-spacer spacer-69eb9ff88b2a0\" data-id=\"69eb9ff88b2a0\" data-height=\"30\" data-height-mobile=\"10\" data-height-tab=\"20\" data-height-tab-portrait=\"\" data-height-mobile-landscape=\"\" style=\"clear:both;display:block;\"><\/div>[vc_row_inner][vc_column_inner width=&#8221;1\/6&#8243;][\/vc_column_inner][vc_column_inner width=&#8221;2\/3&#8243;]<div id=\"ultimate-heading-259569eb9ff88b4fb\" class=\"uvc-heading ult-adjust-bottom-margin ultimate-heading-259569eb9ff88b4fb uvc-6719 \" data-hspacer=\"line_with_icon\" data-hline_width=\"auto\" data-hicon_type=\"custom\" data-hborder_style=\"solid\" data-hborder_height=\"3\" data-hborder_color=\"#69b3e7\" data-icon_width=\"200\" data-hfixer=\"30\"  data-halign=\"center\" style=\"text-align:center\"><div class=\"uvc-heading-spacer line_with_icon\" style=\"top\"><div class=\"ult-just-icon-wrapper  \"><div class=\"align-icon\" style=\"text-align:center;\">\n<div class=\"aio-icon-img \" style=\"font-size:200px;display:inline-block;\" >\n\t<img decoding=\"async\" class=\"img-icon\" alt=\"null\" src=\"https:\/\/www.enka.k12.tr\/istanbul\/wp-content\/uploads\/2021\/01\/enka_schools_log_newtr.jpg\"\/>\n<\/div><\/div><\/div><\/div><div class=\"uvc-sub-heading ult-responsive\"  data-ultimate-target='.uvc-heading.ultimate-heading-259569eb9ff88b4fb .uvc-sub-heading '  data-responsive-json-new='{\"font-size\":\"\",\"line-height\":\"\"}'  style=\"font-weight:normal;\"><br \/>\n<\/div><\/div>[\/vc_column_inner][vc_column_inner width=&#8221;1\/6&#8243;][\/vc_column_inner][\/vc_row_inner][\/vc_column][\/vc_row][vc_row gap=&#8221;30&#8243; padding_top=&#8221;40px&#8221; padding_bottom=&#8221;40px&#8221; padding_left=&#8221;10px&#8221; padding_right=&#8221;10px&#8221; bg_type=&#8221;bg_color&#8221; bg_color_value=&#8221;rgba(247,247,247,0.8)&#8221;][vc_column padding_right=&#8221;10px&#8221;][vc_column_text]ENKA Okullar\u0131, Milli E\u011fitim Bakanl\u0131\u011f\u0131 m\u00fcfredat\u0131n\u0131 takip eden ulusal bir IB D\u00fcnya Okulu\u2019dur. Ulusal m\u00fcfredatta yer alan t\u00fcm i\u00e7erik, PYP Disiplinler \u00fcst\u00fc temalar\u0131 \u00e7er\u00e7evesinde ele al\u0131n\u0131r.<\/p>\n<p>ENKA Okullar\u0131, ilkokul ve anaokulu olarak, 9 Aral\u0131k 2005 tarihinde Uluslararas\u0131 Bakalorya\u2019n\u0131n \u0130lk Y\u0131llar Program\u0131n\u0131 uygulamaya yetkilendirilmi\u015f bir IB D\u00fcnya Okulu\u2019dur. IB programlar\u0131 bir\u00e7ok \u00fclkede, ulusal ve uluslararas\u0131 okullarda uygulanmaktad\u0131r. Say\u0131lar\u0131 her ge\u00e7en g\u00fcn artan okullarla IB D\u00fcnya Okulu toplulu\u011fu geni\u015flemektedir. T\u00fcrkiye\u2019de, 61 okul IB D\u00fcnya Okulu olarak yetkilendirilmi\u015f olup \u0130lk Y\u0131llar Program\u0131n\u0131 uygulamaktad\u0131r.<\/p>\n<p><strong><span style=\"color: #012169;\"><a style=\"color: #012169;\" href=\"http:\/\/ibo.org\/\">IB<\/a><\/span><\/strong> PYP, Uluslararas\u0131 Bakalorya\u2019n\u0131n 3 \u2013 12 ya\u015f aras\u0131ndaki \u00e7ocuklar i\u00e7in dizayn etti\u011fi bir m\u00fcfredat \u00e7er\u00e7evesidir. Bu ya\u015f aral\u0131\u011f\u0131ndaki \u00f6\u011frenenler i\u00e7in sunulan program \u0130lk Y\u0131llar Program\u0131 olarak adland\u0131r\u0131lmaktad\u0131r. Program, s\u0131n\u0131f i\u00e7indeki ve s\u0131n\u0131f d\u0131\u015f\u0131ndaki t\u00fcm etkinliklerle ara\u015ft\u0131ran-sorgulayan bir birey olarak 3 \u2013 12 ya\u015f aras\u0131ndaki \u00f6\u011frenenlerin b\u00fct\u00fcn alanlardaki geli\u015fimine odaklan\u0131r. IB Programlar\u0131n\u0131n amac\u0131, ulusal ve uluslararas\u0131 de\u011ferlere sahip, daha iyi ve daha huzurlu bir d\u00fcnya yaratmak isteyen bireyler yeti\u015ftirmektir. Bu ama\u00e7, IB \u00d6\u011frenen Profili \u00f6zellikleri ile hayata ge\u00e7irilmektedir.\u00a0PYP i\u00e7eri\u011fi ile ilgili bilgi almak i\u00e7in <span style=\"color: #1d386e;\"><strong><a style=\"color: #1d386e;\" href=\"https:\/\/player.vimeo.com\/video\/66637103\">t\u0131klay\u0131n\u0131z<\/a><\/strong><\/span>.[\/vc_column_text][\/vc_column][\/vc_row][vc_row][vc_column][vc_single_image image=&#8221;35544&#8243; onclick=&#8221;img_link_large&#8221;][\/vc_column][\/vc_row]<\/p>\n<\/div>","protected":false},"excerpt":{"rendered":"<p>[vc_row padding_left=&#8221;20px&#8221; padding_right=&#8221;20px&#8221; bg_type=&#8221;bg_color&#8221; enable_overlay=&#8221;off&#8221; bg_color_value=&#8221;rgba(247,247,247,0.8)&#8221;][vc_column][vc_row_inner][vc_column_inner width=&#8221;1\/6&#8243;][\/vc_column_inner][vc_column_inner width=&#8221;2\/3&#8243;][\/vc_column_inner][vc_column_inner width=&#8221;1\/6&#8243;][\/vc_column_inner][\/vc_row_inner][\/vc_column][\/vc_row][vc_row gap=&#8221;30&#8243; padding_top=&#8221;40px&#8221; padding_bottom=&#8221;40px&#8221; padding_left=&#8221;10px&#8221; padding_right=&#8221;10px&#8221; bg_type=&#8221;bg_color&#8221; bg_color_value=&#8221;rgba(247,247,247,0.8)&#8221;][vc_column padding_right=&#8221;10px&#8221;][vc_column_text]ENKA Okullar\u0131, Milli E\u011fitim Bakanl\u0131\u011f\u0131 m\u00fcfredat\u0131n\u0131 takip eden ulusal bir IB D\u00fcnya Okulu\u2019dur. Ulusal m\u00fcfredatta yer alan t\u00fcm i\u00e7erik, PYP Disiplinler \u00fcst\u00fc temalar\u0131 \u00e7er\u00e7evesinde ele al\u0131n\u0131r. ENKA Okullar\u0131, ilkokul ve anaokulu olarak, 9 Aral\u0131k 2005 tarihinde Uluslararas\u0131 Bakalorya\u2019n\u0131n \u0130lk Y\u0131llar Program\u0131n\u0131 uygulamaya yetkilendirilmi\u015f bir IB D\u00fcnya Okulu\u2019dur. IB programlar\u0131&#8230;<\/p>\n","protected":false},"author":1,"featured_media":7639,"parent":5868,"menu_order":0,"comment_status":"closed","ping_status":"closed","template":"","meta":{"_acf_changed":false,"om_disable_all_campaigns":false,"inline_featured_image":false,"_monsterinsights_skip_tracking":false,"_monsterinsights_sitenote_active":false,"_monsterinsights_sitenote_note":"","_monsterinsights_sitenote_category":0,"footnotes":""},"class_list":["post-5880","page","type-page","status-publish","has-post-thumbnail","hentry","custom-post-type-entry"],"aioseo_notices":[],"acf":[],"_links":{"self":[{"href":"https:\/\/www.enka.k12.tr\/istanbul\/tr\/wp-json\/wp\/v2\/pages\/5880","targetHints":{"allow":["GET"]}}],"collection":[{"href":"https:\/\/www.enka.k12.tr\/istanbul\/tr\/wp-json\/wp\/v2\/pages"}],"about":[{"href":"https:\/\/www.enka.k12.tr\/istanbul\/tr\/wp-json\/wp\/v2\/types\/page"}],"author":[{"embeddable":true,"href":"https:\/\/www.enka.k12.tr\/istanbul\/tr\/wp-json\/wp\/v2\/users\/1"}],"replies":[{"embeddable":true,"href":"https:\/\/www.enka.k12.tr\/istanbul\/tr\/wp-json\/wp\/v2\/comments?post=5880"}],"version-history":[{"count":0,"href":"https:\/\/www.enka.k12.tr\/istanbul\/tr\/wp-json\/wp\/v2\/pages\/5880\/revisions"}],"up":[{"embeddable":true,"href":"https:\/\/www.enka.k12.tr\/istanbul\/tr\/wp-json\/wp\/v2\/pages\/5868"}],"wp:featuredmedia":[{"embeddable":true,"href":"https:\/\/www.enka.k12.tr\/istanbul\/tr\/wp-json\/wp\/v2\/media\/7639"}],"wp:attachment":[{"href":"https:\/\/www.enka.k12.tr\/istanbul\/tr\/wp-json\/wp\/v2\/media?parent=5880"}],"curies":[{"name":"wp","href":"https:\/\/api.w.org\/{rel}","templated":true}]}}