{"id":5895,"date":"2017-02-16T11:44:26","date_gmt":"2017-02-16T08:44:26","guid":{"rendered":"https:\/\/www.enka.com\/foundation\/schools\/istanbul\/ortaokul\/general-introduction-ib-middle-years-program\/"},"modified":"2023-03-13T16:00:27","modified_gmt":"2023-03-13T13:00:27","slug":"genel-bilgilendirme-ib-myp","status":"publish","type":"page","link":"https:\/\/www.enka.k12.tr\/istanbul\/tr\/okullarimiz\/ortaokul\/genel-bilgilendirme-ib-myp\/","title":{"rendered":"GENEL B\u0130LG\u0130LEND\u0130RME &#8211; IB MYP"},"content":{"rendered":"<div class=\"wpb-content-wrapper\"><p>[vc_row padding_left=&#8221;20px&#8221; padding_right=&#8221;20px&#8221; bg_type=&#8221;bg_color&#8221; enable_overlay=&#8221;off&#8221; bg_color_value=&#8221;rgba(247,247,247,0.8)&#8221;][vc_column]<div class=\"ult-spacer spacer-69eba02f2500a\" data-id=\"69eba02f2500a\" data-height=\"30\" data-height-mobile=\"10\" data-height-tab=\"20\" data-height-tab-portrait=\"\" data-height-mobile-landscape=\"\" style=\"clear:both;display:block;\"><\/div>[vc_row_inner][vc_column_inner width=&#8221;1\/6&#8243;][\/vc_column_inner][vc_column_inner width=&#8221;2\/3&#8243;]<div id=\"ultimate-heading-592869eba02f25295\" class=\"uvc-heading ult-adjust-bottom-margin ultimate-heading-592869eba02f25295 uvc-9173 \" data-hspacer=\"line_with_icon\" data-hline_width=\"auto\" data-hicon_type=\"custom\" data-hborder_style=\"solid\" data-hborder_height=\"3\" data-hborder_color=\"#69b3e7\" data-icon_width=\"200\" data-hfixer=\"30\"  data-halign=\"center\" style=\"text-align:center\"><div class=\"uvc-heading-spacer line_with_icon\" style=\"top\"><div class=\"ult-just-icon-wrapper  \"><div class=\"align-icon\" style=\"text-align:center;\">\n<div class=\"aio-icon-img \" style=\"font-size:200px;display:inline-block;\" >\n\t<img decoding=\"async\" class=\"img-icon\" alt=\"null\" src=\"https:\/\/www.enka.k12.tr\/istanbul\/wp-content\/uploads\/2021\/01\/enka_schools_log_newtr.jpg\"\/>\n<\/div><\/div><\/div><\/div><div class=\"uvc-sub-heading ult-responsive\"  data-ultimate-target='.uvc-heading.ultimate-heading-592869eba02f25295 .uvc-sub-heading '  data-responsive-json-new='{\"font-size\":\"\",\"line-height\":\"\"}'  style=\"font-weight:normal;\"><br \/>\n<\/div><\/div>[\/vc_column_inner][vc_column_inner width=&#8221;1\/6&#8243;][\/vc_column_inner][\/vc_row_inner][\/vc_column][\/vc_row][vc_row padding_top=&#8221;50px&#8221; padding_left=&#8221;10px&#8221; padding_right=&#8221;10px&#8221; bg_type=&#8221;bg_color&#8221; bg_color_value=&#8221;#f7f7f7&#8243;][vc_column width=&#8221;1\/3&#8243;]<div id=\"ultimate-heading-968669eba02f25314\" class=\"uvc-heading ult-adjust-bottom-margin ultimate-heading-968669eba02f25314 uvc-9900 \" data-hspacer=\"line_only\"  data-halign=\"left\" style=\"text-align:left\"><div class=\"uvc-main-heading ult-responsive\"  data-ultimate-target='.uvc-heading.ultimate-heading-968669eba02f25314 h2'  data-responsive-json-new='{\"font-size\":\"desktop:20px;\",\"line-height\":\"desktop:20px;\"}' ><h2 style=\"font-family:&#039;Roboto Condensed&#039;;font-weight:normal;color:#000000;\">ORTA YILLAR<\/h2><\/div><div class=\"uvc-sub-heading ult-responsive\"  data-ultimate-target='.uvc-heading.ultimate-heading-968669eba02f25314 .uvc-sub-heading '  data-responsive-json-new='{\"font-size\":\"desktop:50px;tablet_portrait:50px;mobile_landscape:50px;mobile:50px;\",\"line-height\":\"desktop:60px;tablet_portrait:50px;mobile_landscape:50px;mobile:50px;\"}'  style=\"font-family:&#039;Roboto Condensed&#039;;font-weight:bold;color:#000000;\"><span style=\"font-family: 'Roboto Condensed';\">Program\u0131 <span style=\"color: #69b3e7;\">NED\u0130R?<\/span><\/span><\/div><div class=\"uvc-heading-spacer line_only\" style=\"margin-top:10px;height:3px;\"><span class=\"uvc-headings-line\" style=\"border-style:solid;border-bottom-width:3px;border-color:#69b3e7;width:100px;\"><\/span><\/div><\/div><div class=\"ult-spacer spacer-69eba02f2539a\" data-id=\"69eba02f2539a\" data-height=\"30\" data-height-mobile=\"20\" data-height-tab=\"20\" data-height-tab-portrait=\"\" data-height-mobile-landscape=\"20\" style=\"clear:both;display:block;\"><\/div>[vc_single_image image=&#8221;4696&#8243; img_size=&#8221;medium&#8221; onclick=&#8221;custom_link&#8221; img_link_target=&#8221;_blank&#8221; alignment=&#8221;center&#8221; link=&#8221;https:\/\/www.enka.k12.tr\/istanbul\/wp-content\/uploads\/2017\/03\/myp-model-poster-en.pdf&#8221;]<div class=\"ult-spacer spacer-69eba02f253cd\" data-id=\"69eba02f253cd\" data-height=\"30\" data-height-mobile=\"20\" data-height-tab=\"20\" data-height-tab-portrait=\"\" data-height-mobile-landscape=\"20\" style=\"clear:both;display:block;\"><\/div>[\/vc_column][vc_column width=&#8221;2\/3&#8243;][vc_column_text]MYP (Orta Y\u0131llar Program\u0131), PYP\u2019nin devam\u0131 olarak 11-16 ya\u015f aras\u0131 \u00f6\u011frenciler i\u00e7in tasarlanm\u0131\u015ft\u0131r. MYP tutarl\u0131 ve kapsaml\u0131 bir \u00f6\u011fretim program\u0131 \u00e7er\u00e7evesi sa\u011flar. MYP \u00f6\u011frencileri yarat\u0131c\u0131, ele\u015ftirel ve d\u00f6n\u00fc\u015f\u00fcml\u00fc d\u00fc\u015f\u00fcnen bireyler olmaya te\u015fvik eder. \u00d6\u011frencilerin okul m\u00fcfredat\u0131 konular\u0131nda yapt\u0131klar\u0131 \u00e7al\u0131\u015fmalarla ger\u00e7ek d\u00fcnya aras\u0131nda ba\u011flant\u0131 kurmalar\u0131n\u0131 te\u015fvik ederken, entelekt\u00fcel m\u00fccadeleyi vurgular. 21. y\u00fczy\u0131lda ya\u015fam i\u00e7in gerekli olan <strong>ileti\u015fim, k\u00fclt\u00fcrler aras\u0131 anlay\u0131\u015f<\/strong> ve <strong>k\u00fcresel ilgi<\/strong> gibi becerilerin geli\u015fimine f\u0131rsat sa\u011flar. MYP tasar\u0131m\u0131na IB misyon bildirgesinde yer alan \u00fc\u00e7 temel ilke rehberlik etmi\u015ftir:[\/vc_column_text][vc_row_inner][vc_column_inner width=&#8221;1\/4&#8243; margin_top=&#8221;40&#8243;][\/vc_column_inner][vc_column_inner width=&#8221;3\/4&#8243;]<div class=\"ult-spacer spacer-69eba02f253fa\" data-id=\"69eba02f253fa\" data-height=\"60\" data-height-mobile=\"20\" data-height-tab=\"40\" data-height-tab-portrait=\"\" data-height-mobile-landscape=\"\" style=\"clear:both;display:block;\"><\/div>[vc_column_text]<\/p>\n<ul style=\"list-style-type: square;\">\n<li>B\u00fct\u00fcnc\u00fcl \u00f6\u011frenim<\/li>\n<li>K\u00fclt\u00fcrleraras\u0131 fark\u0131ndal\u0131k<\/li>\n<li>\u0130leti\u015fim<\/li>\n<\/ul>\n<p>[\/vc_column_text][\/vc_column_inner][\/vc_row_inner]<div class=\"ult-spacer spacer-69eba02f25424\" data-id=\"69eba02f25424\" data-height=\"30\" data-height-mobile=\"10\" data-height-tab=\"20\" data-height-tab-portrait=\"\" data-height-mobile-landscape=\"\" style=\"clear:both;display:block;\"><\/div>[\/vc_column][\/vc_row][vc_row padding_top=&#8221;40px&#8221; padding_bottom=&#8221;40px&#8221; padding_left=&#8221;10px&#8221; padding_right=&#8221;10px&#8221; bg_type=&#8221;bg_color&#8221; seperator_enable=&#8221;off&#8221; bg_color_value=&#8221;#f7f7f7&#8243;][vc_column width=&#8221;2\/3&#8243;][vc_column_text]MYP, PYP&#8217;de geli\u015ftirilen bilgi, beceri ve tutumlar\u0131 temel al\u0131r ve \u00f6\u011frencileri DP ve IBCC programlar\u0131n\u0131n gerekliliklerini kar\u015f\u0131lamaya haz\u0131r hale getirir. MYP&#8217;nin tasar\u0131m\u0131, okullara kendi \u00e7al\u0131\u015fma \u00fcnitelerini geli\u015ftirme f\u0131rsat\u0131 vermesinden ulusal veya yerel m\u00fcfredatlar\u0131n taleplerini kar\u015f\u0131layacak \u015fekilde esnek ve uyumlu bir yap\u0131ya sahiptir. Bu nedenle MYP\u2019de \u00f6\u011fretmenler, kendi \u00f6\u011frencilerinin ihtiya\u00e7lar\u0131na uygun ve ulusal m\u00fcfredat standartlar\u0131na dayal\u0131 \u00f6\u011frenme ortamlar\u0131n\u0131 geli\u015ftirme f\u0131rsat\u0131 bulurlar. MYP, \u00f6\u011frencilere potansiyellerini geli\u015ftirme, kendi \u00f6\u011frenme tercihlerini yapma, uygun riskleri alma ve g\u00fc\u00e7l\u00fc bir kimlik geli\u015ftirme f\u0131rsat\u0131 sa\u011flamaktad\u0131r.<\/p>\n<p>MYP Program\u0131, \u015fekildeki m\u00fcfredat modelinde koyu k\u0131rm\u0131z\u0131 halkada listelendi\u011fi bi\u00e7imde \u00e7e\u015fitli disiplinlerde kapsaml\u0131 bir \u00e7al\u0131\u015fma sa\u011flar. Her bir konu alan\u0131n\u0131n \u00f6\u011frencinin temel geli\u015fimine \u00f6nemli katk\u0131s\u0131 g\u00f6z ard\u0131 edilmeden ayn\u0131 zamanda <strong>disiplinler aras\u0131 projeler<\/strong> ve etkinlikler yoluyla bu konular\u0131n birbirleriyle ili\u015fkili oldu\u011fu vurgulanmaktad\u0131r.<\/p>\n<p>\u00d6\u011frencinin merkeze yerle\u015ftirildi\u011fi bu MYP m\u00fcfredat modelinde her bir katman\u0131n ve temalar\u0131n birbiri ile i\u00e7 i\u00e7e, ayr\u0131lmaz bir b\u00fct\u00fcn olu\u015fturdu\u011fu g\u00f6sterilmektedir. \u0130\u00e7 halkadaki <strong>K\u00fcresel Ba\u011flamlar<\/strong> ve <strong>Kavramlar<\/strong>, m\u00fcfredat konular\u0131n\u0131 g\u00fcn\u00fcm\u00fcz\u00fcn de\u011fi\u015fen d\u00fcnyas\u0131na ba\u011flar. <strong>Hizmet-Eylem<\/strong> ve <strong>Projeler<\/strong> sayesinde \u00f6\u011frenciler, bilgilerini ki\u015fisel, yerel, ulusal ve uluslararas\u0131 d\u00fczeyde uygulama konusunda desteklenir. Modeli \u00e7evreleyen en d\u0131\u015f halka, \u00f6\u011frencilerimizin d\u00fcnya \u00e7ap\u0131ndaki sorunlara ve bak\u0131\u015f a\u00e7\u0131lar\u0131na farkl\u0131 yakla\u015f\u0131mlara a\u00e7\u0131k g\u00f6r\u00fc\u015fl\u00fcl\u00fc\u011f\u00fcn\u00fc ifade eden <strong>Uluslararas\u0131 D\u00fc\u015f\u00fcnebilme<\/strong> b\u00f6l\u00fcm\u00fcd\u00fcr.[\/vc_column_text]<div class=\"ult-spacer spacer-69eba02f2544e\" data-id=\"69eba02f2544e\" data-height=\"30\" data-height-mobile=\"20\" data-height-tab=\"20\" data-height-tab-portrait=\"\" data-height-mobile-landscape=\"20\" style=\"clear:both;display:block;\"><\/div>[\/vc_column][vc_column width=&#8221;1\/3&#8243;][vc_single_image image=&#8221;4695&#8243; img_size=&#8221;full&#8221;]<div class=\"ult-spacer spacer-69eba02f25476\" data-id=\"69eba02f25476\" data-height=\"10\" data-height-mobile=\"3\" data-height-tab=\"7\" data-height-tab-portrait=\"\" data-height-mobile-landscape=\"\" style=\"clear:both;display:block;\"><\/div>[\/vc_column][\/vc_row][vc_row gap=&#8221;30&#8243; padding_top=&#8221;40px&#8221; padding_bottom=&#8221;40px&#8221; padding_left=&#8221;10px&#8221; padding_right=&#8221;10px&#8221; bg_type=&#8221;bg_color&#8221; bg_color_value=&#8221;rgba(247,247,247,0.8)&#8221;][vc_column]<div id=\"ultimate-heading-343169eba02f254bf\" class=\"uvc-heading ult-adjust-bottom-margin ultimate-heading-343169eba02f254bf uvc-6388 \" data-hspacer=\"line_only\"  data-halign=\"left\" style=\"text-align:left\"><div class=\"uvc-main-heading ult-responsive\"  data-ultimate-target='.uvc-heading.ultimate-heading-343169eba02f254bf h2'  data-responsive-json-new='{\"font-size\":\"desktop:20px;\",\"line-height\":\"desktop:20px;\"}' ><h2 style=\"font-family:&#039;Roboto Condensed&#039;;font-weight:normal;color:#000000;\">ENKA<\/h2><\/div><div class=\"uvc-sub-heading ult-responsive\"  data-ultimate-target='.uvc-heading.ultimate-heading-343169eba02f254bf .uvc-sub-heading '  data-responsive-json-new='{\"font-size\":\"desktop:50px;tablet_portrait:50px;mobile_landscape:50px;mobile:50px;\",\"line-height\":\"desktop:50px;tablet_portrait:50px;mobile_landscape:50px;mobile:50px;\"}'  style=\"font-family:&#039;Roboto Condensed&#039;;font-weight:bold;color:#000000;\"><span style=\"font-family: 'Roboto Condensed';\">Okullar\u0131nda\u00a0<span style=\"color: #69b3e7;\">MYP<\/span><\/span><\/div><div class=\"uvc-heading-spacer line_only\" style=\"margin-top:10px;height:3px;\"><span class=\"uvc-headings-line\" style=\"border-style:solid;border-bottom-width:3px;border-color:#69b3e7;width:100px;\"><\/span><\/div><\/div><div class=\"ult-spacer spacer-69eba02f25531\" data-id=\"69eba02f25531\" data-height=\"30\" data-height-mobile=\"10\" data-height-tab=\"20\" data-height-tab-portrait=\"\" data-height-mobile-landscape=\"\" style=\"clear:both;display:block;\"><\/div>[vc_column_text]ENKA Okullar\u0131&#8217;nda Orta Y\u0131llar Program\u0131 uygulanmaktad\u0131r. Okulumuz IB D\u00fcnya Okulu olarak yetkilendirilmi\u015ftir. ENKA Okullar\u0131 olarak nitelikli, zorlayan, uluslararas\u0131 e\u011fitim felsefesini yans\u0131tan IB program\u0131n\u0131n \u00f6nemine inanmaktay\u0131z.<\/p>\n<p>Orta Y\u0131llar Program\u0131 be\u015finci, alt\u0131nc\u0131, yedinci, sekizinci, dokuzuncu ve onuncu s\u0131n\u0131flarda uygulanmaktad\u0131r.[\/vc_column_text][\/vc_column][\/vc_row][vc_row gap=&#8221;30&#8243; padding_left=&#8221;10px&#8221; padding_right=&#8221;10px&#8221; bg_type=&#8221;bg_color&#8221; bg_color_value=&#8221;rgba(247,247,247,0.8)&#8221;][vc_column]<div class=\"ult-spacer spacer-69eba02f2555b\" data-id=\"69eba02f2555b\" data-height=\"30\" data-height-mobile=\"15\" data-height-tab=\"30\" data-height-tab-portrait=\"30\" data-height-mobile-landscape=\"30\" style=\"clear:both;display:block;\"><\/div>\n\t\t\t\t<script type=\"text\/javascript\">\n\t\t\t\t\tjQuery(function($){\n\t\t\t\t\t\tif ( $.fn.imagesLoaded != undefined && $.fn.carouFredSel != undefined ) {\n\t\t\t\t\t\t\tvar $carouselContainer = $(\"#caroufredsel-24\");\n\t\t\t\t\t\t\t$carouselContainer.imagesLoaded(function() {\n\t\t\t\t\t\t\t\t$carouselContainer.carouFredSel({\n\t\t\t\t\t\t\t\t\tresponsive : true,\n\t\t\t\t\t\t\t\t\theight: \"variable\",\n\t\t\t\t\t\t\t\t\twidth : \"100%\",\n\t\t\t\t\t\t\t\t\tcircular : true,\n\t\t\t\t\t\t\t\t\tinfinite : true,\n\t\t\t\t\t\t\t\t\tauto : {\n\t\t\t\t\t\t\t\t\t\tplay: false,\n\t\t\t\t\t\t\t\t\t\ttimeoutDuration : 500,\n\t\t\t\t\t\t\t\t\t},\n\t\t\t\t\t\t\t\t\tswipe : {\n\t\t\t\t\t\t\t\t\t\tonTouch: true,\n\t\t\t\t\t\t\t\t\t\tonMouse: true,\n\t\t\t\t\t\t\t\t\t},prev : \"#prev-24\",next : \"#next-24\",items : {\n\t\t\t\t\t\t\t\t\t\twidth : 400,\n\t\t\t\t\t\t\t\t\t\theight: \"variable\",\n\t\t\t\t\t\t\t\t\t\tvisible : {\n\t\t\t\t\t\t\t\t\t\t\tmin : 1,\n\t\t\t\t\t\t\t\t\t\t\tmax : 4\n\t\t\t\t\t\t\t\t\t\t}\n\t\t\t\t\t\t\t\t\t}\n\t\t\t\t\t\t\t\t});\n\t\t\t\t\t\t\t});\n\t\t\t\t\t\t}$(window).load(function(){\n\t\t\t\t\t\t\t\t$(\".vcex-caroufredsel-loading\").removeClass(\"vcex-caroufredsel-loading\");\n\t\t\t\t\t\t\t});});\n\t\t\t\t<\/script><div class=\"vcex-caroufredsel-wrap clr vcex-caroufredsel-portfolio vcex-caroufredsel-default vcex-caroufredsel-loading\"><div class=\"vcex-caroufredsel vcex-gallery-lightbox \"><ul id=\"caroufredsel-24\"><li class=\"vcex-caroufredsel-slide\"><div class=\"vcex-caroufredsel-entry-media vcex-true\"><a href=\"https:\/\/www.enka.k12.tr\/istanbul\/wp-content\/uploads\/2017\/02\/mid001-1.jpg\" title=\"\" class=\"vcex-caroufredsel-entry-img gallery-lightbox\"><img decoding=\"async\" src=\"https:\/\/www.enka.k12.tr\/istanbul\/wp-content\/uploads\/2017\/02\/mid001-1.jpg\" alt=\"\" \/><\/a><!-- .vcex-caroufredsel-entry-img --><\/div><\/li><li class=\"vcex-caroufredsel-slide\"><div class=\"vcex-caroufredsel-entry-media vcex-true\"><a href=\"https:\/\/www.enka.k12.tr\/istanbul\/wp-content\/uploads\/2017\/02\/mid002-1.jpg\" title=\"\" class=\"vcex-caroufredsel-entry-img gallery-lightbox\"><img decoding=\"async\" src=\"https:\/\/www.enka.k12.tr\/istanbul\/wp-content\/uploads\/2017\/02\/mid002-1.jpg\" alt=\"\" \/><\/a><!-- .vcex-caroufredsel-entry-img --><\/div><\/li><li class=\"vcex-caroufredsel-slide\"><div class=\"vcex-caroufredsel-entry-media vcex-true\"><a href=\"https:\/\/www.enka.k12.tr\/istanbul\/wp-content\/uploads\/2017\/02\/mid003-1.jpg\" title=\"\" class=\"vcex-caroufredsel-entry-img gallery-lightbox\"><img decoding=\"async\" src=\"https:\/\/www.enka.k12.tr\/istanbul\/wp-content\/uploads\/2017\/02\/mid003-1.jpg\" alt=\"\" \/><\/a><!-- .vcex-caroufredsel-entry-img --><\/div><\/li><li class=\"vcex-caroufredsel-slide\"><div class=\"vcex-caroufredsel-entry-media vcex-true\"><a href=\"https:\/\/www.enka.k12.tr\/istanbul\/wp-content\/uploads\/2017\/02\/mid004-1.jpg\" title=\"\" class=\"vcex-caroufredsel-entry-img gallery-lightbox\"><img decoding=\"async\" src=\"https:\/\/www.enka.k12.tr\/istanbul\/wp-content\/uploads\/2017\/02\/mid004-1.jpg\" alt=\"\" \/><\/a><!-- .vcex-caroufredsel-entry-img --><\/div><\/li><li class=\"vcex-caroufredsel-slide\"><div class=\"vcex-caroufredsel-entry-media vcex-true\"><a href=\"https:\/\/www.enka.k12.tr\/istanbul\/wp-content\/uploads\/2017\/02\/mid005-1.jpg\" title=\"\" class=\"vcex-caroufredsel-entry-img gallery-lightbox\"><img decoding=\"async\" src=\"https:\/\/www.enka.k12.tr\/istanbul\/wp-content\/uploads\/2017\/02\/mid005-1.jpg\" alt=\"\" \/><\/a><!-- .vcex-caroufredsel-entry-img --><\/div><\/li><li class=\"vcex-caroufredsel-slide\"><div class=\"vcex-caroufredsel-entry-media vcex-true\"><a href=\"https:\/\/www.enka.k12.tr\/istanbul\/wp-content\/uploads\/2017\/02\/mid006-1.jpg\" title=\"\" class=\"vcex-caroufredsel-entry-img gallery-lightbox\"><img decoding=\"async\" src=\"https:\/\/www.enka.k12.tr\/istanbul\/wp-content\/uploads\/2017\/02\/mid006-1.jpg\" alt=\"\" \/><\/a><!-- .vcex-caroufredsel-entry-img --><\/div><\/li><li class=\"vcex-caroufredsel-slide\"><div class=\"vcex-caroufredsel-entry-media vcex-true\"><a href=\"https:\/\/www.enka.k12.tr\/istanbul\/wp-content\/uploads\/2017\/02\/mid007-1.jpg\" title=\"\" class=\"vcex-caroufredsel-entry-img gallery-lightbox\"><img decoding=\"async\" src=\"https:\/\/www.enka.k12.tr\/istanbul\/wp-content\/uploads\/2017\/02\/mid007-1.jpg\" alt=\"\" \/><\/a><!-- .vcex-caroufredsel-entry-img --><\/div><\/li><\/ul><div id=\"prev-24\" class=\"vcex-caroufredsel-prev\"><span class=\"fa fa-chevron-left\"><\/span><\/div><div id=\"next-24\" class=\"vcex-caroufredsel-next\"><span class=\"fa fa-chevron-right\"><\/span><\/div><\/div><\/div><div class=\"vcex-clear-floats\"><\/div>[\/vc_column][\/vc_row][vc_row gap=&#8221;30&#8243; padding_top=&#8221;40px&#8221; padding_bottom=&#8221;40px&#8221; padding_left=&#8221;10px&#8221; padding_right=&#8221;10px&#8221; bg_type=&#8221;bg_color&#8221; bg_color_value=&#8221;rgba(247,247,247,0.8)&#8221;][vc_column padding_right=&#8221;10px&#8221;]<div class=\" ubtn-ctn-center \"><a class=\"ubtn-link ult-adjust-bottom-margin ubtn-center ubtn-large \" href=\"https:\/\/www.ibo.org\" title=\"IB ve programlar\u0131yla ilgili daha fazla bilgi i\u00e7in...\" target=\"_blank\" rel=\"noopener\" ><button type=\"button\" id=\"ubtn-1654\"  class=\"ubtn ult-adjust-bottom-margin ult-responsive ubtn-large ubtn-no-hover-bg  none  ubtn-center   tooltip-69eba02f26093\"  data-hover=\"\" data-border-color=\"\" data-bg=\"#69b3e7\" data-hover-bg=\"#012169\" data-border-hover=\"\" data-shadow-hover=\"\" data-shadow-click=\"none\" data-shadow=\"\" data-shd-shadow=\"\"  data-ultimate-target='#ubtn-1654'  data-responsive-json-new='{\"font-size\":\"desktop:16px;\",\"line-height\":\"\"}'  style=\"font-family:&#039;Roboto Condensed&#039;;font-weight:normal;border:none;background: #69b3e7;color: #ffffff;\"><span class=\"ubtn-hover\" style=\"background-color:#012169\"><\/span><span class=\"ubtn-data ubtn-text \" >IB ve programlar\u0131yla ilgili daha fazla bilgi i\u00e7in...<\/span><\/button><\/a><\/div>[\/vc_column][\/vc_row]<\/p>\n<\/div>","protected":false},"excerpt":{"rendered":"<p>[vc_row padding_left=&#8221;20px&#8221; padding_right=&#8221;20px&#8221; bg_type=&#8221;bg_color&#8221; enable_overlay=&#8221;off&#8221; bg_color_value=&#8221;rgba(247,247,247,0.8)&#8221;][vc_column][vc_row_inner][vc_column_inner width=&#8221;1\/6&#8243;][\/vc_column_inner][vc_column_inner width=&#8221;2\/3&#8243;][\/vc_column_inner][vc_column_inner width=&#8221;1\/6&#8243;][\/vc_column_inner][\/vc_row_inner][\/vc_column][\/vc_row][vc_row padding_top=&#8221;50px&#8221; padding_left=&#8221;10px&#8221; padding_right=&#8221;10px&#8221; bg_type=&#8221;bg_color&#8221; bg_color_value=&#8221;#f7f7f7&#8243;][vc_column width=&#8221;1\/3&#8243;][vc_single_image image=&#8221;4696&#8243; img_size=&#8221;medium&#8221; onclick=&#8221;custom_link&#8221; img_link_target=&#8221;_blank&#8221; alignment=&#8221;center&#8221; link=&#8221;https:\/\/www.enka.k12.tr\/istanbul\/wp-content\/uploads\/2017\/03\/myp-model-poster-en.pdf&#8221;][\/vc_column][vc_column width=&#8221;2\/3&#8243;][vc_column_text]MYP (Orta Y\u0131llar Program\u0131), PYP\u2019nin devam\u0131 olarak 11-16 ya\u015f aras\u0131 \u00f6\u011frenciler i\u00e7in tasarlanm\u0131\u015ft\u0131r. MYP tutarl\u0131 ve kapsaml\u0131 bir \u00f6\u011fretim program\u0131 \u00e7er\u00e7evesi sa\u011flar. MYP \u00f6\u011frencileri yarat\u0131c\u0131, ele\u015ftirel ve d\u00f6n\u00fc\u015f\u00fcml\u00fc d\u00fc\u015f\u00fcnen bireyler olmaya te\u015fvik eder. \u00d6\u011frencilerin okul m\u00fcfredat\u0131 konular\u0131nda yapt\u0131klar\u0131 \u00e7al\u0131\u015fmalarla ger\u00e7ek d\u00fcnya aras\u0131nda ba\u011flant\u0131 kurmalar\u0131n\u0131&#8230;<\/p>\n","protected":false},"author":1,"featured_media":5896,"parent":5843,"menu_order":0,"comment_status":"closed","ping_status":"closed","template":"","meta":{"_acf_changed":false,"om_disable_all_campaigns":false,"inline_featured_image":false,"_monsterinsights_skip_tracking":false,"_monsterinsights_sitenote_active":false,"_monsterinsights_sitenote_note":"","_monsterinsights_sitenote_category":0,"footnotes":""},"class_list":["post-5895","page","type-page","status-publish","has-post-thumbnail","hentry","custom-post-type-entry"],"aioseo_notices":[],"acf":[],"_links":{"self":[{"href":"https:\/\/www.enka.k12.tr\/istanbul\/tr\/wp-json\/wp\/v2\/pages\/5895","targetHints":{"allow":["GET"]}}],"collection":[{"href":"https:\/\/www.enka.k12.tr\/istanbul\/tr\/wp-json\/wp\/v2\/pages"}],"about":[{"href":"https:\/\/www.enka.k12.tr\/istanbul\/tr\/wp-json\/wp\/v2\/types\/page"}],"author":[{"embeddable":true,"href":"https:\/\/www.enka.k12.tr\/istanbul\/tr\/wp-json\/wp\/v2\/users\/1"}],"replies":[{"embeddable":true,"href":"https:\/\/www.enka.k12.tr\/istanbul\/tr\/wp-json\/wp\/v2\/comments?post=5895"}],"version-history":[{"count":0,"href":"https:\/\/www.enka.k12.tr\/istanbul\/tr\/wp-json\/wp\/v2\/pages\/5895\/revisions"}],"up":[{"embeddable":true,"href":"https:\/\/www.enka.k12.tr\/istanbul\/tr\/wp-json\/wp\/v2\/pages\/5843"}],"wp:featuredmedia":[{"embeddable":true,"href":"https:\/\/www.enka.k12.tr\/istanbul\/tr\/wp-json\/wp\/v2\/media\/5896"}],"wp:attachment":[{"href":"https:\/\/www.enka.k12.tr\/istanbul\/tr\/wp-json\/wp\/v2\/media?parent=5895"}],"curies":[{"name":"wp","href":"https:\/\/api.w.org\/{rel}","templated":true}]}}