{"id":5914,"date":"2017-02-16T11:34:42","date_gmt":"2017-02-16T08:34:42","guid":{"rendered":"https:\/\/www.enka.com\/foundation\/schools\/istanbul\/okulda-yasam\/athletics\/"},"modified":"2021-03-26T12:16:16","modified_gmt":"2021-03-26T09:16:16","slug":"enkada-spor","status":"publish","type":"page","link":"https:\/\/www.enka.k12.tr\/istanbul\/tr\/okulda-yasam\/enkada-spor\/","title":{"rendered":"ENKA&#8217;DA SPOR"},"content":{"rendered":"<div class=\"wpb-content-wrapper\"><p>[vc_row padding_left=&#8221;20px&#8221; padding_right=&#8221;20px&#8221; bg_type=&#8221;bg_color&#8221; enable_overlay=&#8221;off&#8221; bg_color_value=&#8221;rgba(247,247,247,0.8)&#8221;][vc_column]<div class=\"ult-spacer spacer-69eb8eeccce79\" data-id=\"69eb8eeccce79\" data-height=\"30\" data-height-mobile=\"10\" data-height-tab=\"20\" data-height-tab-portrait=\"\" data-height-mobile-landscape=\"\" style=\"clear:both;display:block;\"><\/div>[vc_row_inner][vc_column_inner width=&#8221;1\/6&#8243;][\/vc_column_inner][vc_column_inner width=&#8221;2\/3&#8243;]<div id=\"ultimate-heading-42369eb8eeccd156\" class=\"uvc-heading ult-adjust-bottom-margin ultimate-heading-42369eb8eeccd156 uvc-1276 \" data-hspacer=\"line_with_icon\" data-hline_width=\"auto\" data-hicon_type=\"custom\" data-hborder_style=\"solid\" data-hborder_height=\"3\" data-hborder_color=\"#69b3e7\" data-icon_width=\"200\" data-hfixer=\"30\"  data-halign=\"center\" style=\"text-align:center\"><div class=\"uvc-heading-spacer line_with_icon\" style=\"top\"><div class=\"ult-just-icon-wrapper  \"><div class=\"align-icon\" style=\"text-align:center;\">\n<div class=\"aio-icon-img \" style=\"font-size:200px;display:inline-block;\" >\n\t<img decoding=\"async\" class=\"img-icon\" alt=\"null\" src=\"https:\/\/www.enka.k12.tr\/istanbul\/wp-content\/uploads\/2021\/01\/enka_schools_log_newtr.jpg\"\/>\n<\/div><\/div><\/div><\/div><div class=\"uvc-sub-heading ult-responsive\"  data-ultimate-target='.uvc-heading.ultimate-heading-42369eb8eeccd156 .uvc-sub-heading '  data-responsive-json-new='{\"font-size\":\"\",\"line-height\":\"\"}'  style=\"font-weight:normal;\"><br \/><\/div><\/div>[\/vc_column_inner][vc_column_inner width=&#8221;1\/6&#8243;][\/vc_column_inner][\/vc_row_inner]<div class=\"ult-spacer spacer-69eb8eeccd1b4\" data-id=\"69eb8eeccd1b4\" data-height=\"30\" data-height-mobile=\"10\" data-height-tab=\"20\" data-height-tab-portrait=\"\" data-height-mobile-landscape=\"\" style=\"clear:both;display:block;\"><\/div>[\/vc_column][\/vc_row][vc_row gap=&#8221;30&#8243; padding_top=&#8221;40px&#8221; padding_bottom=&#8221;40px&#8221; padding_left=&#8221;10px&#8221; padding_right=&#8221;10px&#8221; bg_type=&#8221;bg_color&#8221; bg_color_value=&#8221;rgba(247,247,247,0.8)&#8221;][vc_column width=&#8221;1\/4&#8243;]<div id=\"ultimate-heading-355869eb8eeccd208\" class=\"uvc-heading ult-adjust-bottom-margin ultimate-heading-355869eb8eeccd208 uvc-8261 \" data-hspacer=\"line_only\"  data-halign=\"left\" style=\"text-align:left\"><div class=\"uvc-main-heading ult-responsive\"  data-ultimate-target='.uvc-heading.ultimate-heading-355869eb8eeccd208 h2'  data-responsive-json-new='{\"font-size\":\"desktop:20px;tablet:18px;tablet_portrait:17px;mobile_landscape:16px;mobile:15px;\",\"line-height\":\"desktop:20px;tablet:18px;tablet_portrait:17px;mobile_landscape:16px;mobile:15px;\"}' ><h2 style=\"font-weight:normal;color:#000000;\">ENKA'DA<\/h2><\/div><div class=\"uvc-sub-heading ult-responsive\"  data-ultimate-target='.uvc-heading.ultimate-heading-355869eb8eeccd208 .uvc-sub-heading '  data-responsive-json-new='{\"font-size\":\"desktop:30px;tablet:28px;tablet_portrait:26px;mobile_landscape:24px;mobile:22px;\",\"line-height\":\"desktop:50px;tablet:48px;tablet_portrait:46px;mobile_landscape:44px;mobile:42px;\"}'  style=\"font-weight:normal;color:#000000;\"><strong><span style=\"color: #69b3e7; font-size: 12pt;\">BEDEN E\u011e\u0130T\u0130M\u0130 ve SPOR<\/span><\/strong><\/div><div class=\"uvc-heading-spacer line_only\" style=\"topheight:3px;\"><span class=\"uvc-headings-line\" style=\"border-style:solid;border-bottom-width:3px;border-color:#69b3e7;width:100px;\"><\/span><\/div><\/div><div class=\"ult-spacer spacer-69eb8eeccd276\" data-id=\"69eb8eeccd276\" data-height=\"30\" data-height-mobile=\"10\" data-height-tab=\"20\" data-height-tab-portrait=\"\" data-height-mobile-landscape=\"\" style=\"clear:both;display:block;\"><\/div><div class=\"ult-spacer spacer-69eb8eeccd2a3\" data-id=\"69eb8eeccd2a3\" data-height=\"30\" data-height-mobile=\"10\" data-height-tab=\"20\" data-height-tab-portrait=\"\" data-height-mobile-landscape=\"\" style=\"clear:both;display:block;\"><\/div><div class=\"ult-spacer spacer-69eb8eeccd2cd\" data-id=\"69eb8eeccd2cd\" data-height=\"30\" data-height-mobile=\"10\" data-height-tab=\"20\" data-height-tab-portrait=\"\" data-height-mobile-landscape=\"\" style=\"clear:both;display:block;\"><\/div><div class=\"ult-spacer spacer-69eb8eeccd2f7\" data-id=\"69eb8eeccd2f7\" data-height=\"30\" data-height-mobile=\"10\" data-height-tab=\"20\" data-height-tab-portrait=\"\" data-height-mobile-landscape=\"\" style=\"clear:both;display:block;\"><\/div><div id=\"ultimate-heading-37969eb8eeccd33b\" class=\"uvc-heading ult-adjust-bottom-margin ultimate-heading-37969eb8eeccd33b uvc-4155 \" data-hspacer=\"line_only\"  data-halign=\"left\" style=\"text-align:left\"><div class=\"uvc-main-heading ult-responsive\"  data-ultimate-target='.uvc-heading.ultimate-heading-37969eb8eeccd33b h2'  data-responsive-json-new='{\"font-size\":\"desktop:20px;tablet:18px;tablet_portrait:17px;mobile_landscape:16px;mobile:15px;\",\"line-height\":\"desktop:20px;tablet:18px;tablet_portrait:17px;mobile_landscape:16px;mobile:15px;\"}' ><h2 style=\"font-weight:normal;color:#000000;\">ENKA'DA<\/h2><\/div><div class=\"uvc-sub-heading ult-responsive\"  data-ultimate-target='.uvc-heading.ultimate-heading-37969eb8eeccd33b .uvc-sub-heading '  data-responsive-json-new='{\"font-size\":\"desktop:30px;tablet:28px;tablet_portrait:26px;mobile_landscape:24px;mobile:22px;\",\"line-height\":\"desktop:50px;tablet:48px;tablet_portrait:46px;mobile_landscape:44px;mobile:42px;\"}'  style=\"font-weight:normal;color:#000000;margin-top:5px;margin-bottom:5px;\"><strong><span style=\"color: #69b3e7; font-size: 12pt;\">OKUL TAKIMLARI<\/span><\/strong><\/div><div class=\"uvc-heading-spacer line_only\" style=\"topheight:3px;\"><span class=\"uvc-headings-line\" style=\"border-style:solid;border-bottom-width:3px;border-color:#69b3e7;width:100px;\"><\/span><\/div><\/div><div class=\"ult-spacer spacer-69eb8eeccd38a\" data-id=\"69eb8eeccd38a\" data-height=\"30\" data-height-mobile=\"10\" data-height-tab=\"20\" data-height-tab-portrait=\"\" data-height-mobile-landscape=\"\" style=\"clear:both;display:block;\"><\/div><div class=\"ult-spacer spacer-69eb8eeccd3b3\" data-id=\"69eb8eeccd3b3\" data-height=\"30\" data-height-mobile=\"10\" data-height-tab=\"20\" data-height-tab-portrait=\"\" data-height-mobile-landscape=\"\" style=\"clear:both;display:block;\"><\/div><div class=\"ult-spacer spacer-69eb8eeccd3d9\" data-id=\"69eb8eeccd3d9\" data-height=\"30\" data-height-mobile=\"10\" data-height-tab=\"20\" data-height-tab-portrait=\"\" data-height-mobile-landscape=\"\" style=\"clear:both;display:block;\"><\/div><div id=\"ultimate-heading-123769eb8eeccd41a\" class=\"uvc-heading ult-adjust-bottom-margin ultimate-heading-123769eb8eeccd41a uvc-6834 \" data-hspacer=\"line_only\"  data-halign=\"left\" style=\"text-align:left\"><div class=\"uvc-main-heading ult-responsive\"  data-ultimate-target='.uvc-heading.ultimate-heading-123769eb8eeccd41a h2'  data-responsive-json-new='{\"font-size\":\"desktop:20px;tablet:18px;tablet_portrait:17px;mobile_landscape:16px;mobile:15px;\",\"line-height\":\"desktop:20px;tablet:18px;tablet_portrait:17px;mobile_landscape:16px;mobile:15px;\"}' ><h2 style=\"font-weight:normal;color:#000000;\">ENKA<\/h2><\/div><div class=\"uvc-sub-heading ult-responsive\"  data-ultimate-target='.uvc-heading.ultimate-heading-123769eb8eeccd41a .uvc-sub-heading '  data-responsive-json-new='{\"font-size\":\"desktop:30px;tablet:28px;tablet_portrait:26px;mobile_landscape:24px;mobile:22px;\",\"line-height\":\"desktop:50px;tablet:48px;tablet_portrait:46px;mobile_landscape:44px;mobile:42px;\"}'  style=\"font-weight:normal;color:#000000;margin-top:5px;margin-bottom:5px;\"><strong><span style=\"color: #69b3e7; font-size: 12pt;\">SPOR KUL\u00dcB\u00dc<\/span><\/strong><\/div><div class=\"uvc-heading-spacer line_only\" style=\"topheight:3px;\"><span class=\"uvc-headings-line\" style=\"border-style:solid;border-bottom-width:3px;border-color:#69b3e7;width:100px;\"><\/span><\/div><\/div>[\/vc_column][vc_column width=&#8221;3\/4&#8243;][vc_column_text]<\/p>\n<p style=\"text-align: justify;\"><span style=\"font-family: enka_font;\">ENKA Okullar\u0131&#8217;nda beden e\u011fitimi dersleri haftada iki ders saati olarak yap\u0131lmaktad\u0131r. \u00d6\u011frenciler, Milli E\u011fitim Beden E\u011fitimi ve Spor m\u00fcfredat\u0131n\u0131n yan\u0131 s\u0131ra sorgulamaya ve ara\u015ft\u0131rmaya dayal\u0131 PYP ve MYP m\u00fcfredat\u0131 do\u011frultusunda derslerini s\u00fcrd\u00fcrmektedirler. Beden e\u011fitimi dersinde \u00f6\u011frenciler sadece fiziksel olarak de\u011fil ayn\u0131 zamanda sa\u011fl\u0131kl\u0131 beslenme, ya\u015fam boyu spor, ekip \u00e7al\u0131\u015fmalar\u0131 gibi konularda da kendilerini geli\u015ftirme f\u0131rsat\u0131 bulmaktad\u0131rlar.<\/span><\/p>\n<p>[\/vc_column_text]<div class=\"ult-spacer spacer-69eb8eeccd474\" data-id=\"69eb8eeccd474\" data-height=\"30\" data-height-mobile=\"10\" data-height-tab=\"20\" data-height-tab-portrait=\"\" data-height-mobile-landscape=\"\" style=\"clear:both;display:block;\"><\/div><div class=\"ult-spacer spacer-69eb8eeccd49d\" data-id=\"69eb8eeccd49d\" data-height=\"30\" data-height-mobile=\"10\" data-height-tab=\"20\" data-height-tab-portrait=\"\" data-height-mobile-landscape=\"\" style=\"clear:both;display:block;\"><\/div>[vc_column_text]<\/p>\n<p style=\"text-align: justify;\"><span style=\"font-family: enka_font;\">Her y\u0131l okulumuzun a\u00e7\u0131lmas\u0131yla birlikte \u00f6\u011frencilerimiz aras\u0131nda yap\u0131lan se\u00e7melerle okul tak\u0131mlar\u0131m\u0131z olu\u015fturulmaktad\u0131r. Okul tak\u0131mlar\u0131m\u0131za se\u00e7ilen \u00f6\u011frencilerimize &#8216;ENKA Okullar\u0131 Okul Tak\u0131m\u0131 Lisans\u0131&#8217; \u00e7\u0131kart\u0131lmaktad\u0131r. T\u00fcm tak\u0131mlar\u0131m\u0131z Sar\u0131yer il\u00e7esinde yap\u0131lan il\u00e7e turnuvalar\u0131na ve \u0130stanbul genelinde yap\u0131lan okullar aras\u0131 il turnuvalar\u0131na, bu m\u00fcsabakalarda dereceye giren tak\u0131mlar\u0131m\u0131z ise b\u00f6lge m\u00fcsabakalar\u0131na ve T\u00fcrkiye \u015fampiyonalar\u0131na kat\u0131lmaktad\u0131r.<\/span><\/p>\n<p>[\/vc_column_text]<div class=\"ult-spacer spacer-69eb8eeccd4c3\" data-id=\"69eb8eeccd4c3\" data-height=\"30\" data-height-mobile=\"10\" data-height-tab=\"20\" data-height-tab-portrait=\"\" data-height-mobile-landscape=\"\" style=\"clear:both;display:block;\"><\/div><div class=\"ult-spacer spacer-69eb8eeccd4e8\" data-id=\"69eb8eeccd4e8\" data-height=\"30\" data-height-mobile=\"10\" data-height-tab=\"20\" data-height-tab-portrait=\"\" data-height-mobile-landscape=\"\" style=\"clear:both;display:block;\"><\/div>[vc_column_text]<\/p>\n<p class=\"xmsonormal\" style=\"text-align: justify;\"><span style=\"font-family: enka_font;\">ENKA Okullar\u0131 okul tak\u0131mlar\u0131ndaki \u00f6\u011frencileri ile, ENKA Spor Kul\u00fcb\u00fc b\u00fcnyesi alt\u0131nda, y\u0131l i\u00e7erisinde \u0130stanbul&#8217;daki kul\u00fcpler aras\u0131nda yap\u0131lan lig ve yar\u0131\u015fmalara kat\u0131lmaktad\u0131r. Bu i\u015f birli\u011fi ile \u00f6\u011frenciler, hem okullar aras\u0131 yap\u0131lan turnuvalara hem de kul\u00fcpler aras\u0131nda yap\u0131lan lig ve m\u00fcsabakalara kat\u0131larak daha \u00e7ok deneyim kazanma f\u0131rsat\u0131 bulmaktad\u0131r.<\/span><\/p>\n<p>[\/vc_column_text][\/vc_column][\/vc_row][vc_row][vc_column]\n\t\t\t\t<script type=\"text\/javascript\">\n\t\t\t\t\tjQuery(function($){\n\t\t\t\t\t\tif ( $.fn.imagesLoaded != undefined && $.fn.carouFredSel != undefined ) {\n\t\t\t\t\t\t\tvar $carouselContainer = $(\"#caroufredsel-51\");\n\t\t\t\t\t\t\t$carouselContainer.imagesLoaded(function() {\n\t\t\t\t\t\t\t\t$carouselContainer.carouFredSel({\n\t\t\t\t\t\t\t\t\tresponsive : true,\n\t\t\t\t\t\t\t\t\theight: \"variable\",\n\t\t\t\t\t\t\t\t\twidth : \"100%\",\n\t\t\t\t\t\t\t\t\tcircular : true,\n\t\t\t\t\t\t\t\t\tinfinite : true,\n\t\t\t\t\t\t\t\t\tauto : {\n\t\t\t\t\t\t\t\t\t\tplay: false,\n\t\t\t\t\t\t\t\t\t\ttimeoutDuration : 5000,\n\t\t\t\t\t\t\t\t\t},\n\t\t\t\t\t\t\t\t\tswipe : {\n\t\t\t\t\t\t\t\t\t\tonTouch: true,\n\t\t\t\t\t\t\t\t\t\tonMouse: true,\n\t\t\t\t\t\t\t\t\t},prev : \"#prev-51\",next : \"#next-51\",items : {\n\t\t\t\t\t\t\t\t\t\twidth : 400,\n\t\t\t\t\t\t\t\t\t\theight: \"variable\",\n\t\t\t\t\t\t\t\t\t\tvisible : {\n\t\t\t\t\t\t\t\t\t\t\tmin : 1,\n\t\t\t\t\t\t\t\t\t\t\tmax : 4\n\t\t\t\t\t\t\t\t\t\t}\n\t\t\t\t\t\t\t\t\t}\n\t\t\t\t\t\t\t\t});\n\t\t\t\t\t\t\t});\n\t\t\t\t\t\t}$(window).load(function(){\n\t\t\t\t\t\t\t\t$(\".vcex-caroufredsel-loading\").removeClass(\"vcex-caroufredsel-loading\");\n\t\t\t\t\t\t\t});});\n\t\t\t\t<\/script><div class=\"vcex-caroufredsel-wrap clr vcex-caroufredsel-portfolio vcex-caroufredsel-default vcex-caroufredsel-loading\"><div class=\"vcex-caroufredsel vcex-gallery-lightbox \"><ul id=\"caroufredsel-51\"><li class=\"vcex-caroufredsel-slide\"><div class=\"vcex-caroufredsel-entry-media vcex-true\"><a href=\"https:\/\/www.enka.k12.tr\/istanbul\/wp-content\/uploads\/2018\/10\/IMG_0539.jpg\" title=\"\" class=\"vcex-caroufredsel-entry-img gallery-lightbox\"><img decoding=\"async\" src=\"https:\/\/www.enka.k12.tr\/istanbul\/wp-content\/uploads\/2018\/10\/IMG_0539.jpg\" alt=\"\" \/><\/a><!-- .vcex-caroufredsel-entry-img --><\/div><\/li><li class=\"vcex-caroufredsel-slide\"><div class=\"vcex-caroufredsel-entry-media vcex-true\"><a href=\"https:\/\/www.enka.k12.tr\/istanbul\/wp-content\/uploads\/2018\/10\/IMG_1643.jpg\" title=\"\" class=\"vcex-caroufredsel-entry-img gallery-lightbox\"><img decoding=\"async\" src=\"https:\/\/www.enka.k12.tr\/istanbul\/wp-content\/uploads\/2018\/10\/IMG_1643.jpg\" alt=\"\" \/><\/a><!-- .vcex-caroufredsel-entry-img --><\/div><\/li><li class=\"vcex-caroufredsel-slide\"><div class=\"vcex-caroufredsel-entry-media vcex-true\"><a href=\"https:\/\/www.enka.k12.tr\/istanbul\/wp-content\/uploads\/2018\/10\/IMG_2012.jpg\" title=\"\" class=\"vcex-caroufredsel-entry-img gallery-lightbox\"><img decoding=\"async\" src=\"https:\/\/www.enka.k12.tr\/istanbul\/wp-content\/uploads\/2018\/10\/IMG_2012.jpg\" alt=\"\" \/><\/a><!-- .vcex-caroufredsel-entry-img --><\/div><\/li><li class=\"vcex-caroufredsel-slide\"><div class=\"vcex-caroufredsel-entry-media vcex-true\"><a href=\"https:\/\/www.enka.k12.tr\/istanbul\/wp-content\/uploads\/2017\/02\/AfterSchoolClub_029.jpg\" title=\"\" class=\"vcex-caroufredsel-entry-img gallery-lightbox\"><img decoding=\"async\" src=\"https:\/\/www.enka.k12.tr\/istanbul\/wp-content\/uploads\/2017\/02\/AfterSchoolClub_029.jpg\" alt=\"\" \/><\/a><!-- .vcex-caroufredsel-entry-img --><\/div><\/li><li class=\"vcex-caroufredsel-slide\"><div class=\"vcex-caroufredsel-entry-media vcex-true\"><a href=\"https:\/\/www.enka.k12.tr\/istanbul\/wp-content\/uploads\/2017\/02\/AfterSchoolClub_028.jpg\" title=\"\" class=\"vcex-caroufredsel-entry-img gallery-lightbox\"><img decoding=\"async\" src=\"https:\/\/www.enka.k12.tr\/istanbul\/wp-content\/uploads\/2017\/02\/AfterSchoolClub_028.jpg\" alt=\"\" \/><\/a><!-- .vcex-caroufredsel-entry-img --><\/div><\/li><li class=\"vcex-caroufredsel-slide\"><div class=\"vcex-caroufredsel-entry-media vcex-true\"><a href=\"https:\/\/www.enka.k12.tr\/istanbul\/wp-content\/uploads\/2017\/02\/AfterSchoolClub_044.jpg\" title=\"\" class=\"vcex-caroufredsel-entry-img gallery-lightbox\"><img decoding=\"async\" src=\"https:\/\/www.enka.k12.tr\/istanbul\/wp-content\/uploads\/2017\/02\/AfterSchoolClub_044.jpg\" alt=\"\" \/><\/a><!-- .vcex-caroufredsel-entry-img --><\/div><\/li><li class=\"vcex-caroufredsel-slide\"><div class=\"vcex-caroufredsel-entry-media vcex-true\"><a href=\"https:\/\/www.enka.k12.tr\/istanbul\/wp-content\/uploads\/2018\/10\/DSC_2165-e1539001406312.jpg\" title=\"\" class=\"vcex-caroufredsel-entry-img gallery-lightbox\"><img decoding=\"async\" src=\"https:\/\/www.enka.k12.tr\/istanbul\/wp-content\/uploads\/2018\/10\/DSC_2165-e1539001406312.jpg\" alt=\"\" \/><\/a><!-- .vcex-caroufredsel-entry-img --><\/div><\/li><li class=\"vcex-caroufredsel-slide\"><div class=\"vcex-caroufredsel-entry-media vcex-true\"><a href=\"https:\/\/www.enka.k12.tr\/istanbul\/wp-content\/uploads\/2017\/02\/AfterSchoolClub_038.jpg\" title=\"\" class=\"vcex-caroufredsel-entry-img gallery-lightbox\"><img decoding=\"async\" src=\"https:\/\/www.enka.k12.tr\/istanbul\/wp-content\/uploads\/2017\/02\/AfterSchoolClub_038.jpg\" alt=\"\" \/><\/a><!-- .vcex-caroufredsel-entry-img --><\/div><\/li><li class=\"vcex-caroufredsel-slide\"><div class=\"vcex-caroufredsel-entry-media vcex-true\"><a href=\"https:\/\/www.enka.k12.tr\/istanbul\/wp-content\/uploads\/2017\/02\/AfterSchoolClub_014.jpg\" title=\"\" class=\"vcex-caroufredsel-entry-img gallery-lightbox\"><img decoding=\"async\" src=\"https:\/\/www.enka.k12.tr\/istanbul\/wp-content\/uploads\/2017\/02\/AfterSchoolClub_014.jpg\" alt=\"\" \/><\/a><!-- .vcex-caroufredsel-entry-img --><\/div><\/li><\/ul><div id=\"prev-51\" class=\"vcex-caroufredsel-prev\"><span class=\"fa fa-chevron-left\"><\/span><\/div><div id=\"next-51\" class=\"vcex-caroufredsel-next\"><span class=\"fa fa-chevron-right\"><\/span><\/div><\/div><\/div><div class=\"vcex-clear-floats\"><\/div>[\/vc_column][\/vc_row]<\/p>\n<\/div>","protected":false},"excerpt":{"rendered":"<p>[vc_row padding_left=&#8221;20px&#8221; padding_right=&#8221;20px&#8221; bg_type=&#8221;bg_color&#8221; enable_overlay=&#8221;off&#8221; bg_color_value=&#8221;rgba(247,247,247,0.8)&#8221;][vc_column][vc_row_inner][vc_column_inner width=&#8221;1\/6&#8243;][\/vc_column_inner][vc_column_inner width=&#8221;2\/3&#8243;][\/vc_column_inner][vc_column_inner width=&#8221;1\/6&#8243;][\/vc_column_inner][\/vc_row_inner][\/vc_column][\/vc_row][vc_row gap=&#8221;30&#8243; padding_top=&#8221;40px&#8221; padding_bottom=&#8221;40px&#8221; padding_left=&#8221;10px&#8221; padding_right=&#8221;10px&#8221; bg_type=&#8221;bg_color&#8221; bg_color_value=&#8221;rgba(247,247,247,0.8)&#8221;][vc_column width=&#8221;1\/4&#8243;][\/vc_column][vc_column width=&#8221;3\/4&#8243;][vc_column_text] ENKA Okullar\u0131&#8217;nda beden e\u011fitimi dersleri haftada iki ders saati olarak yap\u0131lmaktad\u0131r. \u00d6\u011frenciler, Milli E\u011fitim Beden E\u011fitimi ve Spor m\u00fcfredat\u0131n\u0131n yan\u0131 s\u0131ra sorgulamaya ve ara\u015ft\u0131rmaya dayal\u0131 PYP ve MYP m\u00fcfredat\u0131 do\u011frultusunda derslerini s\u00fcrd\u00fcrmektedirler. Beden e\u011fitimi dersinde \u00f6\u011frenciler sadece fiziksel olarak de\u011fil ayn\u0131 zamanda sa\u011fl\u0131kl\u0131 beslenme, ya\u015fam boyu spor,&#8230;<\/p>\n","protected":false},"author":1,"featured_media":5915,"parent":5542,"menu_order":0,"comment_status":"closed","ping_status":"closed","template":"","meta":{"_acf_changed":false,"om_disable_all_campaigns":false,"inline_featured_image":false,"_monsterinsights_skip_tracking":false,"_monsterinsights_sitenote_active":false,"_monsterinsights_sitenote_note":"","_monsterinsights_sitenote_category":0,"footnotes":""},"class_list":["post-5914","page","type-page","status-publish","has-post-thumbnail","hentry","custom-post-type-entry"],"aioseo_notices":[],"acf":[],"_links":{"self":[{"href":"https:\/\/www.enka.k12.tr\/istanbul\/tr\/wp-json\/wp\/v2\/pages\/5914","targetHints":{"allow":["GET"]}}],"collection":[{"href":"https:\/\/www.enka.k12.tr\/istanbul\/tr\/wp-json\/wp\/v2\/pages"}],"about":[{"href":"https:\/\/www.enka.k12.tr\/istanbul\/tr\/wp-json\/wp\/v2\/types\/page"}],"author":[{"embeddable":true,"href":"https:\/\/www.enka.k12.tr\/istanbul\/tr\/wp-json\/wp\/v2\/users\/1"}],"replies":[{"embeddable":true,"href":"https:\/\/www.enka.k12.tr\/istanbul\/tr\/wp-json\/wp\/v2\/comments?post=5914"}],"version-history":[{"count":0,"href":"https:\/\/www.enka.k12.tr\/istanbul\/tr\/wp-json\/wp\/v2\/pages\/5914\/revisions"}],"up":[{"embeddable":true,"href":"https:\/\/www.enka.k12.tr\/istanbul\/tr\/wp-json\/wp\/v2\/pages\/5542"}],"wp:featuredmedia":[{"embeddable":true,"href":"https:\/\/www.enka.k12.tr\/istanbul\/tr\/wp-json\/wp\/v2\/media\/5915"}],"wp:attachment":[{"href":"https:\/\/www.enka.k12.tr\/istanbul\/tr\/wp-json\/wp\/v2\/media?parent=5914"}],"curies":[{"name":"wp","href":"https:\/\/api.w.org\/{rel}","templated":true}]}}