{"id":5927,"date":"2017-02-16T11:33:16","date_gmt":"2017-02-16T08:33:16","guid":{"rendered":"https:\/\/www.enka.com\/foundation\/schools\/istanbul\/okulda-yasam\/arts-music\/"},"modified":"2021-03-26T12:15:43","modified_gmt":"2021-03-26T09:15:43","slug":"sanat-ve-muzik","status":"publish","type":"page","link":"https:\/\/www.enka.k12.tr\/istanbul\/tr\/okulda-yasam\/sanat-ve-muzik\/","title":{"rendered":"SANAT VE M\u00dcZ\u0130K"},"content":{"rendered":"<div class=\"wpb-content-wrapper\"><p>[vc_row padding_left=&#8221;20px&#8221; padding_right=&#8221;20px&#8221; bg_type=&#8221;bg_color&#8221; enable_overlay=&#8221;off&#8221; bg_color_value=&#8221;rgba(247,247,247,0.8)&#8221;][vc_column]<div class=\"ult-spacer spacer-69e44bc6ec2e0\" data-id=\"69e44bc6ec2e0\" data-height=\"30\" data-height-mobile=\"10\" data-height-tab=\"20\" data-height-tab-portrait=\"\" data-height-mobile-landscape=\"\" style=\"clear:both;display:block;\"><\/div>[vc_row_inner][vc_column_inner width=&#8221;1\/6&#8243;][\/vc_column_inner][vc_column_inner width=&#8221;2\/3&#8243;]<div id=\"ultimate-heading-115769e44bc6ec5ad\" class=\"uvc-heading ult-adjust-bottom-margin ultimate-heading-115769e44bc6ec5ad uvc-940 \" data-hspacer=\"line_with_icon\" data-hline_width=\"auto\" data-hicon_type=\"custom\" data-hborder_style=\"solid\" data-hborder_height=\"3\" data-hborder_color=\"#69b3e7\" data-icon_width=\"200\" data-hfixer=\"30\"  data-halign=\"center\" style=\"text-align:center\"><div class=\"uvc-heading-spacer line_with_icon\" style=\"top\"><div class=\"ult-just-icon-wrapper  \"><div class=\"align-icon\" style=\"text-align:center;\">\n<div class=\"aio-icon-img \" style=\"font-size:200px;display:inline-block;\" >\n\t<img decoding=\"async\" class=\"img-icon\" alt=\"null\" src=\"https:\/\/www.enka.k12.tr\/istanbul\/wp-content\/uploads\/2021\/01\/enka_schools_log_newtr.jpg\"\/>\n<\/div><\/div><\/div><\/div><div class=\"uvc-sub-heading ult-responsive\"  data-ultimate-target='.uvc-heading.ultimate-heading-115769e44bc6ec5ad .uvc-sub-heading '  data-responsive-json-new='{\"font-size\":\"\",\"line-height\":\"\"}'  style=\"font-weight:normal;\"><br \/><\/div><\/div>[\/vc_column_inner][vc_column_inner width=&#8221;1\/6&#8243;][\/vc_column_inner][\/vc_row_inner][\/vc_column][\/vc_row][vc_row full_width=&#8221;stretch_row_content_no_spaces&#8221; gap=&#8221;30&#8243; padding_top=&#8221;40px&#8221; padding_bottom=&#8221;20px&#8221; padding_left=&#8221;10px&#8221; padding_right=&#8221;10px&#8221; bg_type=&#8221;bg_color&#8221; bg_color_value=&#8221;rgba(247,247,247,0.8)&#8221;][vc_column padding_right=&#8221;10px&#8221;][vc_column_text]<\/p>\n<blockquote>\n<p style=\"text-align: center;\"><strong><span style=\"font-size: 12pt; color: #69b3e7;\">G\u00fczel sanatlarda ba\u015far\u0131l\u0131 olmak, b\u00fct\u00fcn ink\u0131laplarda ba\u015far\u0131ya ula\u015fmak demektir. G\u00fczel sanatlarda ba\u015far\u0131l\u0131 olamayan milletler ne yaz\u0131k ki, medeniyet alan\u0131nda y\u00fcksek insanl\u0131k s\u0131fat\u0131yla yer almaktan ilelebet mahrum kalacaklard\u0131r.<\/span><\/strong><\/p>\n<p style=\"text-align: right;\"><strong><span style=\"font-size: 12pt; color: #69b3e7;\">Mustafa Kemal Atat\u00fcrk<\/span><\/strong><\/p>\n<\/blockquote>\n<p>[\/vc_column_text]<div class=\"ult-spacer spacer-69e44bc6ec604\" data-id=\"69e44bc6ec604\" data-height=\"30\" data-height-mobile=\"10\" data-height-tab=\"20\" data-height-tab-portrait=\"\" data-height-mobile-landscape=\"\" style=\"clear:both;display:block;\"><\/div>[vc_column_text]<\/p>\n<p style=\"text-align: justify;\">Okulumuzda \u00f6\u011frencilerimiz, Ata\u2019m\u0131z\u0131n g\u00f6sterdi\u011fi bu \u00e7a\u011fda\u015fla\u015fma yolunda , sanat\u0131n her bran\u015f\u0131n\u0131n ve sanat\u00e7\u0131n\u0131n \u00f6nemini anlayabilecekleri ayn\u0131 zamanda bir\u00e7ok sanat bran\u015f\u0131n\u0131 deneyimleyebilecekleri ortamlarda e\u011fitim g\u00f6rmektedir. Edebiyat, tiyatro, resim, m\u00fczik ve dans gibi temel sanat bran\u015flar\u0131yla tan\u0131\u015fman\u0131n yan\u0131 s\u0131ra, bunlar\u0131 teknoloji ve post modern e\u011fitim yakla\u015f\u0131mlar\u0131yla birle\u015ftirerek disiplinler aras\u0131 \u00e7al\u0131\u015fmalar\u0131 deneyimleme f\u0131rsatlar\u0131 da yakalayabilmektedir. Hepsinden \u00f6nemlisi; okulumuzun \u00e7at\u0131s\u0131 alt\u0131nda, \u00f6\u011frencilerimizin t\u00fcm \u00e7al\u0131\u015fmalar\u0131n\u0131 akranlar\u0131 ve sanatseverlerle payla\u015fabildikleri uluslararas\u0131 organizasyonlar ve sergiler ger\u00e7ekle\u015ftirilmektedir. Okulumuzdaki her \u00f6\u011frenci mutlaka, gerek sahne arkas\u0131nda gerekse sahne \u00f6n\u00fcnde olmak \u00fczere sahne \u00fczerinde yap\u0131lan farkl\u0131 bir etkinlikte g\u00f6rev al\u0131r. Bu \u00e7al\u0131\u015fmalar, mezun olduklar\u0131nda sanat alg\u0131lar\u0131, \u00f6z g\u00fcven ve ki\u015fisel ifade becerileri bak\u0131m\u0131ndan onlara farkl\u0131l\u0131klar sa\u011flamaktad\u0131r. Bir ENKA&#8217;l\u0131 olmak; sanat\u0131n her bran\u015f\u0131n\u0131n \u00f6neminin, gereklili\u011finin bilincinde ve sanata hak etti\u011fi deste\u011fi vermek i\u00e7in \u00e7al\u0131\u015fan bireyler olmak demektir.<\/p>\n<p>[\/vc_column_text]<div class=\"ult-spacer spacer-69e44bc6ec636\" data-id=\"69e44bc6ec636\" data-height=\"30\" data-height-mobile=\"30\" data-height-tab=\"30\" data-height-tab-portrait=\"30\" data-height-mobile-landscape=\"30\" style=\"clear:both;display:block;\"><\/div>[\/vc_column][\/vc_row][vc_row][vc_column]\n\t\t\t\t<script type=\"text\/javascript\">\n\t\t\t\t\tjQuery(function($){\n\t\t\t\t\t\tif ( $.fn.imagesLoaded != undefined && $.fn.carouFredSel != undefined ) {\n\t\t\t\t\t\t\tvar $carouselContainer = $(\"#caroufredsel-34\");\n\t\t\t\t\t\t\t$carouselContainer.imagesLoaded(function() {\n\t\t\t\t\t\t\t\t$carouselContainer.carouFredSel({\n\t\t\t\t\t\t\t\t\tresponsive : true,\n\t\t\t\t\t\t\t\t\theight: \"variable\",\n\t\t\t\t\t\t\t\t\twidth : \"100%\",\n\t\t\t\t\t\t\t\t\tcircular : true,\n\t\t\t\t\t\t\t\t\tinfinite : true,\n\t\t\t\t\t\t\t\t\tauto : {\n\t\t\t\t\t\t\t\t\t\tplay: false,\n\t\t\t\t\t\t\t\t\t\ttimeoutDuration : 500,\n\t\t\t\t\t\t\t\t\t},\n\t\t\t\t\t\t\t\t\tswipe : {\n\t\t\t\t\t\t\t\t\t\tonTouch: true,\n\t\t\t\t\t\t\t\t\t\tonMouse: true,\n\t\t\t\t\t\t\t\t\t},prev : \"#prev-34\",next : \"#next-34\",items : {\n\t\t\t\t\t\t\t\t\t\twidth : 400,\n\t\t\t\t\t\t\t\t\t\theight: \"variable\",\n\t\t\t\t\t\t\t\t\t\tvisible : {\n\t\t\t\t\t\t\t\t\t\t\tmin : 1,\n\t\t\t\t\t\t\t\t\t\t\tmax : 4\n\t\t\t\t\t\t\t\t\t\t}\n\t\t\t\t\t\t\t\t\t}\n\t\t\t\t\t\t\t\t});\n\t\t\t\t\t\t\t});\n\t\t\t\t\t\t}$(window).load(function(){\n\t\t\t\t\t\t\t\t$(\".vcex-caroufredsel-loading\").removeClass(\"vcex-caroufredsel-loading\");\n\t\t\t\t\t\t\t});});\n\t\t\t\t<\/script><div class=\"vcex-caroufredsel-wrap clr vcex-caroufredsel-portfolio vcex-caroufredsel-default vcex-caroufredsel-loading\"><div class=\"vcex-caroufredsel vcex-gallery-lightbox \"><ul id=\"caroufredsel-34\"><li class=\"vcex-caroufredsel-slide\"><div class=\"vcex-caroufredsel-entry-media vcex-true\"><a href=\"https:\/\/www.enka.k12.tr\/istanbul\/wp-content\/uploads\/2018\/09\/IMG_1923-2.jpg\" title=\"\" class=\"vcex-caroufredsel-entry-img gallery-lightbox\"><img decoding=\"async\" src=\"https:\/\/www.enka.k12.tr\/istanbul\/wp-content\/uploads\/2018\/09\/IMG_1923-2.jpg\" alt=\"\" \/><\/a><!-- .vcex-caroufredsel-entry-img --><\/div><\/li><li class=\"vcex-caroufredsel-slide\"><div class=\"vcex-caroufredsel-entry-media vcex-true\"><a href=\"https:\/\/www.enka.k12.tr\/istanbul\/wp-content\/uploads\/2018\/09\/IMG_1922-2.jpg\" title=\"\" class=\"vcex-caroufredsel-entry-img gallery-lightbox\"><img decoding=\"async\" src=\"https:\/\/www.enka.k12.tr\/istanbul\/wp-content\/uploads\/2018\/09\/IMG_1922-2.jpg\" alt=\"\" \/><\/a><!-- .vcex-caroufredsel-entry-img --><\/div><\/li><li class=\"vcex-caroufredsel-slide\"><div class=\"vcex-caroufredsel-entry-media vcex-true\"><a href=\"https:\/\/www.enka.k12.tr\/istanbul\/wp-content\/uploads\/2018\/09\/IMG_1918-2.jpg\" title=\"\" class=\"vcex-caroufredsel-entry-img gallery-lightbox\"><img decoding=\"async\" src=\"https:\/\/www.enka.k12.tr\/istanbul\/wp-content\/uploads\/2018\/09\/IMG_1918-2.jpg\" alt=\"\" \/><\/a><!-- .vcex-caroufredsel-entry-img --><\/div><\/li><li class=\"vcex-caroufredsel-slide\"><div class=\"vcex-caroufredsel-entry-media vcex-true\"><a href=\"https:\/\/www.enka.k12.tr\/istanbul\/wp-content\/uploads\/2018\/09\/IMG_1927.jpg\" title=\"\" class=\"vcex-caroufredsel-entry-img gallery-lightbox\"><img decoding=\"async\" src=\"https:\/\/www.enka.k12.tr\/istanbul\/wp-content\/uploads\/2018\/09\/IMG_1927.jpg\" alt=\"\" \/><\/a><!-- .vcex-caroufredsel-entry-img --><\/div><\/li><li class=\"vcex-caroufredsel-slide\"><div class=\"vcex-caroufredsel-entry-media vcex-true\"><a href=\"https:\/\/www.enka.k12.tr\/istanbul\/wp-content\/uploads\/2018\/09\/IMG_1929.jpg\" title=\"\" class=\"vcex-caroufredsel-entry-img gallery-lightbox\"><img decoding=\"async\" src=\"https:\/\/www.enka.k12.tr\/istanbul\/wp-content\/uploads\/2018\/09\/IMG_1929.jpg\" alt=\"\" \/><\/a><!-- .vcex-caroufredsel-entry-img --><\/div><\/li><\/ul><div id=\"prev-34\" class=\"vcex-caroufredsel-prev\"><span class=\"fa fa-chevron-left\"><\/span><\/div><div id=\"next-34\" class=\"vcex-caroufredsel-next\"><span class=\"fa fa-chevron-right\"><\/span><\/div><\/div><\/div><div class=\"vcex-clear-floats\"><\/div>\n\t\t\t\t<script type=\"text\/javascript\">\n\t\t\t\t\tjQuery(function($){\n\t\t\t\t\t\tif ( $.fn.imagesLoaded != undefined && $.fn.carouFredSel != undefined ) {\n\t\t\t\t\t\t\tvar $carouselContainer = $(\"#caroufredsel-19\");\n\t\t\t\t\t\t\t$carouselContainer.imagesLoaded(function() {\n\t\t\t\t\t\t\t\t$carouselContainer.carouFredSel({\n\t\t\t\t\t\t\t\t\tresponsive : true,\n\t\t\t\t\t\t\t\t\theight: \"variable\",\n\t\t\t\t\t\t\t\t\twidth : \"100%\",\n\t\t\t\t\t\t\t\t\tcircular : true,\n\t\t\t\t\t\t\t\t\tinfinite : true,\n\t\t\t\t\t\t\t\t\tauto : {\n\t\t\t\t\t\t\t\t\t\tplay: false,\n\t\t\t\t\t\t\t\t\t\ttimeoutDuration : 500,\n\t\t\t\t\t\t\t\t\t},\n\t\t\t\t\t\t\t\t\tswipe : {\n\t\t\t\t\t\t\t\t\t\tonTouch: true,\n\t\t\t\t\t\t\t\t\t\tonMouse: true,\n\t\t\t\t\t\t\t\t\t},prev : \"#prev-19\",next : \"#next-19\",items : {\n\t\t\t\t\t\t\t\t\t\twidth : 400,\n\t\t\t\t\t\t\t\t\t\theight: \"variable\",\n\t\t\t\t\t\t\t\t\t\tvisible : {\n\t\t\t\t\t\t\t\t\t\t\tmin : 1,\n\t\t\t\t\t\t\t\t\t\t\tmax : 4\n\t\t\t\t\t\t\t\t\t\t}\n\t\t\t\t\t\t\t\t\t}\n\t\t\t\t\t\t\t\t});\n\t\t\t\t\t\t\t});\n\t\t\t\t\t\t}$(window).load(function(){\n\t\t\t\t\t\t\t\t$(\".vcex-caroufredsel-loading\").removeClass(\"vcex-caroufredsel-loading\");\n\t\t\t\t\t\t\t});});\n\t\t\t\t<\/script><div class=\"vcex-caroufredsel-wrap clr vcex-caroufredsel-portfolio vcex-caroufredsel-default vcex-caroufredsel-loading\"><div class=\"vcex-caroufredsel vcex-gallery-lightbox \"><ul id=\"caroufredsel-19\"><li class=\"vcex-caroufredsel-slide\"><div class=\"vcex-caroufredsel-entry-media vcex-true\"><a href=\"https:\/\/www.enka.k12.tr\/istanbul\/wp-content\/uploads\/2018\/09\/WEBSA3.jpg\" title=\"\" class=\"vcex-caroufredsel-entry-img gallery-lightbox\"><img decoding=\"async\" src=\"https:\/\/www.enka.k12.tr\/istanbul\/wp-content\/uploads\/2018\/09\/WEBSA3.jpg\" alt=\"\" \/><\/a><!-- .vcex-caroufredsel-entry-img --><\/div><\/li><li class=\"vcex-caroufredsel-slide\"><div class=\"vcex-caroufredsel-entry-media vcex-true\"><a href=\"https:\/\/www.enka.k12.tr\/istanbul\/wp-content\/uploads\/2018\/09\/WEBSA2.jpg\" title=\"\" class=\"vcex-caroufredsel-entry-img gallery-lightbox\"><img decoding=\"async\" src=\"https:\/\/www.enka.k12.tr\/istanbul\/wp-content\/uploads\/2018\/09\/WEBSA2.jpg\" alt=\"\" \/><\/a><!-- .vcex-caroufredsel-entry-img --><\/div><\/li><li class=\"vcex-caroufredsel-slide\"><div class=\"vcex-caroufredsel-entry-media vcex-true\"><a href=\"https:\/\/www.enka.k12.tr\/istanbul\/wp-content\/uploads\/2018\/09\/WEBSA1.jpg\" title=\"\" class=\"vcex-caroufredsel-entry-img gallery-lightbox\"><img decoding=\"async\" src=\"https:\/\/www.enka.k12.tr\/istanbul\/wp-content\/uploads\/2018\/09\/WEBSA1.jpg\" alt=\"\" \/><\/a><!-- .vcex-caroufredsel-entry-img --><\/div><\/li><li class=\"vcex-caroufredsel-slide\"><div class=\"vcex-caroufredsel-entry-media vcex-true\"><a href=\"https:\/\/www.enka.k12.tr\/istanbul\/wp-content\/uploads\/2018\/09\/WEBSA.jpg\" title=\"\" class=\"vcex-caroufredsel-entry-img gallery-lightbox\"><img decoding=\"async\" src=\"https:\/\/www.enka.k12.tr\/istanbul\/wp-content\/uploads\/2018\/09\/WEBSA.jpg\" alt=\"\" \/><\/a><!-- .vcex-caroufredsel-entry-img --><\/div><\/li><\/ul><div id=\"prev-19\" class=\"vcex-caroufredsel-prev\"><span class=\"fa fa-chevron-left\"><\/span><\/div><div id=\"next-19\" class=\"vcex-caroufredsel-next\"><span class=\"fa fa-chevron-right\"><\/span><\/div><\/div><\/div><div class=\"vcex-clear-floats\"><\/div>[\/vc_column][\/vc_row]<\/p>\n<\/div>","protected":false},"excerpt":{"rendered":"<p>[vc_row padding_left=&#8221;20px&#8221; padding_right=&#8221;20px&#8221; bg_type=&#8221;bg_color&#8221; enable_overlay=&#8221;off&#8221; bg_color_value=&#8221;rgba(247,247,247,0.8)&#8221;][vc_column][vc_row_inner][vc_column_inner width=&#8221;1\/6&#8243;][\/vc_column_inner][vc_column_inner width=&#8221;2\/3&#8243;][\/vc_column_inner][vc_column_inner width=&#8221;1\/6&#8243;][\/vc_column_inner][\/vc_row_inner][\/vc_column][\/vc_row][vc_row full_width=&#8221;stretch_row_content_no_spaces&#8221; gap=&#8221;30&#8243; padding_top=&#8221;40px&#8221; padding_bottom=&#8221;20px&#8221; padding_left=&#8221;10px&#8221; padding_right=&#8221;10px&#8221; bg_type=&#8221;bg_color&#8221; bg_color_value=&#8221;rgba(247,247,247,0.8)&#8221;][vc_column padding_right=&#8221;10px&#8221;][vc_column_text] G\u00fczel sanatlarda ba\u015far\u0131l\u0131 olmak, b\u00fct\u00fcn ink\u0131laplarda ba\u015far\u0131ya ula\u015fmak demektir. G\u00fczel sanatlarda ba\u015far\u0131l\u0131 olamayan milletler ne yaz\u0131k ki, medeniyet alan\u0131nda y\u00fcksek insanl\u0131k s\u0131fat\u0131yla yer almaktan ilelebet mahrum kalacaklard\u0131r. Mustafa Kemal Atat\u00fcrk [\/vc_column_text][vc_column_text] Okulumuzda \u00f6\u011frencilerimiz, Ata\u2019m\u0131z\u0131n g\u00f6sterdi\u011fi bu \u00e7a\u011fda\u015fla\u015fma yolunda , sanat\u0131n her bran\u015f\u0131n\u0131n ve sanat\u00e7\u0131n\u0131n \u00f6nemini anlayabilecekleri ayn\u0131&#8230;<\/p>\n","protected":false},"author":1,"featured_media":5928,"parent":5542,"menu_order":0,"comment_status":"closed","ping_status":"closed","template":"","meta":{"_acf_changed":false,"inline_featured_image":false,"footnotes":""},"class_list":["post-5927","page","type-page","status-publish","has-post-thumbnail","hentry","custom-post-type-entry"],"aioseo_notices":[],"acf":[],"_links":{"self":[{"href":"https:\/\/www.enka.k12.tr\/istanbul\/tr\/wp-json\/wp\/v2\/pages\/5927","targetHints":{"allow":["GET"]}}],"collection":[{"href":"https:\/\/www.enka.k12.tr\/istanbul\/tr\/wp-json\/wp\/v2\/pages"}],"about":[{"href":"https:\/\/www.enka.k12.tr\/istanbul\/tr\/wp-json\/wp\/v2\/types\/page"}],"author":[{"embeddable":true,"href":"https:\/\/www.enka.k12.tr\/istanbul\/tr\/wp-json\/wp\/v2\/users\/1"}],"replies":[{"embeddable":true,"href":"https:\/\/www.enka.k12.tr\/istanbul\/tr\/wp-json\/wp\/v2\/comments?post=5927"}],"version-history":[{"count":0,"href":"https:\/\/www.enka.k12.tr\/istanbul\/tr\/wp-json\/wp\/v2\/pages\/5927\/revisions"}],"up":[{"embeddable":true,"href":"https:\/\/www.enka.k12.tr\/istanbul\/tr\/wp-json\/wp\/v2\/pages\/5542"}],"wp:featuredmedia":[{"embeddable":true,"href":"https:\/\/www.enka.k12.tr\/istanbul\/tr\/wp-json\/wp\/v2\/media\/5928"}],"wp:attachment":[{"href":"https:\/\/www.enka.k12.tr\/istanbul\/tr\/wp-json\/wp\/v2\/media?parent=5927"}],"curies":[{"name":"wp","href":"https:\/\/api.w.org\/{rel}","templated":true}]}}