{"id":5932,"date":"2017-02-16T11:30:51","date_gmt":"2017-02-16T08:30:51","guid":{"rendered":"https:\/\/www.enka.com\/foundation\/schools\/istanbul\/okulda-yasam\/student-council\/"},"modified":"2021-03-26T12:14:07","modified_gmt":"2021-03-26T09:14:07","slug":"ogrenci-birligi","status":"publish","type":"page","link":"https:\/\/www.enka.k12.tr\/istanbul\/tr\/okulda-yasam\/ogrenci-birligi\/","title":{"rendered":"\u00d6\u011eRENC\u0130 B\u0130RL\u0130\u011e\u0130"},"content":{"rendered":"<div class=\"wpb-content-wrapper\"><p>[vc_row padding_left=&#8221;20px&#8221; padding_right=&#8221;20px&#8221; bg_type=&#8221;bg_color&#8221; enable_overlay=&#8221;off&#8221; bg_color_value=&#8221;rgba(247,247,247,0.8)&#8221;][vc_column]<div class=\"ult-spacer spacer-69ff2c426d7c0\" data-id=\"69ff2c426d7c0\" data-height=\"30\" data-height-mobile=\"10\" data-height-tab=\"20\" data-height-tab-portrait=\"\" data-height-mobile-landscape=\"\" style=\"clear:both;display:block;\"><\/div>[vc_row_inner][vc_column_inner width=&#8221;1\/6&#8243;][\/vc_column_inner][vc_column_inner width=&#8221;2\/3&#8243;]<div id=\"ultimate-heading-370169ff2c426da33\" class=\"uvc-heading ult-adjust-bottom-margin ultimate-heading-370169ff2c426da33 uvc-1280 \" data-hspacer=\"line_with_icon\" data-hline_width=\"auto\" data-hicon_type=\"custom\" data-hborder_style=\"solid\" data-hborder_height=\"3\" data-hborder_color=\"#69b3e7\" data-icon_width=\"200\" data-hfixer=\"30\"  data-halign=\"center\" style=\"text-align:center\"><div class=\"uvc-heading-spacer line_with_icon\" style=\"top\"><div class=\"ult-just-icon-wrapper  \"><div class=\"align-icon\" style=\"text-align:center;\">\n<div class=\"aio-icon-img \" style=\"font-size:200px;display:inline-block;\" >\n\t<img decoding=\"async\" class=\"img-icon\" alt=\"null\" src=\"https:\/\/www.enka.k12.tr\/istanbul\/wp-content\/uploads\/2021\/01\/enka_schools_log_newtr.jpg\"\/>\n<\/div><\/div><\/div><\/div><div class=\"uvc-sub-heading ult-responsive\"  data-ultimate-target='.uvc-heading.ultimate-heading-370169ff2c426da33 .uvc-sub-heading '  data-responsive-json-new='{\"font-size\":\"\",\"line-height\":\"\"}'  style=\"font-weight:normal;\"><br \/><\/div><\/div>[\/vc_column_inner][vc_column_inner width=&#8221;1\/6&#8243;][\/vc_column_inner][\/vc_row_inner][\/vc_column][\/vc_row][vc_row full_width=&#8221;stretch_row_content_no_spaces&#8221; gap=&#8221;30&#8243; padding_top=&#8221;40px&#8221; padding_bottom=&#8221;40px&#8221; padding_left=&#8221;10px&#8221; padding_right=&#8221;10px&#8221; bg_type=&#8221;bg_color&#8221; bg_color_value=&#8221;rgba(247,247,247,0.8)&#8221;][vc_column padding_right=&#8221;10px&#8221;][vc_column_text]ENKA Okullar\u0131 \u00d6\u011frenci Birli\u011fi 2004 y\u0131l\u0131ndan bu yana \u00f6\u011frencilerin y\u00f6netimdeki sesi olmaya devam etmektedir. Yap\u0131lan demokratik se\u00e7imlerle \u00d6\u011frenci Birli\u011fi olu\u015fturulmaktad\u0131r. Her \u015fubeden bir s\u0131n\u0131f temsilcisi se\u00e7ilmekte ve \u00d6\u011frenci Birli\u011fi Kurulu\u2019nda aktif olarak bir y\u0131l boyunca g\u00f6rev almaktad\u0131r.<\/p>\n<p>\u00d6\u011frenci ya\u015fam\u0131n\u0131 etkileyen sorunlar\u0131n \u00e7\u00f6z\u00fcm\u00fc i\u00e7in \u00e7al\u0131\u015fmak, sosyal sorumluluk projelerinde aktif olarak yer almak, \u00f6\u011frenciler ve okul idaresi aras\u0131nda ileti\u015fimi artt\u0131racak etkinlikler d\u00fczenlemek ENKA Okullar\u0131 \u00d6\u011frenci Birli\u011fi\u2019nin belli ba\u015fl\u0131 sorumluluklar\u0131 aras\u0131nda yer almaktad\u0131r.<\/p>\n<p>Ayr\u0131ca; \u00d6\u011fretmenler G\u00fcn\u00fc etkinliklerinin organizasyonu, yemek men\u00fclerinin belirlenmesi, yeni s\u0131n\u0131f d\u00fczeni \u00e7al\u0131\u015fmalar\u0131, d\u0131\u015f mekan oturma alanlar\u0131, \u00f6zel g\u00fcn kutlamalar\u0131ndaki ve sosyal sorumluluk projelerindeki katk\u0131lar\u0131 bug\u00fcne kadar okula kazand\u0131rm\u0131\u015f olduklar\u0131 \u00f6rnek \u00e7al\u0131\u015fmalar\u0131d\u0131r.[\/vc_column_text]<div class=\"ult-spacer spacer-69ff2c426da8e\" data-id=\"69ff2c426da8e\" data-height=\"30\" data-height-mobile=\"10\" data-height-tab=\"20\" data-height-tab-portrait=\"\" data-height-mobile-landscape=\"\" style=\"clear:both;display:block;\"><\/div>[\/vc_column][\/vc_row]<\/p>\n<\/div>","protected":false},"excerpt":{"rendered":"<p>[vc_row padding_left=&#8221;20px&#8221; padding_right=&#8221;20px&#8221; bg_type=&#8221;bg_color&#8221; enable_overlay=&#8221;off&#8221; bg_color_value=&#8221;rgba(247,247,247,0.8)&#8221;][vc_column][vc_row_inner][vc_column_inner width=&#8221;1\/6&#8243;][\/vc_column_inner][vc_column_inner width=&#8221;2\/3&#8243;][\/vc_column_inner][vc_column_inner width=&#8221;1\/6&#8243;][\/vc_column_inner][\/vc_row_inner][\/vc_column][\/vc_row][vc_row full_width=&#8221;stretch_row_content_no_spaces&#8221; gap=&#8221;30&#8243; padding_top=&#8221;40px&#8221; padding_bottom=&#8221;40px&#8221; padding_left=&#8221;10px&#8221; padding_right=&#8221;10px&#8221; bg_type=&#8221;bg_color&#8221; bg_color_value=&#8221;rgba(247,247,247,0.8)&#8221;][vc_column padding_right=&#8221;10px&#8221;][vc_column_text]ENKA Okullar\u0131 \u00d6\u011frenci Birli\u011fi 2004 y\u0131l\u0131ndan bu yana \u00f6\u011frencilerin y\u00f6netimdeki sesi olmaya devam etmektedir. Yap\u0131lan demokratik se\u00e7imlerle \u00d6\u011frenci Birli\u011fi olu\u015fturulmaktad\u0131r. Her \u015fubeden bir s\u0131n\u0131f temsilcisi se\u00e7ilmekte ve \u00d6\u011frenci Birli\u011fi Kurulu\u2019nda aktif olarak bir y\u0131l boyunca g\u00f6rev almaktad\u0131r. \u00d6\u011frenci ya\u015fam\u0131n\u0131 etkileyen sorunlar\u0131n \u00e7\u00f6z\u00fcm\u00fc i\u00e7in \u00e7al\u0131\u015fmak, sosyal sorumluluk projelerinde aktif&#8230;<\/p>\n","protected":false},"author":1,"featured_media":5497,"parent":5542,"menu_order":0,"comment_status":"closed","ping_status":"closed","template":"","meta":{"_acf_changed":false,"inline_featured_image":false,"footnotes":""},"class_list":["post-5932","page","type-page","status-publish","has-post-thumbnail","hentry","custom-post-type-entry"],"aioseo_notices":[],"acf":[],"_links":{"self":[{"href":"https:\/\/www.enka.k12.tr\/istanbul\/tr\/wp-json\/wp\/v2\/pages\/5932","targetHints":{"allow":["GET"]}}],"collection":[{"href":"https:\/\/www.enka.k12.tr\/istanbul\/tr\/wp-json\/wp\/v2\/pages"}],"about":[{"href":"https:\/\/www.enka.k12.tr\/istanbul\/tr\/wp-json\/wp\/v2\/types\/page"}],"author":[{"embeddable":true,"href":"https:\/\/www.enka.k12.tr\/istanbul\/tr\/wp-json\/wp\/v2\/users\/1"}],"replies":[{"embeddable":true,"href":"https:\/\/www.enka.k12.tr\/istanbul\/tr\/wp-json\/wp\/v2\/comments?post=5932"}],"version-history":[{"count":0,"href":"https:\/\/www.enka.k12.tr\/istanbul\/tr\/wp-json\/wp\/v2\/pages\/5932\/revisions"}],"up":[{"embeddable":true,"href":"https:\/\/www.enka.k12.tr\/istanbul\/tr\/wp-json\/wp\/v2\/pages\/5542"}],"wp:featuredmedia":[{"embeddable":true,"href":"https:\/\/www.enka.k12.tr\/istanbul\/tr\/wp-json\/wp\/v2\/media\/5497"}],"wp:attachment":[{"href":"https:\/\/www.enka.k12.tr\/istanbul\/tr\/wp-json\/wp\/v2\/media?parent=5932"}],"curies":[{"name":"wp","href":"https:\/\/api.w.org\/{rel}","templated":true}]}}