{"id":5941,"date":"2017-02-16T11:28:59","date_gmt":"2017-02-16T08:28:59","guid":{"rendered":"https:\/\/www.enka.com\/foundation\/schools\/istanbul\/akademik-faaliyetler\/libraries\/"},"modified":"2026-05-05T15:55:37","modified_gmt":"2026-05-05T12:55:37","slug":"kutuphaneler","status":"publish","type":"page","link":"https:\/\/www.enka.k12.tr\/istanbul\/tr\/akademik-faaliyetler\/kutuphaneler\/","title":{"rendered":"K\u00dcT\u00dcPHANELER"},"content":{"rendered":"<div class=\"wpb-content-wrapper\"><p>[vc_row_inner][vc_column_inner width=&#8221;1\/6&#8243;][\/vc_column_inner][vc_column_inner width=&#8221;2\/3&#8243;]<div id=\"ultimate-heading-294269fe05162cdf5\" class=\"uvc-heading ult-adjust-bottom-margin ultimate-heading-294269fe05162cdf5 uvc-6642 \" data-hspacer=\"line_with_icon\" data-hline_width=\"auto\" data-hicon_type=\"custom\" data-hborder_style=\"solid\" data-hborder_height=\"3\" data-hborder_color=\"#69b3e7\" data-icon_width=\"200\" data-hfixer=\"30\"  data-halign=\"center\" style=\"text-align:center\"><div class=\"uvc-heading-spacer line_with_icon\" style=\"top\"><div class=\"ult-just-icon-wrapper  \"><div class=\"align-icon\" style=\"text-align:center;\">\n<div class=\"aio-icon-img \" style=\"font-size:200px;display:inline-block;\" >\n\t<img decoding=\"async\" class=\"img-icon\" alt=\"null\" src=\"https:\/\/www.enka.k12.tr\/istanbul\/wp-content\/uploads\/2021\/01\/enka_schools_log_newtr.jpg\"\/>\n<\/div><\/div><\/div><\/div><div class=\"uvc-sub-heading ult-responsive\"  data-ultimate-target='.uvc-heading.ultimate-heading-294269fe05162cdf5 .uvc-sub-heading '  data-responsive-json-new='{\"font-size\":\"\",\"line-height\":\"\"}'  style=\"font-weight:normal;\"><br \/>\n<\/div><\/div>[\/vc_column_inner][vc_column_inner width=&#8221;1\/6&#8243;][\/vc_column_inner][\/vc_row_inner][vc_row gap=&#8221;30&#8243; padding_top=&#8221;40px&#8221; padding_bottom=&#8221;40px&#8221; padding_left=&#8221;10px&#8221; padding_right=&#8221;10px&#8221; bg_type=&#8221;bg_color&#8221; bg_color_value=&#8221;rgba(247,247,247,0.8)&#8221;][vc_column padding_right=&#8221;10px&#8221;][vc_tta_accordion][vc_tta_section title=&#8221;K\u00dcT\u00dcPHANELER&#8221; tab_id=&#8221;1729752597500-cbdc33c1-4dc5&#8243;][vc_column_text]\u0130stanbul ENKA Okullar\u0131 K\u00fct\u00fcphaneleri okul toplulu\u011funun akademik, sosyal ve k\u00fclt\u00fcrel alanlarda ihtiya\u00e7lar\u0131n\u0131 kar\u015f\u0131lamay\u0131, \u00f6\u011frencilerimizin ara\u015ft\u0131rma becerilerini geli\u015ftirmeyi, akademik d\u00fcr\u00fcstl\u00fck ilkelerini \u00f6\u011fretmeyi, hayat boyu \u00f6\u011frenme al\u0131\u015fkanl\u0131klar\u0131n\u0131 desteklemeyi ama\u00e7lar.<\/p>\n<p>Okulumuzun e\u011fitim \u00f6\u011fretim faaliyetleri do\u011frultusunda ihtiya\u00e7 duyulan kaynaklar\u0131 temin etmeye \u00e7al\u0131\u015f\u0131rken ayn\u0131 zamanda okuma al\u0131\u015fkanl\u0131\u011f\u0131 kazand\u0131rmay\u0131 hedefler.<\/p>\n<p>Okulumuz k\u00fct\u00fcphane koleksiyonuna a\u015fa\u011f\u0131daki Katalog tarama butonundan ula\u015fabilirsiniz.[\/vc_column_text]<div class=\"ult-spacer spacer-69fe05162ce62\" data-id=\"69fe05162ce62\" data-height=\"30\" data-height-mobile=\"10\" data-height-tab=\"20\" data-height-tab-portrait=\"\" data-height-mobile-landscape=\"\" style=\"clear:both;display:block;\"><\/div><div class=\" ubtn-ctn-left \"><a class=\"ubtn-link ult-adjust-bottom-margin ubtn-left ubtn-small \" href=\"https:\/\/enkalibrary.follettdestiny.com\/\" title=\"K\u00dcT\u00dcPHANE KATALO\u011eUNU ARA\u015eTIRIN\" target=\"_blank\" rel=\"noopener\" ><button type=\"button\" id=\"ubtn-4325\"  class=\"ubtn ult-adjust-bottom-margin ult-responsive ubtn-small ubtn-no-hover-bg  none  ubtn-left   tooltip-69fe05162ceab\"  data-hover=\"\" data-border-color=\"\" data-bg=\"#69b3e7\" data-hover-bg=\"#012169\" data-border-hover=\"\" data-shadow-hover=\"\" data-shadow-click=\"none\" data-shadow=\"\" data-shd-shadow=\"\"  data-ultimate-target='#ubtn-4325'  data-responsive-json-new='{\"font-size\":\"desktop:16px;\",\"line-height\":\"\"}'  style=\"font-family:&#039;Roboto Condensed&#039;;font-weight:normal;border:none;background: #69b3e7;color: #ffffff;\"><span class=\"ubtn-hover\" style=\"background-color:#012169\"><\/span><span class=\"ubtn-data ubtn-text \" >K\u00dcT\u00dcPHANE KATALO\u011eU<\/span><\/button><\/a><\/div>[\/vc_tta_section][vc_tta_section title=&#8221;D\u0130J\u0130TAL KAYNAKLAR&#8221; tab_id=&#8221;1732024750686-4c8e57e4-50ad&#8221;][vc_column_text]ENKA \u0130stanbul Okullar\u0131 k\u00fct\u00fcphaneleri \u00f6\u011frencilerimiz ve akademik kadromuz i\u00e7in geni\u015f bir bilgi d\u00fcnyas\u0131 sunuyor. Abone oldu\u011fumuz \u00e7e\u015fitli dijital kaynaklar sayesinde \u00f6\u011frenme ve ara\u015ft\u0131rma deneyiminizi zenginle\u015ftirebilirsiniz.<\/p>\n<p>Okul k\u00fct\u00fcphanelerimizin abone oldu\u011fu online kaynaklar\u0131m\u0131za \u00f6\u011frencilerimiz \u015fifreleri ile giri\u015f yapabilirler.[\/vc_column_text]<div class=\"ult-spacer spacer-69fe05162cf29\" data-id=\"69fe05162cf29\" data-height=\"30\" data-height-mobile=\"10\" data-height-tab=\"20\" data-height-tab-portrait=\"\" data-height-mobile-landscape=\"\" style=\"clear:both;display:block;\"><\/div>[vc_row_inner][vc_column_inner][vc_single_image image=&#8221;37786&#8243;][\/vc_column_inner][\/vc_row_inner]<div class=\"ult-spacer spacer-69fe05162cf77\" data-id=\"69fe05162cf77\" data-height=\"30\" data-height-mobile=\"10\" data-height-tab=\"20\" data-height-tab-portrait=\"\" data-height-mobile-landscape=\"\" style=\"clear:both;display:block;\"><\/div>[vc_column_text][\/vc_column_text]<div class=\" ubtn-ctn-center \"><a class=\"ubtn-link ult-adjust-bottom-margin ubtn-center ubtn-mini \" href=\"https:\/\/enkalibrary.follettdestiny.com\/common\/welcome.jsp?context=saas907_8501248\" title=\"D\u0130J\u0130TAL KAYNAKLAR\" target=\"_blank\" rel=\"noopener\" ><button type=\"button\" id=\"ubtn-2815\"  class=\"ubtn ult-adjust-bottom-margin ult-responsive ubtn-mini ubtn-no-hover-bg  none  ubtn-center   tooltip-69fe05162cfb4\"  data-hover=\"\" data-border-color=\"\" data-bg=\"#69b3e7\" data-hover-bg=\"#012169\" data-border-hover=\"\" data-shadow-hover=\"\" data-shadow-click=\"none\" data-shadow=\"\" data-shd-shadow=\"\"  data-ultimate-target='#ubtn-2815'  data-responsive-json-new='{\"font-size\":\"desktop:16px;\",\"line-height\":\"\"}'  style=\"font-family:&#039;Roboto Condensed&#039;;font-weight:normal;border:none;background: #69b3e7;color: #ffffff;\"><span class=\"ubtn-hover\" style=\"background-color:#012169\"><\/span><span class=\"ubtn-data ubtn-text \" >D\u0130J\u0130TAL KAYNAKLAR<\/span><\/button><\/a><\/div>[\/vc_tta_section][vc_tta_section title=&#8221;\u00c7ALI\u015eMA SAATLER\u0130&#8221; tab_id=&#8221;1729752597525-d1ff2402-38b6&#8243;][vc_column_text]T\u00fcm k\u00fct\u00fcphaneler, pazartesi ve cuma g\u00fcnleri aras\u0131, 8.00 \u2013 16.30 aras\u0131 a\u00e7\u0131kt\u0131r.[\/vc_column_text][\/vc_tta_section][vc_tta_section title=&#8221;TESL\u0130M S\u00dcRES\u0130 DOLAN K\u0130TAPLAR&#8221; tab_id=&#8221;1729753667918-a80c0d3a-b963&#8243;][vc_column_text]<\/p>\n<h1 class=\"vc_custom_heading vc_do_custom_heading\">Anaokulu ve \u0130lkokul \u00d6\u011frencileri<\/h1>\n<div class=\"wpb_text_column wpb_content_element\">\n<div class=\"wpb_wrapper\">\n<p>\u00d6\u011frencilerimiz k\u00fct\u00fcphaneden on be\u015f g\u00fcn s\u00fcre ile \u00f6d\u00fcn\u00e7 kitap alabilirler. Bu s\u00fcre dolmadan kitaplar teslim edilebilir ya da ek on be\u015f g\u00fcn daha s\u00fcre verilebilir. Kitab\u0131 geciken \u00f6\u011frenci yeni \u00f6d\u00fcn\u00e7 kitap hakk\u0131na sahip olamaz.<\/p>\n<\/div>\n<h1 class=\"vc_custom_heading vc_do_custom_heading\">Ortaokul ve Lise<\/h1>\n<div class=\"wpb_text_column wpb_content_element\">\n<div class=\"wpb_wrapper\">\n<p>\u00d6\u011frencilerimiz k\u00fct\u00fcphaneden on be\u015f g\u00fcn s\u00fcre ile \u00f6d\u00fcn\u00e7 kitap alabilirler. Bu s\u00fcre dolmadan kitaplar teslim edilebilir ya da ek on be\u015f g\u00fcn daha s\u00fcre verilebilir. Kitab\u0131 geciken \u00f6\u011frenci yeni \u00f6d\u00fcn\u00e7 kitap hakk\u0131na sahip olamaz.<\/p>\n<p><strong>\u00d6nemli Not<\/strong>: Kitab\u0131 ge\u00e7 teslim etti\u011finiz her bir g\u00fcn i\u00e7in 5 TL ceza \u00f6demeniz gerekir.<\/p>\n<\/div>\n<\/div>\n<\/div>\n<p>[\/vc_column_text][\/vc_tta_section][vc_tta_section title=&#8221;KAYBOLAN VEYA ZARAR G\u00d6REN K\u0130TAPLAR&#8221; tab_id=&#8221;1729753836813-f5f9f3fb-b1df&#8221;][vc_column_text]<\/p>\n<div class=\"wpb_text_column wpb_content_element\">\n<div class=\"wpb_text_column wpb_content_element\">\n<div class=\"wpb_wrapper\">\n<p>K\u00fct\u00fcphane kitaplar\u0131n\u0131n kaybedilmesi veya zarar g\u00f6rmesi durumunda, ayn\u0131 kitab\u0131n temin edilmesi istenir.<\/p>\n<\/div>\n<\/div>\n<\/div>\n<p>[\/vc_column_text][\/vc_tta_section][vc_tta_section title=&#8221;K\u0130TAP \u00d6D\u00dcN\u00c7 ALMA&#8221; tab_id=&#8221;1729754052028-3b63694c-211f&#8221;][vc_column_text]<\/p>\n<div class=\"wpb_text_column wpb_content_element\">\n<div class=\"wpb_text_column wpb_content_element\">\n<div class=\"wpb_wrapper\">\n<table style=\"width: 89.039%; height: 48px;\">\n<tbody>\n<tr style=\"height: 24px;\">\n<td style=\"height: 24px;\"><strong>Anaokul:<\/strong> 1\u00a0kitap<\/td>\n<td style=\"height: 24px;\"><strong>1.S\u0131n\u0131f:<\/strong> 2 kitap<\/td>\n<td style=\"height: 24px;\"><strong>3.S\u0131n\u0131f: <\/strong>4 kitap\u00a0\u2013 <strong>4.S\u0131n\u0131f:<\/strong> 5 kitap<\/td>\n<\/tr>\n<tr style=\"height: 24px;\">\n<td style=\"height: 24px;\"><strong>Ortaokul:<\/strong> 4 kitap<\/td>\n<td style=\"height: 24px;\"><strong>Lise:<\/strong> 4 kitap<\/td>\n<td style=\"height: 24px;\"><strong>Veliler:<\/strong> 6 kitap<\/td>\n<\/tr>\n<\/tbody>\n<\/table>\n<\/div>\n<\/div>\n<\/div>\n<p>[\/vc_column_text][\/vc_tta_section][\/vc_tta_accordion]<div class=\"ult-spacer spacer-69fe05162d01a\" data-id=\"69fe05162d01a\" data-height=\"30\" data-height-mobile=\"10\" data-height-tab=\"20\" data-height-tab-portrait=\"\" data-height-mobile-landscape=\"\" style=\"clear:both;display:block;\"><\/div>[vc_column_text]<\/p>\n<p style=\"text-align: left;\"><span style=\"font-size: 18pt;\"><strong>Ask\u0131da Kitap Uygulamas\u0131<\/strong><\/span><\/p>\n<p><img loading=\"lazy\" decoding=\"async\" class=\"wp-image-37783 size-medium alignleft\" src=\"https:\/\/www.enka.k12.tr\/istanbul\/wp-content\/uploads\/2024\/11\/IMG_0537-300x200.jpg\" alt=\"\" width=\"300\" height=\"200\" srcset=\"https:\/\/www.enka.k12.tr\/istanbul\/wp-content\/uploads\/2024\/11\/IMG_0537-300x200.jpg 300w, https:\/\/www.enka.k12.tr\/istanbul\/wp-content\/uploads\/2024\/11\/IMG_0537-1024x683.jpg 1024w, https:\/\/www.enka.k12.tr\/istanbul\/wp-content\/uploads\/2024\/11\/IMG_0537-768x512.jpg 768w, https:\/\/www.enka.k12.tr\/istanbul\/wp-content\/uploads\/2024\/11\/IMG_0537-1536x1024.jpg 1536w, https:\/\/www.enka.k12.tr\/istanbul\/wp-content\/uploads\/2024\/11\/IMG_0537-2048x1365.jpg 2048w\" sizes=\"auto, (max-width: 300px) 100vw, 300px\" \/><\/p>\n<p>D\u00fc\u015f\u00fcnen, sorgulayan, bilgiye de\u011fer veren nesiller aras\u0131ndaki etkile\u015fimi art\u0131rmak i\u00e7in okuma eylemini bir payla\u015f\u0131ma d\u00f6n\u00fc\u015ft\u00fcrmeyi hedefliyoruz. Okuma k\u00fclt\u00fcr\u00fcm\u00fcz\u00fcn s\u00fcreklilik kazanmas\u0131 i\u00e7in \u00e7ocuklar\u0131m\u0131z\u0131n kitaplara kolay ula\u015f\u0131m\u0131n\u0131 sa\u011flamak ve onlar\u0131 do\u011fru adrese y\u00f6nlendirmek istiyoruz.<\/p>\n<p>Ortaokul\/Lise K\u00fct\u00fcphanemizin b\u00fcnyesinde ba\u015flatt\u0131\u011f\u0131m\u0131z ve giderek b\u00fcy\u00fcyen hizmet \u00e7al\u0131\u015fmam\u0131z &#8220;Ask\u0131da Kitap&#8221; uygulamam\u0131z\u0131 sizlerle payla\u015fmak isteriz.<\/p>\n<p>&#8220;Ask\u0131da Kitap&#8221; b\u00f6l\u00fcm\u00fcm\u00fczde \u00f6ncelikle okulumuzdan mezun olan \u00f6\u011frencilerimizin ya da veli, \u00f6\u011fretmen, \u00e7al\u0131\u015fan personelimizin ba\u011f\u0131\u015flad\u0131\u011f\u0131 kitaplar bulunmaktad\u0131r. Her t\u00fcrl\u00fc \u0130ngilizce, T\u00fcrk\u00e7e kaynak kitap, roman, hik\u00e2ye, \u015fiir &#8220;Ask\u0131da Kitap&#8221; raflar\u0131nda kullan\u0131m\u0131n\u0131za sunulmaktad\u0131r.[\/vc_column_text][\/vc_column][\/vc_row][vc_row gap=&#8221;30&#8243; padding_top=&#8221;40px&#8221; padding_bottom=&#8221;40px&#8221; padding_left=&#8221;10px&#8221; padding_right=&#8221;10px&#8221; bg_type=&#8221;bg_color&#8221; bg_color_value=&#8221;rgba(247,247,247,0.8)&#8221;][vc_column width=&#8221;1\/3&#8243;]<div class=\"ult-spacer spacer-69fe05162d046\" data-id=\"69fe05162d046\" data-height=\"30\" data-height-mobile=\"15\" data-height-tab=\"30\" data-height-tab-portrait=\"30\" data-height-mobile-landscape=\"30\" style=\"clear:both;display:block;\"><\/div>[vc_custom_heading text=&#8221;ANAOKULU K\u00dcT\u00dcPHANE SORUMLUSU&#8221; font_container=&#8221;tag:h1|font_size:20|text_align:center|color:%2369b3e7&#8243; use_theme_fonts=&#8221;yes&#8221; css=&#8221;&#8221;][vc_column_text]<\/p>\n<p style=\"text-align: center;\"><strong>Meltem \u00d6zden<\/strong><br \/>\n<a href=\"mailto:meltem.ozden@enka.k12.tr\" data-linkindex=\"0\">meltem.ozden@enka.k12.tr<\/a><\/p>\n<p>[\/vc_column_text][\/vc_column][vc_column width=&#8221;1\/3&#8243; padding_right=&#8221;10px&#8221;]<div class=\"ult-spacer spacer-69fe05162d070\" data-id=\"69fe05162d070\" data-height=\"30\" data-height-mobile=\"15\" data-height-tab=\"30\" data-height-tab-portrait=\"30\" data-height-mobile-landscape=\"30\" style=\"clear:both;display:block;\"><\/div>[vc_custom_heading text=&#8221;\u0130LKOKUL K\u00dcT\u00dcPHANE SORUMLUSU&#8221; font_container=&#8221;tag:h1|font_size:20|text_align:center|color:%2369b3e7&#8243; use_theme_fonts=&#8221;yes&#8221; css=&#8221;&#8221;][vc_column_text]<\/p>\n<p style=\"text-align: center;\"><strong>\u015eule \u00c7\u0131nar<\/strong><br \/>\n<a title=\"mailto:Sule.cinar@enka.k12.tr\" href=\"mailto:Sule.cinar@enka.k12.tr\" data-linkindex=\"0\" data-olk-copy-source=\"MessageBody\">Sule.cinar@enka.k12.tr<\/a><\/p>\n<p>[\/vc_column_text][\/vc_column][vc_column width=&#8221;1\/3&#8243;]<div class=\"ult-spacer spacer-69fe05162d098\" data-id=\"69fe05162d098\" data-height=\"30\" data-height-mobile=\"15\" data-height-tab=\"30\" data-height-tab-portrait=\"30\" data-height-mobile-landscape=\"30\" style=\"clear:both;display:block;\"><\/div>[vc_custom_heading text=&#8221;ORTAOKUL VE L\u0130SE K\u00dcT\u00dcPHANE SORUMLUSU&#8221; font_container=&#8221;tag:h1|font_size:20|text_align:center|color:%2369b3e7&#8243; use_theme_fonts=&#8221;yes&#8221; css=&#8221;&#8221;][vc_column_text]<\/p>\n<p style=\"text-align: center;\"><strong>Zeynep Ko\u00e7 Ayd\u0131n<\/strong><br \/>\n<a href=\"mailto:karolin.sumertas@enka.k12.tr\">zeynep.aydin@enka.k12.tr<\/a><\/p>\n<p>[\/vc_column_text][\/vc_column][\/vc_row]<\/p>\n<\/div>","protected":false},"excerpt":{"rendered":"<p>[vc_row_inner][vc_column_inner width=&#8221;1\/6&#8243;][\/vc_column_inner][vc_column_inner width=&#8221;2\/3&#8243;][\/vc_column_inner][vc_column_inner width=&#8221;1\/6&#8243;][\/vc_column_inner][\/vc_row_inner][vc_row gap=&#8221;30&#8243; padding_top=&#8221;40px&#8221; padding_bottom=&#8221;40px&#8221; padding_left=&#8221;10px&#8221; padding_right=&#8221;10px&#8221; bg_type=&#8221;bg_color&#8221; bg_color_value=&#8221;rgba(247,247,247,0.8)&#8221;][vc_column padding_right=&#8221;10px&#8221;][vc_tta_accordion][vc_tta_section title=&#8221;K\u00dcT\u00dcPHANELER&#8221; tab_id=&#8221;1729752597500-cbdc33c1-4dc5&#8243;][vc_column_text]\u0130stanbul ENKA Okullar\u0131 K\u00fct\u00fcphaneleri okul toplulu\u011funun akademik, sosyal ve k\u00fclt\u00fcrel alanlarda ihtiya\u00e7lar\u0131n\u0131 kar\u015f\u0131lamay\u0131, \u00f6\u011frencilerimizin ara\u015ft\u0131rma becerilerini geli\u015ftirmeyi, akademik d\u00fcr\u00fcstl\u00fck ilkelerini \u00f6\u011fretmeyi, hayat boyu \u00f6\u011frenme al\u0131\u015fkanl\u0131klar\u0131n\u0131 desteklemeyi ama\u00e7lar. Okulumuzun e\u011fitim \u00f6\u011fretim faaliyetleri do\u011frultusunda ihtiya\u00e7 duyulan kaynaklar\u0131 temin etmeye \u00e7al\u0131\u015f\u0131rken ayn\u0131 zamanda okuma al\u0131\u015fkanl\u0131\u011f\u0131 kazand\u0131rmay\u0131 hedefler. Okulumuz k\u00fct\u00fcphane koleksiyonuna a\u015fa\u011f\u0131daki Katalog tarama butonundan ula\u015fabilirsiniz.[\/vc_column_text][\/vc_tta_section][vc_tta_section&#8230;<\/p>\n","protected":false},"author":1,"featured_media":5942,"parent":5534,"menu_order":0,"comment_status":"closed","ping_status":"closed","template":"","meta":{"_acf_changed":false,"inline_featured_image":false,"footnotes":""},"class_list":["post-5941","page","type-page","status-publish","has-post-thumbnail","hentry","custom-post-type-entry"],"aioseo_notices":[],"acf":[],"_links":{"self":[{"href":"https:\/\/www.enka.k12.tr\/istanbul\/tr\/wp-json\/wp\/v2\/pages\/5941","targetHints":{"allow":["GET"]}}],"collection":[{"href":"https:\/\/www.enka.k12.tr\/istanbul\/tr\/wp-json\/wp\/v2\/pages"}],"about":[{"href":"https:\/\/www.enka.k12.tr\/istanbul\/tr\/wp-json\/wp\/v2\/types\/page"}],"author":[{"embeddable":true,"href":"https:\/\/www.enka.k12.tr\/istanbul\/tr\/wp-json\/wp\/v2\/users\/1"}],"replies":[{"embeddable":true,"href":"https:\/\/www.enka.k12.tr\/istanbul\/tr\/wp-json\/wp\/v2\/comments?post=5941"}],"version-history":[{"count":1,"href":"https:\/\/www.enka.k12.tr\/istanbul\/tr\/wp-json\/wp\/v2\/pages\/5941\/revisions"}],"predecessor-version":[{"id":39287,"href":"https:\/\/www.enka.k12.tr\/istanbul\/tr\/wp-json\/wp\/v2\/pages\/5941\/revisions\/39287"}],"up":[{"embeddable":true,"href":"https:\/\/www.enka.k12.tr\/istanbul\/tr\/wp-json\/wp\/v2\/pages\/5534"}],"wp:featuredmedia":[{"embeddable":true,"href":"https:\/\/www.enka.k12.tr\/istanbul\/tr\/wp-json\/wp\/v2\/media\/5942"}],"wp:attachment":[{"href":"https:\/\/www.enka.k12.tr\/istanbul\/tr\/wp-json\/wp\/v2\/media?parent=5941"}],"curies":[{"name":"wp","href":"https:\/\/api.w.org\/{rel}","templated":true}]}}