{"id":5975,"date":"2017-02-16T11:30:46","date_gmt":"2017-02-16T08:30:46","guid":{"rendered":"https:\/\/www.enka.com\/foundation\/schools\/istanbul\/akademik-faaliyetler\/accreditations-memberships\/"},"modified":"2022-05-17T13:20:59","modified_gmt":"2022-05-17T10:20:59","slug":"akreditasyonlar-uyelikler","status":"publish","type":"page","link":"https:\/\/www.enka.k12.tr\/istanbul\/tr\/akademik-faaliyetler\/akreditasyonlar-uyelikler\/","title":{"rendered":"AKRED\u0130TASYONLAR VE \u00dcYEL\u0130KLER"},"content":{"rendered":"<div class=\"wpb-content-wrapper\"><p>[vc_row_inner][vc_column_inner width=&#8221;1\/6&#8243;][\/vc_column_inner][vc_column_inner width=&#8221;2\/3&#8243;]<div id=\"ultimate-heading-836969ff2c41d58aa\" class=\"uvc-heading ult-adjust-bottom-margin ultimate-heading-836969ff2c41d58aa uvc-5012 \" data-hspacer=\"line_with_icon\" data-hline_width=\"auto\" data-hicon_type=\"custom\" data-hborder_style=\"solid\" data-hborder_height=\"3\" data-hborder_color=\"#69b3e7\" data-icon_width=\"200\" data-hfixer=\"30\"  data-halign=\"center\" style=\"text-align:center\"><div class=\"uvc-heading-spacer line_with_icon\" style=\"top\"><div class=\"ult-just-icon-wrapper  \"><div class=\"align-icon\" style=\"text-align:center;\">\n<div class=\"aio-icon-img \" style=\"font-size:200px;display:inline-block;\" >\n\t<img decoding=\"async\" class=\"img-icon\" alt=\"null\" src=\"https:\/\/www.enka.k12.tr\/istanbul\/wp-content\/uploads\/2021\/01\/enka_schools_log_newtr.jpg\"\/>\n<\/div><\/div><\/div><\/div><div class=\"uvc-sub-heading ult-responsive\"  data-ultimate-target='.uvc-heading.ultimate-heading-836969ff2c41d58aa .uvc-sub-heading '  data-responsive-json-new='{\"font-size\":\"\",\"line-height\":\"\"}'  style=\"font-weight:normal;\"><br \/>\n<\/div><\/div>[\/vc_column_inner][vc_column_inner width=&#8221;1\/6&#8243;][\/vc_column_inner][\/vc_row_inner][vc_row bg_type=&#8221;bg_color&#8221; bg_color_value=&#8221;#ffffff&#8221;][vc_column]<div class=\"ult-spacer spacer-69ff2c41d5906\" data-id=\"69ff2c41d5906\" data-height=\"30\" data-height-mobile=\"10\" data-height-tab=\"20\" data-height-tab-portrait=\"\" data-height-mobile-landscape=\"\" style=\"clear:both;display:block;\"><\/div>[\/vc_column][\/vc_row][vc_row gap=&#8221;30&#8243; padding_top=&#8221;40px&#8221; padding_bottom=&#8221;40px&#8221; padding_left=&#8221;10px&#8221; padding_right=&#8221;10px&#8221; bg_type=&#8221;bg_color&#8221; bg_color_value=&#8221;rgba(247,247,247,0.8)&#8221;][vc_column width=&#8221;1\/4&#8243; padding_right=&#8221;10px&#8221;]<div id=\"ultimate-heading-405969ff2c41d5967\" class=\"uvc-heading ult-adjust-bottom-margin ultimate-heading-405969ff2c41d5967 uvc-1361 \" data-hspacer=\"line_only\"  data-halign=\"left\" style=\"text-align:left\"><div class=\"uvc-main-heading ult-responsive\"  data-ultimate-target='.uvc-heading.ultimate-heading-405969ff2c41d5967 h2'  data-responsive-json-new='{\"font-size\":\"desktop:20px;tablet:18px;tablet_portrait:17px;mobile_landscape:16px;mobile:15px;\",\"line-height\":\"desktop:20px;tablet:18px;tablet_portrait:17px;mobile_landscape:16px;mobile:15px;\"}' ><h2 style=\"font-weight:normal;color:#000000;\">AKRED\u0130TASYON ve IB<\/h2><\/div><div class=\"uvc-sub-heading ult-responsive\"  data-ultimate-target='.uvc-heading.ultimate-heading-405969ff2c41d5967 .uvc-sub-heading '  data-responsive-json-new='{\"font-size\":\"desktop:26px;tablet:24px;tablet_portrait:22px;mobile_landscape:20px;mobile:18px;\",\"line-height\":\"desktop:50px;tablet:48px;tablet_portrait:46px;mobile_landscape:44px;mobile:42px;\"}'  style=\"font-weight:bold;color:#000000;\"><span style=\"color: #69b3e7;\">Otorizasyonu<\/span><\/div><div class=\"uvc-heading-spacer line_only\" style=\"margin-top:10px;height:3px;\"><span class=\"uvc-headings-line\" style=\"border-style:solid;border-bottom-width:3px;border-color:#69b3e7;width:100px;\"><\/span><\/div><\/div><div class=\"ult-spacer spacer-69ff2c41d59cf\" data-id=\"69ff2c41d59cf\" data-height=\"30\" data-height-mobile=\"10\" data-height-tab=\"20\" data-height-tab-portrait=\"\" data-height-mobile-landscape=\"\" style=\"clear:both;display:block;\"><\/div>[\/vc_column][vc_column width=&#8221;3\/4&#8243;][vc_column_text]ENKA Okullar\u0131; \u00f6\u011frencilerine en iyi \u00f6\u011frenme deneyimlerini sunmakta ve onlar\u0131, gelecekte istedikleri yerlere ta\u015f\u0131yacak becerileri kazanmalar\u0131na yard\u0131mc\u0131 olmaktad\u0131r. \u00d6\u011frencilerimizin okuldan mezun olduktan sonra; m\u00fcfredat ve ders s\u0131n\u0131rlar\u0131n\u0131 a\u015fan ba\u011flant\u0131lar kurmalar\u0131n\u0131, \u00fcniversitelerin ve i\u015f verenlerin \u00f6nem verdikleri \u00f6zellikleri geli\u015ftirmelerini \u00f6nemsiyoruz. \u00d6nemli uluslararas\u0131 kurulu\u015flara olan \u00fcyeliklerimiz de bu ba\u011flant\u0131lara verdi\u011fimiz \u00f6nemi kan\u0131tlamaktad\u0131r. Uluslararas\u0131 Bakalorya (IB), Uluslararas\u0131 Okullar Konseyi (CIS), ve New England Okullar ve \u00dcniversiteler Birli\u011fi (NEASC). Bu sayg\u0131n organizasyonlardan al\u0131nan otorizasyon ve akreditasyonun yan\u0131 s\u0131ra, T\u00fcrk Milli E\u011fitim Bakanl\u0131\u011f\u0131 gereklilikleri de ENKA Okullar\u0131 mezunlar\u0131n\u0131n se\u00e7eneklerini ve deneyimlerini geli\u015ftirmektedir.<\/p>\n<p>Bu organizasyonlar, okula ziyaretler ger\u00e7ekle\u015ftirir ancak protokolleri farkl\u0131l\u0131klar g\u00f6sterir. Fakat, akreditasyon ve otorizasyon s\u00fcrecinin sonucu ayn\u0131d\u0131r. Uluslararas\u0131 anlamda tan\u0131n\u0131rl\u0131k, ENKA \u00f6\u011frencilerinin e\u011fitim deneyimlerinin, g\u00fcn\u00fcm\u00fcz e\u011fitim uzmanlar\u0131n\u0131n belirledi\u011fi beklentilere ula\u015fmas\u0131n\u0131 veya bu beklentileri a\u015fmas\u0131n\u0131 sa\u011flar.[\/vc_column_text][\/vc_column][\/vc_row][vc_row gap=&#8221;30&#8243; padding_top=&#8221;40px&#8221; padding_bottom=&#8221;40px&#8221; padding_left=&#8221;10px&#8221; padding_right=&#8221;10px&#8221; bg_type=&#8221;bg_color&#8221; bg_color_value=&#8221;rgba(247,247,247,0.8)&#8221;][vc_column padding_right=&#8221;10px&#8221;]<div id=\"ultimate-heading-565969ff2c41d5a17\" class=\"uvc-heading ult-adjust-bottom-margin ultimate-heading-565969ff2c41d5a17 uvc-4888 \" data-hspacer=\"line_only\"  data-halign=\"left\" style=\"text-align:left\"><div class=\"uvc-main-heading ult-responsive\"  data-ultimate-target='.uvc-heading.ultimate-heading-565969ff2c41d5a17 h2'  data-responsive-json-new='{\"font-size\":\"desktop:20px;tablet:18px;tablet_portrait:17px;mobile_landscape:16px;mobile:15px;\",\"line-height\":\"desktop:20px;tablet:18px;tablet_portrait:17px;mobile_landscape:16px;mobile:15px;\"}' ><h2 style=\"font-weight:normal;color:#000000;\">ENKA<\/h2><\/div><div class=\"uvc-sub-heading ult-responsive\"  data-ultimate-target='.uvc-heading.ultimate-heading-565969ff2c41d5a17 .uvc-sub-heading '  data-responsive-json-new='{\"font-size\":\"desktop:30px;tablet:28px;tablet_portrait:26px;mobile_landscape:24px;mobile:22px;\",\"line-height\":\"desktop:50px;tablet:48px;tablet_portrait:46px;mobile_landscape:44px;mobile:42px;\"}'  style=\"font-weight:bold;color:#000000;\">Akreditasyon \/ <span style=\"color: #69b3e7;\">Otorizasyon<\/span><\/div><div class=\"uvc-heading-spacer line_only\" style=\"margin-top:10px;height:px;\"><span class=\"uvc-headings-line\" style=\"border-style:solid;border-bottom-width:px;border-color:#69b3e7;width:autopx;\"><\/span><\/div><\/div>[vc_row_inner][vc_column_inner]<div class=\"ult_pricing_table_wrap ult_info_table ult_design_4  ult-cs-yellow  \">\n\t\t\t\t\t<div class=\"ult_pricing_table \" style=\" \"><div id=\"Info-table-wrap-7504\" class=\"ult_pricing_heading\">\n\t\t\t\t\t\t\t<h3 class=\"ult-responsive\"  data-ultimate-target='#Info-table-wrap-7504 h3'  data-responsive-json-new='{\"font-size\":\"\",\"line-height\":\"\"}'  style=\"font-weight:normal;\">Akreditasyon Kurulu\u015f ve Otorizasyon Kurum Tablosu<\/h3><\/div><!--ult_pricing_heading--><div id=\"info_table_features_wrap-4440\"  data-ultimate-target='#info_table_features_wrap-4440.ult_price_features'  data-responsive-json-new='{\"font-size\":\"\",\"line-height\":\"\"}'  class=\"ult-responsive ult_price_features\" style=\"font-weight:normal;\">\n\t\t\t\t\t\t\t<table>\n<tbody>\n<tr style=\"height: 48px;\">\n<td style=\"height: 48px;\"><strong>Akreditasyon Kurulu\u015fu<br \/>\nve Otorizasyon Kurumu<\/strong><\/td>\n<td style=\"height: 48px;\"><strong>\u0130gili Okul \/ Program<\/strong><\/td>\n<td style=\"height: 48px;\"><strong>\u0130nceleme D\u00f6ng\u00fcs\u00fc<\/strong><\/td>\n<\/tr>\n<tr style=\"height: 24px;\">\n<td style=\"height: 144px;\" rowspan=\"6\">Uluslararas\u0131 Bakalorya (IB)<br \/>\n<strong><span style=\"color: #012169;\"><a style=\"color: #012169;\" href=\"http:\/\/www.ibo.org\/become-an-ib-school\/timeline-and-stages\/\">Otorizasyon Bilgisi<\/a><\/span><\/strong><\/td>\n<td style=\"height: 48px;\" rowspan=\"2\">PYP \u2013 Okul \u00d6ncesi ba\u015flar<br \/>\n4. S\u0131n\u0131fa kadar devam eder<\/td>\n<td style=\"height: 24px;\">2022 \u2013 \u00d6z De\u011ferlendirme<\/td>\n<\/tr>\n<tr style=\"height: 24px;\">\n<td style=\"height: 24px;\">2023 \u2013 Yeniden Otorizasyon<\/td>\n<\/tr>\n<tr style=\"height: 24px;\">\n<td style=\"height: 48px;\" rowspan=\"2\">MYP \u2013 5. \u2013 8. S\u0131n\u0131f<\/td>\n<td style=\"height: 24px;\">2022 \u2013 \u00d6z De\u011ferlendirme<\/td>\n<\/tr>\n<tr style=\"height: 24px;\">\n<td style=\"height: 24px;\">2023 \u2013 Yeniden Otorizasyon<\/td>\n<\/tr>\n<tr style=\"height: 24px;\">\n<td style=\"height: 48px;\" rowspan=\"2\">DP \u2013 11. ve 12. S\u0131n\u0131f<\/td>\n<td style=\"height: 24px;\">2022 \u2013 \u00d6z De\u011ferlendirme<\/td>\n<\/tr>\n<tr style=\"height: 24px;\">\n<td style=\"height: 24px;\">2023 \u2013 Yeniden Otorizasyon<\/td>\n<\/tr>\n<tr style=\"height: 26px;\">\n<td style=\"height: 50px;\" rowspan=\"2\">Uluslararas\u0131 Okullar Konseyi (CIS)<br \/>\n<strong><span style=\"color: #012169;\"><a style=\"color: #012169;\" href=\"http:\/\/www.cois.org\/page.cfm?p=2044\">Akreditasyon S\u00fcreci ve Faydalar\u0131<\/a><\/span><\/strong><\/td>\n<td style=\"height: 50px;\" rowspan=\"2\">T\u00fcm Okul \u2013 Anaokulundan Liseye<\/td>\n<td style=\"height: 26px;\">2022 \u2013 \u00d6z De\u011ferlendirme<\/td>\n<\/tr>\n<tr style=\"height: 24px;\">\n<td style=\"height: 24px;\">2023 \u2013 Akreditasyon Yenileme<\/td>\n<\/tr>\n<tr style=\"height: 24px;\">\n<td style=\"height: 48px;\" rowspan=\"2\">New England Okullar ve \u00dcniversiteler Birli\u011fi (NEASC)<br \/>\n<strong><span style=\"color: #012169;\"><a style=\"color: #012169;\" href=\"https:\/\/www.neasc.org\/about-accreditation\">Akreditasyon S\u00fcreci ve Faydalar\u0131<\/a><\/span><\/strong><\/td>\n<td style=\"height: 48px;\" rowspan=\"2\">T\u00fcm Okul \u2013 Anaokulundan Liseye<\/td>\n<td style=\"height: 24px;\">2022 \u2013 \u00d6z De\u011ferlendirme<\/td>\n<\/tr>\n<tr style=\"height: 24px;\">\n<td style=\"height: 24px;\">2023 \u2013 Akreditasyon Yenileme<\/td>\n<\/tr>\n<\/tbody>\n<\/table>\n\n\t\t\t\t\t\t<\/div><!--ult_price_features--><div class=\"ult_clr\"><\/div>\n\t\t\t<\/div><!--pricing_table-->\n\t\t<\/div><!--pricing_table_wrap-->[\/vc_column_inner][\/vc_row_inner][\/vc_column][\/vc_row]<\/p>\n<\/div>","protected":false},"excerpt":{"rendered":"<p>[vc_row_inner][vc_column_inner width=&#8221;1\/6&#8243;][\/vc_column_inner][vc_column_inner width=&#8221;2\/3&#8243;][\/vc_column_inner][vc_column_inner width=&#8221;1\/6&#8243;][\/vc_column_inner][\/vc_row_inner][vc_row bg_type=&#8221;bg_color&#8221; bg_color_value=&#8221;#ffffff&#8221;][vc_column][\/vc_column][\/vc_row][vc_row gap=&#8221;30&#8243; padding_top=&#8221;40px&#8221; padding_bottom=&#8221;40px&#8221; padding_left=&#8221;10px&#8221; padding_right=&#8221;10px&#8221; bg_type=&#8221;bg_color&#8221; bg_color_value=&#8221;rgba(247,247,247,0.8)&#8221;][vc_column width=&#8221;1\/4&#8243; padding_right=&#8221;10px&#8221;][\/vc_column][vc_column width=&#8221;3\/4&#8243;][vc_column_text]ENKA Okullar\u0131; \u00f6\u011frencilerine en iyi \u00f6\u011frenme deneyimlerini sunmakta ve onlar\u0131, gelecekte istedikleri yerlere ta\u015f\u0131yacak becerileri kazanmalar\u0131na yard\u0131mc\u0131 olmaktad\u0131r. \u00d6\u011frencilerimizin okuldan mezun olduktan sonra; m\u00fcfredat ve ders s\u0131n\u0131rlar\u0131n\u0131 a\u015fan ba\u011flant\u0131lar kurmalar\u0131n\u0131, \u00fcniversitelerin ve i\u015f verenlerin \u00f6nem verdikleri \u00f6zellikleri geli\u015ftirmelerini \u00f6nemsiyoruz. \u00d6nemli uluslararas\u0131 kurulu\u015flara olan \u00fcyeliklerimiz de bu ba\u011flant\u0131lara verdi\u011fimiz \u00f6nemi kan\u0131tlamaktad\u0131r&#8230;.<\/p>\n","protected":false},"author":1,"featured_media":0,"parent":5534,"menu_order":0,"comment_status":"closed","ping_status":"closed","template":"","meta":{"_acf_changed":false,"inline_featured_image":false,"footnotes":""},"class_list":["post-5975","page","type-page","status-publish","hentry","custom-post-type-entry"],"aioseo_notices":[],"acf":[],"_links":{"self":[{"href":"https:\/\/www.enka.k12.tr\/istanbul\/tr\/wp-json\/wp\/v2\/pages\/5975","targetHints":{"allow":["GET"]}}],"collection":[{"href":"https:\/\/www.enka.k12.tr\/istanbul\/tr\/wp-json\/wp\/v2\/pages"}],"about":[{"href":"https:\/\/www.enka.k12.tr\/istanbul\/tr\/wp-json\/wp\/v2\/types\/page"}],"author":[{"embeddable":true,"href":"https:\/\/www.enka.k12.tr\/istanbul\/tr\/wp-json\/wp\/v2\/users\/1"}],"replies":[{"embeddable":true,"href":"https:\/\/www.enka.k12.tr\/istanbul\/tr\/wp-json\/wp\/v2\/comments?post=5975"}],"version-history":[{"count":0,"href":"https:\/\/www.enka.k12.tr\/istanbul\/tr\/wp-json\/wp\/v2\/pages\/5975\/revisions"}],"up":[{"embeddable":true,"href":"https:\/\/www.enka.k12.tr\/istanbul\/tr\/wp-json\/wp\/v2\/pages\/5534"}],"wp:attachment":[{"href":"https:\/\/www.enka.k12.tr\/istanbul\/tr\/wp-json\/wp\/v2\/media?parent=5975"}],"curies":[{"name":"wp","href":"https:\/\/api.w.org\/{rel}","templated":true}]}}