{"id":5984,"date":"2017-02-16T11:32:54","date_gmt":"2017-02-16T08:32:54","guid":{"rendered":"https:\/\/www.enka.com\/foundation\/schools\/istanbul\/akademik-faaliyetler\/turkish-university-counselling\/"},"modified":"2021-09-17T12:12:18","modified_gmt":"2021-09-17T09:12:18","slug":"yurt-ici-universiteler","status":"publish","type":"page","link":"https:\/\/www.enka.k12.tr\/istanbul\/tr\/akademik-faaliyetler\/yurt-ici-universiteler\/","title":{"rendered":"YURT \u0130\u00c7\u0130 \u00dcN\u0130VERS\u0130TE DANI\u015eMANLI\u011eI"},"content":{"rendered":"<div class=\"wpb-content-wrapper\"><p>[vc_row_inner][vc_column_inner width=&#8221;1\/6&#8243;][\/vc_column_inner][vc_column_inner width=&#8221;2\/3&#8243;]<div id=\"ultimate-heading-92569e150750ad50\" class=\"uvc-heading ult-adjust-bottom-margin ultimate-heading-92569e150750ad50 uvc-1456 \" data-hspacer=\"line_with_icon\" data-hline_width=\"auto\" data-hicon_type=\"custom\" data-hborder_style=\"solid\" data-hborder_height=\"3\" data-hborder_color=\"#69b3e7\" data-icon_width=\"200\" data-hfixer=\"30\"  data-halign=\"center\" style=\"text-align:center\"><div class=\"uvc-heading-spacer line_with_icon\" style=\"top\"><div class=\"ult-just-icon-wrapper  \"><div class=\"align-icon\" style=\"text-align:center;\">\n<div class=\"aio-icon-img \" style=\"font-size:200px;display:inline-block;\" >\n\t<img decoding=\"async\" class=\"img-icon\" alt=\"null\" src=\"https:\/\/www.enka.k12.tr\/istanbul\/wp-content\/uploads\/2021\/01\/enka_schools_log_newtr.jpg\"\/>\n<\/div><\/div><\/div><\/div><div class=\"uvc-sub-heading ult-responsive\"  data-ultimate-target='.uvc-heading.ultimate-heading-92569e150750ad50 .uvc-sub-heading '  data-responsive-json-new='{\"font-size\":\"\",\"line-height\":\"\"}'  style=\"font-weight:normal;\"><br \/>\n<\/div><\/div>[\/vc_column_inner][vc_column_inner width=&#8221;1\/6&#8243;][\/vc_column_inner][\/vc_row_inner][vc_row bg_type=&#8221;bg_color&#8221; bg_color_value=&#8221;#ffffff&#8221;][vc_column]<div class=\"ult-spacer spacer-69e150750adb8\" data-id=\"69e150750adb8\" data-height=\"30\" data-height-mobile=\"10\" data-height-tab=\"20\" data-height-tab-portrait=\"\" data-height-mobile-landscape=\"\" style=\"clear:both;display:block;\"><\/div>[\/vc_column][\/vc_row][vc_row gap=&#8221;30&#8243; padding_top=&#8221;40px&#8221; padding_bottom=&#8221;40px&#8221; padding_left=&#8221;10px&#8221; padding_right=&#8221;10px&#8221; bg_type=&#8221;bg_color&#8221; bg_color_value=&#8221;rgba(247,247,247,0.8)&#8221;][vc_column width=&#8221;1\/4&#8243; padding_right=&#8221;10px&#8221;]<div id=\"ultimate-heading-596469e150750ae15\" class=\"uvc-heading ult-adjust-bottom-margin ultimate-heading-596469e150750ae15 uvc-7866 \" data-hspacer=\"line_only\"  data-halign=\"left\" style=\"text-align:left\"><div class=\"uvc-main-heading ult-responsive\"  data-ultimate-target='.uvc-heading.ultimate-heading-596469e150750ae15 h2'  data-responsive-json-new='{\"font-size\":\"desktop:20px;tablet:18px;tablet_portrait:17px;mobile_landscape:16px;mobile:15px;\",\"line-height\":\"desktop:20px;tablet:18px;tablet_portrait:17px;mobile_landscape:16px;mobile:15px;\"}' ><h2 style=\"font-weight:normal;color:#000000;\">YURT \u0130\u00c7\u0130 \u00dcN\u0130VERS\u0130TELER &amp;<\/h2><\/div><div class=\"uvc-sub-heading ult-responsive\"  data-ultimate-target='.uvc-heading.ultimate-heading-596469e150750ae15 .uvc-sub-heading '  data-responsive-json-new='{\"font-size\":\"desktop:26px;tablet:24px;tablet_portrait:22px;mobile_landscape:20px;mobile:18px;\",\"line-height\":\"desktop:50px;tablet:48px;tablet_portrait:46px;mobile_landscape:44px;mobile:42px;\"}'  style=\"font-weight:bold;color:#000000;\"><span style=\"font-size: 14pt;\">Kariyer<span style=\"color: #fe5252;\">\u00a0<\/span><span style=\"color: #fe5252;\"><span style=\"color: #69b3e7;\">Dan\u0131\u015fmanl\u0131\u011f\u0131<\/span><\/span><\/span><\/div><div class=\"uvc-heading-spacer line_only\" style=\"margin-top:10px;height:3px;\"><span class=\"uvc-headings-line\" style=\"border-style:solid;border-bottom-width:3px;border-color:#69b3e7;width:100px;\"><\/span><\/div><\/div><div class=\"ult-spacer spacer-69e150750ae86\" data-id=\"69e150750ae86\" data-height=\"30\" data-height-mobile=\"15\" data-height-tab=\"30\" data-height-tab-portrait=\"30\" data-height-mobile-landscape=\"30\" style=\"clear:both;display:block;\"><\/div>[\/vc_column][vc_column width=&#8221;3\/4&#8243;][vc_column_text]Yurt \u0130\u00e7i \u00dcniversite ve Kariyer Dan\u0131\u015fmanl\u0131\u011f\u0131m\u0131z, \u00f6\u011frencilerin her s\u0131n\u0131f seviyesinde ilgi ve yeteneklerini ke\u015ffetmek ve bu de\u011ferlerine uygun en iyi y\u00fcksek \u00f6\u011fretim programlar\u0131na yerle\u015fmelerini sa\u011flamak i\u00e7in \u00e7al\u0131\u015fmalar y\u00fcr\u00fct\u00fcr. \u00d6\u011frencilerin, 9 ve 10. s\u0131n\u0131flarda yeteneklerinin ve ilgilerinin belirlenmesine katk\u0131da bulunarak, do\u011fru dersleri se\u00e7melerine yard\u0131mc\u0131 olur. Bu konuda \u00f6\u011fretmen, veli ve \u00f6\u011frencilerle i\u015fbirli\u011fi i\u00e7inde \u00e7al\u0131\u015f\u0131r.<\/p>\n<p>Kariyer hedefleri do\u011frultusunda y\u00fcksek \u00f6\u011frenimlerini T\u00fcrkiye\u2019de s\u00fcrd\u00fcrmek isteyen 11 ve 12. s\u0131n\u0131f \u00f6\u011frencileri ile gelecek planlamalar\u0131n\u0131 de\u011ferlendirerek, bu konuda dan\u0131\u015fmanl\u0131k yapar. \u00d6\u011frencilerimizin ve velilerimizin T\u00fcrkiye\u2019deki y\u00fcksek \u00f6\u011fretim s\u0131nav sistemini tan\u0131malar\u0131 y\u00f6n\u00fcnde sunumlar ve payla\u015f\u0131m toplant\u0131lar\u0131 d\u00fczenler. \u00d6\u011frencilerin y\u00fcksek \u00f6\u011frenim s\u0131navlar\u0131na haz\u0131r olmalar\u0131 i\u00e7in 11 ve 12. s\u0131n\u0131fta deneme s\u0131navlar\u0131 d\u00fczenler ve s\u0131nav ba\u015far\u0131s\u0131n\u0131 artt\u0131r\u0131c\u0131 tedbirler alarak, \u00f6\u011frencileri bu konuda y\u00f6nlendirir. \u00d6\u011frencilerin T\u00fcrkiye\u2019deki \u00fcniversiteleri tan\u0131malar\u0131 do\u011frultusunda t\u00fcm \u00e7al\u0131\u015fmalar\u0131 d\u00fczenler.[\/vc_column_text][\/vc_column][\/vc_row][vc_row gap=&#8221;30&#8243; padding_left=&#8221;10px&#8221; padding_right=&#8221;10px&#8221; bg_type=&#8221;bg_color&#8221; bg_color_value=&#8221;rgba(247,247,247,0.8)&#8221;][vc_column]<div class=\"ult-spacer spacer-69e150750aebc\" data-id=\"69e150750aebc\" data-height=\"30\" data-height-mobile=\"15\" data-height-tab=\"30\" data-height-tab-portrait=\"30\" data-height-mobile-landscape=\"30\" style=\"clear:both;display:block;\"><\/div>\n\t\t\t\t<script type=\"text\/javascript\">\n\t\t\t\t\tjQuery(function($){\n\t\t\t\t\t\tif ( $.fn.imagesLoaded != undefined && $.fn.carouFredSel != undefined ) {\n\t\t\t\t\t\t\tvar $carouselContainer = $(\"#caroufredsel-6\");\n\t\t\t\t\t\t\t$carouselContainer.imagesLoaded(function() {\n\t\t\t\t\t\t\t\t$carouselContainer.carouFredSel({\n\t\t\t\t\t\t\t\t\tresponsive : true,\n\t\t\t\t\t\t\t\t\theight: \"variable\",\n\t\t\t\t\t\t\t\t\twidth : \"100%\",\n\t\t\t\t\t\t\t\t\tcircular : true,\n\t\t\t\t\t\t\t\t\tinfinite : true,\n\t\t\t\t\t\t\t\t\tauto : {\n\t\t\t\t\t\t\t\t\t\tplay: false,\n\t\t\t\t\t\t\t\t\t\ttimeoutDuration : 500,\n\t\t\t\t\t\t\t\t\t},\n\t\t\t\t\t\t\t\t\tswipe : {\n\t\t\t\t\t\t\t\t\t\tonTouch: true,\n\t\t\t\t\t\t\t\t\t\tonMouse: true,\n\t\t\t\t\t\t\t\t\t},prev : \"#prev-6\",next : \"#next-6\",items : {\n\t\t\t\t\t\t\t\t\t\twidth : 400,\n\t\t\t\t\t\t\t\t\t\theight: \"variable\",\n\t\t\t\t\t\t\t\t\t\tvisible : {\n\t\t\t\t\t\t\t\t\t\t\tmin : 1,\n\t\t\t\t\t\t\t\t\t\t\tmax : 4\n\t\t\t\t\t\t\t\t\t\t}\n\t\t\t\t\t\t\t\t\t}\n\t\t\t\t\t\t\t\t});\n\t\t\t\t\t\t\t});\n\t\t\t\t\t\t}$(window).load(function(){\n\t\t\t\t\t\t\t\t$(\".vcex-caroufredsel-loading\").removeClass(\"vcex-caroufredsel-loading\");\n\t\t\t\t\t\t\t});});\n\t\t\t\t<\/script><div class=\"vcex-caroufredsel-wrap clr vcex-caroufredsel-portfolio vcex-caroufredsel-default vcex-caroufredsel-loading\"><div class=\"vcex-caroufredsel vcex-gallery-lightbox \"><ul id=\"caroufredsel-6\"><li class=\"vcex-caroufredsel-slide\"><div class=\"vcex-caroufredsel-entry-media vcex-true\"><a href=\"https:\/\/www.enka.k12.tr\/istanbul\/wp-content\/uploads\/2017\/02\/TUC001-1.jpg\" title=\"\" class=\"vcex-caroufredsel-entry-img gallery-lightbox\"><img decoding=\"async\" src=\"https:\/\/www.enka.k12.tr\/istanbul\/wp-content\/uploads\/2017\/02\/TUC001-1.jpg\" alt=\"\" \/><\/a><!-- .vcex-caroufredsel-entry-img --><\/div><\/li><li class=\"vcex-caroufredsel-slide\"><div class=\"vcex-caroufredsel-entry-media vcex-true\"><a href=\"https:\/\/www.enka.k12.tr\/istanbul\/wp-content\/uploads\/2017\/02\/TUC002-1.jpg\" title=\"\" class=\"vcex-caroufredsel-entry-img gallery-lightbox\"><img decoding=\"async\" src=\"https:\/\/www.enka.k12.tr\/istanbul\/wp-content\/uploads\/2017\/02\/TUC002-1.jpg\" alt=\"\" \/><\/a><!-- .vcex-caroufredsel-entry-img --><\/div><\/li><li class=\"vcex-caroufredsel-slide\"><div class=\"vcex-caroufredsel-entry-media vcex-true\"><a href=\"https:\/\/www.enka.k12.tr\/istanbul\/wp-content\/uploads\/2017\/02\/TUC003-1.jpg\" title=\"\" class=\"vcex-caroufredsel-entry-img gallery-lightbox\"><img decoding=\"async\" src=\"https:\/\/www.enka.k12.tr\/istanbul\/wp-content\/uploads\/2017\/02\/TUC003-1.jpg\" alt=\"\" \/><\/a><!-- .vcex-caroufredsel-entry-img --><\/div><\/li><li class=\"vcex-caroufredsel-slide\"><div class=\"vcex-caroufredsel-entry-media vcex-true\"><a href=\"https:\/\/www.enka.k12.tr\/istanbul\/wp-content\/uploads\/2017\/02\/TUC004-1.jpg\" title=\"\" class=\"vcex-caroufredsel-entry-img gallery-lightbox\"><img decoding=\"async\" src=\"https:\/\/www.enka.k12.tr\/istanbul\/wp-content\/uploads\/2017\/02\/TUC004-1.jpg\" alt=\"\" \/><\/a><!-- .vcex-caroufredsel-entry-img --><\/div><\/li><li class=\"vcex-caroufredsel-slide\"><div class=\"vcex-caroufredsel-entry-media vcex-true\"><a href=\"https:\/\/www.enka.k12.tr\/istanbul\/wp-content\/uploads\/2017\/02\/TUC005-1.jpg\" title=\"\" class=\"vcex-caroufredsel-entry-img gallery-lightbox\"><img decoding=\"async\" src=\"https:\/\/www.enka.k12.tr\/istanbul\/wp-content\/uploads\/2017\/02\/TUC005-1.jpg\" alt=\"\" \/><\/a><!-- .vcex-caroufredsel-entry-img --><\/div><\/li><li class=\"vcex-caroufredsel-slide\"><div class=\"vcex-caroufredsel-entry-media vcex-true\"><a href=\"https:\/\/www.enka.k12.tr\/istanbul\/wp-content\/uploads\/2017\/02\/TUC006-1.jpg\" title=\"\" class=\"vcex-caroufredsel-entry-img gallery-lightbox\"><img decoding=\"async\" src=\"https:\/\/www.enka.k12.tr\/istanbul\/wp-content\/uploads\/2017\/02\/TUC006-1.jpg\" alt=\"\" \/><\/a><!-- .vcex-caroufredsel-entry-img --><\/div><\/li><li class=\"vcex-caroufredsel-slide\"><div class=\"vcex-caroufredsel-entry-media vcex-true\"><a href=\"https:\/\/www.enka.k12.tr\/istanbul\/wp-content\/uploads\/2017\/02\/TUC007-1.jpg\" title=\"\" class=\"vcex-caroufredsel-entry-img gallery-lightbox\"><img decoding=\"async\" src=\"https:\/\/www.enka.k12.tr\/istanbul\/wp-content\/uploads\/2017\/02\/TUC007-1.jpg\" alt=\"\" \/><\/a><!-- .vcex-caroufredsel-entry-img --><\/div><\/li><\/ul><div id=\"prev-6\" class=\"vcex-caroufredsel-prev\"><span class=\"fa fa-chevron-left\"><\/span><\/div><div id=\"next-6\" class=\"vcex-caroufredsel-next\"><span class=\"fa fa-chevron-right\"><\/span><\/div><\/div><\/div><div class=\"vcex-clear-floats\"><\/div>[\/vc_column][\/vc_row][vc_row padding_bottom=&#8221;40px&#8221; padding_left=&#8221;10px&#8221; padding_right=&#8221;10px&#8221; bg_type=&#8221;bg_color&#8221; bg_color_value=&#8221;#f7f7f7&#8243;][vc_column]<div class=\"ult-spacer spacer-69e150750bc21\" data-id=\"69e150750bc21\" data-height=\"30\" data-height-mobile=\"30\" data-height-tab=\"30\" data-height-tab-portrait=\"30\" data-height-mobile-landscape=\"30\" style=\"clear:both;display:block;\"><\/div>[vc_column_text]\u00dcniversitelerin yaz ve k\u0131\u015f okullar\u0131n\u0131, meslek ve programlar\u0131n\u0131 tan\u0131tmak i\u00e7in d\u00fczenledikleri at\u00f6lye \u00e7al\u0131\u015fmalar\u0131na \u00f6\u011frencileri y\u00f6nlendirir. \u00d6\u011frencilerimizin mesleki hedefleri do\u011frultusunda i\u015f yerlerine \u00e7e\u015fitli geziler d\u00fczenleyerek meslekleri ve i\u015f ya\u015famlar\u0131n\u0131 yerinde g\u00f6rmelerini sa\u011flar ve bir i\u015f yeri tecr\u00fcbesi kazanmalar\u0131na katk\u0131da bulunur.<\/p>\n<p>Kariyer hedeflerinde belirli yerlere gelmi\u015f olan ki\u015filerin tecr\u00fcbelerini \u00f6\u011frencilerimizle payla\u015facaklar\u0131 \u2018\u2019Kariyer S\u00f6yle\u015fileri\u2019\u2019 yapar. \u00d6\u011frencilerin Yurt \u0130\u00e7i \u00dcniversite ve Kariyer hedeflerini olumlu y\u00f6nde etkileyecek \u00fcniversite fuar\u0131, meslekler g\u00fcn\u00fc, mezunlarla bulu\u015fma etkinliklerini d\u00fczenleyerek, \u00f6\u011frencilerin bilgi ve tecr\u00fcbe kazanmalar\u0131n\u0131 sa\u011flar.[\/vc_column_text]<div class=\"ult-spacer spacer-69e150750bc79\" data-id=\"69e150750bc79\" data-height=\"30\" data-height-mobile=\"15\" data-height-tab=\"30\" data-height-tab-portrait=\"30\" data-height-mobile-landscape=\"30\" style=\"clear:both;display:block;\"><\/div><div class=\"ult-spacer spacer-69e150750bcc2\" data-id=\"69e150750bcc2\" data-height=\"30\" data-height-mobile=\"15\" data-height-tab=\"30\" data-height-tab-portrait=\"30\" data-height-mobile-landscape=\"30\" style=\"clear:both;display:block;\"><\/div><div id=\"ultimate-heading-253569e150750bd2d\" class=\"uvc-heading ult-adjust-bottom-margin ultimate-heading-253569e150750bd2d uvc-5441 \" data-hspacer=\"line_only\"  data-halign=\"left\" style=\"text-align:left\"><div class=\"uvc-main-heading ult-responsive\"  data-ultimate-target='.uvc-heading.ultimate-heading-253569e150750bd2d h2'  data-responsive-json-new='{\"font-size\":\"desktop:20px;tablet:18px;tablet_portrait:17px;mobile_landscape:16px;mobile:15px;\",\"line-height\":\"desktop:20px;tablet:18px;tablet_portrait:17px;mobile_landscape:16px;mobile:15px;\"}' ><h2 style=\"font-weight:normal;color:#000000;\">YURT \u0130\u00c7\u0130 \u00dcN\u0130VERS\u0130TE<\/h2><\/div><div class=\"uvc-sub-heading ult-responsive\"  data-ultimate-target='.uvc-heading.ultimate-heading-253569e150750bd2d .uvc-sub-heading '  data-responsive-json-new='{\"font-size\":\"desktop:30px;tablet:28px;tablet_portrait:26px;mobile_landscape:24px;mobile:22px;\",\"line-height\":\"desktop:50px;tablet:48px;tablet_portrait:46px;mobile_landscape:44px;mobile:42px;\"}'  style=\"font-weight:bold;color:#000000;\"><strong>SONU\u00c7LARI<\/strong><\/div><div class=\"uvc-heading-spacer line_only\" style=\"margin-top:10px;height:3px;\"><span class=\"uvc-headings-line\" style=\"border-style:solid;border-bottom-width:3px;border-color:#69b3e7;width:100px;\"><\/span><\/div><\/div><div class=\"ult-spacer spacer-69e150750bda5\" data-id=\"69e150750bda5\" data-height=\"30\" data-height-mobile=\"15\" data-height-tab=\"30\" data-height-tab-portrait=\"30\" data-height-mobile-landscape=\"30\" style=\"clear:both;display:block;\"><\/div>[vc_btn title=&#8221;\u00dcN\u0130VERS\u0130TE SONU\u00c7LARI&#8221; align=&#8221;center&#8221; link=&#8221;url:https%3A%2F%2Fwww.enka.k12.tr%2Fistanbul%2Ftr%2Fhizli-linkler%2Funiversite-sonuclari%2F&#8221;][\/vc_column][\/vc_row]<\/p>\n<\/div>","protected":false},"excerpt":{"rendered":"<p>[vc_row_inner][vc_column_inner width=&#8221;1\/6&#8243;][\/vc_column_inner][vc_column_inner width=&#8221;2\/3&#8243;][\/vc_column_inner][vc_column_inner width=&#8221;1\/6&#8243;][\/vc_column_inner][\/vc_row_inner][vc_row bg_type=&#8221;bg_color&#8221; bg_color_value=&#8221;#ffffff&#8221;][vc_column][\/vc_column][\/vc_row][vc_row gap=&#8221;30&#8243; padding_top=&#8221;40px&#8221; padding_bottom=&#8221;40px&#8221; padding_left=&#8221;10px&#8221; padding_right=&#8221;10px&#8221; bg_type=&#8221;bg_color&#8221; bg_color_value=&#8221;rgba(247,247,247,0.8)&#8221;][vc_column width=&#8221;1\/4&#8243; padding_right=&#8221;10px&#8221;][\/vc_column][vc_column width=&#8221;3\/4&#8243;][vc_column_text]Yurt \u0130\u00e7i \u00dcniversite ve Kariyer Dan\u0131\u015fmanl\u0131\u011f\u0131m\u0131z, \u00f6\u011frencilerin her s\u0131n\u0131f seviyesinde ilgi ve yeteneklerini ke\u015ffetmek ve bu de\u011ferlerine uygun en iyi y\u00fcksek \u00f6\u011fretim programlar\u0131na yerle\u015fmelerini sa\u011flamak i\u00e7in \u00e7al\u0131\u015fmalar y\u00fcr\u00fct\u00fcr. \u00d6\u011frencilerin, 9 ve 10. s\u0131n\u0131flarda yeteneklerinin ve ilgilerinin belirlenmesine katk\u0131da bulunarak, do\u011fru dersleri se\u00e7melerine yard\u0131mc\u0131 olur. Bu konuda \u00f6\u011fretmen, veli ve \u00f6\u011frencilerle&#8230;<\/p>\n","protected":false},"author":1,"featured_media":5985,"parent":5534,"menu_order":0,"comment_status":"closed","ping_status":"closed","template":"","meta":{"_acf_changed":false,"inline_featured_image":false,"footnotes":""},"class_list":["post-5984","page","type-page","status-publish","has-post-thumbnail","hentry","custom-post-type-entry"],"aioseo_notices":[],"acf":[],"_links":{"self":[{"href":"https:\/\/www.enka.k12.tr\/istanbul\/tr\/wp-json\/wp\/v2\/pages\/5984","targetHints":{"allow":["GET"]}}],"collection":[{"href":"https:\/\/www.enka.k12.tr\/istanbul\/tr\/wp-json\/wp\/v2\/pages"}],"about":[{"href":"https:\/\/www.enka.k12.tr\/istanbul\/tr\/wp-json\/wp\/v2\/types\/page"}],"author":[{"embeddable":true,"href":"https:\/\/www.enka.k12.tr\/istanbul\/tr\/wp-json\/wp\/v2\/users\/1"}],"replies":[{"embeddable":true,"href":"https:\/\/www.enka.k12.tr\/istanbul\/tr\/wp-json\/wp\/v2\/comments?post=5984"}],"version-history":[{"count":0,"href":"https:\/\/www.enka.k12.tr\/istanbul\/tr\/wp-json\/wp\/v2\/pages\/5984\/revisions"}],"up":[{"embeddable":true,"href":"https:\/\/www.enka.k12.tr\/istanbul\/tr\/wp-json\/wp\/v2\/pages\/5534"}],"wp:featuredmedia":[{"embeddable":true,"href":"https:\/\/www.enka.k12.tr\/istanbul\/tr\/wp-json\/wp\/v2\/media\/5985"}],"wp:attachment":[{"href":"https:\/\/www.enka.k12.tr\/istanbul\/tr\/wp-json\/wp\/v2\/media?parent=5984"}],"curies":[{"name":"wp","href":"https:\/\/api.w.org\/{rel}","templated":true}]}}