{"id":6004,"date":"2017-02-16T11:30:05","date_gmt":"2017-02-16T08:30:05","guid":{"rendered":"https:\/\/www.enka.com\/foundation\/schools\/istanbul\/hakkimizda\/administration-board\/"},"modified":"2024-08-27T18:13:40","modified_gmt":"2024-08-27T15:13:40","slug":"yonetim-kurulu-ve-idari-yonetim","status":"publish","type":"page","link":"https:\/\/www.enka.k12.tr\/istanbul\/tr\/hakkimizda\/yonetim-kurulu-ve-idari-yonetim\/","title":{"rendered":"Y\u00d6NET\u0130M KURULU VE \u0130DAR\u0130 Y\u00d6NET\u0130M"},"content":{"rendered":"<div class=\"wpb-content-wrapper\"><p>[vc_row_inner][vc_column_inner width=&#8221;1\/6&#8243;][\/vc_column_inner][vc_column_inner width=&#8221;2\/3&#8243;]<div id=\"ultimate-heading-898069eba01a5b4fe\" class=\"uvc-heading ult-adjust-bottom-margin ultimate-heading-898069eba01a5b4fe uvc-2774 \" data-hspacer=\"line_with_icon\" data-hline_width=\"auto\" data-hicon_type=\"custom\" data-hborder_style=\"solid\" data-hborder_height=\"3\" data-hborder_color=\"#69b3e7\" data-icon_width=\"200\" data-hfixer=\"30\"  data-halign=\"center\" style=\"text-align:center\"><div class=\"uvc-heading-spacer line_with_icon\" style=\"top\"><div class=\"ult-just-icon-wrapper  \"><div class=\"align-icon\" style=\"text-align:center;\">\n<div class=\"aio-icon-img \" style=\"font-size:200px;display:inline-block;\" >\n\t<img decoding=\"async\" class=\"img-icon\" alt=\"null\" src=\"https:\/\/www.enka.k12.tr\/istanbul\/wp-content\/uploads\/2021\/01\/enka_schools_log_newtr.jpg\"\/>\n<\/div><\/div><\/div><\/div><div class=\"uvc-sub-heading ult-responsive\"  data-ultimate-target='.uvc-heading.ultimate-heading-898069eba01a5b4fe .uvc-sub-heading '  data-responsive-json-new='{\"font-size\":\"\",\"line-height\":\"\"}'  style=\"font-weight:normal;\"><br \/>\n<\/div><\/div>[\/vc_column_inner][vc_column_inner width=&#8221;1\/6&#8243;][\/vc_column_inner][\/vc_row_inner][vc_row bg_type=&#8221;bg_color&#8221; bg_color_value=&#8221;#ffffff&#8221;][vc_column]<div class=\"ult-spacer spacer-69eba01a5b55e\" data-id=\"69eba01a5b55e\" data-height=\"30\" data-height-mobile=\"10\" data-height-tab=\"20\" data-height-tab-portrait=\"\" data-height-mobile-landscape=\"\" style=\"clear:both;display:block;\"><\/div>[\/vc_column][\/vc_row][vc_row gap=&#8221;30&#8243; padding_top=&#8221;40px&#8221; padding_bottom=&#8221;40px&#8221; padding_left=&#8221;10px&#8221; padding_right=&#8221;10px&#8221; bg_type=&#8221;bg_color&#8221; bg_color_value=&#8221;rgba(247,247,247,0.8)&#8221;][vc_column padding_right=&#8221;10px&#8221;]<div id=\"ultimate-heading-728469eba01a5b5af\" class=\"uvc-heading ult-adjust-bottom-margin ultimate-heading-728469eba01a5b5af uvc-8673 \" data-hspacer=\"line_only\"  data-halign=\"left\" style=\"text-align:left\"><div class=\"uvc-sub-heading ult-responsive\"  data-ultimate-target='.uvc-heading.ultimate-heading-728469eba01a5b5af .uvc-sub-heading '  data-responsive-json-new='{\"font-size\":\"desktop:30px;tablet_portrait:30px;mobile_landscape:30px;mobile:30px;\",\"line-height\":\"desktop:50px;tablet_portrait:50px;mobile_landscape:50px;mobile:50px;\"}'  style=\"font-weight:bold;color:#000000;\">Y\u00f6netim<span style=\"color: #fe5252;\">\u00a0<span style=\"color: #69b3e7;\">Kurulu<\/span><\/span><\/div><div class=\"uvc-heading-spacer line_only\" style=\"margin-top:10px;height:3px;\"><span class=\"uvc-headings-line\" style=\"border-style:solid;border-bottom-width:3px;border-color:#69b3e7;width:100px;\"><\/span><\/div><\/div>[\/vc_column][\/vc_row][vc_row gap=&#8221;30&#8243; padding_top=&#8221;40px&#8221; padding_bottom=&#8221;40px&#8221; padding_left=&#8221;10px&#8221; padding_right=&#8221;10px&#8221; bg_type=&#8221;bg_color&#8221; bg_color_value=&#8221;rgba(247,247,247,0.8)&#8221;][vc_column padding_right=&#8221;10px&#8221;][vc_column_text]<\/p>\n<p style=\"text-align: justify;\">Y\u00f6netim Kurulu, ayda iki kez bir araya gelir ve Y\u00f6netim Kadrosu ile birlikte okulun felsefesini, politikas\u0131n\u0131, stratejik planlamas\u0131n\u0131 ve b\u00fcy\u00fcmesini g\u00f6zden ge\u00e7irir.<\/p>\n<p style=\"text-align: justify;\">A\u015fa\u011f\u0131daki \u00fc\u00e7 \u00fcye okulun y\u00f6netim kurulunda g\u00f6rev yapmaktad\u0131r:<\/p>\n<ul>\n<li style=\"list-style-type: none;\">\n<ul style=\"list-style-type: circle;\">\n<li><span style=\"text-align: justify;\"> Alparslan Tansu\u011f, ENKA Okullar\u0131 Y\u00f6netim Kurulu Ba\u015fkan\u0131 ve Kurucu Temsilcisi <\/span><\/li>\n<li><span style=\"text-align: justify;\">Dr. Esra Tara, Y\u00f6netim Kurulu \u00dcyesi &amp; Genel M\u00fcd\u00fcr<\/span><\/li>\n<li><span style=\"text-align: justify;\">Onur Kaya, Y\u00f6netim Kurulu \u00dcyesi<\/span><\/li>\n<\/ul>\n<\/li>\n<\/ul>\n<p>&nbsp;<\/p>\n<p>Herhangi bir \u00fccret almadan g\u00f6rev yapan Y\u00f6netim Kurulumuz, okul misyonunun belirlenmesi, uygulanmas\u0131 ve takibi a\u00e7\u0131s\u0131ndan ENKA\u2019ya kar\u015f\u0131 sorumluluk ta\u015f\u0131maktad\u0131r.[\/vc_column_text][\/vc_column][\/vc_row][vc_row gap=&#8221;30&#8243; padding_top=&#8221;40px&#8221; padding_bottom=&#8221;40px&#8221; padding_left=&#8221;10px&#8221; padding_right=&#8221;10px&#8221; bg_type=&#8221;bg_color&#8221; bg_color_value=&#8221;rgba(247,247,247,0.8)&#8221;][vc_column padding_right=&#8221;10px&#8221;]<div id=\"ultimate-heading-296569eba01a5b606\" class=\"uvc-heading ult-adjust-bottom-margin ultimate-heading-296569eba01a5b606 uvc-727 \" data-hspacer=\"line_only\"  data-halign=\"left\" style=\"text-align:left\"><div class=\"uvc-sub-heading ult-responsive\"  data-ultimate-target='.uvc-heading.ultimate-heading-296569eba01a5b606 .uvc-sub-heading '  data-responsive-json-new='{\"font-size\":\"desktop:30px;tablet_portrait:30px;mobile_landscape:30px;mobile:30px;\",\"line-height\":\"desktop:50px;tablet_portrait:50px;mobile_landscape:50px;mobile:50px;\"}'  style=\"font-weight:bold;color:#000000;\">\u0130dari <span style=\"color: #69b3e7;\">Y\u00f6netim<\/span><\/div><div class=\"uvc-heading-spacer line_only\" style=\"margin-top:10px;height:3px;\"><span class=\"uvc-headings-line\" style=\"border-style:solid;border-bottom-width:3px;border-color:#69b3e7;width:100px;\"><\/span><\/div><\/div><div class=\"ult-spacer spacer-69eba01a5b642\" data-id=\"69eba01a5b642\" data-height=\"30\" data-height-mobile=\"10\" data-height-tab=\"20\" data-height-tab-portrait=\"\" data-height-mobile-landscape=\"\" style=\"clear:both;display:block;\"><\/div>[vc_column_text]ENKA Y\u00f6netim Kadrosu; Anaokulu, \u0130lkokul, Ortaokul ve Lise M\u00fcd\u00fcrleri, \u00d6\u011frenci Dekan\u0131, \u0130leti\u015fim ve \u0130nsan Kaynaklar\u0131 Direkt\u00f6r\u00fc taraf\u0131ndan olu\u015fmaktad\u0131r. ENKA ailesini g\u00fc\u00e7lendirip geli\u015ftirmek i\u00e7in vizyonumuzu te\u015fvik ederek, giri\u015fimleri destekleyerek ve zorluklar\u0131 ele alarak birli\u011fi i\u00e7inde \u00e7al\u0131\u015f\u0131rlar.[\/vc_column_text][\/vc_column][\/vc_row][vc_row gap=&#8221;30&#8243; padding_top=&#8221;40px&#8221; padding_bottom=&#8221;40px&#8221; padding_left=&#8221;10px&#8221; padding_right=&#8221;10px&#8221; bg_type=&#8221;bg_color&#8221; bg_color_value=&#8221;rgba(247,247,247,0.8)&#8221;][vc_column padding_right=&#8221;10px&#8221;][vc_column_text]<\/p>\n<p style=\"text-align: left;\"><span style=\"font-size: 14pt; color: #009cde;\"><strong>H\u00fcseyin Kayan- Genel M\u00fcd\u00fcr Yard\u0131mc\u0131s\u0131\/Lise M\u00fcd\u00fcr\u00fc<br \/>\n<\/strong><\/span>Gazi \u00dcniversitesi, Elektrik \u00d6\u011fretmenli\u011fi B\u00f6l\u00fcm\u00fc&#8217;nden 1999 y\u0131l\u0131nda mezun olan Kayan; ilk, orta ve lise e\u011fitimini do\u011fdu\u011fu yer olan Bursa&#8217;da tamamlam\u0131\u015ft\u0131r. 1999-2010 y\u0131llar\u0131 aras\u0131nda \u00e7e\u015fitli devlet okullar\u0131nda \u00f6\u011fretmen ve idareci olarak g\u00f6rev yapm\u0131\u015f, Bursa \u0130l Milli E\u011fitim M\u00fcd\u00fcrl\u00fc\u011f\u00fc b\u00fcnyesinde toplam kalite y\u00f6netimi ve stratejik planlama seminerlerinde g\u00f6rev alm\u0131\u015ft\u0131r.\u00a02010 y\u0131l\u0131nda Kocaeli ENKA Okullar\u0131&#8217;nda M\u00fcd\u00fcr Yard\u0131mc\u0131s\u0131 olarak g\u00f6reve ba\u015flayan Kayan, \u015eubat 2017&#8217;de M\u00fcd\u00fcrl\u00fck g\u00f6revini \u00fcstlenerek entegre y\u00f6netim sistemi \u00e7al\u0131\u015fmalar\u0131na liderlik etmi\u015ftir.\u00a0 Kocaeli ENKA Okullar\u0131nda \u00fcniversite giri\u015f s\u0131navlar\u0131, bilim olimpiyatlar\u0131, proje ve robot yar\u0131\u015fmalar\u0131nda elde edilen \u00fcst\u00fcn ba\u015far\u0131lara \u00f6nemli katk\u0131larda bulunmu\u015ftur.\u00a0Kayan, 2024 \u2013 2025 e\u011fitim \u00f6\u011fretim y\u0131l\u0131 itibari ile \u0130stanbul okulumuzda genel m\u00fcd\u00fcr yard\u0131mc\u0131l\u0131\u011f\u0131 ve lise m\u00fcd\u00fcrl\u00fc\u011f\u00fc g\u00f6revine ba\u015flam\u0131\u015ft\u0131r.<\/p>\n<p>[\/vc_column_text][vc_column_text]<\/p>\n<p style=\"text-align: left;\"><span style=\"font-size: 14pt; color: #009cde;\"><strong>Metin Ferhato\u011flu- Akademik Dekan\u0131<br \/>\n<\/strong><\/span>ENKA Okullar\u0131 \u00d6\u011frenci Dekan\u0131 olan Metin Ferhato\u011flu, Yurti\u00e7i ve Yurtd\u0131\u015f\u0131 \u00dcniversite Dan\u0131\u015fmanl\u0131k Ofisleri, Kariyer Dan\u0131\u015fmanl\u0131\u011f\u0131 Ofisi ve Yo\u011funla\u015ft\u0131r\u0131lm\u0131\u015f \u00dcniversite Haz\u0131rl\u0131k Programlar\u0131n\u0131 koordine etmektedir. \u0130stanbul \u00dcniversitesi Makine M\u00fchendisli\u011fi b\u00f6l\u00fcm\u00fcnden mezun olan Ferhato\u011flu, Yeditepe \u00dcniversitesi\u2019nde \u0130\u015fletme Y\u00f6netimi \u00fczerine y\u00fcksek lisans yapm\u0131\u015ft\u0131r. Doktoras\u0131n\u0131 Bah\u00e7e\u015fehir \u00dcniversitesi&#8217;nde E\u011fitim Teknolojileri alan\u0131nda 2022 y\u0131l\u0131nda tamamlayacakt\u0131r. 1998 y\u0131l\u0131ndan bu yana e\u011fitim hayat\u0131n\u0131n i\u00e7inde olan Ferhato\u011flu, 2018 y\u0131l\u0131nda ENKA&#8217;ya kat\u0131lm\u0131\u015ft\u0131r. <span lang=\"TR\">2021 y\u0131l\u0131nda UCLA \u00dcniversitesinin \u00dcniversite Dan\u0131\u015fmanl\u0131k Program\u0131n\u0131 ba\u015far\u0131yla tamamlam\u0131\u015ft\u0131r. <\/span><span lang=\"TR\">2012 y\u0131l\u0131ndan itibaren T\u00fcrkiye \u00d6zel Okullar Derne\u011fi \u00e7at\u0131s\u0131 alt\u0131nda farkl\u0131 komisyonlarda okulumuz ad\u0131na hizmet vermektedir.<\/span><\/p>\n<p>[\/vc_column_text][vc_column_text]<\/p>\n<p style=\"text-align: left;\"><span style=\"font-size: 14pt; color: #009cde;\"><strong>Ta\u011fmay Y\u0131lmaz- \u00d6\u011frenci Dekan\u0131<br \/>\n<\/strong><\/span>ENKA Okullar\u0131 \u00d6\u011frenci Dekan\u0131 olan Ta\u011fmay Y\u0131lmaz Bo\u011fazi\u00e7i \u00dcniversitesi Kimya \u00d6\u011fretmenli\u011fi B\u00f6l\u00fcm\u00fc 2001 mezunudur. 2012 y\u0131l\u0131nda Bo\u011fazi\u00e7i \u00dcniversitesi&#8217;nden Orta\u00f6\u011fretim Fen ve Matematik E\u011fitimi alan\u0131nda y\u00fcksek lisans derecesi alm\u0131\u015ft\u0131r. \u0130stanbul ENKA&#8217;ya gelmeden \u00f6nce 2001 y\u0131l\u0131ndan beri g\u00f6rev yapt\u0131\u011f\u0131 Adapazar\u0131 ENKA Lisesi&#8217;nde Kimya \u00d6\u011fretmeni, Fen Bilimleri B\u00f6l\u00fcm Ba\u015fkan\u0131, Lise B\u00f6l\u00fcm Ba\u015fkanlar\u0131 Koordinat\u00f6r\u00fc ve Ortaokul M\u00fcd\u00fcr Yard\u0131mc\u0131s\u0131 olarak g\u00f6rev yapm\u0131\u015ft\u0131r.<\/p>\n<p>[\/vc_column_text][vc_column_text]<\/p>\n<p style=\"text-align: left;\"><span style=\"font-size: 14pt; color: #009cde;\"><strong>H\u00fcsn\u00fc Y\u0131lmaz- Ortaokul M\u00fcd\u00fcr\u00fc<br \/>\n<\/strong><\/span>H\u00fcsn\u00fc Y\u0131lmaz ENKA Okullar\u0131 Ortaokul M\u00fcd\u00fcr\u00fcd\u00fcr. Hacettepe \u00dcniversitesi Matematik \u00d6\u011fretmenli\u011fi B\u00f6l\u00fcm\u00fc&#8217;nden 1995 y\u0131l\u0131nda mezun olan Y\u0131lmaz, 2002 y\u0131l\u0131nda Adapazar\u0131 ENKA Okullar\u0131&#8217;na kat\u0131lmadan \u00f6nce \u00f6zel okullarda matematik \u00f6\u011fretmenli\u011fi yapm\u0131\u015ft\u0131r. Burada matematik \u00f6\u011fretmeni olarak g\u00f6rev yapt\u0131ktan sonra \u00d6l\u00e7me ve De\u011ferlendirme M\u00fcd\u00fcr\u00fc, ard\u0131ndan Ortaokul M\u00fcd\u00fcr Yard\u0131mc\u0131s\u0131 olmu\u015f ve on be\u015f y\u0131l boyunca Adapazar\u0131 Lisesi M\u00fcd\u00fcr\u00fc olarak g\u00f6rev yapm\u0131\u015ft\u0131r. ENKA&#8217;da 2022 y\u0131l\u0131nda Ortaokul M\u00fcd\u00fcr\u00fc olarak g\u00f6reve ba\u015flam\u0131\u015ft\u0131r.<\/p>\n<p>[\/vc_column_text][vc_column_text]<\/p>\n<p style=\"text-align: left;\"><span style=\"font-size: 14pt; color: #009cde;\"><strong>Nilay Y\u0131ld\u0131r\u0131m \u2013 \u0130lkokul M\u00fcd\u00fcr\u00fc<br \/>\n<\/strong><\/span>Nilay Y\u0131ld\u0131r\u0131m, ENKA \u0130lkokulu M\u00fcd\u00fcr\u00fcd\u00fcr.\u00a0<span lang=\"TR\">Trakya \u00dcniversitesi E\u011fitim Fak\u00fcltesi\u2019nden 2004 y\u0131l\u0131nda mezun olmu\u015ftur. \u201cE\u011fitim Y\u00f6netimi, Tefti\u015fi, Planlamas\u0131 ve Ekonomisi\u201d b\u00f6l\u00fcm\u00fcnde y\u00fcksek lisans\u0131n\u0131 tamamlam\u0131\u015ft\u0131r. 2007-2018 y\u0131llar\u0131 aras\u0131nda ENKA \u0130lkokulunda s\u0131n\u0131f \u00f6\u011fretmenli\u011fi yapm\u0131\u015ft\u0131r. 2018 y\u0131l\u0131nda \u201c\u0130lkokul M\u00fcd\u00fcr\u00fc\u201d olarak g\u00f6reve atanm\u0131\u015ft\u0131r.<\/span><\/p>\n<p class=\"x_MsoNormal\"><span lang=\"TR\">\u00d6\u011fretmenlik kariyerinde; farkl\u0131la\u015ft\u0131r\u0131lm\u0131\u015f e\u011fitim ile e\u011fitim teknolojilerine odaklanm\u0131\u015f ve bu alanda bir\u00e7ok sertifikaya sahip olmu\u015ftur. \u00dclkemizde ve yurtd\u0131\u015f\u0131nda \u00e7e\u015fitli PYP \u00e7al\u0131\u015ftaylar\u0131na kat\u0131lm\u0131\u015ft\u0131r. Bunlara ek olarak, IB, CIS ve NEASC gibi pek \u00e7ok organizasyonun \u00e7e\u015fitli e\u011fitimlerinde ve akreditasyon s\u00fcre\u00e7lerinde yer alm\u0131\u015ft\u0131r. 2021 y\u0131l\u0131ndan bu yana T\u00d6ZOK \u0130lkokul Komisyonu Genel Sekreteri olarak g\u00f6rev almaktad\u0131r.<\/span><\/p>\n<p class=\"x_MsoNormal\"><span lang=\"TR\">Kaliforniya \u00dcniversitesi, Berkeley, Lawrence Bilim Alan\u0131 taraf\u0131ndan geli\u015ftirilen \u201cMatematik ve Fende B\u00fcy\u00fck Bulu\u015flar\u201d (GEMS) k\u0131lavuzlar\u0131n\u0131n \u00e7al\u0131\u015ftaylar\u0131nda sunumlar ger\u00e7ekle\u015ftirmi\u015ftir. Sertifikal\u0131 GEMS e\u011fitmenidir.<\/span><\/p>\n<p class=\"x_MsoNormal\"><span lang=\"TR\">Harvard\u00a0\u00dcniversitesi taraf\u0131ndan d\u00fczenlenen \u201cDeveloping Strategies for Online Teaching and Learning\u201d program\u0131n\u0131 ba\u015far\u0131yla tamamlam\u0131\u015ft\u0131r. 2019 y\u0131l\u0131nda Miami\u2019de\u00a0<a href=\"http:\/\/r20.rs6.net\/tn.jsp?f=001zjBBFOhiIzQ_VHBFz1q62YOlbEZ6asc2LpytBoNR-WvGeBza0K2k9O3uWV5-HPnqcXdrsnpFO3BFMmkQQF1alvmFQDTzZkS-jt-UP4j8wo9dRLtqMn0kJ4t8uBGUBXdv1mRg3pdGVswIHjNjGFPhYA==&amp;c=qq5wQXnvma9k2pLltgetbcCayIrA7-JycU-ZjsH5wzhYlE2dQW31eg==&amp;ch=5zuzuxE6UEjfzMRrXe63GZv24Z7g8SwScTLkrnKPmTB_kkrKd-Jg-Q==\" target=\"_blank\" rel=\"noopener noreferrer\" data-auth=\"NotApplicable\" data-safelink=\"true\" data-linkindex=\"0\">Principals&#8217; Training Center<\/a>\u00a0taraf\u0131ndan d\u00fczenlenen seminerde \u201cCreating an Effective School\u201d e\u011fitimine kat\u0131lm\u0131\u015ft\u0131r.<\/span><\/p>\n<p>[\/vc_column_text][vc_column_text]<\/p>\n<p style=\"text-align: left;\"><span style=\"font-size: 14pt; color: #009cde;\"><strong>G\u00f6zde OLCAY KO\u00c7AK \u2013 Anaokul M\u00fcd\u00fcr\u00fc<br \/>\n<\/strong><\/span>G\u00f6zde OLCAY KO\u00c7AK, ENKA Anaokulu M\u00fcd\u00fcr\u00fcd\u00fcr. 2008 y\u0131l\u0131nda Marmara \u00dcniversitesi Atat\u00fcrk E\u011fitim Fak\u00fcltesi Almanca \u00d6\u011fretmenli\u011fi b\u00f6l\u00fcm\u00fcnden mezun olan Ko\u00e7ak, 2008 y\u0131l\u0131ndan itibaren \u00d6zel \u00d6\u011fretim Kurumlar\u0131\u2019nda s\u0131ras\u0131yla Okul \u00d6ncesi \u0130ngilizce \u00d6\u011fretmenli\u011fi, Okul \u00d6ncesi \u0130ngilizce E\u011fitim Koordinat\u00f6r\u00fc, Anaokullar\u0131 Koordinat\u00f6r\u00fc, Okul M\u00fcd\u00fcr\u00fc ve Okul \u00d6ncesi E\u011fitimi B\u00f6l\u00fcm\u00fc Akademik Dan\u0131\u015fman olarak g\u00f6rev alm\u0131\u015ft\u0131r. 2019-2022 y\u0131llar\u0131 aras\u0131nda T\u00d6ZOK Okul \u00d6ncesi Komisyonu Genel Sekreteri olarak sorumluluk alan Ko\u00e7ak, 2. Lisans e\u011fitimini Sosyoloji alan\u0131nda yapmaktad\u0131r. 2022 y\u0131l\u0131ndan itibaren \u0130stanbul ENKA Anaokulu M\u00fcd\u00fcr\u00fc olarak g\u00f6rev yapmaktad\u0131r.<\/p>\n<p>[\/vc_column_text][vc_column_text]<\/p>\n<p style=\"text-align: left;\"><span style=\"font-size: 14pt; color: #009cde;\"><strong>Jennifer Eaton- \u0130leti\u015fim ve \u0130nsan Kaynaklar\u0131 Direkt\u00f6r\u00fc<br \/>\n<\/strong><\/span>Jennifer Eaton, ENKA \u0130stanbul Okullar\u0131&#8217;nda \u0130leti\u015fim ve \u0130nsan Kaynaklar\u0131 Direkt\u00f6r\u00fc olarak g\u00f6rev yapmaktad\u0131r. Western Michigan \u00dcniversitesi Edebiyat ve \u0130leti\u015fim b\u00f6l\u00fcmlerinden \u00e7ift anadal lisans derecesine sahiptir ve \u015fu anda Harvard \u00dcniversitesi&#8217;nden Okul Y\u00f6netimi ve Liderlik Sertifikas\u0131n\u0131 tamamlamaktad\u0131r. Eaton, 2017 y\u0131l\u0131nda ENKA&#8217;ya kat\u0131lmadan \u00f6nce, ODT\u00dc&#8217;de ileti\u015fim \u00f6\u011fretmenli\u011fi de dahil olmak \u00fczere 20 y\u0131l\u0131 a\u015fk\u0131n bir s\u00fcre T\u00fcrkiye&#8217;de uluslararas\u0131 m\u00fcfredat e\u011fitimi alan\u0131nda g\u00f6rev yapm\u0131\u015ft\u0131r. ENKA \u0130stanbul Okullar\u0131&#8217;nda akreditasyon koordinat\u00f6r\u00fc olarak g\u00f6rev yapman\u0131n yan\u0131 s\u0131ra, CIS De\u011ferlendiricisidir ve di\u011fer uluslararas\u0131 okullar\u0131 denetlemek i\u00e7in de\u011ferlendirme ekiplerinde g\u00f6rev alm\u0131\u015ft\u0131r. ECIS ve CEESA gibi uluslararas\u0131 e\u011fitim konferanslar\u0131n\u0131n yan\u0131 s\u0131ra yerel olarak ATC ve T\u00d6ZOK konferanslar\u0131nda pazarlama, ileti\u015fim, insan kaynaklar\u0131 ve uluslararas\u0131 hizmet \u00f6\u011frenimi projeleri gibi konularda hem \u0130ngilizce hem de T\u00fcrk\u00e7e sunumlar yapm\u0131\u015ft\u0131r.<\/p>\n<p>[\/vc_column_text][\/vc_column][\/vc_row]<\/p>\n<\/div>","protected":false},"excerpt":{"rendered":"<p>[vc_row_inner][vc_column_inner width=&#8221;1\/6&#8243;][\/vc_column_inner][vc_column_inner width=&#8221;2\/3&#8243;][\/vc_column_inner][vc_column_inner width=&#8221;1\/6&#8243;][\/vc_column_inner][\/vc_row_inner][vc_row bg_type=&#8221;bg_color&#8221; bg_color_value=&#8221;#ffffff&#8221;][vc_column][\/vc_column][\/vc_row][vc_row gap=&#8221;30&#8243; padding_top=&#8221;40px&#8221; padding_bottom=&#8221;40px&#8221; padding_left=&#8221;10px&#8221; padding_right=&#8221;10px&#8221; bg_type=&#8221;bg_color&#8221; bg_color_value=&#8221;rgba(247,247,247,0.8)&#8221;][vc_column padding_right=&#8221;10px&#8221;][\/vc_column][\/vc_row][vc_row gap=&#8221;30&#8243; padding_top=&#8221;40px&#8221; padding_bottom=&#8221;40px&#8221; padding_left=&#8221;10px&#8221; padding_right=&#8221;10px&#8221; bg_type=&#8221;bg_color&#8221; bg_color_value=&#8221;rgba(247,247,247,0.8)&#8221;][vc_column padding_right=&#8221;10px&#8221;][vc_column_text] Y\u00f6netim Kurulu, ayda iki kez bir araya gelir ve Y\u00f6netim Kadrosu ile birlikte okulun felsefesini, politikas\u0131n\u0131, stratejik planlamas\u0131n\u0131 ve b\u00fcy\u00fcmesini g\u00f6zden ge\u00e7irir. A\u015fa\u011f\u0131daki \u00fc\u00e7 \u00fcye okulun y\u00f6netim kurulunda g\u00f6rev yapmaktad\u0131r: Alparslan Tansu\u011f, ENKA Okullar\u0131 Y\u00f6netim Kurulu Ba\u015fkan\u0131 ve Kurucu Temsilcisi Dr. Esra Tara,&#8230;<\/p>\n","protected":false},"author":1,"featured_media":5712,"parent":5072,"menu_order":0,"comment_status":"closed","ping_status":"closed","template":"","meta":{"_acf_changed":false,"om_disable_all_campaigns":false,"inline_featured_image":false,"_monsterinsights_skip_tracking":false,"_monsterinsights_sitenote_active":false,"_monsterinsights_sitenote_note":"","_monsterinsights_sitenote_category":0,"footnotes":""},"class_list":["post-6004","page","type-page","status-publish","has-post-thumbnail","hentry","custom-post-type-entry"],"aioseo_notices":[],"acf":[],"_links":{"self":[{"href":"https:\/\/www.enka.k12.tr\/istanbul\/tr\/wp-json\/wp\/v2\/pages\/6004","targetHints":{"allow":["GET"]}}],"collection":[{"href":"https:\/\/www.enka.k12.tr\/istanbul\/tr\/wp-json\/wp\/v2\/pages"}],"about":[{"href":"https:\/\/www.enka.k12.tr\/istanbul\/tr\/wp-json\/wp\/v2\/types\/page"}],"author":[{"embeddable":true,"href":"https:\/\/www.enka.k12.tr\/istanbul\/tr\/wp-json\/wp\/v2\/users\/1"}],"replies":[{"embeddable":true,"href":"https:\/\/www.enka.k12.tr\/istanbul\/tr\/wp-json\/wp\/v2\/comments?post=6004"}],"version-history":[{"count":0,"href":"https:\/\/www.enka.k12.tr\/istanbul\/tr\/wp-json\/wp\/v2\/pages\/6004\/revisions"}],"up":[{"embeddable":true,"href":"https:\/\/www.enka.k12.tr\/istanbul\/tr\/wp-json\/wp\/v2\/pages\/5072"}],"wp:featuredmedia":[{"embeddable":true,"href":"https:\/\/www.enka.k12.tr\/istanbul\/tr\/wp-json\/wp\/v2\/media\/5712"}],"wp:attachment":[{"href":"https:\/\/www.enka.k12.tr\/istanbul\/tr\/wp-json\/wp\/v2\/media?parent=6004"}],"curies":[{"name":"wp","href":"https:\/\/api.w.org\/{rel}","templated":true}]}}