{"id":6011,"date":"2017-02-16T11:22:37","date_gmt":"2017-02-16T08:22:37","guid":{"rendered":"https:\/\/www.enka.com\/foundation\/schools\/istanbul\/hakkimizda\/our-values\/"},"modified":"2024-10-21T14:10:47","modified_gmt":"2024-10-21T11:10:47","slug":"degerlerimiz","status":"publish","type":"page","link":"https:\/\/www.enka.k12.tr\/istanbul\/tr\/hakkimizda\/degerlerimiz\/","title":{"rendered":"DE\u011eERLER\u0130M\u0130Z"},"content":{"rendered":"<div class=\"wpb-content-wrapper\"><p>[vc_row_inner][vc_column_inner width=&#8221;1\/6&#8243;][\/vc_column_inner][vc_column_inner width=&#8221;2\/3&#8243;]<div id=\"ultimate-heading-610769e15ea5249f5\" class=\"uvc-heading ult-adjust-bottom-margin ultimate-heading-610769e15ea5249f5 uvc-1187 \" data-hspacer=\"line_with_icon\" data-hline_width=\"auto\" data-hicon_type=\"custom\" data-hborder_style=\"solid\" data-hborder_height=\"3\" data-hborder_color=\"#69b3e7\" data-icon_width=\"200\" data-hfixer=\"30\"  data-halign=\"center\" style=\"text-align:center\"><div class=\"uvc-heading-spacer line_with_icon\" style=\"top\"><div class=\"ult-just-icon-wrapper  \"><div class=\"align-icon\" style=\"text-align:center;\">\n<div class=\"aio-icon-img \" style=\"font-size:200px;display:inline-block;\" >\n\t<img decoding=\"async\" class=\"img-icon\" alt=\"null\" src=\"https:\/\/www.enka.k12.tr\/istanbul\/wp-content\/uploads\/2021\/01\/enka_schools_log_newtr.jpg\"\/>\n<\/div><\/div><\/div><\/div><div class=\"uvc-sub-heading ult-responsive\"  data-ultimate-target='.uvc-heading.ultimate-heading-610769e15ea5249f5 .uvc-sub-heading '  data-responsive-json-new='{\"font-size\":\"\",\"line-height\":\"\"}'  style=\"font-weight:normal;\"><br \/>\n<\/div><\/div>[\/vc_column_inner][vc_column_inner width=&#8221;1\/6&#8243;][\/vc_column_inner][\/vc_row_inner][vc_row gap=&#8221;30&#8243; padding_top=&#8221;40px&#8221; padding_bottom=&#8221;40px&#8221; padding_left=&#8221;10px&#8221; padding_right=&#8221;10px&#8221; bg_type=&#8221;bg_color&#8221; bg_color_value=&#8221;rgba(247,247,247,0.8)&#8221;][vc_column padding_right=&#8221;10px&#8221;]<div id=\"ultimate-heading-832969e15ea524a92\" class=\"uvc-heading ult-adjust-bottom-margin ultimate-heading-832969e15ea524a92 uvc-2011 \" data-hspacer=\"line_only\"  data-halign=\"left\" style=\"text-align:left\"><div class=\"uvc-main-heading ult-responsive\"  data-ultimate-target='.uvc-heading.ultimate-heading-832969e15ea524a92 h2'  data-responsive-json-new='{\"font-size\":\"desktop:20px;tablet:18px;tablet_portrait:17px;mobile_landscape:16px;mobile:15px;\",\"line-height\":\"desktop:20px;tablet:18px;tablet_portrait:17px;mobile_landscape:16px;mobile:15px;\"}' ><h2 style=\"font-weight:normal;color:#000000;\">OKUL<\/h2><\/div><div class=\"uvc-sub-heading ult-responsive\"  data-ultimate-target='.uvc-heading.ultimate-heading-832969e15ea524a92 .uvc-sub-heading '  data-responsive-json-new='{\"font-size\":\"desktop:30px;tablet:30px;tablet_portrait:30px;mobile_landscape:30px;mobile:30px;\",\"line-height\":\"desktop:50px;tablet:50px;tablet_portrait:50px;mobile_landscape:50px;mobile:50px;\"}'  style=\"font-weight:bold;color:#000000;\">\u0130STANBUL ENKA OKULLARI V\u0130ZYON ve M\u0130SYONU<\/div><div class=\"uvc-heading-spacer line_only\" style=\"margin-top:10px;height:3px;\"><span class=\"uvc-headings-line\" style=\"border-style:solid;border-bottom-width:3px;border-color:#69b3e7;width:100px;\"><\/span><\/div><\/div>[vc_tta_accordion][vc_tta_section title=&#8221;Vizyon ve Misyon&#8221; tab_id=&#8221;1729503608199-2d825295-4875&#8243;][vc_column_text]<strong>V\u0130ZYON<\/strong><br \/>\nDaha iyi bir gelecek i\u00e7in e\u011fitim.<\/p>\n<p><strong>M\u0130SYON<\/strong><br \/>\nMisyonumuz, \u00f6\u011frencilerin bilgi, d\u00fc\u015f\u00fcnce ve davran\u0131\u015f temellerini g\u00fc\u00e7lendirerek yetkinliklerini en \u00fcst d\u00fczeye \u00e7\u0131karmalar\u0131na hem imkan yaratmak hem de onlar\u0131 te\u015fvik etmek ve onlar\u0131n zihinsel beceri ve ahlaki al\u0131\u015fkanl\u0131klar\u0131n\u0131 d\u00fc\u015f\u00fcnce ve eylem \u00f6zg\u00fcrl\u00fc\u011f\u00fc i\u00e7in kullanan \u00f6nc\u00fc d\u00fcnya vatanda\u015flar\u0131 olmalar\u0131n\u0131 sa\u011flamakt\u0131r.[\/vc_column_text][\/vc_tta_section][vc_tta_section title=&#8221;Felsefe&#8221; tab_id=&#8221;1729503608213-88a4aafa-8da2&#8243;][vc_column_text]<strong>FELSEFE<\/strong><br \/>\nENKA Okullar\u0131n\u0131n var olu\u015f amac\u0131 \u00f6\u011frencilerin ahlaki, fiziksel ve d\u00fc\u015f\u00fcnsel geli\u015fimini desteklemektir. E\u011fitim program\u0131m\u0131z; \u00f6\u011frenci merkezlidir ve ba\u011f\u0131ms\u0131z \u00f6\u011frenmeyi destekler, \u00f6\u011frencileri merakl\u0131 bireyler olmaya te\u015fvik eder. Bu program \u00f6\u011frencilerin, sorgulama yoluyla, bilgi ile desteklenen d\u00fc\u015f\u00fcnme disiplini edinmelerini sa\u011flar. Onlara, eylemlerinin sorumlulu\u011funu almay\u0131 ve h\u00fcr fikirli \u00f6\u011frenenler olmay\u0131 \u00f6\u011fretir. Merak\u0131, ara\u015ft\u0131rmay\u0131 ve yarat\u0131c\u0131l\u0131\u011f\u0131 destekleyen bir \u00f6\u011frenme ortam\u0131 yarat\u0131r\u0131z. \u00d6\u011frenciler, \u00f6\u011fretmenler ve veliler, okulun misyonunu ve okul hayat\u0131n\u0131 desteklemeye te\u015fvik edilerek, hayat boyu \u00f6\u011frenme ve topluma hizmeti esas alan bir topluluk olu\u015fturulur.[\/vc_column_text][\/vc_tta_section][vc_tta_section title=&#8221;\u0130lkeler&#8221; tab_id=&#8221;1729503692997-e1a0b08d-7a50&#8243;][vc_column_text]\u0130LKELER<br \/>\n<em>\u00d6\u011frenme Toplulu\u011funu Geli\u015ftirmek \u0130\u00e7in<\/em><br \/>\n\u2022 \u00d6\u011fretme yerine \u00f6\u011frenme merkezli olmaya<br \/>\n\u2022 \u0130nsan geli\u015fiminin her a\u015famas\u0131n\u0131n farkl\u0131 oldu\u011funa ve her bireyin benzersiz oldu\u011funa inan\u0131r\u0131z.<\/p>\n<p><em>Bireyi Geli\u015ftirmek \u0130\u00e7in<\/em><br \/>\n\u2022 Ki\u015fili\u011fin her \u015feyden \u00f6nemli oldu\u011funa ve<br \/>\n\u2022 Her bireyin sahip oldu\u011fu en iyi nitelikleri ortaya \u00e7\u0131karabilmesi i\u00e7in kendimizi adamaya inan\u0131r\u0131z.<\/p>\n<p><em>Yerel ve K\u00fcresel Toplumda Ya\u015fam \u0130\u00e7in<\/em><br \/>\n\u2022 Toplumun b\u00fct\u00fcn \u00fcyelerine ve toplumdaki \u00e7e\u015fitlili\u011fe sayg\u0131 duyar\u0131z.<br \/>\n\u2022 Bireyin ve toplumun birbirine ba\u011fl\u0131 ve sorumlu oldu\u011funun fark\u0131nday\u0131z.<br \/>\n\u2022 Yerel, ulusal ve uluslararas\u0131 topluma hizmet ederek insanl\u0131k yarar\u0131na \u00e7al\u0131\u015f\u0131r\u0131z.<br \/>\n\u2022 Okul toplulu\u011funun b\u00fct\u00fcn \u00fcyeleri aras\u0131nda k\u00fcresel bilinci art\u0131rmaya b\u00fcy\u00fck \u00f6nem veririz.<br \/>\n\u2022 \u00c7ok dillili\u011fin birey ve toplum i\u00e7in \u00f6nemini bilir, takdir ve kabul ederiz.[\/vc_column_text][\/vc_tta_section][vc_tta_section title=&#8221;De\u011ferler&#8221; tab_id=&#8221;1729503721607-9976f89e-d38f&#8221;][vc_column_text]<strong>DE\u011eERLER<\/strong><br \/>\nE\u015e\u0130TL\u0130K<br \/>\nENKA Okullar\u0131 dini, etnik ve co\u011frafi k\u00f6ken veya sosyo-ekonomik stat\u00fc ayr\u0131m\u0131 yapmaks\u0131z\u0131n her \u00f6\u011frenciye kay\u0131t olma hakk\u0131 tan\u0131r.<\/p>\n<p>ZORLAYICILIK<br \/>\nENKA Okullar\u0131, her \u00f6\u011frenciye zihinsel, fiziksel ve ruhsal a\u00e7\u0131dan potansiyelini a\u015fman\u0131n, disiplin, titizlik ve azim yoluyla m\u00fcmk\u00fcn oldu\u011funu \u00f6\u011fretir. \u00d6\u011frencilere entelekt\u00fcel aray\u0131\u015f\u0131n, geli\u015fimin ve sayg\u0131 \u00e7er\u00e7evesinde tart\u0131\u015fman\u0131n gereklili\u011fini a\u015f\u0131lar.<\/p>\n<p>M\u00dcKEMMEL\u0130YET<br \/>\nENKA Okullar\u0131, \u00f6\u011frenciyi farkl\u0131 alanlarda ara\u015ft\u0131rma ve sorgulama yapmaya te\u015fvik eden, her \u00f6\u011frencinin \u00f6\u011frenmenin \u00f6znesi olarak akademik, sosyal ve duygusal geli\u015fimini sa\u011flayan, \u00f6\u011frenciyi en g\u00fc\u00e7l\u00fc ilgi alan\u0131nda derinle\u015ftiren bir m\u00fcfredat sunar.<\/p>\n<p>\u0130\u015e B\u0130RL\u0130\u011e\u0130<br \/>\nENKA Okullar\u0131, \u00f6\u011frencilerinin bulunduklar\u0131 toplulu\u011fa katk\u0131 sa\u011flayan, sorumluluk sahibi ve sayg\u0131l\u0131 d\u00fcnya vatanda\u015flar\u0131 ve olumlu etki, fikir ve eylemlerle toplumda \u00f6nc\u00fc olmalar\u0131 i\u00e7in velilerle i\u015f birli\u011fi yapar.<\/p>\n<p>B\u00fct\u00fcn bu ilkeler \u0131\u015f\u0131\u011f\u0131nda ENKA Okullar\u0131:<br \/>\n\u2022 Bir meslek sahibi olman\u0131n ya\u015fam\u0131n vazge\u00e7ilmez bir ko\u015fulu oldu\u011funun bilincinde,<br \/>\n\u2022 En iyisi olmak \u015fart\u0131 ile kendi meraklar\u0131n\u0131n pe\u015finden giden,<br \/>\n\u2022 Kendine g\u00fcvenini yap\u0131lamaz denilen i\u015fleri sahiplenerek ispatlayan,<br \/>\n\u2022 Entelekt\u00fcel birikimini s\u00fcrekli art\u0131ran,<br \/>\n\u2022 D\u00fcnya vatanda\u015fl\u0131\u011f\u0131n\u0131, \u00f6nce yak\u0131n co\u011frafyas\u0131 i\u00e7inde etnik, dini ve k\u00fclt\u00fcrel s\u0131n\u0131rlarda yapt\u0131\u011f\u0131 vazifelerle ortaya koyan,<br \/>\n\u2022 \u0130\u00e7inde b\u00fcy\u00fcd\u00fc\u011f\u00fc ENKA Ailesinin her zaman bir \u00fcyesi olman\u0131n sorumlulu\u011funu alan bireyler yeti\u015ftirir.[\/vc_column_text][\/vc_tta_section][vc_tta_section title=&#8221;Stratejik Hedefler&#8221; tab_id=&#8221;1729503774773-eef2c537-7382&#8243;][vc_column_text]<strong>\u0130yile\u015ftirmek<\/strong><br \/>\nSistematik kalite g\u00fcvencesi sa\u011flamak amac\u0131yla t\u00fcm s\u00fcre\u00e7leri ISO 9001:2015 standard\u0131na uygun hale getirmek.<\/p>\n<p><strong>E\u015fitlemek<\/strong><br \/>\nToplumsal e\u015fitli\u011fi sa\u011flamak i\u00e7in s\u00fcrekli olarak toplumsal kat\u0131l\u0131m\u0131 ve toplumsal hizmeti te\u015fvik etmek.<\/p>\n<p><strong>K\u00fcreselle\u015fmek<\/strong><br \/>\nOkul toplulu\u011fumuzun k\u00fcresel d\u00fc\u015f\u00fcncesini geli\u015ftirmek i\u00e7in gerekli ad\u0131mlar\u0131 atmak.<\/p>\n<p><strong>Ki\u015fiselle\u015ftirmek<\/strong><br \/>\nMEB, IB, AP, \u00e7ok dilli e\u011fitim ve farkl\u0131la\u015ft\u0131rma alanlar\u0131nda \u00f6\u011frenci ihtiya\u00e7lar\u0131na y\u00f6nelik titiz ve entegre m\u00fcfredat yollar\u0131 geli\u015ftirmek ve iyile\u015ftirmek.<\/p>\n<p><strong>Desteklemek<\/strong><br \/>\n\u00d6\u011frenci destek s\u00fcre\u00e7lerini iyile\u015ftirmek.<\/p>\n<p><strong>Yenilik\u00e7i ve Etik Olmak<\/strong><br \/>\nToplulu\u011fumuzun yaln\u0131zca dijital olarak okuryazar olmas\u0131n\u0131 de\u011fil, ayn\u0131 zamanda k\u00fcresel vatanda\u015flar olarak teknolojiyi sorumlu bir \u015fekilde kullanmas\u0131n\u0131 sa\u011flamak amac\u0131yla mevcut teknolojiyi ve \u00f6\u011fretim kadrosunu geli\u015ftirmek.<\/p>\n<p><strong>Yeti\u015ftirmek<\/strong><br \/>\nFak\u00fclte ve personelimizi, mesleki geli\u015fim, mentorluk ve destekleyici de\u011ferlendirme sistemleri arac\u0131l\u0131\u011f\u0131yla s\u00fcrekli olarak geli\u015ftirmek.<\/p>\n<p><strong>\u0130leti\u015fim Kurmak<\/strong><br \/>\nENKA toplulu\u011fu ile etkile\u015fim kurmak i\u00e7in ileti\u015fim ara\u00e7lar\u0131n\u0131 etkin bir \u015fekilde kullanmak.<\/p>\n<p><strong>Y\u00fckseltmek<\/strong><br \/>\nTesislerimizin, teknolojimizin, \u00f6\u011frenme alanlar\u0131m\u0131z\u0131n ve altyap\u0131m\u0131z\u0131n, e\u011fitim i\u00e7in kapsay\u0131c\u0131 ve y\u00fcksek kaliteli bir ortam sunmas\u0131n\u0131 sa\u011flamak.[\/vc_column_text][\/vc_tta_section][\/vc_tta_accordion][vc_row_inner][vc_column_inner][\/vc_column_inner][\/vc_row_inner][\/vc_column][\/vc_row][vc_row gap=&#8221;30&#8243; padding_top=&#8221;10px&#8221; padding_bottom=&#8221;40px&#8221; padding_left=&#8221;10px&#8221; padding_right=&#8221;10px&#8221; bg_type=&#8221;bg_color&#8221; bg_color_value=&#8221;rgba(247,247,247,0.8)&#8221;][vc_column]<div class=\"ult-spacer spacer-69e15ea524b05\" data-id=\"69e15ea524b05\" data-height=\"30\" data-height-mobile=\"10\" data-height-tab=\"20\" data-height-tab-portrait=\"\" data-height-mobile-landscape=\"\" style=\"clear:both;display:block;\"><\/div>\n\t\t\t\t<script type=\"text\/javascript\">\n\t\t\t\t\tjQuery(function($){\n\t\t\t\t\t\tif ( $.fn.imagesLoaded != undefined && $.fn.carouFredSel != undefined ) {\n\t\t\t\t\t\t\tvar $carouselContainer = $(\"#caroufredsel-71\");\n\t\t\t\t\t\t\t$carouselContainer.imagesLoaded(function() {\n\t\t\t\t\t\t\t\t$carouselContainer.carouFredSel({\n\t\t\t\t\t\t\t\t\tresponsive : true,\n\t\t\t\t\t\t\t\t\theight: \"variable\",\n\t\t\t\t\t\t\t\t\twidth : \"100%\",\n\t\t\t\t\t\t\t\t\tcircular : true,\n\t\t\t\t\t\t\t\t\tinfinite : true,\n\t\t\t\t\t\t\t\t\tauto : {\n\t\t\t\t\t\t\t\t\t\tplay: false,\n\t\t\t\t\t\t\t\t\t\ttimeoutDuration : 500,\n\t\t\t\t\t\t\t\t\t},\n\t\t\t\t\t\t\t\t\tswipe : {\n\t\t\t\t\t\t\t\t\t\tonTouch: true,\n\t\t\t\t\t\t\t\t\t\tonMouse: true,\n\t\t\t\t\t\t\t\t\t},prev : \"#prev-71\",next : \"#next-71\",items : {\n\t\t\t\t\t\t\t\t\t\twidth : 400,\n\t\t\t\t\t\t\t\t\t\theight: \"variable\",\n\t\t\t\t\t\t\t\t\t\tvisible : {\n\t\t\t\t\t\t\t\t\t\t\tmin : 1,\n\t\t\t\t\t\t\t\t\t\t\tmax : 4\n\t\t\t\t\t\t\t\t\t\t}\n\t\t\t\t\t\t\t\t\t}\n\t\t\t\t\t\t\t\t});\n\t\t\t\t\t\t\t});\n\t\t\t\t\t\t}$(window).load(function(){\n\t\t\t\t\t\t\t\t$(\".vcex-caroufredsel-loading\").removeClass(\"vcex-caroufredsel-loading\");\n\t\t\t\t\t\t\t});});\n\t\t\t\t<\/script><div class=\"vcex-caroufredsel-wrap clr vcex-caroufredsel-portfolio vcex-caroufredsel-default vcex-caroufredsel-loading\"><div class=\"vcex-caroufredsel vcex-gallery-lightbox \"><ul id=\"caroufredsel-71\"><li class=\"vcex-caroufredsel-slide\"><div class=\"vcex-caroufredsel-entry-media vcex-true\"><a href=\"\" title=\"\" class=\"vcex-caroufredsel-entry-img gallery-lightbox\"><img decoding=\"async\" src=\"\" alt=\"\" \/><\/a><!-- .vcex-caroufredsel-entry-img --><\/div><\/li><li class=\"vcex-caroufredsel-slide\"><div class=\"vcex-caroufredsel-entry-media vcex-true\"><a href=\"\" title=\"\" class=\"vcex-caroufredsel-entry-img gallery-lightbox\"><img decoding=\"async\" src=\"\" alt=\"\" \/><\/a><!-- .vcex-caroufredsel-entry-img --><\/div><\/li><li class=\"vcex-caroufredsel-slide\"><div class=\"vcex-caroufredsel-entry-media vcex-true\"><a href=\"\" title=\"\" class=\"vcex-caroufredsel-entry-img gallery-lightbox\"><img decoding=\"async\" src=\"\" alt=\"\" \/><\/a><!-- .vcex-caroufredsel-entry-img --><\/div><\/li><li class=\"vcex-caroufredsel-slide\"><div class=\"vcex-caroufredsel-entry-media vcex-true\"><a href=\"\" title=\"\" class=\"vcex-caroufredsel-entry-img gallery-lightbox\"><img decoding=\"async\" src=\"\" alt=\"\" \/><\/a><!-- .vcex-caroufredsel-entry-img --><\/div><\/li><li class=\"vcex-caroufredsel-slide\"><div class=\"vcex-caroufredsel-entry-media vcex-true\"><a href=\"\" title=\"\" class=\"vcex-caroufredsel-entry-img gallery-lightbox\"><img decoding=\"async\" src=\"\" alt=\"\" \/><\/a><!-- .vcex-caroufredsel-entry-img --><\/div><\/li><\/ul><div id=\"prev-71\" class=\"vcex-caroufredsel-prev\"><span class=\"fa fa-chevron-left\"><\/span><\/div><div id=\"next-71\" class=\"vcex-caroufredsel-next\"><span class=\"fa fa-chevron-right\"><\/span><\/div><\/div><\/div><div class=\"vcex-clear-floats\"><\/div>[\/vc_column][\/vc_row]<\/p>\n<\/div>","protected":false},"excerpt":{"rendered":"<p>[vc_row_inner][vc_column_inner width=&#8221;1\/6&#8243;][\/vc_column_inner][vc_column_inner width=&#8221;2\/3&#8243;][\/vc_column_inner][vc_column_inner width=&#8221;1\/6&#8243;][\/vc_column_inner][\/vc_row_inner][vc_row gap=&#8221;30&#8243; padding_top=&#8221;40px&#8221; padding_bottom=&#8221;40px&#8221; padding_left=&#8221;10px&#8221; padding_right=&#8221;10px&#8221; bg_type=&#8221;bg_color&#8221; bg_color_value=&#8221;rgba(247,247,247,0.8)&#8221;][vc_column padding_right=&#8221;10px&#8221;][vc_tta_accordion][vc_tta_section title=&#8221;Vizyon ve Misyon&#8221; tab_id=&#8221;1729503608199-2d825295-4875&#8243;][vc_column_text]V\u0130ZYON Daha iyi bir gelecek i\u00e7in e\u011fitim. M\u0130SYON Misyonumuz, \u00f6\u011frencilerin bilgi, d\u00fc\u015f\u00fcnce ve davran\u0131\u015f temellerini g\u00fc\u00e7lendirerek yetkinliklerini en \u00fcst d\u00fczeye \u00e7\u0131karmalar\u0131na hem imkan yaratmak hem de onlar\u0131 te\u015fvik etmek ve onlar\u0131n zihinsel beceri ve ahlaki al\u0131\u015fkanl\u0131klar\u0131n\u0131 d\u00fc\u015f\u00fcnce ve eylem \u00f6zg\u00fcrl\u00fc\u011f\u00fc i\u00e7in kullanan \u00f6nc\u00fc d\u00fcnya vatanda\u015flar\u0131 olmalar\u0131n\u0131 sa\u011flamakt\u0131r.[\/vc_column_text][\/vc_tta_section][vc_tta_section title=&#8221;Felsefe&#8221; tab_id=&#8221;1729503608213-88a4aafa-8da2&#8243;][vc_column_text]FELSEFE ENKA&#8230;<\/p>\n","protected":false},"author":1,"featured_media":6012,"parent":5072,"menu_order":0,"comment_status":"closed","ping_status":"closed","template":"","meta":{"_acf_changed":false,"inline_featured_image":false,"footnotes":""},"class_list":["post-6011","page","type-page","status-publish","has-post-thumbnail","hentry","custom-post-type-entry"],"aioseo_notices":[],"acf":[],"_links":{"self":[{"href":"https:\/\/www.enka.k12.tr\/istanbul\/tr\/wp-json\/wp\/v2\/pages\/6011","targetHints":{"allow":["GET"]}}],"collection":[{"href":"https:\/\/www.enka.k12.tr\/istanbul\/tr\/wp-json\/wp\/v2\/pages"}],"about":[{"href":"https:\/\/www.enka.k12.tr\/istanbul\/tr\/wp-json\/wp\/v2\/types\/page"}],"author":[{"embeddable":true,"href":"https:\/\/www.enka.k12.tr\/istanbul\/tr\/wp-json\/wp\/v2\/users\/1"}],"replies":[{"embeddable":true,"href":"https:\/\/www.enka.k12.tr\/istanbul\/tr\/wp-json\/wp\/v2\/comments?post=6011"}],"version-history":[{"count":0,"href":"https:\/\/www.enka.k12.tr\/istanbul\/tr\/wp-json\/wp\/v2\/pages\/6011\/revisions"}],"up":[{"embeddable":true,"href":"https:\/\/www.enka.k12.tr\/istanbul\/tr\/wp-json\/wp\/v2\/pages\/5072"}],"wp:featuredmedia":[{"embeddable":true,"href":"https:\/\/www.enka.k12.tr\/istanbul\/tr\/wp-json\/wp\/v2\/media\/6012"}],"wp:attachment":[{"href":"https:\/\/www.enka.k12.tr\/istanbul\/tr\/wp-json\/wp\/v2\/media?parent=6011"}],"curies":[{"name":"wp","href":"https:\/\/api.w.org\/{rel}","templated":true}]}}