{"id":6036,"date":"2017-02-16T11:41:44","date_gmt":"2017-02-16T08:41:44","guid":{"rendered":"https:\/\/www.enka.com\/foundation\/schools\/istanbul\/kampusumuz\/nutrition\/"},"modified":"2021-03-26T14:23:08","modified_gmt":"2021-03-26T11:23:08","slug":"beslenme","status":"publish","type":"page","link":"https:\/\/www.enka.k12.tr\/istanbul\/tr\/kampusumuz\/beslenme\/","title":{"rendered":"BESLENME"},"content":{"rendered":"<div class=\"wpb-content-wrapper\"><p>[vc_row padding_left=&#8221;20px&#8221; padding_right=&#8221;20px&#8221; bg_type=&#8221;bg_color&#8221; enable_overlay=&#8221;off&#8221; bg_color_value=&#8221;rgba(247,247,247,0.8)&#8221;][vc_column]<div class=\"ult-spacer spacer-69e449646af1f\" data-id=\"69e449646af1f\" data-height=\"30\" data-height-mobile=\"10\" data-height-tab=\"20\" data-height-tab-portrait=\"\" data-height-mobile-landscape=\"\" style=\"clear:both;display:block;\"><\/div>[vc_row_inner][vc_column_inner width=&#8221;1\/6&#8243;][\/vc_column_inner][vc_column_inner width=&#8221;2\/3&#8243;]<div id=\"ultimate-heading-620369e449646b207\" class=\"uvc-heading ult-adjust-bottom-margin ultimate-heading-620369e449646b207 uvc-3214 \" data-hspacer=\"line_with_icon\" data-hline_width=\"auto\" data-hicon_type=\"custom\" data-hborder_style=\"solid\" data-hborder_height=\"3\" data-hborder_color=\"#69b3e7\" data-icon_width=\"200\" data-hfixer=\"30\"  data-halign=\"center\" style=\"text-align:center\"><div class=\"uvc-heading-spacer line_with_icon\" style=\"top\"><div class=\"ult-just-icon-wrapper  \"><div class=\"align-icon\" style=\"text-align:center;\">\n<div class=\"aio-icon-img \" style=\"font-size:200px;display:inline-block;\" >\n\t<img decoding=\"async\" class=\"img-icon\" alt=\"null\" src=\"https:\/\/www.enka.k12.tr\/istanbul\/wp-content\/uploads\/2021\/01\/enka_schools_log_newtr.jpg\"\/>\n<\/div><\/div><\/div><\/div><div class=\"uvc-sub-heading ult-responsive\"  data-ultimate-target='.uvc-heading.ultimate-heading-620369e449646b207 .uvc-sub-heading '  data-responsive-json-new='{\"font-size\":\"\",\"line-height\":\"\"}'  style=\"font-weight:normal;\"><br \/><\/div><\/div>[\/vc_column_inner][vc_column_inner width=&#8221;1\/6&#8243;][\/vc_column_inner][\/vc_row_inner][\/vc_column][\/vc_row][vc_row gap=&#8221;30&#8243; padding_top=&#8221;40px&#8221; padding_bottom=&#8221;40px&#8221; padding_left=&#8221;10px&#8221; padding_right=&#8221;10px&#8221; bg_type=&#8221;bg_color&#8221; bg_color_value=&#8221;rgba(247,247,247,0.8)&#8221;][vc_column][vc_column_text]Okulumuzun yemek ve kantin hizmeti, ulusal ve uluslararas\u0131 kalite belgelerine sahip,<strong><a href=\"http:\/\/yemekhane.com.tr\/\"> Yemekhane<\/a><\/strong> taraf\u0131ndan verilmektedir.<\/p>\n<p>Yemekler g\u00fcnl\u00fck olarak ENKA Okullar\u0131nda haz\u0131rlanmakta olup, men\u00fc, uzman diyetisyen taraf\u0131ndan, \u00e7ocuklar\u0131n g\u00fcnl\u00fck beslenme ve enerji ihtiya\u00e7lar\u0131 g\u00f6z \u00f6n\u00fcne al\u0131narak, ayl\u0131k olarak haz\u0131rlanmakta, velilerimiz web sayfas\u0131 arac\u0131l\u0131\u011f\u0131 ile ayl\u0131k olarak bilgilendirilmektedir.<\/p>\n<p>Okul kantini, Milli E\u011fitim Bakanl\u0131\u011f\u0131 Kantin Y\u00f6netmeli\u011fi \u00e7er\u00e7evesince uygun g\u00f6r\u00fclen \u00fcr\u00fcnlerle i\u015fletilmektedir.<\/p>\n<p>Yemekhaneler ve \u00fcretim alan\u0131, belirli aral\u0131klarla, ENKA Okullar\u0131 Sa\u011fl\u0131k Birimi, Tar\u0131m ve Hayvac\u0131l\u0131k Bakanl\u0131\u011f\u0131 ve uzman, tarafs\u0131z ve ba\u011f\u0131ms\u0131z bir denetleme firmas\u0131 taraf\u0131ndan, ISO 22000 G\u0131da G\u00fcvenli\u011fi Y\u00f6netim Sistemi \u015fartlar\u0131na g\u00f6re denetlenmekte, al\u0131nan su ve yemek numuneleri ise d\u00fczenli olarak g\u0131da kontrol laboratuvar\u0131na g\u00f6nderilmektedir.<\/p>\n<p>Yemek \u00fcretiminde kullan\u0131lan ham maddeler, T\u00fcrkiye&#8217;nin se\u00e7kin firmalar\u0131ndan tedarik edilmekte ve tedarik\u00e7iler rutin kontrollere tabi tutulmaktad\u0131rlar.<\/p>\n<p>Yemekhane, ISO 22000 G\u0131da G\u00fcvenli\u011fi Y\u00f6netim Sistemi sertifikalar\u0131na sahiptir.[\/vc_column_text][\/vc_column][\/vc_row][vc_row padding_top=&#8221;20px&#8221; padding_bottom=&#8221;40px&#8221; padding_left=&#8221;10px&#8221; padding_right=&#8221;10px&#8221; bg_type=&#8221;bg_color&#8221; bg_color_value=&#8221;#f7f7f7&#8243;][vc_column]<div class=\"ult-spacer spacer-69e449646b272\" data-id=\"69e449646b272\" data-height=\"30\" data-height-mobile=\"10\" data-height-tab=\"20\" data-height-tab-portrait=\"\" data-height-mobile-landscape=\"\" style=\"clear:both;display:block;\"><\/div><div id=\"ultimate-heading-209969e449646b2e1\" class=\"uvc-heading ult-adjust-bottom-margin ultimate-heading-209969e449646b2e1 uvc-2951 \" data-hspacer=\"line_only\"  data-halign=\"left\" style=\"text-align:left\"><div class=\"uvc-sub-heading ult-responsive\"  data-ultimate-target='.uvc-heading.ultimate-heading-209969e449646b2e1 .uvc-sub-heading '  data-responsive-json-new='{\"font-size\":\"desktop:30px;tablet_portrait:30px;mobile_landscape:30px;mobile:30px;\",\"line-height\":\"desktop:50px;tablet_portrait:50px;mobile_landscape:50px;mobile:50px;\"}'  style=\"font-weight:bold;color:#000000;\">Belgeler ve Sertifikalar<\/div><div class=\"uvc-heading-spacer line_only\" style=\"margin-top:10px;height:3px;\"><span class=\"uvc-headings-line\" style=\"border-style:solid;border-bottom-width:3px;border-color:#69b3e7;width:100px;\"><\/span><\/div><\/div>[vc_row_inner][vc_column_inner width=&#8221;1\/3&#8243; alignment=&#8221;center&#8221;]<div class=\"ult-spacer spacer-69e449646b323\" data-id=\"69e449646b323\" data-height=\"30\" data-height-mobile=\"10\" data-height-tab=\"20\" data-height-tab-portrait=\"\" data-height-mobile-landscape=\"\" style=\"clear:both;display:block;\"><\/div>[vc_single_image image=&#8221;28429&#8243; img_size=&#8221;medium&#8221; add_caption=&#8221;yes&#8221; alignment=&#8221;center&#8221;]<div class=\"ult-spacer spacer-69e449646b351\" data-id=\"69e449646b351\" data-height=\"10\" data-height-mobile=\"3\" data-height-tab=\"7\" data-height-tab-portrait=\"\" data-height-mobile-landscape=\"\" style=\"clear:both;display:block;\"><\/div>[vc_column_text]<\/p>\n<p style=\"text-align: center;\">ISO 22000<\/p>\n<p>[\/vc_column_text]<div class=\"ult-spacer spacer-69e449646b37a\" data-id=\"69e449646b37a\" data-height=\"30\" data-height-mobile=\"10\" data-height-tab=\"20\" data-height-tab-portrait=\"\" data-height-mobile-landscape=\"\" style=\"clear:both;display:block;\"><\/div>[\/vc_column_inner][vc_column_inner width=&#8221;1\/3&#8243;]<div class=\"ult-spacer spacer-69e449646b3a2\" data-id=\"69e449646b3a2\" data-height=\"30\" data-height-mobile=\"10\" data-height-tab=\"20\" data-height-tab-portrait=\"\" data-height-mobile-landscape=\"\" style=\"clear:both;display:block;\"><\/div>[vc_single_image image=&#8221;28424&#8243; img_size=&#8221;medium&#8221; add_caption=&#8221;yes&#8221; alignment=&#8221;center&#8221;]<div class=\"ult-spacer spacer-69e449646b3c9\" data-id=\"69e449646b3c9\" data-height=\"10\" data-height-mobile=\"3\" data-height-tab=\"7\" data-height-tab-portrait=\"\" data-height-mobile-landscape=\"\" style=\"clear:both;display:block;\"><\/div>[vc_column_text]<\/p>\n<p style=\"text-align: center;\">ISO\u00a022000<\/p>\n<p>[\/vc_column_text]<div class=\"ult-spacer spacer-69e449646b3ef\" data-id=\"69e449646b3ef\" data-height=\"30\" data-height-mobile=\"10\" data-height-tab=\"20\" data-height-tab-portrait=\"\" data-height-mobile-landscape=\"\" style=\"clear:both;display:block;\"><\/div>[\/vc_column_inner][vc_column_inner width=&#8221;1\/3&#8243;]<div class=\"ult-spacer spacer-69e449646b415\" data-id=\"69e449646b415\" data-height=\"30\" data-height-mobile=\"10\" data-height-tab=\"20\" data-height-tab-portrait=\"\" data-height-mobile-landscape=\"\" style=\"clear:both;display:block;\"><\/div>[vc_single_image image=&#8221;28431&#8243; img_size=&#8221;medium&#8221; add_caption=&#8221;yes&#8221; alignment=&#8221;center&#8221;]<div class=\"ult-spacer spacer-69e449646b43a\" data-id=\"69e449646b43a\" data-height=\"10\" data-height-mobile=\"3\" data-height-tab=\"7\" data-height-tab-portrait=\"\" data-height-mobile-landscape=\"\" style=\"clear:both;display:block;\"><\/div>[vc_column_text]<\/p>\n<p style=\"text-align: center;\">ISO 22000<\/p>\n<p>[\/vc_column_text]<div class=\"ult-spacer spacer-69e449646b45f\" data-id=\"69e449646b45f\" data-height=\"30\" data-height-mobile=\"10\" data-height-tab=\"20\" data-height-tab-portrait=\"\" data-height-mobile-landscape=\"\" style=\"clear:both;display:block;\"><\/div>[\/vc_column_inner][\/vc_row_inner][vc_row_inner][vc_column_inner width=&#8221;1\/3&#8243; alignment=&#8221;center&#8221;][vc_single_image image=&#8221;28426&#8243; img_size=&#8221;medium&#8221; add_caption=&#8221;yes&#8221; alignment=&#8221;center&#8221;]<div class=\"ult-spacer spacer-69e449646b487\" data-id=\"69e449646b487\" data-height=\"10\" data-height-mobile=\"3\" data-height-tab=\"7\" data-height-tab-portrait=\"\" data-height-mobile-landscape=\"\" style=\"clear:both;display:block;\"><\/div>[vc_column_text]<\/p>\n<p style=\"text-align: center;\">ISO 22000<\/p>\n<p>[\/vc_column_text]<div class=\"ult-spacer spacer-69e449646b4ab\" data-id=\"69e449646b4ab\" data-height=\"30\" data-height-mobile=\"10\" data-height-tab=\"20\" data-height-tab-portrait=\"\" data-height-mobile-landscape=\"\" style=\"clear:both;display:block;\"><\/div>[\/vc_column_inner][\/vc_row_inner][\/vc_column][\/vc_row]<\/p>\n<\/div>","protected":false},"excerpt":{"rendered":"<p>[vc_row padding_left=&#8221;20px&#8221; padding_right=&#8221;20px&#8221; bg_type=&#8221;bg_color&#8221; enable_overlay=&#8221;off&#8221; bg_color_value=&#8221;rgba(247,247,247,0.8)&#8221;][vc_column][vc_row_inner][vc_column_inner width=&#8221;1\/6&#8243;][\/vc_column_inner][vc_column_inner width=&#8221;2\/3&#8243;][\/vc_column_inner][vc_column_inner width=&#8221;1\/6&#8243;][\/vc_column_inner][\/vc_row_inner][\/vc_column][\/vc_row][vc_row gap=&#8221;30&#8243; padding_top=&#8221;40px&#8221; padding_bottom=&#8221;40px&#8221; padding_left=&#8221;10px&#8221; padding_right=&#8221;10px&#8221; bg_type=&#8221;bg_color&#8221; bg_color_value=&#8221;rgba(247,247,247,0.8)&#8221;][vc_column][vc_column_text]Okulumuzun yemek ve kantin hizmeti, ulusal ve uluslararas\u0131 kalite belgelerine sahip, Yemekhane taraf\u0131ndan verilmektedir. Yemekler g\u00fcnl\u00fck olarak ENKA Okullar\u0131nda haz\u0131rlanmakta olup, men\u00fc, uzman diyetisyen taraf\u0131ndan, \u00e7ocuklar\u0131n g\u00fcnl\u00fck beslenme ve enerji ihtiya\u00e7lar\u0131 g\u00f6z \u00f6n\u00fcne al\u0131narak, ayl\u0131k olarak haz\u0131rlanmakta, velilerimiz web sayfas\u0131 arac\u0131l\u0131\u011f\u0131 ile ayl\u0131k olarak bilgilendirilmektedir. Okul kantini, Milli E\u011fitim Bakanl\u0131\u011f\u0131&#8230;<\/p>\n","protected":false},"author":1,"featured_media":6037,"parent":5553,"menu_order":0,"comment_status":"closed","ping_status":"closed","template":"","meta":{"_acf_changed":false,"inline_featured_image":false,"footnotes":""},"class_list":["post-6036","page","type-page","status-publish","has-post-thumbnail","hentry","custom-post-type-entry"],"aioseo_notices":[],"acf":[],"_links":{"self":[{"href":"https:\/\/www.enka.k12.tr\/istanbul\/tr\/wp-json\/wp\/v2\/pages\/6036","targetHints":{"allow":["GET"]}}],"collection":[{"href":"https:\/\/www.enka.k12.tr\/istanbul\/tr\/wp-json\/wp\/v2\/pages"}],"about":[{"href":"https:\/\/www.enka.k12.tr\/istanbul\/tr\/wp-json\/wp\/v2\/types\/page"}],"author":[{"embeddable":true,"href":"https:\/\/www.enka.k12.tr\/istanbul\/tr\/wp-json\/wp\/v2\/users\/1"}],"replies":[{"embeddable":true,"href":"https:\/\/www.enka.k12.tr\/istanbul\/tr\/wp-json\/wp\/v2\/comments?post=6036"}],"version-history":[{"count":0,"href":"https:\/\/www.enka.k12.tr\/istanbul\/tr\/wp-json\/wp\/v2\/pages\/6036\/revisions"}],"up":[{"embeddable":true,"href":"https:\/\/www.enka.k12.tr\/istanbul\/tr\/wp-json\/wp\/v2\/pages\/5553"}],"wp:featuredmedia":[{"embeddable":true,"href":"https:\/\/www.enka.k12.tr\/istanbul\/tr\/wp-json\/wp\/v2\/media\/6037"}],"wp:attachment":[{"href":"https:\/\/www.enka.k12.tr\/istanbul\/tr\/wp-json\/wp\/v2\/media?parent=6036"}],"curies":[{"name":"wp","href":"https:\/\/api.w.org\/{rel}","templated":true}]}}