{"id":6038,"date":"2017-02-16T11:37:19","date_gmt":"2017-02-16T08:37:19","guid":{"rendered":"https:\/\/www.enka.com\/foundation\/schools\/istanbul\/kampusumuz\/health-service\/"},"modified":"2025-09-08T13:11:38","modified_gmt":"2025-09-08T10:11:38","slug":"saglik-hizmetleri","status":"publish","type":"page","link":"https:\/\/www.enka.k12.tr\/istanbul\/tr\/kampusumuz\/saglik-hizmetleri\/","title":{"rendered":"SA\u011eLIK H\u0130ZMETLER\u0130"},"content":{"rendered":"<div class=\"wpb-content-wrapper\"><p>[vc_row padding_left=&#8221;20px&#8221; padding_right=&#8221;20px&#8221; bg_type=&#8221;bg_color&#8221; enable_overlay=&#8221;off&#8221; bg_color_value=&#8221;rgba(247,247,247,0.8)&#8221;][vc_column]<div class=\"ult-spacer spacer-69e45cfc7c3b3\" data-id=\"69e45cfc7c3b3\" data-height=\"30\" data-height-mobile=\"10\" data-height-tab=\"20\" data-height-tab-portrait=\"\" data-height-mobile-landscape=\"\" style=\"clear:both;display:block;\"><\/div>[vc_row_inner][vc_column_inner width=&#8221;1\/6&#8243;][\/vc_column_inner][vc_column_inner width=&#8221;2\/3&#8243;]<div id=\"ultimate-heading-442869e45cfc7c67f\" class=\"uvc-heading ult-adjust-bottom-margin ultimate-heading-442869e45cfc7c67f uvc-9781 \" data-hspacer=\"line_with_icon\" data-hline_width=\"auto\" data-hicon_type=\"custom\" data-hborder_style=\"solid\" data-hborder_height=\"3\" data-hborder_color=\"#69b3e7\" data-icon_width=\"200\" data-hfixer=\"30\"  data-halign=\"center\" style=\"text-align:center\"><div class=\"uvc-heading-spacer line_with_icon\" style=\"top\"><div class=\"ult-just-icon-wrapper  \"><div class=\"align-icon\" style=\"text-align:center;\">\n<div class=\"aio-icon-img \" style=\"font-size:200px;display:inline-block;\" >\n\t<img decoding=\"async\" class=\"img-icon\" alt=\"null\" src=\"https:\/\/www.enka.k12.tr\/istanbul\/wp-content\/uploads\/2021\/01\/enka_schools_log_newtr.jpg\"\/>\n<\/div><\/div><\/div><\/div><\/div>[\/vc_column_inner][vc_column_inner width=&#8221;1\/6&#8243;][\/vc_column_inner][\/vc_row_inner][\/vc_column][\/vc_row][vc_row gap=&#8221;30&#8243; padding_top=&#8221;40px&#8221; padding_bottom=&#8221;40px&#8221; padding_left=&#8221;10px&#8221; padding_right=&#8221;10px&#8221; bg_type=&#8221;bg_color&#8221; bg_color_value=&#8221;rgba(247,247,247,0.8)&#8221;][vc_column][vc_column_text]<\/p>\n<p style=\"text-align: left;\">Okul Sa\u011fl\u0131k Birimi; iki hem\u015fire ile \u00f6\u011frencilerimize ve \u00e7al\u0131\u015fanlar\u0131m\u0131za koruyucu sa\u011fl\u0131k, acil tedavi ve poliklinik hizmeti vermekte, \u00f6\u011frencilerimizin gerekti\u011finde sa\u011fl\u0131k sorunlar\u0131 ile ilgili velilerimizi bilgilendirmekte ve uygulanan tedavi hakk\u0131nda payla\u015f\u0131mda bulunmakta, b\u00fct\u00fcn birimlerin hijyen ko\u015fullar\u0131na uygun \u00e7al\u0131\u015fmalar\u0131n\u0131 sa\u011flamakta, Sa\u011fl\u0131k Bakanl\u0131\u011f\u0131 taraf\u0131ndan \u00f6ng\u00f6r\u00fclen zorunlu a\u015f\u0131lama programlar\u0131 ve her t\u00fcrl\u00fc tarama programlar\u0131n\u0131 organize etmekte, bula\u015f\u0131c\u0131 hastal\u0131k gibi durumlarda okul idaresini, \u00f6\u011frenci ve velilerimizi \u00e7e\u015fitli kanallarla bilgilendirmekte, okul men\u00fc komitesinin ayl\u0131k toplant\u0131lar\u0131nda g\u00f6r\u00fc\u015f bildirmekte, okulda g\u0131da i\u015fiyle ilgili t\u00fcm \u00e7al\u0131\u015fanlar\u0131n sa\u011fl\u0131k durumlar\u0131n\u0131 ve okul mutfaklar\u0131n\u0131 denetlemekte, kamp\u00fcs i\u00e7i ve d\u0131\u015f\u0131nda sa\u011fl\u0131\u011f\u0131 tehdit edebilecek durumlara kar\u015f\u0131 idareyi bilgilendirerek gerekli \u00f6nlemlerin al\u0131nmas\u0131n\u0131 koordine etmekte, okul \u00e7al\u0131\u015fanlar\u0131na sertifikal\u0131 ya da seminer \u015feklinde ilk yard\u0131m e\u011fitimi vermekte ve b\u00fcy\u00fck organizasyonlarda sa\u011fl\u0131k deste\u011fi i\u00e7in haz\u0131r bulunmaktad\u0131r.<\/p>\n<p style=\"text-align: left;\">Sa\u011fl\u0131k Birimimiz, muayene ve m\u00fcdahale odas\u0131, iki yatakl\u0131 g\u00f6zlem odas\u0131 ve hasta kay\u0131t b\u00f6l\u00fcmlerinden olu\u015fmakta ve muayene, acil m\u00fcdahale ve klinik g\u00f6zlem i\u00e7in gerekli t\u0131bbi donan\u0131m\u0131 bulunmaktad\u0131r.<\/p>\n<p style=\"text-align: left;\">30 Haziran 2012 tarihinde y\u00fcr\u00fcrl\u00fc\u011fe giren 6331 Say\u0131l\u0131 \u0130\u015f Sa\u011fl\u0131\u011f\u0131 ve G\u00fcvenli\u011fi Kanunu ile e\u015f zamanl\u0131 kurulan \u0130\u015f Sa\u011fl\u0131\u011f\u0131 ve G\u00fcvenli\u011fi Birimimiz, gerek personelin sa\u011fl\u0131\u011f\u0131ndan gerekse e\u011fitim ve di\u011fer faaliyetlerde sa\u011fl\u0131k ve g\u00fcvenlik risklerine kar\u015f\u0131 koruyucu, \u00f6nleyici ve d\u00fczeltici \u00e7al\u0131\u015fma ortam\u0131 g\u00f6zetiminden sorumludur.<\/p>\n<p style=\"text-align: left;\">Bununla birlikte, mutfak ve okul genelinde kendi hijyen denetimleri d\u0131\u015f\u0131nda ba\u011f\u0131ms\u0131z bir firma ile yap\u0131lan s\u00f6zle\u015fme ile bina ve mutfak hijyen denetimleri yapt\u0131r\u0131lmakta ve sonras\u0131nda olumsuzluklar\u0131n d\u00fczeltilmesi y\u00f6n\u00fcnde faaliyetlerde bulunmaktad\u0131r.<\/p>\n<p style=\"text-align: left;\">Okulumuz genelindeki i\u00e7ilebilir suyun bakteriyolojik ve kimyasal analizi \u00fc\u00e7 ayda bir H\u0131fz\u0131ss\u0131hha Merkezi, ayda be\u015f kez olmak \u00fczere ise ba\u011f\u0131ms\u0131z bir \u015firket taraf\u0131ndan yapt\u0131r\u0131lmaktad\u0131r. Ayr\u0131ca yap\u0131lan s\u00f6zle\u015fme ile her hafta sa\u011fl\u0131k birimimizden t\u0131bbi at\u0131klar\u0131n toplanmas\u0131 sa\u011flanmaktad\u0131r.<\/p>\n<p>[\/vc_column_text][\/vc_column][\/vc_row][vc_row gap=&#8221;30&#8243; padding_top=&#8221;40px&#8221; padding_bottom=&#8221;40px&#8221; padding_left=&#8221;10px&#8221; padding_right=&#8221;10px&#8221; bg_type=&#8221;bg_color&#8221; bg_color_value=&#8221;rgba(247,247,247,0.8)&#8221;][vc_column width=&#8221;1\/4&#8243;]<div class=\"ult-spacer spacer-69e45cfc7c6dd\" data-id=\"69e45cfc7c6dd\" data-height=\"20\" data-height-mobile=\"20\" data-height-tab=\"20\" data-height-tab-portrait=\"20\" data-height-mobile-landscape=\"20\" style=\"clear:both;display:block;\"><\/div><div id=\"ultimate-heading-107269e45cfc7c732\" class=\"uvc-heading ult-adjust-bottom-margin ultimate-heading-107269e45cfc7c732 uvc-1725 \" data-hspacer=\"line_only\"  data-halign=\"left\" style=\"text-align:left\"><div class=\"uvc-main-heading ult-responsive\"  data-ultimate-target='.uvc-heading.ultimate-heading-107269e45cfc7c732 h2'  data-responsive-json-new='{\"font-size\":\"desktop:20px;\",\"line-height\":\"desktop:15px;\"}' ><h2 style=\"font-weight:normal;color:#000000;\">SA\u011eLIK<\/h2><\/div><div class=\"uvc-sub-heading ult-responsive\"  data-ultimate-target='.uvc-heading.ultimate-heading-107269e45cfc7c732 .uvc-sub-heading '  data-responsive-json-new='{\"font-size\":\"desktop:30px;tablet_portrait:30px;mobile_landscape:30px;mobile:30px;\",\"line-height\":\"desktop:50px;tablet_portrait:50px;mobile_landscape:50px;mobile:50px;\"}'  style=\"font-weight:bold;color:#000000;\">G\u00fcvencesi<\/div><div class=\"uvc-heading-spacer line_only\" style=\"margin-top:10px;height:3px;\"><span class=\"uvc-headings-line\" style=\"border-style:solid;border-bottom-width:3px;border-color:#69b3e7;width:100px;\"><\/span><\/div><\/div><div class=\"ult-spacer spacer-69e45cfc7c7a9\" data-id=\"69e45cfc7c7a9\" data-height=\"20\" data-height-mobile=\"20\" data-height-tab=\"20\" data-height-tab-portrait=\"20\" data-height-mobile-landscape=\"20\" style=\"clear:both;display:block;\"><\/div>[vc_single_image image=&#8221;11139&#8243; onclick=&#8221;custom_link&#8221; img_link_target=&#8221;_blank&#8221; link=&#8221;https:\/\/okulsagligi.meb.gov.tr\/&#8221;]<div class=\"ult-spacer spacer-69e45cfc7c7dd\" data-id=\"69e45cfc7c7dd\" data-height=\"20\" data-height-mobile=\"20\" data-height-tab=\"20\" data-height-tab-portrait=\"20\" data-height-mobile-landscape=\"20\" style=\"clear:both;display:block;\"><\/div>[\/vc_column][vc_column width=&#8221;3\/4&#8243;][vc_column_text]<\/p>\n<p style=\"text-align: justify;\">T\u00fcm \u00f6\u011frencilerimiz okul saatlerinde ve okulla ilgili aktiviteler esnas\u0131nda meydana gelebilecek kaza ve yaralanmalara kar\u015f\u0131 \u201cferdi kaza\u201d sigortas\u0131, okul servislerinde bulunduklar\u0131 esnada meydana gelebilecek kazalara kar\u015f\u0131 \u201ckoltuk\u201d sigortas\u0131, yemekhanelerde meydana gelebilecek kazalara kar\u015f\u0131 ise \u201cmali mesuliyet\u201d sigortas\u0131 kapsam\u0131na al\u0131nm\u0131\u015ft\u0131r. Ayn\u0131 zamanda, olu\u015fabilecek acil durumlar i\u00e7in profesyonel bir ambulans \u015firketi ile y\u0131ll\u0131k anla\u015fmam\u0131z bulunmaktad\u0131r.<\/p>\n<p>[\/vc_column_text]<div class=\"ult-spacer spacer-69e45cfc7c80c\" data-id=\"69e45cfc7c80c\" data-height=\"20\" data-height-mobile=\"20\" data-height-tab=\"20\" data-height-tab-portrait=\"\" data-height-mobile-landscape=\"\" style=\"clear:both;display:block;\"><\/div>[vc_column_text]ENKA Okullar\u0131 olarak, olas\u0131 bir salg\u0131n hastal\u0131k ( pandemi ) durumunda yakla\u015f\u0131m\u0131m\u0131z, \u201cHijyen \u015eartlar\u0131n\u0131n Geli\u015ftirilmesi ve Enfeksiyon \u00d6nleme Kontrol K\u0131lavuzu\u201d do\u011frultusundad\u0131r.\u00a0 Bu rehbere a\u015fa\u011f\u0131daki linkten ula\u015fabilirsiniz.[\/vc_column_text][vc_raw_html]JTNDYnIlM0UlMEElM0NhJTIwaHJlZiUzRCUyMmh0dHBzJTNBJTJGJTJGd3d3LmVua2EuazEyLnRyJTJGaXN0YW5idWwlMkZ3cC1jb250ZW50JTJGdXBsb2FkcyUyRjIwMjMlMkYwOCUyRkhJSllFTi1TQVJUTEFSSU5JTi1HRUxJU1RJUklMTUVTSS1WRS1FTkZFS1NJWU9OLUtPTlRST0wtS0lMQVZVWlUucGRmJTIyJTIwdGFyZ2V0JTNEJTIyX2JsYW5rJTIyJTNFSGlqeWVuJTIwJUM1JTlFYXJ0bGFyJUM0JUIxbiVDNCVCMW4lMjBHZWxpJUM1JTlGdGlyaWxtZXNpJTIwdmUlMjBFbmZla3NpeW9uJTIwJUMzJTk2bmxlbWUlMjBLb250cm9sJTIwSyVDNCVCMWxhdnV6dSUzQyUyRmElM0U=[\/vc_raw_html][\/vc_column][\/vc_row][vc_row gap=&#8221;30&#8243; padding_top=&#8221;40px&#8221; padding_bottom=&#8221;40px&#8221; padding_left=&#8221;10px&#8221; padding_right=&#8221;10px&#8221; bg_type=&#8221;bg_color&#8221; bg_color_value=&#8221;rgba(247,247,247,0.8)&#8221;][vc_column width=&#8221;1\/3&#8243;]<div id=\"ultimate-heading-153369e45cfc7c852\" class=\"uvc-heading ult-adjust-bottom-margin ultimate-heading-153369e45cfc7c852 uvc-5608 \" data-hspacer=\"line_only\"  data-halign=\"left\" style=\"text-align:left\"><div class=\"uvc-main-heading ult-responsive\"  data-ultimate-target='.uvc-heading.ultimate-heading-153369e45cfc7c852 h2'  data-responsive-json-new='{\"font-size\":\"desktop:18px;\",\"line-height\":\"desktop:14px;\"}' ><h2 style=\"font-weight:normal;color:#000000;\">SU ANAL\u0130Z SONU\u00c7LARI<\/h2><\/div><div class=\"uvc-sub-heading ult-responsive\"  data-ultimate-target='.uvc-heading.ultimate-heading-153369e45cfc7c852 .uvc-sub-heading '  data-responsive-json-new='{\"font-size\":\"desktop:16px;tablet:16px;tablet_portrait:14px;mobile_landscape:13px;mobile:12px;\",\"line-height\":\"desktop:38px;tablet:36px;tablet_portrait:34px;mobile_landscape:32px;mobile:30px;\"}'  style=\"font-weight:bold;color:#000000;\">Istanbul Halk Sa\u011fl\u0131\u011f\u0131 Merkezi Analiz Sonu\u00e7lar\u0131<\/div><div class=\"uvc-heading-spacer line_only\" style=\"margin-top:10px;height:3px;\"><span class=\"uvc-headings-line\" style=\"border-style:solid;border-bottom-width:3px;border-color:#69b3e7;width:100px;\"><\/span><\/div><\/div>[\/vc_column][vc_column width=&#8221;1\/3&#8243;][vc_single_image image=&#8221;31533&#8243; img_size=&#8221;medium&#8221; onclick=&#8221;custom_link&#8221; img_link_target=&#8221;_blank&#8221; alignment=&#8221;center&#8221; link=&#8221;https:\/\/www.enka.k12.tr\/istanbul\/wp-content\/uploads\/2025\/09\/2025-EYLUL-Protokol-Nolu-Analiz-Raporu.pdf&#8221;][vc_column_text]<\/p>\n<p style=\"text-align: center;\">01.09.2025<\/p>\n<p>[\/vc_column_text][\/vc_column][vc_column width=&#8221;1\/3&#8243;][vc_single_image image=&#8221;31533&#8243; img_size=&#8221;medium&#8221; onclick=&#8221;custom_link&#8221; img_link_target=&#8221;_blank&#8221; alignment=&#8221;center&#8221; link=&#8221;https:\/\/www.enka.k12.tr\/istanbul\/wp-content\/uploads\/2025\/06\/2025-3902-Protokol-Nolu-Analiz-Raporu.pdf&#8221;][vc_column_text]<\/p>\n<p style=\"text-align: center;\">03.06.2025<\/p>\n<p>[\/vc_column_text][\/vc_column][\/vc_row][vc_row gap=&#8221;30&#8243; padding_top=&#8221;40px&#8221; padding_bottom=&#8221;40px&#8221; padding_left=&#8221;10px&#8221; padding_right=&#8221;10px&#8221; bg_type=&#8221;bg_color&#8221; bg_color_value=&#8221;rgba(247,247,247,0.8)&#8221;][vc_column width=&#8221;1\/3&#8243;]<div id=\"ultimate-heading-254569e45cfc7c8c1\" class=\"uvc-heading ult-adjust-bottom-margin ultimate-heading-254569e45cfc7c8c1 uvc-2782 \" data-hspacer=\"line_only\"  data-halign=\"left\" style=\"text-align:left\"><div class=\"uvc-main-heading ult-responsive\"  data-ultimate-target='.uvc-heading.ultimate-heading-254569e45cfc7c8c1 h2'  data-responsive-json-new='{\"font-size\":\"desktop:18px;\",\"line-height\":\"desktop:14px;\"}' ><h2 style=\"font-weight:normal;color:#000000;\">SU ANAL\u0130Z SONU\u00c7LARI<\/h2><\/div><div class=\"uvc-sub-heading ult-responsive\"  data-ultimate-target='.uvc-heading.ultimate-heading-254569e45cfc7c8c1 .uvc-sub-heading '  data-responsive-json-new='{\"font-size\":\"desktop:16px;tablet:16px;tablet_portrait:14px;mobile_landscape:13px;mobile:12px;\",\"line-height\":\"desktop:38px;tablet:36px;tablet_portrait:34px;mobile_landscape:32px;mobile:30px;\"}'  style=\"font-weight:bold;color:#000000;\">\u00d6zel Laboratuvar Sonu\u00e7lar\u0131<\/div><div class=\"uvc-heading-spacer line_only\" style=\"margin-top:10px;height:3px;\"><span class=\"uvc-headings-line\" style=\"border-style:solid;border-bottom-width:3px;border-color:#69b3e7;width:100px;\"><\/span><\/div><\/div>[\/vc_column][vc_column width=&#8221;1\/3&#8243;][vc_single_image image=&#8221;6046&#8243; img_size=&#8221;medium&#8221; onclick=&#8221;custom_link&#8221; img_link_target=&#8221;_blank&#8221; alignment=&#8221;center&#8221; link=&#8221;https:\/\/www.enka.k12.tr\/istanbul\/wp-content\/uploads\/2025\/04\/Nisan-2025-su-analiz-sonuclari.pdf&#8221;][vc_column_text]<\/p>\n<p style=\"text-align: center;\">08.04.2025<\/p>\n<p>[\/vc_column_text][\/vc_column][vc_column width=&#8221;1\/3&#8243;][vc_single_image image=&#8221;6046&#8243; img_size=&#8221;medium&#8221; onclick=&#8221;custom_link&#8221; img_link_target=&#8221;_blank&#8221; alignment=&#8221;center&#8221; link=&#8221;https:\/\/www.enka.k12.tr\/istanbul\/wp-content\/uploads\/2025\/03\/04.03.2025-su-analiz-sonuclari.pdf&#8221;][vc_column_text]<\/p>\n<p style=\"text-align: center;\">04.03.2025<\/p>\n<p>[\/vc_column_text][\/vc_column][\/vc_row][vc_row gap=&#8221;30&#8243; padding_top=&#8221;40px&#8221; padding_bottom=&#8221;40px&#8221; padding_left=&#8221;10px&#8221; padding_right=&#8221;10px&#8221; bg_type=&#8221;bg_color&#8221; bg_color_value=&#8221;rgba(247,247,247,0.8)&#8221;][vc_column width=&#8221;1\/3&#8243;]<div id=\"ultimate-heading-298769e45cfc7c927\" class=\"uvc-heading ult-adjust-bottom-margin ultimate-heading-298769e45cfc7c927 uvc-6911 \" data-hspacer=\"line_only\"  data-halign=\"left\" style=\"text-align:left\"><div class=\"uvc-main-heading ult-responsive\"  data-ultimate-target='.uvc-heading.ultimate-heading-298769e45cfc7c927 h2'  data-responsive-json-new='{\"font-size\":\"desktop:18px;\",\"line-height\":\"desktop:14px;\"}' ><h2 style=\"font-weight:normal;color:#000000;\">MUTFAK GIDA &amp; SU ANAL\u0130Z SONU\u00c7LARI<\/h2><\/div><div class=\"uvc-sub-heading ult-responsive\"  data-ultimate-target='.uvc-heading.ultimate-heading-298769e45cfc7c927 .uvc-sub-heading '  data-responsive-json-new='{\"font-size\":\"desktop:16px;tablet:16px;tablet_portrait:14px;mobile_landscape:13px;mobile:12px;\",\"line-height\":\"desktop:38px;tablet:36px;tablet_portrait:34px;mobile_landscape:32px;mobile:30px;\"}'  style=\"font-weight:bold;color:#000000;\">\u00d6zel Laboratuvar Sonu\u00e7lar\u0131<\/div><div class=\"uvc-heading-spacer line_only\" style=\"margin-top:10px;height:3px;\"><span class=\"uvc-headings-line\" style=\"border-style:solid;border-bottom-width:3px;border-color:#69b3e7;width:100px;\"><\/span><\/div><\/div>[\/vc_column][vc_column width=&#8221;1\/3&#8243;][vc_single_image image=&#8221;37714&#8243; img_size=&#8221;medium&#8221; onclick=&#8221;custom_link&#8221; img_link_target=&#8221;_blank&#8221; alignment=&#8221;center&#8221; link=&#8221;https:\/\/www.enka.k12.tr\/istanbul\/wp-content\/uploads\/2025\/04\/26.03.2025-gida-analiz-sonuclari.pdf&#8221;][vc_column_text]<\/p>\n<p style=\"text-align: center;\">26.03.2025<\/p>\n<p>[\/vc_column_text][\/vc_column][vc_column width=&#8221;1\/3&#8243;][vc_single_image image=&#8221;37697&#8243; img_size=&#8221;medium&#8221; onclick=&#8221;custom_link&#8221; img_link_target=&#8221;_blank&#8221; alignment=&#8221;center&#8221; link=&#8221;https:\/\/www.enka.k12.tr\/istanbul\/wp-content\/uploads\/2025\/04\/20.03.2025-gida-analiz-sonuclari.pdf&#8221;][vc_column_text]<\/p>\n<p style=\"text-align: center;\">20.03.2025<\/p>\n<p>[\/vc_column_text][\/vc_column][\/vc_row][vc_row gap=&#8221;30&#8243; padding_top=&#8221;40px&#8221; padding_bottom=&#8221;40px&#8221; padding_left=&#8221;10px&#8221; padding_right=&#8221;10px&#8221; bg_type=&#8221;bg_color&#8221; bg_color_value=&#8221;rgba(247,247,247,0.8)&#8221;][vc_column width=&#8221;1\/3&#8243;]<div class=\"ult-spacer spacer-69e45cfc7c976\" data-id=\"69e45cfc7c976\" data-height=\"30\" data-height-mobile=\"10\" data-height-tab=\"20\" data-height-tab-portrait=\"\" data-height-mobile-landscape=\"\" style=\"clear:both;display:block;\"><\/div>[vc_custom_heading text=&#8221;HEM\u015e\u0130RE&#8221; font_container=&#8221;tag:h1|font_size:20|text_align:center|color:%2369b3e7&#8243; use_theme_fonts=&#8221;yes&#8221;][vc_column_text]<\/p>\n<p style=\"text-align: center;\"><strong>Elif \u00d6ZCAN<\/strong><\/p>\n<p style=\"text-align: center;\">Direkt hat: +90 (212) 705 6515<br \/>\nE-mail: <a href=\"mailto:oyayilmazer@enkaokullari.k12.tr\">elif.ozcan@enka.k12.tr<\/a><\/p>\n<p>[\/vc_column_text][\/vc_column][vc_column width=&#8221;1\/3&#8243;]<div class=\"ult-spacer spacer-69e45cfc7c9a0\" data-id=\"69e45cfc7c9a0\" data-height=\"30\" data-height-mobile=\"10\" data-height-tab=\"20\" data-height-tab-portrait=\"\" data-height-mobile-landscape=\"\" style=\"clear:both;display:block;\"><\/div>[vc_custom_heading text=&#8221;HEM\u015e\u0130RE&#8221; font_container=&#8221;tag:h1|font_size:20|text_align:center|color:%2369b3e7&#8243; use_theme_fonts=&#8221;yes&#8221;][vc_column_text]<\/p>\n<p style=\"text-align: center;\"><strong>Sehil YO\u011eURT\u00c7U<\/strong><\/p>\n<p style=\"text-align: center;\">Direkt hat: +90 (212) 705 6515<br \/>\nE-mail: <a href=\"mailto:haticekoreken@enkaokullari.k12.tr\">sehil.yogurtcu@enka.k12.tr<\/a><\/p>\n<p>[\/vc_column_text][\/vc_column][\/vc_row]<\/p>\n<\/div>","protected":false},"excerpt":{"rendered":"<p>[vc_row padding_left=&#8221;20px&#8221; padding_right=&#8221;20px&#8221; bg_type=&#8221;bg_color&#8221; enable_overlay=&#8221;off&#8221; bg_color_value=&#8221;rgba(247,247,247,0.8)&#8221;][vc_column][vc_row_inner][vc_column_inner width=&#8221;1\/6&#8243;][\/vc_column_inner][vc_column_inner width=&#8221;2\/3&#8243;][\/vc_column_inner][vc_column_inner width=&#8221;1\/6&#8243;][\/vc_column_inner][\/vc_row_inner][\/vc_column][\/vc_row][vc_row gap=&#8221;30&#8243; padding_top=&#8221;40px&#8221; padding_bottom=&#8221;40px&#8221; padding_left=&#8221;10px&#8221; padding_right=&#8221;10px&#8221; bg_type=&#8221;bg_color&#8221; bg_color_value=&#8221;rgba(247,247,247,0.8)&#8221;][vc_column][vc_column_text] Okul Sa\u011fl\u0131k Birimi; iki hem\u015fire ile \u00f6\u011frencilerimize ve \u00e7al\u0131\u015fanlar\u0131m\u0131za koruyucu sa\u011fl\u0131k, acil tedavi ve poliklinik hizmeti vermekte, \u00f6\u011frencilerimizin gerekti\u011finde sa\u011fl\u0131k sorunlar\u0131 ile ilgili velilerimizi bilgilendirmekte ve uygulanan tedavi hakk\u0131nda payla\u015f\u0131mda bulunmakta, b\u00fct\u00fcn birimlerin hijyen ko\u015fullar\u0131na uygun \u00e7al\u0131\u015fmalar\u0131n\u0131 sa\u011flamakta, Sa\u011fl\u0131k Bakanl\u0131\u011f\u0131 taraf\u0131ndan \u00f6ng\u00f6r\u00fclen zorunlu a\u015f\u0131lama programlar\u0131 ve her t\u00fcrl\u00fc tarama&#8230;<\/p>\n","protected":false},"author":1,"featured_media":6039,"parent":5553,"menu_order":0,"comment_status":"closed","ping_status":"closed","template":"","meta":{"_acf_changed":false,"inline_featured_image":false,"footnotes":""},"class_list":["post-6038","page","type-page","status-publish","has-post-thumbnail","hentry","custom-post-type-entry"],"aioseo_notices":[],"acf":[],"_links":{"self":[{"href":"https:\/\/www.enka.k12.tr\/istanbul\/tr\/wp-json\/wp\/v2\/pages\/6038","targetHints":{"allow":["GET"]}}],"collection":[{"href":"https:\/\/www.enka.k12.tr\/istanbul\/tr\/wp-json\/wp\/v2\/pages"}],"about":[{"href":"https:\/\/www.enka.k12.tr\/istanbul\/tr\/wp-json\/wp\/v2\/types\/page"}],"author":[{"embeddable":true,"href":"https:\/\/www.enka.k12.tr\/istanbul\/tr\/wp-json\/wp\/v2\/users\/1"}],"replies":[{"embeddable":true,"href":"https:\/\/www.enka.k12.tr\/istanbul\/tr\/wp-json\/wp\/v2\/comments?post=6038"}],"version-history":[{"count":0,"href":"https:\/\/www.enka.k12.tr\/istanbul\/tr\/wp-json\/wp\/v2\/pages\/6038\/revisions"}],"up":[{"embeddable":true,"href":"https:\/\/www.enka.k12.tr\/istanbul\/tr\/wp-json\/wp\/v2\/pages\/5553"}],"wp:featuredmedia":[{"embeddable":true,"href":"https:\/\/www.enka.k12.tr\/istanbul\/tr\/wp-json\/wp\/v2\/media\/6039"}],"wp:attachment":[{"href":"https:\/\/www.enka.k12.tr\/istanbul\/tr\/wp-json\/wp\/v2\/media?parent=6038"}],"curies":[{"name":"wp","href":"https:\/\/api.w.org\/{rel}","templated":true}]}}