{"id":6089,"date":"2017-02-16T10:48:24","date_gmt":"2017-02-16T07:48:24","guid":{"rendered":"https:\/\/www.enka.com\/foundation\/schools\/istanbul\/veliler\/parent-teacher-association\/"},"modified":"2023-11-22T15:19:02","modified_gmt":"2023-11-22T12:19:02","slug":"okul-aile-birligi","status":"publish","type":"page","link":"https:\/\/www.enka.k12.tr\/istanbul\/tr\/veliler\/okul-aile-birligi\/","title":{"rendered":"OKUL A\u0130LE B\u0130RL\u0130\u011e\u0130"},"content":{"rendered":"<div class=\"wpb-content-wrapper\"><p>[vc_row padding_left=&#8221;20px&#8221; padding_right=&#8221;20px&#8221; bg_type=&#8221;bg_color&#8221; enable_overlay=&#8221;off&#8221; bg_color_value=&#8221;rgba(247,247,247,0.8)&#8221;][vc_column]<div class=\"ult-spacer spacer-69e44b133569e\" data-id=\"69e44b133569e\" data-height=\"30\" data-height-mobile=\"10\" data-height-tab=\"20\" data-height-tab-portrait=\"\" data-height-mobile-landscape=\"\" style=\"clear:both;display:block;\"><\/div>[vc_row_inner][vc_column_inner width=&#8221;1\/6&#8243;][\/vc_column_inner][vc_column_inner width=&#8221;2\/3&#8243;]<div id=\"ultimate-heading-565969e44b1335910\" class=\"uvc-heading ult-adjust-bottom-margin ultimate-heading-565969e44b1335910 uvc-3020 \" data-hspacer=\"line_with_icon\" data-hline_width=\"auto\" data-hicon_type=\"custom\" data-hborder_style=\"solid\" data-hborder_height=\"3\" data-hborder_color=\"#69b3e7\" data-icon_width=\"200\" data-hfixer=\"30\"  data-halign=\"center\" style=\"text-align:center\"><div class=\"uvc-heading-spacer line_with_icon\" style=\"top\"><div class=\"ult-just-icon-wrapper  \"><div class=\"align-icon\" style=\"text-align:center;\">\n<div class=\"aio-icon-img \" style=\"font-size:200px;display:inline-block;\" >\n\t<img decoding=\"async\" class=\"img-icon\" alt=\"null\" src=\"https:\/\/www.enka.k12.tr\/istanbul\/wp-content\/uploads\/2021\/01\/enka_schools_log_newtr.jpg\"\/>\n<\/div><\/div><\/div><\/div><div class=\"uvc-sub-heading ult-responsive\"  data-ultimate-target='.uvc-heading.ultimate-heading-565969e44b1335910 .uvc-sub-heading '  data-responsive-json-new='{\"font-size\":\"\",\"line-height\":\"\"}'  style=\"font-weight:normal;\"><br \/>\n<\/div><\/div>[\/vc_column_inner][vc_column_inner width=&#8221;1\/6&#8243;][\/vc_column_inner][\/vc_row_inner][\/vc_column][\/vc_row][vc_row full_width=&#8221;stretch_row_content_no_spaces&#8221; gap=&#8221;30&#8243; padding_top=&#8221;40px&#8221; padding_bottom=&#8221;40px&#8221; padding_left=&#8221;10px&#8221; padding_right=&#8221;10px&#8221; bg_type=&#8221;bg_color&#8221; bg_color_value=&#8221;rgba(247,247,247,0.8)&#8221;][vc_column padding_right=&#8221;10px&#8221;][vc_column_text]<span style=\"font-family: 'Roboto Condensed';\">Okul Aile Birli\u011fi (OAB), veliler ile okul y\u00f6netimi aras\u0131nda k\u00f6pr\u00fc g\u00f6revi \u00fcstlenen, okulumuzun e\u011fitim ve spor geli\u015ftirme politikalar\u0131n\u0131n olu\u015fumuna katk\u0131 veren, sosyal ve k\u00fclt\u00fcrel etkinliklerin planlanmas\u0131 ve dayan\u0131\u015fmas\u0131 i\u00e7in \u00e7aba g\u00f6steren, g\u00f6rev ve \u00e7al\u0131\u015fma esaslar\u0131 y\u00f6netmelikle d\u00fczenlenmi\u015f bir kurumdur. OAB okulumuzun felsefesi, misyonu ve vizyonuna uygun olarak \u00e7al\u0131\u015f\u0131r. OAB Y\u00f6netim Kurulu her e\u011fitim y\u0131l\u0131 ba\u015f\u0131nda yap\u0131lan se\u00e7imle belirlenip g\u00f6reve ba\u015flar. Y\u00f6netim Kurulu, asil ve yedek \u00fcyelerden olu\u015fur. O y\u0131l i\u00e7in haz\u0131rlanan, \u00f6neri ve dilekleri i\u00e7eren faaliyet plan\u0131n\u0131 uygulamaya koyar. Her faaliyet y\u0131l\u0131 sonunda faaliyet raporu olu\u015fturularak yap\u0131lan \u00e7al\u0131\u015fmalar \u00f6zetlenir. OAB, t\u00fcm velilerimizin g\u00f6r\u00fc\u015f ve \u00f6nerilerini beklemektedir. \u0130yi bir \u00e7al\u0131\u015fma y\u0131l\u0131 olmas\u0131 dile\u011fiyle sayg\u0131lar sunar\u0131m.<\/span>[\/vc_column_text][\/vc_column][\/vc_row][vc_row gap=&#8221;30&#8243; padding_top=&#8221;40px&#8221; padding_bottom=&#8221;40px&#8221; padding_left=&#8221;10px&#8221; padding_right=&#8221;10px&#8221; bg_type=&#8221;bg_color&#8221; bg_color_value=&#8221;rgba(247,247,247,0.8)&#8221;][vc_column][vc_custom_heading text=&#8221;Okul Aile Birli\u011fi Ba\u015fkan\u0131&#8221; font_container=&#8221;tag:h1|font_size:20|text_align:center|color:%2369b3e7&#8243; use_theme_fonts=&#8221;yes&#8221;][vc_column_text]<\/p>\n<p style=\"text-align: center;\"><strong>\u015eEN\u0130Z DALGI\u00c7 <\/strong>E-mail: <a href=\"mailto:oab@enkaokullari.k12.tr\">oab@enka.k12.tr<\/a><\/p>\n<p>[\/vc_column_text][\/vc_column][\/vc_row][vc_row][vc_column][\/vc_column][\/vc_row]<\/p>\n<\/div>","protected":false},"excerpt":{"rendered":"<p>[vc_row padding_left=&#8221;20px&#8221; padding_right=&#8221;20px&#8221; bg_type=&#8221;bg_color&#8221; enable_overlay=&#8221;off&#8221; bg_color_value=&#8221;rgba(247,247,247,0.8)&#8221;][vc_column][vc_row_inner][vc_column_inner width=&#8221;1\/6&#8243;][\/vc_column_inner][vc_column_inner width=&#8221;2\/3&#8243;][\/vc_column_inner][vc_column_inner width=&#8221;1\/6&#8243;][\/vc_column_inner][\/vc_row_inner][\/vc_column][\/vc_row][vc_row full_width=&#8221;stretch_row_content_no_spaces&#8221; gap=&#8221;30&#8243; padding_top=&#8221;40px&#8221; padding_bottom=&#8221;40px&#8221; padding_left=&#8221;10px&#8221; padding_right=&#8221;10px&#8221; bg_type=&#8221;bg_color&#8221; bg_color_value=&#8221;rgba(247,247,247,0.8)&#8221;][vc_column padding_right=&#8221;10px&#8221;][vc_column_text]Okul Aile Birli\u011fi (OAB), veliler ile okul y\u00f6netimi aras\u0131nda k\u00f6pr\u00fc g\u00f6revi \u00fcstlenen, okulumuzun e\u011fitim ve spor geli\u015ftirme politikalar\u0131n\u0131n olu\u015fumuna katk\u0131 veren, sosyal ve k\u00fclt\u00fcrel etkinliklerin planlanmas\u0131 ve dayan\u0131\u015fmas\u0131 i\u00e7in \u00e7aba g\u00f6steren, g\u00f6rev ve \u00e7al\u0131\u015fma esaslar\u0131 y\u00f6netmelikle d\u00fczenlenmi\u015f bir kurumdur. OAB okulumuzun felsefesi, misyonu ve vizyonuna uygun olarak \u00e7al\u0131\u015f\u0131r&#8230;.<\/p>\n","protected":false},"author":1,"featured_media":32463,"parent":5570,"menu_order":0,"comment_status":"closed","ping_status":"closed","template":"","meta":{"_acf_changed":false,"inline_featured_image":false,"footnotes":""},"class_list":["post-6089","page","type-page","status-publish","has-post-thumbnail","hentry","custom-post-type-entry"],"aioseo_notices":[],"acf":[],"_links":{"self":[{"href":"https:\/\/www.enka.k12.tr\/istanbul\/tr\/wp-json\/wp\/v2\/pages\/6089","targetHints":{"allow":["GET"]}}],"collection":[{"href":"https:\/\/www.enka.k12.tr\/istanbul\/tr\/wp-json\/wp\/v2\/pages"}],"about":[{"href":"https:\/\/www.enka.k12.tr\/istanbul\/tr\/wp-json\/wp\/v2\/types\/page"}],"author":[{"embeddable":true,"href":"https:\/\/www.enka.k12.tr\/istanbul\/tr\/wp-json\/wp\/v2\/users\/1"}],"replies":[{"embeddable":true,"href":"https:\/\/www.enka.k12.tr\/istanbul\/tr\/wp-json\/wp\/v2\/comments?post=6089"}],"version-history":[{"count":0,"href":"https:\/\/www.enka.k12.tr\/istanbul\/tr\/wp-json\/wp\/v2\/pages\/6089\/revisions"}],"up":[{"embeddable":true,"href":"https:\/\/www.enka.k12.tr\/istanbul\/tr\/wp-json\/wp\/v2\/pages\/5570"}],"wp:featuredmedia":[{"embeddable":true,"href":"https:\/\/www.enka.k12.tr\/istanbul\/tr\/wp-json\/wp\/v2\/media\/32463"}],"wp:attachment":[{"href":"https:\/\/www.enka.k12.tr\/istanbul\/tr\/wp-json\/wp\/v2\/media?parent=6089"}],"curies":[{"name":"wp","href":"https:\/\/api.w.org\/{rel}","templated":true}]}}