{"id":6304,"date":"2017-02-16T10:52:44","date_gmt":"2017-02-16T07:52:44","guid":{"rendered":"https:\/\/www.enka.com\/foundation\/schools\/istanbul\/home\/personel\/staff-comitee\/"},"modified":"2021-03-26T10:39:18","modified_gmt":"2021-03-26T07:39:18","slug":"calisanlar-komitesi","status":"publish","type":"page","link":"https:\/\/www.enka.k12.tr\/istanbul\/tr\/calisanlar-komitesi\/","title":{"rendered":"\u00c7ALI\u015eANLAR KOM\u0130TES\u0130"},"content":{"rendered":"<div class=\"wpb-content-wrapper\"><p>[vc_row padding_left=&#8221;20px&#8221; padding_right=&#8221;20px&#8221; bg_type=&#8221;bg_color&#8221; enable_overlay=&#8221;off&#8221; bg_color_value=&#8221;rgba(247,247,247,0.8)&#8221;][vc_column]<div class=\"ult-spacer spacer-69e449c0c5158\" data-id=\"69e449c0c5158\" data-height=\"30\" data-height-mobile=\"10\" data-height-tab=\"20\" data-height-tab-portrait=\"\" data-height-mobile-landscape=\"\" style=\"clear:both;display:block;\"><\/div>[vc_row_inner][vc_column_inner width=&#8221;1\/6&#8243;][\/vc_column_inner][vc_column_inner width=&#8221;2\/3&#8243;]<div id=\"ultimate-heading-789369e449c0c5475\" class=\"uvc-heading ult-adjust-bottom-margin ultimate-heading-789369e449c0c5475 uvc-9081 \" data-hspacer=\"line_with_icon\" data-hline_width=\"auto\" data-hicon_type=\"custom\" data-hborder_style=\"solid\" data-hborder_height=\"3\" data-hborder_color=\"#69b3e7\" data-icon_width=\"200\" data-hfixer=\"30\"  data-halign=\"center\" style=\"text-align:center\"><div class=\"uvc-heading-spacer line_with_icon\" style=\"top\"><div class=\"ult-just-icon-wrapper  \"><div class=\"align-icon\" style=\"text-align:center;\">\n<div class=\"aio-icon-img \" style=\"font-size:200px;display:inline-block;\" >\n\t<img decoding=\"async\" class=\"img-icon\" alt=\"null\" src=\"https:\/\/www.enka.k12.tr\/istanbul\/wp-content\/uploads\/2021\/01\/enka_schools_log_newtr.jpg\"\/>\n<\/div><\/div><\/div><\/div><div class=\"uvc-sub-heading ult-responsive\"  data-ultimate-target='.uvc-heading.ultimate-heading-789369e449c0c5475 .uvc-sub-heading '  data-responsive-json-new='{\"font-size\":\"desktop:20px;\",\"line-height\":\"desktop:60px;\"}'  style=\"font-weight:bold;\"><br \/><\/div><\/div>[\/vc_column_inner][vc_column_inner width=&#8221;1\/6&#8243;][\/vc_column_inner][\/vc_row_inner][\/vc_column][\/vc_row][vc_row full_width=&#8221;stretch_row_content_no_spaces&#8221; gap=&#8221;30&#8243; padding_top=&#8221;40px&#8221; padding_bottom=&#8221;40px&#8221; padding_left=&#8221;10px&#8221; padding_right=&#8221;10px&#8221; bg_type=&#8221;bg_color&#8221; bg_color_value=&#8221;rgba(247,247,247,0.8)&#8221;][vc_column padding_right=&#8221;10px&#8221;][vc_column_text]<\/p>\n<p style=\"text-align: center;\"><strong><span style=\"font-size: 14pt;\">Ama\u00e7lar ve Organizasyon Y\u00f6nergeleri<\/span><\/strong><\/p>\n<p>\u00c7al\u0131\u015fanlar Komitesinin misyonu \u00e7al\u0131\u015fanlar, \u0130cra Kurulu ve Y\u00f6netim Kurulu aras\u0131ndaki anlay\u0131\u015f\u0131 geli\u015ftiren bir ileti\u015fim kanal\u0131 g\u00f6revi g\u00f6rmektir. Y\u00f6netim yap\u0131s\u0131ndan ba\u011f\u0131ms\u0131z olan \u00c7al\u0131\u015fanlar Komitesi, ayr\u0131ca hem \u00f6\u011fretmenlerin kendi aralar\u0131nda hem de \u00f6\u011fretmenler, destek tak\u0131m\u0131, i\u015fletme ofisi ve okul y\u00f6netimi aras\u0131nda olumlu ili\u015fkiler geli\u015ftirmek i\u00e7in \u00e7al\u0131\u015f\u0131r.<\/p>\n<p>2018 \u2013 2019 \u00c7al\u0131\u015fanlar Komitesi taraf\u0131ndan, kendi deneyimleri ve meslekta\u015flar\u0131n\u0131n tavsiyeleri do\u011frultusunda \u0130cra Kurulu Ba\u015fkan\u0131 ile i\u015f birli\u011fi i\u00e7inde haz\u0131rlanan bu belge, \u00c7al\u0131\u015fanlar Komitesinin mesle\u011fe, meslekta\u015flara ve i\u015fverene kar\u015f\u0131 sorumluluk ve g\u00f6revleri ile komitenin ba\u015fl\u0131ca prosed\u00fcrlerini i\u00e7ermektedir.[\/vc_column_text][\/vc_column][\/vc_row][vc_row full_width=&#8221;stretch_row_content_no_spaces&#8221; gap=&#8221;30&#8243; padding_top=&#8221;40px&#8221; padding_bottom=&#8221;20px&#8221; padding_left=&#8221;10px&#8221; padding_right=&#8221;10px&#8221; bg_type=&#8221;bg_color&#8221; bg_color_value=&#8221;rgba(247,247,247,0.8)&#8221;][vc_column width=&#8221;1\/2&#8243;]<div id=\"ultimate-heading-335469e449c0c54f6\" class=\"uvc-heading ult-adjust-bottom-margin ultimate-heading-335469e449c0c54f6 uvc-4300 \" data-hspacer=\"line_only\"  data-halign=\"left\" style=\"text-align:left\"><div class=\"uvc-main-heading ult-responsive\"  data-ultimate-target='.uvc-heading.ultimate-heading-335469e449c0c54f6 h2'  data-responsive-json-new='{\"font-size\":\"desktop:20px;\",\"line-height\":\"desktop:15px;\"}' ><h2 style=\"font-weight:normal;color:#000000;\">1. AMA\u00c7LAR<\/h2><\/div><div class=\"uvc-heading-spacer line_only\" style=\"margin-top:10px;height:3px;\"><span class=\"uvc-headings-line\" style=\"border-style:solid;border-bottom-width:3px;border-color:#69b3e7;width:100px;\"><\/span><\/div><\/div><div class=\"ult-spacer spacer-69e449c0c555c\" data-id=\"69e449c0c555c\" data-height=\"30\" data-height-mobile=\"10\" data-height-tab=\"20\" data-height-tab-portrait=\"\" data-height-mobile-landscape=\"\" style=\"clear:both;display:block;\"><\/div>[vc_column_text]ENKA Okullar\u0131 \u00c7al\u0131\u015fanlar Komitesinin ama\u00e7lar\u0131:<\/p>\n<ul style=\"list-style-type: square;\">\n<li>\u0130cra Kurulu ve Y\u00f6netim Kurulunun, \u00f6\u011fretmenler i\u00e7in \u00f6nem ta\u015f\u0131yan mesleki, sa\u011fl\u0131k ve sosyal alanlarda yapacaklar\u0131 \u00e7al\u0131\u015fmalarda, bilgilendirme ve geli\u015ftirmede bir ileti\u015fim kanal\u0131 g\u00f6revi g\u00f6rmek<\/li>\n<li>Sorunlar\u0131n \u00e7\u00f6z\u00fcm\u00fcnde ki\u015filerin ve konular\u0131n gizlili\u011fini sa\u011flamak ve desteklemek<\/li>\n<li>ENKA Okullar\u0131n\u0131n misyonunun en iyi \u015fekilde ger\u00e7ekle\u015fmesi i\u00e7in destek olmak.<\/li>\n<\/ul>\n<p>[\/vc_column_text]<div class=\"ult-spacer spacer-69e449c0c558f\" data-id=\"69e449c0c558f\" data-height=\"30\" data-height-mobile=\"20\" data-height-tab=\"20\" data-height-tab-portrait=\"20\" data-height-mobile-landscape=\"20\" style=\"clear:both;display:block;\"><\/div>[\/vc_column][vc_column width=&#8221;1\/2&#8243;]<div id=\"ultimate-heading-959569e449c0c55d6\" class=\"uvc-heading ult-adjust-bottom-margin ultimate-heading-959569e449c0c55d6 uvc-1865 \" data-hspacer=\"line_only\"  data-halign=\"left\" style=\"text-align:left\"><div class=\"uvc-main-heading ult-responsive\"  data-ultimate-target='.uvc-heading.ultimate-heading-959569e449c0c55d6 h2'  data-responsive-json-new='{\"font-size\":\"desktop:20px;\",\"line-height\":\"desktop:15px;\"}' ><h2 style=\"font-weight:normal;color:#000000;\">2. GENEL FAAL\u0130YETLER<\/h2><\/div><div class=\"uvc-heading-spacer line_only\" style=\"margin-top:10px;height:3px;\"><span class=\"uvc-headings-line\" style=\"border-style:solid;border-bottom-width:3px;border-color:#69b3e7;width:100px;\"><\/span><\/div><\/div><div class=\"ult-spacer spacer-69e449c0c5625\" data-id=\"69e449c0c5625\" data-height=\"30\" data-height-mobile=\"10\" data-height-tab=\"20\" data-height-tab-portrait=\"\" data-height-mobile-landscape=\"\" style=\"clear:both;display:block;\"><\/div>[vc_column_text]\u00c7al\u0131\u015fanlar Komitesi bu ama\u00e7lar\u0131 a\u015fa\u011f\u0131daki faaliyetlerle ger\u00e7ekle\u015ftirir:<\/p>\n<ul style=\"list-style-type: square;\">\n<li>\u00c7al\u0131\u015fanlar aras\u0131ndaki birlik ve beraberli\u011fi g\u00fc\u00e7lendirecek sosyal etkinliklerin i\u015fleyi\u015fini kontrol eder ve geli\u015fimine katk\u0131 sa\u011flar<\/li>\n<li>\u00c7al\u0131\u015fanlar\u0131n yeteneklerini geli\u015ftirmelerini ve hobilerini ya\u015famalar\u0131n\u0131 sa\u011flayacak, okul i\u00e7inde veya d\u0131\u015f\u0131nda ortamlar olu\u015fmas\u0131 i\u00e7in \u00e7al\u0131\u015f\u0131r.<\/li>\n<\/ul>\n<p>[\/vc_column_text][\/vc_column][\/vc_row][vc_row full_width=&#8221;stretch_row_content_no_spaces&#8221; gap=&#8221;30&#8243; padding_top=&#8221;20px&#8221; padding_bottom=&#8221;40px&#8221; padding_left=&#8221;10px&#8221; padding_right=&#8221;10px&#8221; bg_type=&#8221;bg_color&#8221; bg_color_value=&#8221;rgba(247,247,247,0.8)&#8221;][vc_column width=&#8221;1\/2&#8243;]<div id=\"ultimate-heading-397869e449c0c5669\" class=\"uvc-heading ult-adjust-bottom-margin ultimate-heading-397869e449c0c5669 uvc-5573 \" data-hspacer=\"line_only\"  data-halign=\"left\" style=\"text-align:left\"><div class=\"uvc-main-heading ult-responsive\"  data-ultimate-target='.uvc-heading.ultimate-heading-397869e449c0c5669 h2'  data-responsive-json-new='{\"font-size\":\"desktop:20px;\",\"line-height\":\"desktop:15px;\"}' ><h2 style=\"font-weight:normal;color:#000000;\">3. TOPLANTILAR<\/h2><\/div><div class=\"uvc-heading-spacer line_only\" style=\"margin-top:10px;height:3px;\"><span class=\"uvc-headings-line\" style=\"border-style:solid;border-bottom-width:3px;border-color:#69b3e7;width:100px;\"><\/span><\/div><\/div><div class=\"ult-spacer spacer-69e449c0c56b6\" data-id=\"69e449c0c56b6\" data-height=\"30\" data-height-mobile=\"10\" data-height-tab=\"20\" data-height-tab-portrait=\"\" data-height-mobile-landscape=\"\" style=\"clear:both;display:block;\"><\/div>[vc_column_text]\u00c7al\u0131\u015fanlar Komitesi \u015fu toplant\u0131lara kat\u0131l\u0131r:<\/p>\n<ul style=\"list-style-type: square;\">\n<li>Komite d\u00fczenli olarak ayda bir kez toplant\u0131 d\u00fczenler.<\/li>\n<li>Ayl\u0131k yap\u0131lan toplant\u0131larda konu\u015fulan konular\u0131 aktarmak \u00fczere komite olarak her ay\u0131n ay\u0131n 1. pazartesi g\u00fcn\u00fc \u0130cra Kurulu Ba\u015fkan\u0131 ile g\u00f6r\u00fc\u015f\u00fcr<\/li>\n<li>Komite \u00fcyeleri komite ama\u00e7lar\u0131na uygun davran\u0131r ve kendilerine aktar\u0131lan konularda gizlili\u011fi korumay\u0131 ama\u00e7lar.<\/li>\n<\/ul>\n<p>[\/vc_column_text]<div class=\"ult-spacer spacer-69e449c0c56e1\" data-id=\"69e449c0c56e1\" data-height=\"30\" data-height-mobile=\"20\" data-height-tab=\"20\" data-height-tab-portrait=\"20\" data-height-mobile-landscape=\"20\" style=\"clear:both;display:block;\"><\/div>[\/vc_column][vc_column width=&#8221;1\/2&#8243;]<div id=\"ultimate-heading-929269e449c0c5726\" class=\"uvc-heading ult-adjust-bottom-margin ultimate-heading-929269e449c0c5726 uvc-3436 \" data-hspacer=\"line_only\"  data-halign=\"left\" style=\"text-align:left\"><div class=\"uvc-main-heading ult-responsive\"  data-ultimate-target='.uvc-heading.ultimate-heading-929269e449c0c5726 h2'  data-responsive-json-new='{\"font-size\":\"desktop:20px;\",\"line-height\":\"desktop:15px;\"}' ><h2 style=\"font-weight:normal;color:#000000;\">4. SE\u00c7\u0130MLER<\/h2><\/div><div class=\"uvc-heading-spacer line_only\" style=\"margin-top:10px;height:3px;\"><span class=\"uvc-headings-line\" style=\"border-style:solid;border-bottom-width:3px;border-color:#69b3e7;width:100px;\"><\/span><\/div><\/div><div class=\"ult-spacer spacer-69e449c0c577b\" data-id=\"69e449c0c577b\" data-height=\"30\" data-height-mobile=\"10\" data-height-tab=\"20\" data-height-tab-portrait=\"\" data-height-mobile-landscape=\"\" style=\"clear:both;display:block;\"><\/div>[vc_column_text]<\/p>\n<ul style=\"list-style-type: square;\">\n<li>Komitede g\u00f6rev almak isteyen \u00e7al\u0131\u015fanlar A\u011fustos SITE\u2019\u0131n\u0131n ilk haftas\u0131n\u0131n sonunda adlar\u0131n\u0131 kendi birimlerinde ve okullar\u0131nda aday listesine yazd\u0131r\u0131rlar<\/li>\n<li>Se\u00e7imler her okulda ve i\u015fletme biriminde uygun g\u00f6r\u00fclen \u015fekilde ve her okuldan ve i\u015fletme biriminden birer ki\u015fi se\u00e7ilmek \u00fczere yap\u0131l\u0131r<\/li>\n<li>Komitede okulun her k\u0131sm\u0131n\u0131n (Anaokulu, ilkokul, ortaokul, lise ve \u0130\u015fletme Birimi) temsil edilmesi ve en az bir uluslararas\u0131 \u00f6\u011fretmenin yer almas\u0131 \u015fartt\u0131r<\/li>\n<li>Komite bir y\u0131ll\u0131\u011f\u0131na se\u00e7ilir.<\/li>\n<\/ul>\n<p>[\/vc_column_text][\/vc_column][\/vc_row]<\/p>\n<\/div>","protected":false},"excerpt":{"rendered":"<p>[vc_row padding_left=&#8221;20px&#8221; padding_right=&#8221;20px&#8221; bg_type=&#8221;bg_color&#8221; enable_overlay=&#8221;off&#8221; bg_color_value=&#8221;rgba(247,247,247,0.8)&#8221;][vc_column][vc_row_inner][vc_column_inner width=&#8221;1\/6&#8243;][\/vc_column_inner][vc_column_inner width=&#8221;2\/3&#8243;][\/vc_column_inner][vc_column_inner width=&#8221;1\/6&#8243;][\/vc_column_inner][\/vc_row_inner][\/vc_column][\/vc_row][vc_row full_width=&#8221;stretch_row_content_no_spaces&#8221; gap=&#8221;30&#8243; padding_top=&#8221;40px&#8221; padding_bottom=&#8221;40px&#8221; padding_left=&#8221;10px&#8221; padding_right=&#8221;10px&#8221; bg_type=&#8221;bg_color&#8221; bg_color_value=&#8221;rgba(247,247,247,0.8)&#8221;][vc_column padding_right=&#8221;10px&#8221;][vc_column_text] Ama\u00e7lar ve Organizasyon Y\u00f6nergeleri \u00c7al\u0131\u015fanlar Komitesinin misyonu \u00e7al\u0131\u015fanlar, \u0130cra Kurulu ve Y\u00f6netim Kurulu aras\u0131ndaki anlay\u0131\u015f\u0131 geli\u015ftiren bir ileti\u015fim kanal\u0131 g\u00f6revi g\u00f6rmektir. Y\u00f6netim yap\u0131s\u0131ndan ba\u011f\u0131ms\u0131z olan \u00c7al\u0131\u015fanlar Komitesi, ayr\u0131ca hem \u00f6\u011fretmenlerin kendi aralar\u0131nda hem de \u00f6\u011fretmenler, destek tak\u0131m\u0131, i\u015fletme ofisi ve okul y\u00f6netimi aras\u0131nda olumlu ili\u015fkiler geli\u015ftirmek i\u00e7in&#8230;<\/p>\n","protected":false},"author":1,"featured_media":6305,"parent":0,"menu_order":0,"comment_status":"closed","ping_status":"closed","template":"","meta":{"_acf_changed":false,"inline_featured_image":false,"footnotes":""},"class_list":["post-6304","page","type-page","status-publish","has-post-thumbnail","hentry","custom-post-type-entry"],"aioseo_notices":[],"acf":[],"_links":{"self":[{"href":"https:\/\/www.enka.k12.tr\/istanbul\/tr\/wp-json\/wp\/v2\/pages\/6304","targetHints":{"allow":["GET"]}}],"collection":[{"href":"https:\/\/www.enka.k12.tr\/istanbul\/tr\/wp-json\/wp\/v2\/pages"}],"about":[{"href":"https:\/\/www.enka.k12.tr\/istanbul\/tr\/wp-json\/wp\/v2\/types\/page"}],"author":[{"embeddable":true,"href":"https:\/\/www.enka.k12.tr\/istanbul\/tr\/wp-json\/wp\/v2\/users\/1"}],"replies":[{"embeddable":true,"href":"https:\/\/www.enka.k12.tr\/istanbul\/tr\/wp-json\/wp\/v2\/comments?post=6304"}],"version-history":[{"count":0,"href":"https:\/\/www.enka.k12.tr\/istanbul\/tr\/wp-json\/wp\/v2\/pages\/6304\/revisions"}],"wp:featuredmedia":[{"embeddable":true,"href":"https:\/\/www.enka.k12.tr\/istanbul\/tr\/wp-json\/wp\/v2\/media\/6305"}],"wp:attachment":[{"href":"https:\/\/www.enka.k12.tr\/istanbul\/tr\/wp-json\/wp\/v2\/media?parent=6304"}],"curies":[{"name":"wp","href":"https:\/\/api.w.org\/{rel}","templated":true}]}}