{"id":6408,"date":"2017-02-16T10:53:16","date_gmt":"2017-02-16T07:53:16","guid":{"rendered":"https:\/\/www.enka.com\/foundation\/schools\/istanbul\/home\/personel\/vacancies\/"},"modified":"2026-02-13T10:39:02","modified_gmt":"2026-02-13T07:39:02","slug":"insan-kaynaklari","status":"publish","type":"page","link":"https:\/\/www.enka.k12.tr\/istanbul\/tr\/insan-kaynaklari\/","title":{"rendered":"\u0130NSAN KAYNAKLARI"},"content":{"rendered":"<div class=\"wpb-content-wrapper\"><p>[vc_row padding_left=&#8221;20px&#8221; padding_right=&#8221;20px&#8221; bg_type=&#8221;bg_color&#8221; enable_overlay=&#8221;off&#8221; bg_color_value=&#8221;rgba(247,247,247,0.8)&#8221;][vc_column]<div class=\"ult-spacer spacer-69e44ca4767e1\" data-id=\"69e44ca4767e1\" data-height=\"30\" data-height-mobile=\"10\" data-height-tab=\"20\" data-height-tab-portrait=\"\" data-height-mobile-landscape=\"\" style=\"clear:both;display:block;\"><\/div><div id=\"ultimate-heading-403969e44ca476afd\" class=\"uvc-heading ult-adjust-bottom-margin ultimate-heading-403969e44ca476afd uvc-9701 \" data-hspacer=\"line_with_icon\" data-hline_width=\"auto\" data-hicon_type=\"custom\" data-hborder_style=\"solid\" data-hborder_height=\"3\" data-hborder_color=\"#69b3e7\" data-icon_width=\"200\" data-hfixer=\"30\"  data-halign=\"center\" style=\"text-align:center\"><div class=\"uvc-heading-spacer line_with_icon\" style=\"top\"><div class=\"ult-just-icon-wrapper  \"><div class=\"align-icon\" style=\"text-align:center;\">\n<div class=\"aio-icon-img \" style=\"font-size:200px;display:inline-block;\" >\n\t<img decoding=\"async\" class=\"img-icon\" alt=\"null\" src=\"https:\/\/www.enka.k12.tr\/istanbul\/wp-content\/uploads\/2021\/01\/enka_schools_log_newtr.jpg\"\/>\n<\/div><\/div><\/div><\/div><\/div>[\/vc_column][\/vc_row][vc_column]<div class=\"ult-spacer spacer-69e44ca476b59\" data-id=\"69e44ca476b59\" data-height=\"30\" data-height-mobile=\"10\" data-height-tab=\"20\" data-height-tab-portrait=\"\" data-height-mobile-landscape=\"\" style=\"clear:both;display:block;\"><\/div>[\/vc_column][vc_row][vc_column][vc_column_text]<strong>ENKA Okullar\u0131&#8217;nda i\u015fe al\u0131mlar y\u0131l boyu devam eder. Her bran\u015ftan yetenekli \u00f6\u011fretmenlerin ba\u015fvurular\u0131n\u0131 bekliyoruz. <\/strong><\/p>\n<p>A\u015fa\u011f\u0131daki niteliklere sahip \u00f6\u011fretmenlerle \u00e7al\u0131\u015fmay\u0131 bekliyoruz:<\/p>\n<p>\u2022\u00a0Yarat\u0131c\u0131, yeni fikirlere a\u00e7\u0131k, istekli tak\u0131m oyuncular\u0131<br \/>\n\u2022\u00a0\u0130ngilizce ileti\u015fim kurabilen<br \/>\n\u2022\u00a0G\u00fc\u00e7l\u00fc ileti\u015fim ve sunum becerilerine sahip<br \/>\n\u2022 Tercihen Uluslararas\u0131 Bakalorya (IB) ve\/veya Advanced Placement (AP) programlar\u0131 konusunda bilgili\/deneyimli<\/p>\n<p>Kriterlere uygun adaylar\u0131n \u00f6zge\u00e7mi\u015flerini\u00a0<span style=\"text-decoration: underline;\"><strong>hr@enka.k12.tr <\/strong><\/span>adresine<span style=\"text-decoration: underline;\"><strong>, <\/strong><em>ba\u015fvurdu\u011fu bran\u015f\u0131 konu b\u00f6l\u00fcm\u00fcne yazarak g\u00f6ndermeleri gerekmektedir.<\/em><\/span><\/p>\n<p>Bir okulun ilk ve en \u00f6nemli amac\u0131, \u00e7ocuklar i\u00e7in g\u00fcvenli bir ortam sunmakt\u0131r. \u0130stanbul ENKA Okullar\u0131, i\u015fe al\u0131m s\u00fcre\u00e7lerinde \u00e7ocuk koruma ba\u011flam\u0131nda en y\u00fcksek standartlar\u0131 sa\u011flamaktad\u0131r. Uluslararas\u0131 \u00c7ocuklar\u0131 Koruma Birli\u011finin \u00f6nerileri ekseninde, \u0130stanbul ENKA Okullar\u0131 \u00e7al\u0131\u015fanlar\u0131 okulun<b>\u00a0\u00a0<span style=\"text-decoration: underline;\">Etik ve Davran\u0131\u015f Kurallar\u0131na<\/span><\/b><span style=\"text-decoration: underline;\">,\u00a0<b>Birle\u015fmi\u015f Milletlerin \u00c7ocuk Haklar\u0131 S\u00f6zle\u015fmesine<\/b><\/span>\u00a0ve\u00a0<span style=\"text-decoration: underline;\"><b>Council of International Schools\u2019un \u00c7ocuklar\u0131 Koruma standartlar\u0131na<\/b>\u00a0<\/span>ba\u011fl\u0131 kalmaktad\u0131r.<\/p>\n<p>Bu pozisyona ba\u015fvuran adaylar, a\u015fa\u011f\u0131da yer alan maddeleri tan\u0131d\u0131\u011f\u0131n\u0131 ve kabul etti\u011fini beyan eder:<\/p>\n<p>-aday daha \u00f6nce hi\u00e7 \u00e7ocuk istismar\u0131 ile alakas\u0131 bir su\u00e7 i\u015flemedi;<br \/>\n-aday daha \u00f6nce hi\u00e7 \u00e7ocuk istismar\u0131 kabul edilebilecek bir olaya dahil olmad\u0131 veya bir olayla su\u00e7lanmad\u0131;<br \/>\n-adaylar benzer bir su\u00e7a hi\u00e7 dahil olmam\u0131\u015f veya bilinen bir istismar olay\u0131n\u0131 gizlemede su\u00e7 ortakl\u0131\u011f\u0131 yapmam\u0131\u015ft\u0131r.<\/p>\n<p><strong>ENKA Okullar\u0131 sigaras\u0131z bir kamp\u00fcs alan\u0131d\u0131r. Sigara kullanmayan adaylar\u0131n ba\u015fvuru yapmas\u0131n\u0131 \u00f6nemle rica ederiz.<\/strong><\/p>\n<p>T\u00fcm pozisyonlar i\u00e7in, l\u00fctfen buraya ba\u015fvurunuz.[\/vc_column_text][vc_btn title=&#8221;BA\u015eVUR&#8221; color=&#8221;primary&#8221; link=&#8221;url:https%3A%2F%2Fwww.enka.k12.tr%2Fistanbul%2Fenka-okullari-istanbul-kariyer%2F&#8221;]<div class=\"ult-spacer spacer-69e44ca476b91\" data-id=\"69e44ca476b91\" data-height=\"30\" data-height-mobile=\"10\" data-height-tab=\"20\" data-height-tab-portrait=\"\" data-height-mobile-landscape=\"\" style=\"clear:both;display:block;\"><\/div>[vc_tta_accordion style=&#8221;flat&#8221; shape=&#8221;square&#8221; color=&#8221;sky&#8221; gap=&#8221;3&#8243; active_section=&#8221;0&#8243; no_fill=&#8221;true&#8221; collapsible_all=&#8221;true&#8221;][vc_tta_section title=&#8221;Fen ve Teknoloji Lisesi M\u00fcd\u00fcr Yard\u0131mc\u0131s\u0131&#8221; tab_id=&#8221;1768291296628-f2df8776-3d2c&#8221;][vc_column_text]FTL M\u00fcd\u00fcr Yard\u0131mc\u0131s\u0131 G\u00f6rev \u015eartlar\u0131:<br \/>\n-MEB \u00f6zel okullarda m\u00fcd\u00fcr yard\u0131mc\u0131s\u0131 atama \u015fartlar\u0131n\u0131 ta\u015f\u0131mak,<br \/>\n-Cumartesi g\u00fcnleri devam edecek okul \u00e7al\u0131\u015fmalar\u0131na kat\u0131lmak,<br \/>\n-Gerekli ak\u015famlarda ve ara tatillerde \u00f6\u011frenci \u00e7al\u0131\u015fmalar\u0131na refakat edebilmek,<br \/>\n-\u00d6\u011frencilerin olimpiyat, proje, TEKNOFEST ve YKS \u00e7al\u0131\u015fmalar\u0131n\u0131 yak\u0131ndan takip etmek,<br \/>\n-Okul tan\u0131t\u0131m\u0131nda ve \u00f6\u011frenci kay\u0131tlar\u0131nda aktif g\u00f6rev almak,<br \/>\n-Olimpiyat, proje, robot, sosyal etkinlik ve benzeri \u00e7al\u0131\u015fmalarda \u00f6\u011frencilere refakat etmek,<br \/>\n-Mill\u00ee E\u011fitim mevzuat\u0131n\u0131 yak\u0131ndan takip etmek, e\u011fitim faaliyetlerinde gerekli tedbirleri almak,<br \/>\n-e-Okul idari s\u00fcre\u00e7lerini yerine getirmek,<br \/>\n-ISO kalite y\u00f6netim sistemi \u00e7al\u0131\u015fmalar\u0131na yatk\u0131n olmak,<br \/>\n-Office programlar\u0131n\u0131 etkin \u015fekilde kullanabilmek,<br \/>\n-Tercihen ara\u00e7 kullanabilmek<\/p>\n<p>M\u00fcracaat etmek isteyen adaylar\u0131n \u00f6zge\u00e7mi\u015flerini (CV) ekleyerek <strong>istanbulenkaftl@enka.k12.tr<\/strong> adresine g\u00f6ndermelerini rica ederiz.[\/vc_column_text][\/vc_tta_section][vc_tta_section title=&#8221;Fen ve Teknoloji Lisesi i\u00e7in T\u00fcm Pozisyonlar&#8221; tab_id=&#8221;1770967774985-44bc408f-7d51&#8243;][vc_column_text]2026-2027 e\u011fitim \u00f6\u011fretim y\u0131l\u0131nda e\u011fitime ba\u015flayacak \u0130stanbul \u00d6zel ENKA Fen ve Teknoloji Lisemize, a\u015fa\u011f\u0131da belirtilen \u015fartlarda g\u00f6rev alabilecek \u00f6\u011fretmen ba\u015fvurular\u0131 al\u0131nacakt\u0131r.<\/p>\n<p>\u0130stenen \u00d6zellik ve Yetkinlikler<br \/>\n-Kendi bran\u015f\u0131nda MEB \u00f6\u011fretmen atama \u015fartlar\u0131n\u0131 ta\u015f\u0131mak,<br \/>\n-Cumartesi g\u00fcnleri devam edecek okul \u00e7al\u0131\u015fmalar\u0131na kat\u0131lmak,<br \/>\n-Gerekli ak\u015famlarda ve ara tatillerde \u00f6\u011frenci \u00e7al\u0131\u015fmalar\u0131na refakat edebilmek,<br \/>\n-Olimpiyat, proje, robot, sosyal etkinlik ve benzeri \u00e7al\u0131\u015fmalarda \u00f6\u011frencilere refakat etmek,<br \/>\n-ISO kalite y\u00f6netim sistemi \u00e7al\u0131\u015fmalar\u0131na yatk\u0131n olmak,<br \/>\n-Office programlar\u0131n\u0131 ve e\u011fitim teknolojilerini etkin \u015fekilde kullanabilmek,<br \/>\n-Erkek adaylarda askerlik g\u00f6revini yapm\u0131\u015f olmak.<\/p>\n<p>M\u00fcracaat etmek isteyen adaylar\u0131n \u00f6zge\u00e7mi\u015flerini (CV) ekleyerek <span style=\"color: #3366ff;\"><strong>istanbulenkaftl@enka.k12.tr<\/strong> <\/span>adresine g\u00f6ndermelerini rica ederiz.[\/vc_column_text][\/vc_tta_section][vc_tta_section title=&#8221;Anadolu Lisesi i\u00e7in T\u00fcm Pozisyonlar&#8221; tab_id=&#8221;1770968211816-be50d1cd-e232&#8243;][vc_column_text]2026 &#8211; 2027 e\u011fitim \u00f6\u011fretim y\u0131l\u0131nda \u0130stanbul \u00d6zel ENKA Anadolu Lisemize, a\u015fa\u011f\u0131da belirtilen \u015fartlarda g\u00f6rev alabilecek \u00f6\u011fretmen ba\u015fvurular\u0131 al\u0131nacakt\u0131r.<\/p>\n<p>\u0130stenen \u00d6zellik ve Yetkinlikler<br \/>\n-Kendi bran\u015f\u0131nda MEB \u00f6\u011fretmen atama \u015fartlar\u0131n\u0131 ta\u015f\u0131mak,<br \/>\n-\u00d6\u011frencilerin akademik ve e\u011fitsel geli\u015fimlerini yak\u0131ndan takip etmek,<br \/>\n-Sosyal etkinlik, kul\u00fcp \u00e7al\u0131\u015fmalar\u0131, toplum hizmeti \u00e7al\u0131\u015fmalar\u0131, proje, TEKNOFEST ve benzeri alanlarda kendi bran\u015f\u0131 ile ilgili olan \u00e7al\u0131\u015fmalara etkin kat\u0131l\u0131m sa\u011flamak,<br \/>\n-ISO kalite y\u00f6netim sistemi \u00e7al\u0131\u015fmalar\u0131na yatk\u0131n olmak,<br \/>\n-E\u011fitim teknolojilerini etkin \u015fekilde kullanabilmek,<br \/>\n-Erkek adaylarda askerlik g\u00f6revini yapm\u0131\u015f olmak.<\/p>\n<p>M\u00fcracaat etmek isteyen adaylar\u0131n \u00f6zge\u00e7mi\u015flerini (CV) ekleyerek <span style=\"color: #3366ff;\"><strong>hr@enka.k12.tr<\/strong> <\/span>adresine g\u00f6ndermelerini rica ederiz.[\/vc_column_text][\/vc_tta_section][vc_tta_section title=&#8221;K\u0130\u015e\u0130SEL VER\u0130LERE \u0130L\u0130\u015eK\u0130N AYDINLATMA B\u0130LD\u0130R\u0130M\u0130 (ADAY PERSONEL)&#8221; tab_id=&#8221;1768291405506-85907ff2-1382&#8243;][vc_column_text]ENKA SPOR E\u011e\u0130T\u0130M VE SOSYAL YARDIM VAKFI \u0130\u015eLETMES\u0130 (ENKA) Veri Sorumlusu olarak; siz \u00c7al\u0131\u015fan Adaylar\u0131n\u0131n i\u015f ba\u015fvuru s\u00fcrecinde \u0130\u015fletmemiz ile payla\u015ft\u0131\u011f\u0131 ve\/veya \u0130nsan Kaynaklar\u0131 Platformlar\u0131nda mevcut \u00f6zge\u00e7mi\u015f ve bilgilerinize ili\u015fkin ki\u015fisel verilerinizi korumada en y\u00fcksek seviyede hassasiyet g\u00f6stermekte ve ki\u015fisel verilerin 6698 say\u0131l\u0131 Ki\u015fisel Verilerin Korunmas\u0131 Kanunu\u2019na uygun olarak i\u015flenerek, muhafaza edilmesine b\u00fcy\u00fck \u00f6nem vermekteyiz.<\/p>\n<p>\u0130\u015fletmemiz; \u00c7al\u0131\u015fan Aday\u0131 olarak i\u015f ba\u015fvurusu yaparken \u0130\u015fletmemize iletmi\u015f oldu\u011funuz ve\/veya \u0130nsan Kaynaklar\u0131 Platformlar\u0131 vas\u0131tas\u0131 ile \u0130\u015fletmemize iletilen, kanunun ki\u015fisel veri olarak belirledi\u011fi kimlik bilgilerinizi, ileti\u015fim bilgilerinizi, ya\u015f, cinsiyet, sa\u011fl\u0131k bilgilerinizi, medeni hal, \u00fclke gibi demografik verilerinizin yan\u0131 s\u0131ra, e\u011fitim durumunuz, \u00e7al\u0131\u015fma deneyiminize ili\u015fkin bilgiler, kat\u0131ld\u0131\u011f\u0131n\u0131z seminer ve i\u015f i\u00e7i e\u011fitimlere ili\u015fkin verileri hukuka uygun olarak i\u015flenmekte ve ancak ENKA \u00e7al\u0131\u015fma kriterlerine uygun olman\u0131z ve istihdam g\u00fcc\u00fcn\u00fcze ihtiya\u00e7 duyulmas\u0131 ihtimaline binaen saklanmaktad\u0131r.<\/p>\n<p>\u0130\u015f ba\u015fvurusu s\u0131ras\u0131nda ENKA nezdinde \u00e7al\u0131\u015fma amac\u0131 ile ki\u015fisel verileriniz aras\u0131nda yer alan \u00f6zge\u00e7mi\u015f, kimlik fotokopileri, sa\u011fl\u0131k raporlar\u0131, ki\u015filik testleri, adli sicil kay\u0131tlar\u0131 taraf\u0131n\u0131zca \u0130\u015fletmemize iletilmekte ya da daha \u00f6nce verilerinizi payla\u015fm\u0131\u015f oldu\u011funuz ba\u015fl\u0131ca \u0130nsan Kaynaklar\u0131 Platformlar\u0131 vas\u0131tas\u0131 ile \u0130\u015fletmemize aktar\u0131lmaktad\u0131r. \u00c7al\u0131\u015fan Adaylar\u0131 olarak sizlerin ki\u015fisel verileri, s\u00f6z konusu bilgileri \u0130\u015fletmemize iletme amac\u0131n\u0131za paralel olarak \u0130\u015fletmemiz nezdinde a\u00e7\u0131k bulunan ya da ileride a\u00e7\u0131labilecek pozisyonlara istihdam sa\u011flanmas\u0131 me\u015fru amac\u0131 \u00e7er\u00e7evesinde, sizlerin ki\u015fisel hak ve \u00f6zg\u00fcrl\u00fcklerinize maksimum \u00f6zen g\u00f6sterilmek suretiyle elde edilmekte ve saklanmaktad\u0131r. S\u00f6z konusu veriler ilgili \u00f6zge\u00e7mi\u015fin \u0130\u015fletmemize iletilmesini m\u00fcteakip 3 y\u0131l boyunca saklanacak, i\u015flenecek daha sonras\u0131nda ise silinecektir. \u0130\u015f ba\u015fvurunuz sebebi ile ki\u015fisel verilerinizin hukuka ayk\u0131r\u0131 olarak i\u015flenmemesi ve eri\u015filmemesi i\u00e7in gerekli g\u00fcvenlik \u00f6nlemleri tan\u0131mlanm\u0131\u015f ve bu verilere eri\u015fimi olan personelin kanuna ayk\u0131r\u0131 olarak ba\u015fkas\u0131na a\u00e7\u0131klamamas\u0131 ve i\u015fleme alan\u0131 d\u0131\u015f\u0131nda kullanmamas\u0131 amac\u0131yla yetki s\u0131n\u0131rland\u0131rmas\u0131, gizlilik s\u00f6zle\u015fmesi imzalanmas\u0131 gibi gerekli idari ve teknik tedbirler al\u0131nm\u0131\u015ft\u0131r.<\/p>\n<p>Bu kapsamda; 6698 say\u0131l\u0131 Ki\u015fisel Verilerin Korunmas\u0131 Kanunu\u2019nun 11. maddesi do\u011frultusunda ki\u015fisel verileriniz \u00fczerinde sahip oldu\u011funuz haklar\u0131n\u0131z\u0131 kullanmak i\u00e7in i\u015fletmemize <a href=\"mailto:enka.lisesi@hs03.kep.tr\">enka.lisesi@hs03.kep.tr<\/a>, <a href=\"mailto:enka.ortaokulu@hs01.kep.tr\">enka.ortaokulu@hs03.kep.tr<\/a>, <a href=\"mailto:enka.ilkokulu@hs03.kep.tr\">enka.ilkokulu@hs03.kep.tr<\/a>, <a href=\"mailto:enka.anaokulu@hs03.kep.tr\">enka.anaokulu@hs03.kep.tr<\/a> e-posta adreslerinden ba\u015fvurarak;<\/p>\n<ul>\n<li>Ki\u015fisel verilerinizin korunmas\u0131na y\u00f6nelik haklar\u0131n\u0131z hakk\u0131nda ayr\u0131nt\u0131l\u0131 bilgi alabilir,<\/li>\n<li>Ki\u015fisel verilerinizin i\u015flenip i\u015flenmedi\u011fini \u00f6\u011frenebilir,<\/li>\n<li>Ki\u015fisel verileriniz i\u015flenmi\u015fse bilgi talep edebilir,<\/li>\n<li>Ki\u015fisel verinin i\u015flenme amac\u0131n\u0131 ve bu amaca uygun kullan\u0131l\u0131p kullan\u0131lmad\u0131\u011f\u0131n\u0131 \u00f6\u011frenebilir,<\/li>\n<li>Ki\u015fisel verinin aktar\u0131l\u0131p aktar\u0131lmad\u0131\u011f\u0131n\u0131, aktar\u0131lm\u0131\u015fsa aktar\u0131m yap\u0131lan 3. ki\u015fileri \u00f6\u011frenebilir,<\/li>\n<li>Ki\u015fisel veriler eksik ya da yanl\u0131\u015f i\u015flenmi\u015fse d\u00fczeltilmesini talep edebilir,<\/li>\n<li>Mevzuatta \u00f6ng\u00f6r\u00fclen \u015fartlar \u00e7er\u00e7evesinde silinmesini isteyebilir,<\/li>\n<li>Aktar\u0131m yap\u0131lan 3. ki\u015filere ki\u015fisel verilerin d\u00fczeltilmesinin, silinmesinin iletilmesini talep edebilir,<\/li>\n<li>Kanuna ayk\u0131r\u0131 olarak i\u015flenmesi sebebiyle zarara u\u011framan\u0131z h\u00e2linde zarar\u0131n giderilmesini talep edebilirsiniz.<\/li>\n<\/ul>\n<p><strong>K\u0130\u015e\u0130SEL VER\u0130 SAH\u0130PLER\u0130N\u0130N \u0130STEK VE TALEPLER\u0130<\/strong><\/p>\n<p>ENKA, KVK Kanunu\u2019nun 10. maddesine uygun olarak ki\u015fisel veri sahibinin haklar\u0131n\u0131 kendisine bildirmekte, bu haklar\u0131n nas\u0131l kullan\u0131laca\u011f\u0131 konusunda ki\u015fisel veri sahibine yol g\u00f6stermektedir. ENKA, ki\u015fisel veri sahiplerinin haklar\u0131n\u0131n de\u011ferlendirilmesi ve ki\u015fisel veri sahiplerine gereken bilgilendirmenin yap\u0131lmas\u0131 i\u00e7in KVK Kanunu\u2019nun 13. maddesine uygun olarak gerekli kanallar\u0131, i\u00e7 i\u015fleyi\u015fi, idari ve teknik d\u00fczenlemeleri y\u00fcr\u00fctmektedir.<\/p>\n<p>Bu minvalde, ki\u015fisel veri sahipleri, ENKA Ki\u015fisel Verilerin Korunmas\u0131 ve \u0130\u015flenmesi Politikas\u0131\u2019\u0131nda belirtilen haklar\u0131na ili\u015fkin taleplerini; Kimliklerini tespit edecek bilgi ve belgelerle ve <a href=\"https:\/\/www.enka.k12.tr\">www.enka.k12.tr<\/a> adresinde bulunan formu doldurularak, formda belirtilen veya Ki\u015fisel Verileri Koruma Kurulu\u2019nun belirledi\u011fi di\u011fer y\u00f6ntemlerle Veri Sahibi Ki\u015fisel Bilgi Ba\u015fvuru Formu\u2019nu doldurup imzalayarak ENKA\u2019ya iletebileceklerdir.<\/p>\n<p>Ki\u015fisel veri sahipleri ad\u0131na \u00fc\u00e7\u00fcnc\u00fc ki\u015filerin ba\u015fvuru talebinde bulunabilmesi i\u00e7in veri sahibi taraf\u0131ndan ba\u015fvuruda bulunacak ki\u015fi ad\u0131na, noter kanal\u0131yla d\u00fczenlenmi\u015f \u00f6zel vek\u00e2letname bulunmal\u0131d\u0131r.[\/vc_column_text][\/vc_tta_section][\/vc_tta_accordion][\/vc_column][\/vc_row]<\/p>\n<\/div>","protected":false},"excerpt":{"rendered":"<p>[vc_row padding_left=&#8221;20px&#8221; padding_right=&#8221;20px&#8221; bg_type=&#8221;bg_color&#8221; enable_overlay=&#8221;off&#8221; bg_color_value=&#8221;rgba(247,247,247,0.8)&#8221;][vc_column][\/vc_column][\/vc_row][vc_column][\/vc_column][vc_row][vc_column][vc_column_text]ENKA Okullar\u0131&#8217;nda i\u015fe al\u0131mlar y\u0131l boyu devam eder. Her bran\u015ftan yetenekli \u00f6\u011fretmenlerin ba\u015fvurular\u0131n\u0131 bekliyoruz. A\u015fa\u011f\u0131daki niteliklere sahip \u00f6\u011fretmenlerle \u00e7al\u0131\u015fmay\u0131 bekliyoruz: \u2022\u00a0Yarat\u0131c\u0131, yeni fikirlere a\u00e7\u0131k, istekli tak\u0131m oyuncular\u0131 \u2022\u00a0\u0130ngilizce ileti\u015fim kurabilen \u2022\u00a0G\u00fc\u00e7l\u00fc ileti\u015fim ve sunum becerilerine sahip \u2022 Tercihen Uluslararas\u0131 Bakalorya (IB) ve\/veya Advanced Placement (AP) programlar\u0131 konusunda bilgili\/deneyimli Kriterlere uygun adaylar\u0131n \u00f6zge\u00e7mi\u015flerini\u00a0hr@enka.k12.tr adresine, ba\u015fvurdu\u011fu bran\u015f\u0131 konu b\u00f6l\u00fcm\u00fcne yazarak g\u00f6ndermeleri gerekmektedir&#8230;.<\/p>\n","protected":false},"author":1,"featured_media":7225,"parent":0,"menu_order":0,"comment_status":"closed","ping_status":"closed","template":"","meta":{"_acf_changed":false,"inline_featured_image":false,"footnotes":""},"class_list":["post-6408","page","type-page","status-publish","has-post-thumbnail","hentry","custom-post-type-entry"],"aioseo_notices":[],"acf":[],"_links":{"self":[{"href":"https:\/\/www.enka.k12.tr\/istanbul\/tr\/wp-json\/wp\/v2\/pages\/6408","targetHints":{"allow":["GET"]}}],"collection":[{"href":"https:\/\/www.enka.k12.tr\/istanbul\/tr\/wp-json\/wp\/v2\/pages"}],"about":[{"href":"https:\/\/www.enka.k12.tr\/istanbul\/tr\/wp-json\/wp\/v2\/types\/page"}],"author":[{"embeddable":true,"href":"https:\/\/www.enka.k12.tr\/istanbul\/tr\/wp-json\/wp\/v2\/users\/1"}],"replies":[{"embeddable":true,"href":"https:\/\/www.enka.k12.tr\/istanbul\/tr\/wp-json\/wp\/v2\/comments?post=6408"}],"version-history":[{"count":5,"href":"https:\/\/www.enka.k12.tr\/istanbul\/tr\/wp-json\/wp\/v2\/pages\/6408\/revisions"}],"predecessor-version":[{"id":39156,"href":"https:\/\/www.enka.k12.tr\/istanbul\/tr\/wp-json\/wp\/v2\/pages\/6408\/revisions\/39156"}],"wp:featuredmedia":[{"embeddable":true,"href":"https:\/\/www.enka.k12.tr\/istanbul\/tr\/wp-json\/wp\/v2\/media\/7225"}],"wp:attachment":[{"href":"https:\/\/www.enka.k12.tr\/istanbul\/tr\/wp-json\/wp\/v2\/media?parent=6408"}],"curies":[{"name":"wp","href":"https:\/\/api.w.org\/{rel}","templated":true}]}}