{"id":6524,"date":"2017-02-16T10:10:10","date_gmt":"2017-02-16T07:10:10","guid":{"rendered":"https:\/\/www.enka.com\/foundation\/schools\/istanbul\/home\/hizli-linkler\/lunch-menu\/"},"modified":"2026-04-01T08:29:26","modified_gmt":"2026-04-01T05:29:26","slug":"yemek-menusu","status":"publish","type":"page","link":"https:\/\/www.enka.k12.tr\/istanbul\/tr\/hizli-linkler\/yemek-menusu\/","title":{"rendered":"YEMEK MEN\u00dcS\u00dc"},"content":{"rendered":"<div class=\"wpb-content-wrapper\"><p>[vc_row padding_left=&#8221;20px&#8221; padding_right=&#8221;20px&#8221; bg_type=&#8221;bg_color&#8221; enable_overlay=&#8221;off&#8221; bg_color_value=&#8221;rgba(247,247,247,0.8)&#8221;][vc_column]<div class=\"ult-spacer spacer-69e44c6101282\" data-id=\"69e44c6101282\" data-height=\"30\" data-height-mobile=\"10\" data-height-tab=\"20\" data-height-tab-portrait=\"\" data-height-mobile-landscape=\"\" style=\"clear:both;display:block;\"><\/div>[vc_row_inner][vc_column_inner width=&#8221;1\/6&#8243;][\/vc_column_inner][vc_column_inner width=&#8221;2\/3&#8243;]<div id=\"ultimate-heading-885469e44c61014d9\" class=\"uvc-heading ult-adjust-bottom-margin ultimate-heading-885469e44c61014d9 uvc-4075 \" data-hspacer=\"line_with_icon\" data-hline_width=\"auto\" data-hicon_type=\"custom\" data-hborder_style=\"solid\" data-hborder_height=\"3\" data-hborder_color=\"#69b3e7\" data-icon_width=\"200\" data-hfixer=\"30\"  data-halign=\"center\" style=\"text-align:center\"><div class=\"uvc-heading-spacer line_with_icon\" style=\"top\"><div class=\"ult-just-icon-wrapper  \"><div class=\"align-icon\" style=\"text-align:center;\">\n<div class=\"aio-icon-img \" style=\"font-size:200px;display:inline-block;\" >\n\t<img decoding=\"async\" class=\"img-icon\" alt=\"null\" src=\"https:\/\/www.enka.k12.tr\/istanbul\/wp-content\/uploads\/2021\/01\/enka_schools_log_newtr.jpg\"\/>\n<\/div><\/div><\/div><\/div><\/div>[\/vc_column_inner][vc_column_inner width=&#8221;1\/6&#8243;][\/vc_column_inner][\/vc_row_inner]<div class=\"ult-spacer spacer-69e44c610152d\" data-id=\"69e44c610152d\" data-height=\"30\" data-height-mobile=\"10\" data-height-tab=\"20\" data-height-tab-portrait=\"\" data-height-mobile-landscape=\"\" style=\"clear:both;display:block;\"><\/div><div id=\"ultimate-heading-790669e44c6101580\" class=\"uvc-heading ult-adjust-bottom-margin ultimate-heading-790669e44c6101580 uvc-8404 \" data-hspacer=\"line_only\"  data-halign=\"left\" style=\"text-align:left\"><div class=\"uvc-sub-heading ult-responsive\"  data-ultimate-target='.uvc-heading.ultimate-heading-790669e44c6101580 .uvc-sub-heading '  data-responsive-json-new='{\"font-size\":\"desktop:18px;tablet:17px;tablet_portrait:16px;mobile_landscape:15px;mobile:14px;\",\"line-height\":\"desktop:40px;tablet:38px;tablet_portrait:36px;mobile_landscape:34px;mobile:32px;\"}'  style=\"font-weight:bold;color:#000000;\"><span style=\"font-size: 24pt;\">Kahvalt\u0131 ve \u00d6\u011fle Yeme\u011fi <span style=\"color: #69b3e7;\">Men\u00fcs\u00fc<\/span><\/span><\/div><div class=\"uvc-heading-spacer line_only\" style=\"margin-top:10px;height:3px;\"><span class=\"uvc-headings-line\" style=\"border-style:solid;border-bottom-width:3px;border-color:#69b3e7;width:100px;\"><\/span><\/div><\/div><div class=\"ult-spacer spacer-69e44c61015be\" data-id=\"69e44c61015be\" data-height=\"30\" data-height-mobile=\"10\" data-height-tab=\"20\" data-height-tab-portrait=\"\" data-height-mobile-landscape=\"\" style=\"clear:both;display:block;\"><\/div><div class=\"ult-spacer spacer-69e44c61015e9\" data-id=\"69e44c61015e9\" data-height=\"30\" data-height-mobile=\"10\" data-height-tab=\"20\" data-height-tab-portrait=\"\" data-height-mobile-landscape=\"\" style=\"clear:both;display:block;\"><\/div>[vc_row_inner][vc_column_inner width=&#8221;1\/3&#8243;]<div class=\"aio-icon-component    style_2\"><a class=\"aio-icon-box-link\" href=\"https:\/\/www.enka.k12.tr\/istanbul\/wp-content\/uploads\/2026\/04\/MENU-ANAOKULU-NISAN-2026_TR.pdf\" title=\"Nisan 2026-Anaokulu Men\u00fc\" target=\"_blank\" rel=\"noopener\" ><div id=\"Info-box-wrap-4788\" class=\"aio-icon-box top-icon\" style=\"\"  ><div class=\"aio-icon-top\"><div class=\"ult-just-icon-wrapper  \"><div class=\"align-icon\" style=\"text-align:center;\">\n<div class=\"aio-icon square \"  style=\"color:#ffffff;background:#69b3e7;font-size:32px;display:inline-block;\">\n\t<i class=\"Defaults-download\"><\/i>\n<\/div><\/div><\/div><\/div><div class=\"aio-icon-header\" ><h3 class=\"aio-icon-title ult-responsive\"  data-ultimate-target='#Info-box-wrap-4788 .aio-icon-title'  data-responsive-json-new='{\"font-size\":\"\",\"line-height\":\"\"}'  style=\"\">Anaokulu Men\u00fc<\/h3><\/div> <!-- header --><\/div> <!-- aio-icon-box --><\/a><\/div> <!-- aio-icon-component -->[\/vc_column_inner][vc_column_inner width=&#8221;1\/3&#8243;]<div class=\"aio-icon-component    style_2\"><a class=\"aio-icon-box-link\" href=\"https:\/\/www.enka.k12.tr\/istanbul\/wp-content\/uploads\/2026\/04\/MENU-GENEL-NISAN-2026_TR.pdf\" title=\"Nisan 2026- Yemek Men\u00fcs\u00fc\" target=\"_blank\" rel=\"noopener\" ><div id=\"Info-box-wrap-4378\" class=\"aio-icon-box top-icon\" style=\"\"  ><div class=\"aio-icon-top\"><div class=\"ult-just-icon-wrapper  \"><div class=\"align-icon\" style=\"text-align:center;\">\n<div class=\"aio-icon square \"  style=\"color:#ffffff;background:#69b3e7;font-size:32px;display:inline-block;\">\n\t<i class=\"Defaults-download\"><\/i>\n<\/div><\/div><\/div><\/div><div class=\"aio-icon-header\" ><h3 class=\"aio-icon-title ult-responsive\"  data-ultimate-target='#Info-box-wrap-4378 .aio-icon-title'  data-responsive-json-new='{\"font-size\":\"\",\"line-height\":\"\"}'  style=\"\">\u00d6\u011fle Yeme\u011fi<\/h3><\/div> <!-- header --><\/div> <!-- aio-icon-box --><\/a><\/div> <!-- aio-icon-component -->[\/vc_column_inner][\/vc_row_inner][\/vc_column][\/vc_row]<\/p>\n<\/div>","protected":false},"excerpt":{"rendered":"<p>[vc_row padding_left=&#8221;20px&#8221; padding_right=&#8221;20px&#8221; bg_type=&#8221;bg_color&#8221; enable_overlay=&#8221;off&#8221; bg_color_value=&#8221;rgba(247,247,247,0.8)&#8221;][vc_column][vc_row_inner][vc_column_inner width=&#8221;1\/6&#8243;][\/vc_column_inner][vc_column_inner width=&#8221;2\/3&#8243;][\/vc_column_inner][vc_column_inner width=&#8221;1\/6&#8243;][\/vc_column_inner][\/vc_row_inner][vc_row_inner][vc_column_inner width=&#8221;1\/3&#8243;][\/vc_column_inner][vc_column_inner width=&#8221;1\/3&#8243;][\/vc_column_inner][\/vc_row_inner][\/vc_column][\/vc_row]<\/p>\n","protected":false},"author":1,"featured_media":6526,"parent":5567,"menu_order":0,"comment_status":"closed","ping_status":"closed","template":"","meta":{"_acf_changed":false,"inline_featured_image":false,"footnotes":""},"class_list":["post-6524","page","type-page","status-publish","has-post-thumbnail","hentry","custom-post-type-entry"],"aioseo_notices":[],"acf":[],"_links":{"self":[{"href":"https:\/\/www.enka.k12.tr\/istanbul\/tr\/wp-json\/wp\/v2\/pages\/6524","targetHints":{"allow":["GET"]}}],"collection":[{"href":"https:\/\/www.enka.k12.tr\/istanbul\/tr\/wp-json\/wp\/v2\/pages"}],"about":[{"href":"https:\/\/www.enka.k12.tr\/istanbul\/tr\/wp-json\/wp\/v2\/types\/page"}],"author":[{"embeddable":true,"href":"https:\/\/www.enka.k12.tr\/istanbul\/tr\/wp-json\/wp\/v2\/users\/1"}],"replies":[{"embeddable":true,"href":"https:\/\/www.enka.k12.tr\/istanbul\/tr\/wp-json\/wp\/v2\/comments?post=6524"}],"version-history":[{"count":12,"href":"https:\/\/www.enka.k12.tr\/istanbul\/tr\/wp-json\/wp\/v2\/pages\/6524\/revisions"}],"predecessor-version":[{"id":39264,"href":"https:\/\/www.enka.k12.tr\/istanbul\/tr\/wp-json\/wp\/v2\/pages\/6524\/revisions\/39264"}],"up":[{"embeddable":true,"href":"https:\/\/www.enka.k12.tr\/istanbul\/tr\/wp-json\/wp\/v2\/pages\/5567"}],"wp:featuredmedia":[{"embeddable":true,"href":"https:\/\/www.enka.k12.tr\/istanbul\/tr\/wp-json\/wp\/v2\/media\/6526"}],"wp:attachment":[{"href":"https:\/\/www.enka.k12.tr\/istanbul\/tr\/wp-json\/wp\/v2\/media?parent=6524"}],"curies":[{"name":"wp","href":"https:\/\/api.w.org\/{rel}","templated":true}]}}