{"id":3160,"date":"2017-02-16T11:29:10","date_gmt":"2017-02-16T11:29:10","guid":{"rendered":"https:\/\/www.enka.com\/foundation\/schools\/istanbul\/?page_id=3160"},"modified":"2025-11-06T16:23:11","modified_gmt":"2025-11-06T13:23:11","slug":"projects","status":"publish","type":"page","link":"https:\/\/www.enka.k12.tr\/istanbul\/student-life\/projects\/","title":{"rendered":"PROJECTS"},"content":{"rendered":"<div class=\"wpb-content-wrapper\"><p>[vc_row padding_left=&#8221;20px&#8221; padding_right=&#8221;20px&#8221; bg_type=&#8221;bg_color&#8221; enable_overlay=&#8221;off&#8221; bg_color_value=&#8221;rgba(247,247,247,0.8)&#8221;][vc_column]<div class=\"ult-spacer spacer-69ff228fe9de2\" data-id=\"69ff228fe9de2\" data-height=\"30\" data-height-mobile=\"10\" data-height-tab=\"20\" data-height-tab-portrait=\"\" data-height-mobile-landscape=\"\" style=\"clear:both;display:block;\"><\/div>[vc_row_inner][vc_column_inner width=&#8221;1\/6&#8243;][\/vc_column_inner][vc_column_inner width=&#8221;2\/3&#8243;]<div id=\"ultimate-heading-936469ff228fea063\" class=\"uvc-heading ult-adjust-bottom-margin ultimate-heading-936469ff228fea063 uvc-1753 \" data-hspacer=\"line_with_icon\" data-hline_width=\"auto\" data-hicon_type=\"custom\" data-hborder_style=\"solid\" data-hborder_height=\"3\" data-hborder_color=\"#69b3e7\" data-icon_width=\"200\" data-hfixer=\"30\"  data-halign=\"center\" style=\"text-align:center\"><div class=\"uvc-heading-spacer line_with_icon\" style=\"top\"><div class=\"ult-just-icon-wrapper  \"><div class=\"align-icon\" style=\"text-align:center;\">\n<div class=\"aio-icon-img \" style=\"font-size:200px;display:inline-block;\" >\n\t<img decoding=\"async\" class=\"img-icon\" alt=\"null\" src=\"https:\/\/www.enka.k12.tr\/istanbul\/wp-content\/uploads\/2021\/01\/enka_schools_log_new.jpg\"\/>\n<\/div><\/div><\/div><\/div><div class=\"uvc-sub-heading ult-responsive\"  data-ultimate-target='.uvc-heading.ultimate-heading-936469ff228fea063 .uvc-sub-heading '  data-responsive-json-new='{\"font-size\":\"\",\"line-height\":\"\"}'  style=\"font-weight:normal;\"><br \/>\n<\/div><\/div>[\/vc_column_inner][vc_column_inner width=&#8221;1\/6&#8243;][\/vc_column_inner][\/vc_row_inner][\/vc_column][\/vc_row][vc_row full_width=&#8221;stretch_row_content_no_spaces&#8221; gap=&#8221;30&#8243; padding_top=&#8221;40px&#8221; padding_bottom=&#8221;20px&#8221; padding_left=&#8221;10px&#8221; padding_right=&#8221;10px&#8221; bg_type=&#8221;bg_color&#8221; bg_color_value=&#8221;rgba(247,247,247,0.8)&#8221;][vc_column padding_right=&#8221;10px&#8221;]<div id=\"ultimate-heading-65269ff228fea0e2\" class=\"uvc-heading ult-adjust-bottom-margin ultimate-heading-65269ff228fea0e2 uvc-8901 \" data-hspacer=\"line_only\"  data-halign=\"left\" style=\"text-align:left\"><div class=\"uvc-sub-heading ult-responsive\"  data-ultimate-target='.uvc-heading.ultimate-heading-65269ff228fea0e2 .uvc-sub-heading '  data-responsive-json-new='{\"font-size\":\"desktop:30px;tablet_portrait:30px;mobile_landscape:30px;mobile:30px;\",\"line-height\":\"desktop:50px;tablet_portrait:50px;mobile_landscape:50px;mobile:50px;\"}'  style=\"font-weight:bold;color:#000000;\">Project\u00a0<span style=\"color: #69b3e7;\">List<\/span><\/div><div class=\"uvc-heading-spacer line_only\" style=\"margin-top:10px;height:3px;\"><span class=\"uvc-headings-line\" style=\"border-style:solid;border-bottom-width:3px;border-color:#69b3e7;width:1000px;\"><\/span><\/div><\/div>[\/vc_column][\/vc_row][vc_row full_width=&#8221;stretch_row_content_no_spaces&#8221; gap=&#8221;30&#8243; padding_top=&#8221;10px&#8221; padding_bottom=&#8221;40px&#8221; padding_left=&#8221;10px&#8221; padding_right=&#8221;10px&#8221; bg_type=&#8221;bg_color&#8221; bg_color_value=&#8221;rgba(247,247,247,0.8)&#8221;][vc_column padding_right=&#8221;10px&#8221;][vc_tta_accordion style=&#8221;flat&#8221; shape=&#8221;square&#8221; color=&#8221;sky&#8221; spacing=&#8221;3&#8243; active_section=&#8221;0&#8243; no_fill=&#8221;true&#8221; collapsible_all=&#8221;true&#8221;][vc_tta_section title=&#8221;PROJECT COMPETITIONS&#8221; tab_id=&#8221;project-competations&#8221;][vc_row_inner][vc_column_inner][vc_column_text]Projects are conducted throughout our school in order to encourage scientific studies, to allows students to utilize their potential effectively and to improve their science based skills. With the support of advisory teachers, students develop projects in both fundamental and social science areas such as Physics, Chemistry, Biology, Mathematics, History, Sociology and Psychology. By the completed projects, they can enter their projects into a number of the national or international competitions or fairs. TUB\u0130TAK, MEF, Istek Schools, DOESEF, Genious Olympiads, I-sweep and First Step to Nobel Prize are among some of the competitions in which we have participated. Students who have the chance of presenting their projects or earning a place in those competitions will improve their academic, social, cultural and interpersonal skills as well as contributing to their goals.[\/vc_column_text]<div class=\"ult-spacer spacer-69ff228fea12c\" data-id=\"69ff228fea12c\" data-height=\"30\" data-height-mobile=\"10\" data-height-tab=\"20\" data-height-tab-portrait=\"\" data-height-mobile-landscape=\"\" style=\"clear:both;display:block;\"><\/div>[\/vc_column_inner][\/vc_row_inner][vc_row_inner][vc_column_inner]<div id=\"ultimate-heading-66169ff228fea182\" class=\"uvc-heading ult-adjust-bottom-margin ultimate-heading-66169ff228fea182 uvc-2681 \" data-hspacer=\"line_only\"  data-halign=\"left\" style=\"text-align:left\"><div class=\"uvc-sub-heading ult-responsive\"  data-ultimate-target='.uvc-heading.ultimate-heading-66169ff228fea182 .uvc-sub-heading '  data-responsive-json-new='{\"font-size\":\"desktop:25px;tablet:24px;tablet_portrait:23px;mobile_landscape:22px;mobile:21px;\",\"line-height\":\"desktop:50px;tablet_portrait:50px;mobile_landscape:50px;mobile:50px;\"}'  style=\"font-weight:bold;color:#000000;\">ECIS<span style=\"color: #fe5252;\"> Math Quest<\/span><\/div><div class=\"uvc-heading-spacer line_only\" style=\"margin-top:10px;height:3px;\"><span class=\"uvc-headings-line\" style=\"border-style:solid;border-bottom-width:3px;border-color:#69b3e7;width:100px;\"><\/span><\/div><\/div><div class=\"ult-spacer spacer-69ff228fea1c4\" data-id=\"69ff228fea1c4\" data-height=\"30\" data-height-mobile=\"10\" data-height-tab=\"20\" data-height-tab-portrait=\"\" data-height-mobile-landscape=\"\" style=\"clear:both;display:block;\"><\/div>[\/vc_column_inner][\/vc_row_inner][vc_row_inner][vc_column_inner][vc_column_text]Every year in April the ECIS Math Quest is organized through the participation of ECIS member schools. The competition is for grade 5 and 6 students under the age of 12. The aim of the competition is to foster motivation and interest for mathematics by means of an intercultural and social experience that promotes the interaction and cooperation amongst participants. The participating students are hosted by the students of the host school.<\/p>\n<p>The Math Quest is composed of individual and team questions, a construction challenge and a mathematical orientation around the city.<\/p>\n<p>ENKA Schools has participated in this event since 2012 as the representative of Turkey. ENKA hosted the Math Quest in 2019. It has previously been held in Paris, Oslo, Berlin, Barcelona and Stockholm.<\/p>\n<p>In October a selection exam is given to the volunteer grade 5-6 students from our school to form the ENKA team. This team is then prepared for the competition during sessions after school.<\/p>\n<p>[\/vc_column_text]<div class=\"ult-spacer spacer-69ff228fea1f4\" data-id=\"69ff228fea1f4\" data-height=\"30\" data-height-mobile=\"10\" data-height-tab=\"20\" data-height-tab-portrait=\"\" data-height-mobile-landscape=\"\" style=\"clear:both;display:block;\"><\/div>[\/vc_column_inner][\/vc_row_inner][vc_row_inner][vc_column_inner width=&#8221;1\/3&#8243;][vc_single_image image=&#8221;7142&#8243; alignment=&#8221;center&#8221;]<div class=\"ult-spacer spacer-69ff228fea222\" data-id=\"69ff228fea222\" data-height=\"30\" data-height-mobile=\"10\" data-height-tab=\"20\" data-height-tab-portrait=\"\" data-height-mobile-landscape=\"\" style=\"clear:both;display:block;\"><\/div>[\/vc_column_inner][vc_column_inner width=&#8221;1\/3&#8243;][vc_single_image image=&#8221;7138&#8243; alignment=&#8221;center&#8221;]<div class=\"ult-spacer spacer-69ff228fea24d\" data-id=\"69ff228fea24d\" data-height=\"30\" data-height-mobile=\"10\" data-height-tab=\"20\" data-height-tab-portrait=\"\" data-height-mobile-landscape=\"\" style=\"clear:both;display:block;\"><\/div>[\/vc_column_inner][vc_column_inner width=&#8221;1\/3&#8243;][vc_single_image image=&#8221;7140&#8243; alignment=&#8221;center&#8221;][\/vc_column_inner][\/vc_row_inner][\/vc_tta_section][vc_tta_section title=&#8221;CAS (CREATIVITY, ACTIVITY AND SERVICE)&#8221; tab_id=&#8221;cas&#8221;][vc_row_inner][vc_column_inner width=&#8221;1\/2&#8243;][vc_column_text]<\/p>\n<p class=\"\" data-start=\"47\" data-end=\"204\"><strong data-start=\"47\" data-end=\"204\">Community Service consists of activities involving creativity, physical activity, and social responsibility. Completion of these activities is mandatory.<\/strong><\/p>\n<p class=\"\" data-start=\"206\" data-end=\"640\">Students are required to document their community service (CS) activities, provide supporting evidence, and write a personal reflection (e.g., essay, cartoon, website link, etc.) reviewing the changes they experienced during the process and the outcomes they achieved. The activities should span approximately eighteen months. In addition to regular activities, students are expected to carry out a project lasting at least one month.<\/p>\n<p class=\"\" data-start=\"642\" data-end=\"1172\">At ENKA Istanbul High School, community service begins on the first day of Grade 11 and is completed by the middle of Grade 12. These activities are recorded on a platform called &#8220;Managebac.&#8221; At the beginning of the school year, students are guided on how to use this platform. The most important aspect of the process is the student\u2019s self-reflection based on the goals they identified at the beginning (e.g., highlighting strengths and areas for growth, challenges faced, issues of global importance, or ethical considerations).<\/p>\n<p>[\/vc_column_text][\/vc_column_inner][vc_column_inner width=&#8221;1\/2&#8243;][vc_column_text]<\/p>\n<p class=\"\" data-start=\"1174\" data-end=\"1334\">At the start of Grade 11, the community service process and necessary steps are introduced to students, and a handbook prepared for this purpose is distributed.<\/p>\n<p class=\"\" data-start=\"1336\" data-end=\"1557\">Each group of eight students is assigned a CS advisor teacher who meets with them at least three times throughout the year for follow-up meetings. Missing information on Managebac is shared with each student individually.<\/p>\n<p class=\"\" data-start=\"1559\" data-end=\"1837\">Additionally, the progress of Grade 12 students in the community service program is reported to parents via progress reports sent at the end of each quarter. For Grade 11 students, parent updates are provided at the end of the first semester and at the end of the academic year.<\/p>\n<p class=\"\" data-start=\"1839\" data-end=\"2064\">The community service coordinator holds regular meetings with advisor teachers to share updates and ensure the smooth operation of the program. The coordinator also communicates with other relevant individuals when necessary.<\/p>\n<p class=\"\" data-start=\"2066\" data-end=\"2178\"><strong data-start=\"2066\" data-end=\"2178\">ENKA Istanbul High School holds all students responsible for fully completing the community service program.<\/strong><\/p>\n<p>[\/vc_column_text][\/vc_column_inner][\/vc_row_inner][vc_row_inner][vc_column_inner]<div class=\"ult-spacer spacer-69ff228fea277\" data-id=\"69ff228fea277\" data-height=\"30\" data-height-mobile=\"10\" data-height-tab=\"20\" data-height-tab-portrait=\"\" data-height-mobile-landscape=\"\" style=\"clear:both;display:block;\"><\/div>\n\t\t\t\t<script type=\"text\/javascript\">\n\t\t\t\t\tjQuery(function($){\n\t\t\t\t\t\tif ( $.fn.imagesLoaded != undefined && $.fn.carouFredSel != undefined ) {\n\t\t\t\t\t\t\tvar $carouselContainer = $(\"#caroufredsel-9\");\n\t\t\t\t\t\t\t$carouselContainer.imagesLoaded(function() {\n\t\t\t\t\t\t\t\t$carouselContainer.carouFredSel({\n\t\t\t\t\t\t\t\t\tresponsive : true,\n\t\t\t\t\t\t\t\t\theight: \"variable\",\n\t\t\t\t\t\t\t\t\twidth : \"100%\",\n\t\t\t\t\t\t\t\t\tcircular : true,\n\t\t\t\t\t\t\t\t\tinfinite : true,\n\t\t\t\t\t\t\t\t\tauto : {\n\t\t\t\t\t\t\t\t\t\tplay: false,\n\t\t\t\t\t\t\t\t\t\ttimeoutDuration : 5000,\n\t\t\t\t\t\t\t\t\t},\n\t\t\t\t\t\t\t\t\tswipe : {\n\t\t\t\t\t\t\t\t\t\tonTouch: true,\n\t\t\t\t\t\t\t\t\t\tonMouse: true,\n\t\t\t\t\t\t\t\t\t},prev : \"#prev-9\",next : \"#next-9\",items : {\n\t\t\t\t\t\t\t\t\t\twidth : 400,\n\t\t\t\t\t\t\t\t\t\theight: \"variable\",\n\t\t\t\t\t\t\t\t\t\tvisible : {\n\t\t\t\t\t\t\t\t\t\t\tmin : 1,\n\t\t\t\t\t\t\t\t\t\t\tmax : 4\n\t\t\t\t\t\t\t\t\t\t}\n\t\t\t\t\t\t\t\t\t}\n\t\t\t\t\t\t\t\t});\n\t\t\t\t\t\t\t});\n\t\t\t\t\t\t}$(window).load(function(){\n\t\t\t\t\t\t\t\t$(\".vcex-caroufredsel-loading\").removeClass(\"vcex-caroufredsel-loading\");\n\t\t\t\t\t\t\t});});\n\t\t\t\t<\/script><div class=\"vcex-caroufredsel-wrap clr vcex-caroufredsel-portfolio vcex-caroufredsel-default vcex-caroufredsel-loading\"><div class=\"vcex-caroufredsel vcex-gallery-lightbox \"><ul id=\"caroufredsel-9\"><li class=\"vcex-caroufredsel-slide\"><div class=\"vcex-caroufredsel-entry-media vcex-true\"><a href=\"https:\/\/www.enka.k12.tr\/istanbul\/wp-content\/uploads\/2017\/02\/CAS001.jpg\" title=\"\" class=\"vcex-caroufredsel-entry-img gallery-lightbox\"><img decoding=\"async\" src=\"https:\/\/www.enka.k12.tr\/istanbul\/wp-content\/uploads\/2017\/02\/CAS001.jpg\" alt=\"\" \/><\/a><!-- .vcex-caroufredsel-entry-img --><\/div><\/li><li class=\"vcex-caroufredsel-slide\"><div class=\"vcex-caroufredsel-entry-media vcex-true\"><a href=\"https:\/\/www.enka.k12.tr\/istanbul\/wp-content\/uploads\/2017\/02\/CAS002.jpg\" title=\"\" class=\"vcex-caroufredsel-entry-img gallery-lightbox\"><img decoding=\"async\" src=\"https:\/\/www.enka.k12.tr\/istanbul\/wp-content\/uploads\/2017\/02\/CAS002.jpg\" alt=\"\" \/><\/a><!-- .vcex-caroufredsel-entry-img --><\/div><\/li><li class=\"vcex-caroufredsel-slide\"><div class=\"vcex-caroufredsel-entry-media vcex-true\"><a href=\"https:\/\/www.enka.k12.tr\/istanbul\/wp-content\/uploads\/2017\/02\/CAS003.jpg\" title=\"\" class=\"vcex-caroufredsel-entry-img gallery-lightbox\"><img decoding=\"async\" src=\"https:\/\/www.enka.k12.tr\/istanbul\/wp-content\/uploads\/2017\/02\/CAS003.jpg\" alt=\"\" \/><\/a><!-- .vcex-caroufredsel-entry-img --><\/div><\/li><li class=\"vcex-caroufredsel-slide\"><div class=\"vcex-caroufredsel-entry-media vcex-true\"><a href=\"https:\/\/www.enka.k12.tr\/istanbul\/wp-content\/uploads\/2017\/02\/CAS004.jpg\" title=\"\" class=\"vcex-caroufredsel-entry-img gallery-lightbox\"><img decoding=\"async\" src=\"https:\/\/www.enka.k12.tr\/istanbul\/wp-content\/uploads\/2017\/02\/CAS004.jpg\" alt=\"\" \/><\/a><!-- .vcex-caroufredsel-entry-img --><\/div><\/li><\/ul><div id=\"prev-9\" class=\"vcex-caroufredsel-prev\"><span class=\"fa fa-chevron-left\"><\/span><\/div><div id=\"next-9\" class=\"vcex-caroufredsel-next\"><span class=\"fa fa-chevron-right\"><\/span><\/div><\/div><\/div><div class=\"vcex-clear-floats\"><\/div>[\/vc_column_inner][\/vc_row_inner][\/vc_tta_section][vc_tta_section title=&#8221;HISTORY FOUNDATION OF TURKEY PROJECT&#8221; tab_id=&#8221;history-foundation-of-turkey-project&#8221;][vc_row_inner][vc_column_inner][vc_column_text]<\/p>\n<p style=\"text-align: center;\"><span style=\"font-size: 18pt; color: #fe5252;\"><strong>A Message from the Countries Who Entered the First World War on Its 100<sup>th<\/sup> Anniversary<\/strong><\/span><\/p>\n<p>[\/vc_column_text][vc_column_text]The main goal of the project is to ensure that the Grade 7 and Grade 8 students are able to do the following about the First World War, especially given that it is the War\u2019s 100th anniversary.[\/vc_column_text]<div class=\"ult-spacer spacer-69ff228fea856\" data-id=\"69ff228fea856\" data-height=\"30\" data-height-mobile=\"10\" data-height-tab=\"20\" data-height-tab-portrait=\"\" data-height-mobile-landscape=\"\" style=\"clear:both;display:block;\"><\/div>[\/vc_column_inner][vc_column_inner width=&#8221;2\/4&#8243;][vc_column_text]<\/p>\n<div id=\"mpc_icon_list-2258f4d6197c86c\" class=\"mpc-icon-list mpc-icon--left mpc-inited\">\n<ul class=\"mpc-list__ul\" style=\"list-style-type: square;\">\n<li class=\"mpc-list__item mpc-parent-hover mpc-transition\">\n<div class=\"mpc-list__icon\">To explore it through different perspectives and open it to discussions<\/div>\n<\/li>\n<li class=\"mpc-list__item mpc-parent-hover mpc-transition\">To be able to interpret historical events with all their political, sociological and cultural dimensions<\/li>\n<li class=\"mpc-list__item mpc-parent-hover mpc-transition\">To grasp different ways and skills of analysing through texts and visuals<\/li>\n<li class=\"mpc-list__item mpc-parent-hover mpc-transition\">And to ensure historical awareness through the learning of empathy.<\/li>\n<\/ul>\n<\/div>\n<p>[\/vc_column_text]<div class=\"ult-spacer spacer-69ff228fea88c\" data-id=\"69ff228fea88c\" data-height=\"30\" data-height-mobile=\"10\" data-height-tab=\"20\" data-height-tab-portrait=\"\" data-height-mobile-landscape=\"\" style=\"clear:both;display:block;\"><\/div>[\/vc_column_inner][vc_column_inner width=&#8221;2\/4&#8243;]\n\t\t\t\t<div class=\"vcex-image-grid ks-row clr grid-style- vcex-gallery-lightbox\" id=\"vcex-image-grid-77\">\n\t\t\t\t\t\n\t\t\t\t\t\n\t\t\t\t\t\t<figure class=\"vcex-image-grid-entry col span_1_of_3 col-1\">\n\t\t\t\t\t\t\t<div class=\"vcex-image-grid-entry-img vcex-true \">\n\t\t\t\t\t\t\t\t\t\t\t\t\t\t\t\t\t<a href=\"https:\/\/www.enka.k12.tr\/istanbul\/wp-content\/uploads\/2017\/02\/History_Foundation002.jpg\" title=\"\" class=\"vcex-image-grid-entry-img gallery-lightbox\">\n\t\t\t\t\t\t\t\t\t\t<img loading=\"lazy\" decoding=\"async\" src=\"https:\/\/www.enka.k12.tr\/istanbul\/wp-content\/uploads\/2017\/02\/History_Foundation002.jpg\" alt=\"\" width=\"9999\" height=\"9999\" \/>\n\t\t\t\t\t\t\t\t\t<\/a><!-- .vcex-image-grid-entry-img -->\n\t\t\t\t\t\t\t\t\t\t\t\t\t\t\t<\/div>\n\t\t\t\t\t\t<\/figure>\n\t\t\t\t\t\t\n\t\t\t\t\t\t\n\t\t\t\t\t\t<figure class=\"vcex-image-grid-entry col span_1_of_3 col-2\">\n\t\t\t\t\t\t\t<div class=\"vcex-image-grid-entry-img vcex-true \">\n\t\t\t\t\t\t\t\t\t\t\t\t\t\t\t\t\t<a href=\"https:\/\/www.enka.k12.tr\/istanbul\/wp-content\/uploads\/2017\/02\/History_Foundation001.jpg\" title=\"\" class=\"vcex-image-grid-entry-img gallery-lightbox\">\n\t\t\t\t\t\t\t\t\t\t<img loading=\"lazy\" decoding=\"async\" src=\"https:\/\/www.enka.k12.tr\/istanbul\/wp-content\/uploads\/2017\/02\/History_Foundation001.jpg\" alt=\"\" width=\"9999\" height=\"9999\" \/>\n\t\t\t\t\t\t\t\t\t<\/a><!-- .vcex-image-grid-entry-img -->\n\t\t\t\t\t\t\t\t\t\t\t\t\t\t\t<\/div>\n\t\t\t\t\t\t<\/figure>\n\t\t\t\t\t\t\n\t\t\t\t\t\t\n\t\t\t\t\t\t<figure class=\"vcex-image-grid-entry col span_1_of_3 col-3\">\n\t\t\t\t\t\t\t<div class=\"vcex-image-grid-entry-img vcex-true \">\n\t\t\t\t\t\t\t\t\t\t\t\t\t\t\t\t\t<a href=\"https:\/\/www.enka.k12.tr\/istanbul\/wp-content\/uploads\/2017\/02\/History_Foundation003.jpg\" title=\"\" class=\"vcex-image-grid-entry-img gallery-lightbox\">\n\t\t\t\t\t\t\t\t\t\t<img loading=\"lazy\" decoding=\"async\" src=\"https:\/\/www.enka.k12.tr\/istanbul\/wp-content\/uploads\/2017\/02\/History_Foundation003.jpg\" alt=\"\" width=\"9999\" height=\"9999\" \/>\n\t\t\t\t\t\t\t\t\t<\/a><!-- .vcex-image-grid-entry-img -->\n\t\t\t\t\t\t\t\t\t\t\t\t\t\t\t<\/div>\n\t\t\t\t\t\t<\/figure>\n\t\t\t\t\t\t\n\t\t\t\t\t\t\n\t\t\t\t<\/div>\n\t\t\t\n\t\t\t[\/vc_column_inner][\/vc_row_inner][vc_row_inner][vc_column_inner]<div class=\"ult-spacer spacer-69ff228feacc0\" data-id=\"69ff228feacc0\" data-height=\"30\" data-height-mobile=\"10\" data-height-tab=\"20\" data-height-tab-portrait=\"\" data-height-mobile-landscape=\"\" style=\"clear:both;display:block;\"><\/div>[vc_column_text]During the first year of the project executed by the History Foundation of Turkey Grade 7 and Grade 8 students examined and evaluated how the First World War was represented in the widely used and current history lesson books belonging to the countries that entered the war. The findings were presented to historians, academicians, teachers and the parents of the students who participated in the project.<\/p>\n<p>During the second year of the project, our students critically analysed, deconstructed the National Ministry of Education\u2019s Grade 7 Social Sciences and Grade 8 T.C. History of Revolution and Atat\u00fcrkism text books and they discussed the solutions that they had reached. Workshop activities were organised throughout the year concerning topics chosen around the themes that were thought to be insufficiently covered in text books, and evidence and resources were collected. Based on the data collected, critical reading and writing activities were done.<\/p>\n<p>In light of these activities, workshops which would present how our students wanted to read\/write\/understand the First World War were organised. The workshops that were held within the scope of this project were held by Prof. Dr. Y\u00fccel KABAPINAR who is known for his work about \u201cEvidence Based History Education\u201d and Assist. Prof. Erol K\u00d6RO\u011eLU who is known about his work \u201cTurkish Literature and the First World War\u201d.<\/p>\n<p>At the end of the workshops, the students presented a First World War Narrative that they had prepared and this was shared with historians, academicians, teachers and the parents of the students who participated in the project.<\/p>\n<p>After the presentations were finished, Board Member of the History Foundation of Turkey F\u0131rat G\u00dcLL\u00dc, Prof. Dr. Y\u00fccel KABAPINAR, Asst. Prof. Erol K\u00d6RO\u011eLU, Associate Prof. Meltem TOKS\u00d6Z and Researcher-Journalist Ay\u015fe H\u00dcR held an evaluation session.<\/p>\n<p>[\/vc_column_text][\/vc_column_inner][\/vc_row_inner][\/vc_tta_section][\/vc_tta_accordion][\/vc_column][\/vc_row]<\/p>\n<\/div>","protected":false},"excerpt":{"rendered":"<p>[vc_row padding_left=&#8221;20px&#8221; padding_right=&#8221;20px&#8221; bg_type=&#8221;bg_color&#8221; enable_overlay=&#8221;off&#8221; bg_color_value=&#8221;rgba(247,247,247,0.8)&#8221;][vc_column][vc_row_inner][vc_column_inner width=&#8221;1\/6&#8243;][\/vc_column_inner][vc_column_inner width=&#8221;2\/3&#8243;][\/vc_column_inner][vc_column_inner width=&#8221;1\/6&#8243;][\/vc_column_inner][\/vc_row_inner][\/vc_column][\/vc_row][vc_row full_width=&#8221;stretch_row_content_no_spaces&#8221; gap=&#8221;30&#8243; padding_top=&#8221;40px&#8221; padding_bottom=&#8221;20px&#8221; padding_left=&#8221;10px&#8221; padding_right=&#8221;10px&#8221; bg_type=&#8221;bg_color&#8221; bg_color_value=&#8221;rgba(247,247,247,0.8)&#8221;][vc_column padding_right=&#8221;10px&#8221;][\/vc_column][\/vc_row][vc_row full_width=&#8221;stretch_row_content_no_spaces&#8221; gap=&#8221;30&#8243; padding_top=&#8221;10px&#8221; padding_bottom=&#8221;40px&#8221; padding_left=&#8221;10px&#8221; padding_right=&#8221;10px&#8221; bg_type=&#8221;bg_color&#8221; bg_color_value=&#8221;rgba(247,247,247,0.8)&#8221;][vc_column padding_right=&#8221;10px&#8221;][vc_tta_accordion style=&#8221;flat&#8221; shape=&#8221;square&#8221; color=&#8221;sky&#8221; spacing=&#8221;3&#8243; active_section=&#8221;0&#8243; no_fill=&#8221;true&#8221; collapsible_all=&#8221;true&#8221;][vc_tta_section title=&#8221;PROJECT COMPETITIONS&#8221; tab_id=&#8221;project-competations&#8221;][vc_row_inner][vc_column_inner][vc_column_text]Projects are conducted throughout our school in order to encourage scientific studies, to allows students to utilize their potential effectively and to improve their science based skills. With the&#8230;<\/p>\n","protected":false},"author":1,"featured_media":3577,"parent":3118,"menu_order":0,"comment_status":"closed","ping_status":"closed","template":"","meta":{"_acf_changed":false,"inline_featured_image":false,"footnotes":""},"class_list":["post-3160","page","type-page","status-publish","has-post-thumbnail","hentry","custom-post-type-entry"],"aioseo_notices":[],"acf":[],"_links":{"self":[{"href":"https:\/\/www.enka.k12.tr\/istanbul\/wp-json\/wp\/v2\/pages\/3160","targetHints":{"allow":["GET"]}}],"collection":[{"href":"https:\/\/www.enka.k12.tr\/istanbul\/wp-json\/wp\/v2\/pages"}],"about":[{"href":"https:\/\/www.enka.k12.tr\/istanbul\/wp-json\/wp\/v2\/types\/page"}],"author":[{"embeddable":true,"href":"https:\/\/www.enka.k12.tr\/istanbul\/wp-json\/wp\/v2\/users\/1"}],"replies":[{"embeddable":true,"href":"https:\/\/www.enka.k12.tr\/istanbul\/wp-json\/wp\/v2\/comments?post=3160"}],"version-history":[{"count":0,"href":"https:\/\/www.enka.k12.tr\/istanbul\/wp-json\/wp\/v2\/pages\/3160\/revisions"}],"up":[{"embeddable":true,"href":"https:\/\/www.enka.k12.tr\/istanbul\/wp-json\/wp\/v2\/pages\/3118"}],"wp:featuredmedia":[{"embeddable":true,"href":"https:\/\/www.enka.k12.tr\/istanbul\/wp-json\/wp\/v2\/media\/3577"}],"wp:attachment":[{"href":"https:\/\/www.enka.k12.tr\/istanbul\/wp-json\/wp\/v2\/media?parent=3160"}],"curies":[{"name":"wp","href":"https:\/\/api.w.org\/{rel}","templated":true}]}}