{"id":3174,"date":"2017-02-16T11:33:58","date_gmt":"2017-02-16T08:33:58","guid":{"rendered":"https:\/\/www.enka.com\/foundation\/schools\/istanbul\/?page_id=3174"},"modified":"2026-03-06T14:13:19","modified_gmt":"2026-03-06T11:13:19","slug":"registration-process","status":"publish","type":"page","link":"https:\/\/www.enka.k12.tr\/istanbul\/admissions\/registration-process\/","title":{"rendered":"REGISTRATION PROCESS"},"content":{"rendered":"<div class=\"wpb-content-wrapper\"><p>[vc_row gap=&#8221;30&#8243; padding_top=&#8221;40px&#8221; padding_bottom=&#8221;40px&#8221; padding_left=&#8221;10px&#8221; padding_right=&#8221;10px&#8221; bg_type=&#8221;bg_color&#8221; bg_color_value=&#8221;rgba(247,247,247,0.8)&#8221;][vc_column padding_right=&#8221;10px&#8221;][vc_column_text]<\/p>\n<p style=\"text-align: center;\"><span style=\"color: #000000; font-size: 24pt;\"><strong>T.C.<\/strong><\/span><br \/>\n<span style=\"color: #000000; font-size: 24pt;\"><strong>\u0130stanbul Valili\u011fi <\/strong><\/span><br \/>\n<span style=\"color: #000000; font-size: 24pt;\"><strong>\u00d6zel ENKA Okullar\u0131<\/strong><\/span><\/p>\n<p style=\"text-align: center;\"><span style=\"font-size: 24pt; color: #000000;\"><strong>2026-2027 EDUCATIONAL YEAR<\/strong><\/span><br \/>\n<span style=\"font-size: 24pt; color: #000000;\"><strong>REGISTRATION PROCESS<\/strong><\/span><\/p>\n<p><span style=\"font-size: 14pt;\">Dear Parents,<\/span><\/p>\n<p><span style=\"font-size: 14pt;\">Information regarding <strong>2026-2027<\/strong>\u00a0 enrollments have been posted. <\/span><\/p>\n<p><span style=\"font-size: 14pt;\">Our school&#8217;s student registration renewal process for the 2026-2027 academic year will be conducted online.<\/span><\/p>\n<p><span style=\"font-size: 14pt;\">Link: <a href=\"https:\/\/kayit.enka.k12.tr\">https:\/\/kayit.enka.k12.tr<\/a><\/span><\/p>\n<hr \/>\n<p style=\"text-align: justify;\"><span style=\"font-size: 14pt;\"><strong>The registration dates for each school have been specified in the 2026-2027 academic year registration calendar.<\/strong>\u00a0On the dates specified in the registration calendar, you can access the system using your child&#8217;s Turkish ID Number and Parent Mobile Phone Number, fill out the forms starting with FORM 1, and complete the registration renewal process.<\/span><\/p>\n<p><span style=\"font-size: 14pt;\"><strong>Registration for students moving from 8th to 9th grade will begin on Thursday, June 25 and end on Monday, July 6.<\/strong><\/span><\/p>\n<p><span style=\"font-size: 14pt;\">The forms are dynamically designed electronic forms.<span style=\"text-decoration: underline;\"> Please do not click the <strong>SUBMIT<\/strong> button until you are sure that the information you have entered is correct.<\/span> Starting with<strong> FORM 1,<\/strong> you can fill out all forms up to FORM 8 in sequence and complete the registration process. After completing all forms, you will receive the message: \u201cDear Parent, all forms have been completed. Please check your email inbox. Thank you.\u201d<\/span><\/p>\n<p><span style=\"font-size: 14pt;\">After completing the Payment Option Form (<strong>FORM 8<\/strong>), our Finance Department will send you a payment plan and detailed information via email as soon as possible.<\/span><\/p>\n<p><span style=\"font-size: 14pt;\">If you have any questions, please contact the <strong>Finance Department (0212 705 6510).<\/strong><\/span><\/p>\n<p><span style=\"font-size: 14pt;\">The MEB Agreement (<strong>FORM 6<\/strong>) among the online forms will be signed separately by the student&#8217;s parents or by their legal guardian. After <strong>FORM 6<\/strong> and <strong>FORM 7<\/strong> (Student Examination\/Follow-up Notification Form) are completed, they will be delivered to the school in person by the student&#8217;s parent.<\/span><\/p>\n<p><span style=\"font-size: 14pt;\">The registrations of students who have not been processed in accordance with this method will be considered incomplete by the school.<\/span><\/p>\n<p><span style=\"font-size: 14pt;\">You can find information about the 2026-2027 Academic Year tuition fees and payment terms on our website.<\/span><\/p>\n<p style=\"text-align: justify;\"><span style=\"font-size: 14pt;\">Thank you in advance for your interest and cooperation.<\/span><\/p>\n<p style=\"text-align: justify;\"><span style=\"font-size: 14pt;\">Regards,<\/span><br \/>\n<span style=\"font-size: 14pt;\">ENKA Istanbul Schools<\/span><\/p>\n<p>[\/vc_column_text][\/vc_column][\/vc_row][vc_row full_width=&#8221;stretch_row_content&#8221;][vc_column][vc_single_image image=&#8221;39238&#8243; img_size=&#8221;full&#8221;][\/vc_column][\/vc_row]<\/p>\n<\/div>","protected":false},"excerpt":{"rendered":"<p>[vc_row gap=&#8221;30&#8243; padding_top=&#8221;40px&#8221; padding_bottom=&#8221;40px&#8221; padding_left=&#8221;10px&#8221; padding_right=&#8221;10px&#8221; bg_type=&#8221;bg_color&#8221; bg_color_value=&#8221;rgba(247,247,247,0.8)&#8221;][vc_column padding_right=&#8221;10px&#8221;][vc_column_text] T.C. \u0130stanbul Valili\u011fi \u00d6zel ENKA Okullar\u0131 2026-2027 EDUCATIONAL YEAR REGISTRATION PROCESS Dear Parents, Information regarding 2026-2027\u00a0 enrollments have been posted. Our school&#8217;s student registration renewal process for the 2026-2027 academic year will be conducted online. Link: https:\/\/kayit.enka.k12.tr The registration dates for each school have been specified in the 2026-2027 academic year registration calendar.\u00a0On the dates specified&#8230;<\/p>\n","protected":false},"author":1,"featured_media":7220,"parent":3121,"menu_order":0,"comment_status":"closed","ping_status":"closed","template":"","meta":{"_acf_changed":false,"inline_featured_image":false,"footnotes":""},"class_list":["post-3174","page","type-page","status-publish","has-post-thumbnail","hentry","custom-post-type-entry"],"aioseo_notices":[],"acf":[],"_links":{"self":[{"href":"https:\/\/www.enka.k12.tr\/istanbul\/wp-json\/wp\/v2\/pages\/3174","targetHints":{"allow":["GET"]}}],"collection":[{"href":"https:\/\/www.enka.k12.tr\/istanbul\/wp-json\/wp\/v2\/pages"}],"about":[{"href":"https:\/\/www.enka.k12.tr\/istanbul\/wp-json\/wp\/v2\/types\/page"}],"author":[{"embeddable":true,"href":"https:\/\/www.enka.k12.tr\/istanbul\/wp-json\/wp\/v2\/users\/1"}],"replies":[{"embeddable":true,"href":"https:\/\/www.enka.k12.tr\/istanbul\/wp-json\/wp\/v2\/comments?post=3174"}],"version-history":[{"count":2,"href":"https:\/\/www.enka.k12.tr\/istanbul\/wp-json\/wp\/v2\/pages\/3174\/revisions"}],"predecessor-version":[{"id":39239,"href":"https:\/\/www.enka.k12.tr\/istanbul\/wp-json\/wp\/v2\/pages\/3174\/revisions\/39239"}],"up":[{"embeddable":true,"href":"https:\/\/www.enka.k12.tr\/istanbul\/wp-json\/wp\/v2\/pages\/3121"}],"wp:featuredmedia":[{"embeddable":true,"href":"https:\/\/www.enka.k12.tr\/istanbul\/wp-json\/wp\/v2\/media\/7220"}],"wp:attachment":[{"href":"https:\/\/www.enka.k12.tr\/istanbul\/wp-json\/wp\/v2\/media?parent=3174"}],"curies":[{"name":"wp","href":"https:\/\/api.w.org\/{rel}","templated":true}]}}