{"id":5105,"date":"2017-02-16T11:30:05","date_gmt":"2017-02-16T09:30:05","guid":{"rendered":"https:\/\/www.enka.com\/foundation\/schools\/istanbul\/?page_id=5105"},"modified":"2024-08-27T18:07:25","modified_gmt":"2024-08-27T15:07:25","slug":"board-administration","status":"publish","type":"page","link":"https:\/\/www.enka.k12.tr\/istanbul\/about-us\/board-administration\/","title":{"rendered":"BOARD &amp; ADMINISTRATION"},"content":{"rendered":"<div class=\"wpb-content-wrapper\"><p>[vc_row padding_left=&#8221;20px&#8221; padding_right=&#8221;20px&#8221; bg_type=&#8221;bg_color&#8221; enable_overlay=&#8221;off&#8221; bg_color_value=&#8221;rgba(247,247,247,0.8)&#8221;][vc_column]<div class=\"ult-spacer spacer-69e43e44840e9\" data-id=\"69e43e44840e9\" data-height=\"30\" data-height-mobile=\"10\" data-height-tab=\"20\" data-height-tab-portrait=\"\" data-height-mobile-landscape=\"\" style=\"clear:both;display:block;\"><\/div>[vc_row_inner][vc_column_inner width=&#8221;1\/6&#8243;][\/vc_column_inner][vc_column_inner width=&#8221;2\/3&#8243;]<div id=\"ultimate-heading-632869e43e4484342\" class=\"uvc-heading ult-adjust-bottom-margin ultimate-heading-632869e43e4484342 uvc-2100 \" data-hspacer=\"line_with_icon\" data-hline_width=\"auto\" data-hicon_type=\"custom\" data-hborder_style=\"solid\" data-hborder_height=\"3\" data-hborder_color=\"#69b3e7\" data-icon_width=\"200\" data-hfixer=\"30\"  data-halign=\"center\" style=\"text-align:center\"><div class=\"uvc-heading-spacer line_with_icon\" style=\"top\"><div class=\"ult-just-icon-wrapper  \"><div class=\"align-icon\" style=\"text-align:center;\">\n<div class=\"aio-icon-img \" style=\"font-size:200px;display:inline-block;\" >\n\t<img decoding=\"async\" class=\"img-icon\" alt=\"null\" src=\"https:\/\/www.enka.k12.tr\/istanbul\/wp-content\/uploads\/2021\/01\/enka_schools_log_new.jpg\"\/>\n<\/div><\/div><\/div><\/div><div class=\"uvc-sub-heading ult-responsive\"  data-ultimate-target='.uvc-heading.ultimate-heading-632869e43e4484342 .uvc-sub-heading '  data-responsive-json-new='{\"font-size\":\"\",\"line-height\":\"\"}'  style=\"font-weight:normal;\"><br \/>\n<\/div><\/div>[\/vc_column_inner][vc_column_inner width=&#8221;1\/6&#8243;][\/vc_column_inner][\/vc_row_inner][\/vc_column][\/vc_row][vc_row gap=&#8221;30&#8243; padding_top=&#8221;40px&#8221; padding_bottom=&#8221;40px&#8221; padding_left=&#8221;10px&#8221; padding_right=&#8221;10px&#8221; bg_type=&#8221;bg_color&#8221; bg_color_value=&#8221;rgba(247,247,247,0.8)&#8221;][vc_column padding_right=&#8221;10px&#8221;]<div id=\"ultimate-heading-253069e43e44843d2\" class=\"uvc-heading ult-adjust-bottom-margin ultimate-heading-253069e43e44843d2 uvc-1275 \" data-hspacer=\"line_only\"  data-halign=\"left\" style=\"text-align:left\"><div class=\"uvc-sub-heading ult-responsive\"  data-ultimate-target='.uvc-heading.ultimate-heading-253069e43e44843d2 .uvc-sub-heading '  data-responsive-json-new='{\"font-size\":\"desktop:30px;tablet_portrait:30px;mobile_landscape:30px;mobile:30px;\",\"line-height\":\"desktop:50px;tablet_portrait:50px;mobile_landscape:50px;mobile:50px;\"}'  style=\"font-weight:bold;color:#000000;\">BOARD<\/div><div class=\"uvc-heading-spacer line_only\" style=\"margin-top:10px;height:3px;\"><span class=\"uvc-headings-line\" style=\"border-style:solid;border-bottom-width:3px;border-color:#69b3e7;width:100px;\"><\/span><\/div><\/div>[\/vc_column][\/vc_row][vc_row gap=&#8221;30&#8243; padding_bottom=&#8221;40px&#8221; padding_left=&#8221;10px&#8221; padding_right=&#8221;10px&#8221; bg_type=&#8221;bg_color&#8221; bg_color_value=&#8221;rgba(247,247,247,0.8)&#8221;][vc_column padding_right=&#8221;10px&#8221;][vc_column_text]<\/p>\n<p style=\"text-align: justify;\">The Board of Directors meets twice a month and with the Senior Leadership Team reviews philosophy, policy, strategic planning, and the growth of the school.<\/p>\n<p style=\"text-align: justify;\">The following three members serve on the Board of Directors of the school:<\/p>\n<ul>\n<li style=\"list-style-type: none;\">\n<ul style=\"list-style-type: circle;\">\n<li style=\"text-align: justify;\">Alparslan Tansu\u011f- ENKA Schools Chair and Founder&#8217;s Representative<\/li>\n<li style=\"text-align: justify;\">Dr. Esra Tara &#8211; Board Member &amp; Head of School<\/li>\n<li style=\"text-align: justify;\">Onur Kaya- Board Member<\/li>\n<\/ul>\n<\/li>\n<\/ul>\n<p>&nbsp;<\/p>\n<p>The Board members serve as unpaid volunteers who are responsible to ENKA for the well-being of the school and for ensuring that the school\u2019s mission is established and put into practice.[\/vc_column_text][\/vc_column][\/vc_row][vc_row gap=&#8221;30&#8243; padding_top=&#8221;10px&#8221; padding_bottom=&#8221;40px&#8221; padding_left=&#8221;10px&#8221; padding_right=&#8221;10px&#8221; bg_type=&#8221;bg_color&#8221; bg_color_value=&#8221;rgba(247,247,247,0.8)&#8221;][vc_column padding_right=&#8221;10px&#8221;]<div id=\"ultimate-heading-13869e43e448442f\" class=\"uvc-heading ult-adjust-bottom-margin ultimate-heading-13869e43e448442f uvc-6179 \" data-hspacer=\"line_only\"  data-halign=\"left\" style=\"text-align:left\"><div class=\"uvc-sub-heading ult-responsive\"  data-ultimate-target='.uvc-heading.ultimate-heading-13869e43e448442f .uvc-sub-heading '  data-responsive-json-new='{\"font-size\":\"desktop:30px;tablet_portrait:30px;mobile_landscape:30px;mobile:30px;\",\"line-height\":\"desktop:50px;tablet_portrait:50px;mobile_landscape:50px;mobile:50px;\"}'  style=\"font-weight:bold;color:#000000;\">ADMINISTRATION<\/div><div class=\"uvc-heading-spacer line_only\" style=\"margin-top:10px;height:3px;\"><span class=\"uvc-headings-line\" style=\"border-style:solid;border-bottom-width:3px;border-color:#69b3e7;width:100px;\"><\/span><\/div><\/div><div class=\"ult-spacer spacer-69e43e4484481\" data-id=\"69e43e4484481\" data-height=\"30\" data-height-mobile=\"10\" data-height-tab=\"20\" data-height-tab-portrait=\"\" data-height-mobile-landscape=\"\" style=\"clear:both;display:block;\"><\/div>[vc_column_text]The Senior Leadership Team is represented by the Deputy Head, Principals of Pre-School, Primary School, Middle School, and High School, the Dean of Academics, the Dean of Students, and the Communications and Human Resources Director.\u00a0\u00a0Collaboratively they work together to advance our school by promoting our school vision, supporting initiatives, and addressing our challenges, meeting all efforts to strengthen the ENKA family.[\/vc_column_text][\/vc_column][\/vc_row][vc_row gap=&#8221;30&#8243; padding_top=&#8221;10px&#8221; padding_bottom=&#8221;40px&#8221; padding_left=&#8221;10px&#8221; padding_right=&#8221;10px&#8221; bg_type=&#8221;bg_color&#8221; bg_color_value=&#8221;rgba(247,247,247,0.8)&#8221;][vc_column padding_right=&#8221;10px&#8221;][vc_column_text]<\/p>\n<p style=\"text-align: left;\"><span style=\"font-size: 14pt; color: #009cde;\"><strong>H\u00fcseyin Kayan- Deputy Head of School and High School Principal<br \/>\n<\/strong><\/span>H\u00fcseyin Kayan graduated from Gazi University&#8217;s Department of Electrical Education in 1999 and completed his primary, middle, and high school education in Bursa, where he was born. Between 1999 and 2010, he worked as a teacher and administrator in various public schools and took part in total quality management and strategic planning seminars within Bursa Provincial Directorate of National Education.<\/p>\n<p>In 2010, Kayan began his role as Assistant Principal at ENKA Kocaeli Schools, later assuming the position of Principal in February 2017, leading the school in its integrated management system efforts. Kayan has made significant contributions to the outstanding achievements of ENKA Kocaeli Schools including university entrance exams, science olympiads, projects, and robotics competitions.<\/p>\n<p>As of the 2024-2025 academic year, H\u00fcseyin Kayan has assumed the position of Deputy Head of School and High School Principal at ENKA Istanbul Schools.[\/vc_column_text]<div class=\"ult-spacer spacer-69e43e44844b3\" data-id=\"69e43e44844b3\" data-height=\"20\" data-height-mobile=\"20\" data-height-tab=\"20\" data-height-tab-portrait=\"\" data-height-mobile-landscape=\"\" style=\"clear:both;display:block;\"><\/div>[vc_column_text]<\/p>\n<p style=\"text-align: left;\"><span style=\"font-size: 14pt; color: #009cde;\"><strong>Metin Ferhato\u011flu \u2013 Dean of Academics<br \/>\n<\/strong><\/span>Metin Ferhato\u011flu is the Dean of Academics for ENKA Schools, which coordinates the Overseas College Counseling Office, the Turkish University and Careers Counseling Office, and the Intensive University Preparation Program. Mr. Ferhato\u011flu holds a degree in Mechanical Engineering from Istanbul University, an MBA from Yeditepe University, and will complete his PhD from Bah\u00e7e\u015fehir University in 2022 in Educational Technology. Mr. Ferhato\u011flu has been in education since 1998, and joined ENKA in 2018. He successfully completed UCLA&#8217;s University Counseling Program in 2021 and since 2012, he has been serving on behalf of our school on different committees of the Private Schools Association of Turkey (T\u00d6ZOK).<\/p>\n<p>[\/vc_column_text]<div class=\"ult-spacer spacer-69e43e44844e0\" data-id=\"69e43e44844e0\" data-height=\"20\" data-height-mobile=\"20\" data-height-tab=\"20\" data-height-tab-portrait=\"\" data-height-mobile-landscape=\"\" style=\"clear:both;display:block;\"><\/div>[vc_column_text]<\/p>\n<p style=\"text-align: left;\"><span style=\"font-size: 14pt; color: #009cde;\"><strong>Ta\u011fmay Y\u0131lmaz \u2013 Dean of Students<br \/>\n<\/strong><\/span>Ta\u011fmay Y\u0131lmaz is the Dean of Students overseeing residential life. He is a 2001 graduate of Bo\u011fazi\u00e7i University\u2019s Department of Chemistry Teaching. He received his master&#8217;s degree from Bo\u011fazi\u00e7i University in Secondary School Science and Math in 2012. Prior to coming to Istanbul ENKA, Ta\u011fmay served as a Chemistry Teacher, Head of Science, Coordinator of High School Department Heads, and Middle School Assistant Principal at Adapazar\u0131 ENKA Schools, where he has been working since 2001.<\/p>\n<p>[\/vc_column_text]<div class=\"ult-spacer spacer-69e43e4484509\" data-id=\"69e43e4484509\" data-height=\"20\" data-height-mobile=\"20\" data-height-tab=\"20\" data-height-tab-portrait=\"\" data-height-mobile-landscape=\"\" style=\"clear:both;display:block;\"><\/div>[vc_column_text]<\/p>\n<p style=\"text-align: left;\"><span style=\"font-size: 14pt; color: #009cde;\"><strong>H\u00fcsn\u00fc Y\u0131lmaz \u2013 Middle School Principal<br \/>\n<\/strong><\/span><span style=\"font-weight: 400;\">H\u00fcsn\u00fc Y\u0131lmaz is the Middle School Principal for ENKA Schools. He graduated from Hacettepe University\u2019s Department of Mathematics Teaching in 1995 and taught math in private schools before joining Adapazar\u0131 ENKA Schools in 2002. Following his tenure as a math teacher there, he became Head of Assessment and Evaluation, after which he became Assistant Principal of Middle School, and for\u00a0 fifteen years he served as Adapazar\u0131\u2019s High School Principal. He took the role of Middle School Principal at ENKA in 2022.<\/span><\/p>\n<p>[\/vc_column_text]<div class=\"ult-spacer spacer-69e43e4484530\" data-id=\"69e43e4484530\" data-height=\"20\" data-height-mobile=\"20\" data-height-tab=\"20\" data-height-tab-portrait=\"\" data-height-mobile-landscape=\"\" style=\"clear:both;display:block;\"><\/div>[vc_column_text]<\/p>\n<p style=\"text-align: left;\"><span style=\"font-size: 14pt; color: #009cde;\"><strong>Nilay Y\u0131ld\u0131r\u0131m \u2013 Primary School Principal<br \/>\n<\/strong><\/span>Nilay Y\u0131ld\u0131r\u0131m is the Principal of ENKA Primary School. She graduated from the Faculty of Education of Trakya University in 2004 where she later completed her master\u2019s degree in Educational Administration, Supervision, and Planning. She served as a classroom teacher in ENKA Primary School between 2007-2018 and was later appointed as the Primary School Principal.\u00a0In her teaching career she has focused on differentiated education and educational technologies, holding has many certificates in this field. She has participated in various PYP workshops nationally and internationally. In addition, she has held an active role in various training and accreditation processes for organizations such as IB, CIS and NEASC. She has served as the Secretary General of T\u00d6ZOK\u2019s (Turkish Private Schools Association) \u00a0Primary School Commission since 2021.\u00a0Ms. Y\u0131ld\u0131r\u0131m has presented at workshops including \u201cBig Inventions in Math and Science\u201d (GEMS- developed by the Lawrence Science Field at the University of California, Berkeley). She is a certified GEMS trainer.\u00a0She successfully completed the &#8220;Developing Strategies for Online Teaching and Learning&#8221; program by Harvard University and participated the Principals&#8217; Training Center &#8220;Creating an Effective School&#8221; training in Miami in 2019.\u00a0She took the role of Primary School Principal in 2018.<\/p>\n<p>[\/vc_column_text]<div class=\"ult-spacer spacer-69e43e4484556\" data-id=\"69e43e4484556\" data-height=\"20\" data-height-mobile=\"20\" data-height-tab=\"20\" data-height-tab-portrait=\"\" data-height-mobile-landscape=\"\" style=\"clear:both;display:block;\"><\/div>[vc_column_text]<\/p>\n<p style=\"text-align: left;\"><span style=\"font-size: 14pt; color: #009cde;\"><strong>G\u00f6zde Olcay Ko\u00e7ak \u2013 Pre-School Principal<br \/>\n<\/strong><\/span>G\u00f6zde OLCAY KO\u00c7AK is the Principal of ENKA Pre-School. After graduating from Marmara University Atat\u00fcrk Faculty of Education&#8217;s Department of German Language Teaching in 2008, Ko\u00e7ak has worked in private schools in Pre-School as an English teacher, English Education Coordinator, School Coordinator, Principal and Education Department Academic Advisor, respectively. Ko\u00e7ak served as the General Secretary of T\u00d6ZOK\u00a0 (Turkish Private Schools Association) Pre-School Commission between 2019-2022 and is currently completing her 2nd degree sociology. She took the role of Pre-School Principal at Istanbul ENKA in 2022.<\/p>\n<p>[\/vc_column_text]<div class=\"ult-spacer spacer-69e43e448457a\" data-id=\"69e43e448457a\" data-height=\"20\" data-height-mobile=\"20\" data-height-tab=\"20\" data-height-tab-portrait=\"\" data-height-mobile-landscape=\"\" style=\"clear:both;display:block;\"><\/div>[vc_column_text]<span style=\"font-size: 14pt; color: #009cde;\"><strong>Jennifer Eaton- Communications and Human Resources Director<br \/>\n<\/strong><\/span>Jennifer Eaton is the Communications and Human Resources Director for ENKA Istanbul Schools. She holds a bachelor\u2019s degree with double major in Literature and Communications from Western Michigan University and is currently completing her Certificate in School Management and Leadership from Harvard University. Prior to joining ENKA in 2017, Eaton served in international curriculum education in T\u00fcrkiye for more than 20 years, including teaching communications at METU. In addition to serving as the accreditation coordinator at ENKA Istanbul Schools, she is a CIS Evaluator and has served on evaluation teams to audit other international schools. She has been a presenter at international education conferences including ECIS and CEESA as well as locally at ATC and T\u00d6ZOK conferences, presenting in both English and Turkish, on topics including marketing, communications, human resources, and international service learning projects.[\/vc_column_text][\/vc_column][\/vc_row]<\/p>\n<\/div>","protected":false},"excerpt":{"rendered":"<p>[vc_row padding_left=&#8221;20px&#8221; padding_right=&#8221;20px&#8221; bg_type=&#8221;bg_color&#8221; enable_overlay=&#8221;off&#8221; bg_color_value=&#8221;rgba(247,247,247,0.8)&#8221;][vc_column][vc_row_inner][vc_column_inner width=&#8221;1\/6&#8243;][\/vc_column_inner][vc_column_inner width=&#8221;2\/3&#8243;][\/vc_column_inner][vc_column_inner width=&#8221;1\/6&#8243;][\/vc_column_inner][\/vc_row_inner][\/vc_column][\/vc_row][vc_row gap=&#8221;30&#8243; padding_top=&#8221;40px&#8221; padding_bottom=&#8221;40px&#8221; padding_left=&#8221;10px&#8221; padding_right=&#8221;10px&#8221; bg_type=&#8221;bg_color&#8221; bg_color_value=&#8221;rgba(247,247,247,0.8)&#8221;][vc_column padding_right=&#8221;10px&#8221;][\/vc_column][\/vc_row][vc_row gap=&#8221;30&#8243; padding_bottom=&#8221;40px&#8221; padding_left=&#8221;10px&#8221; padding_right=&#8221;10px&#8221; bg_type=&#8221;bg_color&#8221; bg_color_value=&#8221;rgba(247,247,247,0.8)&#8221;][vc_column padding_right=&#8221;10px&#8221;][vc_column_text] The Board of Directors meets twice a month and with the Senior Leadership Team reviews philosophy, policy, strategic planning, and the growth of the school. The following three members serve on the Board of Directors of the school: Alparslan Tansu\u011f- ENKA&#8230;<\/p>\n","protected":false},"author":1,"featured_media":4235,"parent":3113,"menu_order":0,"comment_status":"closed","ping_status":"closed","template":"","meta":{"_acf_changed":false,"inline_featured_image":false,"footnotes":""},"class_list":["post-5105","page","type-page","status-publish","has-post-thumbnail","hentry","custom-post-type-entry"],"aioseo_notices":[],"acf":[],"_links":{"self":[{"href":"https:\/\/www.enka.k12.tr\/istanbul\/wp-json\/wp\/v2\/pages\/5105","targetHints":{"allow":["GET"]}}],"collection":[{"href":"https:\/\/www.enka.k12.tr\/istanbul\/wp-json\/wp\/v2\/pages"}],"about":[{"href":"https:\/\/www.enka.k12.tr\/istanbul\/wp-json\/wp\/v2\/types\/page"}],"author":[{"embeddable":true,"href":"https:\/\/www.enka.k12.tr\/istanbul\/wp-json\/wp\/v2\/users\/1"}],"replies":[{"embeddable":true,"href":"https:\/\/www.enka.k12.tr\/istanbul\/wp-json\/wp\/v2\/comments?post=5105"}],"version-history":[{"count":0,"href":"https:\/\/www.enka.k12.tr\/istanbul\/wp-json\/wp\/v2\/pages\/5105\/revisions"}],"up":[{"embeddable":true,"href":"https:\/\/www.enka.k12.tr\/istanbul\/wp-json\/wp\/v2\/pages\/3113"}],"wp:featuredmedia":[{"embeddable":true,"href":"https:\/\/www.enka.k12.tr\/istanbul\/wp-json\/wp\/v2\/media\/4235"}],"wp:attachment":[{"href":"https:\/\/www.enka.k12.tr\/istanbul\/wp-json\/wp\/v2\/media?parent=5105"}],"curies":[{"name":"wp","href":"https:\/\/api.w.org\/{rel}","templated":true}]}}