{"id":169,"date":"2017-07-26T08:46:24","date_gmt":"2017-07-26T05:46:24","guid":{"rendered":"http:\/\/www.enka.com\/foundation\/schools\/gebze\/?page_id=169"},"modified":"2023-12-27T13:57:39","modified_gmt":"2023-12-27T10:57:39","slug":"european-union-projects","status":"publish","type":"page","link":"https:\/\/www.enka.k12.tr\/kocaeli\/en\/academics\/mun-2\/european-union-projects\/","title":{"rendered":"EUROPEAN UNION PROJECTS"},"content":{"rendered":"<div class=\"wpb-content-wrapper\"><p>[vc_row][vc_column]<div id=\"ultimate-heading-440969fa2e94cc442\" class=\"uvc-heading ult-adjust-bottom-margin ultimate-heading-440969fa2e94cc442 uvc-3432 \" data-hspacer=\"line_with_icon\" data-hline_width=\"auto\" data-hicon_type=\"custom\" data-hborder_style=\"solid\" data-hborder_height=\"3\" data-hborder_color=\"#69b3e7\" data-icon_width=\"200\" data-hfixer=\"30\"  data-halign=\"center\" style=\"text-align:center\"><div class=\"uvc-heading-spacer line_with_icon\" style=\"top\"><div class=\"ult-just-icon-wrapper  \"><div class=\"align-icon\" style=\"text-align:center;\">\n<div class=\"aio-icon-img \" style=\"font-size:200px;display:inline-block;\" >\n\t<img decoding=\"async\" class=\"img-icon\" alt=\"null\" src=\"https:\/\/www.enka.k12.tr\/kocaeli\/wp-content\/uploads\/2023\/12\/enka_schools_log_new.jpg\"\/>\n<\/div><\/div><\/div><\/div><\/div><div class=\"ult-spacer spacer-69fa2e94cc49f\" data-id=\"69fa2e94cc49f\" data-height=\"24\" data-height-mobile=\"24\" data-height-tab=\"24\" data-height-tab-portrait=\"\" data-height-mobile-landscape=\"\" style=\"clear:both;display:block;\"><\/div>[\/vc_column][\/vc_row][vc_row padding_top=&#8221;30px&#8221; bg_type=&#8221;bg_color&#8221; bg_color_value=&#8221;#f5f5f5&#8243;][vc_column]<div id=\"ultimate-heading-792069fa2e94cc504\" class=\"uvc-heading ult-adjust-bottom-margin ultimate-heading-792069fa2e94cc504 uvc-7767 \" data-hspacer=\"line_only\"  data-halign=\"left\" style=\"text-align:left\"><div class=\"uvc-sub-heading ult-responsive\"  data-ultimate-target='.uvc-heading.ultimate-heading-792069fa2e94cc504 .uvc-sub-heading '  data-responsive-json-new='{\"font-size\":\"desktop:50px;tablet:48px;tablet_portrait:46px;mobile_landscape:44px;mobile:42px;\",\"line-height\":\"desktop:50px;tablet:48px;tablet_portrait:46px;mobile_landscape:44px;mobile:42px;\"}'  style=\"font-weight:bold;color:#000000;\"><span style=\"color: #fe5252;\"><span style=\"color: #69b3e7;\">EUROPEAN<\/span> <span style=\"color: #000000;\">UNION PROJECTS<\/span><\/span><\/div><div class=\"uvc-heading-spacer line_only\" style=\"margin-top:10px;height:3px;\"><span class=\"uvc-headings-line\" style=\"border-style:solid;border-bottom-width:3px;border-color:#000000;width:100px;\"><\/span><\/div><\/div>[\/vc_column][\/vc_row][vc_row padding_top=&#8221;30px&#8221; bg_type=&#8221;bg_color&#8221; bg_color_value=&#8221;#f5f5f5&#8243;][vc_column]<div class=\"ult-spacer spacer-69fa2e94cc543\" data-id=\"69fa2e94cc543\" data-height=\"24\" data-height-mobile=\"24\" data-height-tab=\"24\" data-height-tab-portrait=\"\" data-height-mobile-landscape=\"\" style=\"clear:both;display:block;\"><\/div>[\/vc_column][\/vc_row][vc_row][vc_column][vc_tta_accordion shape=&#8221;square&#8221; color=&#8221;sky&#8221; spacing=&#8221;3&#8243; active_section=&#8221;0&#8243; no_fill=&#8221;true&#8221; collapsible_all=&#8221;true&#8221;][vc_tta_section title=&#8221;ERASMUS+ (2014-2016)&#8221; tab_id=&#8221;1599737746738-cecc13b8-5424&#8243;][vc_column_text]\u201cDie Jugend Pra\u0308gt Europa \u2013 Fertigung Einer Mu\u0308nzpresse Zum Pra\u0308gen Einer Europamu\u0308nze\u201d<\/p>\n<p>In partnership with other schools, the school has participated in the European Union project \u201cDie Jugend Pra\u0308gt Europa \u2013 Fertigung Einer Mu\u0308nzpresse Zum Pra\u0308gen Einer Europamu\u0308nze\u201d (Youth Shaping Europe \u2013 the Manufacture of a Coin Press to Mint a European Coin). The project was successfully completed in 2016 with the support of a grant from Erasmus +, which brings together the European Union programmes for education, training and youth.<\/p>\n<p><img loading=\"lazy\" decoding=\"async\" class=\"size-medium wp-image-18406 alignright\" src=\"https:\/\/www.enka.k12.tr\/kocaeli\/wp-content\/uploads\/2020\/09\/Erasmus22017-300x225.jpg\" alt=\"\" width=\"300\" height=\"225\" srcset=\"https:\/\/www.enka.k12.tr\/kocaeli\/wp-content\/uploads\/2020\/09\/Erasmus22017-300x225.jpg 300w, https:\/\/www.enka.k12.tr\/kocaeli\/wp-content\/uploads\/2020\/09\/Erasmus22017-1024x768.jpg 1024w, https:\/\/www.enka.k12.tr\/kocaeli\/wp-content\/uploads\/2020\/09\/Erasmus22017-768x576.jpg 768w, https:\/\/www.enka.k12.tr\/kocaeli\/wp-content\/uploads\/2020\/09\/Erasmus22017.jpg 1385w\" sizes=\"auto, (max-width: 300px) 100vw, 300px\" \/><br \/>\nThe Berufliche Oberschule Regensburg School in Germany was the lead coordinator for the project. The other partners were the Duna\u00fajv\u00e1rosi B\u00e1nki Don\u00e1t Gimn\u00e1zium \u00e9s Szakk\u00f6z\u00e9piskola of Hungary, the Robert Schuman Institute of Belgium, the Zesp\u00f3\u0142 szk\u00f3\u0142 of Poland and the Private ENKA Vocational and Technical High School. A series of learning and teaching activities were organised among the schools in order to establish an international student partnership, share basic information about educational systems and methods, and facilitate cultural exchanges.<\/p>\n<p>At the project closing ceremony, held in Poland in May 2016, a commemorative coin-printing machine and a commemorative monument were unveiled. As part of this project, our school hosted the participating students and other guests and arranged a week-long programme of activities between March 13th and March 19th, 2016.[\/vc_column_text][\/vc_tta_section][vc_tta_section title=&#8221;ERASMUS+ (2017-2020)&#8221; tab_id=&#8221;1599737746795-51c2d0d3-3b19&#8243;][vc_column_text]\u201cSonne \u00fcber Europa-Entwicklung und Bau eines Solar angetriebenen Bootes\u201d, presented during the 2017 Call for Proposals within the scope of Erasmus + Program Inter-School Strategic Partnerships (KA219) activity carried out by the Ministry of European Union. \u00a0Our project named &#8220;Sun over Europe&#8221; has been accepted.<\/p>\n<p>The project will be carried out with a grant provided by the National Agency of the Ministry of EU Affairs.<\/p>\n<p><img loading=\"lazy\" decoding=\"async\" class=\"size-medium wp-image-18408 alignright\" src=\"https:\/\/www.enka.k12.tr\/kocaeli\/wp-content\/uploads\/2020\/09\/Erasmus12017-300x225.jpg\" alt=\"\" width=\"300\" height=\"225\" srcset=\"https:\/\/www.enka.k12.tr\/kocaeli\/wp-content\/uploads\/2020\/09\/Erasmus12017-300x225.jpg 300w, https:\/\/www.enka.k12.tr\/kocaeli\/wp-content\/uploads\/2020\/09\/Erasmus12017-1024x768.jpg 1024w, https:\/\/www.enka.k12.tr\/kocaeli\/wp-content\/uploads\/2020\/09\/Erasmus12017-768x576.jpg 768w, https:\/\/www.enka.k12.tr\/kocaeli\/wp-content\/uploads\/2020\/09\/Erasmus12017-1536x1152.jpg 1536w, https:\/\/www.enka.k12.tr\/kocaeli\/wp-content\/uploads\/2020\/09\/Erasmus12017.jpg 1597w\" sizes=\"auto, (max-width: 300px) 100vw, 300px\" \/>The 3-year project has 6 partners. The Robert Schuman Institute in Belgium\u00a0was the lead coordinator for the project. The other partners were the Duna\u00fajv\u00e1rosi B\u00e1nki Don\u00e1t Gimn\u00e1zium \u00e9s Szakk\u00f6z\u00e9piskola\u00a0of Hungary, the\u00a0Berufliche Oberschule Regensburg School o of Germany\u00a0, the Zesp\u00f3\u0142 szk\u00f3\u0142 of Poland, the\u00a0Istituto Tecnico Tecnologico Statale &#8220;Alessandro Volta&#8221; of Italy.\u00a0and the Private ENKA High School.<\/p>\n<p>A series of learning and teaching activities were organised among the schools in order to establish an international student partnership, share basic information about educational systems and methods, and facilitate cultural exchanges.<\/p>\n<p>Throughout the project, the students of the machinery and automation department will work together with the students of the partner schools via online platforms (Lo-net, etwinning, etc.) to build a boat powered by solar energy. \u00a0At the end of the project they will participate in competitions to be held in Belgium and Germany with this boat.[\/vc_column_text][\/vc_tta_section][\/vc_tta_accordion][\/vc_column][\/vc_row]<\/p>\n<\/div>","protected":false},"excerpt":{"rendered":"<p>[vc_row][vc_column][\/vc_column][\/vc_row][vc_row padding_top=&#8221;30px&#8221; bg_type=&#8221;bg_color&#8221; bg_color_value=&#8221;#f5f5f5&#8243;][vc_column][\/vc_column][\/vc_row][vc_row padding_top=&#8221;30px&#8221; bg_type=&#8221;bg_color&#8221; bg_color_value=&#8221;#f5f5f5&#8243;][vc_column][\/vc_column][\/vc_row][vc_row][vc_column][vc_tta_accordion shape=&#8221;square&#8221; color=&#8221;sky&#8221; spacing=&#8221;3&#8243; active_section=&#8221;0&#8243; no_fill=&#8221;true&#8221; collapsible_all=&#8221;true&#8221;][vc_tta_section title=&#8221;ERASMUS+ (2014-2016)&#8221; tab_id=&#8221;1599737746738-cecc13b8-5424&#8243;][vc_column_text]\u201cDie Jugend Pra\u0308gt Europa \u2013 Fertigung Einer Mu\u0308nzpresse Zum Pra\u0308gen Einer Europamu\u0308nze\u201d In partnership with other schools, the school has participated in the European Union project \u201cDie Jugend Pra\u0308gt Europa \u2013 Fertigung Einer Mu\u0308nzpresse Zum Pra\u0308gen Einer Europamu\u0308nze\u201d (Youth Shaping Europe \u2013 the Manufacture of a Coin Press to Mint&#8230;<\/p>\n","protected":false},"author":4,"featured_media":847,"parent":7896,"menu_order":0,"comment_status":"closed","ping_status":"closed","template":"","meta":{"_acf_changed":false,"inline_featured_image":false,"footnotes":""},"class_list":["post-169","page","type-page","status-publish","has-post-thumbnail","hentry","custom-post-type-entry"],"aioseo_notices":[],"acf":[],"_links":{"self":[{"href":"https:\/\/www.enka.k12.tr\/kocaeli\/en\/wp-json\/wp\/v2\/pages\/169","targetHints":{"allow":["GET"]}}],"collection":[{"href":"https:\/\/www.enka.k12.tr\/kocaeli\/en\/wp-json\/wp\/v2\/pages"}],"about":[{"href":"https:\/\/www.enka.k12.tr\/kocaeli\/en\/wp-json\/wp\/v2\/types\/page"}],"author":[{"embeddable":true,"href":"https:\/\/www.enka.k12.tr\/kocaeli\/en\/wp-json\/wp\/v2\/users\/4"}],"replies":[{"embeddable":true,"href":"https:\/\/www.enka.k12.tr\/kocaeli\/en\/wp-json\/wp\/v2\/comments?post=169"}],"version-history":[{"count":0,"href":"https:\/\/www.enka.k12.tr\/kocaeli\/en\/wp-json\/wp\/v2\/pages\/169\/revisions"}],"up":[{"embeddable":true,"href":"https:\/\/www.enka.k12.tr\/kocaeli\/en\/wp-json\/wp\/v2\/pages\/7896"}],"wp:featuredmedia":[{"embeddable":true,"href":"https:\/\/www.enka.k12.tr\/kocaeli\/en\/wp-json\/wp\/v2\/media\/847"}],"wp:attachment":[{"href":"https:\/\/www.enka.k12.tr\/kocaeli\/en\/wp-json\/wp\/v2\/media?parent=169"}],"curies":[{"name":"wp","href":"https:\/\/api.w.org\/{rel}","templated":true}]}}