{"id":19112,"date":"2017-07-26T08:29:55","date_gmt":"2017-07-26T08:29:55","guid":{"rendered":"https:\/\/www.enka.k12.tr\/kocaeli\/schools\/vocational-education\/kimya-teknolojisi-bolumu\/"},"modified":"2023-12-22T17:23:45","modified_gmt":"2023-12-22T14:23:45","slug":"kimya-teknolojisi-bolumu","status":"publish","type":"page","link":"https:\/\/www.enka.k12.tr\/kocaeli\/en\/schools\/vocational-education\/kimya-teknolojisi-bolumu\/","title":{"rendered":"DEPARTMENT  OF CHEMICAL TECHNOLOGY"},"content":{"rendered":"<div class=\"wpb-content-wrapper\"><p>[vc_row][vc_column]<div id=\"ultimate-heading-867869ea10b753e1f\" class=\"uvc-heading ult-adjust-bottom-margin ultimate-heading-867869ea10b753e1f uvc-142 \" data-hspacer=\"line_with_icon\" data-hline_width=\"auto\" data-hicon_type=\"custom\" data-hborder_style=\"solid\" data-hborder_height=\"3\" data-hborder_color=\"#69b3e7\" data-icon_width=\"200\" data-hfixer=\"30\"  data-halign=\"center\" style=\"text-align:center\"><div class=\"uvc-heading-spacer line_with_icon\" style=\"top\"><div class=\"ult-just-icon-wrapper  \"><div class=\"align-icon\" style=\"text-align:center;\">\n<div class=\"aio-icon-img \" style=\"font-size:200px;display:inline-block;\" >\n\t<img decoding=\"async\" class=\"img-icon\" alt=\"null\" src=\"https:\/\/www.enka.k12.tr\/kocaeli\/wp-content\/uploads\/2023\/12\/enka_schools_log_new.jpg\"\/>\n<\/div><\/div><\/div><\/div><\/div><div class=\"ult-spacer spacer-69ea10b753e85\" data-id=\"69ea10b753e85\" data-height=\"24\" data-height-mobile=\"24\" data-height-tab=\"24\" data-height-tab-portrait=\"\" data-height-mobile-landscape=\"\" style=\"clear:both;display:block;\"><\/div>[\/vc_column][\/vc_row][vc_row padding_top=&#8221;30px&#8221; bg_type=&#8221;bg_color&#8221; bg_color_value=&#8221;#f5f5f5&#8243;][vc_column]<div id=\"ultimate-heading-4569ea10b753ef3\" class=\"uvc-heading ult-adjust-bottom-margin ultimate-heading-4569ea10b753ef3 uvc-6873 \" data-hspacer=\"line_only\"  data-halign=\"center\" style=\"text-align:center\"><div class=\"uvc-main-heading ult-responsive\"  data-ultimate-target='.uvc-heading.ultimate-heading-4569ea10b753ef3 h2'  data-responsive-json-new='{\"font-size\":\"desktop:20px;\",\"line-height\":\"desktop:50px;\"}' ><h2 style=\"font-weight:normal;color:#000000;\">DEPARTMENT OF<\/h2><\/div><div class=\"uvc-sub-heading ult-responsive\"  data-ultimate-target='.uvc-heading.ultimate-heading-4569ea10b753ef3 .uvc-sub-heading '  data-responsive-json-new='{\"font-size\":\"desktop:50px;tablet:48px;tablet_portrait:46px;mobile_landscape:44px;mobile:42px;\",\"line-height\":\"desktop:50px;tablet:48px;tablet_portrait:46px;mobile_landscape:44px;mobile:42px;\"}'  style=\"font-weight:bold;color:#000000;\"><span style=\"font-family: 'Roboto Condensed';\"><span style=\"color: #33cccc;\">CHEMICAL<\/span> TECHNOLOGY<\/span><\/div><div class=\"uvc-heading-spacer line_only\" style=\"margin-top:10px;height:3px;\"><span class=\"uvc-headings-line\" style=\"border-style:solid;border-bottom-width:3px;border-color:#000000;width:100px;\"><\/span><\/div><\/div><div class=\"ult-spacer spacer-69ea10b753f79\" data-id=\"69ea10b753f79\" data-height=\"24\" data-height-mobile=\"24\" data-height-tab=\"24\" data-height-tab-portrait=\"\" data-height-mobile-landscape=\"\" style=\"clear:both;display:block;\"><\/div>[vc_video link=&#8221;https:\/\/www.youtube.com\/watch?v=N3ZCQBE-ANs&#8221;][\/vc_column][\/vc_row][vc_row padding_top=&#8221;30px&#8221; bg_type=&#8221;bg_color&#8221; bg_color_value=&#8221;#f5f5f5&#8243;][vc_column]<div class=\"ult-spacer spacer-69ea10b753fac\" data-id=\"69ea10b753fac\" data-height=\"24\" data-height-mobile=\"24\" data-height-tab=\"24\" data-height-tab-portrait=\"\" data-height-mobile-landscape=\"\" style=\"clear:both;display:block;\"><\/div>[vc_column_text]<span style=\"font-family: 'Roboto Condensed';\">In the Department \u00a0of Chemical Technology, professional staff who can meet the needs of the sector and market conditions and have the necessary professional competence are trained in line with scientific and technological developments.<\/span><\/p>\n<p><span style=\"font-family: 'Roboto Condensed';\"><strong>The main purpose in the <\/strong>Department<strong> of Chemical Technology to train qualified people \u00a0who are taking samples, performing physical and chemical quality controls of the sample, making qualitative, quantitative and instrumental analysis, preparing solutions, performing periodic maintenance and control of the tools and equipment used, reporting the analysis results, have the knowledge and skills of storing classifying chemical substances and chemical wastes, can organize work, think analytically, questioning, invastigating and, evaluative by complying with the occupational health and safety rules.<\/strong><\/span>[\/vc_column_text][\/vc_column][\/vc_row][vc_row padding_top=&#8221;30px&#8221; bg_type=&#8221;bg_color&#8221; bg_color_value=&#8221;#f5f5f5&#8243;][vc_column][vc_separator color=&#8221;blue&#8221;]<div class=\"ult-spacer spacer-69ea10b753fdc\" data-id=\"69ea10b753fdc\" data-height=\"10\" data-height-mobile=\"5\" data-height-tab=\"20\" data-height-tab-portrait=\"\" data-height-mobile-landscape=\"\" style=\"clear:both;display:block;\"><\/div>[\/vc_column][\/vc_row][vc_row padding_top=&#8221;30px&#8221; bg_type=&#8221;bg_color&#8221; bg_color_value=&#8221;#f5f5f5&#8243;][vc_column]<div id=\"ultimate-heading-40569ea10b75400f\" class=\"uvc-heading ult-adjust-bottom-margin ultimate-heading-40569ea10b75400f uvc-7774 \" data-hspacer=\"no_spacer\"  data-halign=\"center\" style=\"text-align:center\"><div class=\"uvc-heading-spacer no_spacer\" style=\"top\"><\/div><div class=\"uvc-sub-heading ult-responsive\"  data-ultimate-target='.uvc-heading.ultimate-heading-40569ea10b75400f .uvc-sub-heading '  data-responsive-json-new='{\"font-size\":\"\",\"line-height\":\"\"}'  style=\"font-weight:normal;\"><span style=\"font-family: 'Roboto Condensed'; font-size: 18pt;\"><strong>VOCATIONAL EDUCATION<\/strong><\/span><\/div><\/div><div class=\"ult-spacer spacer-69ea10b75404e\" data-id=\"69ea10b75404e\" data-height=\"24\" data-height-mobile=\"5\" data-height-tab=\"20\" data-height-tab-portrait=\"\" data-height-mobile-landscape=\"\" style=\"clear:both;display:block;\"><\/div>[vc_column_text]<\/p>\n<p style=\"text-align: justify;\"><span style=\"font-family: 'Roboto Condensed';\">In our school, Chemistry Laboratory Branch education is given under the Chemistry Technology Department. In our department of Chemical Technology; Basic Chemistry, \u00a0Computational Chemistry, Qualitative Analysis, Quantitative Analysis, Organic Chemistry, Inorganic Chemistry and Instrumental Analysis laboratory courses are given. A maximum of 12 students receive education in our laboratory simultaneusly, and also \u00a0in our department, \u00a0there are tools, equipments, devices and chemicals to enable each student to perform all applications individually.<\/span><\/p>\n<p>[\/vc_column_text]<div class=\"ult-spacer spacer-69ea10b75407c\" data-id=\"69ea10b75407c\" data-height=\"24\" data-height-mobile=\"5\" data-height-tab=\"20\" data-height-tab-portrait=\"\" data-height-mobile-landscape=\"\" style=\"clear:both;display:block;\"><\/div>[\/vc_column][\/vc_row][vc_row padding_top=&#8221;30px&#8221; bg_type=&#8221;bg_color&#8221; bg_color_value=&#8221;#f5f5f5&#8243;][vc_column width=&#8221;1\/2&#8243;][vc_single_image image=&#8221;18730&#8243;][\/vc_column][vc_column width=&#8221;1\/2&#8243;][vc_single_image image=&#8221;18728&#8243;][\/vc_column][\/vc_row][vc_row padding_top=&#8221;30px&#8221; bg_type=&#8221;bg_color&#8221; bg_color_value=&#8221;#f5f5f5&#8243;][vc_column][vc_column_text]<span style=\"font-family: 'Roboto Condensed';\">In our department; daily life products \u00a0such as liquid soap, solid soap, solid wax, gel candle, scented stone, cologne, dish detergent, herbal cream, disinfectant, perfume, clay shaping, bleach, essential oils are produced with our students.<\/span>[\/vc_column_text][\/vc_column][\/vc_row][vc_row padding_top=&#8221;30px&#8221; bg_type=&#8221;bg_color&#8221; bg_color_value=&#8221;#f5f5f5&#8243;][vc_column][vc_separator color=&#8221;blue&#8221;]<div class=\"ult-spacer spacer-69ea10b7540a6\" data-id=\"69ea10b7540a6\" data-height=\"10\" data-height-mobile=\"5\" data-height-tab=\"20\" data-height-tab-portrait=\"\" data-height-mobile-landscape=\"\" style=\"clear:both;display:block;\"><\/div>[\/vc_column][\/vc_row][vc_row padding_top=&#8221;30px&#8221; bg_type=&#8221;bg_color&#8221; bg_color_value=&#8221;#f5f5f5&#8243;][vc_column width=&#8221;2\/3&#8243;]<div id=\"ultimate-heading-407069ea10b7540d4\" class=\"uvc-heading ult-adjust-bottom-margin ultimate-heading-407069ea10b7540d4 uvc-8185 \" data-hspacer=\"no_spacer\"  data-halign=\"left\" style=\"text-align:left\"><div class=\"uvc-heading-spacer no_spacer\" style=\"top\"><\/div><div class=\"uvc-sub-heading ult-responsive\"  data-ultimate-target='.uvc-heading.ultimate-heading-407069ea10b7540d4 .uvc-sub-heading '  data-responsive-json-new='{\"font-size\":\"\",\"line-height\":\"\"}'  style=\"font-weight:normal;\"><span style=\"font-family: 'Roboto Condensed'; font-size: 18pt;\"><strong>PROJECT STUDIES<\/strong><\/span><\/div><\/div><div class=\"ult-spacer spacer-69ea10b75410d\" data-id=\"69ea10b75410d\" data-height=\"10\" data-height-mobile=\"5\" data-height-tab=\"20\" data-height-tab-portrait=\"\" data-height-mobile-landscape=\"\" style=\"clear:both;display:block;\"><\/div>[vc_column_text]<\/p>\n<p style=\"text-align: justify;\"><span style=\"font-family: 'Roboto Condensed';\">The students thanks to their hands-on training participate in national and international project competitions with the project studies they prepare using the necessary equipment and infrastructure.<\/span><\/p>\n<p><span style=\"font-family: 'Roboto Condensed';\">In our department, many projects have been carried out in thematic areas such as Biodiversity, Materials and Nanotechnology, STEAM (Science, Technology, Engineering, Art, Mathematics), Water Literacy, Healthy Nutrition, Sustainable Development, Renewable Energy.<\/span>[\/vc_column_text][\/vc_column][vc_column width=&#8221;1\/3&#8243;][vc_single_image image=&#8221;18736&#8243;][\/vc_column][\/vc_row][vc_row padding_top=&#8221;30px&#8221; bg_type=&#8221;bg_color&#8221; bg_color_value=&#8221;#f5f5f5&#8243;][vc_column][vc_separator color=&#8221;blue&#8221;]<div class=\"ult-spacer spacer-69ea10b754136\" data-id=\"69ea10b754136\" data-height=\"10\" data-height-mobile=\"5\" data-height-tab=\"20\" data-height-tab-portrait=\"\" data-height-mobile-landscape=\"\" style=\"clear:both;display:block;\"><\/div>[\/vc_column][\/vc_row][vc_row padding_top=&#8221;30px&#8221; bg_type=&#8221;bg_color&#8221; bg_color_value=&#8221;#f5f5f5&#8243;][vc_column width=&#8221;2\/3&#8243;]<div id=\"ultimate-heading-890269ea10b754164\" class=\"uvc-heading ult-adjust-bottom-margin ultimate-heading-890269ea10b754164 uvc-2952 \" data-hspacer=\"no_spacer\"  data-halign=\"left\" style=\"text-align:left\"><div class=\"uvc-heading-spacer no_spacer\" style=\"top\"><\/div><div class=\"uvc-sub-heading ult-responsive\"  data-ultimate-target='.uvc-heading.ultimate-heading-890269ea10b754164 .uvc-sub-heading '  data-responsive-json-new='{\"font-size\":\"\",\"line-height\":\"\"}'  style=\"font-weight:normal;\"><span style=\"font-family: 'Roboto Condensed'; font-size: 18pt;\"><strong>FACTORY TOUR<\/strong><\/span><\/div><\/div><div class=\"ult-spacer spacer-69ea10b75419c\" data-id=\"69ea10b75419c\" data-height=\"10\" data-height-mobile=\"5\" data-height-tab=\"20\" data-height-tab-portrait=\"\" data-height-mobile-landscape=\"\" style=\"clear:both;display:block;\"><\/div>[vc_column_text]<\/p>\n<p style=\"text-align: justify;\"><span style=\"font-family: 'Roboto Condensed';\">Technical visits are organized to leading manufacturers\u2019 factories in the chemical industry. In this way, information is obtained about the studies in R&amp;D and quality laboratories, anlysis, laboratory equipment, raw materials, products, product efficiency, and internship processes. Some of these trips were made to \u00c7imta\u015f, Colgate-Palmolive Santa Farma, Cargill, Polisan, Dilovas\u0131 Organized Industrial Zone Domestic and Industrial Wastewater Treatment Plant.<\/span><\/p>\n<p>[\/vc_column_text][\/vc_column][vc_column width=&#8221;1\/3&#8243;][vc_single_image image=&#8221;18741&#8243;][\/vc_column][\/vc_row][vc_row padding_top=&#8221;30px&#8221; bg_type=&#8221;bg_color&#8221; bg_color_value=&#8221;#f5f5f5&#8243;][vc_column][vc_separator color=&#8221;blue&#8221;]<div class=\"ult-spacer spacer-69ea10b7541c4\" data-id=\"69ea10b7541c4\" data-height=\"10\" data-height-mobile=\"5\" data-height-tab=\"20\" data-height-tab-portrait=\"\" data-height-mobile-landscape=\"\" style=\"clear:both;display:block;\"><\/div>[\/vc_column][\/vc_row][vc_row padding_top=&#8221;30px&#8221; bg_type=&#8221;bg_color&#8221; bg_color_value=&#8221;#f5f5f5&#8243;][vc_column width=&#8221;2\/3&#8243;]<div id=\"ultimate-heading-74969ea10b7541f1\" class=\"uvc-heading ult-adjust-bottom-margin ultimate-heading-74969ea10b7541f1 uvc-5204 \" data-hspacer=\"no_spacer\"  data-halign=\"left\" style=\"text-align:left\"><div class=\"uvc-heading-spacer no_spacer\" style=\"top\"><\/div><div class=\"uvc-sub-heading ult-responsive\"  data-ultimate-target='.uvc-heading.ultimate-heading-74969ea10b7541f1 .uvc-sub-heading '  data-responsive-json-new='{\"font-size\":\"\",\"line-height\":\"\"}'  style=\"font-weight:normal;\"><span style=\"font-family: 'Roboto Condensed'; font-size: 18pt;\"><strong>EXPOSITION VISITS\u00a0<\/strong><\/span><\/div><\/div><div class=\"ult-spacer spacer-69ea10b754225\" data-id=\"69ea10b754225\" data-height=\"10\" data-height-mobile=\"5\" data-height-tab=\"20\" data-height-tab-portrait=\"\" data-height-mobile-landscape=\"\" style=\"clear:both;display:block;\"><\/div>[vc_column_text]<\/p>\n<p style=\"text-align: justify;\"><span style=\"font-family: 'Roboto Condensed';\">In order to contribute to the knowledge and experience of our students on Chemical Technology, technical trips are organized to fairs that promote the world-renowned and leading companies of the chemical industry. Some of these trips were made to Labtek, Chem Eurasia, Turkchem, ChemShow Eurasia, International Food, Nutrition Components, Chemicals and Technologies Exhibition, International pharmaceuticals Ingredients, Raw Materials and Technologies Exhibition.<\/span><\/p>\n<p>[\/vc_column_text][\/vc_column][vc_column width=&#8221;1\/3&#8243;][vc_single_image image=&#8221;18743&#8243;][\/vc_column][\/vc_row][vc_row padding_top=&#8221;30px&#8221; bg_type=&#8221;bg_color&#8221; bg_color_value=&#8221;#f5f5f5&#8243;][vc_column][vc_separator color=&#8221;blue&#8221;]<div class=\"ult-spacer spacer-69ea10b75424c\" data-id=\"69ea10b75424c\" data-height=\"10\" data-height-mobile=\"5\" data-height-tab=\"20\" data-height-tab-portrait=\"\" data-height-mobile-landscape=\"\" style=\"clear:both;display:block;\"><\/div>[\/vc_column][\/vc_row][vc_row padding_top=&#8221;30px&#8221; bg_type=&#8221;bg_color&#8221; bg_color_value=&#8221;#f5f5f5&#8243;][vc_column width=&#8221;2\/3&#8243;]<div id=\"ultimate-heading-981569ea10b754278\" class=\"uvc-heading ult-adjust-bottom-margin ultimate-heading-981569ea10b754278 uvc-5822 \" data-hspacer=\"no_spacer\"  data-halign=\"left\" style=\"text-align:left\"><div class=\"uvc-heading-spacer no_spacer\" style=\"top\"><\/div><div class=\"uvc-sub-heading ult-responsive\"  data-ultimate-target='.uvc-heading.ultimate-heading-981569ea10b754278 .uvc-sub-heading '  data-responsive-json-new='{\"font-size\":\"\",\"line-height\":\"\"}'  style=\"font-weight:normal;\"><span style=\"font-family: 'Roboto Condensed'; font-size: 18pt;\"><strong>INTERSHIP<\/strong><\/span><\/div><\/div><div class=\"ult-spacer spacer-69ea10b7542ab\" data-id=\"69ea10b7542ab\" data-height=\"10\" data-height-mobile=\"5\" data-height-tab=\"20\" data-height-tab-portrait=\"\" data-height-mobile-landscape=\"\" style=\"clear:both;display:block;\"><\/div>[vc_column_text]<span style=\"font-family: 'Roboto Condensed';\">The students use the knowledge and practical skills they have gained in our chemistry workshops within the framework of scientific study and discipline rules during their summer internships.<\/span><\/p>\n<p><span style=\"font-family: 'Roboto Condensed';\">Our students can do internship training at T\u00fcpra\u015f \u0130zmit Refinery, Hayat Kimya, \u0130zayda\u015f, Nuh Cement, DYO, Marshall, Santa Farma, BASF, Henkel, Unilever, Cargill, Aromsa, Aykim, Betek Paint, Bilim Pharmaceuticals, Eczac\u0131ba\u015f\u0131, Kastamonu Entegre, P&amp;G, Taya\u015f, Aslan Cement, Kroman \u00c7elik, Adel Kalemcilik, Namet G\u0131da, Pulcra, TSE, Amcor, Evyap, Novartis, Mustafa Nevzat Pharmaceuticals. At the same time, the students who rank among the top three among the department students have the opportunity to have summer internship in Germany.<\/span>[\/vc_column_text][\/vc_column][vc_column width=&#8221;1\/3&#8243;][vc_single_image image=&#8221;18745&#8243;][\/vc_column][\/vc_row][vc_row padding_top=&#8221;30px&#8221; bg_type=&#8221;bg_color&#8221; bg_color_value=&#8221;#f5f5f5&#8243;][vc_column][vc_separator color=&#8221;blue&#8221;]<div class=\"ult-spacer spacer-69ea10b7542d1\" data-id=\"69ea10b7542d1\" data-height=\"10\" data-height-mobile=\"5\" data-height-tab=\"20\" data-height-tab-portrait=\"\" data-height-mobile-landscape=\"\" style=\"clear:both;display:block;\"><\/div>[\/vc_column][\/vc_row][vc_row padding_top=&#8221;30px&#8221; bg_type=&#8221;bg_color&#8221; bg_color_value=&#8221;#f5f5f5&#8243;][vc_column]<div id=\"ultimate-heading-656769ea10b754306\" class=\"uvc-heading ult-adjust-bottom-margin ultimate-heading-656769ea10b754306 uvc-6752 \" data-hspacer=\"no_spacer\"  data-halign=\"center\" style=\"text-align:center\"><div class=\"uvc-heading-spacer no_spacer\" style=\"top\"><\/div><div class=\"uvc-sub-heading ult-responsive\"  data-ultimate-target='.uvc-heading.ultimate-heading-656769ea10b754306 .uvc-sub-heading '  data-responsive-json-new='{\"font-size\":\"\",\"line-height\":\"\"}'  style=\"font-weight:normal;\"><span style=\"font-family: 'Roboto Condensed'; font-size: 18pt;\"><strong>AFTER GRADUATION<\/strong><\/span><\/div><\/div><div class=\"ult-spacer spacer-69ea10b754339\" data-id=\"69ea10b754339\" data-height=\"10\" data-height-mobile=\"5\" data-height-tab=\"20\" data-height-tab-portrait=\"\" data-height-mobile-landscape=\"\" style=\"clear:both;display:block;\"><\/div>[vc_column_text]<span style=\"font-family: 'Roboto Condensed';\">The students who graduate from the department of Chemical Technology can work in many sectors such as health, food, refinery, petrochemical, tire, cement, paint, detergent, cosmetics, textile ceramics, glass, automotive, metal, mining, energy and agriculture. And also they can create new products and develop technological methods for their production.<\/span>[\/vc_column_text]<div class=\"ult-spacer spacer-69ea10b75435d\" data-id=\"69ea10b75435d\" data-height=\"10\" data-height-mobile=\"5\" data-height-tab=\"20\" data-height-tab-portrait=\"\" data-height-mobile-landscape=\"\" style=\"clear:both;display:block;\"><\/div>[\/vc_column][\/vc_row]<\/p>\n<\/div>","protected":false},"excerpt":{"rendered":"<p>[vc_row][vc_column][\/vc_column][\/vc_row][vc_row padding_top=&#8221;30px&#8221; bg_type=&#8221;bg_color&#8221; bg_color_value=&#8221;#f5f5f5&#8243;][vc_column][vc_video link=&#8221;https:\/\/www.youtube.com\/watch?v=N3ZCQBE-ANs&#8221;][\/vc_column][\/vc_row][vc_row padding_top=&#8221;30px&#8221; bg_type=&#8221;bg_color&#8221; bg_color_value=&#8221;#f5f5f5&#8243;][vc_column][vc_column_text]In the Department \u00a0of Chemical Technology, professional staff who can meet the needs of the sector and market conditions and have the necessary professional competence are trained in line with scientific and technological developments. The main purpose in the Department of Chemical Technology to train qualified people \u00a0who are taking samples, performing physical and chemical quality controls of&#8230;<\/p>\n","protected":false},"author":4,"featured_media":837,"parent":129,"menu_order":0,"comment_status":"closed","ping_status":"closed","template":"","meta":{"_acf_changed":false,"inline_featured_image":false,"footnotes":""},"class_list":["post-19112","page","type-page","status-publish","has-post-thumbnail","hentry","custom-post-type-entry"],"aioseo_notices":[],"acf":[],"_links":{"self":[{"href":"https:\/\/www.enka.k12.tr\/kocaeli\/en\/wp-json\/wp\/v2\/pages\/19112","targetHints":{"allow":["GET"]}}],"collection":[{"href":"https:\/\/www.enka.k12.tr\/kocaeli\/en\/wp-json\/wp\/v2\/pages"}],"about":[{"href":"https:\/\/www.enka.k12.tr\/kocaeli\/en\/wp-json\/wp\/v2\/types\/page"}],"author":[{"embeddable":true,"href":"https:\/\/www.enka.k12.tr\/kocaeli\/en\/wp-json\/wp\/v2\/users\/4"}],"replies":[{"embeddable":true,"href":"https:\/\/www.enka.k12.tr\/kocaeli\/en\/wp-json\/wp\/v2\/comments?post=19112"}],"version-history":[{"count":0,"href":"https:\/\/www.enka.k12.tr\/kocaeli\/en\/wp-json\/wp\/v2\/pages\/19112\/revisions"}],"up":[{"embeddable":true,"href":"https:\/\/www.enka.k12.tr\/kocaeli\/en\/wp-json\/wp\/v2\/pages\/129"}],"wp:featuredmedia":[{"embeddable":true,"href":"https:\/\/www.enka.k12.tr\/kocaeli\/en\/wp-json\/wp\/v2\/media\/837"}],"wp:attachment":[{"href":"https:\/\/www.enka.k12.tr\/kocaeli\/en\/wp-json\/wp\/v2\/media?parent=19112"}],"curies":[{"name":"wp","href":"https:\/\/api.w.org\/{rel}","templated":true}]}}