{"id":13585,"date":"2020-05-09T12:00:37","date_gmt":"2020-05-09T09:00:37","guid":{"rendered":"https:\/\/www.enka.k12.tr\/kocaeli\/?page_id=13585"},"modified":"2026-05-04T15:00:19","modified_gmt":"2026-05-04T12:00:19","slug":"matematik-yarismasi-2","status":"publish","type":"page","link":"https:\/\/www.enka.k12.tr\/kocaeli\/matematik-yarismasi-2\/","title":{"rendered":"MATEMAT\u0130K YARI\u015eMASI"},"content":{"rendered":"<div class=\"wpb-content-wrapper\"><p>[vc_row][vc_column]<div id=\"ultimate-heading-189169fa1ddbb7d54\" class=\"uvc-heading ult-adjust-bottom-margin ultimate-heading-189169fa1ddbb7d54 uvc-8140 \" data-hspacer=\"line_with_icon\" data-hline_width=\"auto\" data-hicon_type=\"custom\" data-hborder_style=\"solid\" data-hborder_height=\"3\" data-hborder_color=\"#FE5252\" data-icon_width=\"200\" data-hfixer=\"30\"  data-halign=\"center\" style=\"text-align:center\"><div class=\"uvc-heading-spacer line_with_icon\" style=\"top\"><div class=\"ult-just-icon-wrapper  \"><div class=\"align-icon\" style=\"text-align:center;\">\n<div class=\"aio-icon-img \" style=\"font-size:200px;display:inline-block;\" >\n\t<img decoding=\"async\" class=\"img-icon\" alt=\"null\" src=\"https:\/\/www.enka.k12.tr\/kocaeli\/wp-content\/uploads\/2025\/02\/cropped-sitebaslik.png\"\/>\n<\/div><\/div><\/div><\/div><\/div>[\/vc_column][\/vc_row][vc_row][vc_column][vc_column_text]<\/p>\n<p style=\"text-align: center;\"><span style=\"font-size: 18pt;\"><strong>\u00d6ZEL ENKA FEN VE TEKNOLOJ\u0130 L\u0130SES\u0130<\/strong><\/span><\/p>\n<p style=\"text-align: center;\"><span style=\"font-size: 18pt;\"><strong>8.SINIFLAR ARASI 12. MATEMAT\u0130K YARI\u015eMASI<\/strong><\/span><\/p>\n<p style=\"text-align: center;\"><span style=\"font-size: 18pt;\"><strong>\u015eARTNAMES\u0130<\/strong><\/span><\/p>\n<p>&nbsp;<\/p>\n<p><strong><u>A- BA\u015eVURULAR <\/u><\/strong><\/p>\n<p>1- Bu yar\u0131\u015fmaya, 2025-2026 E\u011fitim-\u00d6\u011fretim y\u0131l\u0131nda ortaokullar\u0131n 8.s\u0131n\u0131flar\u0131na devam eden \u00f6\u011frenciler kat\u0131labileceklerdir.<\/p>\n<p>2- Ba\u015fvurular ferdi olarak internet sitemizden yap\u0131lacakt\u0131r. ( <a href=\"https:\/\/www.enka.k12.tr\/kocaeli\/\">https:\/\/www.enka.k12.tr\/kocaeli\/<\/a>)<\/p>\n<p>3- Ba\u015fvurular <strong>12 Mart 2026 \u00c7ar\u015famba <\/strong>g\u00fcn\u00fc ba\u015flayacak ve <strong>30Nisan 2026 Per\u015fembe <\/strong>g\u00fcn\u00fc saat 17.00\u2019da sona erecektir.<\/p>\n<p>4- Yar\u0131\u015fma s\u0131nav\u0131na kat\u0131l\u0131m \u00fccretsizdir.<\/p>\n<p>5- Yar\u0131\u015fma kontenjan\u0131 1.200 (bin iki y\u00fcz) \u00f6\u011frenci ile s\u0131n\u0131rl\u0131 olup m\u00fcracaat s\u0131ras\u0131na g\u00f6re ilk 1.200 (bin iki y\u00fcz) \u00f6\u011frenci yar\u0131\u015fmaya al\u0131nacakt\u0131r. <u>Bina kontenjan\u0131 600 oldu\u011fundan<\/u>, yar\u0131\u015fmaya m\u00fcracaat eden 1.200 \u00f6\u011frenciden 600 \u00f6\u011frenci sabah oturumunda, kalan 600 \u00f6\u011frenci ise \u00f6\u011fle oturumunda yar\u0131\u015fma s\u0131nav\u0131na girecektir.<\/p>\n<p>&nbsp;<\/p>\n<p><strong>B- <u>YARI\u015eMA KURALLARI VE UYGULANI\u015e \u015eEKL\u0130:<\/u><\/strong><\/p>\n<p>1- Yar\u0131\u015fma <strong>10 May\u0131s 2026 Pazar g\u00fcn\u00fc, \u00d6zel ENKA Fen ve Teknoloji Lisesi<\/strong>\u2019nde yap\u0131lacakt\u0131r.<\/p>\n<p>2- Yar\u0131\u015fmada \u00f6n eleme, final gibi birden \u00e7ok a\u015fama uygulanmayacakt\u0131r.<\/p>\n<p>3- Sabah oturumu saat 10:30\u2019da ba\u015flayacak ve 80 dakika s\u00fcrecektir. Yar\u0131\u015fmaya girecek \u00f6\u011frenciler saat 10\u2019da okulda haz\u0131r bulunacaklard\u0131r.<\/p>\n<p>4- \u00d6\u011fle oturumu saat 15:00\u2019da ba\u015flayacak ve 80 dakika s\u00fcrecektir. Yar\u0131\u015fmaya girecek \u00f6\u011frenciler saat 14:30\u2019da okulda haz\u0131r bulunacaklard\u0131r.<\/p>\n<p>5-Yar\u0131\u015fma sorular\u0131 olu\u015fturulan bir komisyon taraf\u0131ndan haz\u0131rlan\u0131p ayn\u0131 komisyon taraf\u0131ndan de\u011ferlendirilecektir.<\/p>\n<p>6- Yar\u0131\u015fmaya kat\u0131lacak \u00f6\u011frenciler n\u00fcfus c\u00fczdan\u0131n\u0131 ve e-okuldan al\u0131nm\u0131\u015f \u00f6\u011frenci belgesini yanlar\u0131nda getirmek zorundad\u0131r. Belirtilen belgeleri olmayan \u00f6\u011frenciler s\u0131nava al\u0131nmaz. Ba\u015fvuru esnas\u0131nda yanl\u0131\u015f bilgi giren \u00f6\u011frencilerin s\u0131nav sonucu iptal edilecektir.<\/p>\n<p>7- \u00d6\u011frenciler s\u0131nav saatinden 30 dakika \u00f6nce okulda haz\u0131r olacaklard\u0131r.<\/p>\n<p>8- Yar\u0131\u015fma ba\u015flang\u0131c\u0131ndan itibaren ilk 60 dk. i\u00e7inde \u00f6\u011frencinin ayr\u0131lmas\u0131na izin verilmeyecektir.<\/p>\n<p>9- Sorular aras\u0131nda \u00fcst d\u00fczey matematik yetene\u011fini \u00f6l\u00e7en sorular da olacakt\u0131r.<\/p>\n<p>10- Yar\u0131\u015fma sorular\u0131 orta\u00f6\u011fretim 6.ve 7.s\u0131n\u0131flar\u0131n matematik dersi m\u00fcfredat\u0131n\u0131n tamam\u0131 ile 8.s\u0131n\u0131f\u0131n May\u0131s ay\u0131na kadar olan b\u00f6l\u00fcm\u00fcn\u00fc kapsayacakt\u0131r.<\/p>\n<p>11- Yar\u0131\u015fmada 40 adet test sorusu sorulacakt\u0131r. Sorular 4 se\u00e7enekli olup 3 yanl\u0131\u015f 1 do\u011fruyu g\u00f6t\u00fcrecek, toplam net say\u0131s\u0131 \u00fczerinden de\u011ferlendirilecektir. Yar\u0131\u015fma s\u00fcresi 80 dakikad\u0131r.<\/p>\n<p>12- \u00d6\u011frenciler s\u0131nava kendi imkanlar\u0131 ya da internet sayfam\u0131zda belirtilecek okul servisleriyle \u00fccretsiz okulumuza ula\u015facaklard\u0131r.<\/p>\n<p>13- Matematik yar\u0131\u015fmas\u0131na kat\u0131lan \u00f6\u011frencilerden isteyen \u00f6\u011frencilere dijital olarak kat\u0131l\u0131m belgesi verilecektir.<\/p>\n<p>&nbsp;<\/p>\n<p><span style=\"font-size: 14pt; color: #000000;\"><strong>BA\u015eVURU \u0130\u00c7\u0130N L\u00dcTFEN A\u015eA\u011eIDAK\u0130 BA\u015eVURU FORMUNU DOLDURUNUZ.<\/strong><\/span><\/p>\n<p>[\/vc_column_text]<div class=\"ult-spacer spacer-69fa1ddbb7dcb\" data-id=\"69fa1ddbb7dcb\" data-height=\"30\" data-height-mobile=\"30\" data-height-tab=\"30\" data-height-tab-portrait=\"30\" data-height-mobile-landscape=\"30\" style=\"clear:both;display:block;\"><\/div>[\/vc_column][\/vc_row][vc_row][vc_column][vc_tta_accordion active_section=&#8221;&#8221;][vc_tta_section title=&#8221;\u015eARTNAME VE KURALLAR&#8221; tab_id=&#8221;1763643621190-57606b57-c040&#8243;][vc_single_image image=&#8221;26776&#8243;][\/vc_tta_section][vc_tta_section title=&#8221;BA\u015eVURU FORM&#8221; tab_id=&#8221;1763634880004-c587c785-f1dc&#8221;][vc_column_text]Kay\u0131tlar\u0131m\u0131z Sona Ermi\u015ftir.[\/vc_column_text][\/vc_tta_section][\/vc_tta_accordion][\/vc_column][\/vc_row]<\/p>\n<\/div>","protected":false},"excerpt":{"rendered":"<p>[vc_row][vc_column][\/vc_column][\/vc_row][vc_row][vc_column][vc_column_text] \u00d6ZEL ENKA FEN VE TEKNOLOJ\u0130 L\u0130SES\u0130 8.SINIFLAR ARASI 12. MATEMAT\u0130K YARI\u015eMASI \u015eARTNAMES\u0130 &nbsp; A- BA\u015eVURULAR 1- Bu yar\u0131\u015fmaya, 2025-2026 E\u011fitim-\u00d6\u011fretim y\u0131l\u0131nda ortaokullar\u0131n 8.s\u0131n\u0131flar\u0131na devam eden \u00f6\u011frenciler kat\u0131labileceklerdir. 2- Ba\u015fvurular ferdi olarak internet sitemizden yap\u0131lacakt\u0131r. ( https:\/\/www.enka.k12.tr\/kocaeli\/) 3- Ba\u015fvurular 12 Mart 2026 \u00c7ar\u015famba g\u00fcn\u00fc ba\u015flayacak ve 30Nisan 2026 Per\u015fembe g\u00fcn\u00fc saat 17.00\u2019da sona erecektir. 4- Yar\u0131\u015fma s\u0131nav\u0131na kat\u0131l\u0131m \u00fccretsizdir. 5- Yar\u0131\u015fma kontenjan\u0131 1.200 (bin iki&#8230;<\/p>\n","protected":false},"author":1,"featured_media":0,"parent":0,"menu_order":0,"comment_status":"closed","ping_status":"closed","template":"","meta":{"_acf_changed":false,"inline_featured_image":false,"footnotes":""},"class_list":["post-13585","page","type-page","status-publish","hentry","custom-post-type-entry"],"aioseo_notices":[],"acf":[],"_links":{"self":[{"href":"https:\/\/www.enka.k12.tr\/kocaeli\/wp-json\/wp\/v2\/pages\/13585","targetHints":{"allow":["GET"]}}],"collection":[{"href":"https:\/\/www.enka.k12.tr\/kocaeli\/wp-json\/wp\/v2\/pages"}],"about":[{"href":"https:\/\/www.enka.k12.tr\/kocaeli\/wp-json\/wp\/v2\/types\/page"}],"author":[{"embeddable":true,"href":"https:\/\/www.enka.k12.tr\/kocaeli\/wp-json\/wp\/v2\/users\/1"}],"replies":[{"embeddable":true,"href":"https:\/\/www.enka.k12.tr\/kocaeli\/wp-json\/wp\/v2\/comments?post=13585"}],"version-history":[{"count":54,"href":"https:\/\/www.enka.k12.tr\/kocaeli\/wp-json\/wp\/v2\/pages\/13585\/revisions"}],"predecessor-version":[{"id":27079,"href":"https:\/\/www.enka.k12.tr\/kocaeli\/wp-json\/wp\/v2\/pages\/13585\/revisions\/27079"}],"wp:attachment":[{"href":"https:\/\/www.enka.k12.tr\/kocaeli\/wp-json\/wp\/v2\/media?parent=13585"}],"curies":[{"name":"wp","href":"https:\/\/api.w.org\/{rel}","templated":true}]}}