{"id":19868,"date":"2021-06-22T13:50:56","date_gmt":"2021-06-22T10:50:56","guid":{"rendered":"https:\/\/www.enka.k12.tr\/kocaeli\/?page_id=19868"},"modified":"2021-06-22T13:50:56","modified_gmt":"2021-06-22T10:50:56","slug":"yayinlarimiz","status":"publish","type":"page","link":"https:\/\/www.enka.k12.tr\/kocaeli\/okulda-yasam\/yayinlarimiz\/","title":{"rendered":"YAYINLARIMIZ"},"content":{"rendered":"<div class=\"wpb-content-wrapper\"><p>[vc_row][vc_column]<div id=\"ultimate-heading-333069f3c6e08296d\" class=\"uvc-heading ult-adjust-bottom-margin ultimate-heading-333069f3c6e08296d uvc-7308 \" data-hspacer=\"line_with_icon\" data-hline_width=\"auto\" data-hicon_type=\"custom\" data-hborder_style=\"solid\" data-hborder_height=\"3\" data-hborder_color=\"#69b3e7\" data-icon_width=\"200\" data-hfixer=\"30\"  data-halign=\"center\" style=\"text-align:center\"><div class=\"uvc-heading-spacer line_with_icon\" style=\"top\"><div class=\"ult-just-icon-wrapper  \"><div class=\"align-icon\" style=\"text-align:center;\">\n<div class=\"aio-icon-img \" style=\"font-size:200px;display:inline-block;\" >\n\t<img decoding=\"async\" class=\"img-icon\" alt=\"null\" src=\"https:\/\/www.enka.k12.tr\/kocaeli\/wp-content\/uploads\/2021\/04\/ENKA-Schools-New-Logo-02.png\"\/>\n<\/div><\/div><\/div><\/div><\/div><div class=\"ult-spacer spacer-69f3c6e0829c4\" data-id=\"69f3c6e0829c4\" data-height=\"30\" data-height-mobile=\"10\" data-height-tab=\"20\" data-height-tab-portrait=\"\" data-height-mobile-landscape=\"\" style=\"clear:both;display:block;\"><\/div>[\/vc_column][\/vc_row][vc_row padding_top=&#8221;30px&#8221; bg_type=&#8221;bg_color&#8221; bg_color_value=&#8221;#f5f5f5&#8243;][vc_column]<div id=\"ultimate-heading-754169f3c6e082a17\" class=\"uvc-heading ult-adjust-bottom-margin ultimate-heading-754169f3c6e082a17 uvc-8803 \" data-hspacer=\"line_only\"  data-halign=\"left\" style=\"text-align:left\"><div class=\"uvc-sub-heading ult-responsive\"  data-ultimate-target='.uvc-heading.ultimate-heading-754169f3c6e082a17 .uvc-sub-heading '  data-responsive-json-new='{\"font-size\":\"desktop:50px;tablet:48px;tablet_portrait:46px;mobile_landscape:44px;mobile:42px;\",\"line-height\":\"desktop:50px;tablet:48px;tablet_portrait:46px;mobile_landscape:44px;mobile:42px;\"}'  style=\"font-weight:bold;color:#000000;\">YAYINLARIMIZ<\/div><div class=\"uvc-heading-spacer line_only\" style=\"margin-top:10px;height:3px;\"><span class=\"uvc-headings-line\" style=\"border-style:solid;border-bottom-width:3px;border-color:#69b3e7;width:100px;\"><\/span><\/div><\/div>[\/vc_column][\/vc_row][vc_row padding_top=&#8221;30px&#8221; bg_type=&#8221;bg_color&#8221; bg_color_value=&#8221;#f5f5f5&#8243;][vc_column][vc_column_text]Okulumuzda her y\u0131l \u00f6\u011frencilerin \u00e7al\u0131\u015fmalar\u0131yla \u201cENKA\u2019n\u0131n Sesi\u201d dergisi yay\u0131nlan\u0131r. K\u00fclt\u00fcr-Edebiyat kul\u00fcb\u00fc \u00f6\u011frencilerinin \u00e7al\u0131\u015fmalar\u0131n\u0131n yo\u011fun oldu\u011fu dergi kul\u00fcp d\u0131\u015f\u0131ndan \u00f6\u011frenci \u00fcr\u00fcnlerine de a\u00e7\u0131kt\u0131r.<\/p>\n<p>Her say\u0131da \u00f6nceden belirlenen konu ve \u015fahsiyetler i\u015flendi\u011fi gibi \u00f6\u011frencilerin y\u0131l i\u00e7inde derslerde yazd\u0131\u011f\u0131 serbest yaz\u0131lardan da uygun bulunanlar dergide yer al\u0131r. Dergiyi e\u011flenceli ve ilgi \u00e7ekici hale getirmek i\u00e7in \u00f6\u011fretmen ve \u00f6\u011frencilerle ilgili ilgin\u00e7 anekdotlar ara\u015ft\u0131rmac\u0131 gazeteci aday\u0131 kul\u00fcp \u00f6\u011frencileri taraf\u0131ndan bulunarak dergide yerle\u015ftirilir.<\/p>\n<p>\u00d6\u011frenci yaz\u0131lar\u0131n\u0131n yan\u0131 s\u0131ra okulda yap\u0131lan faaliyetler, kat\u0131ld\u0131\u011f\u0131m\u0131z yar\u0131\u015fma ve projelerle ilgili bilgiler de dergimizin bir par\u00e7as\u0131d\u0131r.[\/vc_column_text]<div class=\"ult-spacer spacer-69f3c6e082a53\" data-id=\"69f3c6e082a53\" data-height=\"24\" data-height-mobile=\"24\" data-height-tab=\"24\" data-height-tab-portrait=\"\" data-height-mobile-landscape=\"\" style=\"clear:both;display:block;\"><\/div>[\/vc_column][\/vc_row][vc_row][vc_column width=&#8221;1\/2&#8243;]<div class=\"ult-spacer spacer-69f3c6e082a7b\" data-id=\"69f3c6e082a7b\" data-height=\"24\" data-height-mobile=\"24\" data-height-tab=\"24\" data-height-tab-portrait=\"\" data-height-mobile-landscape=\"\" style=\"clear:both;display:block;\"><\/div>[vc_custom_heading text=&#8221;MAYIS 2015, SAYI: 2&#8243; use_theme_fonts=&#8221;yes&#8221;][vc_column_text]<\/p>\n<div id=\"dflip_post_meta_box_shortcode\" class=\"postbox \">\n<div class=\"inside\">\n<div class=\"dflip-tabs normal-tabs\">\n<div id=\"dflip-tab-content-normal\" class=\"dflip-tab-content dflip-active\"><code><div class=\"_df_book df-container df-loading \" id=\"df_18539\"  wpoptions=\"true\" ><\/div><script data-cfasync=\"false\">var option_df_18539 = {\"webgl\":\"false\",\"outline\":[],\"height\":\"500\",\"forceFit\":\"true\",\"autoEnableOutline\":\"false\",\"autoEnableThumbnail\":\"false\",\"overwritePDFOutline\":\"false\",\"direction\":\"1\",\"pageMode\":\"0\",\"singlePageMode\":\"2\",\"source\":\"https:\\\/\\\/www.enka.k12.tr\\\/kocaeli\\\/wp-content\\\/uploads\\\/2020\\\/09\\\/Mayis-2015.pdf\",\"wpOptions\":\"true\"}; if(window.DFLIP && DFLIP.parseBooks){DFLIP.parseBooks();}<\/script><\/code><\/div>\n<\/div>\n<\/div>\n<\/div>\n<p>[\/vc_column_text][\/vc_column][vc_column width=&#8221;1\/2&#8243;]<div class=\"ult-spacer spacer-69f3c6e082d91\" data-id=\"69f3c6e082d91\" data-height=\"24\" data-height-mobile=\"24\" data-height-tab=\"24\" data-height-tab-portrait=\"\" data-height-mobile-landscape=\"\" style=\"clear:both;display:block;\"><\/div>[vc_custom_heading text=&#8221;EK\u0130M 2016 ,SAYI: 3&#8243; use_theme_fonts=&#8221;yes&#8221;][vc_column_text]<\/p>\n<div id=\"dflip_post_meta_box_shortcode\" class=\"postbox \">\n<div class=\"inside\">\n<div class=\"dflip-tabs normal-tabs\">\n<div id=\"dflip-tab-content-normal\" class=\"dflip-tab-content dflip-active\"><code><div class=\"_df_book df-container df-loading \" id=\"df_18553\"  wpoptions=\"true\" ><\/div><script data-cfasync=\"false\">var option_df_18553 = {\"webgl\":\"false\",\"outline\":[],\"height\":\"500\",\"forceFit\":\"true\",\"autoEnableOutline\":\"false\",\"autoEnableThumbnail\":\"false\",\"overwritePDFOutline\":\"false\",\"direction\":\"1\",\"pageMode\":\"0\",\"singlePageMode\":\"2\",\"source\":\"https:\\\/\\\/www.enka.k12.tr\\\/kocaeli\\\/wp-content\\\/uploads\\\/2020\\\/09\\\/Ekim-2016.pdf\",\"wpOptions\":\"true\"}; if(window.DFLIP && DFLIP.parseBooks){DFLIP.parseBooks();}<\/script><\/code><\/div>\n<\/div>\n<\/div>\n<\/div>\n<div id=\"submitdiv\" class=\"postbox \">\n<div class=\"postbox-header\">\n<div class=\"handle-actions hide-if-no-js\"><\/div>\n<\/div>\n<\/div>\n<p>[\/vc_column_text][\/vc_column][\/vc_row]<\/p>\n<\/div>","protected":false},"excerpt":{"rendered":"<p>[vc_row][vc_column][\/vc_column][\/vc_row][vc_row padding_top=&#8221;30px&#8221; bg_type=&#8221;bg_color&#8221; bg_color_value=&#8221;#f5f5f5&#8243;][vc_column][\/vc_column][\/vc_row][vc_row padding_top=&#8221;30px&#8221; bg_type=&#8221;bg_color&#8221; bg_color_value=&#8221;#f5f5f5&#8243;][vc_column][vc_column_text]Okulumuzda her y\u0131l \u00f6\u011frencilerin \u00e7al\u0131\u015fmalar\u0131yla \u201cENKA\u2019n\u0131n Sesi\u201d dergisi yay\u0131nlan\u0131r. K\u00fclt\u00fcr-Edebiyat kul\u00fcb\u00fc \u00f6\u011frencilerinin \u00e7al\u0131\u015fmalar\u0131n\u0131n yo\u011fun oldu\u011fu dergi kul\u00fcp d\u0131\u015f\u0131ndan \u00f6\u011frenci \u00fcr\u00fcnlerine de a\u00e7\u0131kt\u0131r. Her say\u0131da \u00f6nceden belirlenen konu ve \u015fahsiyetler i\u015flendi\u011fi gibi \u00f6\u011frencilerin y\u0131l i\u00e7inde derslerde yazd\u0131\u011f\u0131 serbest yaz\u0131lardan da uygun bulunanlar dergide yer al\u0131r. Dergiyi e\u011flenceli ve ilgi \u00e7ekici hale getirmek i\u00e7in \u00f6\u011fretmen ve \u00f6\u011frencilerle ilgili ilgin\u00e7 anekdotlar ara\u015ft\u0131rmac\u0131&#8230;<\/p>\n","protected":false},"author":14,"featured_media":929,"parent":632,"menu_order":0,"comment_status":"closed","ping_status":"closed","template":"","meta":{"_acf_changed":false,"inline_featured_image":false,"footnotes":""},"class_list":["post-19868","page","type-page","status-publish","has-post-thumbnail","hentry","custom-post-type-entry"],"aioseo_notices":[],"acf":[],"_links":{"self":[{"href":"https:\/\/www.enka.k12.tr\/kocaeli\/wp-json\/wp\/v2\/pages\/19868","targetHints":{"allow":["GET"]}}],"collection":[{"href":"https:\/\/www.enka.k12.tr\/kocaeli\/wp-json\/wp\/v2\/pages"}],"about":[{"href":"https:\/\/www.enka.k12.tr\/kocaeli\/wp-json\/wp\/v2\/types\/page"}],"author":[{"embeddable":true,"href":"https:\/\/www.enka.k12.tr\/kocaeli\/wp-json\/wp\/v2\/users\/14"}],"replies":[{"embeddable":true,"href":"https:\/\/www.enka.k12.tr\/kocaeli\/wp-json\/wp\/v2\/comments?post=19868"}],"version-history":[{"count":0,"href":"https:\/\/www.enka.k12.tr\/kocaeli\/wp-json\/wp\/v2\/pages\/19868\/revisions"}],"up":[{"embeddable":true,"href":"https:\/\/www.enka.k12.tr\/kocaeli\/wp-json\/wp\/v2\/pages\/632"}],"wp:featuredmedia":[{"embeddable":true,"href":"https:\/\/www.enka.k12.tr\/kocaeli\/wp-json\/wp\/v2\/media\/929"}],"wp:attachment":[{"href":"https:\/\/www.enka.k12.tr\/kocaeli\/wp-json\/wp\/v2\/media?parent=19868"}],"curies":[{"name":"wp","href":"https:\/\/api.w.org\/{rel}","templated":true}]}}