{"id":20323,"date":"2021-12-29T14:50:53","date_gmt":"2021-12-29T11:50:53","guid":{"rendered":"https:\/\/www.enka.k12.tr\/kocaeli\/?page_id=20323"},"modified":"2023-12-22T15:40:19","modified_gmt":"2023-12-22T12:40:19","slug":"tubitak-dergisi","status":"publish","type":"page","link":"https:\/\/www.enka.k12.tr\/kocaeli\/okulda-yasam\/tubitak-dergisi\/","title":{"rendered":"T\u00dcB\u0130TAK DERG\u0130S\u0130"},"content":{"rendered":"<div class=\"wpb-content-wrapper\"><p>[vc_row][vc_column]<div id=\"ultimate-heading-376169f3c743546f4\" class=\"uvc-heading ult-adjust-bottom-margin ultimate-heading-376169f3c743546f4 uvc-9096 \" data-hspacer=\"line_with_icon\" data-hline_width=\"auto\" data-hicon_type=\"custom\" data-hborder_style=\"solid\" data-hborder_height=\"3\" data-hborder_color=\"#69b3e7\" data-icon_width=\"200\" data-hfixer=\"30\"  data-halign=\"center\" style=\"text-align:center\"><div class=\"uvc-heading-spacer line_with_icon\" style=\"top\"><div class=\"ult-just-icon-wrapper  \"><div class=\"align-icon\" style=\"text-align:center;\">\n<div class=\"aio-icon-img \" style=\"font-size:200px;display:inline-block;\" >\n\t<img decoding=\"async\" class=\"img-icon\" alt=\"null\" src=\"https:\/\/www.enka.k12.tr\/kocaeli\/wp-content\/uploads\/2023\/12\/enka_schools_log_new.jpg\"\/>\n<\/div><\/div><\/div><\/div><\/div><div class=\"ult-spacer spacer-69f3c7435474f\" data-id=\"69f3c7435474f\" data-height=\"30\" data-height-mobile=\"10\" data-height-tab=\"20\" data-height-tab-portrait=\"\" data-height-mobile-landscape=\"\" style=\"clear:both;display:block;\"><\/div>[\/vc_column][\/vc_row][vc_row padding_top=&#8221;30px&#8221; bg_type=&#8221;bg_color&#8221; bg_color_value=&#8221;#f5f5f5&#8243;][vc_column][vc_column_text]<span style=\"font-size: 14pt;\">Dergimiz \u00d6zel ENKA Mesleki ve Teknik Anadolu Lisemiz ve \u00d6zel ENKA Fen ve Teknoloji Lisemizde 2011-2021 y\u0131llar\u0131 aras\u0131nda ger\u00e7ekle\u015ftirilen projeler ve ald\u0131klar\u0131 \u00f6d\u00fcllere ili\u015fkin verileri i\u00e7ermektedir. Bilim dolu g\u00fcnlerde keyifle okuman\u0131z dile\u011fiyle.<\/span><\/p>\n<p style=\"text-align: right;\"><strong>Kocaeli \u00d6zel ENKA Teknik Okullar\u0131<\/strong><\/p>\n<p>[\/vc_column_text]<div class=\"ult-spacer spacer-69f3c7435477c\" data-id=\"69f3c7435477c\" data-height=\"24\" data-height-mobile=\"24\" data-height-tab=\"24\" data-height-tab-portrait=\"\" data-height-mobile-landscape=\"\" style=\"clear:both;display:block;\"><\/div>[\/vc_column][\/vc_row][vc_row tablet_fullwidth_cols=&#8221;yes&#8221; min_height=&#8221;500&#8243; border_color=&#8221;#ffffff&#8221;][vc_column]<div class=\"ult-spacer spacer-69f3c743547a5\" data-id=\"69f3c743547a5\" data-height=\"24\" data-height-mobile=\"24\" data-height-tab=\"24\" data-height-tab-portrait=\"\" data-height-mobile-landscape=\"\" style=\"clear:both;display:block;\"><\/div>[vc_custom_heading text=&#8221;&#8221; use_theme_fonts=&#8221;yes&#8221;][vc_column_text]<\/p>\n<div id=\"dflip_post_meta_box_shortcode\" class=\"postbox \">\n<div class=\"inside\">\n<div class=\"dflip-tabs normal-tabs\">\n<div id=\"dflip-tab-content-normal\" class=\"dflip-tab-content dflip-active\"><div class=\"_df_book df-container df-loading \" id=\"df_20320\"  wpoptions=\"true\" ><\/div><script data-cfasync=\"false\">var option_df_20320 = {\"outline\":[],\"forceFit\":\"true\",\"autoEnableOutline\":\"false\",\"autoEnableThumbnail\":\"false\",\"overwritePDFOutline\":\"false\",\"direction\":\"1\",\"pageMode\":\"0\",\"source\":\"https:\\\/\\\/www.enka.k12.tr\\\/kocaeli\\\/wp-content\\\/uploads\\\/2021\\\/12\\\/OZEL-ENKA-TEKNIK-OKULLARI-DERGI1.pdf\",\"wpOptions\":\"true\"}; if(window.DFLIP && DFLIP.parseBooks){DFLIP.parseBooks();}<\/script><\/div>\n<\/div>\n<\/div>\n<\/div>\n<div id=\"submitdiv\" class=\"postbox \">\n<div class=\"postbox-header\">\n<div class=\"handle-actions hide-if-no-js\"><\/div>\n<\/div>\n<\/div>\n<p>[\/vc_column_text][\/vc_column][\/vc_row]<\/p>\n<\/div>","protected":false},"excerpt":{"rendered":"<p>[vc_row][vc_column][\/vc_column][\/vc_row][vc_row padding_top=&#8221;30px&#8221; bg_type=&#8221;bg_color&#8221; bg_color_value=&#8221;#f5f5f5&#8243;][vc_column][vc_column_text]Dergimiz \u00d6zel ENKA Mesleki ve Teknik Anadolu Lisemiz ve \u00d6zel ENKA Fen ve Teknoloji Lisemizde 2011-2021 y\u0131llar\u0131 aras\u0131nda ger\u00e7ekle\u015ftirilen projeler ve ald\u0131klar\u0131 \u00f6d\u00fcllere ili\u015fkin verileri i\u00e7ermektedir. Bilim dolu g\u00fcnlerde keyifle okuman\u0131z dile\u011fiyle. Kocaeli \u00d6zel ENKA Teknik Okullar\u0131 [\/vc_column_text][\/vc_column][\/vc_row][vc_row tablet_fullwidth_cols=&#8221;yes&#8221; min_height=&#8221;500&#8243; border_color=&#8221;#ffffff&#8221;][vc_column][vc_custom_heading text=&#8221;&#8221; use_theme_fonts=&#8221;yes&#8221;][vc_column_text] [\/vc_column_text][\/vc_column][\/vc_row]<\/p>\n","protected":false},"author":14,"featured_media":20384,"parent":632,"menu_order":0,"comment_status":"closed","ping_status":"closed","template":"","meta":{"_acf_changed":false,"inline_featured_image":false,"footnotes":""},"class_list":["post-20323","page","type-page","status-publish","has-post-thumbnail","hentry","custom-post-type-entry"],"aioseo_notices":[],"acf":[],"_links":{"self":[{"href":"https:\/\/www.enka.k12.tr\/kocaeli\/wp-json\/wp\/v2\/pages\/20323","targetHints":{"allow":["GET"]}}],"collection":[{"href":"https:\/\/www.enka.k12.tr\/kocaeli\/wp-json\/wp\/v2\/pages"}],"about":[{"href":"https:\/\/www.enka.k12.tr\/kocaeli\/wp-json\/wp\/v2\/types\/page"}],"author":[{"embeddable":true,"href":"https:\/\/www.enka.k12.tr\/kocaeli\/wp-json\/wp\/v2\/users\/14"}],"replies":[{"embeddable":true,"href":"https:\/\/www.enka.k12.tr\/kocaeli\/wp-json\/wp\/v2\/comments?post=20323"}],"version-history":[{"count":0,"href":"https:\/\/www.enka.k12.tr\/kocaeli\/wp-json\/wp\/v2\/pages\/20323\/revisions"}],"up":[{"embeddable":true,"href":"https:\/\/www.enka.k12.tr\/kocaeli\/wp-json\/wp\/v2\/pages\/632"}],"wp:featuredmedia":[{"embeddable":true,"href":"https:\/\/www.enka.k12.tr\/kocaeli\/wp-json\/wp\/v2\/media\/20384"}],"wp:attachment":[{"href":"https:\/\/www.enka.k12.tr\/kocaeli\/wp-json\/wp\/v2\/media?parent=20323"}],"curies":[{"name":"wp","href":"https:\/\/api.w.org\/{rel}","templated":true}]}}