{"id":22101,"date":"2023-12-18T10:15:15","date_gmt":"2023-12-18T07:15:15","guid":{"rendered":"https:\/\/www.enka.k12.tr\/kocaeli\/?page_id=22101"},"modified":"2023-12-27T14:05:32","modified_gmt":"2023-12-27T11:05:32","slug":"avrupa-birligi-iyi-ornekler-raporu","status":"publish","type":"page","link":"https:\/\/www.enka.k12.tr\/kocaeli\/akademik-faaliyetler\/yurt-disi-calismalari\/avrupa-birligi-iyi-ornekler-raporu\/","title":{"rendered":"AVRUPA B\u0130RL\u0130\u011e\u0130 &#8220;\u0130Y\u0130 \u00d6RNEKLER&#8221; RAPORU"},"content":{"rendered":"<div class=\"wpb-content-wrapper\"><p>[vc_row][vc_column]<div id=\"ultimate-heading-291369dff18dce78c\" class=\"uvc-heading ult-adjust-bottom-margin ultimate-heading-291369dff18dce78c uvc-3788 \" data-hspacer=\"line_with_icon\" data-hline_width=\"auto\" data-hicon_type=\"custom\" data-hborder_style=\"solid\" data-hborder_height=\"3\" data-hborder_color=\"#fe5252\" data-icon_width=\"200\" data-hfixer=\"30\"  data-halign=\"center\" style=\"text-align:center\"><div class=\"uvc-heading-spacer line_with_icon\" style=\"top\"><div class=\"ult-just-icon-wrapper  \"><div class=\"align-icon\" style=\"text-align:center;\">\n<div class=\"aio-icon-img \" style=\"font-size:200px;display:inline-block;\" >\n\t<img decoding=\"async\" class=\"img-icon\" alt=\"null\" src=\"https:\/\/www.enka.k12.tr\/kocaeli\/wp-content\/uploads\/2023\/12\/enka_schools_log_new.jpg\"\/>\n<\/div><\/div><\/div><\/div><\/div><div class=\"ult-spacer spacer-69dff18dce7eb\" data-id=\"69dff18dce7eb\" data-height=\"30\" data-height-mobile=\"10\" data-height-tab=\"20\" data-height-tab-portrait=\"\" data-height-mobile-landscape=\"\" style=\"clear:both;display:block;\"><\/div>[\/vc_column][\/vc_row][vc_row padding_top=&#8221;30px&#8221; bg_type=&#8221;bg_color&#8221; bg_color_value=&#8221;#f5f5f5&#8243;][vc_column]<div id=\"ultimate-heading-639769dff18dce866\" class=\"uvc-heading ult-adjust-bottom-margin ultimate-heading-639769dff18dce866 uvc-1406 \" data-hspacer=\"line_only\"  data-halign=\"left\" style=\"text-align:left\"><div class=\"uvc-main-heading ult-responsive\"  data-ultimate-target='.uvc-heading.ultimate-heading-639769dff18dce866 h2'  data-responsive-json-new='{\"font-size\":\"desktop:20px;\",\"line-height\":\"desktop:50px;\"}' ><h2 style=\"font-weight:normal;color:#000000;\">AVRUPA B\u0130RL\u0130\u011e\u0130 ``\u0130Y\u0130 \u00d6RNEKLER``<\/h2><\/div><div class=\"uvc-sub-heading ult-responsive\"  data-ultimate-target='.uvc-heading.ultimate-heading-639769dff18dce866 .uvc-sub-heading '  data-responsive-json-new='{\"font-size\":\"desktop:50px;tablet:48px;tablet_portrait:46px;mobile_landscape:44px;mobile:42px;\",\"line-height\":\"desktop:50px;tablet:48px;tablet_portrait:46px;mobile_landscape:44px;mobile:42px;\"}'  style=\"font-weight:bold;color:#000000;\"><span style=\"color: #fe5252;\">RAPORU<\/span><\/div><div class=\"uvc-heading-spacer line_only\" style=\"margin-top:10px;height:3px;\"><span class=\"uvc-headings-line\" style=\"border-style:solid;border-bottom-width:3px;border-color:;width:100px;\"><\/span><\/div><\/div>[\/vc_column][\/vc_row][vc_row padding_top=&#8221;30px&#8221; bg_type=&#8221;bg_color&#8221; bg_color_value=&#8221;#f5f5f5&#8243;][vc_column width=&#8221;1\/2&#8243;][vc_column_text]AB&#8217;nin kom\u015fu \u00fclkelerine, AB d\u0131\u015f ili\u015fkiler politikalar\u0131n\u0131n bir par\u00e7as\u0131 olarak e\u011fitim ve \u00f6\u011fretim sistemlerini reform etmelerinde yard\u0131mc\u0131 olmak amac\u0131yla kurulan Avrupa E\u011fitim Vakf\u0131 (ETF) taraf\u0131ndan haz\u0131rlanan &#8220;Mesleki E\u011fitim ve \u00d6\u011fretimde Uygulamal\u0131 Ara\u015ft\u0131rman\u0131n \u0130yi Uygulamalar\u0131 \u00dczerine Uluslararas\u0131 Haritalama \u00c7al\u0131\u015fmas\u0131&#8221; adl\u0131 makalede okulumuz T\u00fcrkiye\u2019yi temsilen yer alm\u0131\u015ft\u0131r. Rapor \u00f6ncesi ETF ad\u0131na Hollanda CINOP Ara\u015ft\u0131rma Merkezi taraf\u0131ndan, okulumuzda y\u00fcr\u00fct\u00fclen e\u011fitim faaliyetleri incelenmi\u015f, okul idaremiz, \u00f6\u011fretmenlerimiz ve \u00f6\u011frencilerimizle \u00e7e\u015fitli g\u00f6r\u00fc\u015fmeler yap\u0131lm\u0131\u015ft\u0131r. \u00d6zellikle \u00f6\u011frencilerimizin haz\u0131rlad\u0131klar\u0131 T\u00fcbitak ara\u015ft\u0131rma projeleri ve Erasmus \u00e7al\u0131\u015fmalar\u0131 \u00fczerinde durulmu\u015ftur.[\/vc_column_text][\/vc_column][vc_column width=&#8221;1\/2&#8243;][vc_single_image image=&#8221;22106&#8243; img_size=&#8221;full&#8221;]<div class=\"ult-spacer spacer-69dff18dce8d1\" data-id=\"69dff18dce8d1\" data-height=\"24\" data-height-mobile=\"24\" data-height-tab=\"24\" data-height-tab-portrait=\"\" data-height-mobile-landscape=\"\" style=\"clear:both;display:block;\"><\/div>[\/vc_column][\/vc_row][vc_row][vc_column]<div class=\" ubtn-ctn-left \"><a class=\"ubtn-link ult-adjust-bottom-margin ubtn-left ubtn-block \" href=\"https:\/\/www.enka.k12.tr\/kocaeli\/wp-content\/uploads\/2023\/12\/Report-applied-research_COVES-SLA1_WP3.pdf\" ><button type=\"button\" id=\"ubtn-4126\"  class=\"ubtn ult-adjust-bottom-margin ult-responsive ubtn-block ubtn-no-hover-bg  none  ubtn-sep-icon ubtn-sep-icon-at-left  ubtn-left   tooltip-69dff18dce909 ubtn-block\"  data-hover=\"\" data-border-color=\"\" data-bg=\"#e0e0e0\" data-hover-bg=\"\" data-border-hover=\"\" data-shadow-hover=\"\" data-shadow-click=\"none\" data-shadow=\"\" data-shd-shadow=\"\"  data-ultimate-target='#ubtn-4126'  data-responsive-json-new='{\"font-size\":\"\",\"line-height\":\"\"}'  style=\"font-weight:normal;border:none;background: #e0e0e0;color: #000000;\"><span class=\"ubtn-data ubtn-icon\"><i class=\"Defaults-cloud-download\" style=\"font-size:32px;color:;\"><\/i><\/span><span class=\"ubtn-hover\" style=\"background-color:\"><\/span><span class=\"ubtn-data ubtn-text \" >AVRUPA B\u0130RL\u0130\u011e\u0130 ``\u0130Y\u0130 \u00d6RNEKLER`` RAPORU<\/span><\/button><\/a><\/div>[\/vc_column][\/vc_row][vc_row full_width=&#8221;stretch_row_content&#8221;][vc_column][vc_column_text]<div class=\"_df_book df-container df-loading \" id=\"df_22121\"  wpoptions=\"true\" ><\/div><script data-cfasync=\"false\">var option_df_22121 = {\"outline\":[],\"height\":\"700\",\"hard\":\"cover\",\"forceFit\":\"true\",\"autoEnableOutline\":\"false\",\"autoEnableThumbnail\":\"false\",\"overwritePDFOutline\":\"false\",\"direction\":\"1\",\"pageMode\":\"0\",\"source\":\"https:\\\/\\\/www.enka.k12.tr\\\/kocaeli\\\/wp-content\\\/uploads\\\/2023\\\/12\\\/Report-applied-research_COVES-SLA1_WP3.pdf\",\"wpOptions\":\"true\"}; if(window.DFLIP && DFLIP.parseBooks){DFLIP.parseBooks();}<\/script>[\/vc_column_text][\/vc_column][\/vc_row]<\/p>\n<\/div>","protected":false},"excerpt":{"rendered":"<p>[vc_row][vc_column][\/vc_column][\/vc_row][vc_row padding_top=&#8221;30px&#8221; bg_type=&#8221;bg_color&#8221; bg_color_value=&#8221;#f5f5f5&#8243;][vc_column][\/vc_column][\/vc_row][vc_row padding_top=&#8221;30px&#8221; bg_type=&#8221;bg_color&#8221; bg_color_value=&#8221;#f5f5f5&#8243;][vc_column width=&#8221;1\/2&#8243;][vc_column_text]AB&#8217;nin kom\u015fu \u00fclkelerine, AB d\u0131\u015f ili\u015fkiler politikalar\u0131n\u0131n bir par\u00e7as\u0131 olarak e\u011fitim ve \u00f6\u011fretim sistemlerini reform etmelerinde yard\u0131mc\u0131 olmak amac\u0131yla kurulan Avrupa E\u011fitim Vakf\u0131 (ETF) taraf\u0131ndan haz\u0131rlanan &#8220;Mesleki E\u011fitim ve \u00d6\u011fretimde Uygulamal\u0131 Ara\u015ft\u0131rman\u0131n \u0130yi Uygulamalar\u0131 \u00dczerine Uluslararas\u0131 Haritalama \u00c7al\u0131\u015fmas\u0131&#8221; adl\u0131 makalede okulumuz T\u00fcrkiye\u2019yi temsilen yer alm\u0131\u015ft\u0131r. Rapor \u00f6ncesi ETF ad\u0131na Hollanda CINOP Ara\u015ft\u0131rma Merkezi taraf\u0131ndan, okulumuzda y\u00fcr\u00fct\u00fclen e\u011fitim faaliyetleri&#8230;<\/p>\n","protected":false},"author":1,"featured_media":22123,"parent":7895,"menu_order":1,"comment_status":"closed","ping_status":"closed","template":"","meta":{"_acf_changed":false,"inline_featured_image":false,"footnotes":""},"class_list":["post-22101","page","type-page","status-publish","has-post-thumbnail","hentry","custom-post-type-entry"],"aioseo_notices":[],"acf":[],"_links":{"self":[{"href":"https:\/\/www.enka.k12.tr\/kocaeli\/wp-json\/wp\/v2\/pages\/22101","targetHints":{"allow":["GET"]}}],"collection":[{"href":"https:\/\/www.enka.k12.tr\/kocaeli\/wp-json\/wp\/v2\/pages"}],"about":[{"href":"https:\/\/www.enka.k12.tr\/kocaeli\/wp-json\/wp\/v2\/types\/page"}],"author":[{"embeddable":true,"href":"https:\/\/www.enka.k12.tr\/kocaeli\/wp-json\/wp\/v2\/users\/1"}],"replies":[{"embeddable":true,"href":"https:\/\/www.enka.k12.tr\/kocaeli\/wp-json\/wp\/v2\/comments?post=22101"}],"version-history":[{"count":0,"href":"https:\/\/www.enka.k12.tr\/kocaeli\/wp-json\/wp\/v2\/pages\/22101\/revisions"}],"up":[{"embeddable":true,"href":"https:\/\/www.enka.k12.tr\/kocaeli\/wp-json\/wp\/v2\/pages\/7895"}],"wp:featuredmedia":[{"embeddable":true,"href":"https:\/\/www.enka.k12.tr\/kocaeli\/wp-json\/wp\/v2\/media\/22123"}],"wp:attachment":[{"href":"https:\/\/www.enka.k12.tr\/kocaeli\/wp-json\/wp\/v2\/media?parent=22101"}],"curies":[{"name":"wp","href":"https:\/\/api.w.org\/{rel}","templated":true}]}}