{"id":24132,"date":"2025-07-17T21:31:38","date_gmt":"2025-07-17T18:31:38","guid":{"rendered":"https:\/\/www.enka.k12.tr\/kocaeli\/?page_id=24132"},"modified":"2025-07-17T21:31:38","modified_gmt":"2025-07-17T18:31:38","slug":"test-2","status":"publish","type":"page","link":"https:\/\/www.enka.k12.tr\/kocaeli\/test-2\/","title":{"rendered":"test"},"content":{"rendered":"<div class=\"wpb-content-wrapper\"><p>[vc_row][vc_column]<div id=\"ultimate-heading-15276a00ddb62eda0\" class=\"uvc-heading ult-adjust-bottom-margin ultimate-heading-15276a00ddb62eda0 uvc-4757 \" data-hspacer=\"line_with_icon\" data-hline_width=\"auto\" data-hicon_type=\"custom\" data-hborder_style=\"solid\" data-hborder_height=\"3\" data-hborder_color=\"#fe5252\" data-icon_width=\"200\" data-hfixer=\"30\"  data-halign=\"center\" style=\"text-align:center\"><div class=\"uvc-heading-spacer line_with_icon\" style=\"top\"><div class=\"ult-just-icon-wrapper  \"><div class=\"align-icon\" style=\"text-align:center;\">\n<div class=\"aio-icon-img \" style=\"font-size:200px;display:inline-block;\" >\n\t<img decoding=\"async\" class=\"img-icon\" alt=\"null\" src=\"https:\/\/www.enka.k12.tr\/kocaeli\/wp-content\/uploads\/2021\/12\/cropped-sitebaslik.png\"\/>\n<\/div><\/div><\/div><\/div><\/div><div class=\"ult-spacer spacer-6a00ddb62edf8\" data-id=\"6a00ddb62edf8\" data-height=\"30\" data-height-mobile=\"10\" data-height-tab=\"20\" data-height-tab-portrait=\"\" data-height-mobile-landscape=\"\" style=\"clear:both;display:block;\"><\/div>[\/vc_column][\/vc_row][vc_row gap=&#8221;30&#8243; padding_top=&#8221;40px&#8221; padding_bottom=&#8221;0px&#8221; padding_left=&#8221;10px&#8221; padding_right=&#8221;10px&#8221; bg_type=&#8221;bg_color&#8221; bg_color_value=&#8221;rgba(247,247,247,0.8)&#8221;][vc_column padding_right=&#8221;10px&#8221;]<div id=\"ultimate-heading-57396a00ddb62ee4b\" class=\"uvc-heading ult-adjust-bottom-margin ultimate-heading-57396a00ddb62ee4b uvc-9436 \" data-hspacer=\"line_only\"  data-halign=\"center\" style=\"text-align:center\"><div class=\"uvc-main-heading ult-responsive\"  data-ultimate-target='.uvc-heading.ultimate-heading-57396a00ddb62ee4b h2'  data-responsive-json-new='{\"font-size\":\"desktop:20px;\",\"line-height\":\"desktop:40px;\"}' ><h2 style=\"font-weight:normal;color:#000000;\">ENKA OKULLARI KOCAELI<\/h2><\/div><div class=\"uvc-sub-heading ult-responsive\"  data-ultimate-target='.uvc-heading.ultimate-heading-57396a00ddb62ee4b .uvc-sub-heading '  data-responsive-json-new='{\"font-size\":\"desktop:40px;tablet:38px;tablet_portrait:36px;mobile_landscape:34px;mobile:32px;\",\"line-height\":\"desktop:40px;tablet:38px;tablet_portrait:36px;mobile_landscape:34px;mobile:32px;\"}'  style=\"font-weight:bold;color:#000000;\">KAYIT B\u0130LG\u0130LEND\u0130R\u0130LMES\u0130<\/div><div class=\"uvc-heading-spacer line_only\" style=\"margin-top:10px;height:3px;\"><span class=\"uvc-headings-line\" style=\"border-style:solid;border-bottom-width:3px;border-color:#fe5252;width:100px;\"><\/span><\/div><\/div><div class=\"ult-spacer spacer-6a00ddb62eeaf\" data-id=\"6a00ddb62eeaf\" data-height=\"30\" data-height-mobile=\"10\" data-height-tab=\"20\" data-height-tab-portrait=\"\" data-height-mobile-landscape=\"\" style=\"clear:both;display:block;\"><\/div>[vc_row_inner][vc_column_inner][vc_column_text]<strong>2025 \u00d6N KAYIT B\u0130LG\u0130LEND\u0130RME<\/strong><\/p>\n<p>De\u011ferli Aday \u00d6\u011frencilerimiz, Aday Velilerimiz,<\/p>\n<p>\u00d6n kay\u0131t ba\u015fvuru i\u015flemleri kay\u0131t komisyonumuz taraf\u0131ndan incelendi. S\u0131nava girmeye hak kazanan en d\u00fc\u015f\u00fck puanl\u0131 \u00f6\u011frencinin y\u00fczdelik dilimi<strong> 1.7<\/strong> olmu\u015ftur. A\u015fa\u011f\u0131daki alfabetik s\u0131raya g\u00f6re yaz\u0131lan listede ismi yer alan 1 ile 601 aras\u0131nda olan \u00f6\u011frenciler yar\u0131n okulumuzda yap\u0131lacak olan de\u011ferlendirme s\u0131nav\u0131na kat\u0131lmaya hak kazanm\u0131\u015flard\u0131r.<\/p>\n<p>De\u011ferlendirme s\u0131nav\u0131, <strong>17 Temmuz Per\u015fembe g\u00fcn\u00fc sabah saat 10:00&#8217;da<\/strong> okulumuzda y\u00fcz y\u00fcze yap\u0131lacakt\u0131r. De\u011ferlendirme s\u0131nav\u0131na girecek \u00f6\u011frenciler s\u0131nav g\u00fcn\u00fc 09:15 ile 09:45 aras\u0131nda kamp\u00fcs binam\u0131za geleceklerdir. S\u0131nava girecek \u00f6\u011frencilerimizin s\u0131nava gelirken kimlik kartlar\u0131n\u0131 yanlar\u0131nda getirmeleri gerekmektedir. \u00d6\u011frenciler ayr\u0131ca s\u0131nav esnas\u0131nda kullanacaklar\u0131 kalem, silgi, kalemt\u0131ra\u015f, i\u00e7ece\u011fi sular\u0131n\u0131 da kendileri yanlar\u0131nda getirecektir, okuldan herhangi bir malzeme verilmeyecektir.<\/p>\n<p>De\u011ferlendirme s\u0131nav\u0131nda her biri 5 se\u00e7enekli toplam 25 soru sorulacak ve 100 dakika s\u00fcre verilecektir. T\u00fcrk\u00e7eden 5, Matematikten 13, Fen Bilimleri Fizik alan\u0131ndan 7 soru sorulacakt\u0131r. T\u00fcrk\u00e7e netler 2 puan; Matematik ve Fizik netleri 3,5 puan de\u011ferinde olup s\u0131nav toplam 80 puan \u00fczerinden de\u011ferlendirilecektir. Netler hesaplan\u0131rken 4 yanl\u0131\u015f 1 do\u011fruyu g\u00f6t\u00fcrecektir.<\/p>\n<p>S\u0131navdan sonra \u00f6\u011frencilerin LGS puanlar\u0131 ile okulumuzun kezdi yapt\u0131\u011f\u0131 de\u011ferlendirme s\u0131nav\u0131 puanlar\u0131 toplanarak kay\u0131t s\u0131ralamas\u0131 yap\u0131lacakt\u0131r. <strong>18 Temmuz Cuma g\u00fcn\u00fc<\/strong> kay\u0131t listeleri yine bu sayfada ilan edilecektir. <strong>KES\u0130N KAYITLAR<\/strong> listeler ilan edilince ba\u015flayacak, 18 Temmuz Cuma g\u00fcn\u00fc, 19 Temmuz Cumartesi ve 20 Temmuz Pazar g\u00fcn\u00fc saat 16:00\u2019a kadar devam edecektir. Kesin kayda \u00f6\u011frenci ve velisi birlikte gelecek; kay\u0131t s\u0131ras\u0131nda \u00f6\u011frencinin LGS sonu\u00e7 belgesi ve kimlik kart\u0131 ile \u00f6n kay\u0131t bilgileri kontrol edilecektir.<\/p>\n<p>Fen ve Teknoloji Lisesine 48 \u00f6\u011frenci, Anadolu Teknik Lisesine 72 \u00f6\u011frenci al\u0131nacakt\u0131r.<\/p>\n<p>De\u011ferlendirme s\u0131nav\u0131na giren ancak kesin kay\u0131t listesine giremeyen \u00f6\u011frenciler yedek listede yer alacakt\u0131r. Kesin kayda hak kazand\u0131\u011f\u0131 halde kayd\u0131n\u0131 yapt\u0131rmayan \u00f6\u011frencilerin yerine <strong>YEDEK L\u0130STE KAYITLARI<\/strong> ise kay\u0131t s\u0131ralamas\u0131nda kal\u0131nan yerden ba\u015flayarak telefon ile okulumuza \u00e7a\u011fr\u0131larak 20-21-22-23 Temmuz Pazar, Pazartesi, Sal\u0131 ve \u00c7ar\u015famba g\u00fcn\u00fc yap\u0131lacakt\u0131r.<\/p>\n<p>Okulumuza kay\u0131t olduktan sonra ba\u015fka okula nakil olan \u00f6\u011frencilerin yerine <strong>2. YEDEK L\u0130STE KAYITLARI<\/strong> ise nakil d\u00f6neminde yap\u0131lacakt\u0131r.<\/p>\n<p>De\u011ferlendirme s\u0131nav\u0131na girecek aday \u00f6\u011frenciler a\u015fa\u011f\u0131da yer alan listeden s\u0131nav derslik numaralar\u0131n\u0131 kontrol edebilirler.<\/p>\n<p>[\/vc_column_text][\/vc_column_inner][\/vc_row_inner][\/vc_column][\/vc_row][vc_row][vc_column]<div class=\" ubtn-ctn-center \"><a class=\"ubtn-link ult-adjust-bottom-margin ubtn-center ubtn-block \" href=\"https:\/\/www.enka.k12.tr\/kocaeli\/result\/\" ><button type=\"button\" id=\"ubtn-6032\"  class=\"ubtn ult-adjust-bottom-margin ult-responsive ubtn-block ubtn-no-hover-bg  none  ubtn-center   tooltip-6a00ddb62eee1 ubtn-block\"  data-hover=\"\" data-border-color=\"\" data-bg=\"#e0e0e0\" data-hover-bg=\"\" data-border-hover=\"\" data-shadow-hover=\"\" data-shadow-click=\"none\" data-shadow=\"\" data-shd-shadow=\"\"  data-ultimate-target='#ubtn-6032'  data-responsive-json-new='{\"font-size\":\"\",\"line-height\":\"\"}'  style=\"font-weight:normal;border:none;background: #e0e0e0;color: #002384;\"><span class=\"ubtn-hover\" style=\"background-color:\"><\/span><span class=\"ubtn-data ubtn-text \" >ENKA OKULLARI KOCAEL\u0130 G\u0130R\u0130\u015e SINAV SONUCU<\/span><\/button><\/a><\/div>[\/vc_column][\/vc_row]<\/p>\n<\/div>","protected":false},"excerpt":{"rendered":"<p>[vc_row][vc_column][\/vc_column][\/vc_row][vc_row gap=&#8221;30&#8243; padding_top=&#8221;40px&#8221; padding_bottom=&#8221;0px&#8221; padding_left=&#8221;10px&#8221; padding_right=&#8221;10px&#8221; bg_type=&#8221;bg_color&#8221; bg_color_value=&#8221;rgba(247,247,247,0.8)&#8221;][vc_column padding_right=&#8221;10px&#8221;][vc_row_inner][vc_column_inner][vc_column_text]2025 \u00d6N KAYIT B\u0130LG\u0130LEND\u0130RME De\u011ferli Aday \u00d6\u011frencilerimiz, Aday Velilerimiz, \u00d6n kay\u0131t ba\u015fvuru i\u015flemleri kay\u0131t komisyonumuz taraf\u0131ndan incelendi. S\u0131nava girmeye hak kazanan en d\u00fc\u015f\u00fck puanl\u0131 \u00f6\u011frencinin y\u00fczdelik dilimi 1.7 olmu\u015ftur. A\u015fa\u011f\u0131daki alfabetik s\u0131raya g\u00f6re yaz\u0131lan listede ismi yer alan 1 ile 601 aras\u0131nda olan \u00f6\u011frenciler yar\u0131n okulumuzda yap\u0131lacak olan de\u011ferlendirme s\u0131nav\u0131na kat\u0131lmaya hak kazanm\u0131\u015flard\u0131r. De\u011ferlendirme s\u0131nav\u0131, 17 Temmuz&#8230;<\/p>\n","protected":false},"author":4,"featured_media":0,"parent":0,"menu_order":0,"comment_status":"closed","ping_status":"closed","template":"","meta":{"_acf_changed":false,"inline_featured_image":false,"footnotes":""},"class_list":["post-24132","page","type-page","status-publish","hentry","custom-post-type-entry"],"aioseo_notices":[],"acf":[],"_links":{"self":[{"href":"https:\/\/www.enka.k12.tr\/kocaeli\/wp-json\/wp\/v2\/pages\/24132","targetHints":{"allow":["GET"]}}],"collection":[{"href":"https:\/\/www.enka.k12.tr\/kocaeli\/wp-json\/wp\/v2\/pages"}],"about":[{"href":"https:\/\/www.enka.k12.tr\/kocaeli\/wp-json\/wp\/v2\/types\/page"}],"author":[{"embeddable":true,"href":"https:\/\/www.enka.k12.tr\/kocaeli\/wp-json\/wp\/v2\/users\/4"}],"replies":[{"embeddable":true,"href":"https:\/\/www.enka.k12.tr\/kocaeli\/wp-json\/wp\/v2\/comments?post=24132"}],"version-history":[{"count":1,"href":"https:\/\/www.enka.k12.tr\/kocaeli\/wp-json\/wp\/v2\/pages\/24132\/revisions"}],"predecessor-version":[{"id":24133,"href":"https:\/\/www.enka.k12.tr\/kocaeli\/wp-json\/wp\/v2\/pages\/24132\/revisions\/24133"}],"wp:attachment":[{"href":"https:\/\/www.enka.k12.tr\/kocaeli\/wp-json\/wp\/v2\/media?parent=24132"}],"curies":[{"name":"wp","href":"https:\/\/api.w.org\/{rel}","templated":true}]}}