{"id":26591,"date":"2026-02-18T13:15:31","date_gmt":"2026-02-18T10:15:31","guid":{"rendered":"https:\/\/www.enka.k12.tr\/kocaeli\/?page_id=26591"},"modified":"2026-03-23T09:54:28","modified_gmt":"2026-03-23T06:54:28","slug":"mun-model-birlesmis-milletler","status":"publish","type":"page","link":"https:\/\/www.enka.k12.tr\/kocaeli\/akademik-faaliyetler\/yurt-disi-calismalari\/mun-model-birlesmis-milletler\/","title":{"rendered":"MUN (Model Birle\u015fmi\u015f Milletler)"},"content":{"rendered":"<div class=\"wpb-content-wrapper\"><p>[vc_row][vc_column]<div id=\"ultimate-heading-891969e0095be172e\" class=\"uvc-heading ult-adjust-bottom-margin ultimate-heading-891969e0095be172e uvc-2167 \" data-hspacer=\"line_with_icon\" data-hline_width=\"auto\" data-hicon_type=\"custom\" data-hborder_style=\"solid\" data-hborder_height=\"3\" data-hborder_color=\"#69b3e7\" data-icon_width=\"200\" data-hfixer=\"30\"  data-halign=\"center\" style=\"text-align:center\"><div class=\"uvc-heading-spacer line_with_icon\" style=\"top\"><div class=\"ult-just-icon-wrapper  \"><div class=\"align-icon\" style=\"text-align:center;\">\n<div class=\"aio-icon-img \" style=\"font-size:200px;display:inline-block;\" >\n\t<img decoding=\"async\" class=\"img-icon\" alt=\"null\" src=\"https:\/\/www.enka.k12.tr\/kocaeli\/wp-content\/uploads\/2023\/12\/enka_schools_log_new.jpg\"\/>\n<\/div><\/div><\/div><\/div><\/div><div class=\"ult-spacer spacer-69e0095be178a\" data-id=\"69e0095be178a\" data-height=\"30\" data-height-mobile=\"10\" data-height-tab=\"20\" data-height-tab-portrait=\"\" data-height-mobile-landscape=\"\" style=\"clear:both;display:block;\"><\/div>[\/vc_column][\/vc_row][vc_row padding_top=&#8221;30px&#8221; bg_type=&#8221;bg_color&#8221; bg_color_value=&#8221;#f5f5f5&#8243;][vc_column]<div id=\"ultimate-heading-961569e0095be17ea\" class=\"uvc-heading ult-adjust-bottom-margin ultimate-heading-961569e0095be17ea uvc-2381 \" data-hspacer=\"no_spacer\"  data-halign=\"left\" style=\"text-align:left\"><div class=\"uvc-heading-spacer no_spacer\" style=\"top\"><\/div><div class=\"uvc-sub-heading ult-responsive\"  data-ultimate-target='.uvc-heading.ultimate-heading-961569e0095be17ea .uvc-sub-heading '  data-responsive-json-new='{\"font-size\":\"desktop:50px;tablet:48px;tablet_portrait:46px;mobile_landscape:44px;mobile:42px;\",\"line-height\":\"desktop:50px;tablet:48px;tablet_portrait:46px;mobile_landscape:44px;mobile:42px;\"}'  style=\"font-weight:bold;color:#000000;\"><span style=\"font-size: 36pt; color: #003366;\">MUN (MODEL B\u0130RLE\u015eM\u0130\u015e M\u0130LLETLER)<\/span><\/div><\/div><div class=\"ult-spacer spacer-69e0095be182b\" data-id=\"69e0095be182b\" data-height=\"30\" data-height-mobile=\"10\" data-height-tab=\"20\" data-height-tab-portrait=\"\" data-height-mobile-landscape=\"\" style=\"clear:both;display:block;\"><\/div>[vc_column_text]Enka Teknik Okullar\u0131 Yabanc\u0131 Diller B\u00f6l\u00fcm\u00fc olarak, MUN (Model United Nations) organizasyonlar\u0131n\u0131n \u00f6\u011frencilerimizin d\u00fcnya g\u00f6r\u00fc\u015f\u00fcn\u00fc geli\u015ftirece\u011fine, \u0130ngilizce dil becerilerini ilerletece\u011fine ve uluslararas\u0131 \u00fcniversite ba\u015fvurular\u0131nda etkili bir referans sunaca\u011f\u0131na inan\u0131yoruz.<\/p>\n<p>\u00d6\u011frencilerimiz her y\u0131l, 7 farkl\u0131 uluslararas\u0131 MUN konferans\u0131na kat\u0131lma f\u0131rsat\u0131 bulur. Bu programa kat\u0131lacak \u00f6\u011frenciler, \u0130ngilizce b\u00f6l\u00fcm \u00f6\u011fretmenlerimizden olu\u015fan j\u00fcri taraf\u0131ndan okulumuzu ba\u015far\u0131 ve gururla temsil edece\u011fine inand\u0131\u011f\u0131m\u0131z ve MUN kat\u0131l\u0131m kriterlerini kar\u015f\u0131layan adaylar aras\u0131ndan se\u00e7ilir.<\/p>\n<p>Model Birle\u015fmi\u015f Milletler (MUN) konferanslar\u0131, kat\u0131l\u0131mc\u0131lar\u0131n temsil ettikleri \u00fclkenin BM el\u00e7isi rol\u00fcn\u00fc \u00fcstlenerek, Birle\u015fmi\u015f Milletler g\u00fcndemindeki uluslararas\u0131 sorunlara \u00e7\u00f6z\u00fcm arad\u0131klar\u0131 sim\u00fclasyonlard\u0131r. Ulusal ve uluslararas\u0131 MUN konferanslar\u0131nda bir araya gelen \u00f6\u011frenciler, hem BM\u2019nin i\u015fleyi\u015f ve karar alma mekanizmalar\u0131n\u0131 deneyimler, hem de uluslararas\u0131 sorunlara farkl\u0131 bak\u0131\u015f a\u00e7\u0131lar\u0131 geli\u015ftirme f\u0131rsat\u0131 bulurlar.<\/p>\n<p>Kat\u0131l\u0131mc\u0131lar\u0131n \u0130ngilizce seviyeleri belirli bir d\u00fczeyde olmal\u0131d\u0131r; bu program sayesinde \u00f6\u011frenciler konu\u015fma prati\u011fi, yazma ve ara\u015ft\u0131rma becerilerini geli\u015ftirirler. Daha \u00f6nce MUN konferanslar\u0131na kat\u0131lm\u0131\u015f \u00f6\u011frenciler ise ba\u015f-delegeler olarak tekrar kat\u0131labilir, deneyimlerini yeni kat\u0131l\u0131mc\u0131larla payla\u015f\u0131r ve akran ko\u00e7lar\u0131 olarak di\u011fer \u00f6\u011frencilerin haz\u0131rl\u0131k s\u00fcrecine rehberlik eder. Bu sayede hem kendi liderlik ve ileti\u015fim becerilerini peki\u015ftirirler hem de tak\u0131m arkada\u015flar\u0131n\u0131n ba\u015far\u0131ya ula\u015fmas\u0131na katk\u0131da bulunurlar[\/vc_column_text]\n\t\t\t\t<script type=\"text\/javascript\">\n\t\t\t\t\tjQuery(function($){\n\t\t\t\t\t\tif ( $.fn.imagesLoaded != undefined && $.fn.carouFredSel != undefined ) {\n\t\t\t\t\t\t\tvar $carouselContainer = $(\"#caroufredsel-10\");\n\t\t\t\t\t\t\t$carouselContainer.imagesLoaded(function() {\n\t\t\t\t\t\t\t\t$carouselContainer.carouFredSel({\n\t\t\t\t\t\t\t\t\tresponsive : true,\n\t\t\t\t\t\t\t\t\theight: \"variable\",\n\t\t\t\t\t\t\t\t\twidth : \"100%\",\n\t\t\t\t\t\t\t\t\tcircular : true,\n\t\t\t\t\t\t\t\t\tinfinite : true,\n\t\t\t\t\t\t\t\t\tauto : {\n\t\t\t\t\t\t\t\t\t\tplay: false,\n\t\t\t\t\t\t\t\t\t\ttimeoutDuration : 5000,\n\t\t\t\t\t\t\t\t\t},\n\t\t\t\t\t\t\t\t\tswipe : {\n\t\t\t\t\t\t\t\t\t\tonTouch: true,\n\t\t\t\t\t\t\t\t\t\tonMouse: true,\n\t\t\t\t\t\t\t\t\t},prev : \"#prev-10\",next : \"#next-10\",items : {\n\t\t\t\t\t\t\t\t\t\twidth : 400,\n\t\t\t\t\t\t\t\t\t\theight: \"variable\",\n\t\t\t\t\t\t\t\t\t\tvisible : {\n\t\t\t\t\t\t\t\t\t\t\tmin : 1,\n\t\t\t\t\t\t\t\t\t\t\tmax : 4\n\t\t\t\t\t\t\t\t\t\t}\n\t\t\t\t\t\t\t\t\t}\n\t\t\t\t\t\t\t\t});\n\t\t\t\t\t\t\t});\n\t\t\t\t\t\t}$(window).load(function(){\n\t\t\t\t\t\t\t\t$(\".vcex-caroufredsel-loading\").removeClass(\"vcex-caroufredsel-loading\");\n\t\t\t\t\t\t\t});});\n\t\t\t\t<\/script><div class=\"vcex-caroufredsel-wrap clr vcex-caroufredsel-portfolio vcex-caroufredsel-default vcex-caroufredsel-loading\"><div class=\"vcex-caroufredsel vcex-gallery-lightbox \"><ul id=\"caroufredsel-10\"><li class=\"vcex-caroufredsel-slide\"><div class=\"vcex-caroufredsel-entry-media vcex-true\"><a href=\"https:\/\/www.enka.k12.tr\/kocaeli\/wp-content\/uploads\/2017\/10\/16681472_975033265961626_3095264809348555166_n.jpg\" title=\"\" class=\"vcex-caroufredsel-entry-img gallery-lightbox\"><img decoding=\"async\" src=\"https:\/\/www.enka.k12.tr\/kocaeli\/wp-content\/uploads\/2017\/10\/16681472_975033265961626_3095264809348555166_n.jpg\" alt=\"\" \/><\/a><!-- .vcex-caroufredsel-entry-img --><\/div><\/li><li class=\"vcex-caroufredsel-slide\"><div class=\"vcex-caroufredsel-entry-media vcex-true\"><a href=\"https:\/\/www.enka.k12.tr\/kocaeli\/wp-content\/uploads\/2017\/10\/2017224151858-scaled.jpg\" title=\"\" class=\"vcex-caroufredsel-entry-img gallery-lightbox\"><img decoding=\"async\" src=\"https:\/\/www.enka.k12.tr\/kocaeli\/wp-content\/uploads\/2017\/10\/2017224151858-scaled.jpg\" alt=\"\" \/><\/a><!-- .vcex-caroufredsel-entry-img --><\/div><\/li><li class=\"vcex-caroufredsel-slide\"><div class=\"vcex-caroufredsel-entry-media vcex-true\"><a href=\"https:\/\/www.enka.k12.tr\/kocaeli\/wp-content\/uploads\/2017\/11\/IMG-20171118-WA0007.jpg\" title=\"\" class=\"vcex-caroufredsel-entry-img gallery-lightbox\"><img decoding=\"async\" src=\"https:\/\/www.enka.k12.tr\/kocaeli\/wp-content\/uploads\/2017\/11\/IMG-20171118-WA0007.jpg\" alt=\"\" \/><\/a><!-- .vcex-caroufredsel-entry-img --><\/div><\/li><li class=\"vcex-caroufredsel-slide\"><div class=\"vcex-caroufredsel-entry-media vcex-true\"><a href=\"https:\/\/www.enka.k12.tr\/kocaeli\/wp-content\/uploads\/2017\/10\/2017224151539-scaled.jpg\" title=\"\" class=\"vcex-caroufredsel-entry-img gallery-lightbox\"><img decoding=\"async\" src=\"https:\/\/www.enka.k12.tr\/kocaeli\/wp-content\/uploads\/2017\/10\/2017224151539-scaled.jpg\" alt=\"\" \/><\/a><!-- .vcex-caroufredsel-entry-img --><\/div><\/li><li class=\"vcex-caroufredsel-slide\"><div class=\"vcex-caroufredsel-entry-media vcex-true\"><a href=\"https:\/\/www.enka.k12.tr\/kocaeli\/wp-content\/uploads\/2017\/11\/mun_is_3.jpg\" title=\"\" class=\"vcex-caroufredsel-entry-img gallery-lightbox\"><img decoding=\"async\" src=\"https:\/\/www.enka.k12.tr\/kocaeli\/wp-content\/uploads\/2017\/11\/mun_is_3.jpg\" alt=\"\" \/><\/a><!-- .vcex-caroufredsel-entry-img --><\/div><\/li><li class=\"vcex-caroufredsel-slide\"><div class=\"vcex-caroufredsel-entry-media vcex-true\"><a href=\"https:\/\/www.enka.k12.tr\/kocaeli\/wp-content\/uploads\/2017\/11\/mun-is-2.jpg\" title=\"\" class=\"vcex-caroufredsel-entry-img gallery-lightbox\"><img decoding=\"async\" src=\"https:\/\/www.enka.k12.tr\/kocaeli\/wp-content\/uploads\/2017\/11\/mun-is-2.jpg\" alt=\"\" \/><\/a><!-- .vcex-caroufredsel-entry-img --><\/div><\/li><li class=\"vcex-caroufredsel-slide\"><div class=\"vcex-caroufredsel-entry-media vcex-true\"><a href=\"https:\/\/www.enka.k12.tr\/kocaeli\/wp-content\/uploads\/2017\/11\/IMG-20171118-WA0005.jpg\" title=\"\" class=\"vcex-caroufredsel-entry-img gallery-lightbox\"><img decoding=\"async\" src=\"https:\/\/www.enka.k12.tr\/kocaeli\/wp-content\/uploads\/2017\/11\/IMG-20171118-WA0005.jpg\" alt=\"\" \/><\/a><!-- .vcex-caroufredsel-entry-img --><\/div><\/li><li class=\"vcex-caroufredsel-slide\"><div class=\"vcex-caroufredsel-entry-media vcex-true\"><a href=\"https:\/\/www.enka.k12.tr\/kocaeli\/wp-content\/uploads\/2017\/10\/2017223174017-scaled.jpg\" title=\"\" class=\"vcex-caroufredsel-entry-img gallery-lightbox\"><img decoding=\"async\" src=\"https:\/\/www.enka.k12.tr\/kocaeli\/wp-content\/uploads\/2017\/10\/2017223174017-scaled.jpg\" alt=\"\" \/><\/a><!-- .vcex-caroufredsel-entry-img --><\/div><\/li><li class=\"vcex-caroufredsel-slide\"><div class=\"vcex-caroufredsel-entry-media vcex-true\"><a href=\"https:\/\/www.enka.k12.tr\/kocaeli\/wp-content\/uploads\/2017\/10\/2017223183540-scaled.jpg\" title=\"\" class=\"vcex-caroufredsel-entry-img gallery-lightbox\"><img decoding=\"async\" src=\"https:\/\/www.enka.k12.tr\/kocaeli\/wp-content\/uploads\/2017\/10\/2017223183540-scaled.jpg\" alt=\"\" \/><\/a><!-- .vcex-caroufredsel-entry-img --><\/div><\/li><li class=\"vcex-caroufredsel-slide\"><div class=\"vcex-caroufredsel-entry-media vcex-true\"><a href=\"https:\/\/www.enka.k12.tr\/kocaeli\/wp-content\/uploads\/2017\/10\/2017224151504-scaled.jpg\" title=\"\" class=\"vcex-caroufredsel-entry-img gallery-lightbox\"><img decoding=\"async\" src=\"https:\/\/www.enka.k12.tr\/kocaeli\/wp-content\/uploads\/2017\/10\/2017224151504-scaled.jpg\" alt=\"\" \/><\/a><!-- .vcex-caroufredsel-entry-img --><\/div><\/li><li class=\"vcex-caroufredsel-slide\"><div class=\"vcex-caroufredsel-entry-media vcex-true\"><a href=\"https:\/\/www.enka.k12.tr\/kocaeli\/wp-content\/uploads\/2017\/10\/2017225094426-scaled.jpg\" title=\"\" class=\"vcex-caroufredsel-entry-img gallery-lightbox\"><img decoding=\"async\" src=\"https:\/\/www.enka.k12.tr\/kocaeli\/wp-content\/uploads\/2017\/10\/2017225094426-scaled.jpg\" alt=\"\" \/><\/a><!-- .vcex-caroufredsel-entry-img --><\/div><\/li><li class=\"vcex-caroufredsel-slide\"><div class=\"vcex-caroufredsel-entry-media vcex-true\"><a href=\"https:\/\/www.enka.k12.tr\/kocaeli\/wp-content\/uploads\/2017\/10\/2017224150006-scaled.jpg\" title=\"\" class=\"vcex-caroufredsel-entry-img gallery-lightbox\"><img decoding=\"async\" src=\"https:\/\/www.enka.k12.tr\/kocaeli\/wp-content\/uploads\/2017\/10\/2017224150006-scaled.jpg\" alt=\"\" \/><\/a><!-- .vcex-caroufredsel-entry-img --><\/div><\/li><li class=\"vcex-caroufredsel-slide\"><div class=\"vcex-caroufredsel-entry-media vcex-true\"><a href=\"https:\/\/www.enka.k12.tr\/kocaeli\/wp-content\/uploads\/2017\/10\/33203211096_a77dde2a87_o.jpg\" title=\"\" class=\"vcex-caroufredsel-entry-img gallery-lightbox\"><img decoding=\"async\" src=\"https:\/\/www.enka.k12.tr\/kocaeli\/wp-content\/uploads\/2017\/10\/33203211096_a77dde2a87_o.jpg\" alt=\"\" \/><\/a><!-- .vcex-caroufredsel-entry-img --><\/div><\/li><li class=\"vcex-caroufredsel-slide\"><div class=\"vcex-caroufredsel-entry-media vcex-true\"><a href=\"https:\/\/www.enka.k12.tr\/kocaeli\/wp-content\/uploads\/2017\/10\/32430229323_ae81fcc361_o.jpg\" title=\"\" class=\"vcex-caroufredsel-entry-img gallery-lightbox\"><img decoding=\"async\" src=\"https:\/\/www.enka.k12.tr\/kocaeli\/wp-content\/uploads\/2017\/10\/32430229323_ae81fcc361_o.jpg\" alt=\"\" \/><\/a><!-- .vcex-caroufredsel-entry-img --><\/div><\/li><li class=\"vcex-caroufredsel-slide\"><div class=\"vcex-caroufredsel-entry-media vcex-true\"><a href=\"https:\/\/www.enka.k12.tr\/kocaeli\/wp-content\/uploads\/2017\/10\/IMG_4270.jpg\" title=\"\" class=\"vcex-caroufredsel-entry-img gallery-lightbox\"><img decoding=\"async\" src=\"https:\/\/www.enka.k12.tr\/kocaeli\/wp-content\/uploads\/2017\/10\/IMG_4270.jpg\" alt=\"\" \/><\/a><!-- .vcex-caroufredsel-entry-img --><\/div><\/li><li class=\"vcex-caroufredsel-slide\"><div class=\"vcex-caroufredsel-entry-media vcex-true\"><a href=\"https:\/\/www.enka.k12.tr\/kocaeli\/wp-content\/uploads\/2017\/10\/33203033766_4deb0890af_o-2-scaled.jpg\" title=\"\" class=\"vcex-caroufredsel-entry-img gallery-lightbox\"><img decoding=\"async\" src=\"https:\/\/www.enka.k12.tr\/kocaeli\/wp-content\/uploads\/2017\/10\/33203033766_4deb0890af_o-2-scaled.jpg\" alt=\"\" \/><\/a><!-- .vcex-caroufredsel-entry-img --><\/div><\/li><li class=\"vcex-caroufredsel-slide\"><div class=\"vcex-caroufredsel-entry-media vcex-true\"><a href=\"https:\/\/www.enka.k12.tr\/kocaeli\/wp-content\/uploads\/2017\/10\/2017226175909-scaled.jpg\" title=\"\" class=\"vcex-caroufredsel-entry-img gallery-lightbox\"><img decoding=\"async\" src=\"https:\/\/www.enka.k12.tr\/kocaeli\/wp-content\/uploads\/2017\/10\/2017226175909-scaled.jpg\" alt=\"\" \/><\/a><!-- .vcex-caroufredsel-entry-img --><\/div><\/li><li class=\"vcex-caroufredsel-slide\"><div class=\"vcex-caroufredsel-entry-media vcex-true\"><a href=\"https:\/\/www.enka.k12.tr\/kocaeli\/wp-content\/uploads\/2017\/10\/2017225175917-scaled.jpg\" title=\"\" class=\"vcex-caroufredsel-entry-img gallery-lightbox\"><img decoding=\"async\" src=\"https:\/\/www.enka.k12.tr\/kocaeli\/wp-content\/uploads\/2017\/10\/2017225175917-scaled.jpg\" alt=\"\" \/><\/a><!-- .vcex-caroufredsel-entry-img --><\/div><\/li><li class=\"vcex-caroufredsel-slide\"><div class=\"vcex-caroufredsel-entry-media vcex-true\"><a href=\"https:\/\/www.enka.k12.tr\/kocaeli\/wp-content\/uploads\/2017\/10\/2017225115939-scaled.jpg\" title=\"\" class=\"vcex-caroufredsel-entry-img gallery-lightbox\"><img decoding=\"async\" src=\"https:\/\/www.enka.k12.tr\/kocaeli\/wp-content\/uploads\/2017\/10\/2017225115939-scaled.jpg\" alt=\"\" \/><\/a><!-- .vcex-caroufredsel-entry-img --><\/div><\/li><li class=\"vcex-caroufredsel-slide\"><div class=\"vcex-caroufredsel-entry-media vcex-true\"><a href=\"https:\/\/www.enka.k12.tr\/kocaeli\/wp-content\/uploads\/2017\/10\/33088533232_5950d32b04_o.jpg\" title=\"\" class=\"vcex-caroufredsel-entry-img gallery-lightbox\"><img decoding=\"async\" src=\"https:\/\/www.enka.k12.tr\/kocaeli\/wp-content\/uploads\/2017\/10\/33088533232_5950d32b04_o.jpg\" alt=\"\" \/><\/a><!-- .vcex-caroufredsel-entry-img --><\/div><\/li><li class=\"vcex-caroufredsel-slide\"><div class=\"vcex-caroufredsel-entry-media vcex-true\"><a href=\"https:\/\/www.enka.k12.tr\/kocaeli\/wp-content\/uploads\/2017\/10\/33203017766_9540ce7a33_o-2-scaled.jpg\" title=\"\" class=\"vcex-caroufredsel-entry-img gallery-lightbox\"><img decoding=\"async\" src=\"https:\/\/www.enka.k12.tr\/kocaeli\/wp-content\/uploads\/2017\/10\/33203017766_9540ce7a33_o-2-scaled.jpg\" alt=\"\" \/><\/a><!-- .vcex-caroufredsel-entry-img --><\/div><\/li><li class=\"vcex-caroufredsel-slide\"><div class=\"vcex-caroufredsel-entry-media vcex-true\"><a href=\"https:\/\/www.enka.k12.tr\/kocaeli\/wp-content\/uploads\/2017\/10\/13483157_831105573687730_1522199562501252005_o.jpg\" title=\"\" class=\"vcex-caroufredsel-entry-img gallery-lightbox\"><img decoding=\"async\" src=\"https:\/\/www.enka.k12.tr\/kocaeli\/wp-content\/uploads\/2017\/10\/13483157_831105573687730_1522199562501252005_o.jpg\" alt=\"\" \/><\/a><!-- .vcex-caroufredsel-entry-img --><\/div><\/li><\/ul><div id=\"prev-10\" class=\"vcex-caroufredsel-prev\"><span class=\"fa fa-chevron-left\"><\/span><\/div><div id=\"next-10\" class=\"vcex-caroufredsel-next\"><span class=\"fa fa-chevron-right\"><\/span><\/div><\/div><\/div><div class=\"vcex-clear-floats\"><\/div>[\/vc_column][\/vc_row]<\/p>\n<\/div>","protected":false},"excerpt":{"rendered":"<p>[vc_row][vc_column][\/vc_column][\/vc_row][vc_row padding_top=&#8221;30px&#8221; bg_type=&#8221;bg_color&#8221; bg_color_value=&#8221;#f5f5f5&#8243;][vc_column][vc_column_text]Enka Teknik Okullar\u0131 Yabanc\u0131 Diller B\u00f6l\u00fcm\u00fc olarak, MUN (Model United Nations) organizasyonlar\u0131n\u0131n \u00f6\u011frencilerimizin d\u00fcnya g\u00f6r\u00fc\u015f\u00fcn\u00fc geli\u015ftirece\u011fine, \u0130ngilizce dil becerilerini ilerletece\u011fine ve uluslararas\u0131 \u00fcniversite ba\u015fvurular\u0131nda etkili bir referans sunaca\u011f\u0131na inan\u0131yoruz. \u00d6\u011frencilerimiz her y\u0131l, 7 farkl\u0131 uluslararas\u0131 MUN konferans\u0131na kat\u0131lma f\u0131rsat\u0131 bulur. Bu programa kat\u0131lacak \u00f6\u011frenciler, \u0130ngilizce b\u00f6l\u00fcm \u00f6\u011fretmenlerimizden olu\u015fan j\u00fcri taraf\u0131ndan okulumuzu ba\u015far\u0131 ve gururla temsil edece\u011fine inand\u0131\u011f\u0131m\u0131z ve MUN kat\u0131l\u0131m kriterlerini kar\u015f\u0131layan&#8230;<\/p>\n","protected":false},"author":22,"featured_media":0,"parent":7895,"menu_order":2,"comment_status":"closed","ping_status":"closed","template":"","meta":{"_acf_changed":false,"inline_featured_image":false,"footnotes":""},"class_list":["post-26591","page","type-page","status-publish","hentry","custom-post-type-entry"],"aioseo_notices":[],"acf":[],"_links":{"self":[{"href":"https:\/\/www.enka.k12.tr\/kocaeli\/wp-json\/wp\/v2\/pages\/26591","targetHints":{"allow":["GET"]}}],"collection":[{"href":"https:\/\/www.enka.k12.tr\/kocaeli\/wp-json\/wp\/v2\/pages"}],"about":[{"href":"https:\/\/www.enka.k12.tr\/kocaeli\/wp-json\/wp\/v2\/types\/page"}],"author":[{"embeddable":true,"href":"https:\/\/www.enka.k12.tr\/kocaeli\/wp-json\/wp\/v2\/users\/22"}],"replies":[{"embeddable":true,"href":"https:\/\/www.enka.k12.tr\/kocaeli\/wp-json\/wp\/v2\/comments?post=26591"}],"version-history":[{"count":6,"href":"https:\/\/www.enka.k12.tr\/kocaeli\/wp-json\/wp\/v2\/pages\/26591\/revisions"}],"predecessor-version":[{"id":26985,"href":"https:\/\/www.enka.k12.tr\/kocaeli\/wp-json\/wp\/v2\/pages\/26591\/revisions\/26985"}],"up":[{"embeddable":true,"href":"https:\/\/www.enka.k12.tr\/kocaeli\/wp-json\/wp\/v2\/pages\/7895"}],"wp:attachment":[{"href":"https:\/\/www.enka.k12.tr\/kocaeli\/wp-json\/wp\/v2\/media?parent=26591"}],"curies":[{"name":"wp","href":"https:\/\/api.w.org\/{rel}","templated":true}]}}