{"id":26597,"date":"2026-02-18T14:51:57","date_gmt":"2026-02-18T11:51:57","guid":{"rendered":"https:\/\/www.enka.k12.tr\/kocaeli\/?page_id=26597"},"modified":"2026-02-18T14:51:57","modified_gmt":"2026-02-18T11:51:57","slug":"erasmus-2017-2020","status":"publish","type":"page","link":"https:\/\/www.enka.k12.tr\/kocaeli\/akademik-faaliyetler\/yurt-disi-calismalari\/avrupa-birligi-projeleri-erasmus\/erasmus-2017-2020\/","title":{"rendered":"ERASMUS+ (2017-2020)"},"content":{"rendered":"<div class=\"wpb-content-wrapper\"><p>[vc_row][vc_column]<div id=\"ultimate-heading-208069fa2deb51145\" class=\"uvc-heading ult-adjust-bottom-margin ultimate-heading-208069fa2deb51145 uvc-3270 \" data-hspacer=\"line_with_icon\" data-hline_width=\"auto\" data-hicon_type=\"custom\" data-hborder_style=\"solid\" data-hborder_height=\"3\" data-hborder_color=\"#69b3e7\" data-icon_width=\"200\" data-hfixer=\"30\"  data-halign=\"center\" style=\"text-align:center\"><div class=\"uvc-heading-spacer line_with_icon\" style=\"top\"><div class=\"ult-just-icon-wrapper  \"><div class=\"align-icon\" style=\"text-align:center;\">\n<div class=\"aio-icon-img \" style=\"font-size:200px;display:inline-block;\" >\n\t<img decoding=\"async\" class=\"img-icon\" alt=\"null\" src=\"https:\/\/www.enka.k12.tr\/kocaeli\/wp-content\/uploads\/2023\/12\/enka_schools_log_new.jpg\"\/>\n<\/div><\/div><\/div><\/div><\/div><div class=\"ult-spacer spacer-69fa2deb511a2\" data-id=\"69fa2deb511a2\" data-height=\"30\" data-height-mobile=\"10\" data-height-tab=\"20\" data-height-tab-portrait=\"\" data-height-mobile-landscape=\"\" style=\"clear:both;display:block;\"><\/div>[\/vc_column][\/vc_row][vc_row padding_top=&#8221;30px&#8221; bg_type=&#8221;bg_color&#8221; bg_color_value=&#8221;#f5f5f5&#8243;][vc_column]<div id=\"ultimate-heading-184769fa2deb511f7\" class=\"uvc-heading ult-adjust-bottom-margin ultimate-heading-184769fa2deb511f7 uvc-8746 \" data-hspacer=\"line_only\"  data-halign=\"left\" style=\"text-align:left\"><div class=\"uvc-sub-heading ult-responsive\"  data-ultimate-target='.uvc-heading.ultimate-heading-184769fa2deb511f7 .uvc-sub-heading '  data-responsive-json-new='{\"font-size\":\"desktop:50px;tablet:48px;tablet_portrait:46px;mobile_landscape:44px;mobile:42px;\",\"line-height\":\"desktop:50px;tablet:48px;tablet_portrait:46px;mobile_landscape:44px;mobile:42px;\"}'  style=\"font-weight:bold;color:#000000;\"><span style=\"color: #fe5252;\"><span style=\"color: #69b3e7;\">AVRUPA<\/span> <span style=\"color: #000000;\">B\u0130RL\u0130\u011e\u0130 PROJELER\u0130 (ERASMUS+)<\/span><\/span><\/div><div class=\"uvc-heading-spacer line_only\" style=\"margin-top:10px;height:3px;\"><span class=\"uvc-headings-line\" style=\"border-style:solid;border-bottom-width:3px;border-color:#000000;width:100px;\"><\/span><\/div><\/div>[\/vc_column][\/vc_row][vc_row padding_top=&#8221;30px&#8221; bg_type=&#8221;bg_color&#8221; bg_color_value=&#8221;#f5f5f5&#8243;][vc_column]<div class=\"ult-spacer spacer-69fa2deb51234\" data-id=\"69fa2deb51234\" data-height=\"24\" data-height-mobile=\"24\" data-height-tab=\"24\" data-height-tab-portrait=\"\" data-height-mobile-landscape=\"\" style=\"clear:both;display:block;\"><\/div>[vc_column_text]Avrupa Birli\u011fi Bakanl\u0131\u011f\u0131 taraf\u0131ndan y\u00fcr\u00fct\u00fclen Erasmus + Program\u0131 Okullar Aras\u0131 Stratejik Ortakl\u0131klar (KA219) faaliyeti kapsam\u0131nda 2017 Teklif \u00c7a\u011fr\u0131s\u0131 s\u0131ras\u0131nda sunulan \u201cSonne \u00fcber Europa-Entwicklung und Bau eines Solar angetriebenen Bootes\u201d &#8220;Sun over Europe&#8221; projemiz kabul edildi. Proje, Avrupa Birli\u011fi Bakanl\u0131\u011f\u0131 Ulusal Ajans\u0131 taraf\u0131ndan sa\u011flanan hibe ile y\u00fcr\u00fct\u00fclecektir.<\/p>\n<p><img loading=\"lazy\" decoding=\"async\" class=\"size-medium wp-image-18407 alignright\" src=\"https:\/\/www.enka.k12.tr\/kocaeli\/wp-content\/uploads\/2020\/09\/Erasmus12017-300x225.jpg\" alt=\"\" width=\"300\" height=\"225\" \/>Proje 3 y\u0131ll\u0131k bir proje olup 6 ortakl\u0131 bir projedir.\u00a0Bel\u00e7ika&#8217;daki Robert Schuman Enstit\u00fcs\u00fc projenin ba\u015f koordinat\u00f6r\u00fcd\u00fcr. Ortak\u00a0okullar ve\u00a0\u00fclkeler\u00a0Berufliche Oberschule Regensburg-Almanya , Duna\u00fajv\u00e1rosi B\u00e1nki Don\u00e1t Gimn\u00e1zium \u00e9s Szakk\u00f6z\u00e9piskola\u00a0\u2013Macaristan, Zesp\u00f3\u0142 szk\u00f3\u0142-Polonya ve Istituto Tecnico Tecnologico Statale &#8220;Alessandro Volta&#8221;- \u0130talya d\u0131r.Di\u011fer ortaklar, Macaristan&#8217;dan Duna\u00fajv\u00e1rosi B\u00e1nki Don\u00e1t Gimn\u00e1zium \u00e9s Szakk\u00f6z\u00e9piskola, Almanya Berufliche Oberschule Regensburg Okulu, Polonya&#8217;n\u0131n Zesp\u00f3\u0142 szk\u00f3\u0142&#8217;u, \u0130talya&#8217;n\u0131n Istituto Tecnico Tecnologico Statale &#8220;Alessandro Volta&#8221; ve \u00d6zel ENKA Lisesi\u2019dir.<\/p>\n<p>Uluslararas\u0131 bir \u00f6\u011frenci ortakl\u0131\u011f\u0131 kurmak, e\u011fitim sistemleri ve y\u00f6ntemleri hakk\u0131nda temel bilgileri payla\u015fmak ve k\u00fclt\u00fcrel al\u0131\u015fveri\u015fleri kolayla\u015ft\u0131rmak amac\u0131yla okullar aras\u0131nda bir dizi \u00f6\u011frenme ve \u00f6\u011fretme etkinli\u011fi d\u00fczenlendi.<\/p>\n<p>Proje s\u00fcresince makine ve otomasyon b\u00f6l\u00fcm\u00fc \u00f6\u011frencileri,ortak olunan\u00a0okullar\u0131n \u00f6\u011frencileri ile online platformlar (Lo-net, etwinning vb.) \u00fczerinden birlikte \u00e7al\u0131\u015facaklar ve g\u00fcne\u015f enerjisi ile \u00e7al\u0131\u015fan bot\/kano yapacaklard\u0131r. 3 y\u0131l sonunda\u00a0ise bu bot ile Bel\u00e7ika\u2019da ve Almanya\u2019da d\u00fczenlenecek\u00a0yar\u0131\u015fmalara kat\u0131lacaklard\u0131r[\/vc_column_text][\/vc_column][\/vc_row]<\/p>\n<\/div>","protected":false},"excerpt":{"rendered":"<p>[vc_row][vc_column][\/vc_column][\/vc_row][vc_row padding_top=&#8221;30px&#8221; bg_type=&#8221;bg_color&#8221; bg_color_value=&#8221;#f5f5f5&#8243;][vc_column][\/vc_column][\/vc_row][vc_row padding_top=&#8221;30px&#8221; bg_type=&#8221;bg_color&#8221; bg_color_value=&#8221;#f5f5f5&#8243;][vc_column][vc_column_text]Avrupa Birli\u011fi Bakanl\u0131\u011f\u0131 taraf\u0131ndan y\u00fcr\u00fct\u00fclen Erasmus + Program\u0131 Okullar Aras\u0131 Stratejik Ortakl\u0131klar (KA219) faaliyeti kapsam\u0131nda 2017 Teklif \u00c7a\u011fr\u0131s\u0131 s\u0131ras\u0131nda sunulan \u201cSonne \u00fcber Europa-Entwicklung und Bau eines Solar angetriebenen Bootes\u201d &#8220;Sun over Europe&#8221; projemiz kabul edildi. Proje, Avrupa Birli\u011fi Bakanl\u0131\u011f\u0131 Ulusal Ajans\u0131 taraf\u0131ndan sa\u011flanan hibe ile y\u00fcr\u00fct\u00fclecektir. Proje 3 y\u0131ll\u0131k bir proje olup 6 ortakl\u0131 bir projedir.\u00a0Bel\u00e7ika&#8217;daki Robert Schuman Enstit\u00fcs\u00fc&#8230;<\/p>\n","protected":false},"author":22,"featured_media":848,"parent":667,"menu_order":0,"comment_status":"closed","ping_status":"closed","template":"","meta":{"_acf_changed":false,"inline_featured_image":false,"footnotes":""},"class_list":["post-26597","page","type-page","status-publish","has-post-thumbnail","hentry","custom-post-type-entry"],"aioseo_notices":[],"acf":[],"_links":{"self":[{"href":"https:\/\/www.enka.k12.tr\/kocaeli\/wp-json\/wp\/v2\/pages\/26597","targetHints":{"allow":["GET"]}}],"collection":[{"href":"https:\/\/www.enka.k12.tr\/kocaeli\/wp-json\/wp\/v2\/pages"}],"about":[{"href":"https:\/\/www.enka.k12.tr\/kocaeli\/wp-json\/wp\/v2\/types\/page"}],"author":[{"embeddable":true,"href":"https:\/\/www.enka.k12.tr\/kocaeli\/wp-json\/wp\/v2\/users\/22"}],"replies":[{"embeddable":true,"href":"https:\/\/www.enka.k12.tr\/kocaeli\/wp-json\/wp\/v2\/comments?post=26597"}],"version-history":[{"count":3,"href":"https:\/\/www.enka.k12.tr\/kocaeli\/wp-json\/wp\/v2\/pages\/26597\/revisions"}],"predecessor-version":[{"id":26609,"href":"https:\/\/www.enka.k12.tr\/kocaeli\/wp-json\/wp\/v2\/pages\/26597\/revisions\/26609"}],"up":[{"embeddable":true,"href":"https:\/\/www.enka.k12.tr\/kocaeli\/wp-json\/wp\/v2\/pages\/667"}],"wp:featuredmedia":[{"embeddable":true,"href":"https:\/\/www.enka.k12.tr\/kocaeli\/wp-json\/wp\/v2\/media\/848"}],"wp:attachment":[{"href":"https:\/\/www.enka.k12.tr\/kocaeli\/wp-json\/wp\/v2\/media?parent=26597"}],"curies":[{"name":"wp","href":"https:\/\/api.w.org\/{rel}","templated":true}]}}