{"id":26600,"date":"2026-02-18T14:47:34","date_gmt":"2026-02-18T11:47:34","guid":{"rendered":"https:\/\/www.enka.k12.tr\/kocaeli\/?page_id=26600"},"modified":"2026-02-18T14:52:26","modified_gmt":"2026-02-18T11:52:26","slug":"erasmus-2021-2024","status":"publish","type":"page","link":"https:\/\/www.enka.k12.tr\/kocaeli\/akademik-faaliyetler\/yurt-disi-calismalari\/avrupa-birligi-projeleri-erasmus\/erasmus-2021-2024\/","title":{"rendered":"ERASMUS+ (2021-2024)"},"content":{"rendered":"<div class=\"wpb-content-wrapper\"><p>[vc_row][vc_column]<div id=\"ultimate-heading-685769fa2deb512f3\" class=\"uvc-heading ult-adjust-bottom-margin ultimate-heading-685769fa2deb512f3 uvc-6579 \" data-hspacer=\"line_with_icon\" data-hline_width=\"auto\" data-hicon_type=\"custom\" data-hborder_style=\"solid\" data-hborder_height=\"3\" data-hborder_color=\"#69b3e7\" data-icon_width=\"200\" data-hfixer=\"30\"  data-halign=\"center\" style=\"text-align:center\"><div class=\"uvc-heading-spacer line_with_icon\" style=\"top\"><div class=\"ult-just-icon-wrapper  \"><div class=\"align-icon\" style=\"text-align:center;\">\n<div class=\"aio-icon-img \" style=\"font-size:200px;display:inline-block;\" >\n\t<img decoding=\"async\" class=\"img-icon\" alt=\"null\" src=\"https:\/\/www.enka.k12.tr\/kocaeli\/wp-content\/uploads\/2023\/12\/enka_schools_log_new.jpg\"\/>\n<\/div><\/div><\/div><\/div><\/div><div class=\"ult-spacer spacer-69fa2deb5134d\" data-id=\"69fa2deb5134d\" data-height=\"30\" data-height-mobile=\"10\" data-height-tab=\"20\" data-height-tab-portrait=\"\" data-height-mobile-landscape=\"\" style=\"clear:both;display:block;\"><\/div>[\/vc_column][\/vc_row][vc_row padding_top=&#8221;30px&#8221; bg_type=&#8221;bg_color&#8221; bg_color_value=&#8221;#f5f5f5&#8243;][vc_column]<div id=\"ultimate-heading-103269fa2deb513a3\" class=\"uvc-heading ult-adjust-bottom-margin ultimate-heading-103269fa2deb513a3 uvc-4386 \" data-hspacer=\"line_only\"  data-halign=\"left\" style=\"text-align:left\"><div class=\"uvc-sub-heading ult-responsive\"  data-ultimate-target='.uvc-heading.ultimate-heading-103269fa2deb513a3 .uvc-sub-heading '  data-responsive-json-new='{\"font-size\":\"desktop:50px;tablet:48px;tablet_portrait:46px;mobile_landscape:44px;mobile:42px;\",\"line-height\":\"desktop:50px;tablet:48px;tablet_portrait:46px;mobile_landscape:44px;mobile:42px;\"}'  style=\"font-weight:bold;color:#000000;\"><span style=\"color: #fe5252;\"><span style=\"color: #69b3e7;\">AVRUPA<\/span> <span style=\"color: #000000;\">B\u0130RL\u0130\u011e\u0130 PROJELER\u0130 (ERASMUS+) 2021-2024<\/span><\/span><\/div><div class=\"uvc-heading-spacer line_only\" style=\"margin-top:10px;height:3px;\"><span class=\"uvc-headings-line\" style=\"border-style:solid;border-bottom-width:3px;border-color:#000000;width:100px;\"><\/span><\/div><\/div>[\/vc_column][\/vc_row][vc_row padding_top=&#8221;30px&#8221; bg_type=&#8221;bg_color&#8221; bg_color_value=&#8221;#f5f5f5&#8243;][vc_column]<div class=\"ult-spacer spacer-69fa2deb513dd\" data-id=\"69fa2deb513dd\" data-height=\"24\" data-height-mobile=\"24\" data-height-tab=\"24\" data-height-tab-portrait=\"\" data-height-mobile-landscape=\"\" style=\"clear:both;display:block;\"><\/div>[vc_column_text]Avrupa Birli\u011fi Bakanl\u0131\u011f\u0131 taraf\u0131ndan y\u00fcr\u00fct\u00fclen Erasmus + Program\u0131 Okullar Aras\u0131 Stratejik Ortakl\u0131klar (KA220) faaliyeti kapsam\u0131nda 2021 Teklif \u00c7a\u011fr\u0131s\u0131 s\u0131ras\u0131nda sunulan Europe drives together programmed to the target -development and production of a programmable vehicle inthe context of robotics\u201d projemiz kabul edildi. Proje, Avrupa Birli\u011fi Bakanl\u0131\u011f\u0131 Bel\u00e7ika Ulusal Ajans\u0131 taraf\u0131ndan sa\u011flanan hibe ile y\u00fcr\u00fct\u00fclecektir.<\/p>\n<p>Proje 3 y\u0131ll\u0131k bir proje olup 6 ortakl\u0131 bir projedir. Bel\u00e7ika\u2019daki Robert Schuman Enstit\u00fcs\u00fc projenin ba\u015f koordinat\u00f6r\u00fcd\u00fcr.<\/p>\n<p>Ortak okullar ve \u00fc<img loading=\"lazy\" decoding=\"async\" class=\"wp-image-22088 alignright\" src=\"https:\/\/www.enka.k12.tr\/kocaeli\/wp-content\/uploads\/2023\/12\/Erasmus-1-300x180.jpg\" alt=\"\" width=\"378\" height=\"227\" srcset=\"https:\/\/www.enka.k12.tr\/kocaeli\/wp-content\/uploads\/2023\/12\/Erasmus-1-300x180.jpg 300w, https:\/\/www.enka.k12.tr\/kocaeli\/wp-content\/uploads\/2023\/12\/Erasmus-1.jpg 700w\" sizes=\"auto, (max-width: 378px) 100vw, 378px\" \/>lkeler Berufliche Oberschule Regensburg-Almanya , Duna\u00fajv\u00e1rosi B\u00e1nki Don\u00e1t Gimn\u00e1zium \u00e9s Szakk\u00f6z\u00e9piskola \u2013Macaristan, Zesp\u00f3\u0142 szk\u00f3\u0142-Polonya ve Istituto Tecnico Tecnologico Statale \u201cAlessandro Volta\u201d- \u0130talya d\u0131r.Di\u011fer ortaklar, Macaristan\u2019dan Duna\u00fajv\u00e1rosi B\u00e1nki Don\u00e1t Gimn\u00e1zium \u00e9s Szakk\u00f6z\u00e9piskola, Almanya Berufliche Oberschule Regensburg Okulu, Polonya\u2019n\u0131n Zesp\u00f3\u0142 szk\u00f3\u0142\u2019u, \u0130talya\u2019n\u0131n Istituto Tecnico Tecnologico Statale \u201cAlessandro Volta\u201d ve \u00d6zel ENKA Lisesi\u2019dir.<\/p>\n<p>Uluslararas\u0131 bir \u00f6\u011frenci ortakl\u0131\u011f\u0131 kurmak, e\u011fitim sistemleri ve y\u00f6ntemleri hakk\u0131nda temel bilgileri payla\u015fmak ve k\u00fclt\u00fcrel al\u0131\u015fveri\u015fleri kolayla\u015ft\u0131rmak amac\u0131yla 3 y\u0131l boyunca okullar aras\u0131nda bir dizi \u00d6\u011frenme-\u00d6\u011fretme etkinli\u011fi toplant\u0131lar\u0131 d\u00fczenlenecektir.<\/p>\n<p>Proje s\u00fcresince otomasyon b\u00f6l\u00fcm\u00fc \u00f6\u011frencileri, ortak olunan okullar\u0131n \u00f6\u011frencileri ile online platformlar (Lo-net, etwinning vb.) \u00fczerinden birlikte \u00e7al\u0131\u015facaklar ve \u00e7izgi izleyen temal\u0131 bir robot yapacaklard\u0131r. 3 y\u0131l sonunda ise bu robot ile Polonya\u2019da d\u00fczenlenecek olan son \u00d6\u011frenme-\u00d6\u011fretme etkinli\u011fine kat\u0131lacaklard\u0131r.[\/vc_column_text][\/vc_column][\/vc_row]<\/p>\n<\/div>","protected":false},"excerpt":{"rendered":"<p>[vc_row][vc_column][\/vc_column][\/vc_row][vc_row padding_top=&#8221;30px&#8221; bg_type=&#8221;bg_color&#8221; bg_color_value=&#8221;#f5f5f5&#8243;][vc_column][\/vc_column][\/vc_row][vc_row padding_top=&#8221;30px&#8221; bg_type=&#8221;bg_color&#8221; bg_color_value=&#8221;#f5f5f5&#8243;][vc_column][vc_column_text]Avrupa Birli\u011fi Bakanl\u0131\u011f\u0131 taraf\u0131ndan y\u00fcr\u00fct\u00fclen Erasmus + Program\u0131 Okullar Aras\u0131 Stratejik Ortakl\u0131klar (KA220) faaliyeti kapsam\u0131nda 2021 Teklif \u00c7a\u011fr\u0131s\u0131 s\u0131ras\u0131nda sunulan Europe drives together programmed to the target -development and production of a programmable vehicle inthe context of robotics\u201d projemiz kabul edildi. Proje, Avrupa Birli\u011fi Bakanl\u0131\u011f\u0131 Bel\u00e7ika Ulusal Ajans\u0131 taraf\u0131ndan sa\u011flanan hibe ile y\u00fcr\u00fct\u00fclecektir. Proje 3 y\u0131ll\u0131k bir proje olup&#8230;<\/p>\n","protected":false},"author":22,"featured_media":848,"parent":667,"menu_order":0,"comment_status":"closed","ping_status":"closed","template":"","meta":{"_acf_changed":false,"inline_featured_image":false,"footnotes":""},"class_list":["post-26600","page","type-page","status-publish","has-post-thumbnail","hentry","custom-post-type-entry"],"aioseo_notices":[],"acf":[],"_links":{"self":[{"href":"https:\/\/www.enka.k12.tr\/kocaeli\/wp-json\/wp\/v2\/pages\/26600","targetHints":{"allow":["GET"]}}],"collection":[{"href":"https:\/\/www.enka.k12.tr\/kocaeli\/wp-json\/wp\/v2\/pages"}],"about":[{"href":"https:\/\/www.enka.k12.tr\/kocaeli\/wp-json\/wp\/v2\/types\/page"}],"author":[{"embeddable":true,"href":"https:\/\/www.enka.k12.tr\/kocaeli\/wp-json\/wp\/v2\/users\/22"}],"replies":[{"embeddable":true,"href":"https:\/\/www.enka.k12.tr\/kocaeli\/wp-json\/wp\/v2\/comments?post=26600"}],"version-history":[{"count":3,"href":"https:\/\/www.enka.k12.tr\/kocaeli\/wp-json\/wp\/v2\/pages\/26600\/revisions"}],"predecessor-version":[{"id":26613,"href":"https:\/\/www.enka.k12.tr\/kocaeli\/wp-json\/wp\/v2\/pages\/26600\/revisions\/26613"}],"up":[{"embeddable":true,"href":"https:\/\/www.enka.k12.tr\/kocaeli\/wp-json\/wp\/v2\/pages\/667"}],"wp:featuredmedia":[{"embeddable":true,"href":"https:\/\/www.enka.k12.tr\/kocaeli\/wp-json\/wp\/v2\/media\/848"}],"wp:attachment":[{"href":"https:\/\/www.enka.k12.tr\/kocaeli\/wp-json\/wp\/v2\/media?parent=26600"}],"curies":[{"name":"wp","href":"https:\/\/api.w.org\/{rel}","templated":true}]}}