{"id":26610,"date":"2026-02-18T14:57:16","date_gmt":"2026-02-18T11:57:16","guid":{"rendered":"https:\/\/www.enka.k12.tr\/kocaeli\/?page_id=26610"},"modified":"2026-02-18T14:57:16","modified_gmt":"2026-02-18T11:57:16","slug":"erasmus-2014-2016","status":"publish","type":"page","link":"https:\/\/www.enka.k12.tr\/kocaeli\/akademik-faaliyetler\/yurt-disi-calismalari\/avrupa-birligi-projeleri-erasmus\/erasmus-2014-2016\/","title":{"rendered":"ERASMUS+ (2014-2016)"},"content":{"rendered":"<div class=\"wpb-content-wrapper\"><p>[vc_row][vc_column]<div id=\"ultimate-heading-891769fa2dec12f6f\" class=\"uvc-heading ult-adjust-bottom-margin ultimate-heading-891769fa2dec12f6f uvc-8814 \" data-hspacer=\"line_with_icon\" data-hline_width=\"auto\" data-hicon_type=\"custom\" data-hborder_style=\"solid\" data-hborder_height=\"3\" data-hborder_color=\"#69b3e7\" data-icon_width=\"200\" data-hfixer=\"30\"  data-halign=\"center\" style=\"text-align:center\"><div class=\"uvc-heading-spacer line_with_icon\" style=\"top\"><div class=\"ult-just-icon-wrapper  \"><div class=\"align-icon\" style=\"text-align:center;\">\n<div class=\"aio-icon-img \" style=\"font-size:200px;display:inline-block;\" >\n\t<img decoding=\"async\" class=\"img-icon\" alt=\"null\" src=\"https:\/\/www.enka.k12.tr\/kocaeli\/wp-content\/uploads\/2023\/12\/enka_schools_log_new.jpg\"\/>\n<\/div><\/div><\/div><\/div><\/div><div class=\"ult-spacer spacer-69fa2dec12fca\" data-id=\"69fa2dec12fca\" data-height=\"30\" data-height-mobile=\"10\" data-height-tab=\"20\" data-height-tab-portrait=\"\" data-height-mobile-landscape=\"\" style=\"clear:both;display:block;\"><\/div>[\/vc_column][\/vc_row][vc_row padding_top=&#8221;30px&#8221; bg_type=&#8221;bg_color&#8221; bg_color_value=&#8221;#f5f5f5&#8243;][vc_column]<div id=\"ultimate-heading-816469fa2dec13031\" class=\"uvc-heading ult-adjust-bottom-margin ultimate-heading-816469fa2dec13031 uvc-5942 \" data-hspacer=\"line_only\"  data-halign=\"left\" style=\"text-align:left\"><div class=\"uvc-sub-heading ult-responsive\"  data-ultimate-target='.uvc-heading.ultimate-heading-816469fa2dec13031 .uvc-sub-heading '  data-responsive-json-new='{\"font-size\":\"desktop:50px;tablet:48px;tablet_portrait:46px;mobile_landscape:44px;mobile:42px;\",\"line-height\":\"desktop:50px;tablet:48px;tablet_portrait:46px;mobile_landscape:44px;mobile:42px;\"}'  style=\"font-weight:bold;color:#000000;\"><span style=\"color: #fe5252;\"><span style=\"color: #69b3e7;\">AVRUPA<\/span> <span style=\"color: #000000;\">B\u0130RL\u0130\u011e\u0130 PROJELER\u0130 (ERASMUS+) 2014- 2016<\/span><\/span><\/div><div class=\"uvc-heading-spacer line_only\" style=\"margin-top:10px;height:3px;\"><span class=\"uvc-headings-line\" style=\"border-style:solid;border-bottom-width:3px;border-color:#000000;width:100px;\"><\/span><\/div><\/div>[\/vc_column][\/vc_row][vc_row padding_top=&#8221;30px&#8221; bg_type=&#8221;bg_color&#8221; bg_color_value=&#8221;#f5f5f5&#8243;][vc_column]<div class=\"ult-spacer spacer-69fa2dec1306d\" data-id=\"69fa2dec1306d\" data-height=\"24\" data-height-mobile=\"24\" data-height-tab=\"24\" data-height-tab-portrait=\"\" data-height-mobile-landscape=\"\" style=\"clear:both;display:block;\"><\/div>[vc_column_text]\u201cDie Jugend Pra\u0308gt Europa \u2013 Fertigung Einer Mu\u0308nzpresse Zum Pra\u0308gen Einer Europamu\u0308nze\u201d<\/p>\n<p>Okulumuzun ortak oldu\u011fu \u201cDie Jugend Pra\u0308gt Europa \u2013 Fertigung Einer Mu\u0308nzpresse Zum Pra\u0308gen Einer Europamu\u0308nze\u201d isimli Avrupa Birli\u011fi projesi, Erasmus+ 2014 teklif \u00e7a\u011fr\u0131s\u0131 kapsam\u0131nda Avrupa Birli\u011fi E\u011fitim ve Gen\u00e7lik Programlar\u0131 Merkezi Ba\u015fkanl\u0131\u011f\u0131 (T\u00fcrkiye Ulusal Ajans\u0131) taraf\u0131ndan sa\u011flanan hibe deste\u011fi ile y\u00fcr\u00fct\u00fclm\u00fc\u015f ve 2016 y\u0131l\u0131nda ba\u015far\u0131 ile tamamlanm\u0131\u015ft\u0131r.<\/p>\n<p><img loading=\"lazy\" decoding=\"async\" class=\"size-medium wp-image-18405 alignright\" src=\"https:\/\/www.enka.k12.tr\/kocaeli\/wp-content\/uploads\/2020\/09\/Erasmus22017-300x225.jpg\" sizes=\"auto, (max-width: 300px) 100vw, 300px\" srcset=\"https:\/\/www.enka.k12.tr\/kocaeli\/wp-content\/uploads\/2020\/09\/Erasmus22017-300x225.jpg 300w, https:\/\/www.enka.k12.tr\/kocaeli\/wp-content\/uploads\/2020\/09\/Erasmus22017-1024x768.jpg 1024w, https:\/\/www.enka.k12.tr\/kocaeli\/wp-content\/uploads\/2020\/09\/Erasmus22017-768x576.jpg 768w, https:\/\/www.enka.k12.tr\/kocaeli\/wp-content\/uploads\/2020\/09\/Erasmus22017.jpg 1385w\" alt=\"\" width=\"300\" height=\"225\" \/><\/p>\n<p>Almanya Berufliche Oberschule Regensburg Okulu koordinat\u00f6rl\u00fc\u011f\u00fcndeki projede ortak okullar, Duna\u00fajv\u00e1rosi B\u00e1nki Don\u00e1t Gimn\u00e1zium \u00e9s Szakk\u00f6z\u00e9piskola -Macaristan, Robert Schuman Institute-Bel\u00e7ika , Zesp\u00f3\u0142 szk\u00f3\u0142-Polonya ve \u00d6zel ENKA Mesleki ve Teknik Anadolu Lisesidir.<\/p>\n<p>\u00dclkeler aras\u0131 \u00f6\u011frenci ortakl\u0131\u011f\u0131 kurmak, e\u011fitim sistemleri ve y\u00f6ntemleri konusunda fikir edinebilmek ve k\u00fclt\u00fcr al\u0131\u015fveri\u015finde bulunmak ama\u00e7l\u0131 projede bu ama\u00e7lar do\u011frultusunda her \u00fclkede \u00d6\u011frenme\/\u00d6\u011fretme aktiviteleri d\u00fczenlenmi\u015ftir.<\/p>\n<p>Proje sonunda \u00fcretilen hat\u0131ra para basma makinesi ve tasarlanan hat\u0131ra para May\u0131s 2016 da Polonya\u2019da d\u00fczenlenen kapan\u0131\u015f toplant\u0131s\u0131nda sergilenmi\u015ftir.<\/p>\n<p>Bu proje kapsam\u0131nda 13 -19 Mart 2016 tarihleri aras\u0131nda okulumuz taraf\u0131ndan misafir \u00f6\u011fretmen ve \u00f6\u011frenciler bir hafta boyunca programlanan etkinliklerle a\u011f\u0131rlanm\u0131\u015ft\u0131r.[\/vc_column_text][\/vc_column][\/vc_row]<\/p>\n<\/div>","protected":false},"excerpt":{"rendered":"<p>[vc_row][vc_column][\/vc_column][\/vc_row][vc_row padding_top=&#8221;30px&#8221; bg_type=&#8221;bg_color&#8221; bg_color_value=&#8221;#f5f5f5&#8243;][vc_column][\/vc_column][\/vc_row][vc_row padding_top=&#8221;30px&#8221; bg_type=&#8221;bg_color&#8221; bg_color_value=&#8221;#f5f5f5&#8243;][vc_column][vc_column_text]\u201cDie Jugend Pra\u0308gt Europa \u2013 Fertigung Einer Mu\u0308nzpresse Zum Pra\u0308gen Einer Europamu\u0308nze\u201d Okulumuzun ortak oldu\u011fu \u201cDie Jugend Pra\u0308gt Europa \u2013 Fertigung Einer Mu\u0308nzpresse Zum Pra\u0308gen Einer Europamu\u0308nze\u201d isimli Avrupa Birli\u011fi projesi, Erasmus+ 2014 teklif \u00e7a\u011fr\u0131s\u0131 kapsam\u0131nda Avrupa Birli\u011fi E\u011fitim ve Gen\u00e7lik Programlar\u0131 Merkezi Ba\u015fkanl\u0131\u011f\u0131 (T\u00fcrkiye Ulusal Ajans\u0131) taraf\u0131ndan sa\u011flanan hibe deste\u011fi ile y\u00fcr\u00fct\u00fclm\u00fc\u015f ve 2016 y\u0131l\u0131nda ba\u015far\u0131 ile tamamlanm\u0131\u015ft\u0131r&#8230;.<\/p>\n","protected":false},"author":22,"featured_media":848,"parent":667,"menu_order":0,"comment_status":"closed","ping_status":"closed","template":"","meta":{"_acf_changed":false,"inline_featured_image":false,"footnotes":""},"class_list":["post-26610","page","type-page","status-publish","has-post-thumbnail","hentry","custom-post-type-entry"],"aioseo_notices":[],"acf":[],"_links":{"self":[{"href":"https:\/\/www.enka.k12.tr\/kocaeli\/wp-json\/wp\/v2\/pages\/26610","targetHints":{"allow":["GET"]}}],"collection":[{"href":"https:\/\/www.enka.k12.tr\/kocaeli\/wp-json\/wp\/v2\/pages"}],"about":[{"href":"https:\/\/www.enka.k12.tr\/kocaeli\/wp-json\/wp\/v2\/types\/page"}],"author":[{"embeddable":true,"href":"https:\/\/www.enka.k12.tr\/kocaeli\/wp-json\/wp\/v2\/users\/22"}],"replies":[{"embeddable":true,"href":"https:\/\/www.enka.k12.tr\/kocaeli\/wp-json\/wp\/v2\/comments?post=26610"}],"version-history":[{"count":1,"href":"https:\/\/www.enka.k12.tr\/kocaeli\/wp-json\/wp\/v2\/pages\/26610\/revisions"}],"predecessor-version":[{"id":26612,"href":"https:\/\/www.enka.k12.tr\/kocaeli\/wp-json\/wp\/v2\/pages\/26610\/revisions\/26612"}],"up":[{"embeddable":true,"href":"https:\/\/www.enka.k12.tr\/kocaeli\/wp-json\/wp\/v2\/pages\/667"}],"wp:featuredmedia":[{"embeddable":true,"href":"https:\/\/www.enka.k12.tr\/kocaeli\/wp-json\/wp\/v2\/media\/848"}],"wp:attachment":[{"href":"https:\/\/www.enka.k12.tr\/kocaeli\/wp-json\/wp\/v2\/media?parent=26610"}],"curies":[{"name":"wp","href":"https:\/\/api.w.org\/{rel}","templated":true}]}}