{"id":26879,"date":"2026-03-13T15:37:53","date_gmt":"2026-03-13T12:37:53","guid":{"rendered":"https:\/\/www.enka.k12.tr\/kocaeli\/?page_id=26879"},"modified":"2026-03-14T14:55:52","modified_gmt":"2026-03-14T11:55:52","slug":"universite-hazirlik-kursu","status":"publish","type":"page","link":"https:\/\/www.enka.k12.tr\/kocaeli\/universite-hazirlik-kursu\/","title":{"rendered":"\u00dcN\u0130VERS\u0130TE HAZIRLIK KURSU"},"content":{"rendered":"<div class=\"wpb-content-wrapper\"><p>[vc_row][vc_column]<div id=\"ultimate-heading-329469e008cb7150b\" class=\"uvc-heading ult-adjust-bottom-margin ultimate-heading-329469e008cb7150b uvc-848 \" data-hspacer=\"line_with_icon\" data-hline_width=\"auto\" data-hicon_type=\"custom\" data-hborder_style=\"solid\" data-hborder_height=\"3\" data-hborder_color=\"#69b3e7\" data-icon_width=\"200\" data-hfixer=\"30\"  data-halign=\"center\" style=\"text-align:center\"><div class=\"uvc-heading-spacer line_with_icon\" style=\"top\"><div class=\"ult-just-icon-wrapper  \"><div class=\"align-icon\" style=\"text-align:center;\">\n<div class=\"aio-icon-img \" style=\"font-size:200px;display:inline-block;\" >\n\t<img decoding=\"async\" class=\"img-icon\" alt=\"null\" src=\"https:\/\/www.enka.k12.tr\/kocaeli\/wp-content\/uploads\/2023\/12\/enka_schools_log_new.jpg\"\/>\n<\/div><\/div><\/div><\/div><\/div><div class=\"ult-spacer spacer-69e008cb71570\" data-id=\"69e008cb71570\" data-height=\"30\" data-height-mobile=\"10\" data-height-tab=\"20\" data-height-tab-portrait=\"\" data-height-mobile-landscape=\"\" style=\"clear:both;display:block;\"><\/div>[\/vc_column][\/vc_row][vc_row][vc_column]<div id=\"ultimate-heading-603169e008cb715db\" class=\"uvc-heading ult-adjust-bottom-margin ultimate-heading-603169e008cb715db uvc-4950 \" data-hspacer=\"no_spacer\"  data-halign=\"left\" style=\"text-align:left\"><div class=\"uvc-heading-spacer no_spacer\" style=\"top\"><\/div><div class=\"uvc-sub-heading ult-responsive\"  data-ultimate-target='.uvc-heading.ultimate-heading-603169e008cb715db .uvc-sub-heading '  data-responsive-json-new='{\"font-size\":\"desktop:45px;tablet_portrait:35px;mobile_landscape:35px;mobile:35px;\",\"line-height\":\"desktop:50px;tablet_portrait:50px;mobile_landscape:50px;mobile:50px;\"}'  style=\"font-weight:bold;color:#000000;\"><span style=\"font-size: 24pt; color: #003366;\">\u00dcN\u0130VERS\u0130TE HAZIRLIK KURSU<\/span><\/div><\/div><div class=\"ult-spacer spacer-69e008cb71624\" data-id=\"69e008cb71624\" data-height=\"30\" data-height-mobile=\"10\" data-height-tab=\"20\" data-height-tab-portrait=\"\" data-height-mobile-landscape=\"\" style=\"clear:both;display:block;\"><\/div>[\/vc_column][\/vc_row][vc_row][vc_column][vc_column_text]Okulumuzda, 11. ve 12. s\u0131n\u0131f \u00f6\u011frencileri i\u00e7in kapsaml\u0131 \u00fcniversite haz\u0131rl\u0131k kurs programlar\u0131 y\u00fcr\u00fct\u00fclmektedir. Alan\u0131nda deneyimli \u00f6\u011fretmen kadromuz, \u00f6\u011frencilerin YKS s\u00fcrecinde akademik olarak desteklenmesini sa\u011flar. 11. s\u0131n\u0131f kurs program\u0131m\u0131z, \u00f6\u011frencilerin TYT \u00e7al\u0131\u015fmalar\u0131na erken ba\u015flamas\u0131na ve 12. s\u0131n\u0131fa g\u00fc\u00e7l\u00fc bir altyap\u0131 ile ge\u00e7mesine olanak tan\u0131r. Derslerimiz, konu peki\u015ftirme ile desteklenir; hedefimiz, TYT\u2019yi 12. s\u0131n\u0131fa b\u0131rakmadan kademeli ve etkili bir \u015fekilde ilerletmektir.<\/p>\n<p>12.s\u0131n\u0131f kurs program\u0131m\u0131z ise genel YKS haz\u0131rl\u0131\u011f\u0131na odaklan\u0131r. \u00d6\u011frencilerimiz her hafta deneme s\u0131navlar\u0131na girer, b\u00f6ylece s\u0131nav prati\u011fi ve zaman y\u00f6netimi becerilerini geli\u015ftirirler. Akademik s\u00fcre\u00e7, dan\u0131\u015fman \u00f6\u011fretmenler taraf\u0131ndan yak\u0131ndan takip edilir ve \u00f6\u011frencilerin motivasyonu ile psikolojik haz\u0131rl\u0131klar\u0131 rehberlik servisi taraf\u0131ndan desteklenir. Ayr\u0131ca, \u00f6\u011frencilerimize tercih dan\u0131\u015fmanl\u0131\u011f\u0131 sunularak \u00fcniversite ve b\u00f6l\u00fcm se\u00e7imlerinde rehberlik sa\u011flan\u0131r.<\/p>\n<p>\u00d6\u011frencilerimiz her y\u0131l T\u00fcrkiye\u2019nin \u00f6nde gelen \u00fcniversitelerinin se\u00e7kin programlar\u0131na yerle\u015fmektedir. \u00dcniversiteye yerle\u015fen \u00f6\u011frencilerimiz, belirlenen ba\u015far\u0131 kriterlerini sa\u011flad\u0131\u011f\u0131nda Enka Vakf\u0131 taraf\u0131ndan bursla desteklenir. Vakf\u0131m\u0131z, \u00f6\u011frencilerimizin akademik yolculuklar\u0131 boyunca yan\u0131nda olarak e\u011fitimlerine g\u00fc\u00e7l\u00fc bir katk\u0131 sa\u011flar.[\/vc_column_text][\/vc_column][\/vc_row][vc_row][vc_column]<div class=\"ult-spacer spacer-69e008cb71654\" data-id=\"69e008cb71654\" data-height=\"30\" data-height-mobile=\"10\" data-height-tab=\"20\" data-height-tab-portrait=\"\" data-height-mobile-landscape=\"\" style=\"clear:both;display:block;\"><\/div>[vc_btn title=&#8221;BA\u015eARILARIMIZ&#8221; color=&#8221;sky&#8221; size=&#8221;lg&#8221; align=&#8221;center&#8221; css=&#8221;&#8221; link=&#8221;url:https%3A%2F%2Fwww.enka.k12.tr%2Fkocaeli%2Fhizli-linkler%2Funiversite-sonuclari%2F|title:%C3%9CN%C4%B0VERS%C4%B0TE%20SONU%C3%87LARI&#8221;][\/vc_column][\/vc_row]<\/p>\n<\/div>","protected":false},"excerpt":{"rendered":"<p>[vc_row][vc_column][\/vc_column][\/vc_row][vc_row][vc_column][\/vc_column][\/vc_row][vc_row][vc_column][vc_column_text]Okulumuzda, 11. ve 12. s\u0131n\u0131f \u00f6\u011frencileri i\u00e7in kapsaml\u0131 \u00fcniversite haz\u0131rl\u0131k kurs programlar\u0131 y\u00fcr\u00fct\u00fclmektedir. Alan\u0131nda deneyimli \u00f6\u011fretmen kadromuz, \u00f6\u011frencilerin YKS s\u00fcrecinde akademik olarak desteklenmesini sa\u011flar. 11. s\u0131n\u0131f kurs program\u0131m\u0131z, \u00f6\u011frencilerin TYT \u00e7al\u0131\u015fmalar\u0131na erken ba\u015flamas\u0131na ve 12. s\u0131n\u0131fa g\u00fc\u00e7l\u00fc bir altyap\u0131 ile ge\u00e7mesine olanak tan\u0131r. Derslerimiz, konu peki\u015ftirme ile desteklenir; hedefimiz, TYT\u2019yi 12. s\u0131n\u0131fa b\u0131rakmadan kademeli ve etkili bir \u015fekilde ilerletmektir. 12.s\u0131n\u0131f kurs program\u0131m\u0131z ise genel YKS&#8230;<\/p>\n","protected":false},"author":22,"featured_media":0,"parent":0,"menu_order":0,"comment_status":"closed","ping_status":"closed","template":"","meta":{"_acf_changed":false,"inline_featured_image":false,"footnotes":""},"class_list":["post-26879","page","type-page","status-publish","hentry","custom-post-type-entry"],"aioseo_notices":[],"acf":[],"_links":{"self":[{"href":"https:\/\/www.enka.k12.tr\/kocaeli\/wp-json\/wp\/v2\/pages\/26879","targetHints":{"allow":["GET"]}}],"collection":[{"href":"https:\/\/www.enka.k12.tr\/kocaeli\/wp-json\/wp\/v2\/pages"}],"about":[{"href":"https:\/\/www.enka.k12.tr\/kocaeli\/wp-json\/wp\/v2\/types\/page"}],"author":[{"embeddable":true,"href":"https:\/\/www.enka.k12.tr\/kocaeli\/wp-json\/wp\/v2\/users\/22"}],"replies":[{"embeddable":true,"href":"https:\/\/www.enka.k12.tr\/kocaeli\/wp-json\/wp\/v2\/comments?post=26879"}],"version-history":[{"count":7,"href":"https:\/\/www.enka.k12.tr\/kocaeli\/wp-json\/wp\/v2\/pages\/26879\/revisions"}],"predecessor-version":[{"id":26967,"href":"https:\/\/www.enka.k12.tr\/kocaeli\/wp-json\/wp\/v2\/pages\/26879\/revisions\/26967"}],"wp:attachment":[{"href":"https:\/\/www.enka.k12.tr\/kocaeli\/wp-json\/wp\/v2\/media?parent=26879"}],"curies":[{"name":"wp","href":"https:\/\/api.w.org\/{rel}","templated":true}]}}