{"id":5197,"date":"2017-09-08T10:01:28","date_gmt":"2017-09-08T07:01:28","guid":{"rendered":"http:\/\/www.enka.com\/foundation\/schools\/gebze\/homepage\/"},"modified":"2026-03-14T13:08:58","modified_gmt":"2026-03-14T10:08:58","slug":"kocaeli-2-2-2","status":"publish","type":"page","link":"https:\/\/www.enka.k12.tr\/kocaeli\/","title":{"rendered":"KOCAEL\u0130"},"content":{"rendered":"<div class=\"wpb-content-wrapper\"><p>[vc_row center_row=&#8221;yes&#8221; padding_top=&#8221;95px&#8221; padding_bottom=&#8221;40px&#8221; el_class=&#8221;bg-image&#8221;][vc_column width=&#8221;1\/2&#8243;]<div class=\"ult-spacer spacer-69fb1c064676e\" data-id=\"69fb1c064676e\" data-height=\"30\" data-height-mobile=\"10\" data-height-tab=\"25\" data-height-tab-portrait=\"20\" data-height-mobile-landscape=\"18\" style=\"clear:both;display:block;\"><\/div><div id=\"ultimate-heading-174969fb1c0646819\" class=\"uvc-heading ult-adjust-bottom-margin ultimate-heading-174969fb1c0646819 uvc-595 \" data-hspacer=\"line_only\"  data-halign=\"center\" style=\"text-align:center\"><div class=\"uvc-sub-heading ult-responsive\"  data-ultimate-target='.uvc-heading.ultimate-heading-174969fb1c0646819 .uvc-sub-heading '  data-responsive-json-new='{\"font-size\":\"desktop:35px;tablet:33px;tablet_portrait:36px;mobile_landscape:34px;mobile:32px;\",\"line-height\":\"desktop:35px;tablet:38px;tablet_portrait:36px;mobile_landscape:34px;mobile:32px;\"}'  style=\"font-weight:bold;color:#000000;\"><\/p>\n<p style=\"text-align: center;\">FEN VE TEKNOLOJ\u0130 L\u0130SES\u0130<\/p>\n<p><\/div><div class=\"uvc-heading-spacer line_only\" style=\"margin-top:10px;height:3px;\"><span class=\"uvc-headings-line\" style=\"border-style:solid;border-bottom-width:3px;border-color:#69b3e7;width:100px;\"><\/span><\/div><\/div><div class=\"ult-spacer spacer-69fb1c064687b\" data-id=\"69fb1c064687b\" data-height=\"30\" data-height-mobile=\"30\" data-height-tab=\"30\" data-height-tab-portrait=\"30\" data-height-mobile-landscape=\"30\" style=\"clear:both;display:block;\"><\/div><div tabindex=\"0\" class=\"ult-new-ib ult-ib-effect-style5  ult-ib-resp  \" data-min-width=\"768\" data-max-width=\"900\" style=\"background:#012169;\" data-opacity=\"1\" data-hover-opacity=\"0.3\" ><img decoding=\"async\" class=\"ult-new-ib-img\" style=\"opacity:1;\" alt=\"null\" src=\"https:\/\/www.enka.k12.tr\/kocaeli\/wp-content\/uploads\/2017\/09\/sciencetech_home.jpg\"   \/><div id=\"interactive-banner-wrap-3510\" class=\"ult-new-ib-desc\" style=\"background:#69b3e7;\"><h2 class=\"ult-new-ib-title ult-responsive\"  data-ultimate-target='#interactive-banner-wrap-3510 .ult-new-ib-title'  data-responsive-json-new='{\"font-size\":\"\",\"line-height\":\"\"}'  style=\"font-weight:normal;color:#ffffff;\">FEN VE TEKNOLOJ\u0130 L\u0130SES\u0130<\/h2><\/div><a class=\"ult-new-ib-link\" href=\"https:\/\/www.enka.k12.tr\/kocaeli\/okullarimiz\/fen-ve-teknoloji-lisesi\/\"  ><\/a><\/div>[\/vc_column][vc_column width=&#8221;1\/2&#8243;]<div class=\"ult-spacer spacer-69fb1c0646c6e\" data-id=\"69fb1c0646c6e\" data-height=\"30\" data-height-mobile=\"10\" data-height-tab=\"25\" data-height-tab-portrait=\"20\" data-height-mobile-landscape=\"18\" style=\"clear:both;display:block;\"><\/div><div id=\"ultimate-heading-824669fb1c0646ccc\" class=\"uvc-heading ult-adjust-bottom-margin ultimate-heading-824669fb1c0646ccc uvc-8075 \" data-hspacer=\"line_only\"  data-halign=\"center\" style=\"text-align:center\"><div class=\"uvc-sub-heading ult-responsive\"  data-ultimate-target='.uvc-heading.ultimate-heading-824669fb1c0646ccc .uvc-sub-heading '  data-responsive-json-new='{\"font-size\":\"desktop:35px;tablet:33px;tablet_portrait:36px;mobile_landscape:34px;mobile:32px;\",\"line-height\":\"desktop:35px;tablet:38px;tablet_portrait:36px;mobile_landscape:34px;mobile:32px;\"}'  style=\"font-weight:bold;color:#000000;\"><\/p>\n<p style=\"text-align: center;\">MESLEK\u0130 VE TEKN\u0130K ANADOLU L\u0130SES\u0130<\/p>\n<p><\/div><div class=\"uvc-heading-spacer line_only\" style=\"margin-top:10px;height:3px;\"><span class=\"uvc-headings-line\" style=\"border-style:solid;border-bottom-width:3px;border-color:#69b3e7;width:100px;\"><\/span><\/div><\/div><div class=\"ult-spacer spacer-69fb1c0646d0c\" data-id=\"69fb1c0646d0c\" data-height=\"30\" data-height-mobile=\"10\" data-height-tab=\"25\" data-height-tab-portrait=\"20\" data-height-mobile-landscape=\"18\" style=\"clear:both;display:block;\"><\/div><div tabindex=\"0\" class=\"ult-new-ib ult-ib-effect-style5  ult-ib-resp  \" data-min-width=\"768\" data-max-width=\"900\" style=\"background:#69b3e7;\" data-opacity=\"1\" data-hover-opacity=\"0.3\" ><img decoding=\"async\" class=\"ult-new-ib-img\" style=\"opacity:1;\" alt=\"null\" src=\"https:\/\/www.enka.k12.tr\/kocaeli\/wp-content\/uploads\/2017\/09\/techhigh_home.jpg\"   \/><div id=\"interactive-banner-wrap-9505\" class=\"ult-new-ib-desc\" style=\"background:#012169;\"><h2 class=\"ult-new-ib-title ult-responsive\"  data-ultimate-target='#interactive-banner-wrap-9505 .ult-new-ib-title'  data-responsive-json-new='{\"font-size\":\"\",\"line-height\":\"\"}'  style=\"font-weight:normal;color:#ffffff;\">MESLEK\u0130 VE TEKN\u0130K ANADOLU L\u0130SES\u0130<\/h2><\/div><a class=\"ult-new-ib-link\" href=\"https:\/\/www.enka.k12.tr\/kocaeli\/okullarimiz\/mesleki-ve-teknik-anadolu-lisesi\/\" title=\"MESLEK\u0130 VE TEKN\u0130K ANADOLU L\u0130SES\u0130\"  ><\/a><\/div>[\/vc_column][\/vc_row][vc_row full_width=&#8221;stretch_row_content_no_spaces&#8221;][vc_column]<div id=\"ultimate-heading-751669fb1c0647036\" class=\"uvc-heading ult-adjust-bottom-margin ultimate-heading-751669fb1c0647036 uvc-9732 \" data-hspacer=\"line_only\"  data-halign=\"center\" style=\"text-align:center\"><div class=\"uvc-sub-heading ult-responsive\"  data-ultimate-target='.uvc-heading.ultimate-heading-751669fb1c0647036 .uvc-sub-heading '  data-responsive-json-new='{\"font-size\":\"desktop:35px;tablet:33px;tablet_portrait:36px;mobile_landscape:34px;mobile:32px;\",\"line-height\":\"desktop:35px;tablet:38px;tablet_portrait:36px;mobile_landscape:34px;mobile:32px;\"}'  style=\"font-weight:bold;color:#000000;\"><\/p>\n<p style=\"text-align: center;\">EN SON HABERLER<\/p>\n<p><\/div><div class=\"uvc-heading-spacer line_only\" style=\"margin-top:10px;height:3px;\"><span class=\"uvc-headings-line\" style=\"border-style:solid;border-bottom-width:3px;border-color:#69b3e7;width:100px;\"><\/span><\/div><\/div>[vc_empty_space][vc_basic_grid post_type=&#8221;post&#8221; max_items=&#8221;-1&#8243; style=&#8221;pagination&#8221; items_per_page=&#8221;12&#8243; element_width=&#8221;3&#8243; gap=&#8221;10&#8243; item=&#8221;4032&#8243; grid_id=&#8221;vc_gid:1773482668982-cc23b214-e8de-4&#8243;][\/vc_column][\/vc_row]<\/p>\n<\/div>","protected":false},"excerpt":{"rendered":"<p>[vc_row center_row=&#8221;yes&#8221; padding_top=&#8221;95px&#8221; padding_bottom=&#8221;40px&#8221; el_class=&#8221;bg-image&#8221;][vc_column width=&#8221;1\/2&#8243;][\/vc_column][vc_column width=&#8221;1\/2&#8243;][\/vc_column][\/vc_row][vc_row full_width=&#8221;stretch_row_content_no_spaces&#8221;][vc_column][vc_empty_space][vc_basic_grid post_type=&#8221;post&#8221; max_items=&#8221;-1&#8243; style=&#8221;pagination&#8221; items_per_page=&#8221;12&#8243; element_width=&#8221;3&#8243; gap=&#8221;10&#8243; item=&#8221;4032&#8243; grid_id=&#8221;vc_gid:1773482668982-cc23b214-e8de-4&#8243;][\/vc_column][\/vc_row]<\/p>\n","protected":false},"author":1,"featured_media":0,"parent":0,"menu_order":0,"comment_status":"closed","ping_status":"closed","template":"","meta":{"_acf_changed":false,"inline_featured_image":false,"footnotes":""},"class_list":["post-5197","page","type-page","status-publish","hentry","custom-post-type-entry"],"aioseo_notices":[],"acf":[],"_links":{"self":[{"href":"https:\/\/www.enka.k12.tr\/kocaeli\/wp-json\/wp\/v2\/pages\/5197","targetHints":{"allow":["GET"]}}],"collection":[{"href":"https:\/\/www.enka.k12.tr\/kocaeli\/wp-json\/wp\/v2\/pages"}],"about":[{"href":"https:\/\/www.enka.k12.tr\/kocaeli\/wp-json\/wp\/v2\/types\/page"}],"author":[{"embeddable":true,"href":"https:\/\/www.enka.k12.tr\/kocaeli\/wp-json\/wp\/v2\/users\/1"}],"replies":[{"embeddable":true,"href":"https:\/\/www.enka.k12.tr\/kocaeli\/wp-json\/wp\/v2\/comments?post=5197"}],"version-history":[{"count":9,"href":"https:\/\/www.enka.k12.tr\/kocaeli\/wp-json\/wp\/v2\/pages\/5197\/revisions"}],"predecessor-version":[{"id":26932,"href":"https:\/\/www.enka.k12.tr\/kocaeli\/wp-json\/wp\/v2\/pages\/5197\/revisions\/26932"}],"wp:attachment":[{"href":"https:\/\/www.enka.k12.tr\/kocaeli\/wp-json\/wp\/v2\/media?parent=5197"}],"curies":[{"name":"wp","href":"https:\/\/api.w.org\/{rel}","templated":true}]}}