{"id":523,"date":"2017-07-26T07:50:14","date_gmt":"2017-07-26T07:50:14","guid":{"rendered":"http:\/\/www.enka.com\/foundation\/schools\/gebze\/alumni-association\/"},"modified":"2023-12-27T15:43:14","modified_gmt":"2023-12-27T12:43:14","slug":"mezunlar-dernegi","status":"publish","type":"page","link":"https:\/\/www.enka.k12.tr\/kocaeli\/mezunlar\/mezunlar-dernegi\/","title":{"rendered":"MEZUNLAR DERNE\u011e\u0130"},"content":{"rendered":"<div class=\"wpb-content-wrapper\"><p>[vc_row][vc_column]<div id=\"ultimate-heading-381469fa1dcabdf07\" class=\"uvc-heading ult-adjust-bottom-margin ultimate-heading-381469fa1dcabdf07 uvc-273 \" data-hspacer=\"line_with_icon\" data-hline_width=\"auto\" data-hicon_type=\"custom\" data-hborder_style=\"solid\" data-hborder_height=\"3\" data-hborder_color=\"#69b3e7\" data-icon_width=\"200\" data-hfixer=\"30\"  data-halign=\"center\" style=\"text-align:center\"><div class=\"uvc-heading-spacer line_with_icon\" style=\"top\"><div class=\"ult-just-icon-wrapper  \"><div class=\"align-icon\" style=\"text-align:center;\">\n<div class=\"aio-icon-img \" style=\"font-size:200px;display:inline-block;\" >\n\t<img decoding=\"async\" class=\"img-icon\" alt=\"null\" src=\"https:\/\/www.enka.k12.tr\/kocaeli\/wp-content\/uploads\/2023\/12\/enka_schools_log_new.jpg\"\/>\n<\/div><\/div><\/div><\/div><\/div><div class=\"ult-spacer spacer-69fa1dcabdf64\" data-id=\"69fa1dcabdf64\" data-height=\"30\" data-height-mobile=\"10\" data-height-tab=\"20\" data-height-tab-portrait=\"\" data-height-mobile-landscape=\"\" style=\"clear:both;display:block;\"><\/div>[\/vc_column][\/vc_row][vc_row padding_top=&#8221;30px&#8221; bg_type=&#8221;bg_color&#8221; bg_color_value=&#8221;#f5f5f5&#8243;][vc_column]<div id=\"ultimate-heading-552869fa1dcabdfb7\" class=\"uvc-heading ult-adjust-bottom-margin ultimate-heading-552869fa1dcabdfb7 uvc-4017 \" data-hspacer=\"line_only\"  data-halign=\"left\" style=\"text-align:left\"><div class=\"uvc-sub-heading ult-responsive\"  data-ultimate-target='.uvc-heading.ultimate-heading-552869fa1dcabdfb7 .uvc-sub-heading '  data-responsive-json-new='{\"font-size\":\"desktop:50px;tablet:48px;tablet_portrait:46px;mobile_landscape:44px;mobile:42px;\",\"line-height\":\"desktop:50px;tablet:48px;tablet_portrait:46px;mobile_landscape:44px;mobile:42px;\"}'  style=\"font-weight:bold;color:#000000;\"><span style=\"color: #fe5252;\"><span style=\"color: #69b3e7;\">MEZUNLAR<\/span>\u00a0<\/span>DERNE\u011e\u0130<\/div><div class=\"uvc-heading-spacer line_only\" style=\"margin-top:10px;height:3px;\"><span class=\"uvc-headings-line\" style=\"border-style:solid;border-bottom-width:3px;border-color:#000000;width:100px;\"><\/span><\/div><\/div><div class=\"ult-spacer spacer-69fa1dcabdff5\" data-id=\"69fa1dcabdff5\" data-height=\"24\" data-height-mobile=\"24\" data-height-tab=\"24\" data-height-tab-portrait=\"\" data-height-mobile-landscape=\"\" style=\"clear:both;display:block;\"><\/div>[\/vc_column][\/vc_row][vc_row padding_top=&#8221;30px&#8221; bg_type=&#8221;bg_color&#8221; bg_color_value=&#8221;#f5f5f5&#8243;][vc_column][vc_column_text]Dilovas\u0131 ENKA Teknik Okullar\u0131\u2019nda \u00f6\u011frenim g\u00f6rmekte olan, Dilovas\u0131 ENKA Teknik Okullar\u0131\u2019ndan mezun durumda bulunan, mezun olduktan sonra yurt i\u00e7inde veya yurt d\u0131\u015f\u0131nda bir y\u00fcksek \u00f6\u011fretim kurumuna devam eden ve \u00fcniversiteyi bitirdikten sonra i\u015f hayat\u0131na at\u0131lm\u0131\u015f ENKALILAR aras\u0131nda birlik ve dayan\u0131\u015fma bilinci olu\u015fturarak , bir araya gelmeleri ve b\u00f6ylece ENKAl\u0131y\u0131 ve ENKA Toplulu\u011funu y\u00fcceltmeleri ama\u00e7lan\u0131r.[\/vc_column_text]<div class=\"ult-spacer spacer-69fa1dcabe01f\" data-id=\"69fa1dcabe01f\" data-height=\"24\" data-height-mobile=\"24\" data-height-tab=\"24\" data-height-tab-portrait=\"\" data-height-mobile-landscape=\"\" style=\"clear:both;display:block;\"><\/div>[\/vc_column][\/vc_row][vc_row padding_top=&#8221;30px&#8221; bg_type=&#8221;bg_color&#8221; bg_color_value=&#8221;#f5f5f5&#8243;][vc_column width=&#8221;2\/3&#8243;][vc_column_text]Derne\u011fin bu amac\u0131n\u0131n geli\u015fmesi i\u00e7in:<\/p>\n<ul>\n<li>Mensuplar\u0131 aras\u0131nda ekonomik ve sosyal dayan\u0131\u015fma ve yard\u0131mla\u015fma sa\u011flar .<\/li>\n<li>ENKA toplulu\u011fu i\u00e7inde koordinasyon toplant\u0131lar\u0131 d\u00fczenler.<\/li>\n<li>Sosyal dayan\u0131\u015fma planlar\u0131 haz\u0131rlar. ENKAl\u0131lar\u0131n ve yak\u0131nlar\u0131n\u0131n kat\u0131laca\u011f\u0131 geleneksel MEZUNLAR G\u00dcN\u00dc, gibi sosyal toplant\u0131lar ve geziler d\u00fczenler.<\/li>\n<li>ENKA SPOR E\u011e\u0130T\u0130M VE SOSYAL YARDIM VAKFI , ENKA TEKN\u0130K OKULLARI y\u00f6neticileri ile ili\u015fkiler kurar.<\/li>\n<\/ul>\n<p>[\/vc_column_text]<div class=\"ult-spacer spacer-69fa1dcabe046\" data-id=\"69fa1dcabe046\" data-height=\"24\" data-height-mobile=\"24\" data-height-tab=\"24\" data-height-tab-portrait=\"\" data-height-mobile-landscape=\"\" style=\"clear:both;display:block;\"><\/div>[\/vc_column][vc_column width=&#8221;1\/3&#8243;][vc_single_image image=&#8221;1997&#8243; img_size=&#8221;full&#8221;]<div class=\"ult-spacer spacer-69fa1dcabe06a\" data-id=\"69fa1dcabe06a\" data-height=\"24\" data-height-mobile=\"24\" data-height-tab=\"24\" data-height-tab-portrait=\"\" data-height-mobile-landscape=\"\" style=\"clear:both;display:block;\"><\/div>[\/vc_column][\/vc_row][vc_row padding_top=&#8221;30px&#8221; bg_type=&#8221;bg_color&#8221; bg_color_value=&#8221;#f5f5f5&#8243;][vc_column width=&#8221;2\/3&#8243;][vc_column_text]<\/p>\n<ul>\n<li>\u00dcyelerinin ENKA SPOR E\u011e\u0130T\u0130M VE SOSYAL YARDIM VAKFI \u00fcyesi olmalar\u0131n\u0131 sa\u011flamaya \u00e7al\u0131\u015f\u0131r.<\/li>\n<li>ENKALILARIN ve yak\u0131nlar\u0131n\u0131n yararlanabilece\u011fi lokal kurar.<\/li>\n<li>ENKA rozeti bast\u0131r\u0131r.<\/li>\n<li>Resmi daireler e\u011fitim ve bas\u0131n kurulu\u015flar\u0131 ile ili\u015fkiler kurar.<\/li>\n<\/ul>\n<p>[\/vc_column_text]<div class=\"ult-spacer spacer-69fa1dcabe08e\" data-id=\"69fa1dcabe08e\" data-height=\"24\" data-height-mobile=\"24\" data-height-tab=\"24\" data-height-tab-portrait=\"\" data-height-mobile-landscape=\"\" style=\"clear:both;display:block;\"><\/div><span id=\"creative-link-wrap-4391\" class=\"ult_main_cl ult-adjust-bottom-margin  \" >\n\t \t\t\t<span class=\"ult_cl_link_1  ult_crlink\" >\n\t\t\t\t\t<a  data-ultimate-target='#creative-link-wrap-4391 .ult_colorlink'  data-responsive-json-new='{\"font-size\":\"\",\"line-height\":\"\"}'  href=\"https:\/\/www.enkatmd.org.tr\" title=\"https:\/\/www.enkatmd.org.tr\" target=\"_blank\" rel=\"noopener\"  class=\"ult_colorlink ult-responsive \" style=\"font-weight:normal;color:#1e73be; \"  data-textcolor=\"#1e73be\" data-texthover=\"#333333\"data-style=\"Style_1\">\n\t\t\t\t\t\t\n\t\t\t\t\t\t<span data-hover=\"Mezunlar Derne\u011fimizin \u0130nternet Sitesi\" style=\"color:#1e73be;;;\" class=\"ult_btn10_span   \">Mezunlar Derne\u011fimizin \u0130nternet Sitesi<\/span>\n\t\t\t\t\t\t\n\t\t\t\t\t<\/a>\n\t\t\t\t<\/span>\n\t\t\t<\/span><div class=\"aio-icon-component    style_2\"><a class=\"aio-icon-box-link\" href=\"https:\/\/www.enka.k12.tr\/kocaeli\/wp-content\/uploads\/2021\/09\/Mezunlar-Dernegi-UyeFormu.pdf\" ><div id=\"Info-box-wrap-8970\" class=\"aio-icon-box square_box-icon\" style=\"border-style:solid;border-width:1px;\" data-min-height='100px' ><div class=\"aio-icon-square_box\"><div class=\"ult-just-icon-wrapper  \"><div class=\"align-icon\" style=\"text-align:center;\">\n<div class=\"aio-icon square \"  style=\"color:#333;background:#69b3e7;font-size:32px;display:inline-block;\">\n\t<i class=\"Defaults-file-o\"><\/i>\n<\/div><\/div><\/div><\/div><div class=\"aio-icon-header\" ><h3 class=\"aio-icon-title ult-responsive\"  data-ultimate-target='#Info-box-wrap-8970 .aio-icon-title'  data-responsive-json-new='{\"font-size\":\"\",\"line-height\":\"\"}'  style=\"\">Mezunlar Derne\u011fi \u00dcye Formu<\/h3><\/div> <!-- header --><\/div> <!-- aio-icon-box --><\/a><\/div> <!-- aio-icon-component --><div class=\"ult-spacer spacer-69fa1dcabe1cf\" data-id=\"69fa1dcabe1cf\" data-height=\"24\" data-height-mobile=\"24\" data-height-tab=\"24\" data-height-tab-portrait=\"\" data-height-mobile-landscape=\"\" style=\"clear:both;display:block;\"><\/div>[\/vc_column][vc_column width=&#8221;1\/3&#8243;][vc_single_image image=&#8221;1999&#8243; img_size=&#8221;full&#8221;]<div class=\"ult-spacer spacer-69fa1dcabe1f5\" data-id=\"69fa1dcabe1f5\" data-height=\"24\" data-height-mobile=\"24\" data-height-tab=\"24\" data-height-tab-portrait=\"\" data-height-mobile-landscape=\"\" style=\"clear:both;display:block;\"><\/div>[\/vc_column][\/vc_row][vc_row][vc_column width=&#8221;1\/3&#8243;][\/vc_column][vc_column width=&#8221;1\/3&#8243;][\/vc_column][vc_column width=&#8221;1\/3&#8243;][\/vc_column][\/vc_row]<\/p>\n<\/div>","protected":false},"excerpt":{"rendered":"<p>[vc_row][vc_column][\/vc_column][\/vc_row][vc_row padding_top=&#8221;30px&#8221; bg_type=&#8221;bg_color&#8221; bg_color_value=&#8221;#f5f5f5&#8243;][vc_column][\/vc_column][\/vc_row][vc_row padding_top=&#8221;30px&#8221; bg_type=&#8221;bg_color&#8221; bg_color_value=&#8221;#f5f5f5&#8243;][vc_column][vc_column_text]Dilovas\u0131 ENKA Teknik Okullar\u0131\u2019nda \u00f6\u011frenim g\u00f6rmekte olan, Dilovas\u0131 ENKA Teknik Okullar\u0131\u2019ndan mezun durumda bulunan, mezun olduktan sonra yurt i\u00e7inde veya yurt d\u0131\u015f\u0131nda bir y\u00fcksek \u00f6\u011fretim kurumuna devam eden ve \u00fcniversiteyi bitirdikten sonra i\u015f hayat\u0131na at\u0131lm\u0131\u015f ENKALILAR aras\u0131nda birlik ve dayan\u0131\u015fma bilinci olu\u015fturarak , bir araya gelmeleri ve b\u00f6ylece ENKAl\u0131y\u0131 ve ENKA Toplulu\u011funu y\u00fcceltmeleri ama\u00e7lan\u0131r.[\/vc_column_text][\/vc_column][\/vc_row][vc_row padding_top=&#8221;30px&#8221; bg_type=&#8221;bg_color&#8221; bg_color_value=&#8221;#f5f5f5&#8243;][vc_column width=&#8221;2\/3&#8243;][vc_column_text]Derne\u011fin bu&#8230;<\/p>\n","protected":false},"author":4,"featured_media":810,"parent":521,"menu_order":0,"comment_status":"closed","ping_status":"closed","template":"","meta":{"_acf_changed":false,"inline_featured_image":false,"footnotes":""},"class_list":["post-523","page","type-page","status-publish","has-post-thumbnail","hentry","custom-post-type-entry"],"aioseo_notices":[],"acf":[],"_links":{"self":[{"href":"https:\/\/www.enka.k12.tr\/kocaeli\/wp-json\/wp\/v2\/pages\/523","targetHints":{"allow":["GET"]}}],"collection":[{"href":"https:\/\/www.enka.k12.tr\/kocaeli\/wp-json\/wp\/v2\/pages"}],"about":[{"href":"https:\/\/www.enka.k12.tr\/kocaeli\/wp-json\/wp\/v2\/types\/page"}],"author":[{"embeddable":true,"href":"https:\/\/www.enka.k12.tr\/kocaeli\/wp-json\/wp\/v2\/users\/4"}],"replies":[{"embeddable":true,"href":"https:\/\/www.enka.k12.tr\/kocaeli\/wp-json\/wp\/v2\/comments?post=523"}],"version-history":[{"count":0,"href":"https:\/\/www.enka.k12.tr\/kocaeli\/wp-json\/wp\/v2\/pages\/523\/revisions"}],"up":[{"embeddable":true,"href":"https:\/\/www.enka.k12.tr\/kocaeli\/wp-json\/wp\/v2\/pages\/521"}],"wp:featuredmedia":[{"embeddable":true,"href":"https:\/\/www.enka.k12.tr\/kocaeli\/wp-json\/wp\/v2\/media\/810"}],"wp:attachment":[{"href":"https:\/\/www.enka.k12.tr\/kocaeli\/wp-json\/wp\/v2\/media?parent=523"}],"curies":[{"name":"wp","href":"https:\/\/api.w.org\/{rel}","templated":true}]}}