{"id":541,"date":"2017-07-26T07:53:42","date_gmt":"2017-07-26T07:53:42","guid":{"rendered":"http:\/\/www.enka.com\/foundation\/schools\/gebze\/enka-foundation\/"},"modified":"2026-03-14T14:44:38","modified_gmt":"2026-03-14T11:44:38","slug":"enka-vakfi","status":"publish","type":"page","link":"https:\/\/www.enka.k12.tr\/kocaeli\/hakkimizda\/enka-vakfi\/","title":{"rendered":"ENKA VAKFI"},"content":{"rendered":"<div class=\"wpb-content-wrapper\"><p>[vc_row][vc_column]<div id=\"ultimate-heading-762569e1a491dc7db\" class=\"uvc-heading ult-adjust-bottom-margin ultimate-heading-762569e1a491dc7db uvc-144 \" data-hspacer=\"line_with_icon\" data-hline_width=\"auto\" data-hicon_type=\"custom\" data-hborder_style=\"solid\" data-hborder_height=\"3\" data-hborder_color=\"#69b3e7\" data-icon_width=\"200\" data-hfixer=\"30\"  data-halign=\"center\" style=\"text-align:center\"><div class=\"uvc-heading-spacer line_with_icon\" style=\"top\"><div class=\"ult-just-icon-wrapper  \"><div class=\"align-icon\" style=\"text-align:center;\">\n<div class=\"aio-icon-img \" style=\"font-size:200px;display:inline-block;\" >\n\t<img decoding=\"async\" class=\"img-icon\" alt=\"null\" src=\"https:\/\/www.enka.k12.tr\/kocaeli\/wp-content\/uploads\/2023\/12\/enka_schools_log_new.jpg\"\/>\n<\/div><\/div><\/div><\/div><\/div><div class=\"ult-spacer spacer-69e1a491dc839\" data-id=\"69e1a491dc839\" data-height=\"30\" data-height-mobile=\"10\" data-height-tab=\"20\" data-height-tab-portrait=\"\" data-height-mobile-landscape=\"\" style=\"clear:both;display:block;\"><\/div>[\/vc_column][\/vc_row][vc_row padding_top=&#8221;30px&#8221; bg_type=&#8221;bg_color&#8221; bg_color_value=&#8221;#f5f5f5&#8243;][vc_column]<div id=\"ultimate-heading-288369e1a491dc882\" class=\"uvc-heading ult-adjust-bottom-margin ultimate-heading-288369e1a491dc882 uvc-8360 \" data-hspacer=\"no_spacer\"  data-halign=\"left\" style=\"text-align:left\"><div class=\"uvc-heading-spacer no_spacer\" style=\"top\"><\/div><div class=\"uvc-sub-heading ult-responsive\"  data-ultimate-target='.uvc-heading.ultimate-heading-288369e1a491dc882 .uvc-sub-heading '  data-responsive-json-new='{\"font-size\":\"desktop:50px;tablet:48px;tablet_portrait:46px;mobile_landscape:44px;mobile:42px;\",\"line-height\":\"desktop:50px;tablet:48px;tablet_portrait:46px;mobile_landscape:44px;mobile:42px;\"}'  style=\"font-weight:bold;color:#000000;\"><span style=\"font-size: 24pt; color: #003366;\">ENKA VAKFI<\/span><\/div><\/div><div class=\"ult-spacer spacer-69e1a491dc8c1\" data-id=\"69e1a491dc8c1\" data-height=\"24\" data-height-mobile=\"24\" data-height-tab=\"24\" data-height-tab-portrait=\"\" data-height-mobile-landscape=\"\" style=\"clear:both;display:block;\"><\/div>[\/vc_column][\/vc_row][vc_row padding_top=&#8221;30px&#8221; bg_type=&#8221;bg_color&#8221; bg_color_value=&#8221;#f5f5f5&#8243;][vc_column][vc_column_text]<\/p>\n<p style=\"text-align: justify;\">T\u00fcrkiye&#8217;nin d\u00fcnya \u00e7ap\u0131ndaki \u0130n\u015faat ve Sanayi Grubu ENKA, bir sosyal sorumluluk projesi olarak kurmu\u015f oldu\u011fu ENKA VAKFI arac\u0131l\u0131\u011f\u0131yla toplumumuz ve \u00f6zellikle gen\u00e7lerimiz i\u00e7in spor, k\u00fclt\u00fcr ve e\u011fitim alanlar\u0131nda \u00f6nemli projeleri ya\u015fama ge\u00e7irmektedir.<\/p>\n<p style=\"text-align: justify;\">1983 y\u0131l\u0131nda kurulan ENKA Spor E\u011fitim ve Sosyal Yard\u0131m Vakf\u0131&#8217;n\u0131n amac\u0131 T\u00fcrk gen\u00e7li\u011fini \u00e7a\u011fda\u015f uygarl\u0131k d\u00fczeyinde e\u011fitmek, geli\u015ftirmek ve T\u00fcrk toplumuna ba\u015far\u0131l\u0131 gen\u00e7ler kazand\u0131rmakt\u0131r.<\/p>\n<p>[\/vc_column_text]<div class=\"ult-spacer spacer-69e1a491dc8ec\" data-id=\"69e1a491dc8ec\" data-height=\"24\" data-height-mobile=\"24\" data-height-tab=\"24\" data-height-tab-portrait=\"\" data-height-mobile-landscape=\"\" style=\"clear:both;display:block;\"><\/div>[\/vc_column][\/vc_row][vc_row padding_top=&#8221;30px&#8221; bg_type=&#8221;bg_color&#8221; bg_color_value=&#8221;#f5f5f5&#8243;][vc_column]<div id=\"ultimate-heading-676469e1a491dc931\" class=\"uvc-heading ult-adjust-bottom-margin ultimate-heading-676469e1a491dc931 uvc-561 \" data-hspacer=\"line_only\"  data-halign=\"left\" style=\"text-align:left\"><div class=\"uvc-sub-heading ult-responsive\"  data-ultimate-target='.uvc-heading.ultimate-heading-676469e1a491dc931 .uvc-sub-heading '  data-responsive-json-new='{\"font-size\":\"desktop:40px;tablet:38px;tablet_portrait:36px;mobile_landscape:34px;mobile:32px;\",\"line-height\":\"desktop:40px;tablet:38px;tablet_portrait:36px;mobile_landscape:34px;mobile:32px;\"}'  style=\"font-weight:bold;color:#000000;\"><span style=\"color: #003366; font-size: 18pt;\">BA\u011eLI KURULU\u015eLARIN FAAL\u0130YETLER\u0130<\/span><\/div><div class=\"uvc-heading-spacer line_only\" style=\"margin-top:10px;height:3px;\"><span class=\"uvc-headings-line\" style=\"border-style:solid;border-bottom-width:3px;border-color:#69b3e7;width:100px;\"><\/span><\/div><\/div><div class=\"ult-spacer spacer-69e1a491dc969\" data-id=\"69e1a491dc969\" data-height=\"24\" data-height-mobile=\"24\" data-height-tab=\"24\" data-height-tab-portrait=\"\" data-height-mobile-landscape=\"\" style=\"clear:both;display:block;\"><\/div>[\/vc_column][\/vc_row][vc_row padding_top=&#8221;30px&#8221; bg_type=&#8221;bg_color&#8221; bg_color_value=&#8221;#f5f5f5&#8243;][vc_column width=&#8221;2\/3&#8243;][vc_column_text]<\/p>\n<p style=\"text-align: justify;\"><span style=\"font-size: 14pt;\"><strong>1. ENKA SPOR KUL\u00dcB\u00dc DERNE\u011e\u0130<\/strong><\/span><\/p>\n<p style=\"text-align: justify;\">Kul\u00fcp atletizm, tenis, sutopu ve y\u00fczme bran\u015flar\u0131nda uzman antren\u00f6rlerinin g\u00f6zetiminde \u00e7al\u0131\u015fmalar yaparak T\u00fcrk sporunun \u00e7a\u011fda\u015f spor d\u00fczeyine ula\u015fmas\u0131na katk\u0131da bulunmaktad\u0131r. \u015eu ana kadar milli tak\u0131m\u0131m\u0131za y\u00fczlerce sporcu yeti\u015ftirmi\u015f, gen\u00e7li\u011fin spora y\u00f6nlendirilmesini, sporun yurt \u00e7ap\u0131na yay\u0131lmas\u0131n\u0131 ve sevilmesini ama\u00e7 edinmi\u015ftir. ENKA Spor kul\u00fcb\u00fcm\u00fcz\u00fcn \u00e7al\u0131\u015fmalar\u0131n\u0131 <a href=\"http:\/\/www.enkaspor.com\">www.enkaspor.com<\/a> sitesinden takip edebilirsiniz.<\/p>\n<p>[\/vc_column_text]<div class=\"ult-spacer spacer-69e1a491dc98f\" data-id=\"69e1a491dc98f\" data-height=\"24\" data-height-mobile=\"24\" data-height-tab=\"24\" data-height-tab-portrait=\"\" data-height-mobile-landscape=\"\" style=\"clear:both;display:block;\"><\/div>[\/vc_column][vc_column width=&#8221;1\/3&#8243;][vc_single_image image=&#8221;1903&#8243;]<div class=\"ult-spacer spacer-69e1a491dc9b4\" data-id=\"69e1a491dc9b4\" data-height=\"24\" data-height-mobile=\"24\" data-height-tab=\"24\" data-height-tab-portrait=\"\" data-height-mobile-landscape=\"\" style=\"clear:both;display:block;\"><\/div>[\/vc_column][\/vc_row][vc_row padding_top=&#8221;30px&#8221; bg_type=&#8221;bg_color&#8221; bg_color_value=&#8221;#f5f5f5&#8243;][vc_column width=&#8221;1\/3&#8243;][vc_single_image image=&#8221;1920&#8243;]<div class=\"ult-spacer spacer-69e1a491dc9d8\" data-id=\"69e1a491dc9d8\" data-height=\"24\" data-height-mobile=\"24\" data-height-tab=\"24\" data-height-tab-portrait=\"\" data-height-mobile-landscape=\"\" style=\"clear:both;display:block;\"><\/div>[\/vc_column][vc_column width=&#8221;2\/3&#8243;][vc_column_text]<span style=\"font-size: 14pt;\"><strong>2. ENKA K\u00dcLT\u00dcR VE SANAT<\/strong><\/span><\/p>\n<p style=\"text-align: justify;\">29 y\u0131ldan bu yana t\u00fcm y\u0131la yay\u0131lan sayg\u0131n ve se\u00e7kin bir programla sanatseverlerle bulu\u015fan ENKA K\u00fclt\u00fcr Sanat etkinlikleri, yaz aylar\u0131nda 1.000 seyirci kapasiteli ENKA E\u015fref Denizhan A\u00e7\u0131khava Tiyatrosu, k\u0131\u015f ve bahar aylar\u0131nda ise 600 seyirci kapasiteli ENKA \u0130brahim Betil Oditoryum&#8217;da ger\u00e7ekle\u015ftirilmektedir.<\/p>\n<p style=\"text-align: justify;\">Ticari ama\u00e7 g\u00f6zetilmeksizin yap\u0131lan bu uygulamada nitelikli g\u00f6steri ve dinleti sanatlar\u0131n\u0131n bulu\u015fmas\u0131 ger\u00e7ekle\u015ftirilmektedir. Konser, tiyatro, opera, bale ve sinema g\u00f6sterilerinin yan\u0131 s\u0131ra ENKA sanat galerisi \u00e7e\u015fitli sergilerle programda yer alm\u0131\u015ft\u0131r.<\/p>\n<p>ENKA Sanat faaliyetlerini <a href=\"https:\/\/www.enkasanat.org\/\">www.enkasanat.org<\/a> sitesinden takip edebilirsiniz.[\/vc_column_text][\/vc_column][\/vc_row][vc_row padding_top=&#8221;30px&#8221; bg_type=&#8221;bg_color&#8221; bg_color_value=&#8221;#f5f5f5&#8243;][vc_column width=&#8221;2\/3&#8243;][vc_column_text]<\/p>\n<p style=\"text-align: justify;\"><span style=\"font-size: 14pt;\"><strong>3. \u0130STANBUL \u00d6ZEL ENKA OKULLARI<\/strong><\/span><\/p>\n<p style=\"text-align: justify;\">1994 y\u0131l\u0131nda yap\u0131m\u0131na ba\u015flanan ve k\u0131sa s\u00fcrede bitirilen ENKA \u00d6zel Okullar\u0131 \u0130lk, Orta ve Lise k\u0131sm\u0131nda e\u011fitimini \u00e7a\u011fda\u015f y\u00f6ntemleriyle devam ettirmektedir. Okul, \u00f6\u011frencilerinin kapasitelerini sonuna kadar geli\u015ftirmek, d\u00fc\u015f\u00fcnce ve eylem \u00f6zg\u00fcrl\u00fc\u011f\u00fc a\u015f\u0131lamak, zihinsel yeteneklerini ve ahlaki de\u011ferlerini peki\u015ftirmenin yan\u0131 s\u0131ra onlar\u0131 T\u00fcrkiye&#8217;nin \u00f6nde gelen yurtta\u015flar\u0131 haline getirmeyi misyon edinmi\u015ftir.<\/p>\n<p>[\/vc_column_text]<div class=\"ult-spacer spacer-69e1a491dc9fb\" data-id=\"69e1a491dc9fb\" data-height=\"24\" data-height-mobile=\"24\" data-height-tab=\"24\" data-height-tab-portrait=\"\" data-height-mobile-landscape=\"\" style=\"clear:both;display:block;\"><\/div>[\/vc_column][vc_column width=&#8221;1\/3&#8243;]<div class=\"ult-spacer spacer-69e1a491dca1d\" data-id=\"69e1a491dca1d\" data-height=\"24\" data-height-mobile=\"24\" data-height-tab=\"24\" data-height-tab-portrait=\"\" data-height-mobile-landscape=\"\" style=\"clear:both;display:block;\"><\/div>[vc_single_image image=&#8221;1905&#8243;][\/vc_column][\/vc_row][vc_row padding_top=&#8221;30px&#8221; bg_type=&#8221;bg_color&#8221; bg_color_value=&#8221;#f5f5f5&#8243;][vc_column width=&#8221;2\/3&#8243;][vc_column_text]<\/p>\n<p style=\"text-align: justify;\"><span style=\"font-size: 14pt;\"><strong>4. ADAPAZARI \u00d6ZEL ENKA OKULLARI<\/strong><\/span><\/p>\n<p style=\"text-align: justify;\">Adapazar\u0131 \u00d6zel ENKA Okullar\u0131 17 A\u011fustos&#8217;ta deprem felaketini ya\u015fayan Sakarya ilimize 6 km. mesafede Karasu yolu \u00fczerinde kurulmu\u015ftur. Vak\u0131f Y\u00f6netim Kurulunun ald\u0131\u011f\u0131 karar do\u011frultusunda olu\u015fturulan fondan okulun b\u00fct\u00fcn gereksinmeleri kar\u015f\u0131lanmaktad\u0131r.<\/p>\n<p style=\"text-align: justify;\">Bu okulumuz, spor salonu, y\u00fczme havuzu, ko\u015fu parkuru, \u00f6\u011fretmen lojmanlar\u0131, 31.000 adetten fazla kitapl\u0131k okul k\u00fct\u00fcphanesi ve mevcut olanaklar\u0131 ile Adapazar\u0131\u2019n\u0131n k\u00fclt\u00fcr, sanat ve spor merkezi olma yolunda \u00f6nemli ad\u0131mlar atm\u0131\u015ft\u0131r.<\/p>\n<p style=\"text-align: justify;\">Okul \u015fu anda, T\u00fcrkiye&#8217;deki ilk Microsoft IT Academy, VUE s\u0131nav merkezi, ECDL yetkili e\u011fitim ve s\u0131nav ile medyasoft e\u011fitim merkezidir. ECDL sertifikas\u0131 alan \u00f6\u011frenciler T\u00fcrkiye&#8217;de 10&#8217;a yak\u0131n \u00fcniversitede bilgisayar derslerinden muaf tutulmaktad\u0131r.<\/p>\n<p>[\/vc_column_text]<div class=\"ult-spacer spacer-69e1a491dca40\" data-id=\"69e1a491dca40\" data-height=\"24\" data-height-mobile=\"24\" data-height-tab=\"24\" data-height-tab-portrait=\"\" data-height-mobile-landscape=\"\" style=\"clear:both;display:block;\"><\/div>[\/vc_column][vc_column width=&#8221;1\/3&#8243;]<div class=\"ult-spacer spacer-69e1a491dca61\" data-id=\"69e1a491dca61\" data-height=\"24\" data-height-mobile=\"24\" data-height-tab=\"24\" data-height-tab-portrait=\"\" data-height-mobile-landscape=\"\" style=\"clear:both;display:block;\"><\/div>[vc_single_image image=&#8221;1910&#8243;][\/vc_column][\/vc_row]<\/p>\n<\/div>","protected":false},"excerpt":{"rendered":"<p>[vc_row][vc_column][\/vc_column][\/vc_row][vc_row padding_top=&#8221;30px&#8221; bg_type=&#8221;bg_color&#8221; bg_color_value=&#8221;#f5f5f5&#8243;][vc_column][\/vc_column][\/vc_row][vc_row padding_top=&#8221;30px&#8221; bg_type=&#8221;bg_color&#8221; bg_color_value=&#8221;#f5f5f5&#8243;][vc_column][vc_column_text] T\u00fcrkiye&#8217;nin d\u00fcnya \u00e7ap\u0131ndaki \u0130n\u015faat ve Sanayi Grubu ENKA, bir sosyal sorumluluk projesi olarak kurmu\u015f oldu\u011fu ENKA VAKFI arac\u0131l\u0131\u011f\u0131yla toplumumuz ve \u00f6zellikle gen\u00e7lerimiz i\u00e7in spor, k\u00fclt\u00fcr ve e\u011fitim alanlar\u0131nda \u00f6nemli projeleri ya\u015fama ge\u00e7irmektedir. 1983 y\u0131l\u0131nda kurulan ENKA Spor E\u011fitim ve Sosyal Yard\u0131m Vakf\u0131&#8217;n\u0131n amac\u0131 T\u00fcrk gen\u00e7li\u011fini \u00e7a\u011fda\u015f uygarl\u0131k d\u00fczeyinde e\u011fitmek, geli\u015ftirmek ve T\u00fcrk toplumuna ba\u015far\u0131l\u0131 gen\u00e7ler kazand\u0131rmakt\u0131r. [\/vc_column_text][\/vc_column][\/vc_row][vc_row padding_top=&#8221;30px&#8221;&#8230;<\/p>\n","protected":false},"author":4,"featured_media":846,"parent":540,"menu_order":0,"comment_status":"closed","ping_status":"closed","template":"","meta":{"_acf_changed":false,"inline_featured_image":false,"footnotes":""},"class_list":["post-541","page","type-page","status-publish","has-post-thumbnail","hentry","custom-post-type-entry"],"aioseo_notices":[],"acf":[],"_links":{"self":[{"href":"https:\/\/www.enka.k12.tr\/kocaeli\/wp-json\/wp\/v2\/pages\/541","targetHints":{"allow":["GET"]}}],"collection":[{"href":"https:\/\/www.enka.k12.tr\/kocaeli\/wp-json\/wp\/v2\/pages"}],"about":[{"href":"https:\/\/www.enka.k12.tr\/kocaeli\/wp-json\/wp\/v2\/types\/page"}],"author":[{"embeddable":true,"href":"https:\/\/www.enka.k12.tr\/kocaeli\/wp-json\/wp\/v2\/users\/4"}],"replies":[{"embeddable":true,"href":"https:\/\/www.enka.k12.tr\/kocaeli\/wp-json\/wp\/v2\/comments?post=541"}],"version-history":[{"count":5,"href":"https:\/\/www.enka.k12.tr\/kocaeli\/wp-json\/wp\/v2\/pages\/541\/revisions"}],"predecessor-version":[{"id":26974,"href":"https:\/\/www.enka.k12.tr\/kocaeli\/wp-json\/wp\/v2\/pages\/541\/revisions\/26974"}],"up":[{"embeddable":true,"href":"https:\/\/www.enka.k12.tr\/kocaeli\/wp-json\/wp\/v2\/pages\/540"}],"wp:featuredmedia":[{"embeddable":true,"href":"https:\/\/www.enka.k12.tr\/kocaeli\/wp-json\/wp\/v2\/media\/846"}],"wp:attachment":[{"href":"https:\/\/www.enka.k12.tr\/kocaeli\/wp-json\/wp\/v2\/media?parent=541"}],"curies":[{"name":"wp","href":"https:\/\/api.w.org\/{rel}","templated":true}]}}