{"id":546,"date":"2017-07-26T07:54:34","date_gmt":"2017-07-26T07:54:34","guid":{"rendered":"http:\/\/www.enka.com\/foundation\/schools\/gebze\/history-of-our-school\/"},"modified":"2019-12-12T14:33:43","modified_gmt":"2019-12-12T11:33:43","slug":"okul-tarihcesi","status":"publish","type":"page","link":"https:\/\/www.enka.k12.tr\/kocaeli\/hakkimizda\/okul-tarihcesi\/","title":{"rendered":"OKUL TAR\u0130H\u00c7ES\u0130"},"content":{"rendered":"<div class=\"wpb-content-wrapper\"><p>[vc_row][vc_column]<div id=\"ultimate-heading-140369fa2d28065c2\" class=\"uvc-heading ult-adjust-bottom-margin ultimate-heading-140369fa2d28065c2 uvc-8004 \" data-hspacer=\"line_with_icon\" data-hline_width=\"auto\" data-hicon_type=\"custom\" data-hborder_style=\"solid\" data-hborder_height=\"3\" data-hborder_color=\"#69b3e7\" data-icon_width=\"200\" data-hfixer=\"30\"  data-halign=\"center\" style=\"text-align:center\"><div class=\"uvc-heading-spacer line_with_icon\" style=\"top\"><div class=\"ult-just-icon-wrapper  \"><div class=\"align-icon\" style=\"text-align:center;\">\n<div class=\"aio-icon-img \" style=\"font-size:200px;display:inline-block;\" >\n\t<img decoding=\"async\" class=\"img-icon\" alt=\"null\" src=\"https:\/\/www.enka.k12.tr\/istanbul\/wp-content\/uploads\/2017\/04\/ENKA_Okullari_Istanbul_Logo.svg\"\/>\n<\/div><\/div><\/div><\/div><\/div><div class=\"ult-spacer spacer-69fa2d280661d\" data-id=\"69fa2d280661d\" data-height=\"30\" data-height-mobile=\"10\" data-height-tab=\"20\" data-height-tab-portrait=\"\" data-height-mobile-landscape=\"\" style=\"clear:both;display:block;\"><\/div>[\/vc_column][\/vc_row][vc_row padding_top=&#8221;30px&#8221; bg_type=&#8221;bg_color&#8221; bg_color_value=&#8221;#f5f5f5&#8243;][vc_column]<div id=\"ultimate-heading-336969fa2d2806672\" class=\"uvc-heading ult-adjust-bottom-margin ultimate-heading-336969fa2d2806672 uvc-5014 \" data-hspacer=\"line_only\"  data-halign=\"left\" style=\"text-align:left\"><div class=\"uvc-sub-heading ult-responsive\"  data-ultimate-target='.uvc-heading.ultimate-heading-336969fa2d2806672 .uvc-sub-heading '  data-responsive-json-new='{\"font-size\":\"desktop:50px;tablet:48px;tablet_portrait:46px;mobile_landscape:44px;mobile:42px;\",\"line-height\":\"desktop:50px;tablet:48px;tablet_portrait:46px;mobile_landscape:44px;mobile:42px;\"}'  style=\"font-weight:bold;color:#000000;\"><span style=\"color: #69b3e7;\">OKUL <\/span>TAR\u0130H\u00c7ES\u0130<\/div><div class=\"uvc-heading-spacer line_only\" style=\"margin-top:10px;height:3px;\"><span class=\"uvc-headings-line\" style=\"border-style:solid;border-bottom-width:3px;border-color:#000000;width:100px;\"><\/span><\/div><\/div><div class=\"ult-spacer spacer-69fa2d28066ae\" data-id=\"69fa2d28066ae\" data-height=\"24\" data-height-mobile=\"24\" data-height-tab=\"24\" data-height-tab-portrait=\"\" data-height-mobile-landscape=\"\" style=\"clear:both;display:block;\"><\/div>[\/vc_column][\/vc_row][vc_row padding_top=&#8221;30px&#8221; bg_type=&#8221;bg_color&#8221; bg_color_value=&#8221;#f5f5f5&#8243;][vc_column][vc_column_text]\u00d6zel ENKA Mesleki ve Teknik Anadolu Lisesi, Merhum \u015ear\u0131k Tara\u2019n\u0131n Kurucusu oldu\u011fu ENKA Spor ve E\u011fitim Vakf\u0131 taraf\u0131ndan 2008 y\u0131l\u0131nda kuruldu.2008-2009 e\u011fitim-\u00f6\u011fretim y\u0131l\u0131nda hizmet vermeye ba\u015flayan okulumuz ENKA\u2019n\u0131n \u00e7al\u0131\u015ft\u0131\u011f\u0131 her alanda g\u00f6zetti\u011fi\u00a0 kalite standartlar\u0131na uygun bir e\u011fitim vermeyi ama\u00e7lamaktad\u0131r. \u00d6\u011fretim programlar\u0131, teknik olanaklar ve yetkin e\u011fitim kadrosu bu amaca g\u00f6re \u015fekillendirilmi\u015ftir.[\/vc_column_text][\/vc_column][\/vc_row][vc_row padding_top=&#8221;30px&#8221; bg_type=&#8221;bg_color&#8221; bg_color_value=&#8221;#f5f5f5&#8243;][vc_column width=&#8221;1\/2&#8243;][vc_column_text]T\u00fcrkiye\u2019de bir ilk olan projemizde okul binam\u0131z, Makine\u00a0 \u0130htisas Organize Sanayi B\u00f6lgesinin taraf\u0131m\u0131za hibe etti\u011fi 30.750 metrekarelik bir arazi i\u00e7inde yer almaktad\u0131r. Kapal\u0131 alan\u0131 15.000 metrekare olan binada 27 derslik ,4 laboratuvar, Makine CNC, End\u00fcstriyel Otomasyon ve Kimya alanlar\u0131na ait toplam 15 at\u00f6lye,yemekhane,k\u00fct\u00fcphane, lego at\u00f6lyesi,bilim merkezi,resim ve m\u00fczik at\u00f6lyeleri ile kamp\u00fcs i\u00e7inde kapal\u0131 spor salonu, tenis kortu, \u00e7im saha, a\u00e7\u0131k basketbol sahas\u0131 ve okul seras\u0131 bulunmaktad\u0131r. Okul mekanlar\u0131, donan\u0131m\u0131 ve e\u011fitim program\u0131, yurt d\u0131\u015f\u0131nda (\u00d6zellikle Almanya\u2019da) e\u011fitim veren benzer kurumlar ile i\u015fbirli\u011fi i\u00e7erisinde geli\u015ftirilmi\u015ftir. Kurulmu\u015f olan bu kar\u015f\u0131l\u0131kl\u0131 ili\u015fki, e\u011fitim s\u00fcrecinde de s\u00fcrd\u00fcr\u00fclmektedir.[\/vc_column_text]<div class=\"ult-spacer spacer-69fa2d28066d5\" data-id=\"69fa2d28066d5\" data-height=\"24\" data-height-mobile=\"24\" data-height-tab=\"24\" data-height-tab-portrait=\"\" data-height-mobile-landscape=\"\" style=\"clear:both;display:block;\"><\/div>[\/vc_column][vc_column width=&#8221;1\/2&#8243;][vc_single_image image=&#8221;1852&#8243;][\/vc_column][\/vc_row][vc_row padding_top=&#8221;30px&#8221; bg_type=&#8221;bg_color&#8221; bg_color_value=&#8221;#f5f5f5&#8243;][vc_column][vc_column_text]2014-2015\u00a0 E\u011fitim-\u00d6\u011fretim y\u0131l\u0131nda \u00d6zel ENKA Fen ve Teknoloji Lisesi \u00fclkemiz ve t\u00fcm insanl\u0131k i\u00e7in \u00e7al\u0131\u015facak bilim insanlar\u0131 yeti\u015ftirmek amac\u0131yla ayn\u0131 kamp\u00fcs i\u00e7inde kurulmu\u015f ve 2019 Haziran ay\u0131nda ilk mezunlar\u0131n\u0131 vermi\u015ftir.[\/vc_column_text]<div class=\"ult-spacer spacer-69fa2d28066fa\" data-id=\"69fa2d28066fa\" data-height=\"24\" data-height-mobile=\"24\" data-height-tab=\"24\" data-height-tab-portrait=\"\" data-height-mobile-landscape=\"\" style=\"clear:both;display:block;\"><\/div>[\/vc_column][\/vc_row]<\/p>\n<\/div>","protected":false},"excerpt":{"rendered":"<p>[vc_row][vc_column][\/vc_column][\/vc_row][vc_row padding_top=&#8221;30px&#8221; bg_type=&#8221;bg_color&#8221; bg_color_value=&#8221;#f5f5f5&#8243;][vc_column][\/vc_column][\/vc_row][vc_row padding_top=&#8221;30px&#8221; bg_type=&#8221;bg_color&#8221; bg_color_value=&#8221;#f5f5f5&#8243;][vc_column][vc_column_text]\u00d6zel ENKA Mesleki ve Teknik Anadolu Lisesi, Merhum \u015ear\u0131k Tara\u2019n\u0131n Kurucusu oldu\u011fu ENKA Spor ve E\u011fitim Vakf\u0131 taraf\u0131ndan 2008 y\u0131l\u0131nda kuruldu.2008-2009 e\u011fitim-\u00f6\u011fretim y\u0131l\u0131nda hizmet vermeye ba\u015flayan okulumuz ENKA\u2019n\u0131n \u00e7al\u0131\u015ft\u0131\u011f\u0131 her alanda g\u00f6zetti\u011fi\u00a0 kalite standartlar\u0131na uygun bir e\u011fitim vermeyi ama\u00e7lamaktad\u0131r. \u00d6\u011fretim programlar\u0131, teknik olanaklar ve yetkin e\u011fitim kadrosu bu amaca g\u00f6re \u015fekillendirilmi\u015ftir.[\/vc_column_text][\/vc_column][\/vc_row][vc_row padding_top=&#8221;30px&#8221; bg_type=&#8221;bg_color&#8221; bg_color_value=&#8221;#f5f5f5&#8243;][vc_column width=&#8221;1\/2&#8243;][vc_column_text]T\u00fcrkiye\u2019de bir ilk olan projemizde&#8230;<\/p>\n","protected":false},"author":4,"featured_media":864,"parent":540,"menu_order":0,"comment_status":"closed","ping_status":"closed","template":"","meta":{"_acf_changed":false,"inline_featured_image":false,"footnotes":""},"class_list":["post-546","page","type-page","status-publish","has-post-thumbnail","hentry","custom-post-type-entry"],"aioseo_notices":[],"acf":[],"_links":{"self":[{"href":"https:\/\/www.enka.k12.tr\/kocaeli\/wp-json\/wp\/v2\/pages\/546","targetHints":{"allow":["GET"]}}],"collection":[{"href":"https:\/\/www.enka.k12.tr\/kocaeli\/wp-json\/wp\/v2\/pages"}],"about":[{"href":"https:\/\/www.enka.k12.tr\/kocaeli\/wp-json\/wp\/v2\/types\/page"}],"author":[{"embeddable":true,"href":"https:\/\/www.enka.k12.tr\/kocaeli\/wp-json\/wp\/v2\/users\/4"}],"replies":[{"embeddable":true,"href":"https:\/\/www.enka.k12.tr\/kocaeli\/wp-json\/wp\/v2\/comments?post=546"}],"version-history":[{"count":0,"href":"https:\/\/www.enka.k12.tr\/kocaeli\/wp-json\/wp\/v2\/pages\/546\/revisions"}],"up":[{"embeddable":true,"href":"https:\/\/www.enka.k12.tr\/kocaeli\/wp-json\/wp\/v2\/pages\/540"}],"wp:featuredmedia":[{"embeddable":true,"href":"https:\/\/www.enka.k12.tr\/kocaeli\/wp-json\/wp\/v2\/media\/864"}],"wp:attachment":[{"href":"https:\/\/www.enka.k12.tr\/kocaeli\/wp-json\/wp\/v2\/media?parent=546"}],"curies":[{"name":"wp","href":"https:\/\/api.w.org\/{rel}","templated":true}]}}