{"id":552,"date":"2017-07-26T07:55:53","date_gmt":"2017-07-26T07:55:53","guid":{"rendered":"http:\/\/www.enka.com\/foundation\/schools\/gebze\/service-standarts\/"},"modified":"2023-12-22T16:02:26","modified_gmt":"2023-12-22T13:02:26","slug":"hizmet-standartlarimiz","status":"publish","type":"page","link":"https:\/\/www.enka.k12.tr\/kocaeli\/hakkimizda\/hizmet-standartlarimiz\/","title":{"rendered":"H\u0130ZMET STANDARTLARIMIZ"},"content":{"rendered":"<div class=\"wpb-content-wrapper\"><p>[vc_row][vc_column]<div id=\"ultimate-heading-64766a0610577b60d\" class=\"uvc-heading ult-adjust-bottom-margin ultimate-heading-64766a0610577b60d uvc-7715 \" data-hspacer=\"line_with_icon\" data-hline_width=\"auto\" data-hicon_type=\"custom\" data-hborder_style=\"solid\" data-hborder_height=\"3\" data-hborder_color=\"#69b3e7\" data-icon_width=\"200\" data-hfixer=\"30\"  data-halign=\"center\" style=\"text-align:center\"><div class=\"uvc-heading-spacer line_with_icon\" style=\"top\"><div class=\"ult-just-icon-wrapper  \"><div class=\"align-icon\" style=\"text-align:center;\">\n<div class=\"aio-icon-img \" style=\"font-size:200px;display:inline-block;\" >\n\t<img decoding=\"async\" class=\"img-icon\" alt=\"null\" src=\"https:\/\/www.enka.k12.tr\/kocaeli\/wp-content\/uploads\/2023\/12\/enka_schools_log_new.jpg\"\/>\n<\/div><\/div><\/div><\/div><\/div><div class=\"ult-spacer spacer-6a0610577b66d\" data-id=\"6a0610577b66d\" data-height=\"30\" data-height-mobile=\"10\" data-height-tab=\"20\" data-height-tab-portrait=\"\" data-height-mobile-landscape=\"\" style=\"clear:both;display:block;\"><\/div>[\/vc_column][\/vc_row][vc_row padding_top=&#8221;30px&#8221; bg_type=&#8221;bg_color&#8221; bg_color_value=&#8221;#f5f5f5&#8243;][vc_column]<div id=\"ultimate-heading-96146a0610577b6e6\" class=\"uvc-heading ult-adjust-bottom-margin ultimate-heading-96146a0610577b6e6 uvc-4315 \" data-hspacer=\"line_only\"  data-halign=\"left\" style=\"text-align:left\"><div class=\"uvc-sub-heading ult-responsive\"  data-ultimate-target='.uvc-heading.ultimate-heading-96146a0610577b6e6 .uvc-sub-heading '  data-responsive-json-new='{\"font-size\":\"desktop:50px;tablet:48px;tablet_portrait:46px;mobile_landscape:44px;mobile:42px;\",\"line-height\":\"desktop:50px;tablet:48px;tablet_portrait:46px;mobile_landscape:44px;mobile:42px;\"}'  style=\"font-weight:bold;color:#000000;\">H\u0130ZMET <span style=\"color: #69b3e7;\">STANDARTLARIMIZ<\/span><\/div><div class=\"uvc-heading-spacer line_only\" style=\"margin-top:10px;height:3px;\"><span class=\"uvc-headings-line\" style=\"border-style:solid;border-bottom-width:3px;border-color:#69b3e7;width:100px;\"><\/span><\/div><\/div><div class=\"ult-spacer spacer-6a0610577b732\" data-id=\"6a0610577b732\" data-height=\"24\" data-height-mobile=\"24\" data-height-tab=\"24\" data-height-tab-portrait=\"\" data-height-mobile-landscape=\"\" style=\"clear:both;display:block;\"><\/div>[\/vc_column][\/vc_row][vc_row full_width=&#8221;stretch_row_content_no_spaces&#8221; gap=&#8221;30&#8243; padding_top=&#8221;10px&#8221; padding_bottom=&#8221;40px&#8221; padding_left=&#8221;10px&#8221; padding_right=&#8221;10px&#8221; bg_type=&#8221;bg_color&#8221; bg_color_value=&#8221;rgba(247,247,247,0.8)&#8221;][vc_column padding_right=&#8221;10px&#8221;]<div class=\"ult-spacer spacer-6a0610577b765\" data-id=\"6a0610577b765\" data-height=\"30\" data-height-mobile=\"10\" data-height-tab=\"20\" data-height-tab-portrait=\"\" data-height-mobile-landscape=\"\" style=\"clear:both;display:block;\"><\/div><div class=\"ult_pricing_table_wrap ult_info_table ult_design_4  ult-cs-blue  \">\n\t\t\t\t\t<div class=\"ult_pricing_table \" style=\" \"><div id=\"Info-table-wrap-5873\" class=\"ult_pricing_heading\">\n\t\t\t\t\t\t\t<h3 class=\"ult-responsive\"  data-ultimate-target='#Info-table-wrap-5873 h3'  data-responsive-json-new='{\"font-size\":\"\",\"line-height\":\"\"}'  style=\"font-weight:normal;\"><\/h3><\/div><!--ult_pricing_heading--><div id=\"info_table_features_wrap-2899\"  data-ultimate-target='#info_table_features_wrap-2899.ult_price_features'  data-responsive-json-new='{\"font-size\":\"\",\"line-height\":\"\"}'  class=\"ult-responsive ult_price_features\" style=\"font-weight:normal;\">\n\t\t\t\t\t\t\t<p style=\"text-align: center;\"><strong>KOCAEL\u0130 VAL\u0130L\u0130\u011e\u0130<br \/>\n<\/strong><strong>D\u0130LOVASI \u0130L\u00c7E M\u0130LL\u0130 E\u011e\u0130T\u0130M M\u00dcD\u00dcRL\u00dc\u011e\u00dc<\/strong><br \/>\n<strong>\u00d6ZEL ENKA TEKN\u0130K OKULLARI<\/strong><br \/>\n<strong>H\u0130ZMET STANDARTLARI<\/strong><\/p>\n<table class=\" aligncenter\">\n<tbody>\n<tr style=\"height: 96px;\">\n<td style=\"width: 41px; height: 96px;\"><strong>SIRA NO<\/strong><\/td>\n<td style=\"width: 351px; height: 96px;\"><strong>H\u0130ZMET ADI<\/strong><\/td>\n<td style=\"width: 348px; height: 96px;\"><strong>\u0130STENEN BELGELER<\/strong><\/td>\n<td style=\"width: 151px; height: 96px;\"><strong>H\u0130ZMET\u0130N TAMAMLANMA S\u00dcRES\u0130<\/strong><\/p>\n<p><strong>(EN GE\u00c7)<\/strong><\/td>\n<\/tr>\n<tr style=\"height: 2px;\">\n<td style=\"width: 41px; height: 2px;\"><strong>1<\/strong><\/p>\n<p>&nbsp;<\/td>\n<td style=\"width: 351px; height: 2px;\"><strong>Kay\u0131t Kabul<\/strong><br \/>\n<strong> \u00d6zel Orta\u00f6\u011fretim Okullar\u0131<\/strong><\/td>\n<td style=\"width: 348px; height: 2px;\">1- Diploma asl\u0131 veya tasdikname,<br \/>\n2- Alt\u0131 adet renkli vesikal\u0131k foto\u011fraf<\/td>\n<td style=\"width: 151px; height: 2px;\">1 G\u00dcN<\/td>\n<\/tr>\n<tr style=\"height: 96px;\">\n<td style=\"width: 41px; height: 96px;\"><strong>2<\/strong><\/td>\n<td style=\"width: 351px; height: 96px;\"><strong>Nakil ve Ge\u00e7i\u015fler<\/strong><br \/>\n<strong> \u00d6zel Orta\u00f6\u011fretim Okullar\u0131<\/strong><\/td>\n<td style=\"width: 348px; height: 96px;\">Veli Dilek\u00e7esi<\/td>\n<td style=\"width: 151px; height: 96px;\">1 G\u00dcN<\/td>\n<\/tr>\n<tr style=\"height: 120px;\">\n<td style=\"width: 41px; height: 120px;\"><strong>3<\/strong><\/td>\n<td style=\"width: 351px; height: 120px;\"><strong>Mezuniyet Belgesi<\/strong><br \/>\n<strong>\u00d6zel Orta\u00f6\u011fretim Okullar\u0131nda \u00d6\u011frenim Durum Belgesi Verilmesi<\/strong><\/td>\n<td style=\"width: 348px; height: 120px;\">Dilek\u00e7e<\/td>\n<td style=\"width: 151px; height: 120px;\">2 G\u00dcN<\/td>\n<\/tr>\n<tr style=\"height: 120px;\">\n<td style=\"width: 41px; height: 120px;\"><strong>4<\/strong><\/td>\n<td style=\"width: 351px; height: 120px;\"><strong>Mezuniyet Belgesi<\/strong><br \/>\n<strong>\u00d6zel Orta\u00f6\u011fretim Okullar\u0131nda \u00d6\u011frenci Belgesi Verilmesi<\/strong><\/td>\n<td style=\"width: 348px; height: 120px;\">S\u00f6zl\u00fc Talep<\/td>\n<td style=\"width: 151px; height: 120px;\">1 SAAT<\/td>\n<\/tr>\n<tr style=\"height: 120px;\">\n<td style=\"width: 41px; height: 120px;\"><strong>5<\/strong><\/td>\n<td style=\"width: 351px; height: 120px;\"><strong>Mezuniyet Belgesi<\/strong><br \/>\n<strong>\u00d6zel Orta\u00f6\u011fretim Okullar\u0131nda Tasdikname Verilmesi<\/strong><\/td>\n<td style=\"width: 348px; height: 120px;\">Dilek\u00e7e<\/td>\n<td style=\"width: 151px; height: 120px;\">3 G\u00dcN<\/td>\n<\/tr>\n<tr style=\"height: 120px;\">\n<td style=\"width: 41px; height: 120px;\"><strong>6<\/strong><\/td>\n<td style=\"width: 351px; height: 120px;\"><strong>Mezuniyet Belgesi<\/strong><br \/>\n<strong>\u00d6zel Orta\u00f6\u011fretim Okullar\u0131nda Ge\u00e7ici Mezuniyet Belgesi Verilmesi<\/strong><\/td>\n<td style=\"width: 348px; height: 120px;\">Dilek\u00e7e<\/td>\n<td style=\"width: 151px; height: 120px;\">1 G\u00dcN<\/td>\n<\/tr>\n<tr style=\"height: 120px;\">\n<td style=\"width: 41px; height: 120px;\"><strong>7<\/strong><\/td>\n<td style=\"width: 351px; height: 120px;\"><strong>Mezuniyet Belgesi<\/strong><br \/>\n<strong>\u00d6zel Orta\u00f6\u011fretim Okullar\u0131nda Diploma Verilmesi<\/strong><\/td>\n<td style=\"width: 348px; height: 120px;\">1- S\u00f6zl\u00fc ba\u015fvuru veya vekaletname<br \/>\n2- Diploman\u0131n iadeli taahh\u00fctl\u00fc g\u00f6nderilmesinin istenmesi halinde dilek\u00e7e<\/td>\n<td style=\"width: 151px; height: 120px;\">30 DAK\u0130KA<\/td>\n<\/tr>\n<tr style=\"height: 48px;\">\n<td style=\"width: 41px; height: 48px;\"><strong>8<\/strong><\/td>\n<td style=\"width: 351px; height: 48px;\"><strong>\u00d6zel Orta\u00f6\u011fretim Okullar\u0131nda \u00d6SYM Ad\u0131na Ba\u015fvuru Hizmetlerinin Al\u0131nmas\u0131<\/strong><\/td>\n<td style=\"width: 348px; height: 48px;\">Ba\u015fvuru K\u0131lavuz \u00fccreti<\/td>\n<td style=\"width: 151px; height: 48px;\">15 G\u00dcN<\/td>\n<\/tr>\n<tr style=\"height: 120px;\">\n<td style=\"width: 41px; height: 120px;\"><strong>9<\/strong><\/td>\n<td style=\"width: 351px; height: 120px;\"><strong>\u0130l \u00d6\u011frenci Disiplin Kurulu Karar\u0131<\/strong><br \/>\n<strong>\u0130tiraz<\/strong><\/td>\n<td style=\"width: 348px; height: 120px;\">Dilek\u00e7e<\/td>\n<td style=\"width: 151px; height: 120px;\">1 SAAT<\/td>\n<\/tr>\n<tr style=\"height: 120px;\">\n<td style=\"width: 41px; height: 120px;\"><strong>10<\/strong><\/td>\n<td style=\"width: 351px; height: 120px;\"><strong>\u0130l\u00e7e \u00d6\u011frenci Disiplin Kurulu Karar\u0131<br \/>\n\u0130tiraz<\/strong><\/td>\n<td style=\"width: 348px; height: 120px;\">Dilek\u00e7e<\/td>\n<td style=\"width: 151px; height: 120px;\">1 SAAT<\/td>\n<\/tr>\n<tr style=\"height: 96px;\">\n<td style=\"width: 41px; height: 96px;\"><strong>11<\/strong><\/td>\n<td style=\"width: 351px; height: 96px;\"><strong>Kay\u0131t Kabul<\/strong><br \/>\n<strong>\u00d6zel Orta\u00f6\u011fretim Okullar\u0131<\/strong><\/td>\n<td style=\"width: 348px; height: 96px;\">1- Diploma asl\u0131 veya tasdikname,<br \/>\n2- Alt\u0131 adet renkli vesikal\u0131k foto\u011fraf<\/td>\n<td style=\"width: 151px; height: 96px;\">1 G\u00dcN<\/td>\n<\/tr>\n<tr style=\"height: 96px;\">\n<td style=\"width: 41px; height: 96px;\"><strong>12<\/strong><\/td>\n<td style=\"width: 351px; height: 96px;\"><strong>Nakil ve Ge\u00e7i\u015fler<\/strong><br \/>\n<strong>\u00d6zel Orta\u00f6\u011fretim Okullar\u0131<\/strong><\/td>\n<td style=\"width: 348px; height: 96px;\">Veli Dilek\u00e7esi<\/td>\n<td style=\"width: 151px; height: 96px;\">1 G\u00dcN<\/td>\n<\/tr>\n<\/tbody>\n<\/table>\n\n\t\t\t\t\t\t<\/div><!--ult_price_features--><div class=\"ult_clr\"><\/div>\n\t\t\t<\/div><!--pricing_table-->\n\t\t<\/div><!--pricing_table_wrap-->[\/vc_column][\/vc_row]<\/p>\n<\/div>","protected":false},"excerpt":{"rendered":"<p>[vc_row][vc_column][\/vc_column][\/vc_row][vc_row padding_top=&#8221;30px&#8221; bg_type=&#8221;bg_color&#8221; bg_color_value=&#8221;#f5f5f5&#8243;][vc_column][\/vc_column][\/vc_row][vc_row full_width=&#8221;stretch_row_content_no_spaces&#8221; gap=&#8221;30&#8243; padding_top=&#8221;10px&#8221; padding_bottom=&#8221;40px&#8221; padding_left=&#8221;10px&#8221; padding_right=&#8221;10px&#8221; bg_type=&#8221;bg_color&#8221; bg_color_value=&#8221;rgba(247,247,247,0.8)&#8221;][vc_column padding_right=&#8221;10px&#8221;][\/vc_column][\/vc_row]<\/p>\n","protected":false},"author":4,"featured_media":1013,"parent":540,"menu_order":10,"comment_status":"closed","ping_status":"closed","template":"","meta":{"_acf_changed":false,"inline_featured_image":false,"footnotes":""},"class_list":["post-552","page","type-page","status-publish","has-post-thumbnail","hentry","custom-post-type-entry"],"aioseo_notices":[],"acf":[],"_links":{"self":[{"href":"https:\/\/www.enka.k12.tr\/kocaeli\/wp-json\/wp\/v2\/pages\/552","targetHints":{"allow":["GET"]}}],"collection":[{"href":"https:\/\/www.enka.k12.tr\/kocaeli\/wp-json\/wp\/v2\/pages"}],"about":[{"href":"https:\/\/www.enka.k12.tr\/kocaeli\/wp-json\/wp\/v2\/types\/page"}],"author":[{"embeddable":true,"href":"https:\/\/www.enka.k12.tr\/kocaeli\/wp-json\/wp\/v2\/users\/4"}],"replies":[{"embeddable":true,"href":"https:\/\/www.enka.k12.tr\/kocaeli\/wp-json\/wp\/v2\/comments?post=552"}],"version-history":[{"count":0,"href":"https:\/\/www.enka.k12.tr\/kocaeli\/wp-json\/wp\/v2\/pages\/552\/revisions"}],"up":[{"embeddable":true,"href":"https:\/\/www.enka.k12.tr\/kocaeli\/wp-json\/wp\/v2\/pages\/540"}],"wp:featuredmedia":[{"embeddable":true,"href":"https:\/\/www.enka.k12.tr\/kocaeli\/wp-json\/wp\/v2\/media\/1013"}],"wp:attachment":[{"href":"https:\/\/www.enka.k12.tr\/kocaeli\/wp-json\/wp\/v2\/media?parent=552"}],"curies":[{"name":"wp","href":"https:\/\/api.w.org\/{rel}","templated":true}]}}