{"id":570,"date":"2017-07-26T08:16:55","date_gmt":"2017-07-26T08:16:55","guid":{"rendered":"http:\/\/www.enka.com\/foundation\/schools\/gebze\/mathematics\/"},"modified":"2019-12-12T16:51:46","modified_gmt":"2019-12-12T13:51:46","slug":"matematik","status":"publish","type":"page","link":"https:\/\/www.enka.k12.tr\/kocaeli\/okullarimiz\/fen-ve-teknoloji-lisesi\/matematik\/","title":{"rendered":"MATEMAT\u0130K"},"content":{"rendered":"<div class=\"wpb-content-wrapper\"><p>[vc_row][vc_column]<div id=\"ultimate-heading-790369ea30e70f2b1\" class=\"uvc-heading ult-adjust-bottom-margin ultimate-heading-790369ea30e70f2b1 uvc-6956 \" data-hspacer=\"line_with_icon\" data-hline_width=\"auto\" data-hicon_type=\"custom\" data-hborder_style=\"solid\" data-hborder_height=\"3\" data-hborder_color=\"#69b3e7\" data-icon_width=\"200\" data-hfixer=\"30\"  data-halign=\"center\" style=\"text-align:center\"><div class=\"uvc-heading-spacer line_with_icon\" style=\"top\"><div class=\"ult-just-icon-wrapper  \"><div class=\"align-icon\" style=\"text-align:center;\">\n<div class=\"aio-icon-img \" style=\"font-size:200px;display:inline-block;\" >\n\t<img decoding=\"async\" class=\"img-icon\" alt=\"null\" src=\"https:\/\/www.enka.k12.tr\/istanbul\/wp-content\/uploads\/2017\/04\/ENKA_Okullari_Istanbul_Logo.svg\"\/>\n<\/div><\/div><\/div><\/div><\/div><div class=\"ult-spacer spacer-69ea30e70f30e\" data-id=\"69ea30e70f30e\" data-height=\"30\" data-height-mobile=\"10\" data-height-tab=\"20\" data-height-tab-portrait=\"\" data-height-mobile-landscape=\"\" style=\"clear:both;display:block;\"><\/div>[\/vc_column][\/vc_row][vc_row padding_top=&#8221;30px&#8221; bg_type=&#8221;bg_color&#8221; bg_color_value=&#8221;#f5f5f5&#8243;][vc_column]<div id=\"ultimate-heading-767569ea30e70f363\" class=\"uvc-heading ult-adjust-bottom-margin ultimate-heading-767569ea30e70f363 uvc-7130 \" data-hspacer=\"line_only\"  data-halign=\"left\" style=\"text-align:left\"><div class=\"uvc-sub-heading ult-responsive\"  data-ultimate-target='.uvc-heading.ultimate-heading-767569ea30e70f363 .uvc-sub-heading '  data-responsive-json-new='{\"font-size\":\"desktop:50px;tablet:48px;tablet_portrait:46px;mobile_landscape:44px;mobile:42px;\",\"line-height\":\"desktop:50px;tablet:48px;tablet_portrait:46px;mobile_landscape:44px;mobile:42px;\"}'  style=\"font-weight:bold;color:#000000;\">MATEMAT\u0130K<\/div><div class=\"uvc-heading-spacer line_only\" style=\"margin-top:10px;height:3px;\"><span class=\"uvc-headings-line\" style=\"border-style:solid;border-bottom-width:3px;border-color:#69b3e7;width:100px;\"><\/span><\/div><\/div>[\/vc_column][\/vc_row][vc_row padding_top=&#8221;30px&#8221; bg_type=&#8221;bg_color&#8221; bg_color_value=&#8221;#f5f5f5&#8243;][vc_column][vc_column_text]Bir d\u00fc\u015f\u00fcnce bi\u00e7imi ve evrensel bir dil olan matematik, g\u00fcn\u00fcm\u00fcz\u00fcn geli\u015fen d\u00fcnyas\u0131nda birey, toplum, bilim ve teknoloji i\u00e7in vazge\u00e7ilmez bir alan; yeni bilgilerin elde edilmesi, elde edilen bilgilerin de\u011ferlendirilmesi ve gelecek ku\u015faklara aktar\u0131lmas\u0131nda yer ve zamana ba\u011fl\u0131 olmayan g\u00fcvenilir bir ara\u00e7t\u0131r.<\/p>\n<p>D\u00fcnyan\u0131n geli\u015fimine matemati\u011fin sa\u011flayaca\u011f\u0131 katk\u0131 yads\u0131namaz bir ger\u00e7ektir. Bu ama\u00e7la b\u00f6l\u00fcm\u00fcm\u00fcz, okulumuz \u00f6\u011frencilerini;[\/vc_column_text][\/vc_column][\/vc_row][vc_row padding_top=&#8221;30px&#8221; bg_type=&#8221;bg_color&#8221; bg_color_value=&#8221;#f5f5f5&#8243;][vc_column width=&#8221;2\/3&#8243;][vc_column_text]<\/p>\n<ul>\n<li>Matemati\u011fi ke\u015ffedebilen ve matematik dilini do\u011fru bir bi\u00e7imde kullanabilen,<\/li>\n<li>\u0130htiya\u00e7 duyduklar\u0131 do\u011fru matematiksel kaynaklara ula\u015fabilen ve bu kaynaklardan verimli bir \u015fekilde faydalanabilen,<\/li>\n<li>Bireysel \u00e7al\u0131\u015fma al\u0131\u015fkanl\u0131\u011f\u0131n\u0131 kazanm\u0131\u015f, zaman y\u00f6netimine hakim,<\/li>\n<li>Analitik d\u00fc\u015f\u00fcnebilen,<\/li>\n<li>Ele\u015ftirel d\u00fc\u015f\u00fcnceye a\u00e7\u0131k, de\u011fi\u015fiklik ve yeniliklere uyum sa\u011flayabilen,<\/li>\n<li>\u00d6\u011frendiklerini g\u00fcnl\u00fck hayattaki problemlere uygulayabilen ve bu problemleri analiz edip \u00e7\u00f6z\u00fcmler \u00fcretebilen,<\/li>\n<li>\u015eekil, uzay, yer-y\u00f6n, perspektif vb. kavramlarla ilgili \u00f6\u011frendikleri temel bilgileri teknik alanlara aktarabilen,<\/li>\n<li>Kendi teknik alanlar\u0131nda matematiksel modeller olu\u015fturabilen\u00a0bireyler olarak mezun etmeyi hedeflemektedir.<\/li>\n<\/ul>\n<p>[\/vc_column_text][\/vc_column][vc_column width=&#8221;1\/3&#8243;][vc_single_image image=&#8221;2169&#8243; img_size=&#8221;full&#8221;][\/vc_column][\/vc_row][vc_row padding_top=&#8221;30px&#8221; bg_type=&#8221;bg_color&#8221; bg_color_value=&#8221;#f5f5f5&#8243;][vc_column][vc_column_text]Bunun i\u00e7in de\u011fi\u015fen e\u011fitim dinamikleri takip edilmekte ve derslerimize aktar\u0131lmaktad\u0131r.<\/p>\n<p>Okulumuzda bulunan teknolojik cihazlar\u0131 derslerimize adapte ederek, \u00f6\u011frencilerimizin web kaynakl\u0131 \u00e7izim programlar\u0131n\u0131 \u00f6\u011frenip ek materyal olarak kullanmalar\u0131n\u0131 sa\u011flamaktay\u0131z.<\/p>\n<p>B\u00f6l\u00fcm\u00fcm\u00fcz taraf\u0131ndan kurulmu\u015f Ak\u0131l Oyunlar\u0131 Kul\u00fcb\u00fc, Waterloo \u00dcniversitesi Matematik Yar\u0131\u015fmas\u0131 ve PurpleComet Matematik Yar\u0131\u015fmas\u0131na kat\u0131lmak isteyen 9. 10. ve 11. s\u0131n\u0131f \u00f6\u011frencilerimiz i\u00e7in ba\u015fvuru ve haz\u0131rl\u0131k \u00e7al\u0131\u015fmalar\u0131n\u0131 y\u00fcr\u00fctmektedir.<\/p>\n<p>Ayn\u0131 zamanda kul\u00fcp \u00f6\u011frencilerimiz gruplar halinde \u00e7e\u015fitli ak\u0131l oyunlar\u0131n\u0131 oynamakta ve kendileri de yeni oyunlar tasarlamaktad\u0131rlar.<\/p>\n<p>T\u00dcB\u0130TAK Matematik Olimpiyatlar\u0131 ve Akdeniz Matematik Olimpiyatlar\u0131 i\u00e7in sistemli bir \u00e7al\u0131\u015fma program\u0131 y\u00fcr\u00fctmekteyiz ve \u00f6\u011frencilerimizin bu s\u0131navlara kat\u0131l\u0131m\u0131n\u0131 sa\u011flamaktay\u0131z. Ayr\u0131ca \u00f6\u011frencilerimizin uluslararas\u0131 AMC ve AIME Matematik yar\u0131\u015fmalar\u0131na da kat\u0131l\u0131m\u0131n\u0131 sa\u011flamaktay\u0131z.<\/p>\n<p>11. ve 12.s\u0131n\u0131flara yap\u0131lan hafta sonu kurs \u00e7al\u0131\u015fmalar\u0131yla \u00f6\u011frencilerimizin matematik bilgisini test tekni\u011fiyle geli\u015ftirmelerine yard\u0131mc\u0131 olmaktay\u0131z. Bu sayede \u00f6\u011frencilerimiz TYT ve AYT s\u0131navlar\u0131nda \u00fcst\u00fcn ba\u015far\u0131 g\u00f6sterip, istedikleri \u00fcniversitelere yerle\u015fmektedirler.[\/vc_column_text]<div class=\"ult-spacer spacer-69ea30e70f3a1\" data-id=\"69ea30e70f3a1\" data-height=\"24\" data-height-mobile=\"24\" data-height-tab=\"24\" data-height-tab-portrait=\"\" data-height-mobile-landscape=\"\" style=\"clear:both;display:block;\"><\/div>[\/vc_column][\/vc_row]<\/p>\n<\/div>","protected":false},"excerpt":{"rendered":"<p>[vc_row][vc_column][\/vc_column][\/vc_row][vc_row padding_top=&#8221;30px&#8221; bg_type=&#8221;bg_color&#8221; bg_color_value=&#8221;#f5f5f5&#8243;][vc_column][\/vc_column][\/vc_row][vc_row padding_top=&#8221;30px&#8221; bg_type=&#8221;bg_color&#8221; bg_color_value=&#8221;#f5f5f5&#8243;][vc_column][vc_column_text]Bir d\u00fc\u015f\u00fcnce bi\u00e7imi ve evrensel bir dil olan matematik, g\u00fcn\u00fcm\u00fcz\u00fcn geli\u015fen d\u00fcnyas\u0131nda birey, toplum, bilim ve teknoloji i\u00e7in vazge\u00e7ilmez bir alan; yeni bilgilerin elde edilmesi, elde edilen bilgilerin de\u011ferlendirilmesi ve gelecek ku\u015faklara aktar\u0131lmas\u0131nda yer ve zamana ba\u011fl\u0131 olmayan g\u00fcvenilir bir ara\u00e7t\u0131r. D\u00fcnyan\u0131n geli\u015fimine matemati\u011fin sa\u011flayaca\u011f\u0131 katk\u0131 yads\u0131namaz bir ger\u00e7ektir. Bu ama\u00e7la b\u00f6l\u00fcm\u00fcm\u00fcz, okulumuz \u00f6\u011frencilerini;[\/vc_column_text][\/vc_column][\/vc_row][vc_row padding_top=&#8221;30px&#8221; bg_type=&#8221;bg_color&#8221; bg_color_value=&#8221;#f5f5f5&#8243;][vc_column width=&#8221;2\/3&#8243;][vc_column_text] Matemati\u011fi&#8230;<\/p>\n","protected":false},"author":4,"featured_media":882,"parent":560,"menu_order":0,"comment_status":"closed","ping_status":"closed","template":"","meta":{"_acf_changed":false,"inline_featured_image":false,"footnotes":""},"class_list":["post-570","page","type-page","status-publish","has-post-thumbnail","hentry","custom-post-type-entry"],"aioseo_notices":[],"acf":[],"_links":{"self":[{"href":"https:\/\/www.enka.k12.tr\/kocaeli\/wp-json\/wp\/v2\/pages\/570","targetHints":{"allow":["GET"]}}],"collection":[{"href":"https:\/\/www.enka.k12.tr\/kocaeli\/wp-json\/wp\/v2\/pages"}],"about":[{"href":"https:\/\/www.enka.k12.tr\/kocaeli\/wp-json\/wp\/v2\/types\/page"}],"author":[{"embeddable":true,"href":"https:\/\/www.enka.k12.tr\/kocaeli\/wp-json\/wp\/v2\/users\/4"}],"replies":[{"embeddable":true,"href":"https:\/\/www.enka.k12.tr\/kocaeli\/wp-json\/wp\/v2\/comments?post=570"}],"version-history":[{"count":1,"href":"https:\/\/www.enka.k12.tr\/kocaeli\/wp-json\/wp\/v2\/pages\/570\/revisions"}],"predecessor-version":[{"id":26784,"href":"https:\/\/www.enka.k12.tr\/kocaeli\/wp-json\/wp\/v2\/pages\/570\/revisions\/26784"}],"up":[{"embeddable":true,"href":"https:\/\/www.enka.k12.tr\/kocaeli\/wp-json\/wp\/v2\/pages\/560"}],"wp:featuredmedia":[{"embeddable":true,"href":"https:\/\/www.enka.k12.tr\/kocaeli\/wp-json\/wp\/v2\/media\/882"}],"wp:attachment":[{"href":"https:\/\/www.enka.k12.tr\/kocaeli\/wp-json\/wp\/v2\/media?parent=570"}],"curies":[{"name":"wp","href":"https:\/\/api.w.org\/{rel}","templated":true}]}}