{"id":571,"date":"2017-07-26T08:17:18","date_gmt":"2017-07-26T08:17:18","guid":{"rendered":"http:\/\/www.enka.com\/foundation\/schools\/gebze\/physical-education\/"},"modified":"2019-12-13T18:11:59","modified_gmt":"2019-12-13T15:11:59","slug":"beden-egitimi","status":"publish","type":"page","link":"https:\/\/www.enka.k12.tr\/kocaeli\/okullarimiz\/fen-ve-teknoloji-lisesi\/beden-egitimi\/","title":{"rendered":"BEDEN E\u011e\u0130T\u0130M\u0130"},"content":{"rendered":"<div class=\"wpb-content-wrapper\"><p>[vc_row][vc_column]<div id=\"ultimate-heading-958769e1b696d1322\" class=\"uvc-heading ult-adjust-bottom-margin ultimate-heading-958769e1b696d1322 uvc-7035 \" data-hspacer=\"line_with_icon\" data-hline_width=\"auto\" data-hicon_type=\"custom\" data-hborder_style=\"solid\" data-hborder_height=\"3\" data-hborder_color=\"#69b3e7\" data-icon_width=\"200\" data-hfixer=\"30\"  data-halign=\"center\" style=\"text-align:center\"><div class=\"uvc-heading-spacer line_with_icon\" style=\"top\"><div class=\"ult-just-icon-wrapper  \"><div class=\"align-icon\" style=\"text-align:center;\">\n<div class=\"aio-icon-img \" style=\"font-size:200px;display:inline-block;\" >\n\t<img decoding=\"async\" class=\"img-icon\" alt=\"null\" src=\"https:\/\/www.enka.k12.tr\/istanbul\/wp-content\/uploads\/2017\/04\/ENKA_Okullari_Istanbul_Logo.svg\"\/>\n<\/div><\/div><\/div><\/div><\/div><div class=\"ult-spacer spacer-69e1b696d1386\" data-id=\"69e1b696d1386\" data-height=\"30\" data-height-mobile=\"10\" data-height-tab=\"20\" data-height-tab-portrait=\"\" data-height-mobile-landscape=\"\" style=\"clear:both;display:block;\"><\/div>[\/vc_column][\/vc_row][vc_row padding_top=&#8221;30px&#8221; bg_type=&#8221;bg_color&#8221; bg_color_value=&#8221;#f5f5f5&#8243;][vc_column]<div id=\"ultimate-heading-934869e1b696d13db\" class=\"uvc-heading ult-adjust-bottom-margin ultimate-heading-934869e1b696d13db uvc-5758 \" data-hspacer=\"line_only\"  data-halign=\"left\" style=\"text-align:left\"><div class=\"uvc-sub-heading ult-responsive\"  data-ultimate-target='.uvc-heading.ultimate-heading-934869e1b696d13db .uvc-sub-heading '  data-responsive-json-new='{\"font-size\":\"desktop:50px;tablet:48px;tablet_portrait:46px;mobile_landscape:44px;mobile:42px;\",\"line-height\":\"desktop:50px;tablet:48px;tablet_portrait:46px;mobile_landscape:44px;mobile:42px;\"}'  style=\"font-weight:bold;color:#000000;\"><span style=\"color: #69b3e7;\">BEDEN<\/span>\u00a0E\u011e\u0130T\u0130M\u0130<\/div><div class=\"uvc-heading-spacer line_only\" style=\"margin-top:10px;height:3px;\"><span class=\"uvc-headings-line\" style=\"border-style:solid;border-bottom-width:3px;border-color:#000000;width:100px;\"><\/span><\/div><\/div><div class=\"ult-spacer spacer-69e1b696d1419\" data-id=\"69e1b696d1419\" data-height=\"24\" data-height-mobile=\"24\" data-height-tab=\"24\" data-height-tab-portrait=\"\" data-height-mobile-landscape=\"\" style=\"clear:both;display:block;\"><\/div>[\/vc_column][\/vc_row][vc_row padding_top=&#8221;30px&#8221; bg_type=&#8221;bg_color&#8221; bg_color_value=&#8221;#f5f5f5&#8243;][vc_column][vc_column_text]Spor, gen\u00e7lerin fiziksel ve sosyal y\u00f6nden geli\u015fimlerini sa\u011flaman\u0131n yan\u0131 s\u0131ra kendine olan \u00f6zg\u00fcvenini art\u0131ran, ki\u015filik geli\u015fimini destekleyen bedensel ve zihinsel faaliyetler b\u00fct\u00fcn\u00fcd\u00fcr.<\/p>\n<p>Amac\u0131m\u0131z, sporun sa\u011fl\u0131\u011fa yararlar\u0131n\u0131 kavrat\u0131p \u00f6\u011frencilerin sportif faaliyetler yapmas\u0131n\u0131 sa\u011flamak,\u00a0 \u201cYa\u015fam Boyu Spor\u201d ilkesiyle kendi ya\u015fant\u0131lar\u0131n\u0131 de\u011ferlendirmelerinde rehberlik etmektir.[\/vc_column_text][\/vc_column][\/vc_row][vc_row padding_top=&#8221;30px&#8221; bg_type=&#8221;bg_color&#8221; bg_color_value=&#8221;#f5f5f5&#8243;][vc_column width=&#8221;1\/2&#8243;][vc_column_text]Beden E\u011fitimi derslerinde \u00f6\u011frencilerimiz:<\/p>\n<ul>\n<li>Ki\u015fisel bak\u0131m ve temizli\u011fini yapmay\u0131 al\u0131\u015fkanl\u0131k haline getirir<\/li>\n<li>Sporda erdemlilik kavram\u0131n\u0131 benimser<\/li>\n<li>Spor yapmay\u0131 ya\u015fam bi\u00e7imi haline getirir<\/li>\n<li>Atat\u00fcrk\u2019\u00fcn spora ve sporcuya verdi\u011fi \u00f6nemi bilir<\/li>\n<li>Fair- play kavram\u0131na \u00f6rnek davran\u0131\u015flar sergiler<\/li>\n<li>Ritmin \u00f6nemini kavrar<\/li>\n<li>Sa\u011fl\u0131kl\u0131 ya\u015fam i\u00e7in d\u00fczenli fiziksel etkinlikler yapman\u0131n \u00f6nemini fark eder<\/li>\n<li>Se\u00e7ili spor dal\u0131na \u00f6zg\u00fc hareket hareket kal\u0131plar\u0131n\u0131 ritim-m\u00fczik e\u015fli\u011finde uygular<\/li>\n<li>Spor etkinliklerine kat\u0131larak rekabet ve i\u015f birli\u011fine uygun tutum ve davran\u0131\u015flar sergiler<\/li>\n<li>Spor dal\u0131na \u00f6zg\u00fc etkinliklerde kendisi ve \u00e7evresi ile ilgili g\u00fcvenlik ilkelerini uygular<\/li>\n<li>Spor etkinliklerinde ara\u00e7lar\u0131 amac\u0131na uygun ve do\u011fru kullan\u0131r<\/li>\n<li>Oyun ve drama yoluyla kendini ifade etmenin \u00f6nemini kavrar<\/li>\n<li>Fiziksel etkinlikler yaparak becerilerini koordineli olarak sergiler<\/li>\n<li>Spor s\u0131ras\u0131nda arkada\u015fl\u0131k ili\u015fkileri g\u00fc\u00e7lenir<\/li>\n<li>Spor organizasyonlar\u0131na kat\u0131l\u0131r<\/li>\n<li>Spor etkinliklerinde kendine g\u00fcven duygusunu geli\u015ftirir<\/li>\n<li>Bireysel ve e\u015fli m\u00fccadele becerilerini sergiler<\/li>\n<li style=\"text-align: justify;\">Genel \u0131s\u0131nman\u0131n ve so\u011fuman\u0131n gereklili\u011fini bilir.<\/li>\n<\/ul>\n<p>[\/vc_column_text][\/vc_column][vc_column width=&#8221;1\/2&#8243;][vc_single_image image=&#8221;3100&#8243; img_size=&#8221;full&#8221;]<div class=\"ult-spacer spacer-69e1b696d1441\" data-id=\"69e1b696d1441\" data-height=\"24\" data-height-mobile=\"24\" data-height-tab=\"24\" data-height-tab-portrait=\"\" data-height-mobile-landscape=\"\" style=\"clear:both;display:block;\"><\/div>[\/vc_column][\/vc_row]<\/p>\n<\/div>","protected":false},"excerpt":{"rendered":"<p>[vc_row][vc_column][\/vc_column][\/vc_row][vc_row padding_top=&#8221;30px&#8221; bg_type=&#8221;bg_color&#8221; bg_color_value=&#8221;#f5f5f5&#8243;][vc_column][\/vc_column][\/vc_row][vc_row padding_top=&#8221;30px&#8221; bg_type=&#8221;bg_color&#8221; bg_color_value=&#8221;#f5f5f5&#8243;][vc_column][vc_column_text]Spor, gen\u00e7lerin fiziksel ve sosyal y\u00f6nden geli\u015fimlerini sa\u011flaman\u0131n yan\u0131 s\u0131ra kendine olan \u00f6zg\u00fcvenini art\u0131ran, ki\u015filik geli\u015fimini destekleyen bedensel ve zihinsel faaliyetler b\u00fct\u00fcn\u00fcd\u00fcr. Amac\u0131m\u0131z, sporun sa\u011fl\u0131\u011fa yararlar\u0131n\u0131 kavrat\u0131p \u00f6\u011frencilerin sportif faaliyetler yapmas\u0131n\u0131 sa\u011flamak,\u00a0 \u201cYa\u015fam Boyu Spor\u201d ilkesiyle kendi ya\u015fant\u0131lar\u0131n\u0131 de\u011ferlendirmelerinde rehberlik etmektir.[\/vc_column_text][\/vc_column][\/vc_row][vc_row padding_top=&#8221;30px&#8221; bg_type=&#8221;bg_color&#8221; bg_color_value=&#8221;#f5f5f5&#8243;][vc_column width=&#8221;1\/2&#8243;][vc_column_text]Beden E\u011fitimi derslerinde \u00f6\u011frencilerimiz: Ki\u015fisel bak\u0131m ve temizli\u011fini yapmay\u0131 al\u0131\u015fkanl\u0131k haline getirir Sporda erdemlilik kavram\u0131n\u0131&#8230;<\/p>\n","protected":false},"author":4,"featured_media":914,"parent":560,"menu_order":0,"comment_status":"closed","ping_status":"closed","template":"","meta":{"_acf_changed":false,"inline_featured_image":false,"footnotes":""},"class_list":["post-571","page","type-page","status-publish","has-post-thumbnail","hentry","custom-post-type-entry"],"aioseo_notices":[],"acf":[],"_links":{"self":[{"href":"https:\/\/www.enka.k12.tr\/kocaeli\/wp-json\/wp\/v2\/pages\/571","targetHints":{"allow":["GET"]}}],"collection":[{"href":"https:\/\/www.enka.k12.tr\/kocaeli\/wp-json\/wp\/v2\/pages"}],"about":[{"href":"https:\/\/www.enka.k12.tr\/kocaeli\/wp-json\/wp\/v2\/types\/page"}],"author":[{"embeddable":true,"href":"https:\/\/www.enka.k12.tr\/kocaeli\/wp-json\/wp\/v2\/users\/4"}],"replies":[{"embeddable":true,"href":"https:\/\/www.enka.k12.tr\/kocaeli\/wp-json\/wp\/v2\/comments?post=571"}],"version-history":[{"count":0,"href":"https:\/\/www.enka.k12.tr\/kocaeli\/wp-json\/wp\/v2\/pages\/571\/revisions"}],"up":[{"embeddable":true,"href":"https:\/\/www.enka.k12.tr\/kocaeli\/wp-json\/wp\/v2\/pages\/560"}],"wp:featuredmedia":[{"embeddable":true,"href":"https:\/\/www.enka.k12.tr\/kocaeli\/wp-json\/wp\/v2\/media\/914"}],"wp:attachment":[{"href":"https:\/\/www.enka.k12.tr\/kocaeli\/wp-json\/wp\/v2\/media?parent=571"}],"curies":[{"name":"wp","href":"https:\/\/api.w.org\/{rel}","templated":true}]}}